{"id":111297,"date":"2026-03-02T12:11:58","date_gmt":"2026-03-02T11:11:58","guid":{"rendered":"https:\/\/letrame.com\/catalogo\/?post_type=product&#038;p=111297"},"modified":"2026-03-02T12:11:59","modified_gmt":"2026-03-02T11:11:59","slug":"el-efecto-s-o-r-f","status":"publish","type":"product","link":"https:\/\/letrame.com\/catalogo\/producto\/el-efecto-s-o-r-f\/","title":{"rendered":"El efecto S.O.R.F."},"content":{"rendered":"<p class=\"p1\"><b>ISBN: 9791370291952<\/b><b><\/b><\/p>\n<p class=\"p1\"><b>T\u00edtulo: El efecto S.O.R.F.<\/b><br \/>\n<b>Fecha: 2025<\/b><br \/>\n<b>P\u00e1ginas: 238<\/b><b><\/b><\/p>\n<p class=\"p1\"><b>SINOPSIS<\/b><\/p>\n<p class=\"p1\">Liderar no es mandar. Es sostener, acompa\u00f1ar, dar rumbo en medio de la incertidumbre y, sobre todo, inspirar desde lo humano. En un mundo acelerado, saturado de ruido y de modelos de gesti\u00f3n que con frecuencia olvidan la esencia de las personas, necesitamos volver a lo b\u00e1sico: confiar, esperar, creer y transformar.<\/p>\n<p class=\"p1\">David Gonz\u00e1lez Su\u00e1rez propone un liderazgo cimentado en cuatro pilares tan simples como poderosos: Seguridad, Optimismo, Resiliencia y Flexibilidad. A trav\u00e9s de relatos hist\u00f3ricos, reflexiones profundas y claves pr\u00e1cticas, descubrir\u00e1s que el verdadero liderazgo no se mide en jerarqu\u00edas ni en discursos, sino en la capacidad de servir, escuchar, delegar, comunicar con prop\u00f3sito y mantener la disciplina incluso en la tormenta,<\/p>\n<p class=\"p1\">El Efecto S.O.R.F. es m\u00e1s que un libro, es una gu\u00eda para quienes desean liderar con conciencia y coraz\u00f3n, y una invitaci\u00f3n a transformar primero nuestra manera de estar en el mundo para, desde ah\u00ed, inspirar, acompa\u00f1ar y potencian a otros.<\/p>\n","protected":false},"excerpt":{"rendered":"<p class=\"p1\"><b>ISBN: 9791370291952<\/b><b><\/b><\/p>\n<p class=\"p1\"><b>SINOPSIS<\/b><\/p>\n<p class=\"p1\">Liderar no es mandar. Es sostener, acompa\u00f1ar, dar rumbo en medio de la incertidumbre y, sobre todo, inspirar desde lo humano. En un mundo acelerado, saturado de ruido y de modelos de gesti\u00f3n que con frecuencia olvidan la esencia de las personas, necesitamos volver a lo b\u00e1sico: confiar, esperar, creer y transformar.<\/p>\n<p class=\"p1\">David Gonz\u00e1lez Su\u00e1rez propone un liderazgo cimentado en cuatro pilares tan simples como poderosos: Seguridad, Optimismo, Resiliencia y Flexibilidad. A trav\u00e9s de relatos hist\u00f3ricos, reflexiones profundas y claves pr\u00e1cticas, descubrir\u00e1s que el verdadero liderazgo no se mide en jerarqu\u00edas ni en discursos, sino en la capacidad de servir, escuchar, delegar, comunicar con prop\u00f3sito y mantener la disciplina incluso en la tormenta,<\/p>\n<p class=\"p1\">El Efecto S.O.R.F. es m\u00e1s que un libro, es una gu\u00eda para quienes desean liderar con conciencia y coraz\u00f3n, y una invitaci\u00f3n a transformar primero nuestra manera de estar en el mundo para, desde ah\u00ed, inspirar, acompa\u00f1ar y potencian a otros.<\/p>\n","protected":false},"featured_media":111301,"comment_status":"open","ping_status":"closed","template":"","meta":{"_acf_changed":false},"libro":[],"product_brand":[],"product_cat":[30],"product_tag":[],"class_list":{"0":"post-111297","1":"product","2":"type-product","3":"status-publish","4":"has-post-thumbnail","6":"product_cat-desarrollo-personal-y-autoconocimiento","8":"first","9":"instock","10":"shipping-taxable","11":"product-type-simple"},"acf":{"autor":[111298],"enlace_de_compra":"https:\/\/amzn.to\/4aIBmi6"},"yoast_head":"<!-- This site is optimized with the Yoast SEO plugin v27.4 - https:\/\/yoast.com\/product\/yoast-seo-wordpress\/ -->\n<title>El efecto S.O.R.F. - Catalogo | Letrame Grupo Editorial<\/title>\n<meta name=\"robots\" content=\"index, follow, max-snippet:-1, max-image-preview:large, max-video-preview:-1\" \/>\n<link rel=\"canonical\" href=\"https:\/\/letrame.com\/catalogo\/producto\/el-efecto-s-o-r-f\/\" \/>\n<meta property=\"og:locale\" content=\"es_ES\" \/>\n<meta property=\"og:type\" content=\"article\" \/>\n<meta property=\"og:title\" content=\"El efecto S.O.R.F. - Catalogo | Letrame Grupo Editorial\" \/>\n<meta property=\"og:description\" content=\"ISBN: 9791370291952 SINOPSIS Liderar no es mandar. Es sostener, acompa\u00f1ar, dar rumbo en medio de la incertidumbre y, sobre todo, inspirar desde lo humano. En un mundo acelerado, saturado de ruido y de modelos de gesti\u00f3n que con frecuencia olvidan la esencia de las personas, necesitamos volver a lo b\u00e1sico: confiar, esperar, creer y transformar. David Gonz\u00e1lez Su\u00e1rez propone un liderazgo cimentado en cuatro pilares tan simples como poderosos: Seguridad, Optimismo, Resiliencia y Flexibilidad. A trav\u00e9s de relatos hist\u00f3ricos, reflexiones profundas y claves pr\u00e1cticas, descubrir\u00e1s que el verdadero liderazgo no se mide en jerarqu\u00edas ni en discursos, sino en la capacidad de servir, escuchar, delegar, comunicar con prop\u00f3sito y mantener la disciplina incluso en la tormenta, El Efecto S.O.R.F. es m\u00e1s que un libro, es una gu\u00eda para quienes desean liderar con conciencia y coraz\u00f3n, y una invitaci\u00f3n a transformar primero nuestra manera de estar en el mundo para, desde ah\u00ed, inspirar, acompa\u00f1ar y potencian a otros.\" \/>\n<meta property=\"og:url\" content=\"https:\/\/letrame.com\/catalogo\/producto\/el-efecto-s-o-r-f\/\" \/>\n<meta property=\"og:site_name\" content=\"Catalogo | Letrame Grupo Editorial\" \/>\n<meta property=\"article:modified_time\" content=\"2026-03-02T11:11:59+00:00\" \/>\n<meta property=\"og:image\" content=\"https:\/\/letrame.com\/catalogo\/wp-content\/uploads\/2026\/03\/portadacatalogo-7-scaled.jpg\" \/>\n\t<meta property=\"og:image:width\" content=\"1745\" \/>\n\t<meta property=\"og:image:height\" content=\"2560\" \/>\n\t<meta property=\"og:image:type\" content=\"image\/jpeg\" \/>\n<meta name=\"twitter:card\" content=\"summary_large_image\" \/>\n<meta name=\"twitter:label1\" content=\"Tiempo de lectura\" \/>\n\t<meta name=\"twitter:data1\" content=\"1 minuto\" \/>\n<script type=\"application\/ld+json\" class=\"yoast-schema-graph\">{\"@context\":\"https:\\\/\\\/schema.org\",\"@graph\":[{\"@type\":\"WebPage\",\"@id\":\"https:\\\/\\\/letrame.com\\\/catalogo\\\/producto\\\/el-efecto-s-o-r-f\\\/\",\"url\":\"https:\\\/\\\/letrame.com\\\/catalogo\\\/producto\\\/el-efecto-s-o-r-f\\\/\",\"name\":\"El efecto S.O.R.F. - Catalogo | Letrame Grupo Editorial\",\"isPartOf\":{\"@id\":\"https:\\\/\\\/letrame.com\\\/catalogo\\\/#website\"},\"primaryImageOfPage\":{\"@id\":\"https:\\\/\\\/letrame.com\\\/catalogo\\\/producto\\\/el-efecto-s-o-r-f\\\/#primaryimage\"},\"image\":{\"@id\":\"https:\\\/\\\/letrame.com\\\/catalogo\\\/producto\\\/el-efecto-s-o-r-f\\\/#primaryimage\"},\"thumbnailUrl\":\"https:\\\/\\\/letrame.com\\\/catalogo\\\/wp-content\\\/uploads\\\/2026\\\/03\\\/portadacatalogo-7-scaled.jpg\",\"datePublished\":\"2026-03-02T11:11:58+00:00\",\"dateModified\":\"2026-03-02T11:11:59+00:00\",\"breadcrumb\":{\"@id\":\"https:\\\/\\\/letrame.com\\\/catalogo\\\/producto\\\/el-efecto-s-o-r-f\\\/#breadcrumb\"},\"inLanguage\":\"es\",\"potentialAction\":[{\"@type\":\"ReadAction\",\"target\":[\"https:\\\/\\\/letrame.com\\\/catalogo\\\/producto\\\/el-efecto-s-o-r-f\\\/\"]}]},{\"@type\":\"ImageObject\",\"inLanguage\":\"es\",\"@id\":\"https:\\\/\\\/letrame.com\\\/catalogo\\\/producto\\\/el-efecto-s-o-r-f\\\/#primaryimage\",\"url\":\"https:\\\/\\\/letrame.com\\\/catalogo\\\/wp-content\\\/uploads\\\/2026\\\/03\\\/portadacatalogo-7-scaled.jpg\",\"contentUrl\":\"https:\\\/\\\/letrame.com\\\/catalogo\\\/wp-content\\\/uploads\\\/2026\\\/03\\\/portadacatalogo-7-scaled.jpg\",\"width\":1745,\"height\":2560},{\"@type\":\"BreadcrumbList\",\"@id\":\"https:\\\/\\\/letrame.com\\\/catalogo\\\/producto\\\/el-efecto-s-o-r-f\\\/#breadcrumb\",\"itemListElement\":[{\"@type\":\"ListItem\",\"position\":1,\"name\":\"Portada\",\"item\":\"https:\\\/\\\/letrame.com\\\/catalogo\\\/\"},{\"@type\":\"ListItem\",\"position\":2,\"name\":\"Cat\u00e1logo\",\"item\":\"https:\\\/\\\/letrame.com\\\/catalogo\\\/\"},{\"@type\":\"ListItem\",\"position\":3,\"name\":\"El efecto S.O.R.F.\"}]},{\"@type\":\"WebSite\",\"@id\":\"https:\\\/\\\/letrame.com\\\/catalogo\\\/#website\",\"url\":\"https:\\\/\\\/letrame.com\\\/catalogo\\\/\",\"name\":\"Catalogo | Letrame Grupo Editorial\",\"description\":\"\",\"publisher\":{\"@id\":\"https:\\\/\\\/letrame.com\\\/catalogo\\\/#organization\"},\"potentialAction\":[{\"@type\":\"SearchAction\",\"target\":{\"@type\":\"EntryPoint\",\"urlTemplate\":\"https:\\\/\\\/letrame.com\\\/catalogo\\\/?s={search_term_string}\"},\"query-input\":{\"@type\":\"PropertyValueSpecification\",\"valueRequired\":true,\"valueName\":\"search_term_string\"}}],\"inLanguage\":\"es\"},{\"@type\":\"Organization\",\"@id\":\"https:\\\/\\\/letrame.com\\\/catalogo\\\/#organization\",\"name\":\"Catalogo | Letrame Grupo Editorial\",\"url\":\"https:\\\/\\\/letrame.com\\\/catalogo\\\/\",\"logo\":{\"@type\":\"ImageObject\",\"inLanguage\":\"es\",\"@id\":\"https:\\\/\\\/letrame.com\\\/catalogo\\\/#\\\/schema\\\/logo\\\/image\\\/\",\"url\":\"https:\\\/\\\/letrame.com\\\/catalogo\\\/wp-content\\\/uploads\\\/2024\\\/03\\\/logo2.webp\",\"contentUrl\":\"https:\\\/\\\/letrame.com\\\/catalogo\\\/wp-content\\\/uploads\\\/2024\\\/03\\\/logo2.webp\",\"width\":394,\"height\":128,\"caption\":\"Catalogo | Letrame Grupo Editorial\"},\"image\":{\"@id\":\"https:\\\/\\\/letrame.com\\\/catalogo\\\/#\\\/schema\\\/logo\\\/image\\\/\"}}]}<\/script>\n<!-- \/ Yoast SEO plugin. -->","yoast_head_json":{"title":"El efecto S.O.R.F. - Catalogo | Letrame Grupo Editorial","robots":{"index":"index","follow":"follow","max-snippet":"max-snippet:-1","max-image-preview":"max-image-preview:large","max-video-preview":"max-video-preview:-1"},"canonical":"https:\/\/letrame.com\/catalogo\/producto\/el-efecto-s-o-r-f\/","og_locale":"es_ES","og_type":"article","og_title":"El efecto S.O.R.F. - Catalogo | Letrame Grupo Editorial","og_description":"ISBN: 9791370291952 SINOPSIS Liderar no es mandar. Es sostener, acompa\u00f1ar, dar rumbo en medio de la incertidumbre y, sobre todo, inspirar desde lo humano. En un mundo acelerado, saturado de ruido y de modelos de gesti\u00f3n que con frecuencia olvidan la esencia de las personas, necesitamos volver a lo b\u00e1sico: confiar, esperar, creer y transformar. David Gonz\u00e1lez Su\u00e1rez propone un liderazgo cimentado en cuatro pilares tan simples como poderosos: Seguridad, Optimismo, Resiliencia y Flexibilidad. A trav\u00e9s de relatos hist\u00f3ricos, reflexiones profundas y claves pr\u00e1cticas, descubrir\u00e1s que el verdadero liderazgo no se mide en jerarqu\u00edas ni en discursos, sino en la capacidad de servir, escuchar, delegar, comunicar con prop\u00f3sito y mantener la disciplina incluso en la tormenta, El Efecto S.O.R.F. es m\u00e1s que un libro, es una gu\u00eda para quienes desean liderar con conciencia y coraz\u00f3n, y una invitaci\u00f3n a transformar primero nuestra manera de estar en el mundo para, desde ah\u00ed, inspirar, acompa\u00f1ar y potencian a otros.","og_url":"https:\/\/letrame.com\/catalogo\/producto\/el-efecto-s-o-r-f\/","og_site_name":"Catalogo | Letrame Grupo Editorial","article_modified_time":"2026-03-02T11:11:59+00:00","og_image":[{"width":1745,"height":2560,"url":"https:\/\/letrame.com\/catalogo\/wp-content\/uploads\/2026\/03\/portadacatalogo-7-scaled.jpg","type":"image\/jpeg"}],"twitter_card":"summary_large_image","twitter_misc":{"Tiempo de lectura":"1 minuto"},"schema":{"@context":"https:\/\/schema.org","@graph":[{"@type":"WebPage","@id":"https:\/\/letrame.com\/catalogo\/producto\/el-efecto-s-o-r-f\/","url":"https:\/\/letrame.com\/catalogo\/producto\/el-efecto-s-o-r-f\/","name":"El efecto S.O.R.F. - Catalogo | Letrame Grupo Editorial","isPartOf":{"@id":"https:\/\/letrame.com\/catalogo\/#website"},"primaryImageOfPage":{"@id":"https:\/\/letrame.com\/catalogo\/producto\/el-efecto-s-o-r-f\/#primaryimage"},"image":{"@id":"https:\/\/letrame.com\/catalogo\/producto\/el-efecto-s-o-r-f\/#primaryimage"},"thumbnailUrl":"https:\/\/letrame.com\/catalogo\/wp-content\/uploads\/2026\/03\/portadacatalogo-7-scaled.jpg","datePublished":"2026-03-02T11:11:58+00:00","dateModified":"2026-03-02T11:11:59+00:00","breadcrumb":{"@id":"https:\/\/letrame.com\/catalogo\/producto\/el-efecto-s-o-r-f\/#breadcrumb"},"inLanguage":"es","potentialAction":[{"@type":"ReadAction","target":["https:\/\/letrame.com\/catalogo\/producto\/el-efecto-s-o-r-f\/"]}]},{"@type":"ImageObject","inLanguage":"es","@id":"https:\/\/letrame.com\/catalogo\/producto\/el-efecto-s-o-r-f\/#primaryimage","url":"https:\/\/letrame.com\/catalogo\/wp-content\/uploads\/2026\/03\/portadacatalogo-7-scaled.jpg","contentUrl":"https:\/\/letrame.com\/catalogo\/wp-content\/uploads\/2026\/03\/portadacatalogo-7-scaled.jpg","width":1745,"height":2560},{"@type":"BreadcrumbList","@id":"https:\/\/letrame.com\/catalogo\/producto\/el-efecto-s-o-r-f\/#breadcrumb","itemListElement":[{"@type":"ListItem","position":1,"name":"Portada","item":"https:\/\/letrame.com\/catalogo\/"},{"@type":"ListItem","position":2,"name":"Cat\u00e1logo","item":"https:\/\/letrame.com\/catalogo\/"},{"@type":"ListItem","position":3,"name":"El efecto S.O.R.F."}]},{"@type":"WebSite","@id":"https:\/\/letrame.com\/catalogo\/#website","url":"https:\/\/letrame.com\/catalogo\/","name":"Catalogo | Letrame Grupo Editorial","description":"","publisher":{"@id":"https:\/\/letrame.com\/catalogo\/#organization"},"potentialAction":[{"@type":"SearchAction","target":{"@type":"EntryPoint","urlTemplate":"https:\/\/letrame.com\/catalogo\/?s={search_term_string}"},"query-input":{"@type":"PropertyValueSpecification","valueRequired":true,"valueName":"search_term_string"}}],"inLanguage":"es"},{"@type":"Organization","@id":"https:\/\/letrame.com\/catalogo\/#organization","name":"Catalogo | Letrame Grupo Editorial","url":"https:\/\/letrame.com\/catalogo\/","logo":{"@type":"ImageObject","inLanguage":"es","@id":"https:\/\/letrame.com\/catalogo\/#\/schema\/logo\/image\/","url":"https:\/\/letrame.com\/catalogo\/wp-content\/uploads\/2024\/03\/logo2.webp","contentUrl":"https:\/\/letrame.com\/catalogo\/wp-content\/uploads\/2024\/03\/logo2.webp","width":394,"height":128,"caption":"Catalogo | Letrame Grupo Editorial"},"image":{"@id":"https:\/\/letrame.com\/catalogo\/#\/schema\/logo\/image\/"}}]}},"_links":{"self":[{"href":"https:\/\/letrame.com\/catalogo\/wp-json\/wp\/v2\/product\/111297","targetHints":{"allow":["GET"]}}],"collection":[{"href":"https:\/\/letrame.com\/catalogo\/wp-json\/wp\/v2\/product"}],"about":[{"href":"https:\/\/letrame.com\/catalogo\/wp-json\/wp\/v2\/types\/product"}],"replies":[{"embeddable":true,"href":"https:\/\/letrame.com\/catalogo\/wp-json\/wp\/v2\/comments?post=111297"}],"acf:post":[{"embeddable":true,"href":"https:\/\/letrame.com\/catalogo\/wp-json\/wp\/v2\/author_book\/111298"}],"wp:featuredmedia":[{"embeddable":true,"href":"https:\/\/letrame.com\/catalogo\/wp-json\/wp\/v2\/media\/111301"}],"wp:attachment":[{"href":"https:\/\/letrame.com\/catalogo\/wp-json\/wp\/v2\/media?parent=111297"}],"wp:term":[{"taxonomy":"libro","embeddable":true,"href":"https:\/\/letrame.com\/catalogo\/wp-json\/wp\/v2\/libro?post=111297"},{"taxonomy":"product_brand","embeddable":true,"href":"https:\/\/letrame.com\/catalogo\/wp-json\/wp\/v2\/product_brand?post=111297"},{"taxonomy":"product_cat","embeddable":true,"href":"https:\/\/letrame.com\/catalogo\/wp-json\/wp\/v2\/product_cat?post=111297"},{"taxonomy":"product_tag","embeddable":true,"href":"https:\/\/letrame.com\/catalogo\/wp-json\/wp\/v2\/product_tag?post=111297"}],"curies":[{"name":"wp","href":"https:\/\/api.w.org\/{rel}","templated":true}]}}