{"id":111288,"date":"2026-03-02T11:57:36","date_gmt":"2026-03-02T10:57:36","guid":{"rendered":"https:\/\/letrame.com\/catalogo\/?post_type=product&#038;p=111288"},"modified":"2026-03-02T11:57:36","modified_gmt":"2026-03-02T10:57:36","slug":"edicion-critica-de-tiempo-de-silencio","status":"publish","type":"product","link":"https:\/\/letrame.com\/catalogo\/producto\/edicion-critica-de-tiempo-de-silencio\/","title":{"rendered":"Edici\u00f3n cr\u00edtica de Tiempo de silencio"},"content":{"rendered":"<p class=\"p1\"><b>ISBN: 9791370292546<\/b><b><\/b><\/p>\n<p class=\"p1\"><b>T\u00edtulo: Edici\u00f3n cr\u00edtica de Tiempo de silencio<\/b><br \/>\n<b>Fecha: 2025<\/b><br \/>\n<b>P\u00e1ginas: 484<\/b><b><\/b><\/p>\n<p class=\"p1\"><b>SINOPSIS<\/b><\/p>\n<p class=\"p1\">Entre los aciertos de la prestigiosa editorial Seix Barral figura la publicaci\u00f3n en 1962 de Tiempo de silencio, considerada la mejor novela del siglo XX espa\u00f1ol en una amplia encuesta organizada en 2002 por la revista Quimera. Con su conocida portada de los ratones de laboratorio, tiene un puesto en incontables bibliotecas de todo el mundo. Pero, tras sesenta a\u00f1os de continuas reediciones, se propone aqu\u00ed un texto nuevo, que difiere del est\u00e1ndar en aspectos de inter\u00e9s. Ahora se sabe, por ejemplo, que hubo pasajes autocensurados, adem\u00e1s de los eliminados por la autoridad censora, o que se modific\u00f3 err\u00f3neamente el texto en algunos lugares por incomprensi\u00f3n del genuino matiz que buscaba el escritor. Tambi\u00e9n se se\u00f1alan los errores producidos en el proceso de impresi\u00f3n, como la divertida errata \u00abaceitunas enanas calientes\u00bb.<\/p>\n<p class=\"p1\">Tan importante como la correcta preservaci\u00f3n del texto es su comprensi\u00f3n. El lector necesita saber qu\u00e9 significan \u00abPepinvid\u00e1lides de Egipto\u00bb, \u00abBetrogene\u00bb y centenares de expresiones, im\u00e1genes o alusiones de an\u00e1loga dificultad. Tiempo de silencio naci\u00f3 como una obra ling\u00fc\u00edstica y culturalmente dif\u00edcil, minoritaria, porque as\u00ed lo exig\u00eda la amplia visi\u00f3n ideol\u00f3gica de Mart\u00edn-Santos. Si existen ediciones cr\u00edticas y anotadas de otras novelas con menor complejidad y riqueza, en el caso de Tiempo de silencio la tarea filol\u00f3gica es inexcusable.<\/p>\n","protected":false},"excerpt":{"rendered":"<p class=\"p1\"><b>ISBN: 9791370292546<\/b><b><\/b><\/p>\n<p class=\"p1\"><b>T\u00edtulo: Edici\u00f3n cr\u00edtica de Tiempo de silencio<\/b><br \/>\n<b>Fecha: 2025<\/b><br \/>\n<b>P\u00e1ginas: 484<\/b><b><\/b><\/p>\n<p class=\"p1\"><b>SINOPSIS<\/b><\/p>\n<p class=\"p1\">Entre los aciertos de la prestigiosa editorial Seix Barral figura la publicaci\u00f3n en 1962 de Tiempo de silencio, considerada la mejor novela del siglo XX espa\u00f1ol en una amplia encuesta organizada en 2002 por la revista Quimera. Con su conocida portada de los ratones de laboratorio, tiene un puesto en incontables bibliotecas de todo el mundo. Pero, tras sesenta a\u00f1os de continuas reediciones, se propone aqu\u00ed un texto nuevo, que difiere del est\u00e1ndar en aspectos de inter\u00e9s. Ahora se sabe, por ejemplo, que hubo pasajes autocensurados, adem\u00e1s de los eliminados por la autoridad censora, o que se modific\u00f3 err\u00f3neamente el texto en algunos lugares por incomprensi\u00f3n del genuino matiz que buscaba el escritor. Tambi\u00e9n se se\u00f1alan los errores producidos en el proceso de impresi\u00f3n, como la divertida errata \u00abaceitunas enanas calientes\u00bb.<\/p>\n<p class=\"p1\">Tan importante como la correcta preservaci\u00f3n del texto es su comprensi\u00f3n. El lector necesita saber qu\u00e9 significan \u00abPepinvid\u00e1lides de Egipto\u00bb, \u00abBetrogene\u00bb y centenares de expresiones, im\u00e1genes o alusiones de an\u00e1loga dificultad. Tiempo de silencio naci\u00f3 como una obra ling\u00fc\u00edstica y culturalmente dif\u00edcil, minoritaria, porque as\u00ed lo exig\u00eda la amplia visi\u00f3n ideol\u00f3gica de Mart\u00edn-Santos. Si existen ediciones cr\u00edticas y anotadas de otras novelas con menor complejidad y riqueza, en el caso de Tiempo de silencio la tarea filol\u00f3gica es inexcusable.<\/p>\n","protected":false},"featured_media":111291,"comment_status":"open","ping_status":"closed","template":"","meta":{"_acf_changed":false},"libro":[],"product_brand":[],"product_cat":[133],"product_tag":[],"class_list":{"0":"post-111288","1":"product","2":"type-product","3":"status-publish","4":"has-post-thumbnail","6":"product_cat-no-ficcion","8":"first","9":"instock","10":"shipping-taxable","11":"product-type-simple"},"acf":{"autor":[73338],"enlace_de_compra":"https:\/\/amzn.to\/3MY4uJ5"},"yoast_head":"<!-- This site is optimized with the Yoast SEO plugin v26.6 - https:\/\/yoast.com\/wordpress\/plugins\/seo\/ -->\n<title>Edici\u00f3n cr\u00edtica de Tiempo de silencio - Catalogo | Letrame Grupo Editorial<\/title>\n<meta name=\"robots\" content=\"index, follow, max-snippet:-1, max-image-preview:large, max-video-preview:-1\" \/>\n<link rel=\"canonical\" href=\"https:\/\/letrame.com\/catalogo\/producto\/edicion-critica-de-tiempo-de-silencio\/\" \/>\n<meta property=\"og:locale\" content=\"es_ES\" \/>\n<meta property=\"og:type\" content=\"article\" \/>\n<meta property=\"og:title\" content=\"Edici\u00f3n cr\u00edtica de Tiempo de silencio - Catalogo | Letrame Grupo Editorial\" \/>\n<meta property=\"og:description\" content=\"ISBN: 9791370292546 T\u00edtulo: Edici\u00f3n cr\u00edtica de Tiempo de silencio Fecha: 2025 P\u00e1ginas: 484 SINOPSIS Entre los aciertos de la prestigiosa editorial Seix Barral figura la publicaci\u00f3n en 1962 de Tiempo de silencio, considerada la mejor novela del siglo XX espa\u00f1ol en una amplia encuesta organizada en 2002 por la revista Quimera. Con su conocida portada de los ratones de laboratorio, tiene un puesto en incontables bibliotecas de todo el mundo. Pero, tras sesenta a\u00f1os de continuas reediciones, se propone aqu\u00ed un texto nuevo, que difiere del est\u00e1ndar en aspectos de inter\u00e9s. Ahora se sabe, por ejemplo, que hubo pasajes autocensurados, adem\u00e1s de los eliminados por la autoridad censora, o que se modific\u00f3 err\u00f3neamente el texto en algunos lugares por incomprensi\u00f3n del genuino matiz que buscaba el escritor. Tambi\u00e9n se se\u00f1alan los errores producidos en el proceso de impresi\u00f3n, como la divertida errata \u00abaceitunas enanas calientes\u00bb. Tan importante como la correcta preservaci\u00f3n del texto es su comprensi\u00f3n. El lector necesita saber qu\u00e9 significan \u00abPepinvid\u00e1lides de Egipto\u00bb, \u00abBetrogene\u00bb y centenares de expresiones, im\u00e1genes o alusiones de an\u00e1loga dificultad. Tiempo de silencio naci\u00f3 como una obra ling\u00fc\u00edstica y culturalmente dif\u00edcil, minoritaria, porque as\u00ed lo exig\u00eda la amplia visi\u00f3n ideol\u00f3gica de Mart\u00edn-Santos. Si existen ediciones cr\u00edticas y anotadas de otras novelas con menor complejidad y riqueza, en el caso de Tiempo de silencio la tarea filol\u00f3gica es inexcusable.\" \/>\n<meta property=\"og:url\" content=\"https:\/\/letrame.com\/catalogo\/producto\/edicion-critica-de-tiempo-de-silencio\/\" \/>\n<meta property=\"og:site_name\" content=\"Catalogo | Letrame Grupo Editorial\" \/>\n<meta property=\"og:image\" content=\"https:\/\/letrame.com\/catalogo\/wp-content\/uploads\/2026\/03\/portadacatalogo-5-scaled.jpg\" \/>\n\t<meta property=\"og:image:width\" content=\"1828\" \/>\n\t<meta property=\"og:image:height\" content=\"2560\" \/>\n\t<meta property=\"og:image:type\" content=\"image\/jpeg\" \/>\n<meta name=\"twitter:card\" content=\"summary_large_image\" \/>\n<meta name=\"twitter:label1\" content=\"Tiempo de lectura\" \/>\n\t<meta name=\"twitter:data1\" content=\"2 minutos\" \/>\n<script type=\"application\/ld+json\" class=\"yoast-schema-graph\">{\"@context\":\"https:\/\/schema.org\",\"@graph\":[{\"@type\":\"WebPage\",\"@id\":\"https:\/\/letrame.com\/catalogo\/producto\/edicion-critica-de-tiempo-de-silencio\/\",\"url\":\"https:\/\/letrame.com\/catalogo\/producto\/edicion-critica-de-tiempo-de-silencio\/\",\"name\":\"Edici\u00f3n cr\u00edtica de Tiempo de silencio - Catalogo | Letrame Grupo Editorial\",\"isPartOf\":{\"@id\":\"https:\/\/letrame.com\/catalogo\/#website\"},\"primaryImageOfPage\":{\"@id\":\"https:\/\/letrame.com\/catalogo\/producto\/edicion-critica-de-tiempo-de-silencio\/#primaryimage\"},\"image\":{\"@id\":\"https:\/\/letrame.com\/catalogo\/producto\/edicion-critica-de-tiempo-de-silencio\/#primaryimage\"},\"thumbnailUrl\":\"https:\/\/letrame.com\/catalogo\/wp-content\/uploads\/2026\/03\/portadacatalogo-5-scaled.jpg\",\"datePublished\":\"2026-03-02T10:57:36+00:00\",\"breadcrumb\":{\"@id\":\"https:\/\/letrame.com\/catalogo\/producto\/edicion-critica-de-tiempo-de-silencio\/#breadcrumb\"},\"inLanguage\":\"es\",\"potentialAction\":[{\"@type\":\"ReadAction\",\"target\":[\"https:\/\/letrame.com\/catalogo\/producto\/edicion-critica-de-tiempo-de-silencio\/\"]}]},{\"@type\":\"ImageObject\",\"inLanguage\":\"es\",\"@id\":\"https:\/\/letrame.com\/catalogo\/producto\/edicion-critica-de-tiempo-de-silencio\/#primaryimage\",\"url\":\"https:\/\/letrame.com\/catalogo\/wp-content\/uploads\/2026\/03\/portadacatalogo-5-scaled.jpg\",\"contentUrl\":\"https:\/\/letrame.com\/catalogo\/wp-content\/uploads\/2026\/03\/portadacatalogo-5-scaled.jpg\",\"width\":1828,\"height\":2560},{\"@type\":\"BreadcrumbList\",\"@id\":\"https:\/\/letrame.com\/catalogo\/producto\/edicion-critica-de-tiempo-de-silencio\/#breadcrumb\",\"itemListElement\":[{\"@type\":\"ListItem\",\"position\":1,\"name\":\"Portada\",\"item\":\"https:\/\/letrame.com\/catalogo\/\"},{\"@type\":\"ListItem\",\"position\":2,\"name\":\"Cat\u00e1logo\",\"item\":\"https:\/\/letrame.com\/catalogo\/\"},{\"@type\":\"ListItem\",\"position\":3,\"name\":\"Edici\u00f3n cr\u00edtica de Tiempo de silencio\"}]},{\"@type\":\"WebSite\",\"@id\":\"https:\/\/letrame.com\/catalogo\/#website\",\"url\":\"https:\/\/letrame.com\/catalogo\/\",\"name\":\"Catalogo | Letrame Grupo Editorial\",\"description\":\"\",\"publisher\":{\"@id\":\"https:\/\/letrame.com\/catalogo\/#organization\"},\"potentialAction\":[{\"@type\":\"SearchAction\",\"target\":{\"@type\":\"EntryPoint\",\"urlTemplate\":\"https:\/\/letrame.com\/catalogo\/?s={search_term_string}\"},\"query-input\":{\"@type\":\"PropertyValueSpecification\",\"valueRequired\":true,\"valueName\":\"search_term_string\"}}],\"inLanguage\":\"es\"},{\"@type\":\"Organization\",\"@id\":\"https:\/\/letrame.com\/catalogo\/#organization\",\"name\":\"Catalogo | Letrame Grupo Editorial\",\"url\":\"https:\/\/letrame.com\/catalogo\/\",\"logo\":{\"@type\":\"ImageObject\",\"inLanguage\":\"es\",\"@id\":\"https:\/\/letrame.com\/catalogo\/#\/schema\/logo\/image\/\",\"url\":\"https:\/\/letrame.com\/catalogo\/wp-content\/uploads\/2024\/03\/logo2.webp\",\"contentUrl\":\"https:\/\/letrame.com\/catalogo\/wp-content\/uploads\/2024\/03\/logo2.webp\",\"width\":394,\"height\":128,\"caption\":\"Catalogo | Letrame Grupo Editorial\"},\"image\":{\"@id\":\"https:\/\/letrame.com\/catalogo\/#\/schema\/logo\/image\/\"}}]}<\/script>\n<!-- \/ Yoast SEO plugin. -->","yoast_head_json":{"title":"Edici\u00f3n cr\u00edtica de Tiempo de silencio - Catalogo | Letrame Grupo Editorial","robots":{"index":"index","follow":"follow","max-snippet":"max-snippet:-1","max-image-preview":"max-image-preview:large","max-video-preview":"max-video-preview:-1"},"canonical":"https:\/\/letrame.com\/catalogo\/producto\/edicion-critica-de-tiempo-de-silencio\/","og_locale":"es_ES","og_type":"article","og_title":"Edici\u00f3n cr\u00edtica de Tiempo de silencio - Catalogo | Letrame Grupo Editorial","og_description":"ISBN: 9791370292546 T\u00edtulo: Edici\u00f3n cr\u00edtica de Tiempo de silencio Fecha: 2025 P\u00e1ginas: 484 SINOPSIS Entre los aciertos de la prestigiosa editorial Seix Barral figura la publicaci\u00f3n en 1962 de Tiempo de silencio, considerada la mejor novela del siglo XX espa\u00f1ol en una amplia encuesta organizada en 2002 por la revista Quimera. Con su conocida portada de los ratones de laboratorio, tiene un puesto en incontables bibliotecas de todo el mundo. Pero, tras sesenta a\u00f1os de continuas reediciones, se propone aqu\u00ed un texto nuevo, que difiere del est\u00e1ndar en aspectos de inter\u00e9s. Ahora se sabe, por ejemplo, que hubo pasajes autocensurados, adem\u00e1s de los eliminados por la autoridad censora, o que se modific\u00f3 err\u00f3neamente el texto en algunos lugares por incomprensi\u00f3n del genuino matiz que buscaba el escritor. Tambi\u00e9n se se\u00f1alan los errores producidos en el proceso de impresi\u00f3n, como la divertida errata \u00abaceitunas enanas calientes\u00bb. Tan importante como la correcta preservaci\u00f3n del texto es su comprensi\u00f3n. El lector necesita saber qu\u00e9 significan \u00abPepinvid\u00e1lides de Egipto\u00bb, \u00abBetrogene\u00bb y centenares de expresiones, im\u00e1genes o alusiones de an\u00e1loga dificultad. Tiempo de silencio naci\u00f3 como una obra ling\u00fc\u00edstica y culturalmente dif\u00edcil, minoritaria, porque as\u00ed lo exig\u00eda la amplia visi\u00f3n ideol\u00f3gica de Mart\u00edn-Santos. Si existen ediciones cr\u00edticas y anotadas de otras novelas con menor complejidad y riqueza, en el caso de Tiempo de silencio la tarea filol\u00f3gica es inexcusable.","og_url":"https:\/\/letrame.com\/catalogo\/producto\/edicion-critica-de-tiempo-de-silencio\/","og_site_name":"Catalogo | Letrame Grupo Editorial","og_image":[{"width":1828,"height":2560,"url":"https:\/\/letrame.com\/catalogo\/wp-content\/uploads\/2026\/03\/portadacatalogo-5-scaled.jpg","type":"image\/jpeg"}],"twitter_card":"summary_large_image","twitter_misc":{"Tiempo de lectura":"2 minutos"},"schema":{"@context":"https:\/\/schema.org","@graph":[{"@type":"WebPage","@id":"https:\/\/letrame.com\/catalogo\/producto\/edicion-critica-de-tiempo-de-silencio\/","url":"https:\/\/letrame.com\/catalogo\/producto\/edicion-critica-de-tiempo-de-silencio\/","name":"Edici\u00f3n cr\u00edtica de Tiempo de silencio - Catalogo | Letrame Grupo Editorial","isPartOf":{"@id":"https:\/\/letrame.com\/catalogo\/#website"},"primaryImageOfPage":{"@id":"https:\/\/letrame.com\/catalogo\/producto\/edicion-critica-de-tiempo-de-silencio\/#primaryimage"},"image":{"@id":"https:\/\/letrame.com\/catalogo\/producto\/edicion-critica-de-tiempo-de-silencio\/#primaryimage"},"thumbnailUrl":"https:\/\/letrame.com\/catalogo\/wp-content\/uploads\/2026\/03\/portadacatalogo-5-scaled.jpg","datePublished":"2026-03-02T10:57:36+00:00","breadcrumb":{"@id":"https:\/\/letrame.com\/catalogo\/producto\/edicion-critica-de-tiempo-de-silencio\/#breadcrumb"},"inLanguage":"es","potentialAction":[{"@type":"ReadAction","target":["https:\/\/letrame.com\/catalogo\/producto\/edicion-critica-de-tiempo-de-silencio\/"]}]},{"@type":"ImageObject","inLanguage":"es","@id":"https:\/\/letrame.com\/catalogo\/producto\/edicion-critica-de-tiempo-de-silencio\/#primaryimage","url":"https:\/\/letrame.com\/catalogo\/wp-content\/uploads\/2026\/03\/portadacatalogo-5-scaled.jpg","contentUrl":"https:\/\/letrame.com\/catalogo\/wp-content\/uploads\/2026\/03\/portadacatalogo-5-scaled.jpg","width":1828,"height":2560},{"@type":"BreadcrumbList","@id":"https:\/\/letrame.com\/catalogo\/producto\/edicion-critica-de-tiempo-de-silencio\/#breadcrumb","itemListElement":[{"@type":"ListItem","position":1,"name":"Portada","item":"https:\/\/letrame.com\/catalogo\/"},{"@type":"ListItem","position":2,"name":"Cat\u00e1logo","item":"https:\/\/letrame.com\/catalogo\/"},{"@type":"ListItem","position":3,"name":"Edici\u00f3n cr\u00edtica de Tiempo de silencio"}]},{"@type":"WebSite","@id":"https:\/\/letrame.com\/catalogo\/#website","url":"https:\/\/letrame.com\/catalogo\/","name":"Catalogo | Letrame Grupo Editorial","description":"","publisher":{"@id":"https:\/\/letrame.com\/catalogo\/#organization"},"potentialAction":[{"@type":"SearchAction","target":{"@type":"EntryPoint","urlTemplate":"https:\/\/letrame.com\/catalogo\/?s={search_term_string}"},"query-input":{"@type":"PropertyValueSpecification","valueRequired":true,"valueName":"search_term_string"}}],"inLanguage":"es"},{"@type":"Organization","@id":"https:\/\/letrame.com\/catalogo\/#organization","name":"Catalogo | Letrame Grupo Editorial","url":"https:\/\/letrame.com\/catalogo\/","logo":{"@type":"ImageObject","inLanguage":"es","@id":"https:\/\/letrame.com\/catalogo\/#\/schema\/logo\/image\/","url":"https:\/\/letrame.com\/catalogo\/wp-content\/uploads\/2024\/03\/logo2.webp","contentUrl":"https:\/\/letrame.com\/catalogo\/wp-content\/uploads\/2024\/03\/logo2.webp","width":394,"height":128,"caption":"Catalogo | Letrame Grupo Editorial"},"image":{"@id":"https:\/\/letrame.com\/catalogo\/#\/schema\/logo\/image\/"}}]}},"_links":{"self":[{"href":"https:\/\/letrame.com\/catalogo\/wp-json\/wp\/v2\/product\/111288","targetHints":{"allow":["GET"]}}],"collection":[{"href":"https:\/\/letrame.com\/catalogo\/wp-json\/wp\/v2\/product"}],"about":[{"href":"https:\/\/letrame.com\/catalogo\/wp-json\/wp\/v2\/types\/product"}],"replies":[{"embeddable":true,"href":"https:\/\/letrame.com\/catalogo\/wp-json\/wp\/v2\/comments?post=111288"}],"acf:post":[{"embeddable":true,"href":"https:\/\/letrame.com\/catalogo\/wp-json\/wp\/v2\/author_book\/73338"}],"wp:featuredmedia":[{"embeddable":true,"href":"https:\/\/letrame.com\/catalogo\/wp-json\/wp\/v2\/media\/111291"}],"wp:attachment":[{"href":"https:\/\/letrame.com\/catalogo\/wp-json\/wp\/v2\/media?parent=111288"}],"wp:term":[{"taxonomy":"libro","embeddable":true,"href":"https:\/\/letrame.com\/catalogo\/wp-json\/wp\/v2\/libro?post=111288"},{"taxonomy":"product_brand","embeddable":true,"href":"https:\/\/letrame.com\/catalogo\/wp-json\/wp\/v2\/product_brand?post=111288"},{"taxonomy":"product_cat","embeddable":true,"href":"https:\/\/letrame.com\/catalogo\/wp-json\/wp\/v2\/product_cat?post=111288"},{"taxonomy":"product_tag","embeddable":true,"href":"https:\/\/letrame.com\/catalogo\/wp-json\/wp\/v2\/product_tag?post=111288"}],"curies":[{"name":"wp","href":"https:\/\/api.w.org\/{rel}","templated":true}]}}