{"id":111283,"date":"2026-03-02T11:22:38","date_gmt":"2026-03-02T10:22:38","guid":{"rendered":"https:\/\/letrame.com\/catalogo\/?post_type=product&#038;p=111283"},"modified":"2026-03-02T11:22:38","modified_gmt":"2026-03-02T10:22:38","slug":"mi-boda-con-popocatepetl","status":"publish","type":"product","link":"https:\/\/letrame.com\/catalogo\/producto\/mi-boda-con-popocatepetl\/","title":{"rendered":"Mi boda con Popocat\u00e9petl"},"content":{"rendered":"<p class=\"p1\"><b>ISBN: 9791370126841<\/b><b><\/b><\/p>\n<p class=\"p1\"><b>T\u00edtulo: Mi boda con Popocat\u00e9petl\u00a0<\/b><br \/>\n<b>Fecha: 20255<\/b><br \/>\n<b>P\u00e1ginas: 80<\/b><b><\/b><\/p>\n<p class=\"p1\"><b>SINOPSIS<\/b><b><\/b><\/p>\n<p class=\"p1\">Con este poemario acompa\u00f1ar\u00e1s a la autora por su primera obra, obra de su catarsis Mi boda con Popocat\u00e9petl, la promesa. Palabras personales para corazones tocados por la maleza del ciclo del amor y el desamor, con el car\u00e1cter de unos tacos de banqueta con tu mayor querer.<\/p>\n<p class=\"p1\">Nos muestra sus sentimientos m\u00e1s punzantes, esos que lograron romper su morral de sentimientos y emociones que regaron sobre las flores de su (sobre) pensar, que fijaron su enfoque, aunque algunas ten\u00edan espinas que sangraron, mas sobre esas cicatrices se aliviaron los malos recuerdos que no olvid\u00f3, pero mejor a\u00fan, ahora resignific\u00f3.<\/p>\n","protected":false},"excerpt":{"rendered":"<p class=\"p1\"><b>ISBN: 9791370126841<\/b><b><\/b><\/p>\n<p class=\"p1\"><b>SINOPSIS<\/b><b><\/b><\/p>\n<p class=\"p1\">Con este poemario acompa\u00f1ar\u00e1s a la autora por su primera obra, obra de su catarsis Mi boda con Popocat\u00e9petl, la promesa. Palabras personales para corazones tocados por la maleza del ciclo del amor y el desamor, con el car\u00e1cter de unos tacos de banqueta con tu mayor querer.<\/p>\n<p class=\"p1\">Nos muestra sus sentimientos m\u00e1s punzantes, esos que lograron romper su morral de sentimientos y emociones que regaron sobre las flores de su (sobre) pensar, que fijaron su enfoque, aunque algunas ten\u00edan espinas que sangraron, mas sobre esas cicatrices se aliviaron los malos recuerdos que no olvid\u00f3, pero mejor a\u00fan, ahora resignific\u00f3.<\/p>\n","protected":false},"featured_media":111287,"comment_status":"open","ping_status":"closed","template":"","meta":{"_acf_changed":false},"libro":[],"product_brand":[],"product_cat":[20],"product_tag":[],"class_list":{"0":"post-111283","1":"product","2":"type-product","3":"status-publish","4":"has-post-thumbnail","6":"product_cat-poesia","8":"first","9":"instock","10":"shipping-taxable","11":"product-type-simple"},"acf":{"autor":[111284],"enlace_de_compra":"https:\/\/amzn.to\/4bgNWVY"},"yoast_head":"<!-- This site is optimized with the Yoast SEO plugin v26.6 - https:\/\/yoast.com\/wordpress\/plugins\/seo\/ -->\n<title>Mi boda con Popocat\u00e9petl - Catalogo | Letrame Grupo Editorial<\/title>\n<meta name=\"robots\" content=\"index, follow, max-snippet:-1, max-image-preview:large, max-video-preview:-1\" \/>\n<link rel=\"canonical\" href=\"https:\/\/letrame.com\/catalogo\/producto\/mi-boda-con-popocatepetl\/\" \/>\n<meta property=\"og:locale\" content=\"es_ES\" \/>\n<meta property=\"og:type\" content=\"article\" \/>\n<meta property=\"og:title\" content=\"Mi boda con Popocat\u00e9petl - Catalogo | Letrame Grupo Editorial\" \/>\n<meta property=\"og:description\" content=\"ISBN: 9791370126841 SINOPSIS Con este poemario acompa\u00f1ar\u00e1s a la autora por su primera obra, obra de su catarsis Mi boda con Popocat\u00e9petl, la promesa. Palabras personales para corazones tocados por la maleza del ciclo del amor y el desamor, con el car\u00e1cter de unos tacos de banqueta con tu mayor querer. Nos muestra sus sentimientos m\u00e1s punzantes, esos que lograron romper su morral de sentimientos y emociones que regaron sobre las flores de su (sobre) pensar, que fijaron su enfoque, aunque algunas ten\u00edan espinas que sangraron, mas sobre esas cicatrices se aliviaron los malos recuerdos que no olvid\u00f3, pero mejor a\u00fan, ahora resignific\u00f3.\" \/>\n<meta property=\"og:url\" content=\"https:\/\/letrame.com\/catalogo\/producto\/mi-boda-con-popocatepetl\/\" \/>\n<meta property=\"og:site_name\" content=\"Catalogo | Letrame Grupo Editorial\" \/>\n<meta property=\"og:image\" content=\"https:\/\/letrame.com\/catalogo\/wp-content\/uploads\/2026\/03\/portadacatalogo-4-scaled.jpg\" \/>\n\t<meta property=\"og:image:width\" content=\"1706\" \/>\n\t<meta property=\"og:image:height\" content=\"2560\" \/>\n\t<meta property=\"og:image:type\" content=\"image\/jpeg\" \/>\n<meta name=\"twitter:card\" content=\"summary_large_image\" \/>\n<meta name=\"twitter:label1\" content=\"Tiempo de lectura\" \/>\n\t<meta name=\"twitter:data1\" content=\"1 minuto\" \/>\n<script type=\"application\/ld+json\" class=\"yoast-schema-graph\">{\"@context\":\"https:\/\/schema.org\",\"@graph\":[{\"@type\":\"WebPage\",\"@id\":\"https:\/\/letrame.com\/catalogo\/producto\/mi-boda-con-popocatepetl\/\",\"url\":\"https:\/\/letrame.com\/catalogo\/producto\/mi-boda-con-popocatepetl\/\",\"name\":\"Mi boda con Popocat\u00e9petl - Catalogo | Letrame Grupo Editorial\",\"isPartOf\":{\"@id\":\"https:\/\/letrame.com\/catalogo\/#website\"},\"primaryImageOfPage\":{\"@id\":\"https:\/\/letrame.com\/catalogo\/producto\/mi-boda-con-popocatepetl\/#primaryimage\"},\"image\":{\"@id\":\"https:\/\/letrame.com\/catalogo\/producto\/mi-boda-con-popocatepetl\/#primaryimage\"},\"thumbnailUrl\":\"https:\/\/letrame.com\/catalogo\/wp-content\/uploads\/2026\/03\/portadacatalogo-4-scaled.jpg\",\"datePublished\":\"2026-03-02T10:22:38+00:00\",\"breadcrumb\":{\"@id\":\"https:\/\/letrame.com\/catalogo\/producto\/mi-boda-con-popocatepetl\/#breadcrumb\"},\"inLanguage\":\"es\",\"potentialAction\":[{\"@type\":\"ReadAction\",\"target\":[\"https:\/\/letrame.com\/catalogo\/producto\/mi-boda-con-popocatepetl\/\"]}]},{\"@type\":\"ImageObject\",\"inLanguage\":\"es\",\"@id\":\"https:\/\/letrame.com\/catalogo\/producto\/mi-boda-con-popocatepetl\/#primaryimage\",\"url\":\"https:\/\/letrame.com\/catalogo\/wp-content\/uploads\/2026\/03\/portadacatalogo-4-scaled.jpg\",\"contentUrl\":\"https:\/\/letrame.com\/catalogo\/wp-content\/uploads\/2026\/03\/portadacatalogo-4-scaled.jpg\",\"width\":1706,\"height\":2560},{\"@type\":\"BreadcrumbList\",\"@id\":\"https:\/\/letrame.com\/catalogo\/producto\/mi-boda-con-popocatepetl\/#breadcrumb\",\"itemListElement\":[{\"@type\":\"ListItem\",\"position\":1,\"name\":\"Portada\",\"item\":\"https:\/\/letrame.com\/catalogo\/\"},{\"@type\":\"ListItem\",\"position\":2,\"name\":\"Cat\u00e1logo\",\"item\":\"https:\/\/letrame.com\/catalogo\/\"},{\"@type\":\"ListItem\",\"position\":3,\"name\":\"Mi boda con Popocat\u00e9petl\"}]},{\"@type\":\"WebSite\",\"@id\":\"https:\/\/letrame.com\/catalogo\/#website\",\"url\":\"https:\/\/letrame.com\/catalogo\/\",\"name\":\"Catalogo | Letrame Grupo Editorial\",\"description\":\"\",\"publisher\":{\"@id\":\"https:\/\/letrame.com\/catalogo\/#organization\"},\"potentialAction\":[{\"@type\":\"SearchAction\",\"target\":{\"@type\":\"EntryPoint\",\"urlTemplate\":\"https:\/\/letrame.com\/catalogo\/?s={search_term_string}\"},\"query-input\":{\"@type\":\"PropertyValueSpecification\",\"valueRequired\":true,\"valueName\":\"search_term_string\"}}],\"inLanguage\":\"es\"},{\"@type\":\"Organization\",\"@id\":\"https:\/\/letrame.com\/catalogo\/#organization\",\"name\":\"Catalogo | Letrame Grupo Editorial\",\"url\":\"https:\/\/letrame.com\/catalogo\/\",\"logo\":{\"@type\":\"ImageObject\",\"inLanguage\":\"es\",\"@id\":\"https:\/\/letrame.com\/catalogo\/#\/schema\/logo\/image\/\",\"url\":\"https:\/\/letrame.com\/catalogo\/wp-content\/uploads\/2024\/03\/logo2.webp\",\"contentUrl\":\"https:\/\/letrame.com\/catalogo\/wp-content\/uploads\/2024\/03\/logo2.webp\",\"width\":394,\"height\":128,\"caption\":\"Catalogo | Letrame Grupo Editorial\"},\"image\":{\"@id\":\"https:\/\/letrame.com\/catalogo\/#\/schema\/logo\/image\/\"}}]}<\/script>\n<!-- \/ Yoast SEO plugin. -->","yoast_head_json":{"title":"Mi boda con Popocat\u00e9petl - Catalogo | Letrame Grupo Editorial","robots":{"index":"index","follow":"follow","max-snippet":"max-snippet:-1","max-image-preview":"max-image-preview:large","max-video-preview":"max-video-preview:-1"},"canonical":"https:\/\/letrame.com\/catalogo\/producto\/mi-boda-con-popocatepetl\/","og_locale":"es_ES","og_type":"article","og_title":"Mi boda con Popocat\u00e9petl - Catalogo | Letrame Grupo Editorial","og_description":"ISBN: 9791370126841 SINOPSIS Con este poemario acompa\u00f1ar\u00e1s a la autora por su primera obra, obra de su catarsis Mi boda con Popocat\u00e9petl, la promesa. Palabras personales para corazones tocados por la maleza del ciclo del amor y el desamor, con el car\u00e1cter de unos tacos de banqueta con tu mayor querer. Nos muestra sus sentimientos m\u00e1s punzantes, esos que lograron romper su morral de sentimientos y emociones que regaron sobre las flores de su (sobre) pensar, que fijaron su enfoque, aunque algunas ten\u00edan espinas que sangraron, mas sobre esas cicatrices se aliviaron los malos recuerdos que no olvid\u00f3, pero mejor a\u00fan, ahora resignific\u00f3.","og_url":"https:\/\/letrame.com\/catalogo\/producto\/mi-boda-con-popocatepetl\/","og_site_name":"Catalogo | Letrame Grupo Editorial","og_image":[{"width":1706,"height":2560,"url":"https:\/\/letrame.com\/catalogo\/wp-content\/uploads\/2026\/03\/portadacatalogo-4-scaled.jpg","type":"image\/jpeg"}],"twitter_card":"summary_large_image","twitter_misc":{"Tiempo de lectura":"1 minuto"},"schema":{"@context":"https:\/\/schema.org","@graph":[{"@type":"WebPage","@id":"https:\/\/letrame.com\/catalogo\/producto\/mi-boda-con-popocatepetl\/","url":"https:\/\/letrame.com\/catalogo\/producto\/mi-boda-con-popocatepetl\/","name":"Mi boda con Popocat\u00e9petl - Catalogo | Letrame Grupo Editorial","isPartOf":{"@id":"https:\/\/letrame.com\/catalogo\/#website"},"primaryImageOfPage":{"@id":"https:\/\/letrame.com\/catalogo\/producto\/mi-boda-con-popocatepetl\/#primaryimage"},"image":{"@id":"https:\/\/letrame.com\/catalogo\/producto\/mi-boda-con-popocatepetl\/#primaryimage"},"thumbnailUrl":"https:\/\/letrame.com\/catalogo\/wp-content\/uploads\/2026\/03\/portadacatalogo-4-scaled.jpg","datePublished":"2026-03-02T10:22:38+00:00","breadcrumb":{"@id":"https:\/\/letrame.com\/catalogo\/producto\/mi-boda-con-popocatepetl\/#breadcrumb"},"inLanguage":"es","potentialAction":[{"@type":"ReadAction","target":["https:\/\/letrame.com\/catalogo\/producto\/mi-boda-con-popocatepetl\/"]}]},{"@type":"ImageObject","inLanguage":"es","@id":"https:\/\/letrame.com\/catalogo\/producto\/mi-boda-con-popocatepetl\/#primaryimage","url":"https:\/\/letrame.com\/catalogo\/wp-content\/uploads\/2026\/03\/portadacatalogo-4-scaled.jpg","contentUrl":"https:\/\/letrame.com\/catalogo\/wp-content\/uploads\/2026\/03\/portadacatalogo-4-scaled.jpg","width":1706,"height":2560},{"@type":"BreadcrumbList","@id":"https:\/\/letrame.com\/catalogo\/producto\/mi-boda-con-popocatepetl\/#breadcrumb","itemListElement":[{"@type":"ListItem","position":1,"name":"Portada","item":"https:\/\/letrame.com\/catalogo\/"},{"@type":"ListItem","position":2,"name":"Cat\u00e1logo","item":"https:\/\/letrame.com\/catalogo\/"},{"@type":"ListItem","position":3,"name":"Mi boda con Popocat\u00e9petl"}]},{"@type":"WebSite","@id":"https:\/\/letrame.com\/catalogo\/#website","url":"https:\/\/letrame.com\/catalogo\/","name":"Catalogo | Letrame Grupo Editorial","description":"","publisher":{"@id":"https:\/\/letrame.com\/catalogo\/#organization"},"potentialAction":[{"@type":"SearchAction","target":{"@type":"EntryPoint","urlTemplate":"https:\/\/letrame.com\/catalogo\/?s={search_term_string}"},"query-input":{"@type":"PropertyValueSpecification","valueRequired":true,"valueName":"search_term_string"}}],"inLanguage":"es"},{"@type":"Organization","@id":"https:\/\/letrame.com\/catalogo\/#organization","name":"Catalogo | Letrame Grupo Editorial","url":"https:\/\/letrame.com\/catalogo\/","logo":{"@type":"ImageObject","inLanguage":"es","@id":"https:\/\/letrame.com\/catalogo\/#\/schema\/logo\/image\/","url":"https:\/\/letrame.com\/catalogo\/wp-content\/uploads\/2024\/03\/logo2.webp","contentUrl":"https:\/\/letrame.com\/catalogo\/wp-content\/uploads\/2024\/03\/logo2.webp","width":394,"height":128,"caption":"Catalogo | Letrame Grupo Editorial"},"image":{"@id":"https:\/\/letrame.com\/catalogo\/#\/schema\/logo\/image\/"}}]}},"_links":{"self":[{"href":"https:\/\/letrame.com\/catalogo\/wp-json\/wp\/v2\/product\/111283","targetHints":{"allow":["GET"]}}],"collection":[{"href":"https:\/\/letrame.com\/catalogo\/wp-json\/wp\/v2\/product"}],"about":[{"href":"https:\/\/letrame.com\/catalogo\/wp-json\/wp\/v2\/types\/product"}],"replies":[{"embeddable":true,"href":"https:\/\/letrame.com\/catalogo\/wp-json\/wp\/v2\/comments?post=111283"}],"acf:post":[{"embeddable":true,"href":"https:\/\/letrame.com\/catalogo\/wp-json\/wp\/v2\/author_book\/111284"}],"wp:featuredmedia":[{"embeddable":true,"href":"https:\/\/letrame.com\/catalogo\/wp-json\/wp\/v2\/media\/111287"}],"wp:attachment":[{"href":"https:\/\/letrame.com\/catalogo\/wp-json\/wp\/v2\/media?parent=111283"}],"wp:term":[{"taxonomy":"libro","embeddable":true,"href":"https:\/\/letrame.com\/catalogo\/wp-json\/wp\/v2\/libro?post=111283"},{"taxonomy":"product_brand","embeddable":true,"href":"https:\/\/letrame.com\/catalogo\/wp-json\/wp\/v2\/product_brand?post=111283"},{"taxonomy":"product_cat","embeddable":true,"href":"https:\/\/letrame.com\/catalogo\/wp-json\/wp\/v2\/product_cat?post=111283"},{"taxonomy":"product_tag","embeddable":true,"href":"https:\/\/letrame.com\/catalogo\/wp-json\/wp\/v2\/product_tag?post=111283"}],"curies":[{"name":"wp","href":"https:\/\/api.w.org\/{rel}","templated":true}]}}