{"id":111277,"date":"2026-03-02T11:14:29","date_gmt":"2026-03-02T10:14:29","guid":{"rendered":"https:\/\/letrame.com\/catalogo\/?post_type=product&#038;p=111277"},"modified":"2026-03-02T11:14:30","modified_gmt":"2026-03-02T10:14:30","slug":"diario-de-sangre","status":"publish","type":"product","link":"https:\/\/letrame.com\/catalogo\/producto\/diario-de-sangre\/","title":{"rendered":"Diario de sangre"},"content":{"rendered":"<p class=\"p1\"><b>ISBN: 9791370293758<\/b><b><\/b><\/p>\n<p class=\"p1\"><b>T\u00edtulo: Diario de sangre<\/b><br \/>\n<b>Fecha: 2025<\/b><br \/>\n<b>P\u00e1ginas: 280<\/b><b><\/b><\/p>\n<p class=\"p1\"><b>SINOPSIS<\/b><b><\/b><\/p>\n<p class=\"p1\">Amor, tragedia, inmortalidad.<\/p>\n<p class=\"p1\">En un mundo donde la guerra destruye reinos y la fe teme a lo desconocido, un joven descubrir\u00e1 que la vida eterna es el precio m\u00e1s alto que puede pagarse por amor.<\/p>\n<p class=\"p1\">Desde los verdes campos de Irlanda hasta las mansiones victorianas, Lenus Carew ser\u00e1 testigo de siglos de dolor, deseo y redenci\u00f3n. Pero cuando una mujer de mirada verde irrumpe en su existencia, el eco del pasado vuelve a reclamar su deuda de sangre.<\/p>\n<p class=\"p1\">Diario de sangre combina la pasi\u00f3n de los cl\u00e1sicos rom\u00e1nticos con la oscuridad del mito vamp\u00edrico. Una novela que cuestiona los l\u00edmites entre el amor y la condena, la humanidad y el monstruo, la vida y la eternidad.<\/p>\n<p class=\"p1\">En la Irlanda del siglo XVI, un amor imposible entre el joven rey Tom Carew y la campesina Elis James desencadena una cadena de pasiones, tragedias y secretos oscuros que marcar\u00e1n el destino de generaciones. Su primog\u00e9nito,<\/p>\n<p class=\"p1\">Lenus, testigo de la guerra y la muerte, recibe de un extra\u00f1o forastero un don que lo condenar\u00e1 a la eternidad: la vida inmortal alimentada por la sangre. A trav\u00e9s de los siglos, Lenus se debate entre la maldici\u00f3n y la esperanza, entre la justicia y la venganza, buscando redenci\u00f3n en los ojos de una mujer que parece devolverle la humanidad perdida.<\/p>\n<p class=\"p1\">Diario de sangre es una saga de amor, deseo y destino, donde la inmortalidad no es un privilegio, sino una prueba para el alma.<\/p>\n","protected":false},"excerpt":{"rendered":"<p class=\"p1\"><b>ISBN: 9791370293758<\/b><b><\/b><\/p>\n<p class=\"p1\"><b>SINOPSIS<\/b><b><\/b><\/p>\n<p class=\"p1\">Amor, tragedia, inmortalidad.<\/p>\n<p class=\"p1\">En un mundo donde la guerra destruye reinos y la fe teme a lo desconocido, un joven descubrir\u00e1 que la vida eterna es el precio m\u00e1s alto que puede pagarse por amor.<\/p>\n<p class=\"p1\">Desde los verdes campos de Irlanda hasta las mansiones victorianas, Lenus Carew ser\u00e1 testigo de siglos de dolor, deseo y redenci\u00f3n. Pero cuando una mujer de mirada verde irrumpe en su existencia, el eco del pasado vuelve a reclamar su deuda de sangre.<\/p>\n<p class=\"p1\">Diario de sangre combina la pasi\u00f3n de los cl\u00e1sicos rom\u00e1nticos con la oscuridad del mito vamp\u00edrico. Una novela que cuestiona los l\u00edmites entre el amor y la condena, la humanidad y el monstruo, la vida y la eternidad.<\/p>\n<p class=\"p1\">En la Irlanda del siglo XVI, un amor imposible entre el joven rey Tom Carew y la campesina Elis James desencadena una cadena de pasiones, tragedias y secretos oscuros que marcar\u00e1n el destino de generaciones. Su primog\u00e9nito,<\/p>\n<p class=\"p1\">Lenus, testigo de la guerra y la muerte, recibe de un extra\u00f1o forastero un don que lo condenar\u00e1 a la eternidad: la vida inmortal alimentada por la sangre. A trav\u00e9s de los siglos, Lenus se debate entre la maldici\u00f3n y la esperanza, entre la justicia y la venganza, buscando redenci\u00f3n en los ojos de una mujer que parece devolverle la humanidad perdida.<\/p>\n<p class=\"p1\">Diario de sangre es una saga de amor, deseo y destino, donde la inmortalidad no es un privilegio, sino una prueba para el alma.<\/p>\n","protected":false},"featured_media":111281,"comment_status":"open","ping_status":"closed","template":"","meta":{"_acf_changed":false},"libro":[],"product_brand":[],"product_cat":[118],"product_tag":[],"class_list":{"0":"post-111277","1":"product","2":"type-product","3":"status-publish","4":"has-post-thumbnail","6":"product_cat-fantasia","8":"first","9":"instock","10":"shipping-taxable","11":"product-type-simple"},"acf":{"autor":[111278],"enlace_de_compra":"https:\/\/amzn.to\/4rKzP0Q"},"yoast_head":"<!-- This site is optimized with the Yoast SEO plugin v26.6 - https:\/\/yoast.com\/wordpress\/plugins\/seo\/ -->\n<title>Diario de sangre - Catalogo | Letrame Grupo Editorial<\/title>\n<meta name=\"robots\" content=\"index, follow, max-snippet:-1, max-image-preview:large, max-video-preview:-1\" \/>\n<link rel=\"canonical\" href=\"https:\/\/letrame.com\/catalogo\/producto\/diario-de-sangre\/\" \/>\n<meta property=\"og:locale\" content=\"es_ES\" \/>\n<meta property=\"og:type\" content=\"article\" \/>\n<meta property=\"og:title\" content=\"Diario de sangre - Catalogo | Letrame Grupo Editorial\" \/>\n<meta property=\"og:description\" content=\"ISBN: 9791370293758 SINOPSIS Amor, tragedia, inmortalidad. En un mundo donde la guerra destruye reinos y la fe teme a lo desconocido, un joven descubrir\u00e1 que la vida eterna es el precio m\u00e1s alto que puede pagarse por amor. Desde los verdes campos de Irlanda hasta las mansiones victorianas, Lenus Carew ser\u00e1 testigo de siglos de dolor, deseo y redenci\u00f3n. Pero cuando una mujer de mirada verde irrumpe en su existencia, el eco del pasado vuelve a reclamar su deuda de sangre. Diario de sangre combina la pasi\u00f3n de los cl\u00e1sicos rom\u00e1nticos con la oscuridad del mito vamp\u00edrico. Una novela que cuestiona los l\u00edmites entre el amor y la condena, la humanidad y el monstruo, la vida y la eternidad. En la Irlanda del siglo XVI, un amor imposible entre el joven rey Tom Carew y la campesina Elis James desencadena una cadena de pasiones, tragedias y secretos oscuros que marcar\u00e1n el destino de generaciones. Su primog\u00e9nito, Lenus, testigo de la guerra y la muerte, recibe de un extra\u00f1o forastero un don que lo condenar\u00e1 a la eternidad: la vida inmortal alimentada por la sangre. A trav\u00e9s de los siglos, Lenus se debate entre la maldici\u00f3n y la esperanza, entre la justicia y la venganza, buscando redenci\u00f3n en los ojos de una mujer que parece devolverle la humanidad perdida. Diario de sangre es una saga de amor, deseo y destino, donde la inmortalidad no es un privilegio, sino una prueba para el alma.\" \/>\n<meta property=\"og:url\" content=\"https:\/\/letrame.com\/catalogo\/producto\/diario-de-sangre\/\" \/>\n<meta property=\"og:site_name\" content=\"Catalogo | Letrame Grupo Editorial\" \/>\n<meta property=\"article:modified_time\" content=\"2026-03-02T10:14:30+00:00\" \/>\n<meta property=\"og:image\" content=\"https:\/\/letrame.com\/catalogo\/wp-content\/uploads\/2026\/03\/portadacatalogo-3-scaled.jpg\" \/>\n\t<meta property=\"og:image:width\" content=\"1745\" \/>\n\t<meta property=\"og:image:height\" content=\"2560\" \/>\n\t<meta property=\"og:image:type\" content=\"image\/jpeg\" \/>\n<meta name=\"twitter:card\" content=\"summary_large_image\" \/>\n<meta name=\"twitter:label1\" content=\"Tiempo de lectura\" \/>\n\t<meta name=\"twitter:data1\" content=\"2 minutos\" \/>\n<script type=\"application\/ld+json\" class=\"yoast-schema-graph\">{\"@context\":\"https:\/\/schema.org\",\"@graph\":[{\"@type\":\"WebPage\",\"@id\":\"https:\/\/letrame.com\/catalogo\/producto\/diario-de-sangre\/\",\"url\":\"https:\/\/letrame.com\/catalogo\/producto\/diario-de-sangre\/\",\"name\":\"Diario de sangre - Catalogo | Letrame Grupo Editorial\",\"isPartOf\":{\"@id\":\"https:\/\/letrame.com\/catalogo\/#website\"},\"primaryImageOfPage\":{\"@id\":\"https:\/\/letrame.com\/catalogo\/producto\/diario-de-sangre\/#primaryimage\"},\"image\":{\"@id\":\"https:\/\/letrame.com\/catalogo\/producto\/diario-de-sangre\/#primaryimage\"},\"thumbnailUrl\":\"https:\/\/letrame.com\/catalogo\/wp-content\/uploads\/2026\/03\/portadacatalogo-3-scaled.jpg\",\"datePublished\":\"2026-03-02T10:14:29+00:00\",\"dateModified\":\"2026-03-02T10:14:30+00:00\",\"breadcrumb\":{\"@id\":\"https:\/\/letrame.com\/catalogo\/producto\/diario-de-sangre\/#breadcrumb\"},\"inLanguage\":\"es\",\"potentialAction\":[{\"@type\":\"ReadAction\",\"target\":[\"https:\/\/letrame.com\/catalogo\/producto\/diario-de-sangre\/\"]}]},{\"@type\":\"ImageObject\",\"inLanguage\":\"es\",\"@id\":\"https:\/\/letrame.com\/catalogo\/producto\/diario-de-sangre\/#primaryimage\",\"url\":\"https:\/\/letrame.com\/catalogo\/wp-content\/uploads\/2026\/03\/portadacatalogo-3-scaled.jpg\",\"contentUrl\":\"https:\/\/letrame.com\/catalogo\/wp-content\/uploads\/2026\/03\/portadacatalogo-3-scaled.jpg\",\"width\":1745,\"height\":2560},{\"@type\":\"BreadcrumbList\",\"@id\":\"https:\/\/letrame.com\/catalogo\/producto\/diario-de-sangre\/#breadcrumb\",\"itemListElement\":[{\"@type\":\"ListItem\",\"position\":1,\"name\":\"Portada\",\"item\":\"https:\/\/letrame.com\/catalogo\/\"},{\"@type\":\"ListItem\",\"position\":2,\"name\":\"Cat\u00e1logo\",\"item\":\"https:\/\/letrame.com\/catalogo\/\"},{\"@type\":\"ListItem\",\"position\":3,\"name\":\"Diario de sangre\"}]},{\"@type\":\"WebSite\",\"@id\":\"https:\/\/letrame.com\/catalogo\/#website\",\"url\":\"https:\/\/letrame.com\/catalogo\/\",\"name\":\"Catalogo | Letrame Grupo Editorial\",\"description\":\"\",\"publisher\":{\"@id\":\"https:\/\/letrame.com\/catalogo\/#organization\"},\"potentialAction\":[{\"@type\":\"SearchAction\",\"target\":{\"@type\":\"EntryPoint\",\"urlTemplate\":\"https:\/\/letrame.com\/catalogo\/?s={search_term_string}\"},\"query-input\":{\"@type\":\"PropertyValueSpecification\",\"valueRequired\":true,\"valueName\":\"search_term_string\"}}],\"inLanguage\":\"es\"},{\"@type\":\"Organization\",\"@id\":\"https:\/\/letrame.com\/catalogo\/#organization\",\"name\":\"Catalogo | Letrame Grupo Editorial\",\"url\":\"https:\/\/letrame.com\/catalogo\/\",\"logo\":{\"@type\":\"ImageObject\",\"inLanguage\":\"es\",\"@id\":\"https:\/\/letrame.com\/catalogo\/#\/schema\/logo\/image\/\",\"url\":\"https:\/\/letrame.com\/catalogo\/wp-content\/uploads\/2024\/03\/logo2.webp\",\"contentUrl\":\"https:\/\/letrame.com\/catalogo\/wp-content\/uploads\/2024\/03\/logo2.webp\",\"width\":394,\"height\":128,\"caption\":\"Catalogo | Letrame Grupo Editorial\"},\"image\":{\"@id\":\"https:\/\/letrame.com\/catalogo\/#\/schema\/logo\/image\/\"}}]}<\/script>\n<!-- \/ Yoast SEO plugin. -->","yoast_head_json":{"title":"Diario de sangre - Catalogo | Letrame Grupo Editorial","robots":{"index":"index","follow":"follow","max-snippet":"max-snippet:-1","max-image-preview":"max-image-preview:large","max-video-preview":"max-video-preview:-1"},"canonical":"https:\/\/letrame.com\/catalogo\/producto\/diario-de-sangre\/","og_locale":"es_ES","og_type":"article","og_title":"Diario de sangre - Catalogo | Letrame Grupo Editorial","og_description":"ISBN: 9791370293758 SINOPSIS Amor, tragedia, inmortalidad. En un mundo donde la guerra destruye reinos y la fe teme a lo desconocido, un joven descubrir\u00e1 que la vida eterna es el precio m\u00e1s alto que puede pagarse por amor. Desde los verdes campos de Irlanda hasta las mansiones victorianas, Lenus Carew ser\u00e1 testigo de siglos de dolor, deseo y redenci\u00f3n. Pero cuando una mujer de mirada verde irrumpe en su existencia, el eco del pasado vuelve a reclamar su deuda de sangre. Diario de sangre combina la pasi\u00f3n de los cl\u00e1sicos rom\u00e1nticos con la oscuridad del mito vamp\u00edrico. Una novela que cuestiona los l\u00edmites entre el amor y la condena, la humanidad y el monstruo, la vida y la eternidad. En la Irlanda del siglo XVI, un amor imposible entre el joven rey Tom Carew y la campesina Elis James desencadena una cadena de pasiones, tragedias y secretos oscuros que marcar\u00e1n el destino de generaciones. Su primog\u00e9nito, Lenus, testigo de la guerra y la muerte, recibe de un extra\u00f1o forastero un don que lo condenar\u00e1 a la eternidad: la vida inmortal alimentada por la sangre. A trav\u00e9s de los siglos, Lenus se debate entre la maldici\u00f3n y la esperanza, entre la justicia y la venganza, buscando redenci\u00f3n en los ojos de una mujer que parece devolverle la humanidad perdida. Diario de sangre es una saga de amor, deseo y destino, donde la inmortalidad no es un privilegio, sino una prueba para el alma.","og_url":"https:\/\/letrame.com\/catalogo\/producto\/diario-de-sangre\/","og_site_name":"Catalogo | Letrame Grupo Editorial","article_modified_time":"2026-03-02T10:14:30+00:00","og_image":[{"width":1745,"height":2560,"url":"https:\/\/letrame.com\/catalogo\/wp-content\/uploads\/2026\/03\/portadacatalogo-3-scaled.jpg","type":"image\/jpeg"}],"twitter_card":"summary_large_image","twitter_misc":{"Tiempo de lectura":"2 minutos"},"schema":{"@context":"https:\/\/schema.org","@graph":[{"@type":"WebPage","@id":"https:\/\/letrame.com\/catalogo\/producto\/diario-de-sangre\/","url":"https:\/\/letrame.com\/catalogo\/producto\/diario-de-sangre\/","name":"Diario de sangre - Catalogo | Letrame Grupo Editorial","isPartOf":{"@id":"https:\/\/letrame.com\/catalogo\/#website"},"primaryImageOfPage":{"@id":"https:\/\/letrame.com\/catalogo\/producto\/diario-de-sangre\/#primaryimage"},"image":{"@id":"https:\/\/letrame.com\/catalogo\/producto\/diario-de-sangre\/#primaryimage"},"thumbnailUrl":"https:\/\/letrame.com\/catalogo\/wp-content\/uploads\/2026\/03\/portadacatalogo-3-scaled.jpg","datePublished":"2026-03-02T10:14:29+00:00","dateModified":"2026-03-02T10:14:30+00:00","breadcrumb":{"@id":"https:\/\/letrame.com\/catalogo\/producto\/diario-de-sangre\/#breadcrumb"},"inLanguage":"es","potentialAction":[{"@type":"ReadAction","target":["https:\/\/letrame.com\/catalogo\/producto\/diario-de-sangre\/"]}]},{"@type":"ImageObject","inLanguage":"es","@id":"https:\/\/letrame.com\/catalogo\/producto\/diario-de-sangre\/#primaryimage","url":"https:\/\/letrame.com\/catalogo\/wp-content\/uploads\/2026\/03\/portadacatalogo-3-scaled.jpg","contentUrl":"https:\/\/letrame.com\/catalogo\/wp-content\/uploads\/2026\/03\/portadacatalogo-3-scaled.jpg","width":1745,"height":2560},{"@type":"BreadcrumbList","@id":"https:\/\/letrame.com\/catalogo\/producto\/diario-de-sangre\/#breadcrumb","itemListElement":[{"@type":"ListItem","position":1,"name":"Portada","item":"https:\/\/letrame.com\/catalogo\/"},{"@type":"ListItem","position":2,"name":"Cat\u00e1logo","item":"https:\/\/letrame.com\/catalogo\/"},{"@type":"ListItem","position":3,"name":"Diario de sangre"}]},{"@type":"WebSite","@id":"https:\/\/letrame.com\/catalogo\/#website","url":"https:\/\/letrame.com\/catalogo\/","name":"Catalogo | Letrame Grupo Editorial","description":"","publisher":{"@id":"https:\/\/letrame.com\/catalogo\/#organization"},"potentialAction":[{"@type":"SearchAction","target":{"@type":"EntryPoint","urlTemplate":"https:\/\/letrame.com\/catalogo\/?s={search_term_string}"},"query-input":{"@type":"PropertyValueSpecification","valueRequired":true,"valueName":"search_term_string"}}],"inLanguage":"es"},{"@type":"Organization","@id":"https:\/\/letrame.com\/catalogo\/#organization","name":"Catalogo | Letrame Grupo Editorial","url":"https:\/\/letrame.com\/catalogo\/","logo":{"@type":"ImageObject","inLanguage":"es","@id":"https:\/\/letrame.com\/catalogo\/#\/schema\/logo\/image\/","url":"https:\/\/letrame.com\/catalogo\/wp-content\/uploads\/2024\/03\/logo2.webp","contentUrl":"https:\/\/letrame.com\/catalogo\/wp-content\/uploads\/2024\/03\/logo2.webp","width":394,"height":128,"caption":"Catalogo | Letrame Grupo Editorial"},"image":{"@id":"https:\/\/letrame.com\/catalogo\/#\/schema\/logo\/image\/"}}]}},"_links":{"self":[{"href":"https:\/\/letrame.com\/catalogo\/wp-json\/wp\/v2\/product\/111277","targetHints":{"allow":["GET"]}}],"collection":[{"href":"https:\/\/letrame.com\/catalogo\/wp-json\/wp\/v2\/product"}],"about":[{"href":"https:\/\/letrame.com\/catalogo\/wp-json\/wp\/v2\/types\/product"}],"replies":[{"embeddable":true,"href":"https:\/\/letrame.com\/catalogo\/wp-json\/wp\/v2\/comments?post=111277"}],"acf:post":[{"embeddable":true,"href":"https:\/\/letrame.com\/catalogo\/wp-json\/wp\/v2\/author_book\/111278"}],"wp:featuredmedia":[{"embeddable":true,"href":"https:\/\/letrame.com\/catalogo\/wp-json\/wp\/v2\/media\/111281"}],"wp:attachment":[{"href":"https:\/\/letrame.com\/catalogo\/wp-json\/wp\/v2\/media?parent=111277"}],"wp:term":[{"taxonomy":"libro","embeddable":true,"href":"https:\/\/letrame.com\/catalogo\/wp-json\/wp\/v2\/libro?post=111277"},{"taxonomy":"product_brand","embeddable":true,"href":"https:\/\/letrame.com\/catalogo\/wp-json\/wp\/v2\/product_brand?post=111277"},{"taxonomy":"product_cat","embeddable":true,"href":"https:\/\/letrame.com\/catalogo\/wp-json\/wp\/v2\/product_cat?post=111277"},{"taxonomy":"product_tag","embeddable":true,"href":"https:\/\/letrame.com\/catalogo\/wp-json\/wp\/v2\/product_tag?post=111277"}],"curies":[{"name":"wp","href":"https:\/\/api.w.org\/{rel}","templated":true}]}}