{"id":111273,"date":"2026-03-02T11:07:27","date_gmt":"2026-03-02T10:07:27","guid":{"rendered":"https:\/\/letrame.com\/catalogo\/?post_type=product&#038;p=111273"},"modified":"2026-03-02T11:07:27","modified_gmt":"2026-03-02T10:07:27","slug":"corazones-redondos","status":"publish","type":"product","link":"https:\/\/letrame.com\/catalogo\/producto\/corazones-redondos\/","title":{"rendered":"Corazones redondos"},"content":{"rendered":"<p class=\"p1\"><b>ISBN: 9791370292584<\/b><b><\/b><\/p>\n<p class=\"p1\"><b>T\u00edtulo: Corazones redondos<\/b><br \/>\n<b>Fecha: 2025<\/b><br \/>\n<b>P\u00e1ginas: 502<\/b><b><\/b><\/p>\n<p class=\"p1\"><b>SINOPSIS<\/b><b><\/b><\/p>\n<p class=\"p1\">Dec\u00eda Arist\u00f3teles que todos buscamos el bien, aquello que consideramos que es bueno para nosotros. Redondo es sin\u00f3nimo de perfecto, terminado. El punto final de toda frase, p\u00e1rrafo o escrito es, s\u00ed, redondo como la guinda que corona un pastel perfecto.<\/p>\n<p class=\"p1\">\u00bfQu\u00e9 pasar\u00eda si nuestro coraz\u00f3n (me refiero al espiritual, a ese lugar rec\u00f3ndito donde guardamos emociones, senti-mientos, creencias, filias y fobias) fuera redondo? No habr\u00eda rincones donde esconder nada, donde acumular polvo o cachivaches. En ese lugar guardar\u00edamos toda clase de cosas, vivencias, experiencias, recuerdos&#8230;<\/p>\n<p class=\"p1\">De eso trata este libro, del lugar donde se guardan los tesoros de un coraz\u00f3n que no tiene rincones ni esquinas y de sus habitantes.<\/p>\n<p class=\"p1\">\n","protected":false},"excerpt":{"rendered":"<p class=\"p1\"><b>ISBN: 9791370292584<\/b><b><\/b><\/p>\n<p class=\"p1\"><b>SINOPSIS<\/b><b><\/b><\/p>\n<p class=\"p1\">Dec\u00eda Arist\u00f3teles que todos buscamos el bien, aquello que consideramos que es bueno para nosotros. Redondo es sin\u00f3nimo de perfecto, terminado. El punto final de toda frase, p\u00e1rrafo o escrito es, s\u00ed, redondo como la guinda que corona un pastel perfecto.<\/p>\n<p class=\"p1\">\u00bfQu\u00e9 pasar\u00eda si nuestro coraz\u00f3n (me refiero al espiritual, a ese lugar rec\u00f3ndito donde guardamos emociones, senti-mientos, creencias, filias y fobias) fuera redondo? No habr\u00eda rincones donde esconder nada, donde acumular polvo o cachivaches. En ese lugar guardar\u00edamos toda clase de cosas, vivencias, experiencias, recuerdos&#8230;<\/p>\n<p class=\"p1\">De eso trata este libro, del lugar donde se guardan los tesoros de un coraz\u00f3n que no tiene rincones ni esquinas y de sus habitantes.<\/p>\n<p class=\"p1\">\n","protected":false},"featured_media":111276,"comment_status":"open","ping_status":"closed","template":"","meta":{"_acf_changed":false},"libro":[],"product_brand":[],"product_cat":[59],"product_tag":[],"class_list":{"0":"post-111273","1":"product","2":"type-product","3":"status-publish","4":"has-post-thumbnail","6":"product_cat-memorias","8":"first","9":"instock","10":"shipping-taxable","11":"product-type-simple"},"acf":{"autor":[111274],"enlace_de_compra":"https:\/\/amzn.to\/4l0HeXj"},"yoast_head":"<!-- This site is optimized with the Yoast SEO plugin v27.4 - https:\/\/yoast.com\/product\/yoast-seo-wordpress\/ -->\n<title>Corazones redondos - Catalogo | Letrame Grupo Editorial<\/title>\n<meta name=\"robots\" content=\"index, follow, max-snippet:-1, max-image-preview:large, max-video-preview:-1\" \/>\n<link rel=\"canonical\" href=\"https:\/\/letrame.com\/catalogo\/producto\/corazones-redondos\/\" \/>\n<meta property=\"og:locale\" content=\"es_ES\" \/>\n<meta property=\"og:type\" content=\"article\" \/>\n<meta property=\"og:title\" content=\"Corazones redondos - Catalogo | Letrame Grupo Editorial\" \/>\n<meta property=\"og:description\" content=\"ISBN: 9791370292584 SINOPSIS Dec\u00eda Arist\u00f3teles que todos buscamos el bien, aquello que consideramos que es bueno para nosotros. Redondo es sin\u00f3nimo de perfecto, terminado. El punto final de toda frase, p\u00e1rrafo o escrito es, s\u00ed, redondo como la guinda que corona un pastel perfecto. \u00bfQu\u00e9 pasar\u00eda si nuestro coraz\u00f3n (me refiero al espiritual, a ese lugar rec\u00f3ndito donde guardamos emociones, senti-mientos, creencias, filias y fobias) fuera redondo? No habr\u00eda rincones donde esconder nada, donde acumular polvo o cachivaches. En ese lugar guardar\u00edamos toda clase de cosas, vivencias, experiencias, recuerdos... De eso trata este libro, del lugar donde se guardan los tesoros de un coraz\u00f3n que no tiene rincones ni esquinas y de sus habitantes.\" \/>\n<meta property=\"og:url\" content=\"https:\/\/letrame.com\/catalogo\/producto\/corazones-redondos\/\" \/>\n<meta property=\"og:site_name\" content=\"Catalogo | Letrame Grupo Editorial\" \/>\n<meta property=\"og:image\" content=\"https:\/\/letrame.com\/catalogo\/wp-content\/uploads\/2026\/03\/portadacatalogo-2-scaled.jpg\" \/>\n\t<meta property=\"og:image:width\" content=\"1828\" \/>\n\t<meta property=\"og:image:height\" content=\"2560\" \/>\n\t<meta property=\"og:image:type\" content=\"image\/jpeg\" \/>\n<meta name=\"twitter:card\" content=\"summary_large_image\" \/>\n<meta name=\"twitter:label1\" content=\"Tiempo de lectura\" \/>\n\t<meta name=\"twitter:data1\" content=\"1 minuto\" \/>\n<script type=\"application\/ld+json\" class=\"yoast-schema-graph\">{\"@context\":\"https:\\\/\\\/schema.org\",\"@graph\":[{\"@type\":\"WebPage\",\"@id\":\"https:\\\/\\\/letrame.com\\\/catalogo\\\/producto\\\/corazones-redondos\\\/\",\"url\":\"https:\\\/\\\/letrame.com\\\/catalogo\\\/producto\\\/corazones-redondos\\\/\",\"name\":\"Corazones redondos - Catalogo | Letrame Grupo Editorial\",\"isPartOf\":{\"@id\":\"https:\\\/\\\/letrame.com\\\/catalogo\\\/#website\"},\"primaryImageOfPage\":{\"@id\":\"https:\\\/\\\/letrame.com\\\/catalogo\\\/producto\\\/corazones-redondos\\\/#primaryimage\"},\"image\":{\"@id\":\"https:\\\/\\\/letrame.com\\\/catalogo\\\/producto\\\/corazones-redondos\\\/#primaryimage\"},\"thumbnailUrl\":\"https:\\\/\\\/letrame.com\\\/catalogo\\\/wp-content\\\/uploads\\\/2026\\\/03\\\/portadacatalogo-2-scaled.jpg\",\"datePublished\":\"2026-03-02T10:07:27+00:00\",\"breadcrumb\":{\"@id\":\"https:\\\/\\\/letrame.com\\\/catalogo\\\/producto\\\/corazones-redondos\\\/#breadcrumb\"},\"inLanguage\":\"es\",\"potentialAction\":[{\"@type\":\"ReadAction\",\"target\":[\"https:\\\/\\\/letrame.com\\\/catalogo\\\/producto\\\/corazones-redondos\\\/\"]}]},{\"@type\":\"ImageObject\",\"inLanguage\":\"es\",\"@id\":\"https:\\\/\\\/letrame.com\\\/catalogo\\\/producto\\\/corazones-redondos\\\/#primaryimage\",\"url\":\"https:\\\/\\\/letrame.com\\\/catalogo\\\/wp-content\\\/uploads\\\/2026\\\/03\\\/portadacatalogo-2-scaled.jpg\",\"contentUrl\":\"https:\\\/\\\/letrame.com\\\/catalogo\\\/wp-content\\\/uploads\\\/2026\\\/03\\\/portadacatalogo-2-scaled.jpg\",\"width\":1828,\"height\":2560},{\"@type\":\"BreadcrumbList\",\"@id\":\"https:\\\/\\\/letrame.com\\\/catalogo\\\/producto\\\/corazones-redondos\\\/#breadcrumb\",\"itemListElement\":[{\"@type\":\"ListItem\",\"position\":1,\"name\":\"Portada\",\"item\":\"https:\\\/\\\/letrame.com\\\/catalogo\\\/\"},{\"@type\":\"ListItem\",\"position\":2,\"name\":\"Cat\u00e1logo\",\"item\":\"https:\\\/\\\/letrame.com\\\/catalogo\\\/\"},{\"@type\":\"ListItem\",\"position\":3,\"name\":\"Corazones redondos\"}]},{\"@type\":\"WebSite\",\"@id\":\"https:\\\/\\\/letrame.com\\\/catalogo\\\/#website\",\"url\":\"https:\\\/\\\/letrame.com\\\/catalogo\\\/\",\"name\":\"Catalogo | Letrame Grupo Editorial\",\"description\":\"\",\"publisher\":{\"@id\":\"https:\\\/\\\/letrame.com\\\/catalogo\\\/#organization\"},\"potentialAction\":[{\"@type\":\"SearchAction\",\"target\":{\"@type\":\"EntryPoint\",\"urlTemplate\":\"https:\\\/\\\/letrame.com\\\/catalogo\\\/?s={search_term_string}\"},\"query-input\":{\"@type\":\"PropertyValueSpecification\",\"valueRequired\":true,\"valueName\":\"search_term_string\"}}],\"inLanguage\":\"es\"},{\"@type\":\"Organization\",\"@id\":\"https:\\\/\\\/letrame.com\\\/catalogo\\\/#organization\",\"name\":\"Catalogo | Letrame Grupo Editorial\",\"url\":\"https:\\\/\\\/letrame.com\\\/catalogo\\\/\",\"logo\":{\"@type\":\"ImageObject\",\"inLanguage\":\"es\",\"@id\":\"https:\\\/\\\/letrame.com\\\/catalogo\\\/#\\\/schema\\\/logo\\\/image\\\/\",\"url\":\"https:\\\/\\\/letrame.com\\\/catalogo\\\/wp-content\\\/uploads\\\/2024\\\/03\\\/logo2.webp\",\"contentUrl\":\"https:\\\/\\\/letrame.com\\\/catalogo\\\/wp-content\\\/uploads\\\/2024\\\/03\\\/logo2.webp\",\"width\":394,\"height\":128,\"caption\":\"Catalogo | Letrame Grupo Editorial\"},\"image\":{\"@id\":\"https:\\\/\\\/letrame.com\\\/catalogo\\\/#\\\/schema\\\/logo\\\/image\\\/\"}}]}<\/script>\n<!-- \/ Yoast SEO plugin. -->","yoast_head_json":{"title":"Corazones redondos - Catalogo | Letrame Grupo Editorial","robots":{"index":"index","follow":"follow","max-snippet":"max-snippet:-1","max-image-preview":"max-image-preview:large","max-video-preview":"max-video-preview:-1"},"canonical":"https:\/\/letrame.com\/catalogo\/producto\/corazones-redondos\/","og_locale":"es_ES","og_type":"article","og_title":"Corazones redondos - Catalogo | Letrame Grupo Editorial","og_description":"ISBN: 9791370292584 SINOPSIS Dec\u00eda Arist\u00f3teles que todos buscamos el bien, aquello que consideramos que es bueno para nosotros. Redondo es sin\u00f3nimo de perfecto, terminado. El punto final de toda frase, p\u00e1rrafo o escrito es, s\u00ed, redondo como la guinda que corona un pastel perfecto. \u00bfQu\u00e9 pasar\u00eda si nuestro coraz\u00f3n (me refiero al espiritual, a ese lugar rec\u00f3ndito donde guardamos emociones, senti-mientos, creencias, filias y fobias) fuera redondo? No habr\u00eda rincones donde esconder nada, donde acumular polvo o cachivaches. En ese lugar guardar\u00edamos toda clase de cosas, vivencias, experiencias, recuerdos... De eso trata este libro, del lugar donde se guardan los tesoros de un coraz\u00f3n que no tiene rincones ni esquinas y de sus habitantes.","og_url":"https:\/\/letrame.com\/catalogo\/producto\/corazones-redondos\/","og_site_name":"Catalogo | Letrame Grupo Editorial","og_image":[{"width":1828,"height":2560,"url":"https:\/\/letrame.com\/catalogo\/wp-content\/uploads\/2026\/03\/portadacatalogo-2-scaled.jpg","type":"image\/jpeg"}],"twitter_card":"summary_large_image","twitter_misc":{"Tiempo de lectura":"1 minuto"},"schema":{"@context":"https:\/\/schema.org","@graph":[{"@type":"WebPage","@id":"https:\/\/letrame.com\/catalogo\/producto\/corazones-redondos\/","url":"https:\/\/letrame.com\/catalogo\/producto\/corazones-redondos\/","name":"Corazones redondos - Catalogo | Letrame Grupo Editorial","isPartOf":{"@id":"https:\/\/letrame.com\/catalogo\/#website"},"primaryImageOfPage":{"@id":"https:\/\/letrame.com\/catalogo\/producto\/corazones-redondos\/#primaryimage"},"image":{"@id":"https:\/\/letrame.com\/catalogo\/producto\/corazones-redondos\/#primaryimage"},"thumbnailUrl":"https:\/\/letrame.com\/catalogo\/wp-content\/uploads\/2026\/03\/portadacatalogo-2-scaled.jpg","datePublished":"2026-03-02T10:07:27+00:00","breadcrumb":{"@id":"https:\/\/letrame.com\/catalogo\/producto\/corazones-redondos\/#breadcrumb"},"inLanguage":"es","potentialAction":[{"@type":"ReadAction","target":["https:\/\/letrame.com\/catalogo\/producto\/corazones-redondos\/"]}]},{"@type":"ImageObject","inLanguage":"es","@id":"https:\/\/letrame.com\/catalogo\/producto\/corazones-redondos\/#primaryimage","url":"https:\/\/letrame.com\/catalogo\/wp-content\/uploads\/2026\/03\/portadacatalogo-2-scaled.jpg","contentUrl":"https:\/\/letrame.com\/catalogo\/wp-content\/uploads\/2026\/03\/portadacatalogo-2-scaled.jpg","width":1828,"height":2560},{"@type":"BreadcrumbList","@id":"https:\/\/letrame.com\/catalogo\/producto\/corazones-redondos\/#breadcrumb","itemListElement":[{"@type":"ListItem","position":1,"name":"Portada","item":"https:\/\/letrame.com\/catalogo\/"},{"@type":"ListItem","position":2,"name":"Cat\u00e1logo","item":"https:\/\/letrame.com\/catalogo\/"},{"@type":"ListItem","position":3,"name":"Corazones redondos"}]},{"@type":"WebSite","@id":"https:\/\/letrame.com\/catalogo\/#website","url":"https:\/\/letrame.com\/catalogo\/","name":"Catalogo | Letrame Grupo Editorial","description":"","publisher":{"@id":"https:\/\/letrame.com\/catalogo\/#organization"},"potentialAction":[{"@type":"SearchAction","target":{"@type":"EntryPoint","urlTemplate":"https:\/\/letrame.com\/catalogo\/?s={search_term_string}"},"query-input":{"@type":"PropertyValueSpecification","valueRequired":true,"valueName":"search_term_string"}}],"inLanguage":"es"},{"@type":"Organization","@id":"https:\/\/letrame.com\/catalogo\/#organization","name":"Catalogo | Letrame Grupo Editorial","url":"https:\/\/letrame.com\/catalogo\/","logo":{"@type":"ImageObject","inLanguage":"es","@id":"https:\/\/letrame.com\/catalogo\/#\/schema\/logo\/image\/","url":"https:\/\/letrame.com\/catalogo\/wp-content\/uploads\/2024\/03\/logo2.webp","contentUrl":"https:\/\/letrame.com\/catalogo\/wp-content\/uploads\/2024\/03\/logo2.webp","width":394,"height":128,"caption":"Catalogo | Letrame Grupo Editorial"},"image":{"@id":"https:\/\/letrame.com\/catalogo\/#\/schema\/logo\/image\/"}}]}},"_links":{"self":[{"href":"https:\/\/letrame.com\/catalogo\/wp-json\/wp\/v2\/product\/111273","targetHints":{"allow":["GET"]}}],"collection":[{"href":"https:\/\/letrame.com\/catalogo\/wp-json\/wp\/v2\/product"}],"about":[{"href":"https:\/\/letrame.com\/catalogo\/wp-json\/wp\/v2\/types\/product"}],"replies":[{"embeddable":true,"href":"https:\/\/letrame.com\/catalogo\/wp-json\/wp\/v2\/comments?post=111273"}],"acf:post":[{"embeddable":true,"href":"https:\/\/letrame.com\/catalogo\/wp-json\/wp\/v2\/author_book\/111274"}],"wp:featuredmedia":[{"embeddable":true,"href":"https:\/\/letrame.com\/catalogo\/wp-json\/wp\/v2\/media\/111276"}],"wp:attachment":[{"href":"https:\/\/letrame.com\/catalogo\/wp-json\/wp\/v2\/media?parent=111273"}],"wp:term":[{"taxonomy":"libro","embeddable":true,"href":"https:\/\/letrame.com\/catalogo\/wp-json\/wp\/v2\/libro?post=111273"},{"taxonomy":"product_brand","embeddable":true,"href":"https:\/\/letrame.com\/catalogo\/wp-json\/wp\/v2\/product_brand?post=111273"},{"taxonomy":"product_cat","embeddable":true,"href":"https:\/\/letrame.com\/catalogo\/wp-json\/wp\/v2\/product_cat?post=111273"},{"taxonomy":"product_tag","embeddable":true,"href":"https:\/\/letrame.com\/catalogo\/wp-json\/wp\/v2\/product_tag?post=111273"}],"curies":[{"name":"wp","href":"https:\/\/api.w.org\/{rel}","templated":true}]}}