{"id":111268,"date":"2026-03-02T11:01:45","date_gmt":"2026-03-02T10:01:45","guid":{"rendered":"https:\/\/letrame.com\/catalogo\/?post_type=product&#038;p=111268"},"modified":"2026-03-02T11:01:46","modified_gmt":"2026-03-02T10:01:46","slug":"la-culpa-muda","status":"publish","type":"product","link":"https:\/\/letrame.com\/catalogo\/producto\/la-culpa-muda\/","title":{"rendered":"La culpa muda"},"content":{"rendered":"<p class=\"p1\"><b>ISBN: 9791370291822<\/b><b><\/b><\/p>\n<p class=\"p1\"><b>T\u00edtulo: La culpa muda<\/b><br \/>\n<b>Fecha: 2025<\/b><br \/>\n<b>P\u00e1ginas: 174<\/b><b><\/b><\/p>\n<p class=\"p1\"><b>SINOPSIS<\/b><\/p>\n<p class=\"p1\">Una ciudad bajo la lluvia.<\/p>\n<p class=\"p1\">Una mujer desaparecida.<\/p>\n<p class=\"p1\">Un detective que no puede huir de sus propios fantasmas.<\/p>\n<p class=\"p1\">La lluvia cubre la ciudad como un manto de sombras, y cada rinc\u00f3n parece guardar un secreto.<\/p>\n<p class=\"p1\">En ese escenario opresivo, Juli\u00e1n S\u00e1nchez, un expolic\u00eda marcado por la culpa, recibe la llamada que lo arrastrar\u00e1 de nuevo al abismo: una joven ha desaparecido y nadie parece querer encontrarla.<\/p>\n<p class=\"p1\">Lo que comienza como una investigaci\u00f3n rutinaria se convierte en un laberinto de voces an\u00f3nimas, cartas ocultas y figuras que acechan desde la oscuridad. A cada paso, Juli\u00e1n deber\u00e1 enfrentarse no solo a quienes mueven los hilos en las sombras, sino tambi\u00e9n a sus propios demonios.<\/p>\n<p class=\"p1\">La culpa muda es una novela negra de atm\u00f3sfera envolvente e inquietante realismo, donde la tensi\u00f3n crece con cada p\u00e1gina y el lector queda atrapado en un juego inmersivo de secretos, silencios y culpas que nunca terminan.<\/p>\n","protected":false},"excerpt":{"rendered":"<p class=\"p1\"><b>ISBN: 9791370291822<\/b><b><\/b><\/p>\n<p class=\"p1\"><b>SINOPSIS<\/b><\/p>\n<p class=\"p1\">Una ciudad bajo la lluvia.<\/p>\n<p class=\"p1\">Una mujer desaparecida.<\/p>\n<p class=\"p1\">Un detective que no puede huir de sus propios fantasmas.<\/p>\n<p class=\"p1\">La lluvia cubre la ciudad como un manto de sombras, y cada rinc\u00f3n parece guardar un secreto.<\/p>\n<p class=\"p1\">En ese escenario opresivo, Juli\u00e1n S\u00e1nchez, un expolic\u00eda marcado por la culpa, recibe la llamada que lo arrastrar\u00e1 de nuevo al abismo: una joven ha desaparecido y nadie parece querer encontrarla.<\/p>\n<p class=\"p1\">Lo que comienza como una investigaci\u00f3n rutinaria se convierte en un laberinto de voces an\u00f3nimas, cartas ocultas y figuras que acechan desde la oscuridad. A cada paso, Juli\u00e1n deber\u00e1 enfrentarse no solo a quienes mueven los hilos en las sombras, sino tambi\u00e9n a sus propios demonios.<\/p>\n<p class=\"p1\">La culpa muda es una novela negra de atm\u00f3sfera envolvente e inquietante realismo, donde la tensi\u00f3n crece con cada p\u00e1gina y el lector queda atrapado en un juego inmersivo de secretos, silencios y culpas que nunca terminan.<\/p>\n","protected":false},"featured_media":111272,"comment_status":"open","ping_status":"closed","template":"","meta":{"_acf_changed":false},"libro":[],"product_brand":[],"product_cat":[51],"product_tag":[],"class_list":{"0":"post-111268","1":"product","2":"type-product","3":"status-publish","4":"has-post-thumbnail","6":"product_cat-novela-negra","8":"first","9":"instock","10":"shipping-taxable","11":"product-type-simple"},"acf":{"autor":[111269],"enlace_de_compra":"https:\/\/amzn.to\/4biR6sg"},"yoast_head":"<!-- This site is optimized with the Yoast SEO plugin v26.6 - https:\/\/yoast.com\/wordpress\/plugins\/seo\/ -->\n<title>La culpa muda - Catalogo | Letrame Grupo Editorial<\/title>\n<meta name=\"robots\" content=\"index, follow, max-snippet:-1, max-image-preview:large, max-video-preview:-1\" \/>\n<link rel=\"canonical\" href=\"https:\/\/letrame.com\/catalogo\/producto\/la-culpa-muda\/\" \/>\n<meta property=\"og:locale\" content=\"es_ES\" \/>\n<meta property=\"og:type\" content=\"article\" \/>\n<meta property=\"og:title\" content=\"La culpa muda - Catalogo | Letrame Grupo Editorial\" \/>\n<meta property=\"og:description\" content=\"ISBN: 9791370291822 SINOPSIS Una ciudad bajo la lluvia. Una mujer desaparecida. Un detective que no puede huir de sus propios fantasmas. La lluvia cubre la ciudad como un manto de sombras, y cada rinc\u00f3n parece guardar un secreto. En ese escenario opresivo, Juli\u00e1n S\u00e1nchez, un expolic\u00eda marcado por la culpa, recibe la llamada que lo arrastrar\u00e1 de nuevo al abismo: una joven ha desaparecido y nadie parece querer encontrarla. Lo que comienza como una investigaci\u00f3n rutinaria se convierte en un laberinto de voces an\u00f3nimas, cartas ocultas y figuras que acechan desde la oscuridad. A cada paso, Juli\u00e1n deber\u00e1 enfrentarse no solo a quienes mueven los hilos en las sombras, sino tambi\u00e9n a sus propios demonios. La culpa muda es una novela negra de atm\u00f3sfera envolvente e inquietante realismo, donde la tensi\u00f3n crece con cada p\u00e1gina y el lector queda atrapado en un juego inmersivo de secretos, silencios y culpas que nunca terminan.\" \/>\n<meta property=\"og:url\" content=\"https:\/\/letrame.com\/catalogo\/producto\/la-culpa-muda\/\" \/>\n<meta property=\"og:site_name\" content=\"Catalogo | Letrame Grupo Editorial\" \/>\n<meta property=\"article:modified_time\" content=\"2026-03-02T10:01:46+00:00\" \/>\n<meta property=\"og:image\" content=\"https:\/\/letrame.com\/catalogo\/wp-content\/uploads\/2026\/03\/portadacatalogo-1-scaled.jpg\" \/>\n\t<meta property=\"og:image:width\" content=\"1828\" \/>\n\t<meta property=\"og:image:height\" content=\"2560\" \/>\n\t<meta property=\"og:image:type\" content=\"image\/jpeg\" \/>\n<meta name=\"twitter:card\" content=\"summary_large_image\" \/>\n<meta name=\"twitter:label1\" content=\"Tiempo de lectura\" \/>\n\t<meta name=\"twitter:data1\" content=\"1 minuto\" \/>\n<script type=\"application\/ld+json\" class=\"yoast-schema-graph\">{\"@context\":\"https:\/\/schema.org\",\"@graph\":[{\"@type\":\"WebPage\",\"@id\":\"https:\/\/letrame.com\/catalogo\/producto\/la-culpa-muda\/\",\"url\":\"https:\/\/letrame.com\/catalogo\/producto\/la-culpa-muda\/\",\"name\":\"La culpa muda - Catalogo | Letrame Grupo Editorial\",\"isPartOf\":{\"@id\":\"https:\/\/letrame.com\/catalogo\/#website\"},\"primaryImageOfPage\":{\"@id\":\"https:\/\/letrame.com\/catalogo\/producto\/la-culpa-muda\/#primaryimage\"},\"image\":{\"@id\":\"https:\/\/letrame.com\/catalogo\/producto\/la-culpa-muda\/#primaryimage\"},\"thumbnailUrl\":\"https:\/\/letrame.com\/catalogo\/wp-content\/uploads\/2026\/03\/portadacatalogo-1-scaled.jpg\",\"datePublished\":\"2026-03-02T10:01:45+00:00\",\"dateModified\":\"2026-03-02T10:01:46+00:00\",\"breadcrumb\":{\"@id\":\"https:\/\/letrame.com\/catalogo\/producto\/la-culpa-muda\/#breadcrumb\"},\"inLanguage\":\"es\",\"potentialAction\":[{\"@type\":\"ReadAction\",\"target\":[\"https:\/\/letrame.com\/catalogo\/producto\/la-culpa-muda\/\"]}]},{\"@type\":\"ImageObject\",\"inLanguage\":\"es\",\"@id\":\"https:\/\/letrame.com\/catalogo\/producto\/la-culpa-muda\/#primaryimage\",\"url\":\"https:\/\/letrame.com\/catalogo\/wp-content\/uploads\/2026\/03\/portadacatalogo-1-scaled.jpg\",\"contentUrl\":\"https:\/\/letrame.com\/catalogo\/wp-content\/uploads\/2026\/03\/portadacatalogo-1-scaled.jpg\",\"width\":1828,\"height\":2560},{\"@type\":\"BreadcrumbList\",\"@id\":\"https:\/\/letrame.com\/catalogo\/producto\/la-culpa-muda\/#breadcrumb\",\"itemListElement\":[{\"@type\":\"ListItem\",\"position\":1,\"name\":\"Portada\",\"item\":\"https:\/\/letrame.com\/catalogo\/\"},{\"@type\":\"ListItem\",\"position\":2,\"name\":\"Cat\u00e1logo\",\"item\":\"https:\/\/letrame.com\/catalogo\/\"},{\"@type\":\"ListItem\",\"position\":3,\"name\":\"La culpa muda\"}]},{\"@type\":\"WebSite\",\"@id\":\"https:\/\/letrame.com\/catalogo\/#website\",\"url\":\"https:\/\/letrame.com\/catalogo\/\",\"name\":\"Catalogo | Letrame Grupo Editorial\",\"description\":\"\",\"publisher\":{\"@id\":\"https:\/\/letrame.com\/catalogo\/#organization\"},\"potentialAction\":[{\"@type\":\"SearchAction\",\"target\":{\"@type\":\"EntryPoint\",\"urlTemplate\":\"https:\/\/letrame.com\/catalogo\/?s={search_term_string}\"},\"query-input\":{\"@type\":\"PropertyValueSpecification\",\"valueRequired\":true,\"valueName\":\"search_term_string\"}}],\"inLanguage\":\"es\"},{\"@type\":\"Organization\",\"@id\":\"https:\/\/letrame.com\/catalogo\/#organization\",\"name\":\"Catalogo | Letrame Grupo Editorial\",\"url\":\"https:\/\/letrame.com\/catalogo\/\",\"logo\":{\"@type\":\"ImageObject\",\"inLanguage\":\"es\",\"@id\":\"https:\/\/letrame.com\/catalogo\/#\/schema\/logo\/image\/\",\"url\":\"https:\/\/letrame.com\/catalogo\/wp-content\/uploads\/2024\/03\/logo2.webp\",\"contentUrl\":\"https:\/\/letrame.com\/catalogo\/wp-content\/uploads\/2024\/03\/logo2.webp\",\"width\":394,\"height\":128,\"caption\":\"Catalogo | Letrame Grupo Editorial\"},\"image\":{\"@id\":\"https:\/\/letrame.com\/catalogo\/#\/schema\/logo\/image\/\"}}]}<\/script>\n<!-- \/ Yoast SEO plugin. -->","yoast_head_json":{"title":"La culpa muda - Catalogo | Letrame Grupo Editorial","robots":{"index":"index","follow":"follow","max-snippet":"max-snippet:-1","max-image-preview":"max-image-preview:large","max-video-preview":"max-video-preview:-1"},"canonical":"https:\/\/letrame.com\/catalogo\/producto\/la-culpa-muda\/","og_locale":"es_ES","og_type":"article","og_title":"La culpa muda - Catalogo | Letrame Grupo Editorial","og_description":"ISBN: 9791370291822 SINOPSIS Una ciudad bajo la lluvia. Una mujer desaparecida. Un detective que no puede huir de sus propios fantasmas. La lluvia cubre la ciudad como un manto de sombras, y cada rinc\u00f3n parece guardar un secreto. En ese escenario opresivo, Juli\u00e1n S\u00e1nchez, un expolic\u00eda marcado por la culpa, recibe la llamada que lo arrastrar\u00e1 de nuevo al abismo: una joven ha desaparecido y nadie parece querer encontrarla. Lo que comienza como una investigaci\u00f3n rutinaria se convierte en un laberinto de voces an\u00f3nimas, cartas ocultas y figuras que acechan desde la oscuridad. A cada paso, Juli\u00e1n deber\u00e1 enfrentarse no solo a quienes mueven los hilos en las sombras, sino tambi\u00e9n a sus propios demonios. La culpa muda es una novela negra de atm\u00f3sfera envolvente e inquietante realismo, donde la tensi\u00f3n crece con cada p\u00e1gina y el lector queda atrapado en un juego inmersivo de secretos, silencios y culpas que nunca terminan.","og_url":"https:\/\/letrame.com\/catalogo\/producto\/la-culpa-muda\/","og_site_name":"Catalogo | Letrame Grupo Editorial","article_modified_time":"2026-03-02T10:01:46+00:00","og_image":[{"width":1828,"height":2560,"url":"https:\/\/letrame.com\/catalogo\/wp-content\/uploads\/2026\/03\/portadacatalogo-1-scaled.jpg","type":"image\/jpeg"}],"twitter_card":"summary_large_image","twitter_misc":{"Tiempo de lectura":"1 minuto"},"schema":{"@context":"https:\/\/schema.org","@graph":[{"@type":"WebPage","@id":"https:\/\/letrame.com\/catalogo\/producto\/la-culpa-muda\/","url":"https:\/\/letrame.com\/catalogo\/producto\/la-culpa-muda\/","name":"La culpa muda - Catalogo | Letrame Grupo Editorial","isPartOf":{"@id":"https:\/\/letrame.com\/catalogo\/#website"},"primaryImageOfPage":{"@id":"https:\/\/letrame.com\/catalogo\/producto\/la-culpa-muda\/#primaryimage"},"image":{"@id":"https:\/\/letrame.com\/catalogo\/producto\/la-culpa-muda\/#primaryimage"},"thumbnailUrl":"https:\/\/letrame.com\/catalogo\/wp-content\/uploads\/2026\/03\/portadacatalogo-1-scaled.jpg","datePublished":"2026-03-02T10:01:45+00:00","dateModified":"2026-03-02T10:01:46+00:00","breadcrumb":{"@id":"https:\/\/letrame.com\/catalogo\/producto\/la-culpa-muda\/#breadcrumb"},"inLanguage":"es","potentialAction":[{"@type":"ReadAction","target":["https:\/\/letrame.com\/catalogo\/producto\/la-culpa-muda\/"]}]},{"@type":"ImageObject","inLanguage":"es","@id":"https:\/\/letrame.com\/catalogo\/producto\/la-culpa-muda\/#primaryimage","url":"https:\/\/letrame.com\/catalogo\/wp-content\/uploads\/2026\/03\/portadacatalogo-1-scaled.jpg","contentUrl":"https:\/\/letrame.com\/catalogo\/wp-content\/uploads\/2026\/03\/portadacatalogo-1-scaled.jpg","width":1828,"height":2560},{"@type":"BreadcrumbList","@id":"https:\/\/letrame.com\/catalogo\/producto\/la-culpa-muda\/#breadcrumb","itemListElement":[{"@type":"ListItem","position":1,"name":"Portada","item":"https:\/\/letrame.com\/catalogo\/"},{"@type":"ListItem","position":2,"name":"Cat\u00e1logo","item":"https:\/\/letrame.com\/catalogo\/"},{"@type":"ListItem","position":3,"name":"La culpa muda"}]},{"@type":"WebSite","@id":"https:\/\/letrame.com\/catalogo\/#website","url":"https:\/\/letrame.com\/catalogo\/","name":"Catalogo | Letrame Grupo Editorial","description":"","publisher":{"@id":"https:\/\/letrame.com\/catalogo\/#organization"},"potentialAction":[{"@type":"SearchAction","target":{"@type":"EntryPoint","urlTemplate":"https:\/\/letrame.com\/catalogo\/?s={search_term_string}"},"query-input":{"@type":"PropertyValueSpecification","valueRequired":true,"valueName":"search_term_string"}}],"inLanguage":"es"},{"@type":"Organization","@id":"https:\/\/letrame.com\/catalogo\/#organization","name":"Catalogo | Letrame Grupo Editorial","url":"https:\/\/letrame.com\/catalogo\/","logo":{"@type":"ImageObject","inLanguage":"es","@id":"https:\/\/letrame.com\/catalogo\/#\/schema\/logo\/image\/","url":"https:\/\/letrame.com\/catalogo\/wp-content\/uploads\/2024\/03\/logo2.webp","contentUrl":"https:\/\/letrame.com\/catalogo\/wp-content\/uploads\/2024\/03\/logo2.webp","width":394,"height":128,"caption":"Catalogo | Letrame Grupo Editorial"},"image":{"@id":"https:\/\/letrame.com\/catalogo\/#\/schema\/logo\/image\/"}}]}},"_links":{"self":[{"href":"https:\/\/letrame.com\/catalogo\/wp-json\/wp\/v2\/product\/111268","targetHints":{"allow":["GET"]}}],"collection":[{"href":"https:\/\/letrame.com\/catalogo\/wp-json\/wp\/v2\/product"}],"about":[{"href":"https:\/\/letrame.com\/catalogo\/wp-json\/wp\/v2\/types\/product"}],"replies":[{"embeddable":true,"href":"https:\/\/letrame.com\/catalogo\/wp-json\/wp\/v2\/comments?post=111268"}],"acf:post":[{"embeddable":true,"href":"https:\/\/letrame.com\/catalogo\/wp-json\/wp\/v2\/author_book\/111269"}],"wp:featuredmedia":[{"embeddable":true,"href":"https:\/\/letrame.com\/catalogo\/wp-json\/wp\/v2\/media\/111272"}],"wp:attachment":[{"href":"https:\/\/letrame.com\/catalogo\/wp-json\/wp\/v2\/media?parent=111268"}],"wp:term":[{"taxonomy":"libro","embeddable":true,"href":"https:\/\/letrame.com\/catalogo\/wp-json\/wp\/v2\/libro?post=111268"},{"taxonomy":"product_brand","embeddable":true,"href":"https:\/\/letrame.com\/catalogo\/wp-json\/wp\/v2\/product_brand?post=111268"},{"taxonomy":"product_cat","embeddable":true,"href":"https:\/\/letrame.com\/catalogo\/wp-json\/wp\/v2\/product_cat?post=111268"},{"taxonomy":"product_tag","embeddable":true,"href":"https:\/\/letrame.com\/catalogo\/wp-json\/wp\/v2\/product_tag?post=111268"}],"curies":[{"name":"wp","href":"https:\/\/api.w.org\/{rel}","templated":true}]}}