{"id":111261,"date":"2026-03-02T10:40:04","date_gmt":"2026-03-02T09:40:04","guid":{"rendered":"https:\/\/letrame.com\/catalogo\/?post_type=product&#038;p=111261"},"modified":"2026-03-02T10:40:05","modified_gmt":"2026-03-02T09:40:05","slug":"el-tunel-del-terror","status":"publish","type":"product","link":"https:\/\/letrame.com\/catalogo\/producto\/el-tunel-del-terror\/","title":{"rendered":"El t\u00fanel del terror"},"content":{"rendered":"<p class=\"p1\"><b>ISBN: 9791370292775<\/b><b><\/b><\/p>\n<p class=\"p1\"><b>T\u00edtulo: El t\u00fanel del terror<\/b><br \/>\n<b>Fecha: 2025<\/b><br \/>\n<b>P\u00e1ginas: 180<\/b><b><\/b><\/p>\n<p class=\"p1\">\u00a0<b>SINOPSIS<\/b><\/p>\n<p class=\"p1\">Todo iba bien. O al menos, lo suficientemente bien para Adri\u00e1n Salas: actor amateur, amigo fiel, amante del senderismo, los puzles y el arte de fingir sustos en un t\u00fanel del terror cada octubre. Ni h\u00e9roe ni villano. Un tipo com\u00fan, de esos que uno nunca imaginar\u00eda encerrado en una celda, acusado de algo atroz.<\/p>\n<p class=\"p1\">Pero cuando la vida te da un volantazo, no hay freno que valga. Todo empieza con una llamada de la comisar\u00eda. Y de ah\u00ed, en picado: interrogatorios absurdos, un abogado que parece salido de una serie de sobremesa y una denuncia tan imposible como devastadora. Adri\u00e1n se ve atrapado en una pesadilla real, acusado por alguien en quien confi\u00f3 ciegamente.<\/p>\n<p class=\"p1\">El t\u00fanel del terror es un viaje brutal por el coraz\u00f3n de la injusticia, la soledad y la traici\u00f3n. Narrada con humor \u00e1cido, honestidad cruda y una voz que te agarra por el pecho, esta historia te arrastra por pasillos de juzgados, calabozos malolientes y prisiones donde el silencio pesa m\u00e1s que los barrotes.<\/p>\n<p class=\"p1\">Y todo contado por alguien que, pese a todo, sigue creyendo que la vida es puro teatro&#8230; pero sin ensayos generales.<\/p>\n","protected":false},"excerpt":{"rendered":"<p class=\"p1\"><b>ISBN: 9791370292775<\/b><b><\/b><\/p>\n<p class=\"p1\"><b>SINOPSIS<\/b><\/p>\n<p class=\"p1\">Todo iba bien. O al menos, lo suficientemente bien para Adri\u00e1n Salas: actor amateur, amigo fiel, amante del senderismo, los puzles y el arte de fingir sustos en un t\u00fanel del terror cada octubre. Ni h\u00e9roe ni villano. Un tipo com\u00fan, de esos que uno nunca imaginar\u00eda encerrado en una celda, acusado de algo atroz.<\/p>\n<p class=\"p1\">Pero cuando la vida te da un volantazo, no hay freno que valga. Todo empieza con una llamada de la comisar\u00eda. Y de ah\u00ed, en picado: interrogatorios absurdos, un abogado que parece salido de una serie de sobremesa y una denuncia tan imposible como devastadora. Adri\u00e1n se ve atrapado en una pesadilla real, acusado por alguien en quien confi\u00f3 ciegamente.<\/p>\n<p class=\"p1\">El t\u00fanel del terror es un viaje brutal por el coraz\u00f3n de la injusticia, la soledad y la traici\u00f3n. Narrada con humor \u00e1cido, honestidad cruda y una voz que te agarra por el pecho, esta historia te arrastra por pasillos de juzgados, calabozos malolientes y prisiones donde el silencio pesa m\u00e1s que los barrotes.<\/p>\n<p class=\"p1\">Y todo contado por alguien que, pese a todo, sigue creyendo que la vida es puro teatro&#8230; pero sin ensayos generales.<\/p>\n","protected":false},"featured_media":111265,"comment_status":"open","ping_status":"closed","template":"","meta":{"_acf_changed":false},"libro":[],"product_brand":[],"product_cat":[133],"product_tag":[],"class_list":{"0":"post-111261","1":"product","2":"type-product","3":"status-publish","4":"has-post-thumbnail","6":"product_cat-no-ficcion","8":"first","9":"instock","10":"shipping-taxable","11":"product-type-simple"},"acf":{"autor":[111262],"enlace_de_compra":"https:\/\/amzn.to\/4rM9KyF"},"yoast_head":"<!-- This site is optimized with the Yoast SEO plugin v26.6 - https:\/\/yoast.com\/wordpress\/plugins\/seo\/ -->\n<title>El t\u00fanel del terror - Catalogo | Letrame Grupo Editorial<\/title>\n<meta name=\"robots\" content=\"index, follow, max-snippet:-1, max-image-preview:large, max-video-preview:-1\" \/>\n<link rel=\"canonical\" href=\"https:\/\/letrame.com\/catalogo\/producto\/el-tunel-del-terror\/\" \/>\n<meta property=\"og:locale\" content=\"es_ES\" \/>\n<meta property=\"og:type\" content=\"article\" \/>\n<meta property=\"og:title\" content=\"El t\u00fanel del terror - Catalogo | Letrame Grupo Editorial\" \/>\n<meta property=\"og:description\" content=\"ISBN: 9791370292775 SINOPSIS Todo iba bien. O al menos, lo suficientemente bien para Adri\u00e1n Salas: actor amateur, amigo fiel, amante del senderismo, los puzles y el arte de fingir sustos en un t\u00fanel del terror cada octubre. Ni h\u00e9roe ni villano. Un tipo com\u00fan, de esos que uno nunca imaginar\u00eda encerrado en una celda, acusado de algo atroz. Pero cuando la vida te da un volantazo, no hay freno que valga. Todo empieza con una llamada de la comisar\u00eda. Y de ah\u00ed, en picado: interrogatorios absurdos, un abogado que parece salido de una serie de sobremesa y una denuncia tan imposible como devastadora. Adri\u00e1n se ve atrapado en una pesadilla real, acusado por alguien en quien confi\u00f3 ciegamente. El t\u00fanel del terror es un viaje brutal por el coraz\u00f3n de la injusticia, la soledad y la traici\u00f3n. Narrada con humor \u00e1cido, honestidad cruda y una voz que te agarra por el pecho, esta historia te arrastra por pasillos de juzgados, calabozos malolientes y prisiones donde el silencio pesa m\u00e1s que los barrotes. Y todo contado por alguien que, pese a todo, sigue creyendo que la vida es puro teatro... pero sin ensayos generales.\" \/>\n<meta property=\"og:url\" content=\"https:\/\/letrame.com\/catalogo\/producto\/el-tunel-del-terror\/\" \/>\n<meta property=\"og:site_name\" content=\"Catalogo | Letrame Grupo Editorial\" \/>\n<meta property=\"article:modified_time\" content=\"2026-03-02T09:40:05+00:00\" \/>\n<meta property=\"og:image\" content=\"https:\/\/letrame.com\/catalogo\/wp-content\/uploads\/2026\/03\/eltuneldelterror_102mm4-scaled.jpg\" \/>\n\t<meta property=\"og:image:width\" content=\"1828\" \/>\n\t<meta property=\"og:image:height\" content=\"2560\" \/>\n\t<meta property=\"og:image:type\" content=\"image\/jpeg\" \/>\n<meta name=\"twitter:card\" content=\"summary_large_image\" \/>\n<meta name=\"twitter:label1\" content=\"Tiempo de lectura\" \/>\n\t<meta name=\"twitter:data1\" content=\"2 minutos\" \/>\n<script type=\"application\/ld+json\" class=\"yoast-schema-graph\">{\"@context\":\"https:\/\/schema.org\",\"@graph\":[{\"@type\":\"WebPage\",\"@id\":\"https:\/\/letrame.com\/catalogo\/producto\/el-tunel-del-terror\/\",\"url\":\"https:\/\/letrame.com\/catalogo\/producto\/el-tunel-del-terror\/\",\"name\":\"El t\u00fanel del terror - Catalogo | Letrame Grupo Editorial\",\"isPartOf\":{\"@id\":\"https:\/\/letrame.com\/catalogo\/#website\"},\"primaryImageOfPage\":{\"@id\":\"https:\/\/letrame.com\/catalogo\/producto\/el-tunel-del-terror\/#primaryimage\"},\"image\":{\"@id\":\"https:\/\/letrame.com\/catalogo\/producto\/el-tunel-del-terror\/#primaryimage\"},\"thumbnailUrl\":\"https:\/\/letrame.com\/catalogo\/wp-content\/uploads\/2026\/03\/eltuneldelterror_102mm4-scaled.jpg\",\"datePublished\":\"2026-03-02T09:40:04+00:00\",\"dateModified\":\"2026-03-02T09:40:05+00:00\",\"breadcrumb\":{\"@id\":\"https:\/\/letrame.com\/catalogo\/producto\/el-tunel-del-terror\/#breadcrumb\"},\"inLanguage\":\"es\",\"potentialAction\":[{\"@type\":\"ReadAction\",\"target\":[\"https:\/\/letrame.com\/catalogo\/producto\/el-tunel-del-terror\/\"]}]},{\"@type\":\"ImageObject\",\"inLanguage\":\"es\",\"@id\":\"https:\/\/letrame.com\/catalogo\/producto\/el-tunel-del-terror\/#primaryimage\",\"url\":\"https:\/\/letrame.com\/catalogo\/wp-content\/uploads\/2026\/03\/eltuneldelterror_102mm4-scaled.jpg\",\"contentUrl\":\"https:\/\/letrame.com\/catalogo\/wp-content\/uploads\/2026\/03\/eltuneldelterror_102mm4-scaled.jpg\",\"width\":1828,\"height\":2560},{\"@type\":\"BreadcrumbList\",\"@id\":\"https:\/\/letrame.com\/catalogo\/producto\/el-tunel-del-terror\/#breadcrumb\",\"itemListElement\":[{\"@type\":\"ListItem\",\"position\":1,\"name\":\"Portada\",\"item\":\"https:\/\/letrame.com\/catalogo\/\"},{\"@type\":\"ListItem\",\"position\":2,\"name\":\"Cat\u00e1logo\",\"item\":\"https:\/\/letrame.com\/catalogo\/\"},{\"@type\":\"ListItem\",\"position\":3,\"name\":\"El t\u00fanel del terror\"}]},{\"@type\":\"WebSite\",\"@id\":\"https:\/\/letrame.com\/catalogo\/#website\",\"url\":\"https:\/\/letrame.com\/catalogo\/\",\"name\":\"Catalogo | Letrame Grupo Editorial\",\"description\":\"\",\"publisher\":{\"@id\":\"https:\/\/letrame.com\/catalogo\/#organization\"},\"potentialAction\":[{\"@type\":\"SearchAction\",\"target\":{\"@type\":\"EntryPoint\",\"urlTemplate\":\"https:\/\/letrame.com\/catalogo\/?s={search_term_string}\"},\"query-input\":{\"@type\":\"PropertyValueSpecification\",\"valueRequired\":true,\"valueName\":\"search_term_string\"}}],\"inLanguage\":\"es\"},{\"@type\":\"Organization\",\"@id\":\"https:\/\/letrame.com\/catalogo\/#organization\",\"name\":\"Catalogo | Letrame Grupo Editorial\",\"url\":\"https:\/\/letrame.com\/catalogo\/\",\"logo\":{\"@type\":\"ImageObject\",\"inLanguage\":\"es\",\"@id\":\"https:\/\/letrame.com\/catalogo\/#\/schema\/logo\/image\/\",\"url\":\"https:\/\/letrame.com\/catalogo\/wp-content\/uploads\/2024\/03\/logo2.webp\",\"contentUrl\":\"https:\/\/letrame.com\/catalogo\/wp-content\/uploads\/2024\/03\/logo2.webp\",\"width\":394,\"height\":128,\"caption\":\"Catalogo | Letrame Grupo Editorial\"},\"image\":{\"@id\":\"https:\/\/letrame.com\/catalogo\/#\/schema\/logo\/image\/\"}}]}<\/script>\n<!-- \/ Yoast SEO plugin. -->","yoast_head_json":{"title":"El t\u00fanel del terror - Catalogo | Letrame Grupo Editorial","robots":{"index":"index","follow":"follow","max-snippet":"max-snippet:-1","max-image-preview":"max-image-preview:large","max-video-preview":"max-video-preview:-1"},"canonical":"https:\/\/letrame.com\/catalogo\/producto\/el-tunel-del-terror\/","og_locale":"es_ES","og_type":"article","og_title":"El t\u00fanel del terror - Catalogo | Letrame Grupo Editorial","og_description":"ISBN: 9791370292775 SINOPSIS Todo iba bien. O al menos, lo suficientemente bien para Adri\u00e1n Salas: actor amateur, amigo fiel, amante del senderismo, los puzles y el arte de fingir sustos en un t\u00fanel del terror cada octubre. Ni h\u00e9roe ni villano. Un tipo com\u00fan, de esos que uno nunca imaginar\u00eda encerrado en una celda, acusado de algo atroz. Pero cuando la vida te da un volantazo, no hay freno que valga. Todo empieza con una llamada de la comisar\u00eda. Y de ah\u00ed, en picado: interrogatorios absurdos, un abogado que parece salido de una serie de sobremesa y una denuncia tan imposible como devastadora. Adri\u00e1n se ve atrapado en una pesadilla real, acusado por alguien en quien confi\u00f3 ciegamente. El t\u00fanel del terror es un viaje brutal por el coraz\u00f3n de la injusticia, la soledad y la traici\u00f3n. Narrada con humor \u00e1cido, honestidad cruda y una voz que te agarra por el pecho, esta historia te arrastra por pasillos de juzgados, calabozos malolientes y prisiones donde el silencio pesa m\u00e1s que los barrotes. Y todo contado por alguien que, pese a todo, sigue creyendo que la vida es puro teatro... pero sin ensayos generales.","og_url":"https:\/\/letrame.com\/catalogo\/producto\/el-tunel-del-terror\/","og_site_name":"Catalogo | Letrame Grupo Editorial","article_modified_time":"2026-03-02T09:40:05+00:00","og_image":[{"width":1828,"height":2560,"url":"https:\/\/letrame.com\/catalogo\/wp-content\/uploads\/2026\/03\/eltuneldelterror_102mm4-scaled.jpg","type":"image\/jpeg"}],"twitter_card":"summary_large_image","twitter_misc":{"Tiempo de lectura":"2 minutos"},"schema":{"@context":"https:\/\/schema.org","@graph":[{"@type":"WebPage","@id":"https:\/\/letrame.com\/catalogo\/producto\/el-tunel-del-terror\/","url":"https:\/\/letrame.com\/catalogo\/producto\/el-tunel-del-terror\/","name":"El t\u00fanel del terror - Catalogo | Letrame Grupo Editorial","isPartOf":{"@id":"https:\/\/letrame.com\/catalogo\/#website"},"primaryImageOfPage":{"@id":"https:\/\/letrame.com\/catalogo\/producto\/el-tunel-del-terror\/#primaryimage"},"image":{"@id":"https:\/\/letrame.com\/catalogo\/producto\/el-tunel-del-terror\/#primaryimage"},"thumbnailUrl":"https:\/\/letrame.com\/catalogo\/wp-content\/uploads\/2026\/03\/eltuneldelterror_102mm4-scaled.jpg","datePublished":"2026-03-02T09:40:04+00:00","dateModified":"2026-03-02T09:40:05+00:00","breadcrumb":{"@id":"https:\/\/letrame.com\/catalogo\/producto\/el-tunel-del-terror\/#breadcrumb"},"inLanguage":"es","potentialAction":[{"@type":"ReadAction","target":["https:\/\/letrame.com\/catalogo\/producto\/el-tunel-del-terror\/"]}]},{"@type":"ImageObject","inLanguage":"es","@id":"https:\/\/letrame.com\/catalogo\/producto\/el-tunel-del-terror\/#primaryimage","url":"https:\/\/letrame.com\/catalogo\/wp-content\/uploads\/2026\/03\/eltuneldelterror_102mm4-scaled.jpg","contentUrl":"https:\/\/letrame.com\/catalogo\/wp-content\/uploads\/2026\/03\/eltuneldelterror_102mm4-scaled.jpg","width":1828,"height":2560},{"@type":"BreadcrumbList","@id":"https:\/\/letrame.com\/catalogo\/producto\/el-tunel-del-terror\/#breadcrumb","itemListElement":[{"@type":"ListItem","position":1,"name":"Portada","item":"https:\/\/letrame.com\/catalogo\/"},{"@type":"ListItem","position":2,"name":"Cat\u00e1logo","item":"https:\/\/letrame.com\/catalogo\/"},{"@type":"ListItem","position":3,"name":"El t\u00fanel del terror"}]},{"@type":"WebSite","@id":"https:\/\/letrame.com\/catalogo\/#website","url":"https:\/\/letrame.com\/catalogo\/","name":"Catalogo | Letrame Grupo Editorial","description":"","publisher":{"@id":"https:\/\/letrame.com\/catalogo\/#organization"},"potentialAction":[{"@type":"SearchAction","target":{"@type":"EntryPoint","urlTemplate":"https:\/\/letrame.com\/catalogo\/?s={search_term_string}"},"query-input":{"@type":"PropertyValueSpecification","valueRequired":true,"valueName":"search_term_string"}}],"inLanguage":"es"},{"@type":"Organization","@id":"https:\/\/letrame.com\/catalogo\/#organization","name":"Catalogo | Letrame Grupo Editorial","url":"https:\/\/letrame.com\/catalogo\/","logo":{"@type":"ImageObject","inLanguage":"es","@id":"https:\/\/letrame.com\/catalogo\/#\/schema\/logo\/image\/","url":"https:\/\/letrame.com\/catalogo\/wp-content\/uploads\/2024\/03\/logo2.webp","contentUrl":"https:\/\/letrame.com\/catalogo\/wp-content\/uploads\/2024\/03\/logo2.webp","width":394,"height":128,"caption":"Catalogo | Letrame Grupo Editorial"},"image":{"@id":"https:\/\/letrame.com\/catalogo\/#\/schema\/logo\/image\/"}}]}},"_links":{"self":[{"href":"https:\/\/letrame.com\/catalogo\/wp-json\/wp\/v2\/product\/111261","targetHints":{"allow":["GET"]}}],"collection":[{"href":"https:\/\/letrame.com\/catalogo\/wp-json\/wp\/v2\/product"}],"about":[{"href":"https:\/\/letrame.com\/catalogo\/wp-json\/wp\/v2\/types\/product"}],"replies":[{"embeddable":true,"href":"https:\/\/letrame.com\/catalogo\/wp-json\/wp\/v2\/comments?post=111261"}],"acf:post":[{"embeddable":true,"href":"https:\/\/letrame.com\/catalogo\/wp-json\/wp\/v2\/author_book\/111262"}],"wp:featuredmedia":[{"embeddable":true,"href":"https:\/\/letrame.com\/catalogo\/wp-json\/wp\/v2\/media\/111265"}],"wp:attachment":[{"href":"https:\/\/letrame.com\/catalogo\/wp-json\/wp\/v2\/media?parent=111261"}],"wp:term":[{"taxonomy":"libro","embeddable":true,"href":"https:\/\/letrame.com\/catalogo\/wp-json\/wp\/v2\/libro?post=111261"},{"taxonomy":"product_brand","embeddable":true,"href":"https:\/\/letrame.com\/catalogo\/wp-json\/wp\/v2\/product_brand?post=111261"},{"taxonomy":"product_cat","embeddable":true,"href":"https:\/\/letrame.com\/catalogo\/wp-json\/wp\/v2\/product_cat?post=111261"},{"taxonomy":"product_tag","embeddable":true,"href":"https:\/\/letrame.com\/catalogo\/wp-json\/wp\/v2\/product_tag?post=111261"}],"curies":[{"name":"wp","href":"https:\/\/api.w.org\/{rel}","templated":true}]}}