{"id":111250,"date":"2026-02-27T11:06:33","date_gmt":"2026-02-27T10:06:33","guid":{"rendered":"https:\/\/letrame.com\/catalogo\/?post_type=product&#038;p=111250"},"modified":"2026-03-23T10:53:45","modified_gmt":"2026-03-23T09:53:45","slug":"mentideros-de-madrid","status":"publish","type":"product","link":"https:\/\/letrame.com\/catalogo\/producto\/mentideros-de-madrid\/","title":{"rendered":"Mentideros de Madrid"},"content":{"rendered":"<p><strong>ISBN: 9791370293529<\/strong><br \/>\n<strong>T\u00edtulo: Mentideros de Madrid<\/strong><br \/>\n<strong>Fecha: 2025<\/strong><br \/>\n<strong>P\u00e1ginas: 246<\/strong><\/p>\n<p><strong>SINOPSIS<\/strong><\/p>\n<p data-start=\"0\" data-end=\"574\">La lectura de este libro permite disfrutar de una novela policiaca con unas caracter\u00edsticas especiales. Incluye una visi\u00f3n policiaca de tres asesinatos hist\u00f3ricos que a\u00fan hoy en d\u00eda siguen sin resolverse. Los asesinatos de Escobedo, en la \u00e9poca de Felipe II; del conde de Villamediana, durante el reinado de Felipe IV, y del general Prim, tras el derrocamiento de Isabel II. Se da a cada uno de ellos una soluci\u00f3n novelada, tan cierta, o incierta, como otras teor\u00edas existentes sobre lo que pas\u00f3 en cada caso, mezclando personajes reales con otros inventados por el autor.<\/p>\n<p data-start=\"576\" data-end=\"859\">Junto a ello, se plantean tres asesinatos que suceden de forma m\u00e1s o menos simult\u00e1nea a los magnicidios, correspondiendo su resoluci\u00f3n en cada \u00e9poca a tres miembros de una saga familiar que perdura durante los siglos, compartiendo los tres polic\u00edas el mismo nombre: Antonio Garc\u00eda.<\/p>\n<p data-start=\"861\" data-end=\"958\" data-is-last-node=\"\" data-is-only-node=\"\">\u00a1Ah! Y adem\u00e1s se ofrecen algunos datos sobre Madrid, mi pueblo, que pueden resultar interesantes.<\/p>\n","protected":false},"excerpt":{"rendered":"<p><strong>ISBN: 9791370293529<\/strong><\/p>\n<p><strong>SINOPSIS<\/strong><\/p>\n<p data-start=\"0\" data-end=\"574\">La lectura de este libro permite disfrutar de una novela policiaca con unas caracter\u00edsticas especiales. Incluye una visi\u00f3n policiaca de tres asesinatos hist\u00f3ricos que a\u00fan hoy en d\u00eda siguen sin resolverse. Los asesinatos de Escobedo, en la \u00e9poca de Felipe II; del conde de Villamediana, durante el reinado de Felipe IV, y del general Prim, tras el derrocamiento de Isabel II. Se da a cada uno de ellos una soluci\u00f3n novelada, tan cierta, o incierta, como otras teor\u00edas existentes sobre lo que pas\u00f3 en cada caso, mezclando personajes reales con otros inventados por el autor.<\/p>\n<p data-start=\"576\" data-end=\"859\">Junto a ello, se plantean tres asesinatos que suceden de forma m\u00e1s o menos simult\u00e1nea a los magnicidios, correspondiendo su resoluci\u00f3n en cada \u00e9poca a tres miembros de una saga familiar que perdura durante los siglos, compartiendo los tres polic\u00edas el mismo nombre: Antonio Garc\u00eda.<\/p>\n<p data-start=\"861\" data-end=\"958\" data-is-last-node=\"\" data-is-only-node=\"\">\u00a1Ah! Y adem\u00e1s se ofrecen algunos datos sobre Madrid, mi pueblo, que pueden resultar interesantes.<\/p>\n","protected":false},"featured_media":111251,"comment_status":"open","ping_status":"closed","template":"","meta":{"_acf_changed":false},"libro":[],"product_brand":[],"product_cat":[62],"product_tag":[],"class_list":{"0":"post-111250","1":"product","2":"type-product","3":"status-publish","4":"has-post-thumbnail","6":"product_cat-historico","8":"first","9":"instock","10":"shipping-taxable","11":"product-type-simple"},"acf":{"autor":[108484],"enlace_de_compra":"https:\/\/amzn.to\/4aObEZH"},"yoast_head":"<!-- This site is optimized with the Yoast SEO plugin v26.6 - https:\/\/yoast.com\/wordpress\/plugins\/seo\/ -->\n<title>Mentideros de Madrid - Catalogo | Letrame Grupo Editorial<\/title>\n<meta name=\"robots\" content=\"index, follow, max-snippet:-1, max-image-preview:large, max-video-preview:-1\" \/>\n<link rel=\"canonical\" href=\"https:\/\/letrame.com\/catalogo\/producto\/mentideros-de-madrid\/\" \/>\n<meta property=\"og:locale\" content=\"es_ES\" \/>\n<meta property=\"og:type\" content=\"article\" \/>\n<meta property=\"og:title\" content=\"Mentideros de Madrid - Catalogo | Letrame Grupo Editorial\" \/>\n<meta property=\"og:description\" content=\"ISBN: 9791370293529  SINOPSIS La lectura de este libro permite disfrutar de una novela policiaca con unas caracter\u00edsticas especiales. Incluye una visi\u00f3n policiaca de tres asesinatos hist\u00f3ricos que a\u00fan hoy en d\u00eda siguen sin resolverse. Los asesinatos de Escobedo, en la \u00e9poca de Felipe II; del conde de Villamediana, durante el reinado de Felipe IV, y del general Prim, tras el derrocamiento de Isabel II. Se da a cada uno de ellos una soluci\u00f3n novelada, tan cierta, o incierta, como otras teor\u00edas existentes sobre lo que pas\u00f3 en cada caso, mezclando personajes reales con otros inventados por el autor. Junto a ello, se plantean tres asesinatos que suceden de forma m\u00e1s o menos simult\u00e1nea a los magnicidios, correspondiendo su resoluci\u00f3n en cada \u00e9poca a tres miembros de una saga familiar que perdura durante los siglos, compartiendo los tres polic\u00edas el mismo nombre: Antonio Garc\u00eda. \u00a1Ah! Y adem\u00e1s se ofrecen algunos datos sobre Madrid, mi pueblo, que pueden resultar interesantes.\" \/>\n<meta property=\"og:url\" content=\"https:\/\/letrame.com\/catalogo\/producto\/mentideros-de-madrid\/\" \/>\n<meta property=\"og:site_name\" content=\"Catalogo | Letrame Grupo Editorial\" \/>\n<meta property=\"article:modified_time\" content=\"2026-03-23T09:53:45+00:00\" \/>\n<meta property=\"og:image\" content=\"https:\/\/letrame.com\/catalogo\/wp-content\/uploads\/2026\/02\/portadacatalogomentiderosdemadrid-scaled.jpg\" \/>\n\t<meta property=\"og:image:width\" content=\"1828\" \/>\n\t<meta property=\"og:image:height\" content=\"2560\" \/>\n\t<meta property=\"og:image:type\" content=\"image\/jpeg\" \/>\n<meta name=\"twitter:card\" content=\"summary_large_image\" \/>\n<meta name=\"twitter:label1\" content=\"Tiempo de lectura\" \/>\n\t<meta name=\"twitter:data1\" content=\"1 minuto\" \/>\n<script type=\"application\/ld+json\" class=\"yoast-schema-graph\">{\"@context\":\"https:\/\/schema.org\",\"@graph\":[{\"@type\":\"WebPage\",\"@id\":\"https:\/\/letrame.com\/catalogo\/producto\/mentideros-de-madrid\/\",\"url\":\"https:\/\/letrame.com\/catalogo\/producto\/mentideros-de-madrid\/\",\"name\":\"Mentideros de Madrid - Catalogo | Letrame Grupo Editorial\",\"isPartOf\":{\"@id\":\"https:\/\/letrame.com\/catalogo\/#website\"},\"primaryImageOfPage\":{\"@id\":\"https:\/\/letrame.com\/catalogo\/producto\/mentideros-de-madrid\/#primaryimage\"},\"image\":{\"@id\":\"https:\/\/letrame.com\/catalogo\/producto\/mentideros-de-madrid\/#primaryimage\"},\"thumbnailUrl\":\"https:\/\/letrame.com\/catalogo\/wp-content\/uploads\/2026\/02\/portadacatalogomentiderosdemadrid-scaled.jpg\",\"datePublished\":\"2026-02-27T10:06:33+00:00\",\"dateModified\":\"2026-03-23T09:53:45+00:00\",\"breadcrumb\":{\"@id\":\"https:\/\/letrame.com\/catalogo\/producto\/mentideros-de-madrid\/#breadcrumb\"},\"inLanguage\":\"es\",\"potentialAction\":[{\"@type\":\"ReadAction\",\"target\":[\"https:\/\/letrame.com\/catalogo\/producto\/mentideros-de-madrid\/\"]}]},{\"@type\":\"ImageObject\",\"inLanguage\":\"es\",\"@id\":\"https:\/\/letrame.com\/catalogo\/producto\/mentideros-de-madrid\/#primaryimage\",\"url\":\"https:\/\/letrame.com\/catalogo\/wp-content\/uploads\/2026\/02\/portadacatalogomentiderosdemadrid-scaled.jpg\",\"contentUrl\":\"https:\/\/letrame.com\/catalogo\/wp-content\/uploads\/2026\/02\/portadacatalogomentiderosdemadrid-scaled.jpg\",\"width\":1828,\"height\":2560},{\"@type\":\"BreadcrumbList\",\"@id\":\"https:\/\/letrame.com\/catalogo\/producto\/mentideros-de-madrid\/#breadcrumb\",\"itemListElement\":[{\"@type\":\"ListItem\",\"position\":1,\"name\":\"Portada\",\"item\":\"https:\/\/letrame.com\/catalogo\/\"},{\"@type\":\"ListItem\",\"position\":2,\"name\":\"Cat\u00e1logo\",\"item\":\"https:\/\/letrame.com\/catalogo\/\"},{\"@type\":\"ListItem\",\"position\":3,\"name\":\"Mentideros de Madrid\"}]},{\"@type\":\"WebSite\",\"@id\":\"https:\/\/letrame.com\/catalogo\/#website\",\"url\":\"https:\/\/letrame.com\/catalogo\/\",\"name\":\"Catalogo | Letrame Grupo Editorial\",\"description\":\"\",\"publisher\":{\"@id\":\"https:\/\/letrame.com\/catalogo\/#organization\"},\"potentialAction\":[{\"@type\":\"SearchAction\",\"target\":{\"@type\":\"EntryPoint\",\"urlTemplate\":\"https:\/\/letrame.com\/catalogo\/?s={search_term_string}\"},\"query-input\":{\"@type\":\"PropertyValueSpecification\",\"valueRequired\":true,\"valueName\":\"search_term_string\"}}],\"inLanguage\":\"es\"},{\"@type\":\"Organization\",\"@id\":\"https:\/\/letrame.com\/catalogo\/#organization\",\"name\":\"Catalogo | Letrame Grupo Editorial\",\"url\":\"https:\/\/letrame.com\/catalogo\/\",\"logo\":{\"@type\":\"ImageObject\",\"inLanguage\":\"es\",\"@id\":\"https:\/\/letrame.com\/catalogo\/#\/schema\/logo\/image\/\",\"url\":\"https:\/\/letrame.com\/catalogo\/wp-content\/uploads\/2024\/03\/logo2.webp\",\"contentUrl\":\"https:\/\/letrame.com\/catalogo\/wp-content\/uploads\/2024\/03\/logo2.webp\",\"width\":394,\"height\":128,\"caption\":\"Catalogo | Letrame Grupo Editorial\"},\"image\":{\"@id\":\"https:\/\/letrame.com\/catalogo\/#\/schema\/logo\/image\/\"}}]}<\/script>\n<!-- \/ Yoast SEO plugin. -->","yoast_head_json":{"title":"Mentideros de Madrid - Catalogo | Letrame Grupo Editorial","robots":{"index":"index","follow":"follow","max-snippet":"max-snippet:-1","max-image-preview":"max-image-preview:large","max-video-preview":"max-video-preview:-1"},"canonical":"https:\/\/letrame.com\/catalogo\/producto\/mentideros-de-madrid\/","og_locale":"es_ES","og_type":"article","og_title":"Mentideros de Madrid - Catalogo | Letrame Grupo Editorial","og_description":"ISBN: 9791370293529  SINOPSIS La lectura de este libro permite disfrutar de una novela policiaca con unas caracter\u00edsticas especiales. Incluye una visi\u00f3n policiaca de tres asesinatos hist\u00f3ricos que a\u00fan hoy en d\u00eda siguen sin resolverse. Los asesinatos de Escobedo, en la \u00e9poca de Felipe II; del conde de Villamediana, durante el reinado de Felipe IV, y del general Prim, tras el derrocamiento de Isabel II. Se da a cada uno de ellos una soluci\u00f3n novelada, tan cierta, o incierta, como otras teor\u00edas existentes sobre lo que pas\u00f3 en cada caso, mezclando personajes reales con otros inventados por el autor. Junto a ello, se plantean tres asesinatos que suceden de forma m\u00e1s o menos simult\u00e1nea a los magnicidios, correspondiendo su resoluci\u00f3n en cada \u00e9poca a tres miembros de una saga familiar que perdura durante los siglos, compartiendo los tres polic\u00edas el mismo nombre: Antonio Garc\u00eda. \u00a1Ah! Y adem\u00e1s se ofrecen algunos datos sobre Madrid, mi pueblo, que pueden resultar interesantes.","og_url":"https:\/\/letrame.com\/catalogo\/producto\/mentideros-de-madrid\/","og_site_name":"Catalogo | Letrame Grupo Editorial","article_modified_time":"2026-03-23T09:53:45+00:00","og_image":[{"width":1828,"height":2560,"url":"https:\/\/letrame.com\/catalogo\/wp-content\/uploads\/2026\/02\/portadacatalogomentiderosdemadrid-scaled.jpg","type":"image\/jpeg"}],"twitter_card":"summary_large_image","twitter_misc":{"Tiempo de lectura":"1 minuto"},"schema":{"@context":"https:\/\/schema.org","@graph":[{"@type":"WebPage","@id":"https:\/\/letrame.com\/catalogo\/producto\/mentideros-de-madrid\/","url":"https:\/\/letrame.com\/catalogo\/producto\/mentideros-de-madrid\/","name":"Mentideros de Madrid - Catalogo | Letrame Grupo Editorial","isPartOf":{"@id":"https:\/\/letrame.com\/catalogo\/#website"},"primaryImageOfPage":{"@id":"https:\/\/letrame.com\/catalogo\/producto\/mentideros-de-madrid\/#primaryimage"},"image":{"@id":"https:\/\/letrame.com\/catalogo\/producto\/mentideros-de-madrid\/#primaryimage"},"thumbnailUrl":"https:\/\/letrame.com\/catalogo\/wp-content\/uploads\/2026\/02\/portadacatalogomentiderosdemadrid-scaled.jpg","datePublished":"2026-02-27T10:06:33+00:00","dateModified":"2026-03-23T09:53:45+00:00","breadcrumb":{"@id":"https:\/\/letrame.com\/catalogo\/producto\/mentideros-de-madrid\/#breadcrumb"},"inLanguage":"es","potentialAction":[{"@type":"ReadAction","target":["https:\/\/letrame.com\/catalogo\/producto\/mentideros-de-madrid\/"]}]},{"@type":"ImageObject","inLanguage":"es","@id":"https:\/\/letrame.com\/catalogo\/producto\/mentideros-de-madrid\/#primaryimage","url":"https:\/\/letrame.com\/catalogo\/wp-content\/uploads\/2026\/02\/portadacatalogomentiderosdemadrid-scaled.jpg","contentUrl":"https:\/\/letrame.com\/catalogo\/wp-content\/uploads\/2026\/02\/portadacatalogomentiderosdemadrid-scaled.jpg","width":1828,"height":2560},{"@type":"BreadcrumbList","@id":"https:\/\/letrame.com\/catalogo\/producto\/mentideros-de-madrid\/#breadcrumb","itemListElement":[{"@type":"ListItem","position":1,"name":"Portada","item":"https:\/\/letrame.com\/catalogo\/"},{"@type":"ListItem","position":2,"name":"Cat\u00e1logo","item":"https:\/\/letrame.com\/catalogo\/"},{"@type":"ListItem","position":3,"name":"Mentideros de Madrid"}]},{"@type":"WebSite","@id":"https:\/\/letrame.com\/catalogo\/#website","url":"https:\/\/letrame.com\/catalogo\/","name":"Catalogo | Letrame Grupo Editorial","description":"","publisher":{"@id":"https:\/\/letrame.com\/catalogo\/#organization"},"potentialAction":[{"@type":"SearchAction","target":{"@type":"EntryPoint","urlTemplate":"https:\/\/letrame.com\/catalogo\/?s={search_term_string}"},"query-input":{"@type":"PropertyValueSpecification","valueRequired":true,"valueName":"search_term_string"}}],"inLanguage":"es"},{"@type":"Organization","@id":"https:\/\/letrame.com\/catalogo\/#organization","name":"Catalogo | Letrame Grupo Editorial","url":"https:\/\/letrame.com\/catalogo\/","logo":{"@type":"ImageObject","inLanguage":"es","@id":"https:\/\/letrame.com\/catalogo\/#\/schema\/logo\/image\/","url":"https:\/\/letrame.com\/catalogo\/wp-content\/uploads\/2024\/03\/logo2.webp","contentUrl":"https:\/\/letrame.com\/catalogo\/wp-content\/uploads\/2024\/03\/logo2.webp","width":394,"height":128,"caption":"Catalogo | Letrame Grupo Editorial"},"image":{"@id":"https:\/\/letrame.com\/catalogo\/#\/schema\/logo\/image\/"}}]}},"_links":{"self":[{"href":"https:\/\/letrame.com\/catalogo\/wp-json\/wp\/v2\/product\/111250","targetHints":{"allow":["GET"]}}],"collection":[{"href":"https:\/\/letrame.com\/catalogo\/wp-json\/wp\/v2\/product"}],"about":[{"href":"https:\/\/letrame.com\/catalogo\/wp-json\/wp\/v2\/types\/product"}],"replies":[{"embeddable":true,"href":"https:\/\/letrame.com\/catalogo\/wp-json\/wp\/v2\/comments?post=111250"}],"acf:post":[{"embeddable":true,"href":"https:\/\/letrame.com\/catalogo\/wp-json\/wp\/v2\/author_book\/108484"}],"wp:featuredmedia":[{"embeddable":true,"href":"https:\/\/letrame.com\/catalogo\/wp-json\/wp\/v2\/media\/111251"}],"wp:attachment":[{"href":"https:\/\/letrame.com\/catalogo\/wp-json\/wp\/v2\/media?parent=111250"}],"wp:term":[{"taxonomy":"libro","embeddable":true,"href":"https:\/\/letrame.com\/catalogo\/wp-json\/wp\/v2\/libro?post=111250"},{"taxonomy":"product_brand","embeddable":true,"href":"https:\/\/letrame.com\/catalogo\/wp-json\/wp\/v2\/product_brand?post=111250"},{"taxonomy":"product_cat","embeddable":true,"href":"https:\/\/letrame.com\/catalogo\/wp-json\/wp\/v2\/product_cat?post=111250"},{"taxonomy":"product_tag","embeddable":true,"href":"https:\/\/letrame.com\/catalogo\/wp-json\/wp\/v2\/product_tag?post=111250"}],"curies":[{"name":"wp","href":"https:\/\/api.w.org\/{rel}","templated":true}]}}