{"id":111245,"date":"2026-02-27T10:19:41","date_gmt":"2026-02-27T09:19:41","guid":{"rendered":"https:\/\/letrame.com\/catalogo\/?post_type=product&#038;p=111245"},"modified":"2026-02-27T10:19:42","modified_gmt":"2026-02-27T09:19:42","slug":"autenticamente-libre","status":"publish","type":"product","link":"https:\/\/letrame.com\/catalogo\/producto\/autenticamente-libre\/","title":{"rendered":"Aut\u00e9nticamente libre"},"content":{"rendered":"<p><strong>ISBN: 9791370127909<\/strong><br \/>\n<strong>T\u00edtulo: Aut\u00e9nticamente libre<\/strong><br \/>\n<strong>Fecha: 2025<\/strong><br \/>\n<strong>P\u00e1ginas: 352<\/strong><\/p>\n<p><strong>SINOPSIS<\/strong><\/p>\n<p data-start=\"0\" data-end=\"31\">VIVIR CON EL ALMA EN VOZ ALTA<\/p>\n<p data-start=\"33\" data-end=\"153\">\u00bfQu\u00e9 ocurrir\u00eda si te permitieras ser t\u00fa misma, sin m\u00e1scaras, sin temor y sin el peso constante de agradar a los dem\u00e1s?<\/p>\n<p data-start=\"155\" data-end=\"378\">Este libro no promete soluciones m\u00e1gicas. Es una invitaci\u00f3n sincera y afectuosa a regresar a tu esencia. A escucharte de verdad. A reconocerte. A reconstruirte desde tu interior y reconciliarte con la persona que ya eres.<\/p>\n<p data-start=\"380\" data-end=\"601\">A trav\u00e9s de reflexiones profundas, pinceladas de humor, ejercicios de psicolog\u00eda positiva y confesiones aut\u00e9nticas \u2014de esas que incomodan pero tambi\u00e9n curan\u2014, Kryusman nos acompa\u00f1a en un recorrido hacia la autenticidad.<\/p>\n<p data-start=\"603\" data-end=\"855\">Un camino donde est\u00e1 permitido llorar, gritar, soltar, escribir, re\u00edrse de una misma\u2026 y bailar con el coraz\u00f3n incluso cuando todo parece un caos. Porque la libertad no consiste en tener todas las respuestas, sino en atreverte a vivir desde la verdad.<\/p>\n<p data-start=\"857\" data-end=\"964\">Este libro es para ti, si alguna vez te sentiste demasiado rota, demasiado sensible o demasiado distinta\u2026<\/p>\n<p data-start=\"966\" data-end=\"1059\">Y si hoy decides empezar a ser, simplemente, t\u00fa.<\/p>\n<p data-start=\"966\" data-end=\"1059\"><br data-start=\"1014\" data-end=\"1017\" \/>Aut\u00e9nticamente t\u00fa. Aut\u00e9nticamente libre.<\/p>\n<p>&nbsp;<\/p>\n","protected":false},"excerpt":{"rendered":"<p><strong>ISBN: 9791370127909<\/strong><\/p>\n<p><strong>SINOPSIS<\/strong><\/p>\n<p data-start=\"0\" data-end=\"31\">VIVIR CON EL ALMA EN VOZ ALTA<\/p>\n<p data-start=\"33\" data-end=\"153\">\u00bfQu\u00e9 ocurrir\u00eda si te permitieras ser t\u00fa misma, sin m\u00e1scaras, sin temor y sin el peso constante de agradar a los dem\u00e1s?<\/p>\n<p data-start=\"155\" data-end=\"378\">Este libro no promete soluciones m\u00e1gicas. Es una invitaci\u00f3n sincera y afectuosa a regresar a tu esencia. A escucharte de verdad. A reconocerte. A reconstruirte desde tu interior y reconciliarte con la persona que ya eres.<\/p>\n<p data-start=\"380\" data-end=\"601\">A trav\u00e9s de reflexiones profundas, pinceladas de humor, ejercicios de psicolog\u00eda positiva y confesiones aut\u00e9nticas \u2014de esas que incomodan pero tambi\u00e9n curan\u2014, Kryusman nos acompa\u00f1a en un recorrido hacia la autenticidad.<\/p>\n<p data-start=\"603\" data-end=\"855\">Un camino donde est\u00e1 permitido llorar, gritar, soltar, escribir, re\u00edrse de una misma\u2026 y bailar con el coraz\u00f3n incluso cuando todo parece un caos. Porque la libertad no consiste en tener todas las respuestas, sino en atreverte a vivir desde la verdad.<\/p>\n<p data-start=\"857\" data-end=\"964\">Este libro es para ti, si alguna vez te sentiste demasiado rota, demasiado sensible o demasiado distinta\u2026<\/p>\n<p data-start=\"966\" data-end=\"1059\">Y si hoy decides empezar a ser, simplemente, t\u00fa.<\/p>\n<p data-start=\"966\" data-end=\"1059\"><br data-start=\"1014\" data-end=\"1017\" \/>Aut\u00e9nticamente t\u00fa. Aut\u00e9nticamente libre.<\/p>\n<p>&nbsp;<\/p>\n","protected":false},"featured_media":111246,"comment_status":"open","ping_status":"closed","template":"","meta":{"_acf_changed":false},"libro":[],"product_brand":[],"product_cat":[18],"product_tag":[],"class_list":{"0":"post-111245","1":"product","2":"type-product","3":"status-publish","4":"has-post-thumbnail","6":"product_cat-autoayuda","8":"first","9":"instock","10":"shipping-taxable","11":"product-type-simple"},"acf":{"autor":[111241],"enlace_de_compra":""},"yoast_head":"<!-- This site is optimized with the Yoast SEO plugin v26.6 - https:\/\/yoast.com\/wordpress\/plugins\/seo\/ -->\n<title>Aut\u00e9nticamente libre - Catalogo | Letrame Grupo Editorial<\/title>\n<meta name=\"robots\" content=\"index, follow, max-snippet:-1, max-image-preview:large, max-video-preview:-1\" \/>\n<link rel=\"canonical\" href=\"https:\/\/letrame.com\/catalogo\/producto\/autenticamente-libre\/\" \/>\n<meta property=\"og:locale\" content=\"es_ES\" \/>\n<meta property=\"og:type\" content=\"article\" \/>\n<meta property=\"og:title\" content=\"Aut\u00e9nticamente libre - Catalogo | Letrame Grupo Editorial\" \/>\n<meta property=\"og:description\" content=\"ISBN: 9791370127909  SINOPSIS VIVIR CON EL ALMA EN VOZ ALTA \u00bfQu\u00e9 ocurrir\u00eda si te permitieras ser t\u00fa misma, sin m\u00e1scaras, sin temor y sin el peso constante de agradar a los dem\u00e1s? Este libro no promete soluciones m\u00e1gicas. Es una invitaci\u00f3n sincera y afectuosa a regresar a tu esencia. A escucharte de verdad. A reconocerte. A reconstruirte desde tu interior y reconciliarte con la persona que ya eres. A trav\u00e9s de reflexiones profundas, pinceladas de humor, ejercicios de psicolog\u00eda positiva y confesiones aut\u00e9nticas \u2014de esas que incomodan pero tambi\u00e9n curan\u2014, Kryusman nos acompa\u00f1a en un recorrido hacia la autenticidad. Un camino donde est\u00e1 permitido llorar, gritar, soltar, escribir, re\u00edrse de una misma\u2026 y bailar con el coraz\u00f3n incluso cuando todo parece un caos. Porque la libertad no consiste en tener todas las respuestas, sino en atreverte a vivir desde la verdad. Este libro es para ti, si alguna vez te sentiste demasiado rota, demasiado sensible o demasiado distinta\u2026 Y si hoy decides empezar a ser, simplemente, t\u00fa. Aut\u00e9nticamente t\u00fa. Aut\u00e9nticamente libre. &nbsp;\" \/>\n<meta property=\"og:url\" content=\"https:\/\/letrame.com\/catalogo\/producto\/autenticamente-libre\/\" \/>\n<meta property=\"og:site_name\" content=\"Catalogo | Letrame Grupo Editorial\" \/>\n<meta property=\"article:modified_time\" content=\"2026-02-27T09:19:42+00:00\" \/>\n<meta property=\"og:image\" content=\"https:\/\/letrame.com\/catalogo\/wp-content\/uploads\/2026\/02\/portadacatalogo-27-scaled.jpg\" \/>\n\t<meta property=\"og:image:width\" content=\"1828\" \/>\n\t<meta property=\"og:image:height\" content=\"2560\" \/>\n\t<meta property=\"og:image:type\" content=\"image\/jpeg\" \/>\n<meta name=\"twitter:card\" content=\"summary_large_image\" \/>\n<meta name=\"twitter:label1\" content=\"Tiempo de lectura\" \/>\n\t<meta name=\"twitter:data1\" content=\"2 minutos\" \/>\n<script type=\"application\/ld+json\" class=\"yoast-schema-graph\">{\"@context\":\"https:\/\/schema.org\",\"@graph\":[{\"@type\":\"WebPage\",\"@id\":\"https:\/\/letrame.com\/catalogo\/producto\/autenticamente-libre\/\",\"url\":\"https:\/\/letrame.com\/catalogo\/producto\/autenticamente-libre\/\",\"name\":\"Aut\u00e9nticamente libre - Catalogo | Letrame Grupo Editorial\",\"isPartOf\":{\"@id\":\"https:\/\/letrame.com\/catalogo\/#website\"},\"primaryImageOfPage\":{\"@id\":\"https:\/\/letrame.com\/catalogo\/producto\/autenticamente-libre\/#primaryimage\"},\"image\":{\"@id\":\"https:\/\/letrame.com\/catalogo\/producto\/autenticamente-libre\/#primaryimage\"},\"thumbnailUrl\":\"https:\/\/letrame.com\/catalogo\/wp-content\/uploads\/2026\/02\/portadacatalogo-27-scaled.jpg\",\"datePublished\":\"2026-02-27T09:19:41+00:00\",\"dateModified\":\"2026-02-27T09:19:42+00:00\",\"breadcrumb\":{\"@id\":\"https:\/\/letrame.com\/catalogo\/producto\/autenticamente-libre\/#breadcrumb\"},\"inLanguage\":\"es\",\"potentialAction\":[{\"@type\":\"ReadAction\",\"target\":[\"https:\/\/letrame.com\/catalogo\/producto\/autenticamente-libre\/\"]}]},{\"@type\":\"ImageObject\",\"inLanguage\":\"es\",\"@id\":\"https:\/\/letrame.com\/catalogo\/producto\/autenticamente-libre\/#primaryimage\",\"url\":\"https:\/\/letrame.com\/catalogo\/wp-content\/uploads\/2026\/02\/portadacatalogo-27-scaled.jpg\",\"contentUrl\":\"https:\/\/letrame.com\/catalogo\/wp-content\/uploads\/2026\/02\/portadacatalogo-27-scaled.jpg\",\"width\":1828,\"height\":2560},{\"@type\":\"BreadcrumbList\",\"@id\":\"https:\/\/letrame.com\/catalogo\/producto\/autenticamente-libre\/#breadcrumb\",\"itemListElement\":[{\"@type\":\"ListItem\",\"position\":1,\"name\":\"Portada\",\"item\":\"https:\/\/letrame.com\/catalogo\/\"},{\"@type\":\"ListItem\",\"position\":2,\"name\":\"Cat\u00e1logo\",\"item\":\"https:\/\/letrame.com\/catalogo\/\"},{\"@type\":\"ListItem\",\"position\":3,\"name\":\"Aut\u00e9nticamente libre\"}]},{\"@type\":\"WebSite\",\"@id\":\"https:\/\/letrame.com\/catalogo\/#website\",\"url\":\"https:\/\/letrame.com\/catalogo\/\",\"name\":\"Catalogo | Letrame Grupo Editorial\",\"description\":\"\",\"publisher\":{\"@id\":\"https:\/\/letrame.com\/catalogo\/#organization\"},\"potentialAction\":[{\"@type\":\"SearchAction\",\"target\":{\"@type\":\"EntryPoint\",\"urlTemplate\":\"https:\/\/letrame.com\/catalogo\/?s={search_term_string}\"},\"query-input\":{\"@type\":\"PropertyValueSpecification\",\"valueRequired\":true,\"valueName\":\"search_term_string\"}}],\"inLanguage\":\"es\"},{\"@type\":\"Organization\",\"@id\":\"https:\/\/letrame.com\/catalogo\/#organization\",\"name\":\"Catalogo | Letrame Grupo Editorial\",\"url\":\"https:\/\/letrame.com\/catalogo\/\",\"logo\":{\"@type\":\"ImageObject\",\"inLanguage\":\"es\",\"@id\":\"https:\/\/letrame.com\/catalogo\/#\/schema\/logo\/image\/\",\"url\":\"https:\/\/letrame.com\/catalogo\/wp-content\/uploads\/2024\/03\/logo2.webp\",\"contentUrl\":\"https:\/\/letrame.com\/catalogo\/wp-content\/uploads\/2024\/03\/logo2.webp\",\"width\":394,\"height\":128,\"caption\":\"Catalogo | Letrame Grupo Editorial\"},\"image\":{\"@id\":\"https:\/\/letrame.com\/catalogo\/#\/schema\/logo\/image\/\"}}]}<\/script>\n<!-- \/ Yoast SEO plugin. -->","yoast_head_json":{"title":"Aut\u00e9nticamente libre - Catalogo | Letrame Grupo Editorial","robots":{"index":"index","follow":"follow","max-snippet":"max-snippet:-1","max-image-preview":"max-image-preview:large","max-video-preview":"max-video-preview:-1"},"canonical":"https:\/\/letrame.com\/catalogo\/producto\/autenticamente-libre\/","og_locale":"es_ES","og_type":"article","og_title":"Aut\u00e9nticamente libre - Catalogo | Letrame Grupo Editorial","og_description":"ISBN: 9791370127909  SINOPSIS VIVIR CON EL ALMA EN VOZ ALTA \u00bfQu\u00e9 ocurrir\u00eda si te permitieras ser t\u00fa misma, sin m\u00e1scaras, sin temor y sin el peso constante de agradar a los dem\u00e1s? Este libro no promete soluciones m\u00e1gicas. Es una invitaci\u00f3n sincera y afectuosa a regresar a tu esencia. A escucharte de verdad. A reconocerte. A reconstruirte desde tu interior y reconciliarte con la persona que ya eres. A trav\u00e9s de reflexiones profundas, pinceladas de humor, ejercicios de psicolog\u00eda positiva y confesiones aut\u00e9nticas \u2014de esas que incomodan pero tambi\u00e9n curan\u2014, Kryusman nos acompa\u00f1a en un recorrido hacia la autenticidad. Un camino donde est\u00e1 permitido llorar, gritar, soltar, escribir, re\u00edrse de una misma\u2026 y bailar con el coraz\u00f3n incluso cuando todo parece un caos. Porque la libertad no consiste en tener todas las respuestas, sino en atreverte a vivir desde la verdad. Este libro es para ti, si alguna vez te sentiste demasiado rota, demasiado sensible o demasiado distinta\u2026 Y si hoy decides empezar a ser, simplemente, t\u00fa. Aut\u00e9nticamente t\u00fa. Aut\u00e9nticamente libre. &nbsp;","og_url":"https:\/\/letrame.com\/catalogo\/producto\/autenticamente-libre\/","og_site_name":"Catalogo | Letrame Grupo Editorial","article_modified_time":"2026-02-27T09:19:42+00:00","og_image":[{"width":1828,"height":2560,"url":"https:\/\/letrame.com\/catalogo\/wp-content\/uploads\/2026\/02\/portadacatalogo-27-scaled.jpg","type":"image\/jpeg"}],"twitter_card":"summary_large_image","twitter_misc":{"Tiempo de lectura":"2 minutos"},"schema":{"@context":"https:\/\/schema.org","@graph":[{"@type":"WebPage","@id":"https:\/\/letrame.com\/catalogo\/producto\/autenticamente-libre\/","url":"https:\/\/letrame.com\/catalogo\/producto\/autenticamente-libre\/","name":"Aut\u00e9nticamente libre - Catalogo | Letrame Grupo Editorial","isPartOf":{"@id":"https:\/\/letrame.com\/catalogo\/#website"},"primaryImageOfPage":{"@id":"https:\/\/letrame.com\/catalogo\/producto\/autenticamente-libre\/#primaryimage"},"image":{"@id":"https:\/\/letrame.com\/catalogo\/producto\/autenticamente-libre\/#primaryimage"},"thumbnailUrl":"https:\/\/letrame.com\/catalogo\/wp-content\/uploads\/2026\/02\/portadacatalogo-27-scaled.jpg","datePublished":"2026-02-27T09:19:41+00:00","dateModified":"2026-02-27T09:19:42+00:00","breadcrumb":{"@id":"https:\/\/letrame.com\/catalogo\/producto\/autenticamente-libre\/#breadcrumb"},"inLanguage":"es","potentialAction":[{"@type":"ReadAction","target":["https:\/\/letrame.com\/catalogo\/producto\/autenticamente-libre\/"]}]},{"@type":"ImageObject","inLanguage":"es","@id":"https:\/\/letrame.com\/catalogo\/producto\/autenticamente-libre\/#primaryimage","url":"https:\/\/letrame.com\/catalogo\/wp-content\/uploads\/2026\/02\/portadacatalogo-27-scaled.jpg","contentUrl":"https:\/\/letrame.com\/catalogo\/wp-content\/uploads\/2026\/02\/portadacatalogo-27-scaled.jpg","width":1828,"height":2560},{"@type":"BreadcrumbList","@id":"https:\/\/letrame.com\/catalogo\/producto\/autenticamente-libre\/#breadcrumb","itemListElement":[{"@type":"ListItem","position":1,"name":"Portada","item":"https:\/\/letrame.com\/catalogo\/"},{"@type":"ListItem","position":2,"name":"Cat\u00e1logo","item":"https:\/\/letrame.com\/catalogo\/"},{"@type":"ListItem","position":3,"name":"Aut\u00e9nticamente libre"}]},{"@type":"WebSite","@id":"https:\/\/letrame.com\/catalogo\/#website","url":"https:\/\/letrame.com\/catalogo\/","name":"Catalogo | Letrame Grupo Editorial","description":"","publisher":{"@id":"https:\/\/letrame.com\/catalogo\/#organization"},"potentialAction":[{"@type":"SearchAction","target":{"@type":"EntryPoint","urlTemplate":"https:\/\/letrame.com\/catalogo\/?s={search_term_string}"},"query-input":{"@type":"PropertyValueSpecification","valueRequired":true,"valueName":"search_term_string"}}],"inLanguage":"es"},{"@type":"Organization","@id":"https:\/\/letrame.com\/catalogo\/#organization","name":"Catalogo | Letrame Grupo Editorial","url":"https:\/\/letrame.com\/catalogo\/","logo":{"@type":"ImageObject","inLanguage":"es","@id":"https:\/\/letrame.com\/catalogo\/#\/schema\/logo\/image\/","url":"https:\/\/letrame.com\/catalogo\/wp-content\/uploads\/2024\/03\/logo2.webp","contentUrl":"https:\/\/letrame.com\/catalogo\/wp-content\/uploads\/2024\/03\/logo2.webp","width":394,"height":128,"caption":"Catalogo | Letrame Grupo Editorial"},"image":{"@id":"https:\/\/letrame.com\/catalogo\/#\/schema\/logo\/image\/"}}]}},"_links":{"self":[{"href":"https:\/\/letrame.com\/catalogo\/wp-json\/wp\/v2\/product\/111245","targetHints":{"allow":["GET"]}}],"collection":[{"href":"https:\/\/letrame.com\/catalogo\/wp-json\/wp\/v2\/product"}],"about":[{"href":"https:\/\/letrame.com\/catalogo\/wp-json\/wp\/v2\/types\/product"}],"replies":[{"embeddable":true,"href":"https:\/\/letrame.com\/catalogo\/wp-json\/wp\/v2\/comments?post=111245"}],"acf:post":[{"embeddable":true,"href":"https:\/\/letrame.com\/catalogo\/wp-json\/wp\/v2\/author_book\/111241"}],"wp:featuredmedia":[{"embeddable":true,"href":"https:\/\/letrame.com\/catalogo\/wp-json\/wp\/v2\/media\/111246"}],"wp:attachment":[{"href":"https:\/\/letrame.com\/catalogo\/wp-json\/wp\/v2\/media?parent=111245"}],"wp:term":[{"taxonomy":"libro","embeddable":true,"href":"https:\/\/letrame.com\/catalogo\/wp-json\/wp\/v2\/libro?post=111245"},{"taxonomy":"product_brand","embeddable":true,"href":"https:\/\/letrame.com\/catalogo\/wp-json\/wp\/v2\/product_brand?post=111245"},{"taxonomy":"product_cat","embeddable":true,"href":"https:\/\/letrame.com\/catalogo\/wp-json\/wp\/v2\/product_cat?post=111245"},{"taxonomy":"product_tag","embeddable":true,"href":"https:\/\/letrame.com\/catalogo\/wp-json\/wp\/v2\/product_tag?post=111245"}],"curies":[{"name":"wp","href":"https:\/\/api.w.org\/{rel}","templated":true}]}}