{"id":111234,"date":"2026-02-27T09:42:13","date_gmt":"2026-02-27T08:42:13","guid":{"rendered":"https:\/\/letrame.com\/catalogo\/?post_type=product&#038;p=111234"},"modified":"2026-02-27T09:42:15","modified_gmt":"2026-02-27T08:42:15","slug":"en-farfara","status":"publish","type":"product","link":"https:\/\/letrame.com\/catalogo\/producto\/en-farfara\/","title":{"rendered":"En f\u00e1rfara"},"content":{"rendered":"<p class=\"p1\"><b>ISBN: 9791370293567<\/b><b><\/b><\/p>\n<p class=\"p1\"><b>T\u00edtulo: En f\u00e1rfara<\/b><br \/>\n<b>Fecha: 2025<\/b><br \/>\n<b>P\u00e1ginas: 144<\/b><b><\/b><\/p>\n<p class=\"p1\"><b>SINOPSIS<\/b><\/p>\n<p>\u00bfSon relatos? \u00bfCuentos? Desde el punto de vista formal, no son ni lo uno ni lo otro.<br \/>\n\u00bfSon esquemas de una narraci\u00f3n superior?<br \/>\nQuiz\u00e1s. No estoy seguro. S\u00f3lo s\u00e9 que salieron de la pluma a caminar por el mundo de los lectores. Que debe haberlos por ah\u00ed.<br \/>\nSi t\u00fa fuiste uno de los que se atrevieron a leerlos: bienvenido. No te encontrar\u00e1s con aburridos textos de estudios, ni de vanas palabrejas prometiendo un mundo de cambios. S\u00f3lo te adentrar\u00e1s a los soliloquios internos de alguien que se atrevi\u00f3 a escribir.<br \/>\nPorque escribir es una aventura. De la imaginaci\u00f3n o de la realidad. Pero aventura, al fin y al cabo.<br \/>\nY de eso se trata este libro: que imagines, que sue\u00f1es, que mires hacia tu pasado y que todo eso te entregue una visi\u00f3n mejor que tu presente: que nada est\u00e1 dicho sin tu presencia y vivencias.<\/p>\n","protected":false},"excerpt":{"rendered":"<p class=\"p1\"><b>ISBN: 9791370293567<\/b><b><\/b><\/p>\n<p class=\"p1\"><b>SINOPSIS<\/b><\/p>\n<p>\u00bfSon relatos? \u00bfCuentos? Desde el punto de vista formal, no son ni lo uno ni lo otro.<br \/>\n\u00bfSon esquemas de una narraci\u00f3n superior?<br \/>\nQuiz\u00e1s. No estoy seguro. S\u00f3lo s\u00e9 que salieron de la pluma a caminar por el mundo de los lectores. Que debe haberlos por ah\u00ed.<br \/>\nSi t\u00fa fuiste uno de los que se atrevieron a leerlos: bienvenido. No te encontrar\u00e1s con aburridos textos de estudios, ni de vanas palabrejas prometiendo un mundo de cambios. S\u00f3lo te adentrar\u00e1s a los soliloquios internos de alguien que se atrevi\u00f3 a escribir.<br \/>\nPorque escribir es una aventura. De la imaginaci\u00f3n o de la realidad. Pero aventura, al fin y al cabo.<br \/>\nY de eso se trata este libro: que imagines, que sue\u00f1es, que mires hacia tu pasado y que todo eso te entregue una visi\u00f3n mejor que tu presente: que nada est\u00e1 dicho sin tu presencia y vivencias.<\/p>\n","protected":false},"featured_media":111237,"comment_status":"open","ping_status":"closed","template":"","meta":{"_acf_changed":false},"libro":[],"product_brand":[],"product_cat":[47],"product_tag":[],"class_list":{"0":"post-111234","1":"product","2":"type-product","3":"status-publish","4":"has-post-thumbnail","6":"product_cat-ciencia-ficcion-misterio","8":"first","9":"instock","10":"shipping-taxable","11":"product-type-simple"},"acf":{"autor":[111235],"enlace_de_compra":""},"yoast_head":"<!-- This site is optimized with the Yoast SEO plugin v26.6 - https:\/\/yoast.com\/wordpress\/plugins\/seo\/ -->\n<title>En f\u00e1rfara - Catalogo | Letrame Grupo Editorial<\/title>\n<meta name=\"robots\" content=\"index, follow, max-snippet:-1, max-image-preview:large, max-video-preview:-1\" \/>\n<link rel=\"canonical\" href=\"https:\/\/letrame.com\/catalogo\/producto\/en-farfara\/\" \/>\n<meta property=\"og:locale\" content=\"es_ES\" \/>\n<meta property=\"og:type\" content=\"article\" \/>\n<meta property=\"og:title\" content=\"En f\u00e1rfara - Catalogo | Letrame Grupo Editorial\" \/>\n<meta property=\"og:description\" content=\"ISBN: 9791370293567 SINOPSIS \u00bfSon relatos? \u00bfCuentos? Desde el punto de vista formal, no son ni lo uno ni lo otro. \u00bfSon esquemas de una narraci\u00f3n superior? Quiz\u00e1s. No estoy seguro. S\u00f3lo s\u00e9 que salieron de la pluma a caminar por el mundo de los lectores. Que debe haberlos por ah\u00ed. Si t\u00fa fuiste uno de los que se atrevieron a leerlos: bienvenido. No te encontrar\u00e1s con aburridos textos de estudios, ni de vanas palabrejas prometiendo un mundo de cambios. S\u00f3lo te adentrar\u00e1s a los soliloquios internos de alguien que se atrevi\u00f3 a escribir. Porque escribir es una aventura. De la imaginaci\u00f3n o de la realidad. Pero aventura, al fin y al cabo. Y de eso se trata este libro: que imagines, que sue\u00f1es, que mires hacia tu pasado y que todo eso te entregue una visi\u00f3n mejor que tu presente: que nada est\u00e1 dicho sin tu presencia y vivencias.\" \/>\n<meta property=\"og:url\" content=\"https:\/\/letrame.com\/catalogo\/producto\/en-farfara\/\" \/>\n<meta property=\"og:site_name\" content=\"Catalogo | Letrame Grupo Editorial\" \/>\n<meta property=\"article:modified_time\" content=\"2026-02-27T08:42:15+00:00\" \/>\n<meta property=\"og:image\" content=\"https:\/\/letrame.com\/catalogo\/wp-content\/uploads\/2026\/02\/enfarfara_728mm4-scaled.jpg\" \/>\n\t<meta property=\"og:image:width\" content=\"1745\" \/>\n\t<meta property=\"og:image:height\" content=\"2560\" \/>\n\t<meta property=\"og:image:type\" content=\"image\/jpeg\" \/>\n<meta name=\"twitter:card\" content=\"summary_large_image\" \/>\n<meta name=\"twitter:label1\" content=\"Tiempo de lectura\" \/>\n\t<meta name=\"twitter:data1\" content=\"1 minuto\" \/>\n<script type=\"application\/ld+json\" class=\"yoast-schema-graph\">{\"@context\":\"https:\/\/schema.org\",\"@graph\":[{\"@type\":\"WebPage\",\"@id\":\"https:\/\/letrame.com\/catalogo\/producto\/en-farfara\/\",\"url\":\"https:\/\/letrame.com\/catalogo\/producto\/en-farfara\/\",\"name\":\"En f\u00e1rfara - Catalogo | Letrame Grupo Editorial\",\"isPartOf\":{\"@id\":\"https:\/\/letrame.com\/catalogo\/#website\"},\"primaryImageOfPage\":{\"@id\":\"https:\/\/letrame.com\/catalogo\/producto\/en-farfara\/#primaryimage\"},\"image\":{\"@id\":\"https:\/\/letrame.com\/catalogo\/producto\/en-farfara\/#primaryimage\"},\"thumbnailUrl\":\"https:\/\/letrame.com\/catalogo\/wp-content\/uploads\/2026\/02\/enfarfara_728mm4-scaled.jpg\",\"datePublished\":\"2026-02-27T08:42:13+00:00\",\"dateModified\":\"2026-02-27T08:42:15+00:00\",\"breadcrumb\":{\"@id\":\"https:\/\/letrame.com\/catalogo\/producto\/en-farfara\/#breadcrumb\"},\"inLanguage\":\"es\",\"potentialAction\":[{\"@type\":\"ReadAction\",\"target\":[\"https:\/\/letrame.com\/catalogo\/producto\/en-farfara\/\"]}]},{\"@type\":\"ImageObject\",\"inLanguage\":\"es\",\"@id\":\"https:\/\/letrame.com\/catalogo\/producto\/en-farfara\/#primaryimage\",\"url\":\"https:\/\/letrame.com\/catalogo\/wp-content\/uploads\/2026\/02\/enfarfara_728mm4-scaled.jpg\",\"contentUrl\":\"https:\/\/letrame.com\/catalogo\/wp-content\/uploads\/2026\/02\/enfarfara_728mm4-scaled.jpg\",\"width\":1745,\"height\":2560},{\"@type\":\"BreadcrumbList\",\"@id\":\"https:\/\/letrame.com\/catalogo\/producto\/en-farfara\/#breadcrumb\",\"itemListElement\":[{\"@type\":\"ListItem\",\"position\":1,\"name\":\"Portada\",\"item\":\"https:\/\/letrame.com\/catalogo\/\"},{\"@type\":\"ListItem\",\"position\":2,\"name\":\"Cat\u00e1logo\",\"item\":\"https:\/\/letrame.com\/catalogo\/\"},{\"@type\":\"ListItem\",\"position\":3,\"name\":\"En f\u00e1rfara\"}]},{\"@type\":\"WebSite\",\"@id\":\"https:\/\/letrame.com\/catalogo\/#website\",\"url\":\"https:\/\/letrame.com\/catalogo\/\",\"name\":\"Catalogo | Letrame Grupo Editorial\",\"description\":\"\",\"publisher\":{\"@id\":\"https:\/\/letrame.com\/catalogo\/#organization\"},\"potentialAction\":[{\"@type\":\"SearchAction\",\"target\":{\"@type\":\"EntryPoint\",\"urlTemplate\":\"https:\/\/letrame.com\/catalogo\/?s={search_term_string}\"},\"query-input\":{\"@type\":\"PropertyValueSpecification\",\"valueRequired\":true,\"valueName\":\"search_term_string\"}}],\"inLanguage\":\"es\"},{\"@type\":\"Organization\",\"@id\":\"https:\/\/letrame.com\/catalogo\/#organization\",\"name\":\"Catalogo | Letrame Grupo Editorial\",\"url\":\"https:\/\/letrame.com\/catalogo\/\",\"logo\":{\"@type\":\"ImageObject\",\"inLanguage\":\"es\",\"@id\":\"https:\/\/letrame.com\/catalogo\/#\/schema\/logo\/image\/\",\"url\":\"https:\/\/letrame.com\/catalogo\/wp-content\/uploads\/2024\/03\/logo2.webp\",\"contentUrl\":\"https:\/\/letrame.com\/catalogo\/wp-content\/uploads\/2024\/03\/logo2.webp\",\"width\":394,\"height\":128,\"caption\":\"Catalogo | Letrame Grupo Editorial\"},\"image\":{\"@id\":\"https:\/\/letrame.com\/catalogo\/#\/schema\/logo\/image\/\"}}]}<\/script>\n<!-- \/ Yoast SEO plugin. -->","yoast_head_json":{"title":"En f\u00e1rfara - Catalogo | Letrame Grupo Editorial","robots":{"index":"index","follow":"follow","max-snippet":"max-snippet:-1","max-image-preview":"max-image-preview:large","max-video-preview":"max-video-preview:-1"},"canonical":"https:\/\/letrame.com\/catalogo\/producto\/en-farfara\/","og_locale":"es_ES","og_type":"article","og_title":"En f\u00e1rfara - Catalogo | Letrame Grupo Editorial","og_description":"ISBN: 9791370293567 SINOPSIS \u00bfSon relatos? \u00bfCuentos? Desde el punto de vista formal, no son ni lo uno ni lo otro. \u00bfSon esquemas de una narraci\u00f3n superior? Quiz\u00e1s. No estoy seguro. S\u00f3lo s\u00e9 que salieron de la pluma a caminar por el mundo de los lectores. Que debe haberlos por ah\u00ed. Si t\u00fa fuiste uno de los que se atrevieron a leerlos: bienvenido. No te encontrar\u00e1s con aburridos textos de estudios, ni de vanas palabrejas prometiendo un mundo de cambios. S\u00f3lo te adentrar\u00e1s a los soliloquios internos de alguien que se atrevi\u00f3 a escribir. Porque escribir es una aventura. De la imaginaci\u00f3n o de la realidad. Pero aventura, al fin y al cabo. Y de eso se trata este libro: que imagines, que sue\u00f1es, que mires hacia tu pasado y que todo eso te entregue una visi\u00f3n mejor que tu presente: que nada est\u00e1 dicho sin tu presencia y vivencias.","og_url":"https:\/\/letrame.com\/catalogo\/producto\/en-farfara\/","og_site_name":"Catalogo | Letrame Grupo Editorial","article_modified_time":"2026-02-27T08:42:15+00:00","og_image":[{"width":1745,"height":2560,"url":"https:\/\/letrame.com\/catalogo\/wp-content\/uploads\/2026\/02\/enfarfara_728mm4-scaled.jpg","type":"image\/jpeg"}],"twitter_card":"summary_large_image","twitter_misc":{"Tiempo de lectura":"1 minuto"},"schema":{"@context":"https:\/\/schema.org","@graph":[{"@type":"WebPage","@id":"https:\/\/letrame.com\/catalogo\/producto\/en-farfara\/","url":"https:\/\/letrame.com\/catalogo\/producto\/en-farfara\/","name":"En f\u00e1rfara - Catalogo | Letrame Grupo Editorial","isPartOf":{"@id":"https:\/\/letrame.com\/catalogo\/#website"},"primaryImageOfPage":{"@id":"https:\/\/letrame.com\/catalogo\/producto\/en-farfara\/#primaryimage"},"image":{"@id":"https:\/\/letrame.com\/catalogo\/producto\/en-farfara\/#primaryimage"},"thumbnailUrl":"https:\/\/letrame.com\/catalogo\/wp-content\/uploads\/2026\/02\/enfarfara_728mm4-scaled.jpg","datePublished":"2026-02-27T08:42:13+00:00","dateModified":"2026-02-27T08:42:15+00:00","breadcrumb":{"@id":"https:\/\/letrame.com\/catalogo\/producto\/en-farfara\/#breadcrumb"},"inLanguage":"es","potentialAction":[{"@type":"ReadAction","target":["https:\/\/letrame.com\/catalogo\/producto\/en-farfara\/"]}]},{"@type":"ImageObject","inLanguage":"es","@id":"https:\/\/letrame.com\/catalogo\/producto\/en-farfara\/#primaryimage","url":"https:\/\/letrame.com\/catalogo\/wp-content\/uploads\/2026\/02\/enfarfara_728mm4-scaled.jpg","contentUrl":"https:\/\/letrame.com\/catalogo\/wp-content\/uploads\/2026\/02\/enfarfara_728mm4-scaled.jpg","width":1745,"height":2560},{"@type":"BreadcrumbList","@id":"https:\/\/letrame.com\/catalogo\/producto\/en-farfara\/#breadcrumb","itemListElement":[{"@type":"ListItem","position":1,"name":"Portada","item":"https:\/\/letrame.com\/catalogo\/"},{"@type":"ListItem","position":2,"name":"Cat\u00e1logo","item":"https:\/\/letrame.com\/catalogo\/"},{"@type":"ListItem","position":3,"name":"En f\u00e1rfara"}]},{"@type":"WebSite","@id":"https:\/\/letrame.com\/catalogo\/#website","url":"https:\/\/letrame.com\/catalogo\/","name":"Catalogo | Letrame Grupo Editorial","description":"","publisher":{"@id":"https:\/\/letrame.com\/catalogo\/#organization"},"potentialAction":[{"@type":"SearchAction","target":{"@type":"EntryPoint","urlTemplate":"https:\/\/letrame.com\/catalogo\/?s={search_term_string}"},"query-input":{"@type":"PropertyValueSpecification","valueRequired":true,"valueName":"search_term_string"}}],"inLanguage":"es"},{"@type":"Organization","@id":"https:\/\/letrame.com\/catalogo\/#organization","name":"Catalogo | Letrame Grupo Editorial","url":"https:\/\/letrame.com\/catalogo\/","logo":{"@type":"ImageObject","inLanguage":"es","@id":"https:\/\/letrame.com\/catalogo\/#\/schema\/logo\/image\/","url":"https:\/\/letrame.com\/catalogo\/wp-content\/uploads\/2024\/03\/logo2.webp","contentUrl":"https:\/\/letrame.com\/catalogo\/wp-content\/uploads\/2024\/03\/logo2.webp","width":394,"height":128,"caption":"Catalogo | Letrame Grupo Editorial"},"image":{"@id":"https:\/\/letrame.com\/catalogo\/#\/schema\/logo\/image\/"}}]}},"_links":{"self":[{"href":"https:\/\/letrame.com\/catalogo\/wp-json\/wp\/v2\/product\/111234","targetHints":{"allow":["GET"]}}],"collection":[{"href":"https:\/\/letrame.com\/catalogo\/wp-json\/wp\/v2\/product"}],"about":[{"href":"https:\/\/letrame.com\/catalogo\/wp-json\/wp\/v2\/types\/product"}],"replies":[{"embeddable":true,"href":"https:\/\/letrame.com\/catalogo\/wp-json\/wp\/v2\/comments?post=111234"}],"acf:post":[{"embeddable":true,"href":"https:\/\/letrame.com\/catalogo\/wp-json\/wp\/v2\/author_book\/111235"}],"wp:featuredmedia":[{"embeddable":true,"href":"https:\/\/letrame.com\/catalogo\/wp-json\/wp\/v2\/media\/111237"}],"wp:attachment":[{"href":"https:\/\/letrame.com\/catalogo\/wp-json\/wp\/v2\/media?parent=111234"}],"wp:term":[{"taxonomy":"libro","embeddable":true,"href":"https:\/\/letrame.com\/catalogo\/wp-json\/wp\/v2\/libro?post=111234"},{"taxonomy":"product_brand","embeddable":true,"href":"https:\/\/letrame.com\/catalogo\/wp-json\/wp\/v2\/product_brand?post=111234"},{"taxonomy":"product_cat","embeddable":true,"href":"https:\/\/letrame.com\/catalogo\/wp-json\/wp\/v2\/product_cat?post=111234"},{"taxonomy":"product_tag","embeddable":true,"href":"https:\/\/letrame.com\/catalogo\/wp-json\/wp\/v2\/product_tag?post=111234"}],"curies":[{"name":"wp","href":"https:\/\/api.w.org\/{rel}","templated":true}]}}