{"id":111225,"date":"2026-02-26T15:29:50","date_gmt":"2026-02-26T14:29:50","guid":{"rendered":"https:\/\/letrame.com\/catalogo\/?post_type=product&#038;p=111225"},"modified":"2026-02-26T15:29:51","modified_gmt":"2026-02-26T14:29:51","slug":"camionero","status":"publish","type":"product","link":"https:\/\/letrame.com\/catalogo\/producto\/camionero\/","title":{"rendered":"Camionero"},"content":{"rendered":"<p class=\"p1\"><b>ISBN: 9791370293253<\/b><b><\/b><\/p>\n<p class=\"p1\"><b>T\u00edtulo: Camionero<\/b><br \/>\n<b>Fecha: 2025<\/b><br \/>\n<b>P\u00e1ginas: 332<\/b><b><\/b><\/p>\n<p class=\"p1\">\u00a0<b>SINOPSIS<\/b><\/p>\n<p class=\"p1\">Evaristo tiene cincuenta y tres a\u00f1os y una vida que se ha ido hundiendo con la misma elegancia que el sof\u00e1 deformado por el culo de su suegra donde duerme a diario. Conduce un Renault Megane del 97 que amenaza con arder cada ma\u00f1ana y trabaja para un jefe que le paga por firmar papeles cuya utilidad ni el propio universo parece comprender. A\u00f1os atr\u00e1s fue un empresario que roz\u00f3 el cielo; ahora malvive, intentando sortear las broncas conyugales, las pullas de su suegra y los caf\u00e9s con sabor a gasoil que le sirve su amigo Antonio.<\/p>\n<p class=\"p1\">Su existencia es tan gris que incluso so\u00f1ar con vacaciones le parece una falta de respeto a su econom\u00eda.<\/p>\n<p class=\"p1\">Un d\u00eda, tras un golpe de suerte, Evaristo hace justo lo contrario a lo que har\u00eda cualquier persona y su vida cambia por completo y para siempre.<\/p>\n<p class=\"p1\">Camionero es una tragicomedia tan \u00e1cida como entra\u00f1able sobre la derrota cotidiana y la remota posibilidad de redenci\u00f3n. Con iron\u00eda, mala leche y una prosa afilada, Marco Garc\u00eda de Novales retrata una Espa\u00f1a castiza, canalla y peligrosamente reconocible.<\/p>\n<p class=\"p1\">A medio camino entre el humor negro de los hermanos Coen y la s\u00e1tira inmortal de Berlanga, Camionero es una novela que hace re\u00edr, incomoda y, cuando menos se espera, aprieta donde duele.<\/p>\n","protected":false},"excerpt":{"rendered":"<p class=\"p1\"><b>ISBN: 9791370293253<\/b><b><\/b><\/p>\n<p class=\"p1\"><b>SINOPSIS<\/b><\/p>\n<p class=\"p1\">Evaristo tiene cincuenta y tres a\u00f1os y una vida que se ha ido hundiendo con la misma elegancia que el sof\u00e1 deformado por el culo de su suegra donde duerme a diario. Conduce un Renault Megane del 97 que amenaza con arder cada ma\u00f1ana y trabaja para un jefe que le paga por firmar papeles cuya utilidad ni el propio universo parece comprender. A\u00f1os atr\u00e1s fue un empresario que roz\u00f3 el cielo; ahora malvive, intentando sortear las broncas conyugales, las pullas de su suegra y los caf\u00e9s con sabor a gasoil que le sirve su amigo Antonio.<\/p>\n<p class=\"p1\">Su existencia es tan gris que incluso so\u00f1ar con vacaciones le parece una falta de respeto a su econom\u00eda.<\/p>\n<p class=\"p1\">Un d\u00eda, tras un golpe de suerte, Evaristo hace justo lo contrario a lo que har\u00eda cualquier persona y su vida cambia por completo y para siempre.<\/p>\n<p class=\"p1\">Camionero es una tragicomedia tan \u00e1cida como entra\u00f1able sobre la derrota cotidiana y la remota posibilidad de redenci\u00f3n. Con iron\u00eda, mala leche y una prosa afilada, Marco Garc\u00eda de Novales retrata una Espa\u00f1a castiza, canalla y peligrosamente reconocible.<\/p>\n<p class=\"p1\">A medio camino entre el humor negro de los hermanos Coen y la s\u00e1tira inmortal de Berlanga, Camionero es una novela que hace re\u00edr, incomoda y, cuando menos se espera, aprieta donde duele.<\/p>\n","protected":false},"featured_media":111228,"comment_status":"open","ping_status":"closed","template":"","meta":{"_acf_changed":false},"libro":[],"product_brand":[],"product_cat":[141],"product_tag":[],"class_list":{"0":"post-111225","1":"product","2":"type-product","3":"status-publish","4":"has-post-thumbnail","6":"product_cat-ficcion","8":"first","9":"instock","10":"shipping-taxable","11":"product-type-simple"},"acf":{"autor":[111226],"enlace_de_compra":"https:\/\/amzn.to\/4cgsVMe"},"yoast_head":"<!-- This site is optimized with the Yoast SEO plugin v26.6 - https:\/\/yoast.com\/wordpress\/plugins\/seo\/ -->\n<title>Camionero - Catalogo | Letrame Grupo Editorial<\/title>\n<meta name=\"robots\" content=\"index, follow, max-snippet:-1, max-image-preview:large, max-video-preview:-1\" \/>\n<link rel=\"canonical\" href=\"https:\/\/letrame.com\/catalogo\/producto\/camionero\/\" \/>\n<meta property=\"og:locale\" content=\"es_ES\" \/>\n<meta property=\"og:type\" content=\"article\" \/>\n<meta property=\"og:title\" content=\"Camionero - Catalogo | Letrame Grupo Editorial\" \/>\n<meta property=\"og:description\" content=\"ISBN: 9791370293253 SINOPSIS Evaristo tiene cincuenta y tres a\u00f1os y una vida que se ha ido hundiendo con la misma elegancia que el sof\u00e1 deformado por el culo de su suegra donde duerme a diario. Conduce un Renault Megane del 97 que amenaza con arder cada ma\u00f1ana y trabaja para un jefe que le paga por firmar papeles cuya utilidad ni el propio universo parece comprender. A\u00f1os atr\u00e1s fue un empresario que roz\u00f3 el cielo; ahora malvive, intentando sortear las broncas conyugales, las pullas de su suegra y los caf\u00e9s con sabor a gasoil que le sirve su amigo Antonio. Su existencia es tan gris que incluso so\u00f1ar con vacaciones le parece una falta de respeto a su econom\u00eda. Un d\u00eda, tras un golpe de suerte, Evaristo hace justo lo contrario a lo que har\u00eda cualquier persona y su vida cambia por completo y para siempre. Camionero es una tragicomedia tan \u00e1cida como entra\u00f1able sobre la derrota cotidiana y la remota posibilidad de redenci\u00f3n. Con iron\u00eda, mala leche y una prosa afilada, Marco Garc\u00eda de Novales retrata una Espa\u00f1a castiza, canalla y peligrosamente reconocible. A medio camino entre el humor negro de los hermanos Coen y la s\u00e1tira inmortal de Berlanga, Camionero es una novela que hace re\u00edr, incomoda y, cuando menos se espera, aprieta donde duele.\" \/>\n<meta property=\"og:url\" content=\"https:\/\/letrame.com\/catalogo\/producto\/camionero\/\" \/>\n<meta property=\"og:site_name\" content=\"Catalogo | Letrame Grupo Editorial\" \/>\n<meta property=\"article:modified_time\" content=\"2026-02-26T14:29:51+00:00\" \/>\n<meta property=\"og:image\" content=\"https:\/\/letrame.com\/catalogo\/wp-content\/uploads\/2026\/02\/portadacatalogo-25-scaled.jpg\" \/>\n\t<meta property=\"og:image:width\" content=\"1781\" \/>\n\t<meta property=\"og:image:height\" content=\"2560\" \/>\n\t<meta property=\"og:image:type\" content=\"image\/jpeg\" \/>\n<meta name=\"twitter:card\" content=\"summary_large_image\" \/>\n<meta name=\"twitter:label1\" content=\"Tiempo de lectura\" \/>\n\t<meta name=\"twitter:data1\" content=\"2 minutos\" \/>\n<script type=\"application\/ld+json\" class=\"yoast-schema-graph\">{\"@context\":\"https:\/\/schema.org\",\"@graph\":[{\"@type\":\"WebPage\",\"@id\":\"https:\/\/letrame.com\/catalogo\/producto\/camionero\/\",\"url\":\"https:\/\/letrame.com\/catalogo\/producto\/camionero\/\",\"name\":\"Camionero - Catalogo | Letrame Grupo Editorial\",\"isPartOf\":{\"@id\":\"https:\/\/letrame.com\/catalogo\/#website\"},\"primaryImageOfPage\":{\"@id\":\"https:\/\/letrame.com\/catalogo\/producto\/camionero\/#primaryimage\"},\"image\":{\"@id\":\"https:\/\/letrame.com\/catalogo\/producto\/camionero\/#primaryimage\"},\"thumbnailUrl\":\"https:\/\/letrame.com\/catalogo\/wp-content\/uploads\/2026\/02\/portadacatalogo-25-scaled.jpg\",\"datePublished\":\"2026-02-26T14:29:50+00:00\",\"dateModified\":\"2026-02-26T14:29:51+00:00\",\"breadcrumb\":{\"@id\":\"https:\/\/letrame.com\/catalogo\/producto\/camionero\/#breadcrumb\"},\"inLanguage\":\"es\",\"potentialAction\":[{\"@type\":\"ReadAction\",\"target\":[\"https:\/\/letrame.com\/catalogo\/producto\/camionero\/\"]}]},{\"@type\":\"ImageObject\",\"inLanguage\":\"es\",\"@id\":\"https:\/\/letrame.com\/catalogo\/producto\/camionero\/#primaryimage\",\"url\":\"https:\/\/letrame.com\/catalogo\/wp-content\/uploads\/2026\/02\/portadacatalogo-25-scaled.jpg\",\"contentUrl\":\"https:\/\/letrame.com\/catalogo\/wp-content\/uploads\/2026\/02\/portadacatalogo-25-scaled.jpg\",\"width\":1781,\"height\":2560},{\"@type\":\"BreadcrumbList\",\"@id\":\"https:\/\/letrame.com\/catalogo\/producto\/camionero\/#breadcrumb\",\"itemListElement\":[{\"@type\":\"ListItem\",\"position\":1,\"name\":\"Portada\",\"item\":\"https:\/\/letrame.com\/catalogo\/\"},{\"@type\":\"ListItem\",\"position\":2,\"name\":\"Cat\u00e1logo\",\"item\":\"https:\/\/letrame.com\/catalogo\/\"},{\"@type\":\"ListItem\",\"position\":3,\"name\":\"Camionero\"}]},{\"@type\":\"WebSite\",\"@id\":\"https:\/\/letrame.com\/catalogo\/#website\",\"url\":\"https:\/\/letrame.com\/catalogo\/\",\"name\":\"Catalogo | Letrame Grupo Editorial\",\"description\":\"\",\"publisher\":{\"@id\":\"https:\/\/letrame.com\/catalogo\/#organization\"},\"potentialAction\":[{\"@type\":\"SearchAction\",\"target\":{\"@type\":\"EntryPoint\",\"urlTemplate\":\"https:\/\/letrame.com\/catalogo\/?s={search_term_string}\"},\"query-input\":{\"@type\":\"PropertyValueSpecification\",\"valueRequired\":true,\"valueName\":\"search_term_string\"}}],\"inLanguage\":\"es\"},{\"@type\":\"Organization\",\"@id\":\"https:\/\/letrame.com\/catalogo\/#organization\",\"name\":\"Catalogo | Letrame Grupo Editorial\",\"url\":\"https:\/\/letrame.com\/catalogo\/\",\"logo\":{\"@type\":\"ImageObject\",\"inLanguage\":\"es\",\"@id\":\"https:\/\/letrame.com\/catalogo\/#\/schema\/logo\/image\/\",\"url\":\"https:\/\/letrame.com\/catalogo\/wp-content\/uploads\/2024\/03\/logo2.webp\",\"contentUrl\":\"https:\/\/letrame.com\/catalogo\/wp-content\/uploads\/2024\/03\/logo2.webp\",\"width\":394,\"height\":128,\"caption\":\"Catalogo | Letrame Grupo Editorial\"},\"image\":{\"@id\":\"https:\/\/letrame.com\/catalogo\/#\/schema\/logo\/image\/\"}}]}<\/script>\n<!-- \/ Yoast SEO plugin. -->","yoast_head_json":{"title":"Camionero - Catalogo | Letrame Grupo Editorial","robots":{"index":"index","follow":"follow","max-snippet":"max-snippet:-1","max-image-preview":"max-image-preview:large","max-video-preview":"max-video-preview:-1"},"canonical":"https:\/\/letrame.com\/catalogo\/producto\/camionero\/","og_locale":"es_ES","og_type":"article","og_title":"Camionero - Catalogo | Letrame Grupo Editorial","og_description":"ISBN: 9791370293253 SINOPSIS Evaristo tiene cincuenta y tres a\u00f1os y una vida que se ha ido hundiendo con la misma elegancia que el sof\u00e1 deformado por el culo de su suegra donde duerme a diario. Conduce un Renault Megane del 97 que amenaza con arder cada ma\u00f1ana y trabaja para un jefe que le paga por firmar papeles cuya utilidad ni el propio universo parece comprender. A\u00f1os atr\u00e1s fue un empresario que roz\u00f3 el cielo; ahora malvive, intentando sortear las broncas conyugales, las pullas de su suegra y los caf\u00e9s con sabor a gasoil que le sirve su amigo Antonio. Su existencia es tan gris que incluso so\u00f1ar con vacaciones le parece una falta de respeto a su econom\u00eda. Un d\u00eda, tras un golpe de suerte, Evaristo hace justo lo contrario a lo que har\u00eda cualquier persona y su vida cambia por completo y para siempre. Camionero es una tragicomedia tan \u00e1cida como entra\u00f1able sobre la derrota cotidiana y la remota posibilidad de redenci\u00f3n. Con iron\u00eda, mala leche y una prosa afilada, Marco Garc\u00eda de Novales retrata una Espa\u00f1a castiza, canalla y peligrosamente reconocible. A medio camino entre el humor negro de los hermanos Coen y la s\u00e1tira inmortal de Berlanga, Camionero es una novela que hace re\u00edr, incomoda y, cuando menos se espera, aprieta donde duele.","og_url":"https:\/\/letrame.com\/catalogo\/producto\/camionero\/","og_site_name":"Catalogo | Letrame Grupo Editorial","article_modified_time":"2026-02-26T14:29:51+00:00","og_image":[{"width":1781,"height":2560,"url":"https:\/\/letrame.com\/catalogo\/wp-content\/uploads\/2026\/02\/portadacatalogo-25-scaled.jpg","type":"image\/jpeg"}],"twitter_card":"summary_large_image","twitter_misc":{"Tiempo de lectura":"2 minutos"},"schema":{"@context":"https:\/\/schema.org","@graph":[{"@type":"WebPage","@id":"https:\/\/letrame.com\/catalogo\/producto\/camionero\/","url":"https:\/\/letrame.com\/catalogo\/producto\/camionero\/","name":"Camionero - Catalogo | Letrame Grupo Editorial","isPartOf":{"@id":"https:\/\/letrame.com\/catalogo\/#website"},"primaryImageOfPage":{"@id":"https:\/\/letrame.com\/catalogo\/producto\/camionero\/#primaryimage"},"image":{"@id":"https:\/\/letrame.com\/catalogo\/producto\/camionero\/#primaryimage"},"thumbnailUrl":"https:\/\/letrame.com\/catalogo\/wp-content\/uploads\/2026\/02\/portadacatalogo-25-scaled.jpg","datePublished":"2026-02-26T14:29:50+00:00","dateModified":"2026-02-26T14:29:51+00:00","breadcrumb":{"@id":"https:\/\/letrame.com\/catalogo\/producto\/camionero\/#breadcrumb"},"inLanguage":"es","potentialAction":[{"@type":"ReadAction","target":["https:\/\/letrame.com\/catalogo\/producto\/camionero\/"]}]},{"@type":"ImageObject","inLanguage":"es","@id":"https:\/\/letrame.com\/catalogo\/producto\/camionero\/#primaryimage","url":"https:\/\/letrame.com\/catalogo\/wp-content\/uploads\/2026\/02\/portadacatalogo-25-scaled.jpg","contentUrl":"https:\/\/letrame.com\/catalogo\/wp-content\/uploads\/2026\/02\/portadacatalogo-25-scaled.jpg","width":1781,"height":2560},{"@type":"BreadcrumbList","@id":"https:\/\/letrame.com\/catalogo\/producto\/camionero\/#breadcrumb","itemListElement":[{"@type":"ListItem","position":1,"name":"Portada","item":"https:\/\/letrame.com\/catalogo\/"},{"@type":"ListItem","position":2,"name":"Cat\u00e1logo","item":"https:\/\/letrame.com\/catalogo\/"},{"@type":"ListItem","position":3,"name":"Camionero"}]},{"@type":"WebSite","@id":"https:\/\/letrame.com\/catalogo\/#website","url":"https:\/\/letrame.com\/catalogo\/","name":"Catalogo | Letrame Grupo Editorial","description":"","publisher":{"@id":"https:\/\/letrame.com\/catalogo\/#organization"},"potentialAction":[{"@type":"SearchAction","target":{"@type":"EntryPoint","urlTemplate":"https:\/\/letrame.com\/catalogo\/?s={search_term_string}"},"query-input":{"@type":"PropertyValueSpecification","valueRequired":true,"valueName":"search_term_string"}}],"inLanguage":"es"},{"@type":"Organization","@id":"https:\/\/letrame.com\/catalogo\/#organization","name":"Catalogo | Letrame Grupo Editorial","url":"https:\/\/letrame.com\/catalogo\/","logo":{"@type":"ImageObject","inLanguage":"es","@id":"https:\/\/letrame.com\/catalogo\/#\/schema\/logo\/image\/","url":"https:\/\/letrame.com\/catalogo\/wp-content\/uploads\/2024\/03\/logo2.webp","contentUrl":"https:\/\/letrame.com\/catalogo\/wp-content\/uploads\/2024\/03\/logo2.webp","width":394,"height":128,"caption":"Catalogo | Letrame Grupo Editorial"},"image":{"@id":"https:\/\/letrame.com\/catalogo\/#\/schema\/logo\/image\/"}}]}},"_links":{"self":[{"href":"https:\/\/letrame.com\/catalogo\/wp-json\/wp\/v2\/product\/111225","targetHints":{"allow":["GET"]}}],"collection":[{"href":"https:\/\/letrame.com\/catalogo\/wp-json\/wp\/v2\/product"}],"about":[{"href":"https:\/\/letrame.com\/catalogo\/wp-json\/wp\/v2\/types\/product"}],"replies":[{"embeddable":true,"href":"https:\/\/letrame.com\/catalogo\/wp-json\/wp\/v2\/comments?post=111225"}],"acf:post":[{"embeddable":true,"href":"https:\/\/letrame.com\/catalogo\/wp-json\/wp\/v2\/author_book\/111226"}],"wp:featuredmedia":[{"embeddable":true,"href":"https:\/\/letrame.com\/catalogo\/wp-json\/wp\/v2\/media\/111228"}],"wp:attachment":[{"href":"https:\/\/letrame.com\/catalogo\/wp-json\/wp\/v2\/media?parent=111225"}],"wp:term":[{"taxonomy":"libro","embeddable":true,"href":"https:\/\/letrame.com\/catalogo\/wp-json\/wp\/v2\/libro?post=111225"},{"taxonomy":"product_brand","embeddable":true,"href":"https:\/\/letrame.com\/catalogo\/wp-json\/wp\/v2\/product_brand?post=111225"},{"taxonomy":"product_cat","embeddable":true,"href":"https:\/\/letrame.com\/catalogo\/wp-json\/wp\/v2\/product_cat?post=111225"},{"taxonomy":"product_tag","embeddable":true,"href":"https:\/\/letrame.com\/catalogo\/wp-json\/wp\/v2\/product_tag?post=111225"}],"curies":[{"name":"wp","href":"https:\/\/api.w.org\/{rel}","templated":true}]}}