{"id":111221,"date":"2026-02-26T15:24:12","date_gmt":"2026-02-26T14:24:12","guid":{"rendered":"https:\/\/letrame.com\/catalogo\/?post_type=product&#038;p=111221"},"modified":"2026-02-26T15:24:12","modified_gmt":"2026-02-26T14:24:12","slug":"rostros-sin-muecas","status":"publish","type":"product","link":"https:\/\/letrame.com\/catalogo\/producto\/rostros-sin-muecas\/","title":{"rendered":"Rostros sin muecas"},"content":{"rendered":"<p class=\"p1\"><b>ISBN: 9791370290030<\/b><b><\/b><\/p>\n<p class=\"p1\"><b>T\u00edtulo: Rostros sin muecas<\/b><br \/>\n<b>Fecha: 2025<\/b><br \/>\n<b>P\u00e1ginas: 246<\/b><b><\/b><\/p>\n<p class=\"p1\">\u00a0<b>SINOPSIS<\/b><\/p>\n<p class=\"p1\">El autor recoge en estas p\u00e1ginas lo que la vida le fue dejando: im\u00e1-genes, emociones, heridas, peque\u00f1as revelaciones&#8230; No son cuentos, ni poemas, tampoco confesiones. Todo eso, a la vez. Fragmentos que nacen de lo vivido, lo so\u00f1ado y lo sentido.<\/p>\n<p class=\"p1\">Aqu\u00ed se habla de la infancia sin adornos, de los veranos que ya no vuelven, del primer beso que no se olvida, del trabajo duro, del desamor que se queda callado, del alma que envejece con los a\u00f1os y del cuerpo que a\u00fan recuerda. De la alegr\u00eda y la soledad. De los d\u00edas de niebla y las madrugadas en silencio. Del amor imposible. De la vida, sin m\u00e1scaras.<\/p>\n<p class=\"p1\">Cada relato es una c\u00e1psula, un suspiro, una cicatriz que se deja ver sin maquillaje. Hay memoria, hay ternura, hay verdad.<\/p>\n<p class=\"p1\">No hay m\u00e1scaras. No hay trampa. Solo rostros&#8230; sin muecas.<\/p>\n","protected":false},"excerpt":{"rendered":"<p class=\"p1\"><b>ISBN: 9791370290030<\/b><b><\/b><\/p>\n<p class=\"p1\"><b>SINOPSIS<\/b><\/p>\n<p class=\"p1\">El autor recoge en estas p\u00e1ginas lo que la vida le fue dejando: im\u00e1-genes, emociones, heridas, peque\u00f1as revelaciones&#8230; No son cuentos, ni poemas, tampoco confesiones. Todo eso, a la vez. Fragmentos que nacen de lo vivido, lo so\u00f1ado y lo sentido.<\/p>\n<p class=\"p1\">Aqu\u00ed se habla de la infancia sin adornos, de los veranos que ya no vuelven, del primer beso que no se olvida, del trabajo duro, del desamor que se queda callado, del alma que envejece con los a\u00f1os y del cuerpo que a\u00fan recuerda. De la alegr\u00eda y la soledad. De los d\u00edas de niebla y las madrugadas en silencio. Del amor imposible. De la vida, sin m\u00e1scaras.<\/p>\n<p class=\"p1\">Cada relato es una c\u00e1psula, un suspiro, una cicatriz que se deja ver sin maquillaje. Hay memoria, hay ternura, hay verdad.<\/p>\n<p class=\"p1\">No hay m\u00e1scaras. No hay trampa. Solo rostros&#8230; sin muecas.<\/p>\n","protected":false},"featured_media":111224,"comment_status":"open","ping_status":"closed","template":"","meta":{"_acf_changed":false},"libro":[],"product_brand":[],"product_cat":[20],"product_tag":[],"class_list":{"0":"post-111221","1":"product","2":"type-product","3":"status-publish","4":"has-post-thumbnail","6":"product_cat-poesia","8":"first","9":"instock","10":"shipping-taxable","11":"product-type-simple"},"acf":{"autor":[111222],"enlace_de_compra":"https:\/\/amzn.to\/4uf3ilx"},"yoast_head":"<!-- This site is optimized with the Yoast SEO plugin v26.6 - https:\/\/yoast.com\/wordpress\/plugins\/seo\/ -->\n<title>Rostros sin muecas - Catalogo | Letrame Grupo Editorial<\/title>\n<meta name=\"robots\" content=\"index, follow, max-snippet:-1, max-image-preview:large, max-video-preview:-1\" \/>\n<link rel=\"canonical\" href=\"https:\/\/letrame.com\/catalogo\/producto\/rostros-sin-muecas\/\" \/>\n<meta property=\"og:locale\" content=\"es_ES\" \/>\n<meta property=\"og:type\" content=\"article\" \/>\n<meta property=\"og:title\" content=\"Rostros sin muecas - Catalogo | Letrame Grupo Editorial\" \/>\n<meta property=\"og:description\" content=\"ISBN: 9791370290030 SINOPSIS El autor recoge en estas p\u00e1ginas lo que la vida le fue dejando: im\u00e1-genes, emociones, heridas, peque\u00f1as revelaciones... No son cuentos, ni poemas, tampoco confesiones. Todo eso, a la vez. Fragmentos que nacen de lo vivido, lo so\u00f1ado y lo sentido. Aqu\u00ed se habla de la infancia sin adornos, de los veranos que ya no vuelven, del primer beso que no se olvida, del trabajo duro, del desamor que se queda callado, del alma que envejece con los a\u00f1os y del cuerpo que a\u00fan recuerda. De la alegr\u00eda y la soledad. De los d\u00edas de niebla y las madrugadas en silencio. Del amor imposible. De la vida, sin m\u00e1scaras. Cada relato es una c\u00e1psula, un suspiro, una cicatriz que se deja ver sin maquillaje. Hay memoria, hay ternura, hay verdad. No hay m\u00e1scaras. No hay trampa. Solo rostros... sin muecas.\" \/>\n<meta property=\"og:url\" content=\"https:\/\/letrame.com\/catalogo\/producto\/rostros-sin-muecas\/\" \/>\n<meta property=\"og:site_name\" content=\"Catalogo | Letrame Grupo Editorial\" \/>\n<meta property=\"og:image\" content=\"https:\/\/letrame.com\/catalogo\/wp-content\/uploads\/2026\/02\/portadacatalogo-24-scaled.jpg\" \/>\n\t<meta property=\"og:image:width\" content=\"1745\" \/>\n\t<meta property=\"og:image:height\" content=\"2560\" \/>\n\t<meta property=\"og:image:type\" content=\"image\/jpeg\" \/>\n<meta name=\"twitter:card\" content=\"summary_large_image\" \/>\n<meta name=\"twitter:label1\" content=\"Tiempo de lectura\" \/>\n\t<meta name=\"twitter:data1\" content=\"1 minuto\" \/>\n<script type=\"application\/ld+json\" class=\"yoast-schema-graph\">{\"@context\":\"https:\/\/schema.org\",\"@graph\":[{\"@type\":\"WebPage\",\"@id\":\"https:\/\/letrame.com\/catalogo\/producto\/rostros-sin-muecas\/\",\"url\":\"https:\/\/letrame.com\/catalogo\/producto\/rostros-sin-muecas\/\",\"name\":\"Rostros sin muecas - Catalogo | Letrame Grupo Editorial\",\"isPartOf\":{\"@id\":\"https:\/\/letrame.com\/catalogo\/#website\"},\"primaryImageOfPage\":{\"@id\":\"https:\/\/letrame.com\/catalogo\/producto\/rostros-sin-muecas\/#primaryimage\"},\"image\":{\"@id\":\"https:\/\/letrame.com\/catalogo\/producto\/rostros-sin-muecas\/#primaryimage\"},\"thumbnailUrl\":\"https:\/\/letrame.com\/catalogo\/wp-content\/uploads\/2026\/02\/portadacatalogo-24-scaled.jpg\",\"datePublished\":\"2026-02-26T14:24:12+00:00\",\"breadcrumb\":{\"@id\":\"https:\/\/letrame.com\/catalogo\/producto\/rostros-sin-muecas\/#breadcrumb\"},\"inLanguage\":\"es\",\"potentialAction\":[{\"@type\":\"ReadAction\",\"target\":[\"https:\/\/letrame.com\/catalogo\/producto\/rostros-sin-muecas\/\"]}]},{\"@type\":\"ImageObject\",\"inLanguage\":\"es\",\"@id\":\"https:\/\/letrame.com\/catalogo\/producto\/rostros-sin-muecas\/#primaryimage\",\"url\":\"https:\/\/letrame.com\/catalogo\/wp-content\/uploads\/2026\/02\/portadacatalogo-24-scaled.jpg\",\"contentUrl\":\"https:\/\/letrame.com\/catalogo\/wp-content\/uploads\/2026\/02\/portadacatalogo-24-scaled.jpg\",\"width\":1745,\"height\":2560},{\"@type\":\"BreadcrumbList\",\"@id\":\"https:\/\/letrame.com\/catalogo\/producto\/rostros-sin-muecas\/#breadcrumb\",\"itemListElement\":[{\"@type\":\"ListItem\",\"position\":1,\"name\":\"Portada\",\"item\":\"https:\/\/letrame.com\/catalogo\/\"},{\"@type\":\"ListItem\",\"position\":2,\"name\":\"Cat\u00e1logo\",\"item\":\"https:\/\/letrame.com\/catalogo\/\"},{\"@type\":\"ListItem\",\"position\":3,\"name\":\"Rostros sin muecas\"}]},{\"@type\":\"WebSite\",\"@id\":\"https:\/\/letrame.com\/catalogo\/#website\",\"url\":\"https:\/\/letrame.com\/catalogo\/\",\"name\":\"Catalogo | Letrame Grupo Editorial\",\"description\":\"\",\"publisher\":{\"@id\":\"https:\/\/letrame.com\/catalogo\/#organization\"},\"potentialAction\":[{\"@type\":\"SearchAction\",\"target\":{\"@type\":\"EntryPoint\",\"urlTemplate\":\"https:\/\/letrame.com\/catalogo\/?s={search_term_string}\"},\"query-input\":{\"@type\":\"PropertyValueSpecification\",\"valueRequired\":true,\"valueName\":\"search_term_string\"}}],\"inLanguage\":\"es\"},{\"@type\":\"Organization\",\"@id\":\"https:\/\/letrame.com\/catalogo\/#organization\",\"name\":\"Catalogo | Letrame Grupo Editorial\",\"url\":\"https:\/\/letrame.com\/catalogo\/\",\"logo\":{\"@type\":\"ImageObject\",\"inLanguage\":\"es\",\"@id\":\"https:\/\/letrame.com\/catalogo\/#\/schema\/logo\/image\/\",\"url\":\"https:\/\/letrame.com\/catalogo\/wp-content\/uploads\/2024\/03\/logo2.webp\",\"contentUrl\":\"https:\/\/letrame.com\/catalogo\/wp-content\/uploads\/2024\/03\/logo2.webp\",\"width\":394,\"height\":128,\"caption\":\"Catalogo | Letrame Grupo Editorial\"},\"image\":{\"@id\":\"https:\/\/letrame.com\/catalogo\/#\/schema\/logo\/image\/\"}}]}<\/script>\n<!-- \/ Yoast SEO plugin. -->","yoast_head_json":{"title":"Rostros sin muecas - Catalogo | Letrame Grupo Editorial","robots":{"index":"index","follow":"follow","max-snippet":"max-snippet:-1","max-image-preview":"max-image-preview:large","max-video-preview":"max-video-preview:-1"},"canonical":"https:\/\/letrame.com\/catalogo\/producto\/rostros-sin-muecas\/","og_locale":"es_ES","og_type":"article","og_title":"Rostros sin muecas - Catalogo | Letrame Grupo Editorial","og_description":"ISBN: 9791370290030 SINOPSIS El autor recoge en estas p\u00e1ginas lo que la vida le fue dejando: im\u00e1-genes, emociones, heridas, peque\u00f1as revelaciones... No son cuentos, ni poemas, tampoco confesiones. Todo eso, a la vez. Fragmentos que nacen de lo vivido, lo so\u00f1ado y lo sentido. Aqu\u00ed se habla de la infancia sin adornos, de los veranos que ya no vuelven, del primer beso que no se olvida, del trabajo duro, del desamor que se queda callado, del alma que envejece con los a\u00f1os y del cuerpo que a\u00fan recuerda. De la alegr\u00eda y la soledad. De los d\u00edas de niebla y las madrugadas en silencio. Del amor imposible. De la vida, sin m\u00e1scaras. Cada relato es una c\u00e1psula, un suspiro, una cicatriz que se deja ver sin maquillaje. Hay memoria, hay ternura, hay verdad. No hay m\u00e1scaras. No hay trampa. Solo rostros... sin muecas.","og_url":"https:\/\/letrame.com\/catalogo\/producto\/rostros-sin-muecas\/","og_site_name":"Catalogo | Letrame Grupo Editorial","og_image":[{"width":1745,"height":2560,"url":"https:\/\/letrame.com\/catalogo\/wp-content\/uploads\/2026\/02\/portadacatalogo-24-scaled.jpg","type":"image\/jpeg"}],"twitter_card":"summary_large_image","twitter_misc":{"Tiempo de lectura":"1 minuto"},"schema":{"@context":"https:\/\/schema.org","@graph":[{"@type":"WebPage","@id":"https:\/\/letrame.com\/catalogo\/producto\/rostros-sin-muecas\/","url":"https:\/\/letrame.com\/catalogo\/producto\/rostros-sin-muecas\/","name":"Rostros sin muecas - Catalogo | Letrame Grupo Editorial","isPartOf":{"@id":"https:\/\/letrame.com\/catalogo\/#website"},"primaryImageOfPage":{"@id":"https:\/\/letrame.com\/catalogo\/producto\/rostros-sin-muecas\/#primaryimage"},"image":{"@id":"https:\/\/letrame.com\/catalogo\/producto\/rostros-sin-muecas\/#primaryimage"},"thumbnailUrl":"https:\/\/letrame.com\/catalogo\/wp-content\/uploads\/2026\/02\/portadacatalogo-24-scaled.jpg","datePublished":"2026-02-26T14:24:12+00:00","breadcrumb":{"@id":"https:\/\/letrame.com\/catalogo\/producto\/rostros-sin-muecas\/#breadcrumb"},"inLanguage":"es","potentialAction":[{"@type":"ReadAction","target":["https:\/\/letrame.com\/catalogo\/producto\/rostros-sin-muecas\/"]}]},{"@type":"ImageObject","inLanguage":"es","@id":"https:\/\/letrame.com\/catalogo\/producto\/rostros-sin-muecas\/#primaryimage","url":"https:\/\/letrame.com\/catalogo\/wp-content\/uploads\/2026\/02\/portadacatalogo-24-scaled.jpg","contentUrl":"https:\/\/letrame.com\/catalogo\/wp-content\/uploads\/2026\/02\/portadacatalogo-24-scaled.jpg","width":1745,"height":2560},{"@type":"BreadcrumbList","@id":"https:\/\/letrame.com\/catalogo\/producto\/rostros-sin-muecas\/#breadcrumb","itemListElement":[{"@type":"ListItem","position":1,"name":"Portada","item":"https:\/\/letrame.com\/catalogo\/"},{"@type":"ListItem","position":2,"name":"Cat\u00e1logo","item":"https:\/\/letrame.com\/catalogo\/"},{"@type":"ListItem","position":3,"name":"Rostros sin muecas"}]},{"@type":"WebSite","@id":"https:\/\/letrame.com\/catalogo\/#website","url":"https:\/\/letrame.com\/catalogo\/","name":"Catalogo | Letrame Grupo Editorial","description":"","publisher":{"@id":"https:\/\/letrame.com\/catalogo\/#organization"},"potentialAction":[{"@type":"SearchAction","target":{"@type":"EntryPoint","urlTemplate":"https:\/\/letrame.com\/catalogo\/?s={search_term_string}"},"query-input":{"@type":"PropertyValueSpecification","valueRequired":true,"valueName":"search_term_string"}}],"inLanguage":"es"},{"@type":"Organization","@id":"https:\/\/letrame.com\/catalogo\/#organization","name":"Catalogo | Letrame Grupo Editorial","url":"https:\/\/letrame.com\/catalogo\/","logo":{"@type":"ImageObject","inLanguage":"es","@id":"https:\/\/letrame.com\/catalogo\/#\/schema\/logo\/image\/","url":"https:\/\/letrame.com\/catalogo\/wp-content\/uploads\/2024\/03\/logo2.webp","contentUrl":"https:\/\/letrame.com\/catalogo\/wp-content\/uploads\/2024\/03\/logo2.webp","width":394,"height":128,"caption":"Catalogo | Letrame Grupo Editorial"},"image":{"@id":"https:\/\/letrame.com\/catalogo\/#\/schema\/logo\/image\/"}}]}},"_links":{"self":[{"href":"https:\/\/letrame.com\/catalogo\/wp-json\/wp\/v2\/product\/111221","targetHints":{"allow":["GET"]}}],"collection":[{"href":"https:\/\/letrame.com\/catalogo\/wp-json\/wp\/v2\/product"}],"about":[{"href":"https:\/\/letrame.com\/catalogo\/wp-json\/wp\/v2\/types\/product"}],"replies":[{"embeddable":true,"href":"https:\/\/letrame.com\/catalogo\/wp-json\/wp\/v2\/comments?post=111221"}],"acf:post":[{"embeddable":true,"href":"https:\/\/letrame.com\/catalogo\/wp-json\/wp\/v2\/author_book\/111222"}],"wp:featuredmedia":[{"embeddable":true,"href":"https:\/\/letrame.com\/catalogo\/wp-json\/wp\/v2\/media\/111224"}],"wp:attachment":[{"href":"https:\/\/letrame.com\/catalogo\/wp-json\/wp\/v2\/media?parent=111221"}],"wp:term":[{"taxonomy":"libro","embeddable":true,"href":"https:\/\/letrame.com\/catalogo\/wp-json\/wp\/v2\/libro?post=111221"},{"taxonomy":"product_brand","embeddable":true,"href":"https:\/\/letrame.com\/catalogo\/wp-json\/wp\/v2\/product_brand?post=111221"},{"taxonomy":"product_cat","embeddable":true,"href":"https:\/\/letrame.com\/catalogo\/wp-json\/wp\/v2\/product_cat?post=111221"},{"taxonomy":"product_tag","embeddable":true,"href":"https:\/\/letrame.com\/catalogo\/wp-json\/wp\/v2\/product_tag?post=111221"}],"curies":[{"name":"wp","href":"https:\/\/api.w.org\/{rel}","templated":true}]}}