{"id":111210,"date":"2026-02-26T15:04:38","date_gmt":"2026-02-26T14:04:38","guid":{"rendered":"https:\/\/letrame.com\/catalogo\/?post_type=product&#038;p=111210"},"modified":"2026-02-26T15:04:39","modified_gmt":"2026-02-26T14:04:39","slug":"los-apostadores","status":"publish","type":"product","link":"https:\/\/letrame.com\/catalogo\/producto\/los-apostadores\/","title":{"rendered":"Los Apostadores"},"content":{"rendered":"<p class=\"p1\"><b>ISBN: 9791370123444<\/b><b><\/b><\/p>\n<p class=\"p1\"><b>T\u00edtulo: Los Apostadores<\/b><br \/>\n<b>Fecha: 2025<\/b><br \/>\n<b>P\u00e1ginas: 152<\/b><b><\/b><\/p>\n<p class=\"p1\">\u00a0<b>SINOPSIS<\/b><\/p>\n<p class=\"p1\">\u00bfPor qu\u00e9 nos suceden cosas buenas o no tan buenas en la vida? \u00bfNuestra fe, sea cual sea, nos asegura una vida sin sufrimientos? O, quiz\u00e1 m\u00e1s importante: \u00bfmantenemos nuestra fe cuando la adversidad nos agobia?<\/p>\n<p class=\"p1\">Esas pueden ser las interrogantes que se nos presenten al conocer la historia de Jos\u00e9<\/p>\n<p class=\"p1\">Oswaldo Berm\u00fadez, quien ha edificado su vida sobre valores s\u00f3lidos: fe, familia, esfuerzo y trabajo. Pero su mundo cambia totalmente de la noche a la ma\u00f1ana. \u00bfEs todo producto de un acuerdo, un juego, una apuesta? \u00bfSe puede mantener la fe cuando todo lo que amas se tambalea o se derrumba? \u00bfSe puede seguir apostando por la vida sin sentirse que eres solo una ficha descartable y, adem\u00e1s, el jugador que m\u00e1s pierde?<\/p>\n<p class=\"p1\">\u00bfPor qu\u00e9 este hombre carga con tanto sufrimiento? Al parecer, todo resultado de un trato, de catalizadores, una terrible prueba de fe. Esta historia plantea m\u00e1s preguntas que respuestas. El protagonista se enfrentar\u00e1 al designio de un destino sin certezas, de un sufrimiento sin final aparente&#8230;<\/p>\n<p class=\"p1\">Al\u00e9xis Le\u00f3n abre una puerta a lo m\u00e1s \u00edntimo e inc\u00f3modo de un poder inexplicable y desconocido, del dolor y de la fe, con una narraci\u00f3n que ofrece incertidumbre y caminos por explorar, entregando al lector el poder decidir si cruzar esa puerta&#8230; o dejarla cerrada.<\/p>\n","protected":false},"excerpt":{"rendered":"<p class=\"p1\"><b>ISBN: 9791370123444<\/b><b><\/b><\/p>\n<p class=\"p1\"><b>SINOPSIS<\/b><\/p>\n<p class=\"p1\">\u00bfPor qu\u00e9 nos suceden cosas buenas o no tan buenas en la vida? \u00bfNuestra fe, sea cual sea, nos asegura una vida sin sufrimientos? O, quiz\u00e1 m\u00e1s importante: \u00bfmantenemos nuestra fe cuando la adversidad nos agobia?<\/p>\n<p class=\"p1\">Esas pueden ser las interrogantes que se nos presenten al conocer la historia de Jos\u00e9<\/p>\n<p class=\"p1\">Oswaldo Berm\u00fadez, quien ha edificado su vida sobre valores s\u00f3lidos: fe, familia, esfuerzo y trabajo. Pero su mundo cambia totalmente de la noche a la ma\u00f1ana. \u00bfEs todo producto de un acuerdo, un juego, una apuesta? \u00bfSe puede mantener la fe cuando todo lo que amas se tambalea o se derrumba? \u00bfSe puede seguir apostando por la vida sin sentirse que eres solo una ficha descartable y, adem\u00e1s, el jugador que m\u00e1s pierde?<\/p>\n<p class=\"p1\">\u00bfPor qu\u00e9 este hombre carga con tanto sufrimiento? Al parecer, todo resultado de un trato, de catalizadores, una terrible prueba de fe. Esta historia plantea m\u00e1s preguntas que respuestas. El protagonista se enfrentar\u00e1 al designio de un destino sin certezas, de un sufrimiento sin final aparente&#8230;<\/p>\n<p class=\"p1\">Al\u00e9xis Le\u00f3n abre una puerta a lo m\u00e1s \u00edntimo e inc\u00f3modo de un poder inexplicable y desconocido, del dolor y de la fe, con una narraci\u00f3n que ofrece incertidumbre y caminos por explorar, entregando al lector el poder decidir si cruzar esa puerta&#8230; o dejarla cerrada.<\/p>\n","protected":false},"featured_media":111213,"comment_status":"open","ping_status":"closed","template":"","meta":{"_acf_changed":false},"libro":[],"product_brand":[],"product_cat":[141],"product_tag":[],"class_list":{"0":"post-111210","1":"product","2":"type-product","3":"status-publish","4":"has-post-thumbnail","6":"product_cat-ficcion","8":"first","9":"instock","10":"shipping-taxable","11":"product-type-simple"},"acf":{"autor":[111211],"enlace_de_compra":"https:\/\/amzn.to\/4l5h8Ti"},"yoast_head":"<!-- This site is optimized with the Yoast SEO plugin v26.6 - https:\/\/yoast.com\/wordpress\/plugins\/seo\/ -->\n<title>Los Apostadores - Catalogo | Letrame Grupo Editorial<\/title>\n<meta name=\"robots\" content=\"index, follow, max-snippet:-1, max-image-preview:large, max-video-preview:-1\" \/>\n<link rel=\"canonical\" href=\"https:\/\/letrame.com\/catalogo\/producto\/los-apostadores\/\" \/>\n<meta property=\"og:locale\" content=\"es_ES\" \/>\n<meta property=\"og:type\" content=\"article\" \/>\n<meta property=\"og:title\" content=\"Los Apostadores - Catalogo | Letrame Grupo Editorial\" \/>\n<meta property=\"og:description\" content=\"ISBN: 9791370123444 SINOPSIS \u00bfPor qu\u00e9 nos suceden cosas buenas o no tan buenas en la vida? \u00bfNuestra fe, sea cual sea, nos asegura una vida sin sufrimientos? O, quiz\u00e1 m\u00e1s importante: \u00bfmantenemos nuestra fe cuando la adversidad nos agobia? Esas pueden ser las interrogantes que se nos presenten al conocer la historia de Jos\u00e9 Oswaldo Berm\u00fadez, quien ha edificado su vida sobre valores s\u00f3lidos: fe, familia, esfuerzo y trabajo. Pero su mundo cambia totalmente de la noche a la ma\u00f1ana. \u00bfEs todo producto de un acuerdo, un juego, una apuesta? \u00bfSe puede mantener la fe cuando todo lo que amas se tambalea o se derrumba? \u00bfSe puede seguir apostando por la vida sin sentirse que eres solo una ficha descartable y, adem\u00e1s, el jugador que m\u00e1s pierde? \u00bfPor qu\u00e9 este hombre carga con tanto sufrimiento? Al parecer, todo resultado de un trato, de catalizadores, una terrible prueba de fe. Esta historia plantea m\u00e1s preguntas que respuestas. El protagonista se enfrentar\u00e1 al designio de un destino sin certezas, de un sufrimiento sin final aparente... Al\u00e9xis Le\u00f3n abre una puerta a lo m\u00e1s \u00edntimo e inc\u00f3modo de un poder inexplicable y desconocido, del dolor y de la fe, con una narraci\u00f3n que ofrece incertidumbre y caminos por explorar, entregando al lector el poder decidir si cruzar esa puerta... o dejarla cerrada.\" \/>\n<meta property=\"og:url\" content=\"https:\/\/letrame.com\/catalogo\/producto\/los-apostadores\/\" \/>\n<meta property=\"og:site_name\" content=\"Catalogo | Letrame Grupo Editorial\" \/>\n<meta property=\"article:modified_time\" content=\"2026-02-26T14:04:39+00:00\" \/>\n<meta property=\"og:image\" content=\"https:\/\/letrame.com\/catalogo\/wp-content\/uploads\/2026\/02\/portadacatalogo-21.jpg\" \/>\n\t<meta property=\"og:image:width\" content=\"1748\" \/>\n\t<meta property=\"og:image:height\" content=\"2480\" \/>\n\t<meta property=\"og:image:type\" content=\"image\/jpeg\" \/>\n<meta name=\"twitter:card\" content=\"summary_large_image\" \/>\n<meta name=\"twitter:label1\" content=\"Tiempo de lectura\" \/>\n\t<meta name=\"twitter:data1\" content=\"2 minutos\" \/>\n<script type=\"application\/ld+json\" class=\"yoast-schema-graph\">{\"@context\":\"https:\/\/schema.org\",\"@graph\":[{\"@type\":\"WebPage\",\"@id\":\"https:\/\/letrame.com\/catalogo\/producto\/los-apostadores\/\",\"url\":\"https:\/\/letrame.com\/catalogo\/producto\/los-apostadores\/\",\"name\":\"Los Apostadores - Catalogo | Letrame Grupo Editorial\",\"isPartOf\":{\"@id\":\"https:\/\/letrame.com\/catalogo\/#website\"},\"primaryImageOfPage\":{\"@id\":\"https:\/\/letrame.com\/catalogo\/producto\/los-apostadores\/#primaryimage\"},\"image\":{\"@id\":\"https:\/\/letrame.com\/catalogo\/producto\/los-apostadores\/#primaryimage\"},\"thumbnailUrl\":\"https:\/\/letrame.com\/catalogo\/wp-content\/uploads\/2026\/02\/portadacatalogo-21.jpg\",\"datePublished\":\"2026-02-26T14:04:38+00:00\",\"dateModified\":\"2026-02-26T14:04:39+00:00\",\"breadcrumb\":{\"@id\":\"https:\/\/letrame.com\/catalogo\/producto\/los-apostadores\/#breadcrumb\"},\"inLanguage\":\"es\",\"potentialAction\":[{\"@type\":\"ReadAction\",\"target\":[\"https:\/\/letrame.com\/catalogo\/producto\/los-apostadores\/\"]}]},{\"@type\":\"ImageObject\",\"inLanguage\":\"es\",\"@id\":\"https:\/\/letrame.com\/catalogo\/producto\/los-apostadores\/#primaryimage\",\"url\":\"https:\/\/letrame.com\/catalogo\/wp-content\/uploads\/2026\/02\/portadacatalogo-21.jpg\",\"contentUrl\":\"https:\/\/letrame.com\/catalogo\/wp-content\/uploads\/2026\/02\/portadacatalogo-21.jpg\",\"width\":1748,\"height\":2480},{\"@type\":\"BreadcrumbList\",\"@id\":\"https:\/\/letrame.com\/catalogo\/producto\/los-apostadores\/#breadcrumb\",\"itemListElement\":[{\"@type\":\"ListItem\",\"position\":1,\"name\":\"Portada\",\"item\":\"https:\/\/letrame.com\/catalogo\/\"},{\"@type\":\"ListItem\",\"position\":2,\"name\":\"Cat\u00e1logo\",\"item\":\"https:\/\/letrame.com\/catalogo\/\"},{\"@type\":\"ListItem\",\"position\":3,\"name\":\"Los Apostadores\"}]},{\"@type\":\"WebSite\",\"@id\":\"https:\/\/letrame.com\/catalogo\/#website\",\"url\":\"https:\/\/letrame.com\/catalogo\/\",\"name\":\"Catalogo | Letrame Grupo Editorial\",\"description\":\"\",\"publisher\":{\"@id\":\"https:\/\/letrame.com\/catalogo\/#organization\"},\"potentialAction\":[{\"@type\":\"SearchAction\",\"target\":{\"@type\":\"EntryPoint\",\"urlTemplate\":\"https:\/\/letrame.com\/catalogo\/?s={search_term_string}\"},\"query-input\":{\"@type\":\"PropertyValueSpecification\",\"valueRequired\":true,\"valueName\":\"search_term_string\"}}],\"inLanguage\":\"es\"},{\"@type\":\"Organization\",\"@id\":\"https:\/\/letrame.com\/catalogo\/#organization\",\"name\":\"Catalogo | Letrame Grupo Editorial\",\"url\":\"https:\/\/letrame.com\/catalogo\/\",\"logo\":{\"@type\":\"ImageObject\",\"inLanguage\":\"es\",\"@id\":\"https:\/\/letrame.com\/catalogo\/#\/schema\/logo\/image\/\",\"url\":\"https:\/\/letrame.com\/catalogo\/wp-content\/uploads\/2024\/03\/logo2.webp\",\"contentUrl\":\"https:\/\/letrame.com\/catalogo\/wp-content\/uploads\/2024\/03\/logo2.webp\",\"width\":394,\"height\":128,\"caption\":\"Catalogo | Letrame Grupo Editorial\"},\"image\":{\"@id\":\"https:\/\/letrame.com\/catalogo\/#\/schema\/logo\/image\/\"}}]}<\/script>\n<!-- \/ Yoast SEO plugin. -->","yoast_head_json":{"title":"Los Apostadores - Catalogo | Letrame Grupo Editorial","robots":{"index":"index","follow":"follow","max-snippet":"max-snippet:-1","max-image-preview":"max-image-preview:large","max-video-preview":"max-video-preview:-1"},"canonical":"https:\/\/letrame.com\/catalogo\/producto\/los-apostadores\/","og_locale":"es_ES","og_type":"article","og_title":"Los Apostadores - Catalogo | Letrame Grupo Editorial","og_description":"ISBN: 9791370123444 SINOPSIS \u00bfPor qu\u00e9 nos suceden cosas buenas o no tan buenas en la vida? \u00bfNuestra fe, sea cual sea, nos asegura una vida sin sufrimientos? O, quiz\u00e1 m\u00e1s importante: \u00bfmantenemos nuestra fe cuando la adversidad nos agobia? Esas pueden ser las interrogantes que se nos presenten al conocer la historia de Jos\u00e9 Oswaldo Berm\u00fadez, quien ha edificado su vida sobre valores s\u00f3lidos: fe, familia, esfuerzo y trabajo. Pero su mundo cambia totalmente de la noche a la ma\u00f1ana. \u00bfEs todo producto de un acuerdo, un juego, una apuesta? \u00bfSe puede mantener la fe cuando todo lo que amas se tambalea o se derrumba? \u00bfSe puede seguir apostando por la vida sin sentirse que eres solo una ficha descartable y, adem\u00e1s, el jugador que m\u00e1s pierde? \u00bfPor qu\u00e9 este hombre carga con tanto sufrimiento? Al parecer, todo resultado de un trato, de catalizadores, una terrible prueba de fe. Esta historia plantea m\u00e1s preguntas que respuestas. El protagonista se enfrentar\u00e1 al designio de un destino sin certezas, de un sufrimiento sin final aparente... Al\u00e9xis Le\u00f3n abre una puerta a lo m\u00e1s \u00edntimo e inc\u00f3modo de un poder inexplicable y desconocido, del dolor y de la fe, con una narraci\u00f3n que ofrece incertidumbre y caminos por explorar, entregando al lector el poder decidir si cruzar esa puerta... o dejarla cerrada.","og_url":"https:\/\/letrame.com\/catalogo\/producto\/los-apostadores\/","og_site_name":"Catalogo | Letrame Grupo Editorial","article_modified_time":"2026-02-26T14:04:39+00:00","og_image":[{"width":1748,"height":2480,"url":"https:\/\/letrame.com\/catalogo\/wp-content\/uploads\/2026\/02\/portadacatalogo-21.jpg","type":"image\/jpeg"}],"twitter_card":"summary_large_image","twitter_misc":{"Tiempo de lectura":"2 minutos"},"schema":{"@context":"https:\/\/schema.org","@graph":[{"@type":"WebPage","@id":"https:\/\/letrame.com\/catalogo\/producto\/los-apostadores\/","url":"https:\/\/letrame.com\/catalogo\/producto\/los-apostadores\/","name":"Los Apostadores - Catalogo | Letrame Grupo Editorial","isPartOf":{"@id":"https:\/\/letrame.com\/catalogo\/#website"},"primaryImageOfPage":{"@id":"https:\/\/letrame.com\/catalogo\/producto\/los-apostadores\/#primaryimage"},"image":{"@id":"https:\/\/letrame.com\/catalogo\/producto\/los-apostadores\/#primaryimage"},"thumbnailUrl":"https:\/\/letrame.com\/catalogo\/wp-content\/uploads\/2026\/02\/portadacatalogo-21.jpg","datePublished":"2026-02-26T14:04:38+00:00","dateModified":"2026-02-26T14:04:39+00:00","breadcrumb":{"@id":"https:\/\/letrame.com\/catalogo\/producto\/los-apostadores\/#breadcrumb"},"inLanguage":"es","potentialAction":[{"@type":"ReadAction","target":["https:\/\/letrame.com\/catalogo\/producto\/los-apostadores\/"]}]},{"@type":"ImageObject","inLanguage":"es","@id":"https:\/\/letrame.com\/catalogo\/producto\/los-apostadores\/#primaryimage","url":"https:\/\/letrame.com\/catalogo\/wp-content\/uploads\/2026\/02\/portadacatalogo-21.jpg","contentUrl":"https:\/\/letrame.com\/catalogo\/wp-content\/uploads\/2026\/02\/portadacatalogo-21.jpg","width":1748,"height":2480},{"@type":"BreadcrumbList","@id":"https:\/\/letrame.com\/catalogo\/producto\/los-apostadores\/#breadcrumb","itemListElement":[{"@type":"ListItem","position":1,"name":"Portada","item":"https:\/\/letrame.com\/catalogo\/"},{"@type":"ListItem","position":2,"name":"Cat\u00e1logo","item":"https:\/\/letrame.com\/catalogo\/"},{"@type":"ListItem","position":3,"name":"Los Apostadores"}]},{"@type":"WebSite","@id":"https:\/\/letrame.com\/catalogo\/#website","url":"https:\/\/letrame.com\/catalogo\/","name":"Catalogo | Letrame Grupo Editorial","description":"","publisher":{"@id":"https:\/\/letrame.com\/catalogo\/#organization"},"potentialAction":[{"@type":"SearchAction","target":{"@type":"EntryPoint","urlTemplate":"https:\/\/letrame.com\/catalogo\/?s={search_term_string}"},"query-input":{"@type":"PropertyValueSpecification","valueRequired":true,"valueName":"search_term_string"}}],"inLanguage":"es"},{"@type":"Organization","@id":"https:\/\/letrame.com\/catalogo\/#organization","name":"Catalogo | Letrame Grupo Editorial","url":"https:\/\/letrame.com\/catalogo\/","logo":{"@type":"ImageObject","inLanguage":"es","@id":"https:\/\/letrame.com\/catalogo\/#\/schema\/logo\/image\/","url":"https:\/\/letrame.com\/catalogo\/wp-content\/uploads\/2024\/03\/logo2.webp","contentUrl":"https:\/\/letrame.com\/catalogo\/wp-content\/uploads\/2024\/03\/logo2.webp","width":394,"height":128,"caption":"Catalogo | Letrame Grupo Editorial"},"image":{"@id":"https:\/\/letrame.com\/catalogo\/#\/schema\/logo\/image\/"}}]}},"_links":{"self":[{"href":"https:\/\/letrame.com\/catalogo\/wp-json\/wp\/v2\/product\/111210","targetHints":{"allow":["GET"]}}],"collection":[{"href":"https:\/\/letrame.com\/catalogo\/wp-json\/wp\/v2\/product"}],"about":[{"href":"https:\/\/letrame.com\/catalogo\/wp-json\/wp\/v2\/types\/product"}],"replies":[{"embeddable":true,"href":"https:\/\/letrame.com\/catalogo\/wp-json\/wp\/v2\/comments?post=111210"}],"acf:post":[{"embeddable":true,"href":"https:\/\/letrame.com\/catalogo\/wp-json\/wp\/v2\/author_book\/111211"}],"wp:featuredmedia":[{"embeddable":true,"href":"https:\/\/letrame.com\/catalogo\/wp-json\/wp\/v2\/media\/111213"}],"wp:attachment":[{"href":"https:\/\/letrame.com\/catalogo\/wp-json\/wp\/v2\/media?parent=111210"}],"wp:term":[{"taxonomy":"libro","embeddable":true,"href":"https:\/\/letrame.com\/catalogo\/wp-json\/wp\/v2\/libro?post=111210"},{"taxonomy":"product_brand","embeddable":true,"href":"https:\/\/letrame.com\/catalogo\/wp-json\/wp\/v2\/product_brand?post=111210"},{"taxonomy":"product_cat","embeddable":true,"href":"https:\/\/letrame.com\/catalogo\/wp-json\/wp\/v2\/product_cat?post=111210"},{"taxonomy":"product_tag","embeddable":true,"href":"https:\/\/letrame.com\/catalogo\/wp-json\/wp\/v2\/product_tag?post=111210"}],"curies":[{"name":"wp","href":"https:\/\/api.w.org\/{rel}","templated":true}]}}