{"id":111204,"date":"2026-02-26T14:58:07","date_gmt":"2026-02-26T13:58:07","guid":{"rendered":"https:\/\/letrame.com\/catalogo\/?post_type=product&#038;p=111204"},"modified":"2026-02-26T14:58:08","modified_gmt":"2026-02-26T13:58:08","slug":"el-escondite-de-el-carbachon","status":"publish","type":"product","link":"https:\/\/letrame.com\/catalogo\/producto\/el-escondite-de-el-carbachon\/","title":{"rendered":"El escondite de El Carbach\u00f3n"},"content":{"rendered":"<p class=\"p1\"><b>ISBN: 9791370294311<\/b><b><\/b><\/p>\n<p class=\"p1\"><b>T\u00edtulo: El escondite de El Carbach\u00f3n<\/b><br \/>\n<b>Fecha: 2025<\/b><br \/>\n<b>P\u00e1ginas: 544<\/b><b><\/b><\/p>\n<p class=\"p1\">\u00a0<b>SINOPSIS<\/b><\/p>\n<p class=\"p1\">Carlos vuelve al norte con la idea de trabajar y poco m\u00e1s&#8230; pero el paisaje que lo vio nacer acaba devolvi\u00e9ndole algo m\u00e1s profundo:<\/p>\n<p class=\"p1\">preguntas.<\/p>\n<p class=\"p1\">Un encuentro inesperado -quiz\u00e1 real, quiz\u00e1 so\u00f1ado\u2014 empuja a Carlos a mirar hacia dentro. De pronto, aquello que hab\u00eda aprendido a tener a raya comienza a asomarse, la figura lejana de su madre, un padre del que casi no guarda rostro, recuerdos que no sabe si son suyos o inventados&#8230;<\/p>\n<p class=\"p1\">Aparecen entonces personas que parecen enviadas por el destino, o por la memoria, para acompa\u00f1arlo en este desconcierto. Entre recuerdos, trenes que van y vienen, conversaciones al borde del delirio y versos que aparecen donde no deber\u00edan, Carlos empieza a reconstruir una historia que siempre fue la suya.<\/p>\n<p class=\"p1\">Sin embargo, este no es solo un viaje hacia el pasado. Es tambi\u00e9n una invitaci\u00f3n a aceptar que hay heridas que no se cierran con respuestas, sino con comprensi\u00f3n; que lo que heredamos no siempre se entiende, pero nos habita.<\/p>\n<p class=\"p1\">El escondite de El Carbach\u00f3n es una novela sobre las ra\u00edces invisibles que nos mueven, la familia que nos forma incluso cuando no la entendemos y la extra\u00f1a certeza de que todo lo importante est\u00e1 escondido&#8230; pero nos llama.<\/p>\n","protected":false},"excerpt":{"rendered":"<p class=\"p1\"><b>ISBN: 9791370294311<\/b><b><\/b><\/p>\n<p class=\"p1\"><b>SINOPSIS<\/b><\/p>\n<p class=\"p1\">Carlos vuelve al norte con la idea de trabajar y poco m\u00e1s&#8230; pero el paisaje que lo vio nacer acaba devolvi\u00e9ndole algo m\u00e1s profundo:<\/p>\n<p class=\"p1\">preguntas.<\/p>\n<p class=\"p1\">Un encuentro inesperado -quiz\u00e1 real, quiz\u00e1 so\u00f1ado\u2014 empuja a Carlos a mirar hacia dentro. De pronto, aquello que hab\u00eda aprendido a tener a raya comienza a asomarse, la figura lejana de su madre, un padre del que casi no guarda rostro, recuerdos que no sabe si son suyos o inventados&#8230;<\/p>\n<p class=\"p1\">Aparecen entonces personas que parecen enviadas por el destino, o por la memoria, para acompa\u00f1arlo en este desconcierto. Entre recuerdos, trenes que van y vienen, conversaciones al borde del delirio y versos que aparecen donde no deber\u00edan, Carlos empieza a reconstruir una historia que siempre fue la suya.<\/p>\n<p class=\"p1\">Sin embargo, este no es solo un viaje hacia el pasado. Es tambi\u00e9n una invitaci\u00f3n a aceptar que hay heridas que no se cierran con respuestas, sino con comprensi\u00f3n; que lo que heredamos no siempre se entiende, pero nos habita.<\/p>\n<p class=\"p1\">El escondite de El Carbach\u00f3n es una novela sobre las ra\u00edces invisibles que nos mueven, la familia que nos forma incluso cuando no la entendemos y la extra\u00f1a certeza de que todo lo importante est\u00e1 escondido&#8230; pero nos llama.<\/p>\n","protected":false},"featured_media":111209,"comment_status":"open","ping_status":"closed","template":"","meta":{"_acf_changed":false},"libro":[],"product_brand":[],"product_cat":[29],"product_tag":[],"class_list":{"0":"post-111204","1":"product","2":"type-product","3":"status-publish","4":"has-post-thumbnail","6":"product_cat-novela-historica","8":"first","9":"instock","10":"shipping-taxable","11":"product-type-simple"},"acf":{"autor":[111205],"enlace_de_compra":"https:\/\/amzn.to\/4tXNDqu"},"yoast_head":"<!-- This site is optimized with the Yoast SEO plugin v26.6 - https:\/\/yoast.com\/wordpress\/plugins\/seo\/ -->\n<title>El escondite de El Carbach\u00f3n - Catalogo | Letrame Grupo Editorial<\/title>\n<meta name=\"robots\" content=\"index, follow, max-snippet:-1, max-image-preview:large, max-video-preview:-1\" \/>\n<link rel=\"canonical\" href=\"https:\/\/letrame.com\/catalogo\/producto\/el-escondite-de-el-carbachon\/\" \/>\n<meta property=\"og:locale\" content=\"es_ES\" \/>\n<meta property=\"og:type\" content=\"article\" \/>\n<meta property=\"og:title\" content=\"El escondite de El Carbach\u00f3n - Catalogo | Letrame Grupo Editorial\" \/>\n<meta property=\"og:description\" content=\"ISBN: 9791370294311 SINOPSIS Carlos vuelve al norte con la idea de trabajar y poco m\u00e1s... pero el paisaje que lo vio nacer acaba devolvi\u00e9ndole algo m\u00e1s profundo: preguntas. Un encuentro inesperado -quiz\u00e1 real, quiz\u00e1 so\u00f1ado\u2014 empuja a Carlos a mirar hacia dentro. De pronto, aquello que hab\u00eda aprendido a tener a raya comienza a asomarse, la figura lejana de su madre, un padre del que casi no guarda rostro, recuerdos que no sabe si son suyos o inventados... Aparecen entonces personas que parecen enviadas por el destino, o por la memoria, para acompa\u00f1arlo en este desconcierto. Entre recuerdos, trenes que van y vienen, conversaciones al borde del delirio y versos que aparecen donde no deber\u00edan, Carlos empieza a reconstruir una historia que siempre fue la suya. Sin embargo, este no es solo un viaje hacia el pasado. Es tambi\u00e9n una invitaci\u00f3n a aceptar que hay heridas que no se cierran con respuestas, sino con comprensi\u00f3n; que lo que heredamos no siempre se entiende, pero nos habita. El escondite de El Carbach\u00f3n es una novela sobre las ra\u00edces invisibles que nos mueven, la familia que nos forma incluso cuando no la entendemos y la extra\u00f1a certeza de que todo lo importante est\u00e1 escondido... pero nos llama.\" \/>\n<meta property=\"og:url\" content=\"https:\/\/letrame.com\/catalogo\/producto\/el-escondite-de-el-carbachon\/\" \/>\n<meta property=\"og:site_name\" content=\"Catalogo | Letrame Grupo Editorial\" \/>\n<meta property=\"article:modified_time\" content=\"2026-02-26T13:58:08+00:00\" \/>\n<meta property=\"og:image\" content=\"https:\/\/letrame.com\/catalogo\/wp-content\/uploads\/2026\/02\/portadacatalogo-20-scaled.jpg\" \/>\n\t<meta property=\"og:image:width\" content=\"1814\" \/>\n\t<meta property=\"og:image:height\" content=\"2560\" \/>\n\t<meta property=\"og:image:type\" content=\"image\/jpeg\" \/>\n<meta name=\"twitter:card\" content=\"summary_large_image\" \/>\n<meta name=\"twitter:label1\" content=\"Tiempo de lectura\" \/>\n\t<meta name=\"twitter:data1\" content=\"2 minutos\" \/>\n<script type=\"application\/ld+json\" class=\"yoast-schema-graph\">{\"@context\":\"https:\/\/schema.org\",\"@graph\":[{\"@type\":\"WebPage\",\"@id\":\"https:\/\/letrame.com\/catalogo\/producto\/el-escondite-de-el-carbachon\/\",\"url\":\"https:\/\/letrame.com\/catalogo\/producto\/el-escondite-de-el-carbachon\/\",\"name\":\"El escondite de El Carbach\u00f3n - Catalogo | Letrame Grupo Editorial\",\"isPartOf\":{\"@id\":\"https:\/\/letrame.com\/catalogo\/#website\"},\"primaryImageOfPage\":{\"@id\":\"https:\/\/letrame.com\/catalogo\/producto\/el-escondite-de-el-carbachon\/#primaryimage\"},\"image\":{\"@id\":\"https:\/\/letrame.com\/catalogo\/producto\/el-escondite-de-el-carbachon\/#primaryimage\"},\"thumbnailUrl\":\"https:\/\/letrame.com\/catalogo\/wp-content\/uploads\/2026\/02\/portadacatalogo-20-scaled.jpg\",\"datePublished\":\"2026-02-26T13:58:07+00:00\",\"dateModified\":\"2026-02-26T13:58:08+00:00\",\"breadcrumb\":{\"@id\":\"https:\/\/letrame.com\/catalogo\/producto\/el-escondite-de-el-carbachon\/#breadcrumb\"},\"inLanguage\":\"es\",\"potentialAction\":[{\"@type\":\"ReadAction\",\"target\":[\"https:\/\/letrame.com\/catalogo\/producto\/el-escondite-de-el-carbachon\/\"]}]},{\"@type\":\"ImageObject\",\"inLanguage\":\"es\",\"@id\":\"https:\/\/letrame.com\/catalogo\/producto\/el-escondite-de-el-carbachon\/#primaryimage\",\"url\":\"https:\/\/letrame.com\/catalogo\/wp-content\/uploads\/2026\/02\/portadacatalogo-20-scaled.jpg\",\"contentUrl\":\"https:\/\/letrame.com\/catalogo\/wp-content\/uploads\/2026\/02\/portadacatalogo-20-scaled.jpg\",\"width\":1814,\"height\":2560},{\"@type\":\"BreadcrumbList\",\"@id\":\"https:\/\/letrame.com\/catalogo\/producto\/el-escondite-de-el-carbachon\/#breadcrumb\",\"itemListElement\":[{\"@type\":\"ListItem\",\"position\":1,\"name\":\"Portada\",\"item\":\"https:\/\/letrame.com\/catalogo\/\"},{\"@type\":\"ListItem\",\"position\":2,\"name\":\"Cat\u00e1logo\",\"item\":\"https:\/\/letrame.com\/catalogo\/\"},{\"@type\":\"ListItem\",\"position\":3,\"name\":\"El escondite de El Carbach\u00f3n\"}]},{\"@type\":\"WebSite\",\"@id\":\"https:\/\/letrame.com\/catalogo\/#website\",\"url\":\"https:\/\/letrame.com\/catalogo\/\",\"name\":\"Catalogo | Letrame Grupo Editorial\",\"description\":\"\",\"publisher\":{\"@id\":\"https:\/\/letrame.com\/catalogo\/#organization\"},\"potentialAction\":[{\"@type\":\"SearchAction\",\"target\":{\"@type\":\"EntryPoint\",\"urlTemplate\":\"https:\/\/letrame.com\/catalogo\/?s={search_term_string}\"},\"query-input\":{\"@type\":\"PropertyValueSpecification\",\"valueRequired\":true,\"valueName\":\"search_term_string\"}}],\"inLanguage\":\"es\"},{\"@type\":\"Organization\",\"@id\":\"https:\/\/letrame.com\/catalogo\/#organization\",\"name\":\"Catalogo | Letrame Grupo Editorial\",\"url\":\"https:\/\/letrame.com\/catalogo\/\",\"logo\":{\"@type\":\"ImageObject\",\"inLanguage\":\"es\",\"@id\":\"https:\/\/letrame.com\/catalogo\/#\/schema\/logo\/image\/\",\"url\":\"https:\/\/letrame.com\/catalogo\/wp-content\/uploads\/2024\/03\/logo2.webp\",\"contentUrl\":\"https:\/\/letrame.com\/catalogo\/wp-content\/uploads\/2024\/03\/logo2.webp\",\"width\":394,\"height\":128,\"caption\":\"Catalogo | Letrame Grupo Editorial\"},\"image\":{\"@id\":\"https:\/\/letrame.com\/catalogo\/#\/schema\/logo\/image\/\"}}]}<\/script>\n<!-- \/ Yoast SEO plugin. -->","yoast_head_json":{"title":"El escondite de El Carbach\u00f3n - Catalogo | Letrame Grupo Editorial","robots":{"index":"index","follow":"follow","max-snippet":"max-snippet:-1","max-image-preview":"max-image-preview:large","max-video-preview":"max-video-preview:-1"},"canonical":"https:\/\/letrame.com\/catalogo\/producto\/el-escondite-de-el-carbachon\/","og_locale":"es_ES","og_type":"article","og_title":"El escondite de El Carbach\u00f3n - Catalogo | Letrame Grupo Editorial","og_description":"ISBN: 9791370294311 SINOPSIS Carlos vuelve al norte con la idea de trabajar y poco m\u00e1s... pero el paisaje que lo vio nacer acaba devolvi\u00e9ndole algo m\u00e1s profundo: preguntas. Un encuentro inesperado -quiz\u00e1 real, quiz\u00e1 so\u00f1ado\u2014 empuja a Carlos a mirar hacia dentro. De pronto, aquello que hab\u00eda aprendido a tener a raya comienza a asomarse, la figura lejana de su madre, un padre del que casi no guarda rostro, recuerdos que no sabe si son suyos o inventados... Aparecen entonces personas que parecen enviadas por el destino, o por la memoria, para acompa\u00f1arlo en este desconcierto. Entre recuerdos, trenes que van y vienen, conversaciones al borde del delirio y versos que aparecen donde no deber\u00edan, Carlos empieza a reconstruir una historia que siempre fue la suya. Sin embargo, este no es solo un viaje hacia el pasado. Es tambi\u00e9n una invitaci\u00f3n a aceptar que hay heridas que no se cierran con respuestas, sino con comprensi\u00f3n; que lo que heredamos no siempre se entiende, pero nos habita. El escondite de El Carbach\u00f3n es una novela sobre las ra\u00edces invisibles que nos mueven, la familia que nos forma incluso cuando no la entendemos y la extra\u00f1a certeza de que todo lo importante est\u00e1 escondido... pero nos llama.","og_url":"https:\/\/letrame.com\/catalogo\/producto\/el-escondite-de-el-carbachon\/","og_site_name":"Catalogo | Letrame Grupo Editorial","article_modified_time":"2026-02-26T13:58:08+00:00","og_image":[{"width":1814,"height":2560,"url":"https:\/\/letrame.com\/catalogo\/wp-content\/uploads\/2026\/02\/portadacatalogo-20-scaled.jpg","type":"image\/jpeg"}],"twitter_card":"summary_large_image","twitter_misc":{"Tiempo de lectura":"2 minutos"},"schema":{"@context":"https:\/\/schema.org","@graph":[{"@type":"WebPage","@id":"https:\/\/letrame.com\/catalogo\/producto\/el-escondite-de-el-carbachon\/","url":"https:\/\/letrame.com\/catalogo\/producto\/el-escondite-de-el-carbachon\/","name":"El escondite de El Carbach\u00f3n - Catalogo | Letrame Grupo Editorial","isPartOf":{"@id":"https:\/\/letrame.com\/catalogo\/#website"},"primaryImageOfPage":{"@id":"https:\/\/letrame.com\/catalogo\/producto\/el-escondite-de-el-carbachon\/#primaryimage"},"image":{"@id":"https:\/\/letrame.com\/catalogo\/producto\/el-escondite-de-el-carbachon\/#primaryimage"},"thumbnailUrl":"https:\/\/letrame.com\/catalogo\/wp-content\/uploads\/2026\/02\/portadacatalogo-20-scaled.jpg","datePublished":"2026-02-26T13:58:07+00:00","dateModified":"2026-02-26T13:58:08+00:00","breadcrumb":{"@id":"https:\/\/letrame.com\/catalogo\/producto\/el-escondite-de-el-carbachon\/#breadcrumb"},"inLanguage":"es","potentialAction":[{"@type":"ReadAction","target":["https:\/\/letrame.com\/catalogo\/producto\/el-escondite-de-el-carbachon\/"]}]},{"@type":"ImageObject","inLanguage":"es","@id":"https:\/\/letrame.com\/catalogo\/producto\/el-escondite-de-el-carbachon\/#primaryimage","url":"https:\/\/letrame.com\/catalogo\/wp-content\/uploads\/2026\/02\/portadacatalogo-20-scaled.jpg","contentUrl":"https:\/\/letrame.com\/catalogo\/wp-content\/uploads\/2026\/02\/portadacatalogo-20-scaled.jpg","width":1814,"height":2560},{"@type":"BreadcrumbList","@id":"https:\/\/letrame.com\/catalogo\/producto\/el-escondite-de-el-carbachon\/#breadcrumb","itemListElement":[{"@type":"ListItem","position":1,"name":"Portada","item":"https:\/\/letrame.com\/catalogo\/"},{"@type":"ListItem","position":2,"name":"Cat\u00e1logo","item":"https:\/\/letrame.com\/catalogo\/"},{"@type":"ListItem","position":3,"name":"El escondite de El Carbach\u00f3n"}]},{"@type":"WebSite","@id":"https:\/\/letrame.com\/catalogo\/#website","url":"https:\/\/letrame.com\/catalogo\/","name":"Catalogo | Letrame Grupo Editorial","description":"","publisher":{"@id":"https:\/\/letrame.com\/catalogo\/#organization"},"potentialAction":[{"@type":"SearchAction","target":{"@type":"EntryPoint","urlTemplate":"https:\/\/letrame.com\/catalogo\/?s={search_term_string}"},"query-input":{"@type":"PropertyValueSpecification","valueRequired":true,"valueName":"search_term_string"}}],"inLanguage":"es"},{"@type":"Organization","@id":"https:\/\/letrame.com\/catalogo\/#organization","name":"Catalogo | Letrame Grupo Editorial","url":"https:\/\/letrame.com\/catalogo\/","logo":{"@type":"ImageObject","inLanguage":"es","@id":"https:\/\/letrame.com\/catalogo\/#\/schema\/logo\/image\/","url":"https:\/\/letrame.com\/catalogo\/wp-content\/uploads\/2024\/03\/logo2.webp","contentUrl":"https:\/\/letrame.com\/catalogo\/wp-content\/uploads\/2024\/03\/logo2.webp","width":394,"height":128,"caption":"Catalogo | Letrame Grupo Editorial"},"image":{"@id":"https:\/\/letrame.com\/catalogo\/#\/schema\/logo\/image\/"}}]}},"_links":{"self":[{"href":"https:\/\/letrame.com\/catalogo\/wp-json\/wp\/v2\/product\/111204","targetHints":{"allow":["GET"]}}],"collection":[{"href":"https:\/\/letrame.com\/catalogo\/wp-json\/wp\/v2\/product"}],"about":[{"href":"https:\/\/letrame.com\/catalogo\/wp-json\/wp\/v2\/types\/product"}],"replies":[{"embeddable":true,"href":"https:\/\/letrame.com\/catalogo\/wp-json\/wp\/v2\/comments?post=111204"}],"acf:post":[{"embeddable":true,"href":"https:\/\/letrame.com\/catalogo\/wp-json\/wp\/v2\/author_book\/111205"}],"wp:featuredmedia":[{"embeddable":true,"href":"https:\/\/letrame.com\/catalogo\/wp-json\/wp\/v2\/media\/111209"}],"wp:attachment":[{"href":"https:\/\/letrame.com\/catalogo\/wp-json\/wp\/v2\/media?parent=111204"}],"wp:term":[{"taxonomy":"libro","embeddable":true,"href":"https:\/\/letrame.com\/catalogo\/wp-json\/wp\/v2\/libro?post=111204"},{"taxonomy":"product_brand","embeddable":true,"href":"https:\/\/letrame.com\/catalogo\/wp-json\/wp\/v2\/product_brand?post=111204"},{"taxonomy":"product_cat","embeddable":true,"href":"https:\/\/letrame.com\/catalogo\/wp-json\/wp\/v2\/product_cat?post=111204"},{"taxonomy":"product_tag","embeddable":true,"href":"https:\/\/letrame.com\/catalogo\/wp-json\/wp\/v2\/product_tag?post=111204"}],"curies":[{"name":"wp","href":"https:\/\/api.w.org\/{rel}","templated":true}]}}