{"id":111190,"date":"2026-02-26T13:37:48","date_gmt":"2026-02-26T12:37:48","guid":{"rendered":"https:\/\/letrame.com\/catalogo\/?post_type=product&#038;p=111190"},"modified":"2026-02-26T13:37:49","modified_gmt":"2026-02-26T12:37:49","slug":"bailando-entre-copas-sin-fondo","status":"publish","type":"product","link":"https:\/\/letrame.com\/catalogo\/producto\/bailando-entre-copas-sin-fondo\/","title":{"rendered":"Bailando entre copas sin fondo"},"content":{"rendered":"<p class=\"p1\"><b>ISBN: 9791370294335<\/b><b><\/b><\/p>\n<p class=\"p1\"><b>T\u00edtulo: Bailando entre copas sin fondo<\/b><br \/>\n<b>Fecha: 2025<\/b><br \/>\n<b>P\u00e1ginas: 202<\/b><b><\/b><\/p>\n<p class=\"p1\"><b>SINOPSIS<\/b><b><\/b><\/p>\n<p class=\"p1\">Este no es un poemario para leer bonito, aqu\u00ed no encontrar\u00e1s met\u00e1foras de escaparate, no es un libro para encontrar respuestas, es un libro para dejar de evitarlas.<\/p>\n<p class=\"p1\">Si alguna vez te oprimi\u00f3 el pecho sin saber por qu\u00e9, si te has ido sin marcharte, si has querido olvidar recordando&#8230; lo que vas a leer te va a sonar familiar.<\/p>\n<p class=\"p1\">No prometo que te guste, no prometo respuestas f\u00e1ciles, no prometo finales felices, pero s\u00e9 que te va a tocar ah\u00ed donde no te atreves a mirar.<\/p>\n<p class=\"p1\">Si lees para entretenerte, no es tu libro.<\/p>\n<p class=\"p1\">Si lees para entenderte, bailemos.<\/p>\n<p class=\"p1\">Invito yo.<\/p>\n","protected":false},"excerpt":{"rendered":"<p class=\"p1\"><b>ISBN: 9791370294335<\/b><b><\/b><\/p>\n<p class=\"p1\"><b>SINOPSIS<\/b><b><\/b><\/p>\n<p class=\"p1\">Este no es un poemario para leer bonito, aqu\u00ed no encontrar\u00e1s met\u00e1foras de escaparate, no es un libro para encontrar respuestas, es un libro para dejar de evitarlas.<\/p>\n<p class=\"p1\">Si alguna vez te oprimi\u00f3 el pecho sin saber por qu\u00e9, si te has ido sin marcharte, si has querido olvidar recordando&#8230; lo que vas a leer te va a sonar familiar.<\/p>\n<p class=\"p1\">No prometo que te guste, no prometo respuestas f\u00e1ciles, no prometo finales felices, pero s\u00e9 que te va a tocar ah\u00ed donde no te atreves a mirar.<\/p>\n<p class=\"p1\">Si lees para entretenerte, no es tu libro.<\/p>\n<p class=\"p1\">Si lees para entenderte, bailemos.<\/p>\n<p class=\"p1\">Invito yo.<\/p>\n","protected":false},"featured_media":111191,"comment_status":"open","ping_status":"closed","template":"","meta":{"_acf_changed":false},"libro":[],"product_brand":[],"product_cat":[20],"product_tag":[],"class_list":{"0":"post-111190","1":"product","2":"type-product","3":"status-publish","4":"has-post-thumbnail","6":"product_cat-poesia","8":"first","9":"instock","10":"shipping-taxable","11":"product-type-simple"},"acf":{"autor":[75459],"enlace_de_compra":"https:\/\/amzn.to\/4se6Cvb"},"yoast_head":"<!-- This site is optimized with the Yoast SEO plugin v26.6 - https:\/\/yoast.com\/wordpress\/plugins\/seo\/ -->\n<title>Bailando entre copas sin fondo - Catalogo | Letrame Grupo Editorial<\/title>\n<meta name=\"robots\" content=\"index, follow, max-snippet:-1, max-image-preview:large, max-video-preview:-1\" \/>\n<link rel=\"canonical\" href=\"https:\/\/letrame.com\/catalogo\/producto\/bailando-entre-copas-sin-fondo\/\" \/>\n<meta property=\"og:locale\" content=\"es_ES\" \/>\n<meta property=\"og:type\" content=\"article\" \/>\n<meta property=\"og:title\" content=\"Bailando entre copas sin fondo - Catalogo | Letrame Grupo Editorial\" \/>\n<meta property=\"og:description\" content=\"ISBN: 9791370294335 SINOPSIS Este no es un poemario para leer bonito, aqu\u00ed no encontrar\u00e1s met\u00e1foras de escaparate, no es un libro para encontrar respuestas, es un libro para dejar de evitarlas. Si alguna vez te oprimi\u00f3 el pecho sin saber por qu\u00e9, si te has ido sin marcharte, si has querido olvidar recordando... lo que vas a leer te va a sonar familiar. No prometo que te guste, no prometo respuestas f\u00e1ciles, no prometo finales felices, pero s\u00e9 que te va a tocar ah\u00ed donde no te atreves a mirar. Si lees para entretenerte, no es tu libro. Si lees para entenderte, bailemos. Invito yo.\" \/>\n<meta property=\"og:url\" content=\"https:\/\/letrame.com\/catalogo\/producto\/bailando-entre-copas-sin-fondo\/\" \/>\n<meta property=\"og:site_name\" content=\"Catalogo | Letrame Grupo Editorial\" \/>\n<meta property=\"article:modified_time\" content=\"2026-02-26T12:37:49+00:00\" \/>\n<meta property=\"og:image\" content=\"https:\/\/letrame.com\/catalogo\/wp-content\/uploads\/2026\/02\/portadacatalogo-16-scaled.jpg\" \/>\n\t<meta property=\"og:image:width\" content=\"1772\" \/>\n\t<meta property=\"og:image:height\" content=\"2560\" \/>\n\t<meta property=\"og:image:type\" content=\"image\/jpeg\" \/>\n<meta name=\"twitter:card\" content=\"summary_large_image\" \/>\n<meta name=\"twitter:label1\" content=\"Tiempo de lectura\" \/>\n\t<meta name=\"twitter:data1\" content=\"1 minuto\" \/>\n<script type=\"application\/ld+json\" class=\"yoast-schema-graph\">{\"@context\":\"https:\/\/schema.org\",\"@graph\":[{\"@type\":\"WebPage\",\"@id\":\"https:\/\/letrame.com\/catalogo\/producto\/bailando-entre-copas-sin-fondo\/\",\"url\":\"https:\/\/letrame.com\/catalogo\/producto\/bailando-entre-copas-sin-fondo\/\",\"name\":\"Bailando entre copas sin fondo - Catalogo | Letrame Grupo Editorial\",\"isPartOf\":{\"@id\":\"https:\/\/letrame.com\/catalogo\/#website\"},\"primaryImageOfPage\":{\"@id\":\"https:\/\/letrame.com\/catalogo\/producto\/bailando-entre-copas-sin-fondo\/#primaryimage\"},\"image\":{\"@id\":\"https:\/\/letrame.com\/catalogo\/producto\/bailando-entre-copas-sin-fondo\/#primaryimage\"},\"thumbnailUrl\":\"https:\/\/letrame.com\/catalogo\/wp-content\/uploads\/2026\/02\/portadacatalogo-16-scaled.jpg\",\"datePublished\":\"2026-02-26T12:37:48+00:00\",\"dateModified\":\"2026-02-26T12:37:49+00:00\",\"breadcrumb\":{\"@id\":\"https:\/\/letrame.com\/catalogo\/producto\/bailando-entre-copas-sin-fondo\/#breadcrumb\"},\"inLanguage\":\"es\",\"potentialAction\":[{\"@type\":\"ReadAction\",\"target\":[\"https:\/\/letrame.com\/catalogo\/producto\/bailando-entre-copas-sin-fondo\/\"]}]},{\"@type\":\"ImageObject\",\"inLanguage\":\"es\",\"@id\":\"https:\/\/letrame.com\/catalogo\/producto\/bailando-entre-copas-sin-fondo\/#primaryimage\",\"url\":\"https:\/\/letrame.com\/catalogo\/wp-content\/uploads\/2026\/02\/portadacatalogo-16-scaled.jpg\",\"contentUrl\":\"https:\/\/letrame.com\/catalogo\/wp-content\/uploads\/2026\/02\/portadacatalogo-16-scaled.jpg\",\"width\":1772,\"height\":2560},{\"@type\":\"BreadcrumbList\",\"@id\":\"https:\/\/letrame.com\/catalogo\/producto\/bailando-entre-copas-sin-fondo\/#breadcrumb\",\"itemListElement\":[{\"@type\":\"ListItem\",\"position\":1,\"name\":\"Portada\",\"item\":\"https:\/\/letrame.com\/catalogo\/\"},{\"@type\":\"ListItem\",\"position\":2,\"name\":\"Cat\u00e1logo\",\"item\":\"https:\/\/letrame.com\/catalogo\/\"},{\"@type\":\"ListItem\",\"position\":3,\"name\":\"Bailando entre copas sin fondo\"}]},{\"@type\":\"WebSite\",\"@id\":\"https:\/\/letrame.com\/catalogo\/#website\",\"url\":\"https:\/\/letrame.com\/catalogo\/\",\"name\":\"Catalogo | Letrame Grupo Editorial\",\"description\":\"\",\"publisher\":{\"@id\":\"https:\/\/letrame.com\/catalogo\/#organization\"},\"potentialAction\":[{\"@type\":\"SearchAction\",\"target\":{\"@type\":\"EntryPoint\",\"urlTemplate\":\"https:\/\/letrame.com\/catalogo\/?s={search_term_string}\"},\"query-input\":{\"@type\":\"PropertyValueSpecification\",\"valueRequired\":true,\"valueName\":\"search_term_string\"}}],\"inLanguage\":\"es\"},{\"@type\":\"Organization\",\"@id\":\"https:\/\/letrame.com\/catalogo\/#organization\",\"name\":\"Catalogo | Letrame Grupo Editorial\",\"url\":\"https:\/\/letrame.com\/catalogo\/\",\"logo\":{\"@type\":\"ImageObject\",\"inLanguage\":\"es\",\"@id\":\"https:\/\/letrame.com\/catalogo\/#\/schema\/logo\/image\/\",\"url\":\"https:\/\/letrame.com\/catalogo\/wp-content\/uploads\/2024\/03\/logo2.webp\",\"contentUrl\":\"https:\/\/letrame.com\/catalogo\/wp-content\/uploads\/2024\/03\/logo2.webp\",\"width\":394,\"height\":128,\"caption\":\"Catalogo | Letrame Grupo Editorial\"},\"image\":{\"@id\":\"https:\/\/letrame.com\/catalogo\/#\/schema\/logo\/image\/\"}}]}<\/script>\n<!-- \/ Yoast SEO plugin. -->","yoast_head_json":{"title":"Bailando entre copas sin fondo - Catalogo | Letrame Grupo Editorial","robots":{"index":"index","follow":"follow","max-snippet":"max-snippet:-1","max-image-preview":"max-image-preview:large","max-video-preview":"max-video-preview:-1"},"canonical":"https:\/\/letrame.com\/catalogo\/producto\/bailando-entre-copas-sin-fondo\/","og_locale":"es_ES","og_type":"article","og_title":"Bailando entre copas sin fondo - Catalogo | Letrame Grupo Editorial","og_description":"ISBN: 9791370294335 SINOPSIS Este no es un poemario para leer bonito, aqu\u00ed no encontrar\u00e1s met\u00e1foras de escaparate, no es un libro para encontrar respuestas, es un libro para dejar de evitarlas. Si alguna vez te oprimi\u00f3 el pecho sin saber por qu\u00e9, si te has ido sin marcharte, si has querido olvidar recordando... lo que vas a leer te va a sonar familiar. No prometo que te guste, no prometo respuestas f\u00e1ciles, no prometo finales felices, pero s\u00e9 que te va a tocar ah\u00ed donde no te atreves a mirar. Si lees para entretenerte, no es tu libro. Si lees para entenderte, bailemos. Invito yo.","og_url":"https:\/\/letrame.com\/catalogo\/producto\/bailando-entre-copas-sin-fondo\/","og_site_name":"Catalogo | Letrame Grupo Editorial","article_modified_time":"2026-02-26T12:37:49+00:00","og_image":[{"width":1772,"height":2560,"url":"https:\/\/letrame.com\/catalogo\/wp-content\/uploads\/2026\/02\/portadacatalogo-16-scaled.jpg","type":"image\/jpeg"}],"twitter_card":"summary_large_image","twitter_misc":{"Tiempo de lectura":"1 minuto"},"schema":{"@context":"https:\/\/schema.org","@graph":[{"@type":"WebPage","@id":"https:\/\/letrame.com\/catalogo\/producto\/bailando-entre-copas-sin-fondo\/","url":"https:\/\/letrame.com\/catalogo\/producto\/bailando-entre-copas-sin-fondo\/","name":"Bailando entre copas sin fondo - Catalogo | Letrame Grupo Editorial","isPartOf":{"@id":"https:\/\/letrame.com\/catalogo\/#website"},"primaryImageOfPage":{"@id":"https:\/\/letrame.com\/catalogo\/producto\/bailando-entre-copas-sin-fondo\/#primaryimage"},"image":{"@id":"https:\/\/letrame.com\/catalogo\/producto\/bailando-entre-copas-sin-fondo\/#primaryimage"},"thumbnailUrl":"https:\/\/letrame.com\/catalogo\/wp-content\/uploads\/2026\/02\/portadacatalogo-16-scaled.jpg","datePublished":"2026-02-26T12:37:48+00:00","dateModified":"2026-02-26T12:37:49+00:00","breadcrumb":{"@id":"https:\/\/letrame.com\/catalogo\/producto\/bailando-entre-copas-sin-fondo\/#breadcrumb"},"inLanguage":"es","potentialAction":[{"@type":"ReadAction","target":["https:\/\/letrame.com\/catalogo\/producto\/bailando-entre-copas-sin-fondo\/"]}]},{"@type":"ImageObject","inLanguage":"es","@id":"https:\/\/letrame.com\/catalogo\/producto\/bailando-entre-copas-sin-fondo\/#primaryimage","url":"https:\/\/letrame.com\/catalogo\/wp-content\/uploads\/2026\/02\/portadacatalogo-16-scaled.jpg","contentUrl":"https:\/\/letrame.com\/catalogo\/wp-content\/uploads\/2026\/02\/portadacatalogo-16-scaled.jpg","width":1772,"height":2560},{"@type":"BreadcrumbList","@id":"https:\/\/letrame.com\/catalogo\/producto\/bailando-entre-copas-sin-fondo\/#breadcrumb","itemListElement":[{"@type":"ListItem","position":1,"name":"Portada","item":"https:\/\/letrame.com\/catalogo\/"},{"@type":"ListItem","position":2,"name":"Cat\u00e1logo","item":"https:\/\/letrame.com\/catalogo\/"},{"@type":"ListItem","position":3,"name":"Bailando entre copas sin fondo"}]},{"@type":"WebSite","@id":"https:\/\/letrame.com\/catalogo\/#website","url":"https:\/\/letrame.com\/catalogo\/","name":"Catalogo | Letrame Grupo Editorial","description":"","publisher":{"@id":"https:\/\/letrame.com\/catalogo\/#organization"},"potentialAction":[{"@type":"SearchAction","target":{"@type":"EntryPoint","urlTemplate":"https:\/\/letrame.com\/catalogo\/?s={search_term_string}"},"query-input":{"@type":"PropertyValueSpecification","valueRequired":true,"valueName":"search_term_string"}}],"inLanguage":"es"},{"@type":"Organization","@id":"https:\/\/letrame.com\/catalogo\/#organization","name":"Catalogo | Letrame Grupo Editorial","url":"https:\/\/letrame.com\/catalogo\/","logo":{"@type":"ImageObject","inLanguage":"es","@id":"https:\/\/letrame.com\/catalogo\/#\/schema\/logo\/image\/","url":"https:\/\/letrame.com\/catalogo\/wp-content\/uploads\/2024\/03\/logo2.webp","contentUrl":"https:\/\/letrame.com\/catalogo\/wp-content\/uploads\/2024\/03\/logo2.webp","width":394,"height":128,"caption":"Catalogo | Letrame Grupo Editorial"},"image":{"@id":"https:\/\/letrame.com\/catalogo\/#\/schema\/logo\/image\/"}}]}},"_links":{"self":[{"href":"https:\/\/letrame.com\/catalogo\/wp-json\/wp\/v2\/product\/111190","targetHints":{"allow":["GET"]}}],"collection":[{"href":"https:\/\/letrame.com\/catalogo\/wp-json\/wp\/v2\/product"}],"about":[{"href":"https:\/\/letrame.com\/catalogo\/wp-json\/wp\/v2\/types\/product"}],"replies":[{"embeddable":true,"href":"https:\/\/letrame.com\/catalogo\/wp-json\/wp\/v2\/comments?post=111190"}],"acf:post":[{"embeddable":true,"href":"https:\/\/letrame.com\/catalogo\/wp-json\/wp\/v2\/author_book\/75459"}],"wp:featuredmedia":[{"embeddable":true,"href":"https:\/\/letrame.com\/catalogo\/wp-json\/wp\/v2\/media\/111191"}],"wp:attachment":[{"href":"https:\/\/letrame.com\/catalogo\/wp-json\/wp\/v2\/media?parent=111190"}],"wp:term":[{"taxonomy":"libro","embeddable":true,"href":"https:\/\/letrame.com\/catalogo\/wp-json\/wp\/v2\/libro?post=111190"},{"taxonomy":"product_brand","embeddable":true,"href":"https:\/\/letrame.com\/catalogo\/wp-json\/wp\/v2\/product_brand?post=111190"},{"taxonomy":"product_cat","embeddable":true,"href":"https:\/\/letrame.com\/catalogo\/wp-json\/wp\/v2\/product_cat?post=111190"},{"taxonomy":"product_tag","embeddable":true,"href":"https:\/\/letrame.com\/catalogo\/wp-json\/wp\/v2\/product_tag?post=111190"}],"curies":[{"name":"wp","href":"https:\/\/api.w.org\/{rel}","templated":true}]}}