{"id":111157,"date":"2026-02-26T12:34:34","date_gmt":"2026-02-26T11:34:34","guid":{"rendered":"https:\/\/letrame.com\/catalogo\/?post_type=product&#038;p=111157"},"modified":"2026-02-26T12:34:34","modified_gmt":"2026-02-26T11:34:34","slug":"resistiendo-al-tiempo-ii","status":"publish","type":"product","link":"https:\/\/letrame.com\/catalogo\/producto\/resistiendo-al-tiempo-ii\/","title":{"rendered":"Resistiendo al Tiempo II"},"content":{"rendered":"<p class=\"p1\"><b>ISBN: 9791370129583<\/b><b><\/b><\/p>\n<p class=\"p1\"><b>T\u00edtulo: Resistiendo al Tiempo II\u00a0<\/b><br \/>\n<b>Fecha: 2025<\/b><br \/>\n<b>P\u00e1ginas: 256<\/b><b><\/b><\/p>\n<p class=\"p1\"><b>SINOPSIS<\/b><b><\/b><\/p>\n<p class=\"p1\">Cuando el oto\u00f1o cae sobre las calles de Granadilla, una fuerza ancestral comienza a despertar.<\/p>\n<p class=\"p1\">Azael, Esteisy, Brian, Madison, Chris y Jezabel se ver\u00e1n envueltos en una nueva aventura que los llevar\u00e1 hasta los rincones m\u00e1s enigm\u00e1ticos de Egipto. Entre reliquias malditas, mercados arom\u00e1ticos, templos silenciosos y c\u00e1maras selladas por siglos, este segundo volumen ahonda en la dimensi\u00f3n m\u00e1s espiritual, simb\u00f3lica y peligrosa.<\/p>\n<p class=\"p1\">Nada los ha preparado para lo que est\u00e1 por llegar: una fuerza ances-tral, dormida desde hace milenios, comienza a manifestarse.<\/p>\n<p class=\"p1\">Resistiendo al Tiempo II, es una novela que combina misterios arqueol\u00f3gicos, realismo m\u00e1gico y, sobre todo, amistad, en una traves\u00eda inolvidable por el alma del antiguo Egipto.<\/p>\n<p class=\"p1\">A Coco, mi compa\u00f1ero fiel, que con su mirada me ense\u00f1\u00f3 lo que es el amor verdadero. Nunca voy a olvidarte.<\/p>\n","protected":false},"excerpt":{"rendered":"<p class=\"p1\"><b>ISBN: 9791370129583<\/b><b><\/b><\/p>\n<p class=\"p1\"><b>SINOPSIS<\/b><b><\/b><\/p>\n<p class=\"p1\">Cuando el oto\u00f1o cae sobre las calles de Granadilla, una fuerza ancestral comienza a despertar.<\/p>\n<p class=\"p1\">Azael, Esteisy, Brian, Madison, Chris y Jezabel se ver\u00e1n envueltos en una nueva aventura que los llevar\u00e1 hasta los rincones m\u00e1s enigm\u00e1ticos de Egipto. Entre reliquias malditas, mercados arom\u00e1ticos, templos silenciosos y c\u00e1maras selladas por siglos, este segundo volumen ahonda en la dimensi\u00f3n m\u00e1s espiritual, simb\u00f3lica y peligrosa.<\/p>\n<p class=\"p1\">Nada los ha preparado para lo que est\u00e1 por llegar: una fuerza ances-tral, dormida desde hace milenios, comienza a manifestarse.<\/p>\n<p class=\"p1\">Resistiendo al Tiempo II, es una novela que combina misterios arqueol\u00f3gicos, realismo m\u00e1gico y, sobre todo, amistad, en una traves\u00eda inolvidable por el alma del antiguo Egipto.<\/p>\n<p class=\"p1\">A Coco, mi compa\u00f1ero fiel, que con su mirada me ense\u00f1\u00f3 lo que es el amor verdadero. Nunca voy a olvidarte.<\/p>\n","protected":false},"featured_media":111161,"comment_status":"open","ping_status":"closed","template":"","meta":{"_acf_changed":false},"libro":[],"product_brand":[],"product_cat":[118],"product_tag":[],"class_list":{"0":"post-111157","1":"product","2":"type-product","3":"status-publish","4":"has-post-thumbnail","6":"product_cat-fantasia","8":"first","9":"instock","10":"shipping-taxable","11":"product-type-simple"},"acf":{"autor":[111158],"enlace_de_compra":"https:\/\/amzn.to\/3ZSUvrr"},"yoast_head":"<!-- This site is optimized with the Yoast SEO plugin v26.6 - https:\/\/yoast.com\/wordpress\/plugins\/seo\/ -->\n<title>Resistiendo al Tiempo II - Catalogo | Letrame Grupo Editorial<\/title>\n<meta name=\"robots\" content=\"index, follow, max-snippet:-1, max-image-preview:large, max-video-preview:-1\" \/>\n<link rel=\"canonical\" href=\"https:\/\/letrame.com\/catalogo\/producto\/resistiendo-al-tiempo-ii\/\" \/>\n<meta property=\"og:locale\" content=\"es_ES\" \/>\n<meta property=\"og:type\" content=\"article\" \/>\n<meta property=\"og:title\" content=\"Resistiendo al Tiempo II - Catalogo | Letrame Grupo Editorial\" \/>\n<meta property=\"og:description\" content=\"ISBN: 9791370129583 SINOPSIS Cuando el oto\u00f1o cae sobre las calles de Granadilla, una fuerza ancestral comienza a despertar. Azael, Esteisy, Brian, Madison, Chris y Jezabel se ver\u00e1n envueltos en una nueva aventura que los llevar\u00e1 hasta los rincones m\u00e1s enigm\u00e1ticos de Egipto. Entre reliquias malditas, mercados arom\u00e1ticos, templos silenciosos y c\u00e1maras selladas por siglos, este segundo volumen ahonda en la dimensi\u00f3n m\u00e1s espiritual, simb\u00f3lica y peligrosa. Nada los ha preparado para lo que est\u00e1 por llegar: una fuerza ances-tral, dormida desde hace milenios, comienza a manifestarse. Resistiendo al Tiempo II, es una novela que combina misterios arqueol\u00f3gicos, realismo m\u00e1gico y, sobre todo, amistad, en una traves\u00eda inolvidable por el alma del antiguo Egipto. A Coco, mi compa\u00f1ero fiel, que con su mirada me ense\u00f1\u00f3 lo que es el amor verdadero. Nunca voy a olvidarte.\" \/>\n<meta property=\"og:url\" content=\"https:\/\/letrame.com\/catalogo\/producto\/resistiendo-al-tiempo-ii\/\" \/>\n<meta property=\"og:site_name\" content=\"Catalogo | Letrame Grupo Editorial\" \/>\n<meta property=\"og:image\" content=\"https:\/\/letrame.com\/catalogo\/wp-content\/uploads\/2026\/02\/portadacatalogo-11-scaled.jpg\" \/>\n\t<meta property=\"og:image:width\" content=\"1828\" \/>\n\t<meta property=\"og:image:height\" content=\"2560\" \/>\n\t<meta property=\"og:image:type\" content=\"image\/jpeg\" \/>\n<meta name=\"twitter:card\" content=\"summary_large_image\" \/>\n<meta name=\"twitter:label1\" content=\"Tiempo de lectura\" \/>\n\t<meta name=\"twitter:data1\" content=\"1 minuto\" \/>\n<script type=\"application\/ld+json\" class=\"yoast-schema-graph\">{\"@context\":\"https:\/\/schema.org\",\"@graph\":[{\"@type\":\"WebPage\",\"@id\":\"https:\/\/letrame.com\/catalogo\/producto\/resistiendo-al-tiempo-ii\/\",\"url\":\"https:\/\/letrame.com\/catalogo\/producto\/resistiendo-al-tiempo-ii\/\",\"name\":\"Resistiendo al Tiempo II - Catalogo | Letrame Grupo Editorial\",\"isPartOf\":{\"@id\":\"https:\/\/letrame.com\/catalogo\/#website\"},\"primaryImageOfPage\":{\"@id\":\"https:\/\/letrame.com\/catalogo\/producto\/resistiendo-al-tiempo-ii\/#primaryimage\"},\"image\":{\"@id\":\"https:\/\/letrame.com\/catalogo\/producto\/resistiendo-al-tiempo-ii\/#primaryimage\"},\"thumbnailUrl\":\"https:\/\/letrame.com\/catalogo\/wp-content\/uploads\/2026\/02\/portadacatalogo-11-scaled.jpg\",\"datePublished\":\"2026-02-26T11:34:34+00:00\",\"breadcrumb\":{\"@id\":\"https:\/\/letrame.com\/catalogo\/producto\/resistiendo-al-tiempo-ii\/#breadcrumb\"},\"inLanguage\":\"es\",\"potentialAction\":[{\"@type\":\"ReadAction\",\"target\":[\"https:\/\/letrame.com\/catalogo\/producto\/resistiendo-al-tiempo-ii\/\"]}]},{\"@type\":\"ImageObject\",\"inLanguage\":\"es\",\"@id\":\"https:\/\/letrame.com\/catalogo\/producto\/resistiendo-al-tiempo-ii\/#primaryimage\",\"url\":\"https:\/\/letrame.com\/catalogo\/wp-content\/uploads\/2026\/02\/portadacatalogo-11-scaled.jpg\",\"contentUrl\":\"https:\/\/letrame.com\/catalogo\/wp-content\/uploads\/2026\/02\/portadacatalogo-11-scaled.jpg\",\"width\":1828,\"height\":2560},{\"@type\":\"BreadcrumbList\",\"@id\":\"https:\/\/letrame.com\/catalogo\/producto\/resistiendo-al-tiempo-ii\/#breadcrumb\",\"itemListElement\":[{\"@type\":\"ListItem\",\"position\":1,\"name\":\"Portada\",\"item\":\"https:\/\/letrame.com\/catalogo\/\"},{\"@type\":\"ListItem\",\"position\":2,\"name\":\"Cat\u00e1logo\",\"item\":\"https:\/\/letrame.com\/catalogo\/\"},{\"@type\":\"ListItem\",\"position\":3,\"name\":\"Resistiendo al Tiempo II\"}]},{\"@type\":\"WebSite\",\"@id\":\"https:\/\/letrame.com\/catalogo\/#website\",\"url\":\"https:\/\/letrame.com\/catalogo\/\",\"name\":\"Catalogo | Letrame Grupo Editorial\",\"description\":\"\",\"publisher\":{\"@id\":\"https:\/\/letrame.com\/catalogo\/#organization\"},\"potentialAction\":[{\"@type\":\"SearchAction\",\"target\":{\"@type\":\"EntryPoint\",\"urlTemplate\":\"https:\/\/letrame.com\/catalogo\/?s={search_term_string}\"},\"query-input\":{\"@type\":\"PropertyValueSpecification\",\"valueRequired\":true,\"valueName\":\"search_term_string\"}}],\"inLanguage\":\"es\"},{\"@type\":\"Organization\",\"@id\":\"https:\/\/letrame.com\/catalogo\/#organization\",\"name\":\"Catalogo | Letrame Grupo Editorial\",\"url\":\"https:\/\/letrame.com\/catalogo\/\",\"logo\":{\"@type\":\"ImageObject\",\"inLanguage\":\"es\",\"@id\":\"https:\/\/letrame.com\/catalogo\/#\/schema\/logo\/image\/\",\"url\":\"https:\/\/letrame.com\/catalogo\/wp-content\/uploads\/2024\/03\/logo2.webp\",\"contentUrl\":\"https:\/\/letrame.com\/catalogo\/wp-content\/uploads\/2024\/03\/logo2.webp\",\"width\":394,\"height\":128,\"caption\":\"Catalogo | Letrame Grupo Editorial\"},\"image\":{\"@id\":\"https:\/\/letrame.com\/catalogo\/#\/schema\/logo\/image\/\"}}]}<\/script>\n<!-- \/ Yoast SEO plugin. -->","yoast_head_json":{"title":"Resistiendo al Tiempo II - Catalogo | Letrame Grupo Editorial","robots":{"index":"index","follow":"follow","max-snippet":"max-snippet:-1","max-image-preview":"max-image-preview:large","max-video-preview":"max-video-preview:-1"},"canonical":"https:\/\/letrame.com\/catalogo\/producto\/resistiendo-al-tiempo-ii\/","og_locale":"es_ES","og_type":"article","og_title":"Resistiendo al Tiempo II - Catalogo | Letrame Grupo Editorial","og_description":"ISBN: 9791370129583 SINOPSIS Cuando el oto\u00f1o cae sobre las calles de Granadilla, una fuerza ancestral comienza a despertar. Azael, Esteisy, Brian, Madison, Chris y Jezabel se ver\u00e1n envueltos en una nueva aventura que los llevar\u00e1 hasta los rincones m\u00e1s enigm\u00e1ticos de Egipto. Entre reliquias malditas, mercados arom\u00e1ticos, templos silenciosos y c\u00e1maras selladas por siglos, este segundo volumen ahonda en la dimensi\u00f3n m\u00e1s espiritual, simb\u00f3lica y peligrosa. Nada los ha preparado para lo que est\u00e1 por llegar: una fuerza ances-tral, dormida desde hace milenios, comienza a manifestarse. Resistiendo al Tiempo II, es una novela que combina misterios arqueol\u00f3gicos, realismo m\u00e1gico y, sobre todo, amistad, en una traves\u00eda inolvidable por el alma del antiguo Egipto. A Coco, mi compa\u00f1ero fiel, que con su mirada me ense\u00f1\u00f3 lo que es el amor verdadero. Nunca voy a olvidarte.","og_url":"https:\/\/letrame.com\/catalogo\/producto\/resistiendo-al-tiempo-ii\/","og_site_name":"Catalogo | Letrame Grupo Editorial","og_image":[{"width":1828,"height":2560,"url":"https:\/\/letrame.com\/catalogo\/wp-content\/uploads\/2026\/02\/portadacatalogo-11-scaled.jpg","type":"image\/jpeg"}],"twitter_card":"summary_large_image","twitter_misc":{"Tiempo de lectura":"1 minuto"},"schema":{"@context":"https:\/\/schema.org","@graph":[{"@type":"WebPage","@id":"https:\/\/letrame.com\/catalogo\/producto\/resistiendo-al-tiempo-ii\/","url":"https:\/\/letrame.com\/catalogo\/producto\/resistiendo-al-tiempo-ii\/","name":"Resistiendo al Tiempo II - Catalogo | Letrame Grupo Editorial","isPartOf":{"@id":"https:\/\/letrame.com\/catalogo\/#website"},"primaryImageOfPage":{"@id":"https:\/\/letrame.com\/catalogo\/producto\/resistiendo-al-tiempo-ii\/#primaryimage"},"image":{"@id":"https:\/\/letrame.com\/catalogo\/producto\/resistiendo-al-tiempo-ii\/#primaryimage"},"thumbnailUrl":"https:\/\/letrame.com\/catalogo\/wp-content\/uploads\/2026\/02\/portadacatalogo-11-scaled.jpg","datePublished":"2026-02-26T11:34:34+00:00","breadcrumb":{"@id":"https:\/\/letrame.com\/catalogo\/producto\/resistiendo-al-tiempo-ii\/#breadcrumb"},"inLanguage":"es","potentialAction":[{"@type":"ReadAction","target":["https:\/\/letrame.com\/catalogo\/producto\/resistiendo-al-tiempo-ii\/"]}]},{"@type":"ImageObject","inLanguage":"es","@id":"https:\/\/letrame.com\/catalogo\/producto\/resistiendo-al-tiempo-ii\/#primaryimage","url":"https:\/\/letrame.com\/catalogo\/wp-content\/uploads\/2026\/02\/portadacatalogo-11-scaled.jpg","contentUrl":"https:\/\/letrame.com\/catalogo\/wp-content\/uploads\/2026\/02\/portadacatalogo-11-scaled.jpg","width":1828,"height":2560},{"@type":"BreadcrumbList","@id":"https:\/\/letrame.com\/catalogo\/producto\/resistiendo-al-tiempo-ii\/#breadcrumb","itemListElement":[{"@type":"ListItem","position":1,"name":"Portada","item":"https:\/\/letrame.com\/catalogo\/"},{"@type":"ListItem","position":2,"name":"Cat\u00e1logo","item":"https:\/\/letrame.com\/catalogo\/"},{"@type":"ListItem","position":3,"name":"Resistiendo al Tiempo II"}]},{"@type":"WebSite","@id":"https:\/\/letrame.com\/catalogo\/#website","url":"https:\/\/letrame.com\/catalogo\/","name":"Catalogo | Letrame Grupo Editorial","description":"","publisher":{"@id":"https:\/\/letrame.com\/catalogo\/#organization"},"potentialAction":[{"@type":"SearchAction","target":{"@type":"EntryPoint","urlTemplate":"https:\/\/letrame.com\/catalogo\/?s={search_term_string}"},"query-input":{"@type":"PropertyValueSpecification","valueRequired":true,"valueName":"search_term_string"}}],"inLanguage":"es"},{"@type":"Organization","@id":"https:\/\/letrame.com\/catalogo\/#organization","name":"Catalogo | Letrame Grupo Editorial","url":"https:\/\/letrame.com\/catalogo\/","logo":{"@type":"ImageObject","inLanguage":"es","@id":"https:\/\/letrame.com\/catalogo\/#\/schema\/logo\/image\/","url":"https:\/\/letrame.com\/catalogo\/wp-content\/uploads\/2024\/03\/logo2.webp","contentUrl":"https:\/\/letrame.com\/catalogo\/wp-content\/uploads\/2024\/03\/logo2.webp","width":394,"height":128,"caption":"Catalogo | Letrame Grupo Editorial"},"image":{"@id":"https:\/\/letrame.com\/catalogo\/#\/schema\/logo\/image\/"}}]}},"_links":{"self":[{"href":"https:\/\/letrame.com\/catalogo\/wp-json\/wp\/v2\/product\/111157","targetHints":{"allow":["GET"]}}],"collection":[{"href":"https:\/\/letrame.com\/catalogo\/wp-json\/wp\/v2\/product"}],"about":[{"href":"https:\/\/letrame.com\/catalogo\/wp-json\/wp\/v2\/types\/product"}],"replies":[{"embeddable":true,"href":"https:\/\/letrame.com\/catalogo\/wp-json\/wp\/v2\/comments?post=111157"}],"acf:post":[{"embeddable":true,"href":"https:\/\/letrame.com\/catalogo\/wp-json\/wp\/v2\/author_book\/111158"}],"wp:featuredmedia":[{"embeddable":true,"href":"https:\/\/letrame.com\/catalogo\/wp-json\/wp\/v2\/media\/111161"}],"wp:attachment":[{"href":"https:\/\/letrame.com\/catalogo\/wp-json\/wp\/v2\/media?parent=111157"}],"wp:term":[{"taxonomy":"libro","embeddable":true,"href":"https:\/\/letrame.com\/catalogo\/wp-json\/wp\/v2\/libro?post=111157"},{"taxonomy":"product_brand","embeddable":true,"href":"https:\/\/letrame.com\/catalogo\/wp-json\/wp\/v2\/product_brand?post=111157"},{"taxonomy":"product_cat","embeddable":true,"href":"https:\/\/letrame.com\/catalogo\/wp-json\/wp\/v2\/product_cat?post=111157"},{"taxonomy":"product_tag","embeddable":true,"href":"https:\/\/letrame.com\/catalogo\/wp-json\/wp\/v2\/product_tag?post=111157"}],"curies":[{"name":"wp","href":"https:\/\/api.w.org\/{rel}","templated":true}]}}