{"id":111155,"date":"2026-02-26T12:25:00","date_gmt":"2026-02-26T11:25:00","guid":{"rendered":"https:\/\/letrame.com\/catalogo\/?post_type=product&#038;p=111155"},"modified":"2026-02-26T12:25:01","modified_gmt":"2026-02-26T11:25:01","slug":"liderando-entre-credos","status":"publish","type":"product","link":"https:\/\/letrame.com\/catalogo\/producto\/liderando-entre-credos\/","title":{"rendered":"Liderando entre credos"},"content":{"rendered":"<p class=\"p1\"><b>ISBN: 9791370293079<\/b><b><\/b><\/p>\n<p class=\"p1\"><b>T\u00edtulo: Liderando entre credos<\/b><br \/>\n<b>Fecha: 2025<\/b><br \/>\n<b>P\u00e1ginas: 70<\/b><b><\/b><\/p>\n<p class=\"p1\"><b>SINOPSIS<\/b><b><\/b><\/p>\n<p class=\"p1\">Liderando entre credos es una reflexi\u00f3n abierta sobre el liderazgo en el mundo, sobre la mujer en el mundo y, en particular, sobre la mujer negra. Habla de aspectos dogm\u00e1ticos silenciosos que lo rigen, sin medir el peso de sus consecuencias en el d\u00eda a d\u00eda de las personas que lo habitan. Es una llamada a la decisi\u00f3n de abrirse a comprenderlo desde distintas perspecti-vas, respetando enfoques y ventajas.<\/p>\n<p class=\"p1\">Es una oda al autoconocimiento, a la autovalidaci\u00f3n, a la aspi-raci\u00f3n.<\/p>\n<p class=\"p1\">Liderando entre credos es una cuesti\u00f3n de credos y no de fe.<\/p>\n<p class=\"p1\">Es una invitaci\u00f3n a abrazar la diversidad como un abanico de oportunidades, y no como un muro separador. Es otra forma de concebir el liderazgo.<\/p>\n","protected":false},"excerpt":{"rendered":"<p class=\"p1\"><b>ISBN: 9791370293079<\/b><b><\/b><\/p>\n<p class=\"p1\"><b>SINOPSIS<\/b><b><\/b><\/p>\n<p class=\"p1\">Liderando entre credos es una reflexi\u00f3n abierta sobre el liderazgo en el mundo, sobre la mujer en el mundo y, en particular, sobre la mujer negra. Habla de aspectos dogm\u00e1ticos silenciosos que lo rigen, sin medir el peso de sus consecuencias en el d\u00eda a d\u00eda de las personas que lo habitan. Es una llamada a la decisi\u00f3n de abrirse a comprenderlo desde distintas perspecti-vas, respetando enfoques y ventajas.<\/p>\n<p class=\"p1\">Es una oda al autoconocimiento, a la autovalidaci\u00f3n, a la aspi-raci\u00f3n.<\/p>\n<p class=\"p1\">Liderando entre credos es una cuesti\u00f3n de credos y no de fe.<\/p>\n<p class=\"p1\">Es una invitaci\u00f3n a abrazar la diversidad como un abanico de oportunidades, y no como un muro separador. Es otra forma de concebir el liderazgo.<\/p>\n","protected":false},"featured_media":111156,"comment_status":"open","ping_status":"closed","template":"","meta":{"_acf_changed":false},"libro":[],"product_brand":[],"product_cat":[133],"product_tag":[],"class_list":{"0":"post-111155","1":"product","2":"type-product","3":"status-publish","4":"has-post-thumbnail","6":"product_cat-no-ficcion","8":"first","9":"instock","10":"shipping-taxable","11":"product-type-simple"},"acf":{"autor":[75107],"enlace_de_compra":"https:\/\/www.amazon.es\/Liderando-entre-credos-No-ficci%C3%B3n\/dp\/B0GHQLX4RX\/ref=sr_1_1?__mk_es_ES=%C3%85M%C3%85%C5%BD%C3%95%C3%91&crid=1LEM15FCTLM6S&dib=eyJ2IjoiMSJ9.1puxIhCozMk67uw6OfhzXw.UKQMGNKlPiZuWBgHfdxB1IaTg79xNg0dUrXmG_Dsxv4&dib_tag=se&keywords=9791370293079&qid=1772104874&sprefix=9791370293079%2Caps%2C290&sr=8-1"},"yoast_head":"<!-- This site is optimized with the Yoast SEO plugin v26.6 - https:\/\/yoast.com\/wordpress\/plugins\/seo\/ -->\n<title>Liderando entre credos - Catalogo | Letrame Grupo Editorial<\/title>\n<meta name=\"robots\" content=\"index, follow, max-snippet:-1, max-image-preview:large, max-video-preview:-1\" \/>\n<link rel=\"canonical\" href=\"https:\/\/letrame.com\/catalogo\/producto\/liderando-entre-credos\/\" \/>\n<meta property=\"og:locale\" content=\"es_ES\" \/>\n<meta property=\"og:type\" content=\"article\" \/>\n<meta property=\"og:title\" content=\"Liderando entre credos - Catalogo | Letrame Grupo Editorial\" \/>\n<meta property=\"og:description\" content=\"ISBN: 9791370293079 SINOPSIS Liderando entre credos es una reflexi\u00f3n abierta sobre el liderazgo en el mundo, sobre la mujer en el mundo y, en particular, sobre la mujer negra. Habla de aspectos dogm\u00e1ticos silenciosos que lo rigen, sin medir el peso de sus consecuencias en el d\u00eda a d\u00eda de las personas que lo habitan. Es una llamada a la decisi\u00f3n de abrirse a comprenderlo desde distintas perspecti-vas, respetando enfoques y ventajas. Es una oda al autoconocimiento, a la autovalidaci\u00f3n, a la aspi-raci\u00f3n. Liderando entre credos es una cuesti\u00f3n de credos y no de fe. Es una invitaci\u00f3n a abrazar la diversidad como un abanico de oportunidades, y no como un muro separador. Es otra forma de concebir el liderazgo.\" \/>\n<meta property=\"og:url\" content=\"https:\/\/letrame.com\/catalogo\/producto\/liderando-entre-credos\/\" \/>\n<meta property=\"og:site_name\" content=\"Catalogo | Letrame Grupo Editorial\" \/>\n<meta property=\"article:modified_time\" content=\"2026-02-26T11:25:01+00:00\" \/>\n<meta property=\"og:image\" content=\"https:\/\/letrame.com\/catalogo\/wp-content\/uploads\/2026\/02\/portadacatalogo-10-scaled.jpg\" \/>\n\t<meta property=\"og:image:width\" content=\"1804\" \/>\n\t<meta property=\"og:image:height\" content=\"2560\" \/>\n\t<meta property=\"og:image:type\" content=\"image\/jpeg\" \/>\n<meta name=\"twitter:card\" content=\"summary_large_image\" \/>\n<meta name=\"twitter:label1\" content=\"Tiempo de lectura\" \/>\n\t<meta name=\"twitter:data1\" content=\"1 minuto\" \/>\n<script type=\"application\/ld+json\" class=\"yoast-schema-graph\">{\"@context\":\"https:\/\/schema.org\",\"@graph\":[{\"@type\":\"WebPage\",\"@id\":\"https:\/\/letrame.com\/catalogo\/producto\/liderando-entre-credos\/\",\"url\":\"https:\/\/letrame.com\/catalogo\/producto\/liderando-entre-credos\/\",\"name\":\"Liderando entre credos - Catalogo | Letrame Grupo Editorial\",\"isPartOf\":{\"@id\":\"https:\/\/letrame.com\/catalogo\/#website\"},\"primaryImageOfPage\":{\"@id\":\"https:\/\/letrame.com\/catalogo\/producto\/liderando-entre-credos\/#primaryimage\"},\"image\":{\"@id\":\"https:\/\/letrame.com\/catalogo\/producto\/liderando-entre-credos\/#primaryimage\"},\"thumbnailUrl\":\"https:\/\/letrame.com\/catalogo\/wp-content\/uploads\/2026\/02\/portadacatalogo-10-scaled.jpg\",\"datePublished\":\"2026-02-26T11:25:00+00:00\",\"dateModified\":\"2026-02-26T11:25:01+00:00\",\"breadcrumb\":{\"@id\":\"https:\/\/letrame.com\/catalogo\/producto\/liderando-entre-credos\/#breadcrumb\"},\"inLanguage\":\"es\",\"potentialAction\":[{\"@type\":\"ReadAction\",\"target\":[\"https:\/\/letrame.com\/catalogo\/producto\/liderando-entre-credos\/\"]}]},{\"@type\":\"ImageObject\",\"inLanguage\":\"es\",\"@id\":\"https:\/\/letrame.com\/catalogo\/producto\/liderando-entre-credos\/#primaryimage\",\"url\":\"https:\/\/letrame.com\/catalogo\/wp-content\/uploads\/2026\/02\/portadacatalogo-10-scaled.jpg\",\"contentUrl\":\"https:\/\/letrame.com\/catalogo\/wp-content\/uploads\/2026\/02\/portadacatalogo-10-scaled.jpg\",\"width\":1804,\"height\":2560},{\"@type\":\"BreadcrumbList\",\"@id\":\"https:\/\/letrame.com\/catalogo\/producto\/liderando-entre-credos\/#breadcrumb\",\"itemListElement\":[{\"@type\":\"ListItem\",\"position\":1,\"name\":\"Portada\",\"item\":\"https:\/\/letrame.com\/catalogo\/\"},{\"@type\":\"ListItem\",\"position\":2,\"name\":\"Cat\u00e1logo\",\"item\":\"https:\/\/letrame.com\/catalogo\/\"},{\"@type\":\"ListItem\",\"position\":3,\"name\":\"Liderando entre credos\"}]},{\"@type\":\"WebSite\",\"@id\":\"https:\/\/letrame.com\/catalogo\/#website\",\"url\":\"https:\/\/letrame.com\/catalogo\/\",\"name\":\"Catalogo | Letrame Grupo Editorial\",\"description\":\"\",\"publisher\":{\"@id\":\"https:\/\/letrame.com\/catalogo\/#organization\"},\"potentialAction\":[{\"@type\":\"SearchAction\",\"target\":{\"@type\":\"EntryPoint\",\"urlTemplate\":\"https:\/\/letrame.com\/catalogo\/?s={search_term_string}\"},\"query-input\":{\"@type\":\"PropertyValueSpecification\",\"valueRequired\":true,\"valueName\":\"search_term_string\"}}],\"inLanguage\":\"es\"},{\"@type\":\"Organization\",\"@id\":\"https:\/\/letrame.com\/catalogo\/#organization\",\"name\":\"Catalogo | Letrame Grupo Editorial\",\"url\":\"https:\/\/letrame.com\/catalogo\/\",\"logo\":{\"@type\":\"ImageObject\",\"inLanguage\":\"es\",\"@id\":\"https:\/\/letrame.com\/catalogo\/#\/schema\/logo\/image\/\",\"url\":\"https:\/\/letrame.com\/catalogo\/wp-content\/uploads\/2024\/03\/logo2.webp\",\"contentUrl\":\"https:\/\/letrame.com\/catalogo\/wp-content\/uploads\/2024\/03\/logo2.webp\",\"width\":394,\"height\":128,\"caption\":\"Catalogo | Letrame Grupo Editorial\"},\"image\":{\"@id\":\"https:\/\/letrame.com\/catalogo\/#\/schema\/logo\/image\/\"}}]}<\/script>\n<!-- \/ Yoast SEO plugin. -->","yoast_head_json":{"title":"Liderando entre credos - Catalogo | Letrame Grupo Editorial","robots":{"index":"index","follow":"follow","max-snippet":"max-snippet:-1","max-image-preview":"max-image-preview:large","max-video-preview":"max-video-preview:-1"},"canonical":"https:\/\/letrame.com\/catalogo\/producto\/liderando-entre-credos\/","og_locale":"es_ES","og_type":"article","og_title":"Liderando entre credos - Catalogo | Letrame Grupo Editorial","og_description":"ISBN: 9791370293079 SINOPSIS Liderando entre credos es una reflexi\u00f3n abierta sobre el liderazgo en el mundo, sobre la mujer en el mundo y, en particular, sobre la mujer negra. Habla de aspectos dogm\u00e1ticos silenciosos que lo rigen, sin medir el peso de sus consecuencias en el d\u00eda a d\u00eda de las personas que lo habitan. Es una llamada a la decisi\u00f3n de abrirse a comprenderlo desde distintas perspecti-vas, respetando enfoques y ventajas. Es una oda al autoconocimiento, a la autovalidaci\u00f3n, a la aspi-raci\u00f3n. Liderando entre credos es una cuesti\u00f3n de credos y no de fe. Es una invitaci\u00f3n a abrazar la diversidad como un abanico de oportunidades, y no como un muro separador. Es otra forma de concebir el liderazgo.","og_url":"https:\/\/letrame.com\/catalogo\/producto\/liderando-entre-credos\/","og_site_name":"Catalogo | Letrame Grupo Editorial","article_modified_time":"2026-02-26T11:25:01+00:00","og_image":[{"width":1804,"height":2560,"url":"https:\/\/letrame.com\/catalogo\/wp-content\/uploads\/2026\/02\/portadacatalogo-10-scaled.jpg","type":"image\/jpeg"}],"twitter_card":"summary_large_image","twitter_misc":{"Tiempo de lectura":"1 minuto"},"schema":{"@context":"https:\/\/schema.org","@graph":[{"@type":"WebPage","@id":"https:\/\/letrame.com\/catalogo\/producto\/liderando-entre-credos\/","url":"https:\/\/letrame.com\/catalogo\/producto\/liderando-entre-credos\/","name":"Liderando entre credos - Catalogo | Letrame Grupo Editorial","isPartOf":{"@id":"https:\/\/letrame.com\/catalogo\/#website"},"primaryImageOfPage":{"@id":"https:\/\/letrame.com\/catalogo\/producto\/liderando-entre-credos\/#primaryimage"},"image":{"@id":"https:\/\/letrame.com\/catalogo\/producto\/liderando-entre-credos\/#primaryimage"},"thumbnailUrl":"https:\/\/letrame.com\/catalogo\/wp-content\/uploads\/2026\/02\/portadacatalogo-10-scaled.jpg","datePublished":"2026-02-26T11:25:00+00:00","dateModified":"2026-02-26T11:25:01+00:00","breadcrumb":{"@id":"https:\/\/letrame.com\/catalogo\/producto\/liderando-entre-credos\/#breadcrumb"},"inLanguage":"es","potentialAction":[{"@type":"ReadAction","target":["https:\/\/letrame.com\/catalogo\/producto\/liderando-entre-credos\/"]}]},{"@type":"ImageObject","inLanguage":"es","@id":"https:\/\/letrame.com\/catalogo\/producto\/liderando-entre-credos\/#primaryimage","url":"https:\/\/letrame.com\/catalogo\/wp-content\/uploads\/2026\/02\/portadacatalogo-10-scaled.jpg","contentUrl":"https:\/\/letrame.com\/catalogo\/wp-content\/uploads\/2026\/02\/portadacatalogo-10-scaled.jpg","width":1804,"height":2560},{"@type":"BreadcrumbList","@id":"https:\/\/letrame.com\/catalogo\/producto\/liderando-entre-credos\/#breadcrumb","itemListElement":[{"@type":"ListItem","position":1,"name":"Portada","item":"https:\/\/letrame.com\/catalogo\/"},{"@type":"ListItem","position":2,"name":"Cat\u00e1logo","item":"https:\/\/letrame.com\/catalogo\/"},{"@type":"ListItem","position":3,"name":"Liderando entre credos"}]},{"@type":"WebSite","@id":"https:\/\/letrame.com\/catalogo\/#website","url":"https:\/\/letrame.com\/catalogo\/","name":"Catalogo | Letrame Grupo Editorial","description":"","publisher":{"@id":"https:\/\/letrame.com\/catalogo\/#organization"},"potentialAction":[{"@type":"SearchAction","target":{"@type":"EntryPoint","urlTemplate":"https:\/\/letrame.com\/catalogo\/?s={search_term_string}"},"query-input":{"@type":"PropertyValueSpecification","valueRequired":true,"valueName":"search_term_string"}}],"inLanguage":"es"},{"@type":"Organization","@id":"https:\/\/letrame.com\/catalogo\/#organization","name":"Catalogo | Letrame Grupo Editorial","url":"https:\/\/letrame.com\/catalogo\/","logo":{"@type":"ImageObject","inLanguage":"es","@id":"https:\/\/letrame.com\/catalogo\/#\/schema\/logo\/image\/","url":"https:\/\/letrame.com\/catalogo\/wp-content\/uploads\/2024\/03\/logo2.webp","contentUrl":"https:\/\/letrame.com\/catalogo\/wp-content\/uploads\/2024\/03\/logo2.webp","width":394,"height":128,"caption":"Catalogo | Letrame Grupo Editorial"},"image":{"@id":"https:\/\/letrame.com\/catalogo\/#\/schema\/logo\/image\/"}}]}},"_links":{"self":[{"href":"https:\/\/letrame.com\/catalogo\/wp-json\/wp\/v2\/product\/111155","targetHints":{"allow":["GET"]}}],"collection":[{"href":"https:\/\/letrame.com\/catalogo\/wp-json\/wp\/v2\/product"}],"about":[{"href":"https:\/\/letrame.com\/catalogo\/wp-json\/wp\/v2\/types\/product"}],"replies":[{"embeddable":true,"href":"https:\/\/letrame.com\/catalogo\/wp-json\/wp\/v2\/comments?post=111155"}],"acf:post":[{"embeddable":true,"href":"https:\/\/letrame.com\/catalogo\/wp-json\/wp\/v2\/author_book\/75107"}],"wp:featuredmedia":[{"embeddable":true,"href":"https:\/\/letrame.com\/catalogo\/wp-json\/wp\/v2\/media\/111156"}],"wp:attachment":[{"href":"https:\/\/letrame.com\/catalogo\/wp-json\/wp\/v2\/media?parent=111155"}],"wp:term":[{"taxonomy":"libro","embeddable":true,"href":"https:\/\/letrame.com\/catalogo\/wp-json\/wp\/v2\/libro?post=111155"},{"taxonomy":"product_brand","embeddable":true,"href":"https:\/\/letrame.com\/catalogo\/wp-json\/wp\/v2\/product_brand?post=111155"},{"taxonomy":"product_cat","embeddable":true,"href":"https:\/\/letrame.com\/catalogo\/wp-json\/wp\/v2\/product_cat?post=111155"},{"taxonomy":"product_tag","embeddable":true,"href":"https:\/\/letrame.com\/catalogo\/wp-json\/wp\/v2\/product_tag?post=111155"}],"curies":[{"name":"wp","href":"https:\/\/api.w.org\/{rel}","templated":true}]}}