{"id":111147,"date":"2026-02-24T16:49:56","date_gmt":"2026-02-24T15:49:56","guid":{"rendered":"https:\/\/letrame.com\/catalogo\/?post_type=product&#038;p=111147"},"modified":"2026-02-24T16:49:57","modified_gmt":"2026-02-24T15:49:57","slug":"el-sistema-11-segunda-edicion","status":"publish","type":"product","link":"https:\/\/letrame.com\/catalogo\/producto\/el-sistema-11-segunda-edicion\/","title":{"rendered":"El sistema 11. Segunda Edici\u00f3n"},"content":{"rendered":"<p class=\"p1\"><b>ISBN: 9788418585401<\/b><b><\/b><\/p>\n<p class=\"p1\"><b>T\u00edtulo: El sistema 11. Segunda Edici\u00f3n<\/b><br \/>\n<b>Fecha: 2025<\/b><br \/>\n<b>P\u00e1ginas: 374<\/b><b><\/b><\/p>\n<p class=\"p1\"><b>SINOPSIS<\/b><\/p>\n<p class=\"p1\">El Sistema 11 oficialmente no existe, pero es todo cuanto rige el presente, el pasado y el futuro del mundo. Cualquier organizaci\u00f3n de la que has o\u00eddo hablar no es m\u00e1s que una cortina de humo hecha por los mismos miembros del sistema que gobierna la Tierra: a unos les mantienen enga\u00f1ados por descre\u00eddos; a otros, porque desesperados, se aferran a la propuesta oficial; al resto, los atrapan con falsos mitos de clubs de acaudalados, mientras el verdadero poder nos maneja a su antojo.<\/p>\n<p class=\"p1\">Todos formamos parte de la partida, pero no del juego, y nadie te ha preguntado si est\u00e1s de acuerdo, ni lo har\u00e1. No hay escapatoria posible. El tablero est\u00e1 instalado y la partida sigue su curso imparable, intocable, inalterable. \u00bfO tal vez no?<\/p>\n","protected":false},"excerpt":{"rendered":"<p class=\"p1\"><b>ISBN: 9788418585401<\/b><b><\/b><\/p>\n<p class=\"p1\"><b>T\u00edtulo: El sistema 11. Segunda Edici\u00f3n<\/b><br \/>\n<b>Fecha: 2025<\/b><br \/>\n<b>P\u00e1ginas: 374<\/b><b><\/b><\/p>\n<p class=\"p1\"><b>SINOPSIS<\/b><\/p>\n<p class=\"p1\">El Sistema 11 oficialmente no existe, pero es todo cuanto rige el presente, el pasado y el futuro del mundo. Cualquier organizaci\u00f3n de la que has o\u00eddo hablar no es m\u00e1s que una cortina de humo hecha por los mismos miembros del sistema que gobierna la Tierra: a unos les mantienen enga\u00f1ados por descre\u00eddos; a otros, porque desesperados, se aferran a la propuesta oficial; al resto, los atrapan con falsos mitos de clubs de acaudalados, mientras el verdadero poder nos maneja a su antojo.<\/p>\n<p class=\"p1\">Todos formamos parte de la partida, pero no del juego, y nadie te ha preguntado si est\u00e1s de acuerdo, ni lo har\u00e1. No hay escapatoria posible. El tablero est\u00e1 instalado y la partida sigue su curso imparable, intocable, inalterable. \u00bfO tal vez no?<\/p>\n","protected":false},"featured_media":111148,"comment_status":"open","ping_status":"closed","template":"","meta":{"_acf_changed":false},"libro":[],"product_brand":[],"product_cat":[141],"product_tag":[],"class_list":{"0":"post-111147","1":"product","2":"type-product","3":"status-publish","4":"has-post-thumbnail","6":"product_cat-ficcion","8":"first","9":"instock","10":"shipping-taxable","11":"product-type-simple"},"acf":{"autor":[74830],"enlace_de_compra":"https:\/\/amzn.to\/4seJrB7"},"yoast_head":"<!-- This site is optimized with the Yoast SEO plugin v26.6 - https:\/\/yoast.com\/wordpress\/plugins\/seo\/ -->\n<title>El sistema 11. Segunda Edici\u00f3n - Catalogo | Letrame Grupo Editorial<\/title>\n<meta name=\"robots\" content=\"index, follow, max-snippet:-1, max-image-preview:large, max-video-preview:-1\" \/>\n<link rel=\"canonical\" href=\"https:\/\/letrame.com\/catalogo\/producto\/el-sistema-11-segunda-edicion\/\" \/>\n<meta property=\"og:locale\" content=\"es_ES\" \/>\n<meta property=\"og:type\" content=\"article\" \/>\n<meta property=\"og:title\" content=\"El sistema 11. Segunda Edici\u00f3n - Catalogo | Letrame Grupo Editorial\" \/>\n<meta property=\"og:description\" content=\"ISBN: 9788418585401 T\u00edtulo: El sistema 11. Segunda Edici\u00f3n Fecha: 2025 P\u00e1ginas: 374 SINOPSIS El Sistema 11 oficialmente no existe, pero es todo cuanto rige el presente, el pasado y el futuro del mundo. Cualquier organizaci\u00f3n de la que has o\u00eddo hablar no es m\u00e1s que una cortina de humo hecha por los mismos miembros del sistema que gobierna la Tierra: a unos les mantienen enga\u00f1ados por descre\u00eddos; a otros, porque desesperados, se aferran a la propuesta oficial; al resto, los atrapan con falsos mitos de clubs de acaudalados, mientras el verdadero poder nos maneja a su antojo. Todos formamos parte de la partida, pero no del juego, y nadie te ha preguntado si est\u00e1s de acuerdo, ni lo har\u00e1. No hay escapatoria posible. El tablero est\u00e1 instalado y la partida sigue su curso imparable, intocable, inalterable. \u00bfO tal vez no?\" \/>\n<meta property=\"og:url\" content=\"https:\/\/letrame.com\/catalogo\/producto\/el-sistema-11-segunda-edicion\/\" \/>\n<meta property=\"og:site_name\" content=\"Catalogo | Letrame Grupo Editorial\" \/>\n<meta property=\"article:modified_time\" content=\"2026-02-24T15:49:57+00:00\" \/>\n<meta property=\"og:image\" content=\"https:\/\/letrame.com\/catalogo\/wp-content\/uploads\/2026\/02\/portadacatalogosegundaedicionjpg-scaled.jpg\" \/>\n\t<meta property=\"og:image:width\" content=\"1746\" \/>\n\t<meta property=\"og:image:height\" content=\"2560\" \/>\n\t<meta property=\"og:image:type\" content=\"image\/jpeg\" \/>\n<meta name=\"twitter:card\" content=\"summary_large_image\" \/>\n<meta name=\"twitter:label1\" content=\"Tiempo de lectura\" \/>\n\t<meta name=\"twitter:data1\" content=\"1 minuto\" \/>\n<script type=\"application\/ld+json\" class=\"yoast-schema-graph\">{\"@context\":\"https:\/\/schema.org\",\"@graph\":[{\"@type\":\"WebPage\",\"@id\":\"https:\/\/letrame.com\/catalogo\/producto\/el-sistema-11-segunda-edicion\/\",\"url\":\"https:\/\/letrame.com\/catalogo\/producto\/el-sistema-11-segunda-edicion\/\",\"name\":\"El sistema 11. Segunda Edici\u00f3n - Catalogo | Letrame Grupo Editorial\",\"isPartOf\":{\"@id\":\"https:\/\/letrame.com\/catalogo\/#website\"},\"primaryImageOfPage\":{\"@id\":\"https:\/\/letrame.com\/catalogo\/producto\/el-sistema-11-segunda-edicion\/#primaryimage\"},\"image\":{\"@id\":\"https:\/\/letrame.com\/catalogo\/producto\/el-sistema-11-segunda-edicion\/#primaryimage\"},\"thumbnailUrl\":\"https:\/\/letrame.com\/catalogo\/wp-content\/uploads\/2026\/02\/portadacatalogosegundaedicionjpg-scaled.jpg\",\"datePublished\":\"2026-02-24T15:49:56+00:00\",\"dateModified\":\"2026-02-24T15:49:57+00:00\",\"breadcrumb\":{\"@id\":\"https:\/\/letrame.com\/catalogo\/producto\/el-sistema-11-segunda-edicion\/#breadcrumb\"},\"inLanguage\":\"es\",\"potentialAction\":[{\"@type\":\"ReadAction\",\"target\":[\"https:\/\/letrame.com\/catalogo\/producto\/el-sistema-11-segunda-edicion\/\"]}]},{\"@type\":\"ImageObject\",\"inLanguage\":\"es\",\"@id\":\"https:\/\/letrame.com\/catalogo\/producto\/el-sistema-11-segunda-edicion\/#primaryimage\",\"url\":\"https:\/\/letrame.com\/catalogo\/wp-content\/uploads\/2026\/02\/portadacatalogosegundaedicionjpg-scaled.jpg\",\"contentUrl\":\"https:\/\/letrame.com\/catalogo\/wp-content\/uploads\/2026\/02\/portadacatalogosegundaedicionjpg-scaled.jpg\",\"width\":1746,\"height\":2560},{\"@type\":\"BreadcrumbList\",\"@id\":\"https:\/\/letrame.com\/catalogo\/producto\/el-sistema-11-segunda-edicion\/#breadcrumb\",\"itemListElement\":[{\"@type\":\"ListItem\",\"position\":1,\"name\":\"Portada\",\"item\":\"https:\/\/letrame.com\/catalogo\/\"},{\"@type\":\"ListItem\",\"position\":2,\"name\":\"Cat\u00e1logo\",\"item\":\"https:\/\/letrame.com\/catalogo\/\"},{\"@type\":\"ListItem\",\"position\":3,\"name\":\"El sistema 11. Segunda Edici\u00f3n\"}]},{\"@type\":\"WebSite\",\"@id\":\"https:\/\/letrame.com\/catalogo\/#website\",\"url\":\"https:\/\/letrame.com\/catalogo\/\",\"name\":\"Catalogo | Letrame Grupo Editorial\",\"description\":\"\",\"publisher\":{\"@id\":\"https:\/\/letrame.com\/catalogo\/#organization\"},\"potentialAction\":[{\"@type\":\"SearchAction\",\"target\":{\"@type\":\"EntryPoint\",\"urlTemplate\":\"https:\/\/letrame.com\/catalogo\/?s={search_term_string}\"},\"query-input\":{\"@type\":\"PropertyValueSpecification\",\"valueRequired\":true,\"valueName\":\"search_term_string\"}}],\"inLanguage\":\"es\"},{\"@type\":\"Organization\",\"@id\":\"https:\/\/letrame.com\/catalogo\/#organization\",\"name\":\"Catalogo | Letrame Grupo Editorial\",\"url\":\"https:\/\/letrame.com\/catalogo\/\",\"logo\":{\"@type\":\"ImageObject\",\"inLanguage\":\"es\",\"@id\":\"https:\/\/letrame.com\/catalogo\/#\/schema\/logo\/image\/\",\"url\":\"https:\/\/letrame.com\/catalogo\/wp-content\/uploads\/2024\/03\/logo2.webp\",\"contentUrl\":\"https:\/\/letrame.com\/catalogo\/wp-content\/uploads\/2024\/03\/logo2.webp\",\"width\":394,\"height\":128,\"caption\":\"Catalogo | Letrame Grupo Editorial\"},\"image\":{\"@id\":\"https:\/\/letrame.com\/catalogo\/#\/schema\/logo\/image\/\"}}]}<\/script>\n<!-- \/ Yoast SEO plugin. -->","yoast_head_json":{"title":"El sistema 11. Segunda Edici\u00f3n - Catalogo | Letrame Grupo Editorial","robots":{"index":"index","follow":"follow","max-snippet":"max-snippet:-1","max-image-preview":"max-image-preview:large","max-video-preview":"max-video-preview:-1"},"canonical":"https:\/\/letrame.com\/catalogo\/producto\/el-sistema-11-segunda-edicion\/","og_locale":"es_ES","og_type":"article","og_title":"El sistema 11. Segunda Edici\u00f3n - Catalogo | Letrame Grupo Editorial","og_description":"ISBN: 9788418585401 T\u00edtulo: El sistema 11. Segunda Edici\u00f3n Fecha: 2025 P\u00e1ginas: 374 SINOPSIS El Sistema 11 oficialmente no existe, pero es todo cuanto rige el presente, el pasado y el futuro del mundo. Cualquier organizaci\u00f3n de la que has o\u00eddo hablar no es m\u00e1s que una cortina de humo hecha por los mismos miembros del sistema que gobierna la Tierra: a unos les mantienen enga\u00f1ados por descre\u00eddos; a otros, porque desesperados, se aferran a la propuesta oficial; al resto, los atrapan con falsos mitos de clubs de acaudalados, mientras el verdadero poder nos maneja a su antojo. Todos formamos parte de la partida, pero no del juego, y nadie te ha preguntado si est\u00e1s de acuerdo, ni lo har\u00e1. No hay escapatoria posible. El tablero est\u00e1 instalado y la partida sigue su curso imparable, intocable, inalterable. \u00bfO tal vez no?","og_url":"https:\/\/letrame.com\/catalogo\/producto\/el-sistema-11-segunda-edicion\/","og_site_name":"Catalogo | Letrame Grupo Editorial","article_modified_time":"2026-02-24T15:49:57+00:00","og_image":[{"width":1746,"height":2560,"url":"https:\/\/letrame.com\/catalogo\/wp-content\/uploads\/2026\/02\/portadacatalogosegundaedicionjpg-scaled.jpg","type":"image\/jpeg"}],"twitter_card":"summary_large_image","twitter_misc":{"Tiempo de lectura":"1 minuto"},"schema":{"@context":"https:\/\/schema.org","@graph":[{"@type":"WebPage","@id":"https:\/\/letrame.com\/catalogo\/producto\/el-sistema-11-segunda-edicion\/","url":"https:\/\/letrame.com\/catalogo\/producto\/el-sistema-11-segunda-edicion\/","name":"El sistema 11. Segunda Edici\u00f3n - Catalogo | Letrame Grupo Editorial","isPartOf":{"@id":"https:\/\/letrame.com\/catalogo\/#website"},"primaryImageOfPage":{"@id":"https:\/\/letrame.com\/catalogo\/producto\/el-sistema-11-segunda-edicion\/#primaryimage"},"image":{"@id":"https:\/\/letrame.com\/catalogo\/producto\/el-sistema-11-segunda-edicion\/#primaryimage"},"thumbnailUrl":"https:\/\/letrame.com\/catalogo\/wp-content\/uploads\/2026\/02\/portadacatalogosegundaedicionjpg-scaled.jpg","datePublished":"2026-02-24T15:49:56+00:00","dateModified":"2026-02-24T15:49:57+00:00","breadcrumb":{"@id":"https:\/\/letrame.com\/catalogo\/producto\/el-sistema-11-segunda-edicion\/#breadcrumb"},"inLanguage":"es","potentialAction":[{"@type":"ReadAction","target":["https:\/\/letrame.com\/catalogo\/producto\/el-sistema-11-segunda-edicion\/"]}]},{"@type":"ImageObject","inLanguage":"es","@id":"https:\/\/letrame.com\/catalogo\/producto\/el-sistema-11-segunda-edicion\/#primaryimage","url":"https:\/\/letrame.com\/catalogo\/wp-content\/uploads\/2026\/02\/portadacatalogosegundaedicionjpg-scaled.jpg","contentUrl":"https:\/\/letrame.com\/catalogo\/wp-content\/uploads\/2026\/02\/portadacatalogosegundaedicionjpg-scaled.jpg","width":1746,"height":2560},{"@type":"BreadcrumbList","@id":"https:\/\/letrame.com\/catalogo\/producto\/el-sistema-11-segunda-edicion\/#breadcrumb","itemListElement":[{"@type":"ListItem","position":1,"name":"Portada","item":"https:\/\/letrame.com\/catalogo\/"},{"@type":"ListItem","position":2,"name":"Cat\u00e1logo","item":"https:\/\/letrame.com\/catalogo\/"},{"@type":"ListItem","position":3,"name":"El sistema 11. Segunda Edici\u00f3n"}]},{"@type":"WebSite","@id":"https:\/\/letrame.com\/catalogo\/#website","url":"https:\/\/letrame.com\/catalogo\/","name":"Catalogo | Letrame Grupo Editorial","description":"","publisher":{"@id":"https:\/\/letrame.com\/catalogo\/#organization"},"potentialAction":[{"@type":"SearchAction","target":{"@type":"EntryPoint","urlTemplate":"https:\/\/letrame.com\/catalogo\/?s={search_term_string}"},"query-input":{"@type":"PropertyValueSpecification","valueRequired":true,"valueName":"search_term_string"}}],"inLanguage":"es"},{"@type":"Organization","@id":"https:\/\/letrame.com\/catalogo\/#organization","name":"Catalogo | Letrame Grupo Editorial","url":"https:\/\/letrame.com\/catalogo\/","logo":{"@type":"ImageObject","inLanguage":"es","@id":"https:\/\/letrame.com\/catalogo\/#\/schema\/logo\/image\/","url":"https:\/\/letrame.com\/catalogo\/wp-content\/uploads\/2024\/03\/logo2.webp","contentUrl":"https:\/\/letrame.com\/catalogo\/wp-content\/uploads\/2024\/03\/logo2.webp","width":394,"height":128,"caption":"Catalogo | Letrame Grupo Editorial"},"image":{"@id":"https:\/\/letrame.com\/catalogo\/#\/schema\/logo\/image\/"}}]}},"_links":{"self":[{"href":"https:\/\/letrame.com\/catalogo\/wp-json\/wp\/v2\/product\/111147","targetHints":{"allow":["GET"]}}],"collection":[{"href":"https:\/\/letrame.com\/catalogo\/wp-json\/wp\/v2\/product"}],"about":[{"href":"https:\/\/letrame.com\/catalogo\/wp-json\/wp\/v2\/types\/product"}],"replies":[{"embeddable":true,"href":"https:\/\/letrame.com\/catalogo\/wp-json\/wp\/v2\/comments?post=111147"}],"acf:post":[{"embeddable":true,"href":"https:\/\/letrame.com\/catalogo\/wp-json\/wp\/v2\/author_book\/74830"}],"wp:featuredmedia":[{"embeddable":true,"href":"https:\/\/letrame.com\/catalogo\/wp-json\/wp\/v2\/media\/111148"}],"wp:attachment":[{"href":"https:\/\/letrame.com\/catalogo\/wp-json\/wp\/v2\/media?parent=111147"}],"wp:term":[{"taxonomy":"libro","embeddable":true,"href":"https:\/\/letrame.com\/catalogo\/wp-json\/wp\/v2\/libro?post=111147"},{"taxonomy":"product_brand","embeddable":true,"href":"https:\/\/letrame.com\/catalogo\/wp-json\/wp\/v2\/product_brand?post=111147"},{"taxonomy":"product_cat","embeddable":true,"href":"https:\/\/letrame.com\/catalogo\/wp-json\/wp\/v2\/product_cat?post=111147"},{"taxonomy":"product_tag","embeddable":true,"href":"https:\/\/letrame.com\/catalogo\/wp-json\/wp\/v2\/product_tag?post=111147"}],"curies":[{"name":"wp","href":"https:\/\/api.w.org\/{rel}","templated":true}]}}