{"id":111142,"date":"2026-02-24T16:40:07","date_gmt":"2026-02-24T15:40:07","guid":{"rendered":"https:\/\/letrame.com\/catalogo\/?post_type=product&#038;p=111142"},"modified":"2026-02-24T16:40:08","modified_gmt":"2026-02-24T15:40:08","slug":"camino-a-la-eternidad","status":"publish","type":"product","link":"https:\/\/letrame.com\/catalogo\/producto\/camino-a-la-eternidad\/","title":{"rendered":"Camino a la eternidad"},"content":{"rendered":"<p class=\"p1\"><b>ISBN: 9791370294557<\/b><b><\/b><\/p>\n<p class=\"p1\"><b>T\u00edtulo: <span data-sheets-root=\"1\">Camino a la eternidad <\/span><\/b><br \/>\n<b>Fecha: 2025<\/b><br \/>\n<b>P\u00e1ginas: 328<\/b><b><\/b><\/p>\n<p class=\"p1\"><b>SINOPSIS<\/b><\/p>\n<p class=\"p1\">Un hombre que ya no existe avanza hacia Sudam\u00e9rica en un barco donde la supervivencia es una carrera silenciosa y brutal. Su nombre ahora es Enzo L\u00f3pez-Gatell, la identidad que recibi\u00f3 a cambio de aceptar una oferta millonaria y siete misiones que lo arrastraron por medio planeta sin saber nunca para qui\u00e9n trabajaba ni qu\u00e9 prop\u00f3sito oculto serv\u00eda.<\/p>\n<p class=\"p1\">Durante meses cumpli\u00f3 encargos que desafiaron su moral, su salud mental y su propia humanidad. Ahora, cuatro meses despu\u00e9s de la \u00faltima misi\u00f3n, encerrado entre motores que devoran hombres y pasillos donde nadie habla, empieza a comprender que su final no depende de llegar vivo al puerto&#8230; sino de descubrir por qu\u00e9 lo eligieron.<\/p>\n<p class=\"p1\">Cuando el barco toque tierra, la verdad que ha intentado esquivar saldr\u00e1 a su encuentro. Y el precio de saberla podr\u00eda ser m\u00e1s alto que cualquiera de las tareas que ya ejecut\u00f3.<\/p>\n<p class=\"p1\">Ignacio S\u00e1nchez firma un thriller oscuro y adictivo sobre identidad, poder y la peligrosa ambici\u00f3n de quienes creen que pueden reinventarse a cualquier coste.<\/p>\n","protected":false},"excerpt":{"rendered":"<p class=\"p1\"><b>ISBN: 9791370294557<\/b><b><\/b><\/p>\n<p class=\"p1\"><b>SINOPSIS<\/b><\/p>\n<p class=\"p1\">Un hombre que ya no existe avanza hacia Sudam\u00e9rica en un barco donde la supervivencia es una carrera silenciosa y brutal. Su nombre ahora es Enzo L\u00f3pez-Gatell, la identidad que recibi\u00f3 a cambio de aceptar una oferta millonaria y siete misiones que lo arrastraron por medio planeta sin saber nunca para qui\u00e9n trabajaba ni qu\u00e9 prop\u00f3sito oculto serv\u00eda.<\/p>\n<p class=\"p1\">Durante meses cumpli\u00f3 encargos que desafiaron su moral, su salud mental y su propia humanidad. Ahora, cuatro meses despu\u00e9s de la \u00faltima misi\u00f3n, encerrado entre motores que devoran hombres y pasillos donde nadie habla, empieza a comprender que su final no depende de llegar vivo al puerto&#8230; sino de descubrir por qu\u00e9 lo eligieron.<\/p>\n<p class=\"p1\">Cuando el barco toque tierra, la verdad que ha intentado esquivar saldr\u00e1 a su encuentro. Y el precio de saberla podr\u00eda ser m\u00e1s alto que cualquiera de las tareas que ya ejecut\u00f3.<\/p>\n<p class=\"p1\">Ignacio S\u00e1nchez firma un thriller oscuro y adictivo sobre identidad, poder y la peligrosa ambici\u00f3n de quienes creen que pueden reinventarse a cualquier coste.<\/p>\n","protected":false},"featured_media":111146,"comment_status":"open","ping_status":"closed","template":"","meta":{"_acf_changed":false},"libro":[],"product_brand":[],"product_cat":[141],"product_tag":[],"class_list":{"0":"post-111142","1":"product","2":"type-product","3":"status-publish","4":"has-post-thumbnail","6":"product_cat-ficcion","8":"first","9":"instock","10":"shipping-taxable","11":"product-type-simple"},"acf":{"autor":[111143],"enlace_de_compra":"https:\/\/amzn.to\/3OFRp7B"},"yoast_head":"<!-- This site is optimized with the Yoast SEO plugin v27.4 - https:\/\/yoast.com\/product\/yoast-seo-wordpress\/ -->\n<title>Camino a la eternidad - Catalogo | Letrame Grupo Editorial<\/title>\n<meta name=\"robots\" content=\"index, follow, max-snippet:-1, max-image-preview:large, max-video-preview:-1\" \/>\n<link rel=\"canonical\" href=\"https:\/\/letrame.com\/catalogo\/producto\/camino-a-la-eternidad\/\" \/>\n<meta property=\"og:locale\" content=\"es_ES\" \/>\n<meta property=\"og:type\" content=\"article\" \/>\n<meta property=\"og:title\" content=\"Camino a la eternidad - Catalogo | Letrame Grupo Editorial\" \/>\n<meta property=\"og:description\" content=\"ISBN: 9791370294557 SINOPSIS Un hombre que ya no existe avanza hacia Sudam\u00e9rica en un barco donde la supervivencia es una carrera silenciosa y brutal. Su nombre ahora es Enzo L\u00f3pez-Gatell, la identidad que recibi\u00f3 a cambio de aceptar una oferta millonaria y siete misiones que lo arrastraron por medio planeta sin saber nunca para qui\u00e9n trabajaba ni qu\u00e9 prop\u00f3sito oculto serv\u00eda. Durante meses cumpli\u00f3 encargos que desafiaron su moral, su salud mental y su propia humanidad. Ahora, cuatro meses despu\u00e9s de la \u00faltima misi\u00f3n, encerrado entre motores que devoran hombres y pasillos donde nadie habla, empieza a comprender que su final no depende de llegar vivo al puerto... sino de descubrir por qu\u00e9 lo eligieron. Cuando el barco toque tierra, la verdad que ha intentado esquivar saldr\u00e1 a su encuentro. Y el precio de saberla podr\u00eda ser m\u00e1s alto que cualquiera de las tareas que ya ejecut\u00f3. Ignacio S\u00e1nchez firma un thriller oscuro y adictivo sobre identidad, poder y la peligrosa ambici\u00f3n de quienes creen que pueden reinventarse a cualquier coste.\" \/>\n<meta property=\"og:url\" content=\"https:\/\/letrame.com\/catalogo\/producto\/camino-a-la-eternidad\/\" \/>\n<meta property=\"og:site_name\" content=\"Catalogo | Letrame Grupo Editorial\" \/>\n<meta property=\"article:modified_time\" content=\"2026-02-24T15:40:08+00:00\" \/>\n<meta property=\"og:image\" content=\"https:\/\/letrame.com\/catalogo\/wp-content\/uploads\/2026\/02\/portadacatalogo-7-scaled.jpg\" \/>\n\t<meta property=\"og:image:width\" content=\"1745\" \/>\n\t<meta property=\"og:image:height\" content=\"2560\" \/>\n\t<meta property=\"og:image:type\" content=\"image\/jpeg\" \/>\n<meta name=\"twitter:card\" content=\"summary_large_image\" \/>\n<meta name=\"twitter:label1\" content=\"Tiempo de lectura\" \/>\n\t<meta name=\"twitter:data1\" content=\"2 minutos\" \/>\n<script type=\"application\/ld+json\" class=\"yoast-schema-graph\">{\"@context\":\"https:\\\/\\\/schema.org\",\"@graph\":[{\"@type\":\"WebPage\",\"@id\":\"https:\\\/\\\/letrame.com\\\/catalogo\\\/producto\\\/camino-a-la-eternidad\\\/\",\"url\":\"https:\\\/\\\/letrame.com\\\/catalogo\\\/producto\\\/camino-a-la-eternidad\\\/\",\"name\":\"Camino a la eternidad - Catalogo | Letrame Grupo Editorial\",\"isPartOf\":{\"@id\":\"https:\\\/\\\/letrame.com\\\/catalogo\\\/#website\"},\"primaryImageOfPage\":{\"@id\":\"https:\\\/\\\/letrame.com\\\/catalogo\\\/producto\\\/camino-a-la-eternidad\\\/#primaryimage\"},\"image\":{\"@id\":\"https:\\\/\\\/letrame.com\\\/catalogo\\\/producto\\\/camino-a-la-eternidad\\\/#primaryimage\"},\"thumbnailUrl\":\"https:\\\/\\\/letrame.com\\\/catalogo\\\/wp-content\\\/uploads\\\/2026\\\/02\\\/portadacatalogo-7-scaled.jpg\",\"datePublished\":\"2026-02-24T15:40:07+00:00\",\"dateModified\":\"2026-02-24T15:40:08+00:00\",\"breadcrumb\":{\"@id\":\"https:\\\/\\\/letrame.com\\\/catalogo\\\/producto\\\/camino-a-la-eternidad\\\/#breadcrumb\"},\"inLanguage\":\"es\",\"potentialAction\":[{\"@type\":\"ReadAction\",\"target\":[\"https:\\\/\\\/letrame.com\\\/catalogo\\\/producto\\\/camino-a-la-eternidad\\\/\"]}]},{\"@type\":\"ImageObject\",\"inLanguage\":\"es\",\"@id\":\"https:\\\/\\\/letrame.com\\\/catalogo\\\/producto\\\/camino-a-la-eternidad\\\/#primaryimage\",\"url\":\"https:\\\/\\\/letrame.com\\\/catalogo\\\/wp-content\\\/uploads\\\/2026\\\/02\\\/portadacatalogo-7-scaled.jpg\",\"contentUrl\":\"https:\\\/\\\/letrame.com\\\/catalogo\\\/wp-content\\\/uploads\\\/2026\\\/02\\\/portadacatalogo-7-scaled.jpg\",\"width\":1745,\"height\":2560},{\"@type\":\"BreadcrumbList\",\"@id\":\"https:\\\/\\\/letrame.com\\\/catalogo\\\/producto\\\/camino-a-la-eternidad\\\/#breadcrumb\",\"itemListElement\":[{\"@type\":\"ListItem\",\"position\":1,\"name\":\"Portada\",\"item\":\"https:\\\/\\\/letrame.com\\\/catalogo\\\/\"},{\"@type\":\"ListItem\",\"position\":2,\"name\":\"Cat\u00e1logo\",\"item\":\"https:\\\/\\\/letrame.com\\\/catalogo\\\/\"},{\"@type\":\"ListItem\",\"position\":3,\"name\":\"Camino a la eternidad\"}]},{\"@type\":\"WebSite\",\"@id\":\"https:\\\/\\\/letrame.com\\\/catalogo\\\/#website\",\"url\":\"https:\\\/\\\/letrame.com\\\/catalogo\\\/\",\"name\":\"Catalogo | Letrame Grupo Editorial\",\"description\":\"\",\"publisher\":{\"@id\":\"https:\\\/\\\/letrame.com\\\/catalogo\\\/#organization\"},\"potentialAction\":[{\"@type\":\"SearchAction\",\"target\":{\"@type\":\"EntryPoint\",\"urlTemplate\":\"https:\\\/\\\/letrame.com\\\/catalogo\\\/?s={search_term_string}\"},\"query-input\":{\"@type\":\"PropertyValueSpecification\",\"valueRequired\":true,\"valueName\":\"search_term_string\"}}],\"inLanguage\":\"es\"},{\"@type\":\"Organization\",\"@id\":\"https:\\\/\\\/letrame.com\\\/catalogo\\\/#organization\",\"name\":\"Catalogo | Letrame Grupo Editorial\",\"url\":\"https:\\\/\\\/letrame.com\\\/catalogo\\\/\",\"logo\":{\"@type\":\"ImageObject\",\"inLanguage\":\"es\",\"@id\":\"https:\\\/\\\/letrame.com\\\/catalogo\\\/#\\\/schema\\\/logo\\\/image\\\/\",\"url\":\"https:\\\/\\\/letrame.com\\\/catalogo\\\/wp-content\\\/uploads\\\/2024\\\/03\\\/logo2.webp\",\"contentUrl\":\"https:\\\/\\\/letrame.com\\\/catalogo\\\/wp-content\\\/uploads\\\/2024\\\/03\\\/logo2.webp\",\"width\":394,\"height\":128,\"caption\":\"Catalogo | Letrame Grupo Editorial\"},\"image\":{\"@id\":\"https:\\\/\\\/letrame.com\\\/catalogo\\\/#\\\/schema\\\/logo\\\/image\\\/\"}}]}<\/script>\n<!-- \/ Yoast SEO plugin. -->","yoast_head_json":{"title":"Camino a la eternidad - Catalogo | Letrame Grupo Editorial","robots":{"index":"index","follow":"follow","max-snippet":"max-snippet:-1","max-image-preview":"max-image-preview:large","max-video-preview":"max-video-preview:-1"},"canonical":"https:\/\/letrame.com\/catalogo\/producto\/camino-a-la-eternidad\/","og_locale":"es_ES","og_type":"article","og_title":"Camino a la eternidad - Catalogo | Letrame Grupo Editorial","og_description":"ISBN: 9791370294557 SINOPSIS Un hombre que ya no existe avanza hacia Sudam\u00e9rica en un barco donde la supervivencia es una carrera silenciosa y brutal. Su nombre ahora es Enzo L\u00f3pez-Gatell, la identidad que recibi\u00f3 a cambio de aceptar una oferta millonaria y siete misiones que lo arrastraron por medio planeta sin saber nunca para qui\u00e9n trabajaba ni qu\u00e9 prop\u00f3sito oculto serv\u00eda. Durante meses cumpli\u00f3 encargos que desafiaron su moral, su salud mental y su propia humanidad. Ahora, cuatro meses despu\u00e9s de la \u00faltima misi\u00f3n, encerrado entre motores que devoran hombres y pasillos donde nadie habla, empieza a comprender que su final no depende de llegar vivo al puerto... sino de descubrir por qu\u00e9 lo eligieron. Cuando el barco toque tierra, la verdad que ha intentado esquivar saldr\u00e1 a su encuentro. Y el precio de saberla podr\u00eda ser m\u00e1s alto que cualquiera de las tareas que ya ejecut\u00f3. Ignacio S\u00e1nchez firma un thriller oscuro y adictivo sobre identidad, poder y la peligrosa ambici\u00f3n de quienes creen que pueden reinventarse a cualquier coste.","og_url":"https:\/\/letrame.com\/catalogo\/producto\/camino-a-la-eternidad\/","og_site_name":"Catalogo | Letrame Grupo Editorial","article_modified_time":"2026-02-24T15:40:08+00:00","og_image":[{"width":1745,"height":2560,"url":"https:\/\/letrame.com\/catalogo\/wp-content\/uploads\/2026\/02\/portadacatalogo-7-scaled.jpg","type":"image\/jpeg"}],"twitter_card":"summary_large_image","twitter_misc":{"Tiempo de lectura":"2 minutos"},"schema":{"@context":"https:\/\/schema.org","@graph":[{"@type":"WebPage","@id":"https:\/\/letrame.com\/catalogo\/producto\/camino-a-la-eternidad\/","url":"https:\/\/letrame.com\/catalogo\/producto\/camino-a-la-eternidad\/","name":"Camino a la eternidad - Catalogo | Letrame Grupo Editorial","isPartOf":{"@id":"https:\/\/letrame.com\/catalogo\/#website"},"primaryImageOfPage":{"@id":"https:\/\/letrame.com\/catalogo\/producto\/camino-a-la-eternidad\/#primaryimage"},"image":{"@id":"https:\/\/letrame.com\/catalogo\/producto\/camino-a-la-eternidad\/#primaryimage"},"thumbnailUrl":"https:\/\/letrame.com\/catalogo\/wp-content\/uploads\/2026\/02\/portadacatalogo-7-scaled.jpg","datePublished":"2026-02-24T15:40:07+00:00","dateModified":"2026-02-24T15:40:08+00:00","breadcrumb":{"@id":"https:\/\/letrame.com\/catalogo\/producto\/camino-a-la-eternidad\/#breadcrumb"},"inLanguage":"es","potentialAction":[{"@type":"ReadAction","target":["https:\/\/letrame.com\/catalogo\/producto\/camino-a-la-eternidad\/"]}]},{"@type":"ImageObject","inLanguage":"es","@id":"https:\/\/letrame.com\/catalogo\/producto\/camino-a-la-eternidad\/#primaryimage","url":"https:\/\/letrame.com\/catalogo\/wp-content\/uploads\/2026\/02\/portadacatalogo-7-scaled.jpg","contentUrl":"https:\/\/letrame.com\/catalogo\/wp-content\/uploads\/2026\/02\/portadacatalogo-7-scaled.jpg","width":1745,"height":2560},{"@type":"BreadcrumbList","@id":"https:\/\/letrame.com\/catalogo\/producto\/camino-a-la-eternidad\/#breadcrumb","itemListElement":[{"@type":"ListItem","position":1,"name":"Portada","item":"https:\/\/letrame.com\/catalogo\/"},{"@type":"ListItem","position":2,"name":"Cat\u00e1logo","item":"https:\/\/letrame.com\/catalogo\/"},{"@type":"ListItem","position":3,"name":"Camino a la eternidad"}]},{"@type":"WebSite","@id":"https:\/\/letrame.com\/catalogo\/#website","url":"https:\/\/letrame.com\/catalogo\/","name":"Catalogo | Letrame Grupo Editorial","description":"","publisher":{"@id":"https:\/\/letrame.com\/catalogo\/#organization"},"potentialAction":[{"@type":"SearchAction","target":{"@type":"EntryPoint","urlTemplate":"https:\/\/letrame.com\/catalogo\/?s={search_term_string}"},"query-input":{"@type":"PropertyValueSpecification","valueRequired":true,"valueName":"search_term_string"}}],"inLanguage":"es"},{"@type":"Organization","@id":"https:\/\/letrame.com\/catalogo\/#organization","name":"Catalogo | Letrame Grupo Editorial","url":"https:\/\/letrame.com\/catalogo\/","logo":{"@type":"ImageObject","inLanguage":"es","@id":"https:\/\/letrame.com\/catalogo\/#\/schema\/logo\/image\/","url":"https:\/\/letrame.com\/catalogo\/wp-content\/uploads\/2024\/03\/logo2.webp","contentUrl":"https:\/\/letrame.com\/catalogo\/wp-content\/uploads\/2024\/03\/logo2.webp","width":394,"height":128,"caption":"Catalogo | Letrame Grupo Editorial"},"image":{"@id":"https:\/\/letrame.com\/catalogo\/#\/schema\/logo\/image\/"}}]}},"_links":{"self":[{"href":"https:\/\/letrame.com\/catalogo\/wp-json\/wp\/v2\/product\/111142","targetHints":{"allow":["GET"]}}],"collection":[{"href":"https:\/\/letrame.com\/catalogo\/wp-json\/wp\/v2\/product"}],"about":[{"href":"https:\/\/letrame.com\/catalogo\/wp-json\/wp\/v2\/types\/product"}],"replies":[{"embeddable":true,"href":"https:\/\/letrame.com\/catalogo\/wp-json\/wp\/v2\/comments?post=111142"}],"acf:post":[{"embeddable":true,"href":"https:\/\/letrame.com\/catalogo\/wp-json\/wp\/v2\/author_book\/111143"}],"wp:featuredmedia":[{"embeddable":true,"href":"https:\/\/letrame.com\/catalogo\/wp-json\/wp\/v2\/media\/111146"}],"wp:attachment":[{"href":"https:\/\/letrame.com\/catalogo\/wp-json\/wp\/v2\/media?parent=111142"}],"wp:term":[{"taxonomy":"libro","embeddable":true,"href":"https:\/\/letrame.com\/catalogo\/wp-json\/wp\/v2\/libro?post=111142"},{"taxonomy":"product_brand","embeddable":true,"href":"https:\/\/letrame.com\/catalogo\/wp-json\/wp\/v2\/product_brand?post=111142"},{"taxonomy":"product_cat","embeddable":true,"href":"https:\/\/letrame.com\/catalogo\/wp-json\/wp\/v2\/product_cat?post=111142"},{"taxonomy":"product_tag","embeddable":true,"href":"https:\/\/letrame.com\/catalogo\/wp-json\/wp\/v2\/product_tag?post=111142"}],"curies":[{"name":"wp","href":"https:\/\/api.w.org\/{rel}","templated":true}]}}