{"id":111140,"date":"2026-02-24T16:30:25","date_gmt":"2026-02-24T15:30:25","guid":{"rendered":"https:\/\/letrame.com\/catalogo\/?post_type=product&#038;p=111140"},"modified":"2026-02-24T16:30:25","modified_gmt":"2026-02-24T15:30:25","slug":"el-cristal-verde-2","status":"publish","type":"product","link":"https:\/\/letrame.com\/catalogo\/producto\/el-cristal-verde-2\/","title":{"rendered":"El cristal verde"},"content":{"rendered":"<p class=\"p1\"><b>ISBN: 9791370294441<\/b><b><\/b><\/p>\n<p class=\"p1\"><b>T\u00edtulo: El cristal verde<\/b><br \/>\n<b>Fecha: 2025<\/b><br \/>\n<b>P\u00e1ginas: 430<\/b><b><\/b><\/p>\n<p class=\"p1\"><b>SINOPSIS<\/b><\/p>\n<p class=\"p1\">Esta novela se presenta de manera original mezclando la ciencia ficci\u00f3n, el misterio y la inteligencia emocional.<\/p>\n<p class=\"p1\">Luc\u00eda es una mujer inteligente, racional y con su vida ya resuelta. Lo que jam\u00e1s podr\u00eda imaginar es el cambio radical al que se enfrenta con la recepci\u00f3n de unos misteriosos paquetes cuyo remitente es su mejor amigo de la infancia, Roberto. El descubrimiento de las extraordinarias propiedades de dichos paquetes impulsar\u00e1 a Luc\u00eda a embarcarse en la mayor aventura de su vida. Para ello contar\u00e1 con un peculiar grupo de amigos con los que intentar\u00e1 descubrir la inexplicable desaparici\u00f3n de su compa\u00f1ero de colegio.<\/p>\n<p class=\"p1\">Este ser\u00e1 un viaje de descubrimiento interior y aventuras sobrenaturales donde se tendr\u00e1n que enfrentar a situaciones jam\u00e1s imaginadas por ninguno de los elegidos a formar parte de esta extra\u00f1a \u00abSociedad\u00bb.<\/p>\n<p class=\"p1\">En esencia, la historia es un poderoso recordatorio sobre la conexi\u00f3n emocional y la fuerza del amor y la uni\u00f3n. A trav\u00e9s de su estilo directo y su ritmo \u00e1gil, la novela invita a los lectores a creer en la energ\u00eda del grupo y la confianza en uno mismo.<\/p>\n<p class=\"p1\">\u00bfPodr\u00e1n estos nuevos compa\u00f1eros dominar el poder que han encontrado antes de que caiga en manos equivocadas?<\/p>\n","protected":false},"excerpt":{"rendered":"<p class=\"p1\"><b>ISBN: 9791370294441<\/b><b><\/b><\/p>\n<p class=\"p1\"><b>SINOPSIS<\/b><\/p>\n<p class=\"p1\">Esta novela se presenta de manera original mezclando la ciencia ficci\u00f3n, el misterio y la inteligencia emocional.<\/p>\n<p class=\"p1\">Luc\u00eda es una mujer inteligente, racional y con su vida ya resuelta. Lo que jam\u00e1s podr\u00eda imaginar es el cambio radical al que se enfrenta con la recepci\u00f3n de unos misteriosos paquetes cuyo remitente es su mejor amigo de la infancia, Roberto. El descubrimiento de las extraordinarias propiedades de dichos paquetes impulsar\u00e1 a Luc\u00eda a embarcarse en la mayor aventura de su vida. Para ello contar\u00e1 con un peculiar grupo de amigos con los que intentar\u00e1 descubrir la inexplicable desaparici\u00f3n de su compa\u00f1ero de colegio.<\/p>\n<p class=\"p1\">Este ser\u00e1 un viaje de descubrimiento interior y aventuras sobrenaturales donde se tendr\u00e1n que enfrentar a situaciones jam\u00e1s imaginadas por ninguno de los elegidos a formar parte de esta extra\u00f1a \u00abSociedad\u00bb.<\/p>\n<p class=\"p1\">En esencia, la historia es un poderoso recordatorio sobre la conexi\u00f3n emocional y la fuerza del amor y la uni\u00f3n. A trav\u00e9s de su estilo directo y su ritmo \u00e1gil, la novela invita a los lectores a creer en la energ\u00eda del grupo y la confianza en uno mismo.<\/p>\n<p class=\"p1\">\u00bfPodr\u00e1n estos nuevos compa\u00f1eros dominar el poder que han encontrado antes de que caiga en manos equivocadas?<\/p>\n","protected":false},"featured_media":111141,"comment_status":"open","ping_status":"closed","template":"","meta":{"_acf_changed":false},"libro":[],"product_brand":[],"product_cat":[47],"product_tag":[],"class_list":{"0":"post-111140","1":"product","2":"type-product","3":"status-publish","4":"has-post-thumbnail","6":"product_cat-ciencia-ficcion-misterio","8":"first","9":"instock","10":"shipping-taxable","11":"product-type-simple"},"acf":{"autor":[110868],"enlace_de_compra":"https:\/\/amzn.to\/4b89TGA"},"yoast_head":"<!-- This site is optimized with the Yoast SEO plugin v26.6 - https:\/\/yoast.com\/wordpress\/plugins\/seo\/ -->\n<title>El cristal verde - Catalogo | Letrame Grupo Editorial<\/title>\n<meta name=\"robots\" content=\"index, follow, max-snippet:-1, max-image-preview:large, max-video-preview:-1\" \/>\n<link rel=\"canonical\" href=\"https:\/\/letrame.com\/catalogo\/producto\/el-cristal-verde-2\/\" \/>\n<meta property=\"og:locale\" content=\"es_ES\" \/>\n<meta property=\"og:type\" content=\"article\" \/>\n<meta property=\"og:title\" content=\"El cristal verde - Catalogo | Letrame Grupo Editorial\" \/>\n<meta property=\"og:description\" content=\"ISBN: 9791370294441 SINOPSIS Esta novela se presenta de manera original mezclando la ciencia ficci\u00f3n, el misterio y la inteligencia emocional. Luc\u00eda es una mujer inteligente, racional y con su vida ya resuelta. Lo que jam\u00e1s podr\u00eda imaginar es el cambio radical al que se enfrenta con la recepci\u00f3n de unos misteriosos paquetes cuyo remitente es su mejor amigo de la infancia, Roberto. El descubrimiento de las extraordinarias propiedades de dichos paquetes impulsar\u00e1 a Luc\u00eda a embarcarse en la mayor aventura de su vida. Para ello contar\u00e1 con un peculiar grupo de amigos con los que intentar\u00e1 descubrir la inexplicable desaparici\u00f3n de su compa\u00f1ero de colegio. Este ser\u00e1 un viaje de descubrimiento interior y aventuras sobrenaturales donde se tendr\u00e1n que enfrentar a situaciones jam\u00e1s imaginadas por ninguno de los elegidos a formar parte de esta extra\u00f1a \u00abSociedad\u00bb. En esencia, la historia es un poderoso recordatorio sobre la conexi\u00f3n emocional y la fuerza del amor y la uni\u00f3n. A trav\u00e9s de su estilo directo y su ritmo \u00e1gil, la novela invita a los lectores a creer en la energ\u00eda del grupo y la confianza en uno mismo. \u00bfPodr\u00e1n estos nuevos compa\u00f1eros dominar el poder que han encontrado antes de que caiga en manos equivocadas?\" \/>\n<meta property=\"og:url\" content=\"https:\/\/letrame.com\/catalogo\/producto\/el-cristal-verde-2\/\" \/>\n<meta property=\"og:site_name\" content=\"Catalogo | Letrame Grupo Editorial\" \/>\n<meta property=\"og:image\" content=\"https:\/\/letrame.com\/catalogo\/wp-content\/uploads\/2026\/02\/portadacatalogo-6-scaled.jpg\" \/>\n\t<meta property=\"og:image:width\" content=\"1745\" \/>\n\t<meta property=\"og:image:height\" content=\"2560\" \/>\n\t<meta property=\"og:image:type\" content=\"image\/jpeg\" \/>\n<meta name=\"twitter:card\" content=\"summary_large_image\" \/>\n<meta name=\"twitter:label1\" content=\"Tiempo de lectura\" \/>\n\t<meta name=\"twitter:data1\" content=\"2 minutos\" \/>\n<script type=\"application\/ld+json\" class=\"yoast-schema-graph\">{\"@context\":\"https:\/\/schema.org\",\"@graph\":[{\"@type\":\"WebPage\",\"@id\":\"https:\/\/letrame.com\/catalogo\/producto\/el-cristal-verde-2\/\",\"url\":\"https:\/\/letrame.com\/catalogo\/producto\/el-cristal-verde-2\/\",\"name\":\"El cristal verde - Catalogo | Letrame Grupo Editorial\",\"isPartOf\":{\"@id\":\"https:\/\/letrame.com\/catalogo\/#website\"},\"primaryImageOfPage\":{\"@id\":\"https:\/\/letrame.com\/catalogo\/producto\/el-cristal-verde-2\/#primaryimage\"},\"image\":{\"@id\":\"https:\/\/letrame.com\/catalogo\/producto\/el-cristal-verde-2\/#primaryimage\"},\"thumbnailUrl\":\"https:\/\/letrame.com\/catalogo\/wp-content\/uploads\/2026\/02\/portadacatalogo-6-scaled.jpg\",\"datePublished\":\"2026-02-24T15:30:25+00:00\",\"breadcrumb\":{\"@id\":\"https:\/\/letrame.com\/catalogo\/producto\/el-cristal-verde-2\/#breadcrumb\"},\"inLanguage\":\"es\",\"potentialAction\":[{\"@type\":\"ReadAction\",\"target\":[\"https:\/\/letrame.com\/catalogo\/producto\/el-cristal-verde-2\/\"]}]},{\"@type\":\"ImageObject\",\"inLanguage\":\"es\",\"@id\":\"https:\/\/letrame.com\/catalogo\/producto\/el-cristal-verde-2\/#primaryimage\",\"url\":\"https:\/\/letrame.com\/catalogo\/wp-content\/uploads\/2026\/02\/portadacatalogo-6-scaled.jpg\",\"contentUrl\":\"https:\/\/letrame.com\/catalogo\/wp-content\/uploads\/2026\/02\/portadacatalogo-6-scaled.jpg\",\"width\":1745,\"height\":2560},{\"@type\":\"BreadcrumbList\",\"@id\":\"https:\/\/letrame.com\/catalogo\/producto\/el-cristal-verde-2\/#breadcrumb\",\"itemListElement\":[{\"@type\":\"ListItem\",\"position\":1,\"name\":\"Portada\",\"item\":\"https:\/\/letrame.com\/catalogo\/\"},{\"@type\":\"ListItem\",\"position\":2,\"name\":\"Cat\u00e1logo\",\"item\":\"https:\/\/letrame.com\/catalogo\/\"},{\"@type\":\"ListItem\",\"position\":3,\"name\":\"El cristal verde\"}]},{\"@type\":\"WebSite\",\"@id\":\"https:\/\/letrame.com\/catalogo\/#website\",\"url\":\"https:\/\/letrame.com\/catalogo\/\",\"name\":\"Catalogo | Letrame Grupo Editorial\",\"description\":\"\",\"publisher\":{\"@id\":\"https:\/\/letrame.com\/catalogo\/#organization\"},\"potentialAction\":[{\"@type\":\"SearchAction\",\"target\":{\"@type\":\"EntryPoint\",\"urlTemplate\":\"https:\/\/letrame.com\/catalogo\/?s={search_term_string}\"},\"query-input\":{\"@type\":\"PropertyValueSpecification\",\"valueRequired\":true,\"valueName\":\"search_term_string\"}}],\"inLanguage\":\"es\"},{\"@type\":\"Organization\",\"@id\":\"https:\/\/letrame.com\/catalogo\/#organization\",\"name\":\"Catalogo | Letrame Grupo Editorial\",\"url\":\"https:\/\/letrame.com\/catalogo\/\",\"logo\":{\"@type\":\"ImageObject\",\"inLanguage\":\"es\",\"@id\":\"https:\/\/letrame.com\/catalogo\/#\/schema\/logo\/image\/\",\"url\":\"https:\/\/letrame.com\/catalogo\/wp-content\/uploads\/2024\/03\/logo2.webp\",\"contentUrl\":\"https:\/\/letrame.com\/catalogo\/wp-content\/uploads\/2024\/03\/logo2.webp\",\"width\":394,\"height\":128,\"caption\":\"Catalogo | Letrame Grupo Editorial\"},\"image\":{\"@id\":\"https:\/\/letrame.com\/catalogo\/#\/schema\/logo\/image\/\"}}]}<\/script>\n<!-- \/ Yoast SEO plugin. -->","yoast_head_json":{"title":"El cristal verde - Catalogo | Letrame Grupo Editorial","robots":{"index":"index","follow":"follow","max-snippet":"max-snippet:-1","max-image-preview":"max-image-preview:large","max-video-preview":"max-video-preview:-1"},"canonical":"https:\/\/letrame.com\/catalogo\/producto\/el-cristal-verde-2\/","og_locale":"es_ES","og_type":"article","og_title":"El cristal verde - Catalogo | Letrame Grupo Editorial","og_description":"ISBN: 9791370294441 SINOPSIS Esta novela se presenta de manera original mezclando la ciencia ficci\u00f3n, el misterio y la inteligencia emocional. Luc\u00eda es una mujer inteligente, racional y con su vida ya resuelta. Lo que jam\u00e1s podr\u00eda imaginar es el cambio radical al que se enfrenta con la recepci\u00f3n de unos misteriosos paquetes cuyo remitente es su mejor amigo de la infancia, Roberto. El descubrimiento de las extraordinarias propiedades de dichos paquetes impulsar\u00e1 a Luc\u00eda a embarcarse en la mayor aventura de su vida. Para ello contar\u00e1 con un peculiar grupo de amigos con los que intentar\u00e1 descubrir la inexplicable desaparici\u00f3n de su compa\u00f1ero de colegio. Este ser\u00e1 un viaje de descubrimiento interior y aventuras sobrenaturales donde se tendr\u00e1n que enfrentar a situaciones jam\u00e1s imaginadas por ninguno de los elegidos a formar parte de esta extra\u00f1a \u00abSociedad\u00bb. En esencia, la historia es un poderoso recordatorio sobre la conexi\u00f3n emocional y la fuerza del amor y la uni\u00f3n. A trav\u00e9s de su estilo directo y su ritmo \u00e1gil, la novela invita a los lectores a creer en la energ\u00eda del grupo y la confianza en uno mismo. \u00bfPodr\u00e1n estos nuevos compa\u00f1eros dominar el poder que han encontrado antes de que caiga en manos equivocadas?","og_url":"https:\/\/letrame.com\/catalogo\/producto\/el-cristal-verde-2\/","og_site_name":"Catalogo | Letrame Grupo Editorial","og_image":[{"width":1745,"height":2560,"url":"https:\/\/letrame.com\/catalogo\/wp-content\/uploads\/2026\/02\/portadacatalogo-6-scaled.jpg","type":"image\/jpeg"}],"twitter_card":"summary_large_image","twitter_misc":{"Tiempo de lectura":"2 minutos"},"schema":{"@context":"https:\/\/schema.org","@graph":[{"@type":"WebPage","@id":"https:\/\/letrame.com\/catalogo\/producto\/el-cristal-verde-2\/","url":"https:\/\/letrame.com\/catalogo\/producto\/el-cristal-verde-2\/","name":"El cristal verde - Catalogo | Letrame Grupo Editorial","isPartOf":{"@id":"https:\/\/letrame.com\/catalogo\/#website"},"primaryImageOfPage":{"@id":"https:\/\/letrame.com\/catalogo\/producto\/el-cristal-verde-2\/#primaryimage"},"image":{"@id":"https:\/\/letrame.com\/catalogo\/producto\/el-cristal-verde-2\/#primaryimage"},"thumbnailUrl":"https:\/\/letrame.com\/catalogo\/wp-content\/uploads\/2026\/02\/portadacatalogo-6-scaled.jpg","datePublished":"2026-02-24T15:30:25+00:00","breadcrumb":{"@id":"https:\/\/letrame.com\/catalogo\/producto\/el-cristal-verde-2\/#breadcrumb"},"inLanguage":"es","potentialAction":[{"@type":"ReadAction","target":["https:\/\/letrame.com\/catalogo\/producto\/el-cristal-verde-2\/"]}]},{"@type":"ImageObject","inLanguage":"es","@id":"https:\/\/letrame.com\/catalogo\/producto\/el-cristal-verde-2\/#primaryimage","url":"https:\/\/letrame.com\/catalogo\/wp-content\/uploads\/2026\/02\/portadacatalogo-6-scaled.jpg","contentUrl":"https:\/\/letrame.com\/catalogo\/wp-content\/uploads\/2026\/02\/portadacatalogo-6-scaled.jpg","width":1745,"height":2560},{"@type":"BreadcrumbList","@id":"https:\/\/letrame.com\/catalogo\/producto\/el-cristal-verde-2\/#breadcrumb","itemListElement":[{"@type":"ListItem","position":1,"name":"Portada","item":"https:\/\/letrame.com\/catalogo\/"},{"@type":"ListItem","position":2,"name":"Cat\u00e1logo","item":"https:\/\/letrame.com\/catalogo\/"},{"@type":"ListItem","position":3,"name":"El cristal verde"}]},{"@type":"WebSite","@id":"https:\/\/letrame.com\/catalogo\/#website","url":"https:\/\/letrame.com\/catalogo\/","name":"Catalogo | Letrame Grupo Editorial","description":"","publisher":{"@id":"https:\/\/letrame.com\/catalogo\/#organization"},"potentialAction":[{"@type":"SearchAction","target":{"@type":"EntryPoint","urlTemplate":"https:\/\/letrame.com\/catalogo\/?s={search_term_string}"},"query-input":{"@type":"PropertyValueSpecification","valueRequired":true,"valueName":"search_term_string"}}],"inLanguage":"es"},{"@type":"Organization","@id":"https:\/\/letrame.com\/catalogo\/#organization","name":"Catalogo | Letrame Grupo Editorial","url":"https:\/\/letrame.com\/catalogo\/","logo":{"@type":"ImageObject","inLanguage":"es","@id":"https:\/\/letrame.com\/catalogo\/#\/schema\/logo\/image\/","url":"https:\/\/letrame.com\/catalogo\/wp-content\/uploads\/2024\/03\/logo2.webp","contentUrl":"https:\/\/letrame.com\/catalogo\/wp-content\/uploads\/2024\/03\/logo2.webp","width":394,"height":128,"caption":"Catalogo | Letrame Grupo Editorial"},"image":{"@id":"https:\/\/letrame.com\/catalogo\/#\/schema\/logo\/image\/"}}]}},"_links":{"self":[{"href":"https:\/\/letrame.com\/catalogo\/wp-json\/wp\/v2\/product\/111140","targetHints":{"allow":["GET"]}}],"collection":[{"href":"https:\/\/letrame.com\/catalogo\/wp-json\/wp\/v2\/product"}],"about":[{"href":"https:\/\/letrame.com\/catalogo\/wp-json\/wp\/v2\/types\/product"}],"replies":[{"embeddable":true,"href":"https:\/\/letrame.com\/catalogo\/wp-json\/wp\/v2\/comments?post=111140"}],"acf:post":[{"embeddable":true,"href":"https:\/\/letrame.com\/catalogo\/wp-json\/wp\/v2\/author_book\/110868"}],"wp:featuredmedia":[{"embeddable":true,"href":"https:\/\/letrame.com\/catalogo\/wp-json\/wp\/v2\/media\/111141"}],"wp:attachment":[{"href":"https:\/\/letrame.com\/catalogo\/wp-json\/wp\/v2\/media?parent=111140"}],"wp:term":[{"taxonomy":"libro","embeddable":true,"href":"https:\/\/letrame.com\/catalogo\/wp-json\/wp\/v2\/libro?post=111140"},{"taxonomy":"product_brand","embeddable":true,"href":"https:\/\/letrame.com\/catalogo\/wp-json\/wp\/v2\/product_brand?post=111140"},{"taxonomy":"product_cat","embeddable":true,"href":"https:\/\/letrame.com\/catalogo\/wp-json\/wp\/v2\/product_cat?post=111140"},{"taxonomy":"product_tag","embeddable":true,"href":"https:\/\/letrame.com\/catalogo\/wp-json\/wp\/v2\/product_tag?post=111140"}],"curies":[{"name":"wp","href":"https:\/\/api.w.org\/{rel}","templated":true}]}}