{"id":111135,"date":"2026-02-24T16:23:02","date_gmt":"2026-02-24T15:23:02","guid":{"rendered":"https:\/\/letrame.com\/catalogo\/?post_type=product&#038;p=111135"},"modified":"2026-02-24T16:23:03","modified_gmt":"2026-02-24T15:23:03","slug":"lo-que-el-tiempo-me-mostro","status":"publish","type":"product","link":"https:\/\/letrame.com\/catalogo\/producto\/lo-que-el-tiempo-me-mostro\/","title":{"rendered":"Lo que el tiempo me mostr\u00f3"},"content":{"rendered":"<p class=\"p1\"><b>ISBN: 9791370292898<\/b><b><\/b><\/p>\n<p class=\"p1\"><b>T\u00edtulo: Lo que el tiempo me mostr\u00f3<\/b><br \/>\n<b>Fecha: 2025<\/b><br \/>\n<b>P\u00e1ginas: 138<\/b><b><\/b><\/p>\n<p class=\"p1\"><b>SINOPSIS<\/b><\/p>\n<p class=\"p1\">Lo que el tiempo me mostr\u00f3 es un viaje al coraz\u00f3n de la humanidad, un recorrido por los rincones m\u00e1s profundos de la experiencia humana. Es un libro de car\u00e1cter introspectivo y espiritual que habla de temas universales como la vida, el amor, la p\u00e9rdida, la lucha, el crecimiento personal y de la transformaci\u00f3n. Es un grito de esperanza y de conexi\u00f3n, un recordatorio de que no estamos solos en este camino. A trav\u00e9s de mis propias historias, mis heridas, y mis victorias, busco conectar con la tuya, lector. Quiero que sepas que has sido visto, escuchado y comprendido. Tu dolor es v\u00e1lido, tu alegr\u00eda es compartida, adem\u00e1s deseo que veas como comprendas que tu existencia es un regalo. Mediante reflexiones po\u00e9ticas y testimoniales, invit\u00f3 a cada lector a mirar hacia dentro y descubrir nuestra verdadera esencia. Este libro es un recordatorio de que el tiempo es un maestro que nos ense\u00f1a a valorar lo que realmente importa. En estas p\u00e1ginas, encontrar\u00e1s un reflejo de tus propias luchas, de tus propias preguntas a las cuales encontrar\u00e1s tus respuestas cuando te comiences a mirar.<\/p>\n<p class=\"p1\">Hallar\u00e1s un espacio para reflexionar, para llorar, para re\u00edr y para recordar que eres parte de algo m\u00e1s grande que t\u00fa mismo. Este libro es un abrazo, un abrazo que te dice que est\u00e1s aqu\u00ed, que est\u00e1s vivo y que eres amado. Es un recordatorio de que el tiempo es un obsequio, y que cada momento es una oportunidad para crecer, para amar, aprender y para ser.<\/p>\n<p class=\"p1\">\u00abConforme pasan los a\u00f1os, nuestro crecimiento de conciencia o el tiempo nos muestra la verdadera esencia de la vida y qu\u00e9 es lo realmente significativo, el tiempo nos deja ver quienes somos y quienes siempre hemos sido a pesar del olvido. El tiempo nos da respuestas a aquello que cre\u00edamos no tendr\u00eda explicaci\u00f3n, pero solo lo har\u00e1 si est\u00e1s dispuesto a escuchar\u00bb- A.S.R.M.<\/p>\n","protected":false},"excerpt":{"rendered":"<p class=\"p1\"><b>ISBN: 9791370292898<\/b><b><\/b><\/p>\n<p class=\"p1\"><b>SINOPSIS<\/b><\/p>\n<p class=\"p1\">Lo que el tiempo me mostr\u00f3 es un viaje al coraz\u00f3n de la humanidad, un recorrido por los rincones m\u00e1s profundos de la experiencia humana. Es un libro de car\u00e1cter introspectivo y espiritual que habla de temas universales como la vida, el amor, la p\u00e9rdida, la lucha, el crecimiento personal y de la transformaci\u00f3n. Es un grito de esperanza y de conexi\u00f3n, un recordatorio de que no estamos solos en este camino. A trav\u00e9s de mis propias historias, mis heridas, y mis victorias, busco conectar con la tuya, lector. Quiero que sepas que has sido visto, escuchado y comprendido. Tu dolor es v\u00e1lido, tu alegr\u00eda es compartida, adem\u00e1s deseo que veas como comprendas que tu existencia es un regalo. Mediante reflexiones po\u00e9ticas y testimoniales, invit\u00f3 a cada lector a mirar hacia dentro y descubrir nuestra verdadera esencia. Este libro es un recordatorio de que el tiempo es un maestro que nos ense\u00f1a a valorar lo que realmente importa. En estas p\u00e1ginas, encontrar\u00e1s un reflejo de tus propias luchas, de tus propias preguntas a las cuales encontrar\u00e1s tus respuestas cuando te comiences a mirar.<\/p>\n<p class=\"p1\">Hallar\u00e1s un espacio para reflexionar, para llorar, para re\u00edr y para recordar que eres parte de algo m\u00e1s grande que t\u00fa mismo. Este libro es un abrazo, un abrazo que te dice que est\u00e1s aqu\u00ed, que est\u00e1s vivo y que eres amado. Es un recordatorio de que el tiempo es un obsequio, y que cada momento es una oportunidad para crecer, para amar, aprender y para ser.<\/p>\n<p class=\"p1\">\u00abConforme pasan los a\u00f1os, nuestro crecimiento de conciencia o el tiempo nos muestra la verdadera esencia de la vida y qu\u00e9 es lo realmente significativo, el tiempo nos deja ver quienes somos y quienes siempre hemos sido a pesar del olvido. El tiempo nos da respuestas a aquello que cre\u00edamos no tendr\u00eda explicaci\u00f3n, pero solo lo har\u00e1 si est\u00e1s dispuesto a escuchar\u00bb- A.S.R.M.<\/p>\n","protected":false},"featured_media":111139,"comment_status":"open","ping_status":"closed","template":"","meta":{"_acf_changed":false},"libro":[],"product_brand":[],"product_cat":[133],"product_tag":[],"class_list":{"0":"post-111135","1":"product","2":"type-product","3":"status-publish","4":"has-post-thumbnail","6":"product_cat-no-ficcion","8":"first","9":"instock","10":"shipping-taxable","11":"product-type-simple"},"acf":{"autor":[111136],"enlace_de_compra":"https:\/\/amzn.to\/4tOvY4x"},"yoast_head":"<!-- This site is optimized with the Yoast SEO plugin v26.6 - https:\/\/yoast.com\/wordpress\/plugins\/seo\/ -->\n<title>Lo que el tiempo me mostr\u00f3 - Catalogo | Letrame Grupo Editorial<\/title>\n<meta name=\"robots\" content=\"index, follow, max-snippet:-1, max-image-preview:large, max-video-preview:-1\" \/>\n<link rel=\"canonical\" href=\"https:\/\/letrame.com\/catalogo\/producto\/lo-que-el-tiempo-me-mostro\/\" \/>\n<meta property=\"og:locale\" content=\"es_ES\" \/>\n<meta property=\"og:type\" content=\"article\" \/>\n<meta property=\"og:title\" content=\"Lo que el tiempo me mostr\u00f3 - Catalogo | Letrame Grupo Editorial\" \/>\n<meta property=\"og:description\" content=\"ISBN: 9791370292898 SINOPSIS Lo que el tiempo me mostr\u00f3 es un viaje al coraz\u00f3n de la humanidad, un recorrido por los rincones m\u00e1s profundos de la experiencia humana. Es un libro de car\u00e1cter introspectivo y espiritual que habla de temas universales como la vida, el amor, la p\u00e9rdida, la lucha, el crecimiento personal y de la transformaci\u00f3n. Es un grito de esperanza y de conexi\u00f3n, un recordatorio de que no estamos solos en este camino. A trav\u00e9s de mis propias historias, mis heridas, y mis victorias, busco conectar con la tuya, lector. Quiero que sepas que has sido visto, escuchado y comprendido. Tu dolor es v\u00e1lido, tu alegr\u00eda es compartida, adem\u00e1s deseo que veas como comprendas que tu existencia es un regalo. Mediante reflexiones po\u00e9ticas y testimoniales, invit\u00f3 a cada lector a mirar hacia dentro y descubrir nuestra verdadera esencia. Este libro es un recordatorio de que el tiempo es un maestro que nos ense\u00f1a a valorar lo que realmente importa. En estas p\u00e1ginas, encontrar\u00e1s un reflejo de tus propias luchas, de tus propias preguntas a las cuales encontrar\u00e1s tus respuestas cuando te comiences a mirar. Hallar\u00e1s un espacio para reflexionar, para llorar, para re\u00edr y para recordar que eres parte de algo m\u00e1s grande que t\u00fa mismo. Este libro es un abrazo, un abrazo que te dice que est\u00e1s aqu\u00ed, que est\u00e1s vivo y que eres amado. Es un recordatorio de que el tiempo es un obsequio, y que cada momento es una oportunidad para crecer, para amar, aprender y para ser. \u00abConforme pasan los a\u00f1os, nuestro crecimiento de conciencia o el tiempo nos muestra la verdadera esencia de la vida y qu\u00e9 es lo realmente significativo, el tiempo nos deja ver quienes somos y quienes siempre hemos sido a pesar del olvido. El tiempo nos da respuestas a aquello que cre\u00edamos no tendr\u00eda explicaci\u00f3n, pero solo lo har\u00e1 si est\u00e1s dispuesto a escuchar\u00bb- A.S.R.M.\" \/>\n<meta property=\"og:url\" content=\"https:\/\/letrame.com\/catalogo\/producto\/lo-que-el-tiempo-me-mostro\/\" \/>\n<meta property=\"og:site_name\" content=\"Catalogo | Letrame Grupo Editorial\" \/>\n<meta property=\"article:modified_time\" content=\"2026-02-24T15:23:03+00:00\" \/>\n<meta property=\"og:image\" content=\"https:\/\/letrame.com\/catalogo\/wp-content\/uploads\/2026\/02\/portadacatalogo-5-scaled.jpg\" \/>\n\t<meta property=\"og:image:width\" content=\"1772\" \/>\n\t<meta property=\"og:image:height\" content=\"2560\" \/>\n\t<meta property=\"og:image:type\" content=\"image\/jpeg\" \/>\n<meta name=\"twitter:card\" content=\"summary_large_image\" \/>\n<meta name=\"twitter:label1\" content=\"Tiempo de lectura\" \/>\n\t<meta name=\"twitter:data1\" content=\"2 minutos\" \/>\n<script type=\"application\/ld+json\" class=\"yoast-schema-graph\">{\"@context\":\"https:\/\/schema.org\",\"@graph\":[{\"@type\":\"WebPage\",\"@id\":\"https:\/\/letrame.com\/catalogo\/producto\/lo-que-el-tiempo-me-mostro\/\",\"url\":\"https:\/\/letrame.com\/catalogo\/producto\/lo-que-el-tiempo-me-mostro\/\",\"name\":\"Lo que el tiempo me mostr\u00f3 - Catalogo | Letrame Grupo Editorial\",\"isPartOf\":{\"@id\":\"https:\/\/letrame.com\/catalogo\/#website\"},\"primaryImageOfPage\":{\"@id\":\"https:\/\/letrame.com\/catalogo\/producto\/lo-que-el-tiempo-me-mostro\/#primaryimage\"},\"image\":{\"@id\":\"https:\/\/letrame.com\/catalogo\/producto\/lo-que-el-tiempo-me-mostro\/#primaryimage\"},\"thumbnailUrl\":\"https:\/\/letrame.com\/catalogo\/wp-content\/uploads\/2026\/02\/portadacatalogo-5-scaled.jpg\",\"datePublished\":\"2026-02-24T15:23:02+00:00\",\"dateModified\":\"2026-02-24T15:23:03+00:00\",\"breadcrumb\":{\"@id\":\"https:\/\/letrame.com\/catalogo\/producto\/lo-que-el-tiempo-me-mostro\/#breadcrumb\"},\"inLanguage\":\"es\",\"potentialAction\":[{\"@type\":\"ReadAction\",\"target\":[\"https:\/\/letrame.com\/catalogo\/producto\/lo-que-el-tiempo-me-mostro\/\"]}]},{\"@type\":\"ImageObject\",\"inLanguage\":\"es\",\"@id\":\"https:\/\/letrame.com\/catalogo\/producto\/lo-que-el-tiempo-me-mostro\/#primaryimage\",\"url\":\"https:\/\/letrame.com\/catalogo\/wp-content\/uploads\/2026\/02\/portadacatalogo-5-scaled.jpg\",\"contentUrl\":\"https:\/\/letrame.com\/catalogo\/wp-content\/uploads\/2026\/02\/portadacatalogo-5-scaled.jpg\",\"width\":1772,\"height\":2560},{\"@type\":\"BreadcrumbList\",\"@id\":\"https:\/\/letrame.com\/catalogo\/producto\/lo-que-el-tiempo-me-mostro\/#breadcrumb\",\"itemListElement\":[{\"@type\":\"ListItem\",\"position\":1,\"name\":\"Portada\",\"item\":\"https:\/\/letrame.com\/catalogo\/\"},{\"@type\":\"ListItem\",\"position\":2,\"name\":\"Cat\u00e1logo\",\"item\":\"https:\/\/letrame.com\/catalogo\/\"},{\"@type\":\"ListItem\",\"position\":3,\"name\":\"Lo que el tiempo me mostr\u00f3\"}]},{\"@type\":\"WebSite\",\"@id\":\"https:\/\/letrame.com\/catalogo\/#website\",\"url\":\"https:\/\/letrame.com\/catalogo\/\",\"name\":\"Catalogo | Letrame Grupo Editorial\",\"description\":\"\",\"publisher\":{\"@id\":\"https:\/\/letrame.com\/catalogo\/#organization\"},\"potentialAction\":[{\"@type\":\"SearchAction\",\"target\":{\"@type\":\"EntryPoint\",\"urlTemplate\":\"https:\/\/letrame.com\/catalogo\/?s={search_term_string}\"},\"query-input\":{\"@type\":\"PropertyValueSpecification\",\"valueRequired\":true,\"valueName\":\"search_term_string\"}}],\"inLanguage\":\"es\"},{\"@type\":\"Organization\",\"@id\":\"https:\/\/letrame.com\/catalogo\/#organization\",\"name\":\"Catalogo | Letrame Grupo Editorial\",\"url\":\"https:\/\/letrame.com\/catalogo\/\",\"logo\":{\"@type\":\"ImageObject\",\"inLanguage\":\"es\",\"@id\":\"https:\/\/letrame.com\/catalogo\/#\/schema\/logo\/image\/\",\"url\":\"https:\/\/letrame.com\/catalogo\/wp-content\/uploads\/2024\/03\/logo2.webp\",\"contentUrl\":\"https:\/\/letrame.com\/catalogo\/wp-content\/uploads\/2024\/03\/logo2.webp\",\"width\":394,\"height\":128,\"caption\":\"Catalogo | Letrame Grupo Editorial\"},\"image\":{\"@id\":\"https:\/\/letrame.com\/catalogo\/#\/schema\/logo\/image\/\"}}]}<\/script>\n<!-- \/ Yoast SEO plugin. -->","yoast_head_json":{"title":"Lo que el tiempo me mostr\u00f3 - Catalogo | Letrame Grupo Editorial","robots":{"index":"index","follow":"follow","max-snippet":"max-snippet:-1","max-image-preview":"max-image-preview:large","max-video-preview":"max-video-preview:-1"},"canonical":"https:\/\/letrame.com\/catalogo\/producto\/lo-que-el-tiempo-me-mostro\/","og_locale":"es_ES","og_type":"article","og_title":"Lo que el tiempo me mostr\u00f3 - Catalogo | Letrame Grupo Editorial","og_description":"ISBN: 9791370292898 SINOPSIS Lo que el tiempo me mostr\u00f3 es un viaje al coraz\u00f3n de la humanidad, un recorrido por los rincones m\u00e1s profundos de la experiencia humana. Es un libro de car\u00e1cter introspectivo y espiritual que habla de temas universales como la vida, el amor, la p\u00e9rdida, la lucha, el crecimiento personal y de la transformaci\u00f3n. Es un grito de esperanza y de conexi\u00f3n, un recordatorio de que no estamos solos en este camino. A trav\u00e9s de mis propias historias, mis heridas, y mis victorias, busco conectar con la tuya, lector. Quiero que sepas que has sido visto, escuchado y comprendido. Tu dolor es v\u00e1lido, tu alegr\u00eda es compartida, adem\u00e1s deseo que veas como comprendas que tu existencia es un regalo. Mediante reflexiones po\u00e9ticas y testimoniales, invit\u00f3 a cada lector a mirar hacia dentro y descubrir nuestra verdadera esencia. Este libro es un recordatorio de que el tiempo es un maestro que nos ense\u00f1a a valorar lo que realmente importa. En estas p\u00e1ginas, encontrar\u00e1s un reflejo de tus propias luchas, de tus propias preguntas a las cuales encontrar\u00e1s tus respuestas cuando te comiences a mirar. Hallar\u00e1s un espacio para reflexionar, para llorar, para re\u00edr y para recordar que eres parte de algo m\u00e1s grande que t\u00fa mismo. Este libro es un abrazo, un abrazo que te dice que est\u00e1s aqu\u00ed, que est\u00e1s vivo y que eres amado. Es un recordatorio de que el tiempo es un obsequio, y que cada momento es una oportunidad para crecer, para amar, aprender y para ser. \u00abConforme pasan los a\u00f1os, nuestro crecimiento de conciencia o el tiempo nos muestra la verdadera esencia de la vida y qu\u00e9 es lo realmente significativo, el tiempo nos deja ver quienes somos y quienes siempre hemos sido a pesar del olvido. El tiempo nos da respuestas a aquello que cre\u00edamos no tendr\u00eda explicaci\u00f3n, pero solo lo har\u00e1 si est\u00e1s dispuesto a escuchar\u00bb- A.S.R.M.","og_url":"https:\/\/letrame.com\/catalogo\/producto\/lo-que-el-tiempo-me-mostro\/","og_site_name":"Catalogo | Letrame Grupo Editorial","article_modified_time":"2026-02-24T15:23:03+00:00","og_image":[{"width":1772,"height":2560,"url":"https:\/\/letrame.com\/catalogo\/wp-content\/uploads\/2026\/02\/portadacatalogo-5-scaled.jpg","type":"image\/jpeg"}],"twitter_card":"summary_large_image","twitter_misc":{"Tiempo de lectura":"2 minutos"},"schema":{"@context":"https:\/\/schema.org","@graph":[{"@type":"WebPage","@id":"https:\/\/letrame.com\/catalogo\/producto\/lo-que-el-tiempo-me-mostro\/","url":"https:\/\/letrame.com\/catalogo\/producto\/lo-que-el-tiempo-me-mostro\/","name":"Lo que el tiempo me mostr\u00f3 - Catalogo | Letrame Grupo Editorial","isPartOf":{"@id":"https:\/\/letrame.com\/catalogo\/#website"},"primaryImageOfPage":{"@id":"https:\/\/letrame.com\/catalogo\/producto\/lo-que-el-tiempo-me-mostro\/#primaryimage"},"image":{"@id":"https:\/\/letrame.com\/catalogo\/producto\/lo-que-el-tiempo-me-mostro\/#primaryimage"},"thumbnailUrl":"https:\/\/letrame.com\/catalogo\/wp-content\/uploads\/2026\/02\/portadacatalogo-5-scaled.jpg","datePublished":"2026-02-24T15:23:02+00:00","dateModified":"2026-02-24T15:23:03+00:00","breadcrumb":{"@id":"https:\/\/letrame.com\/catalogo\/producto\/lo-que-el-tiempo-me-mostro\/#breadcrumb"},"inLanguage":"es","potentialAction":[{"@type":"ReadAction","target":["https:\/\/letrame.com\/catalogo\/producto\/lo-que-el-tiempo-me-mostro\/"]}]},{"@type":"ImageObject","inLanguage":"es","@id":"https:\/\/letrame.com\/catalogo\/producto\/lo-que-el-tiempo-me-mostro\/#primaryimage","url":"https:\/\/letrame.com\/catalogo\/wp-content\/uploads\/2026\/02\/portadacatalogo-5-scaled.jpg","contentUrl":"https:\/\/letrame.com\/catalogo\/wp-content\/uploads\/2026\/02\/portadacatalogo-5-scaled.jpg","width":1772,"height":2560},{"@type":"BreadcrumbList","@id":"https:\/\/letrame.com\/catalogo\/producto\/lo-que-el-tiempo-me-mostro\/#breadcrumb","itemListElement":[{"@type":"ListItem","position":1,"name":"Portada","item":"https:\/\/letrame.com\/catalogo\/"},{"@type":"ListItem","position":2,"name":"Cat\u00e1logo","item":"https:\/\/letrame.com\/catalogo\/"},{"@type":"ListItem","position":3,"name":"Lo que el tiempo me mostr\u00f3"}]},{"@type":"WebSite","@id":"https:\/\/letrame.com\/catalogo\/#website","url":"https:\/\/letrame.com\/catalogo\/","name":"Catalogo | Letrame Grupo Editorial","description":"","publisher":{"@id":"https:\/\/letrame.com\/catalogo\/#organization"},"potentialAction":[{"@type":"SearchAction","target":{"@type":"EntryPoint","urlTemplate":"https:\/\/letrame.com\/catalogo\/?s={search_term_string}"},"query-input":{"@type":"PropertyValueSpecification","valueRequired":true,"valueName":"search_term_string"}}],"inLanguage":"es"},{"@type":"Organization","@id":"https:\/\/letrame.com\/catalogo\/#organization","name":"Catalogo | Letrame Grupo Editorial","url":"https:\/\/letrame.com\/catalogo\/","logo":{"@type":"ImageObject","inLanguage":"es","@id":"https:\/\/letrame.com\/catalogo\/#\/schema\/logo\/image\/","url":"https:\/\/letrame.com\/catalogo\/wp-content\/uploads\/2024\/03\/logo2.webp","contentUrl":"https:\/\/letrame.com\/catalogo\/wp-content\/uploads\/2024\/03\/logo2.webp","width":394,"height":128,"caption":"Catalogo | Letrame Grupo Editorial"},"image":{"@id":"https:\/\/letrame.com\/catalogo\/#\/schema\/logo\/image\/"}}]}},"_links":{"self":[{"href":"https:\/\/letrame.com\/catalogo\/wp-json\/wp\/v2\/product\/111135","targetHints":{"allow":["GET"]}}],"collection":[{"href":"https:\/\/letrame.com\/catalogo\/wp-json\/wp\/v2\/product"}],"about":[{"href":"https:\/\/letrame.com\/catalogo\/wp-json\/wp\/v2\/types\/product"}],"replies":[{"embeddable":true,"href":"https:\/\/letrame.com\/catalogo\/wp-json\/wp\/v2\/comments?post=111135"}],"acf:post":[{"embeddable":true,"href":"https:\/\/letrame.com\/catalogo\/wp-json\/wp\/v2\/author_book\/111136"}],"wp:featuredmedia":[{"embeddable":true,"href":"https:\/\/letrame.com\/catalogo\/wp-json\/wp\/v2\/media\/111139"}],"wp:attachment":[{"href":"https:\/\/letrame.com\/catalogo\/wp-json\/wp\/v2\/media?parent=111135"}],"wp:term":[{"taxonomy":"libro","embeddable":true,"href":"https:\/\/letrame.com\/catalogo\/wp-json\/wp\/v2\/libro?post=111135"},{"taxonomy":"product_brand","embeddable":true,"href":"https:\/\/letrame.com\/catalogo\/wp-json\/wp\/v2\/product_brand?post=111135"},{"taxonomy":"product_cat","embeddable":true,"href":"https:\/\/letrame.com\/catalogo\/wp-json\/wp\/v2\/product_cat?post=111135"},{"taxonomy":"product_tag","embeddable":true,"href":"https:\/\/letrame.com\/catalogo\/wp-json\/wp\/v2\/product_tag?post=111135"}],"curies":[{"name":"wp","href":"https:\/\/api.w.org\/{rel}","templated":true}]}}