{"id":111133,"date":"2026-02-24T16:12:29","date_gmt":"2026-02-24T15:12:29","guid":{"rendered":"https:\/\/letrame.com\/catalogo\/?post_type=product&#038;p=111133"},"modified":"2026-02-24T16:12:29","modified_gmt":"2026-02-24T15:12:29","slug":"la-cocina-del-exito","status":"publish","type":"product","link":"https:\/\/letrame.com\/catalogo\/producto\/la-cocina-del-exito\/","title":{"rendered":"La cocina del \u00e9xito"},"content":{"rendered":"<p class=\"p1\"><b>ISBN: 9791370294373<\/b><b><\/b><\/p>\n<p class=\"p1\"><b>T\u00edtulo: La cocina del \u00e9xito<\/b><br \/>\n<b>Fecha: 2025<\/b><br \/>\n<b>P\u00e1ginas: 218<\/b><b><\/b><\/p>\n<p class=\"p1\"><b>SINOPSIS<\/b><\/p>\n<p class=\"p1\">\u00bfEst\u00e1s pensando en abrir un restaurante?<\/p>\n<p class=\"p1\">\u00bfYa tienes uno y no sabes por qu\u00e9 no funciona como esperabas?<\/p>\n<p class=\"p1\">Este no es un libro de recetas. Es el manual que necesitas para que tu negocio de restauraci\u00f3n no se convierta en una pesadilla. Con m\u00e1s de tres d\u00e9cadas de experiencia en sala, cocina y gesti\u00f3n, Javier Campo Gonz\u00e1lez te cuenta la verdad que nadie te dice: por qu\u00e9 fracasan tantos restaurantes, qu\u00e9 errores cometes sin darte cuenta y c\u00f3mo solucionarlos antes de que sea demasiado tarde. Sin florituras. Sin motivaciones vac\u00edas. Con iron\u00eda, palabrotas y la dosis justa de realidad que necesitas escuchar.<\/p>\n<p class=\"p1\">Desde la planificaci\u00f3n inicial hasta la gesti\u00f3n del d\u00eda a d\u00eda, pasando por la elecci\u00f3n de proveedores, la carta de vinos, el trato al personal y las estrategias de marketing que realmente funcionan, La Cocina del \u00c9xito es una colecci\u00f3n de reflexiones y soluciones que puedes leer en cualquier orden, aplicar de inmediato y que pueden marcar la diferencia entre cerrar en seis meses o construir un negocio rentable.<\/p>\n<p class=\"p1\">Porque no basta con cocinar bien. Hay que saber gestionar.<\/p>\n<p class=\"p1\">Si quieres tener raz\u00f3n, cierra este libro. Si quieres tener \u00e9xito, sigue leyendo.<\/p>\n","protected":false},"excerpt":{"rendered":"<p class=\"p1\"><b>ISBN: 9791370294373<\/b><b><\/b><\/p>\n<p class=\"p1\"><b>SINOPSIS<\/b><\/p>\n<p class=\"p1\">\u00bfEst\u00e1s pensando en abrir un restaurante?<\/p>\n<p class=\"p1\">\u00bfYa tienes uno y no sabes por qu\u00e9 no funciona como esperabas?<\/p>\n<p class=\"p1\">Este no es un libro de recetas. Es el manual que necesitas para que tu negocio de restauraci\u00f3n no se convierta en una pesadilla. Con m\u00e1s de tres d\u00e9cadas de experiencia en sala, cocina y gesti\u00f3n, Javier Campo Gonz\u00e1lez te cuenta la verdad que nadie te dice: por qu\u00e9 fracasan tantos restaurantes, qu\u00e9 errores cometes sin darte cuenta y c\u00f3mo solucionarlos antes de que sea demasiado tarde. Sin florituras. Sin motivaciones vac\u00edas. Con iron\u00eda, palabrotas y la dosis justa de realidad que necesitas escuchar.<\/p>\n<p class=\"p1\">Desde la planificaci\u00f3n inicial hasta la gesti\u00f3n del d\u00eda a d\u00eda, pasando por la elecci\u00f3n de proveedores, la carta de vinos, el trato al personal y las estrategias de marketing que realmente funcionan, La Cocina del \u00c9xito es una colecci\u00f3n de reflexiones y soluciones que puedes leer en cualquier orden, aplicar de inmediato y que pueden marcar la diferencia entre cerrar en seis meses o construir un negocio rentable.<\/p>\n<p class=\"p1\">Porque no basta con cocinar bien. Hay que saber gestionar.<\/p>\n<p class=\"p1\">Si quieres tener raz\u00f3n, cierra este libro. Si quieres tener \u00e9xito, sigue leyendo.<\/p>\n","protected":false},"featured_media":111134,"comment_status":"open","ping_status":"closed","template":"","meta":{"_acf_changed":false},"libro":[],"product_brand":[],"product_cat":[23],"product_tag":[],"class_list":{"0":"post-111133","1":"product","2":"type-product","3":"status-publish","4":"has-post-thumbnail","6":"product_cat-ensayos","8":"first","9":"instock","10":"shipping-taxable","11":"product-type-simple"},"acf":{"autor":[106046],"enlace_de_compra":"https:\/\/amzn.to\/4aBYsac"},"yoast_head":"<!-- This site is optimized with the Yoast SEO plugin v26.6 - https:\/\/yoast.com\/wordpress\/plugins\/seo\/ -->\n<title>La cocina del \u00e9xito - Catalogo | Letrame Grupo Editorial<\/title>\n<meta name=\"robots\" content=\"index, follow, max-snippet:-1, max-image-preview:large, max-video-preview:-1\" \/>\n<link rel=\"canonical\" href=\"https:\/\/letrame.com\/catalogo\/producto\/la-cocina-del-exito\/\" \/>\n<meta property=\"og:locale\" content=\"es_ES\" \/>\n<meta property=\"og:type\" content=\"article\" \/>\n<meta property=\"og:title\" content=\"La cocina del \u00e9xito - Catalogo | Letrame Grupo Editorial\" \/>\n<meta property=\"og:description\" content=\"ISBN: 9791370294373 SINOPSIS \u00bfEst\u00e1s pensando en abrir un restaurante? \u00bfYa tienes uno y no sabes por qu\u00e9 no funciona como esperabas? Este no es un libro de recetas. Es el manual que necesitas para que tu negocio de restauraci\u00f3n no se convierta en una pesadilla. Con m\u00e1s de tres d\u00e9cadas de experiencia en sala, cocina y gesti\u00f3n, Javier Campo Gonz\u00e1lez te cuenta la verdad que nadie te dice: por qu\u00e9 fracasan tantos restaurantes, qu\u00e9 errores cometes sin darte cuenta y c\u00f3mo solucionarlos antes de que sea demasiado tarde. Sin florituras. Sin motivaciones vac\u00edas. Con iron\u00eda, palabrotas y la dosis justa de realidad que necesitas escuchar. Desde la planificaci\u00f3n inicial hasta la gesti\u00f3n del d\u00eda a d\u00eda, pasando por la elecci\u00f3n de proveedores, la carta de vinos, el trato al personal y las estrategias de marketing que realmente funcionan, La Cocina del \u00c9xito es una colecci\u00f3n de reflexiones y soluciones que puedes leer en cualquier orden, aplicar de inmediato y que pueden marcar la diferencia entre cerrar en seis meses o construir un negocio rentable. Porque no basta con cocinar bien. Hay que saber gestionar. Si quieres tener raz\u00f3n, cierra este libro. Si quieres tener \u00e9xito, sigue leyendo.\" \/>\n<meta property=\"og:url\" content=\"https:\/\/letrame.com\/catalogo\/producto\/la-cocina-del-exito\/\" \/>\n<meta property=\"og:site_name\" content=\"Catalogo | Letrame Grupo Editorial\" \/>\n<meta property=\"og:image\" content=\"https:\/\/letrame.com\/catalogo\/wp-content\/uploads\/2026\/02\/portadacatalogo-4-scaled.jpg\" \/>\n\t<meta property=\"og:image:width\" content=\"1814\" \/>\n\t<meta property=\"og:image:height\" content=\"2560\" \/>\n\t<meta property=\"og:image:type\" content=\"image\/jpeg\" \/>\n<meta name=\"twitter:card\" content=\"summary_large_image\" \/>\n<meta name=\"twitter:label1\" content=\"Tiempo de lectura\" \/>\n\t<meta name=\"twitter:data1\" content=\"2 minutos\" \/>\n<script type=\"application\/ld+json\" class=\"yoast-schema-graph\">{\"@context\":\"https:\/\/schema.org\",\"@graph\":[{\"@type\":\"WebPage\",\"@id\":\"https:\/\/letrame.com\/catalogo\/producto\/la-cocina-del-exito\/\",\"url\":\"https:\/\/letrame.com\/catalogo\/producto\/la-cocina-del-exito\/\",\"name\":\"La cocina del \u00e9xito - Catalogo | Letrame Grupo Editorial\",\"isPartOf\":{\"@id\":\"https:\/\/letrame.com\/catalogo\/#website\"},\"primaryImageOfPage\":{\"@id\":\"https:\/\/letrame.com\/catalogo\/producto\/la-cocina-del-exito\/#primaryimage\"},\"image\":{\"@id\":\"https:\/\/letrame.com\/catalogo\/producto\/la-cocina-del-exito\/#primaryimage\"},\"thumbnailUrl\":\"https:\/\/letrame.com\/catalogo\/wp-content\/uploads\/2026\/02\/portadacatalogo-4-scaled.jpg\",\"datePublished\":\"2026-02-24T15:12:29+00:00\",\"breadcrumb\":{\"@id\":\"https:\/\/letrame.com\/catalogo\/producto\/la-cocina-del-exito\/#breadcrumb\"},\"inLanguage\":\"es\",\"potentialAction\":[{\"@type\":\"ReadAction\",\"target\":[\"https:\/\/letrame.com\/catalogo\/producto\/la-cocina-del-exito\/\"]}]},{\"@type\":\"ImageObject\",\"inLanguage\":\"es\",\"@id\":\"https:\/\/letrame.com\/catalogo\/producto\/la-cocina-del-exito\/#primaryimage\",\"url\":\"https:\/\/letrame.com\/catalogo\/wp-content\/uploads\/2026\/02\/portadacatalogo-4-scaled.jpg\",\"contentUrl\":\"https:\/\/letrame.com\/catalogo\/wp-content\/uploads\/2026\/02\/portadacatalogo-4-scaled.jpg\",\"width\":1814,\"height\":2560},{\"@type\":\"BreadcrumbList\",\"@id\":\"https:\/\/letrame.com\/catalogo\/producto\/la-cocina-del-exito\/#breadcrumb\",\"itemListElement\":[{\"@type\":\"ListItem\",\"position\":1,\"name\":\"Portada\",\"item\":\"https:\/\/letrame.com\/catalogo\/\"},{\"@type\":\"ListItem\",\"position\":2,\"name\":\"Cat\u00e1logo\",\"item\":\"https:\/\/letrame.com\/catalogo\/\"},{\"@type\":\"ListItem\",\"position\":3,\"name\":\"La cocina del \u00e9xito\"}]},{\"@type\":\"WebSite\",\"@id\":\"https:\/\/letrame.com\/catalogo\/#website\",\"url\":\"https:\/\/letrame.com\/catalogo\/\",\"name\":\"Catalogo | Letrame Grupo Editorial\",\"description\":\"\",\"publisher\":{\"@id\":\"https:\/\/letrame.com\/catalogo\/#organization\"},\"potentialAction\":[{\"@type\":\"SearchAction\",\"target\":{\"@type\":\"EntryPoint\",\"urlTemplate\":\"https:\/\/letrame.com\/catalogo\/?s={search_term_string}\"},\"query-input\":{\"@type\":\"PropertyValueSpecification\",\"valueRequired\":true,\"valueName\":\"search_term_string\"}}],\"inLanguage\":\"es\"},{\"@type\":\"Organization\",\"@id\":\"https:\/\/letrame.com\/catalogo\/#organization\",\"name\":\"Catalogo | Letrame Grupo Editorial\",\"url\":\"https:\/\/letrame.com\/catalogo\/\",\"logo\":{\"@type\":\"ImageObject\",\"inLanguage\":\"es\",\"@id\":\"https:\/\/letrame.com\/catalogo\/#\/schema\/logo\/image\/\",\"url\":\"https:\/\/letrame.com\/catalogo\/wp-content\/uploads\/2024\/03\/logo2.webp\",\"contentUrl\":\"https:\/\/letrame.com\/catalogo\/wp-content\/uploads\/2024\/03\/logo2.webp\",\"width\":394,\"height\":128,\"caption\":\"Catalogo | Letrame Grupo Editorial\"},\"image\":{\"@id\":\"https:\/\/letrame.com\/catalogo\/#\/schema\/logo\/image\/\"}}]}<\/script>\n<!-- \/ Yoast SEO plugin. -->","yoast_head_json":{"title":"La cocina del \u00e9xito - Catalogo | Letrame Grupo Editorial","robots":{"index":"index","follow":"follow","max-snippet":"max-snippet:-1","max-image-preview":"max-image-preview:large","max-video-preview":"max-video-preview:-1"},"canonical":"https:\/\/letrame.com\/catalogo\/producto\/la-cocina-del-exito\/","og_locale":"es_ES","og_type":"article","og_title":"La cocina del \u00e9xito - Catalogo | Letrame Grupo Editorial","og_description":"ISBN: 9791370294373 SINOPSIS \u00bfEst\u00e1s pensando en abrir un restaurante? \u00bfYa tienes uno y no sabes por qu\u00e9 no funciona como esperabas? Este no es un libro de recetas. Es el manual que necesitas para que tu negocio de restauraci\u00f3n no se convierta en una pesadilla. Con m\u00e1s de tres d\u00e9cadas de experiencia en sala, cocina y gesti\u00f3n, Javier Campo Gonz\u00e1lez te cuenta la verdad que nadie te dice: por qu\u00e9 fracasan tantos restaurantes, qu\u00e9 errores cometes sin darte cuenta y c\u00f3mo solucionarlos antes de que sea demasiado tarde. Sin florituras. Sin motivaciones vac\u00edas. Con iron\u00eda, palabrotas y la dosis justa de realidad que necesitas escuchar. Desde la planificaci\u00f3n inicial hasta la gesti\u00f3n del d\u00eda a d\u00eda, pasando por la elecci\u00f3n de proveedores, la carta de vinos, el trato al personal y las estrategias de marketing que realmente funcionan, La Cocina del \u00c9xito es una colecci\u00f3n de reflexiones y soluciones que puedes leer en cualquier orden, aplicar de inmediato y que pueden marcar la diferencia entre cerrar en seis meses o construir un negocio rentable. Porque no basta con cocinar bien. Hay que saber gestionar. Si quieres tener raz\u00f3n, cierra este libro. Si quieres tener \u00e9xito, sigue leyendo.","og_url":"https:\/\/letrame.com\/catalogo\/producto\/la-cocina-del-exito\/","og_site_name":"Catalogo | Letrame Grupo Editorial","og_image":[{"width":1814,"height":2560,"url":"https:\/\/letrame.com\/catalogo\/wp-content\/uploads\/2026\/02\/portadacatalogo-4-scaled.jpg","type":"image\/jpeg"}],"twitter_card":"summary_large_image","twitter_misc":{"Tiempo de lectura":"2 minutos"},"schema":{"@context":"https:\/\/schema.org","@graph":[{"@type":"WebPage","@id":"https:\/\/letrame.com\/catalogo\/producto\/la-cocina-del-exito\/","url":"https:\/\/letrame.com\/catalogo\/producto\/la-cocina-del-exito\/","name":"La cocina del \u00e9xito - Catalogo | Letrame Grupo Editorial","isPartOf":{"@id":"https:\/\/letrame.com\/catalogo\/#website"},"primaryImageOfPage":{"@id":"https:\/\/letrame.com\/catalogo\/producto\/la-cocina-del-exito\/#primaryimage"},"image":{"@id":"https:\/\/letrame.com\/catalogo\/producto\/la-cocina-del-exito\/#primaryimage"},"thumbnailUrl":"https:\/\/letrame.com\/catalogo\/wp-content\/uploads\/2026\/02\/portadacatalogo-4-scaled.jpg","datePublished":"2026-02-24T15:12:29+00:00","breadcrumb":{"@id":"https:\/\/letrame.com\/catalogo\/producto\/la-cocina-del-exito\/#breadcrumb"},"inLanguage":"es","potentialAction":[{"@type":"ReadAction","target":["https:\/\/letrame.com\/catalogo\/producto\/la-cocina-del-exito\/"]}]},{"@type":"ImageObject","inLanguage":"es","@id":"https:\/\/letrame.com\/catalogo\/producto\/la-cocina-del-exito\/#primaryimage","url":"https:\/\/letrame.com\/catalogo\/wp-content\/uploads\/2026\/02\/portadacatalogo-4-scaled.jpg","contentUrl":"https:\/\/letrame.com\/catalogo\/wp-content\/uploads\/2026\/02\/portadacatalogo-4-scaled.jpg","width":1814,"height":2560},{"@type":"BreadcrumbList","@id":"https:\/\/letrame.com\/catalogo\/producto\/la-cocina-del-exito\/#breadcrumb","itemListElement":[{"@type":"ListItem","position":1,"name":"Portada","item":"https:\/\/letrame.com\/catalogo\/"},{"@type":"ListItem","position":2,"name":"Cat\u00e1logo","item":"https:\/\/letrame.com\/catalogo\/"},{"@type":"ListItem","position":3,"name":"La cocina del \u00e9xito"}]},{"@type":"WebSite","@id":"https:\/\/letrame.com\/catalogo\/#website","url":"https:\/\/letrame.com\/catalogo\/","name":"Catalogo | Letrame Grupo Editorial","description":"","publisher":{"@id":"https:\/\/letrame.com\/catalogo\/#organization"},"potentialAction":[{"@type":"SearchAction","target":{"@type":"EntryPoint","urlTemplate":"https:\/\/letrame.com\/catalogo\/?s={search_term_string}"},"query-input":{"@type":"PropertyValueSpecification","valueRequired":true,"valueName":"search_term_string"}}],"inLanguage":"es"},{"@type":"Organization","@id":"https:\/\/letrame.com\/catalogo\/#organization","name":"Catalogo | Letrame Grupo Editorial","url":"https:\/\/letrame.com\/catalogo\/","logo":{"@type":"ImageObject","inLanguage":"es","@id":"https:\/\/letrame.com\/catalogo\/#\/schema\/logo\/image\/","url":"https:\/\/letrame.com\/catalogo\/wp-content\/uploads\/2024\/03\/logo2.webp","contentUrl":"https:\/\/letrame.com\/catalogo\/wp-content\/uploads\/2024\/03\/logo2.webp","width":394,"height":128,"caption":"Catalogo | Letrame Grupo Editorial"},"image":{"@id":"https:\/\/letrame.com\/catalogo\/#\/schema\/logo\/image\/"}}]}},"_links":{"self":[{"href":"https:\/\/letrame.com\/catalogo\/wp-json\/wp\/v2\/product\/111133","targetHints":{"allow":["GET"]}}],"collection":[{"href":"https:\/\/letrame.com\/catalogo\/wp-json\/wp\/v2\/product"}],"about":[{"href":"https:\/\/letrame.com\/catalogo\/wp-json\/wp\/v2\/types\/product"}],"replies":[{"embeddable":true,"href":"https:\/\/letrame.com\/catalogo\/wp-json\/wp\/v2\/comments?post=111133"}],"acf:post":[{"embeddable":true,"href":"https:\/\/letrame.com\/catalogo\/wp-json\/wp\/v2\/author_book\/106046"}],"wp:featuredmedia":[{"embeddable":true,"href":"https:\/\/letrame.com\/catalogo\/wp-json\/wp\/v2\/media\/111134"}],"wp:attachment":[{"href":"https:\/\/letrame.com\/catalogo\/wp-json\/wp\/v2\/media?parent=111133"}],"wp:term":[{"taxonomy":"libro","embeddable":true,"href":"https:\/\/letrame.com\/catalogo\/wp-json\/wp\/v2\/libro?post=111133"},{"taxonomy":"product_brand","embeddable":true,"href":"https:\/\/letrame.com\/catalogo\/wp-json\/wp\/v2\/product_brand?post=111133"},{"taxonomy":"product_cat","embeddable":true,"href":"https:\/\/letrame.com\/catalogo\/wp-json\/wp\/v2\/product_cat?post=111133"},{"taxonomy":"product_tag","embeddable":true,"href":"https:\/\/letrame.com\/catalogo\/wp-json\/wp\/v2\/product_tag?post=111133"}],"curies":[{"name":"wp","href":"https:\/\/api.w.org\/{rel}","templated":true}]}}