{"id":111120,"date":"2026-02-24T11:01:43","date_gmt":"2026-02-24T10:01:43","guid":{"rendered":"https:\/\/letrame.com\/catalogo\/?post_type=product&#038;p=111120"},"modified":"2026-02-24T11:01:44","modified_gmt":"2026-02-24T10:01:44","slug":"never-give-up","status":"publish","type":"product","link":"https:\/\/letrame.com\/catalogo\/producto\/never-give-up\/","title":{"rendered":"Never give up"},"content":{"rendered":"<p class=\"p1\"><b>ISBN: 9791370294328<\/b><b><\/b><\/p>\n<p class=\"p1\"><b>T\u00edtulo: Never give up<\/b><br \/>\n<b>Fecha: 2025<\/b><br \/>\n<b>P\u00e1ginas: 192<\/b><b><\/b><\/p>\n<p class=\"p1\"><b>SINOPSIS\u00a0<\/b><\/p>\n<p class=\"p1\">Hay vidas que empiezan dos veces, una al nacer y otra cuando el cuerpo, de pronto, se convierte en un territorio en guerra. La de Raquel comenz\u00f3 por segunda vez a los cuatro a\u00f1os, cuando un diagn\u00f3stico imposible de pronunciar la empuj\u00f3 a un mundo de quir\u00f3fanos, m\u00e1quinas ruidosas y pasillos donde el tiempo deja de obedecer.<\/p>\n<p class=\"p1\">Entre operaciones que parec\u00edan multiplicarse, tratamientos implacables y largas noches en la UCI, su infancia se transform\u00f3 en resistencia. La silla de ruedas no fue s\u00edmbolo de l\u00edmite, sino de movimiento. Las cicatrices, lejos de ser heridas, se volvieron medallas silenciosas. Y el hospital, ese lugar donde nunca deber\u00eda crecer una ni\u00f1a, acab\u00f3 convirti\u00e9ndose en hogar.<\/p>\n<p class=\"p1\">Acompa\u00f1ada por m\u00e9dicos que se vuelven guardianes, amigos que aparecen entre goteros, voluntarios que llenan los d\u00edas de m\u00fasica y colores, y una familia que nunca suelta su mano, Raquel descubre que la libertad no depende del cuerpo, sino de la mirada con la que se habita el mundo.<\/p>\n<p class=\"p1\">Porque, incluso cuando todo parece perdido, siempre hay un lugar donde agarrarse: la esperanza.<\/p>\n","protected":false},"excerpt":{"rendered":"<p class=\"p1\"><b>ISBN: 9791370294328<\/b><b><\/b><\/p>\n<p class=\"p1\"><b>SINOPSIS\u00a0<\/b><\/p>\n<p class=\"p1\">Hay vidas que empiezan dos veces, una al nacer y otra cuando el cuerpo, de pronto, se convierte en un territorio en guerra. La de Raquel comenz\u00f3 por segunda vez a los cuatro a\u00f1os, cuando un diagn\u00f3stico imposible de pronunciar la empuj\u00f3 a un mundo de quir\u00f3fanos, m\u00e1quinas ruidosas y pasillos donde el tiempo deja de obedecer.<\/p>\n<p class=\"p1\">Entre operaciones que parec\u00edan multiplicarse, tratamientos implacables y largas noches en la UCI, su infancia se transform\u00f3 en resistencia. La silla de ruedas no fue s\u00edmbolo de l\u00edmite, sino de movimiento. Las cicatrices, lejos de ser heridas, se volvieron medallas silenciosas. Y el hospital, ese lugar donde nunca deber\u00eda crecer una ni\u00f1a, acab\u00f3 convirti\u00e9ndose en hogar.<\/p>\n<p class=\"p1\">Acompa\u00f1ada por m\u00e9dicos que se vuelven guardianes, amigos que aparecen entre goteros, voluntarios que llenan los d\u00edas de m\u00fasica y colores, y una familia que nunca suelta su mano, Raquel descubre que la libertad no depende del cuerpo, sino de la mirada con la que se habita el mundo.<\/p>\n<p class=\"p1\">Porque, incluso cuando todo parece perdido, siempre hay un lugar donde agarrarse: la esperanza.<\/p>\n","protected":false},"featured_media":111124,"comment_status":"open","ping_status":"closed","template":"","meta":{"_acf_changed":false},"libro":[],"product_brand":[],"product_cat":[133],"product_tag":[],"class_list":{"0":"post-111120","1":"product","2":"type-product","3":"status-publish","4":"has-post-thumbnail","6":"product_cat-no-ficcion","8":"first","9":"instock","10":"shipping-taxable","11":"product-type-simple"},"acf":{"autor":[111121],"enlace_de_compra":"https:\/\/amzn.to\/4aJojLX"},"yoast_head":"<!-- This site is optimized with the Yoast SEO plugin v26.6 - https:\/\/yoast.com\/wordpress\/plugins\/seo\/ -->\n<title>Never give up - Catalogo | Letrame Grupo Editorial<\/title>\n<meta name=\"robots\" content=\"index, follow, max-snippet:-1, max-image-preview:large, max-video-preview:-1\" \/>\n<link rel=\"canonical\" href=\"https:\/\/letrame.com\/catalogo\/producto\/never-give-up\/\" \/>\n<meta property=\"og:locale\" content=\"es_ES\" \/>\n<meta property=\"og:type\" content=\"article\" \/>\n<meta property=\"og:title\" content=\"Never give up - Catalogo | Letrame Grupo Editorial\" \/>\n<meta property=\"og:description\" content=\"ISBN: 9791370294328 SINOPSIS\u00a0 Hay vidas que empiezan dos veces, una al nacer y otra cuando el cuerpo, de pronto, se convierte en un territorio en guerra. La de Raquel comenz\u00f3 por segunda vez a los cuatro a\u00f1os, cuando un diagn\u00f3stico imposible de pronunciar la empuj\u00f3 a un mundo de quir\u00f3fanos, m\u00e1quinas ruidosas y pasillos donde el tiempo deja de obedecer. Entre operaciones que parec\u00edan multiplicarse, tratamientos implacables y largas noches en la UCI, su infancia se transform\u00f3 en resistencia. La silla de ruedas no fue s\u00edmbolo de l\u00edmite, sino de movimiento. Las cicatrices, lejos de ser heridas, se volvieron medallas silenciosas. Y el hospital, ese lugar donde nunca deber\u00eda crecer una ni\u00f1a, acab\u00f3 convirti\u00e9ndose en hogar. Acompa\u00f1ada por m\u00e9dicos que se vuelven guardianes, amigos que aparecen entre goteros, voluntarios que llenan los d\u00edas de m\u00fasica y colores, y una familia que nunca suelta su mano, Raquel descubre que la libertad no depende del cuerpo, sino de la mirada con la que se habita el mundo. Porque, incluso cuando todo parece perdido, siempre hay un lugar donde agarrarse: la esperanza.\" \/>\n<meta property=\"og:url\" content=\"https:\/\/letrame.com\/catalogo\/producto\/never-give-up\/\" \/>\n<meta property=\"og:site_name\" content=\"Catalogo | Letrame Grupo Editorial\" \/>\n<meta property=\"article:modified_time\" content=\"2026-02-24T10:01:44+00:00\" \/>\n<meta property=\"og:image\" content=\"https:\/\/letrame.com\/catalogo\/wp-content\/uploads\/2026\/02\/portadacatalogo-1-scaled.jpg\" \/>\n\t<meta property=\"og:image:width\" content=\"1804\" \/>\n\t<meta property=\"og:image:height\" content=\"2560\" \/>\n\t<meta property=\"og:image:type\" content=\"image\/jpeg\" \/>\n<meta name=\"twitter:card\" content=\"summary_large_image\" \/>\n<meta name=\"twitter:label1\" content=\"Tiempo de lectura\" \/>\n\t<meta name=\"twitter:data1\" content=\"2 minutos\" \/>\n<script type=\"application\/ld+json\" class=\"yoast-schema-graph\">{\"@context\":\"https:\/\/schema.org\",\"@graph\":[{\"@type\":\"WebPage\",\"@id\":\"https:\/\/letrame.com\/catalogo\/producto\/never-give-up\/\",\"url\":\"https:\/\/letrame.com\/catalogo\/producto\/never-give-up\/\",\"name\":\"Never give up - Catalogo | Letrame Grupo Editorial\",\"isPartOf\":{\"@id\":\"https:\/\/letrame.com\/catalogo\/#website\"},\"primaryImageOfPage\":{\"@id\":\"https:\/\/letrame.com\/catalogo\/producto\/never-give-up\/#primaryimage\"},\"image\":{\"@id\":\"https:\/\/letrame.com\/catalogo\/producto\/never-give-up\/#primaryimage\"},\"thumbnailUrl\":\"https:\/\/letrame.com\/catalogo\/wp-content\/uploads\/2026\/02\/portadacatalogo-1-scaled.jpg\",\"datePublished\":\"2026-02-24T10:01:43+00:00\",\"dateModified\":\"2026-02-24T10:01:44+00:00\",\"breadcrumb\":{\"@id\":\"https:\/\/letrame.com\/catalogo\/producto\/never-give-up\/#breadcrumb\"},\"inLanguage\":\"es\",\"potentialAction\":[{\"@type\":\"ReadAction\",\"target\":[\"https:\/\/letrame.com\/catalogo\/producto\/never-give-up\/\"]}]},{\"@type\":\"ImageObject\",\"inLanguage\":\"es\",\"@id\":\"https:\/\/letrame.com\/catalogo\/producto\/never-give-up\/#primaryimage\",\"url\":\"https:\/\/letrame.com\/catalogo\/wp-content\/uploads\/2026\/02\/portadacatalogo-1-scaled.jpg\",\"contentUrl\":\"https:\/\/letrame.com\/catalogo\/wp-content\/uploads\/2026\/02\/portadacatalogo-1-scaled.jpg\",\"width\":1804,\"height\":2560},{\"@type\":\"BreadcrumbList\",\"@id\":\"https:\/\/letrame.com\/catalogo\/producto\/never-give-up\/#breadcrumb\",\"itemListElement\":[{\"@type\":\"ListItem\",\"position\":1,\"name\":\"Portada\",\"item\":\"https:\/\/letrame.com\/catalogo\/\"},{\"@type\":\"ListItem\",\"position\":2,\"name\":\"Cat\u00e1logo\",\"item\":\"https:\/\/letrame.com\/catalogo\/\"},{\"@type\":\"ListItem\",\"position\":3,\"name\":\"Never give up\"}]},{\"@type\":\"WebSite\",\"@id\":\"https:\/\/letrame.com\/catalogo\/#website\",\"url\":\"https:\/\/letrame.com\/catalogo\/\",\"name\":\"Catalogo | Letrame Grupo Editorial\",\"description\":\"\",\"publisher\":{\"@id\":\"https:\/\/letrame.com\/catalogo\/#organization\"},\"potentialAction\":[{\"@type\":\"SearchAction\",\"target\":{\"@type\":\"EntryPoint\",\"urlTemplate\":\"https:\/\/letrame.com\/catalogo\/?s={search_term_string}\"},\"query-input\":{\"@type\":\"PropertyValueSpecification\",\"valueRequired\":true,\"valueName\":\"search_term_string\"}}],\"inLanguage\":\"es\"},{\"@type\":\"Organization\",\"@id\":\"https:\/\/letrame.com\/catalogo\/#organization\",\"name\":\"Catalogo | Letrame Grupo Editorial\",\"url\":\"https:\/\/letrame.com\/catalogo\/\",\"logo\":{\"@type\":\"ImageObject\",\"inLanguage\":\"es\",\"@id\":\"https:\/\/letrame.com\/catalogo\/#\/schema\/logo\/image\/\",\"url\":\"https:\/\/letrame.com\/catalogo\/wp-content\/uploads\/2024\/03\/logo2.webp\",\"contentUrl\":\"https:\/\/letrame.com\/catalogo\/wp-content\/uploads\/2024\/03\/logo2.webp\",\"width\":394,\"height\":128,\"caption\":\"Catalogo | Letrame Grupo Editorial\"},\"image\":{\"@id\":\"https:\/\/letrame.com\/catalogo\/#\/schema\/logo\/image\/\"}}]}<\/script>\n<!-- \/ Yoast SEO plugin. -->","yoast_head_json":{"title":"Never give up - Catalogo | Letrame Grupo Editorial","robots":{"index":"index","follow":"follow","max-snippet":"max-snippet:-1","max-image-preview":"max-image-preview:large","max-video-preview":"max-video-preview:-1"},"canonical":"https:\/\/letrame.com\/catalogo\/producto\/never-give-up\/","og_locale":"es_ES","og_type":"article","og_title":"Never give up - Catalogo | Letrame Grupo Editorial","og_description":"ISBN: 9791370294328 SINOPSIS\u00a0 Hay vidas que empiezan dos veces, una al nacer y otra cuando el cuerpo, de pronto, se convierte en un territorio en guerra. La de Raquel comenz\u00f3 por segunda vez a los cuatro a\u00f1os, cuando un diagn\u00f3stico imposible de pronunciar la empuj\u00f3 a un mundo de quir\u00f3fanos, m\u00e1quinas ruidosas y pasillos donde el tiempo deja de obedecer. Entre operaciones que parec\u00edan multiplicarse, tratamientos implacables y largas noches en la UCI, su infancia se transform\u00f3 en resistencia. La silla de ruedas no fue s\u00edmbolo de l\u00edmite, sino de movimiento. Las cicatrices, lejos de ser heridas, se volvieron medallas silenciosas. Y el hospital, ese lugar donde nunca deber\u00eda crecer una ni\u00f1a, acab\u00f3 convirti\u00e9ndose en hogar. Acompa\u00f1ada por m\u00e9dicos que se vuelven guardianes, amigos que aparecen entre goteros, voluntarios que llenan los d\u00edas de m\u00fasica y colores, y una familia que nunca suelta su mano, Raquel descubre que la libertad no depende del cuerpo, sino de la mirada con la que se habita el mundo. Porque, incluso cuando todo parece perdido, siempre hay un lugar donde agarrarse: la esperanza.","og_url":"https:\/\/letrame.com\/catalogo\/producto\/never-give-up\/","og_site_name":"Catalogo | Letrame Grupo Editorial","article_modified_time":"2026-02-24T10:01:44+00:00","og_image":[{"width":1804,"height":2560,"url":"https:\/\/letrame.com\/catalogo\/wp-content\/uploads\/2026\/02\/portadacatalogo-1-scaled.jpg","type":"image\/jpeg"}],"twitter_card":"summary_large_image","twitter_misc":{"Tiempo de lectura":"2 minutos"},"schema":{"@context":"https:\/\/schema.org","@graph":[{"@type":"WebPage","@id":"https:\/\/letrame.com\/catalogo\/producto\/never-give-up\/","url":"https:\/\/letrame.com\/catalogo\/producto\/never-give-up\/","name":"Never give up - Catalogo | Letrame Grupo Editorial","isPartOf":{"@id":"https:\/\/letrame.com\/catalogo\/#website"},"primaryImageOfPage":{"@id":"https:\/\/letrame.com\/catalogo\/producto\/never-give-up\/#primaryimage"},"image":{"@id":"https:\/\/letrame.com\/catalogo\/producto\/never-give-up\/#primaryimage"},"thumbnailUrl":"https:\/\/letrame.com\/catalogo\/wp-content\/uploads\/2026\/02\/portadacatalogo-1-scaled.jpg","datePublished":"2026-02-24T10:01:43+00:00","dateModified":"2026-02-24T10:01:44+00:00","breadcrumb":{"@id":"https:\/\/letrame.com\/catalogo\/producto\/never-give-up\/#breadcrumb"},"inLanguage":"es","potentialAction":[{"@type":"ReadAction","target":["https:\/\/letrame.com\/catalogo\/producto\/never-give-up\/"]}]},{"@type":"ImageObject","inLanguage":"es","@id":"https:\/\/letrame.com\/catalogo\/producto\/never-give-up\/#primaryimage","url":"https:\/\/letrame.com\/catalogo\/wp-content\/uploads\/2026\/02\/portadacatalogo-1-scaled.jpg","contentUrl":"https:\/\/letrame.com\/catalogo\/wp-content\/uploads\/2026\/02\/portadacatalogo-1-scaled.jpg","width":1804,"height":2560},{"@type":"BreadcrumbList","@id":"https:\/\/letrame.com\/catalogo\/producto\/never-give-up\/#breadcrumb","itemListElement":[{"@type":"ListItem","position":1,"name":"Portada","item":"https:\/\/letrame.com\/catalogo\/"},{"@type":"ListItem","position":2,"name":"Cat\u00e1logo","item":"https:\/\/letrame.com\/catalogo\/"},{"@type":"ListItem","position":3,"name":"Never give up"}]},{"@type":"WebSite","@id":"https:\/\/letrame.com\/catalogo\/#website","url":"https:\/\/letrame.com\/catalogo\/","name":"Catalogo | Letrame Grupo Editorial","description":"","publisher":{"@id":"https:\/\/letrame.com\/catalogo\/#organization"},"potentialAction":[{"@type":"SearchAction","target":{"@type":"EntryPoint","urlTemplate":"https:\/\/letrame.com\/catalogo\/?s={search_term_string}"},"query-input":{"@type":"PropertyValueSpecification","valueRequired":true,"valueName":"search_term_string"}}],"inLanguage":"es"},{"@type":"Organization","@id":"https:\/\/letrame.com\/catalogo\/#organization","name":"Catalogo | Letrame Grupo Editorial","url":"https:\/\/letrame.com\/catalogo\/","logo":{"@type":"ImageObject","inLanguage":"es","@id":"https:\/\/letrame.com\/catalogo\/#\/schema\/logo\/image\/","url":"https:\/\/letrame.com\/catalogo\/wp-content\/uploads\/2024\/03\/logo2.webp","contentUrl":"https:\/\/letrame.com\/catalogo\/wp-content\/uploads\/2024\/03\/logo2.webp","width":394,"height":128,"caption":"Catalogo | Letrame Grupo Editorial"},"image":{"@id":"https:\/\/letrame.com\/catalogo\/#\/schema\/logo\/image\/"}}]}},"_links":{"self":[{"href":"https:\/\/letrame.com\/catalogo\/wp-json\/wp\/v2\/product\/111120","targetHints":{"allow":["GET"]}}],"collection":[{"href":"https:\/\/letrame.com\/catalogo\/wp-json\/wp\/v2\/product"}],"about":[{"href":"https:\/\/letrame.com\/catalogo\/wp-json\/wp\/v2\/types\/product"}],"replies":[{"embeddable":true,"href":"https:\/\/letrame.com\/catalogo\/wp-json\/wp\/v2\/comments?post=111120"}],"acf:post":[{"embeddable":true,"href":"https:\/\/letrame.com\/catalogo\/wp-json\/wp\/v2\/author_book\/111121"}],"wp:featuredmedia":[{"embeddable":true,"href":"https:\/\/letrame.com\/catalogo\/wp-json\/wp\/v2\/media\/111124"}],"wp:attachment":[{"href":"https:\/\/letrame.com\/catalogo\/wp-json\/wp\/v2\/media?parent=111120"}],"wp:term":[{"taxonomy":"libro","embeddable":true,"href":"https:\/\/letrame.com\/catalogo\/wp-json\/wp\/v2\/libro?post=111120"},{"taxonomy":"product_brand","embeddable":true,"href":"https:\/\/letrame.com\/catalogo\/wp-json\/wp\/v2\/product_brand?post=111120"},{"taxonomy":"product_cat","embeddable":true,"href":"https:\/\/letrame.com\/catalogo\/wp-json\/wp\/v2\/product_cat?post=111120"},{"taxonomy":"product_tag","embeddable":true,"href":"https:\/\/letrame.com\/catalogo\/wp-json\/wp\/v2\/product_tag?post=111120"}],"curies":[{"name":"wp","href":"https:\/\/api.w.org\/{rel}","templated":true}]}}