{"id":111117,"date":"2026-02-24T10:48:38","date_gmt":"2026-02-24T09:48:38","guid":{"rendered":"https:\/\/letrame.com\/catalogo\/?post_type=product&#038;p=111117"},"modified":"2026-02-24T10:48:40","modified_gmt":"2026-02-24T09:48:40","slug":"lo-que-quedo-por-decirnos","status":"publish","type":"product","link":"https:\/\/letrame.com\/catalogo\/producto\/lo-que-quedo-por-decirnos\/","title":{"rendered":"Lo que qued\u00f3 por decirnos"},"content":{"rendered":"<p class=\"p1\"><b>ISBN: <\/b>9791370291570<b><\/b><\/p>\n<p class=\"p1\"><b>T\u00edtulo: <\/b>Lo que qued\u00f3 por decirnos<br \/>\n<b>Fecha:\u00a0<\/b>2025<br \/>\n<b>P\u00e1ginas: <\/b>450<b><\/b><\/p>\n<p class=\"p1\"><b>SINOPSIS<\/b><\/p>\n<p class=\"p1\">\u00abDICEN QUE LO MATARON POR DINERO, PERO S\u00c9 QUE FUE POR ALGO M\u00c1S OSCURO\u00bb.<\/p>\n<p class=\"p1\">Cuando a Manolo S\u00e1nchez, de intachable trayectoria en el cuerpo de la benem\u00e9rita, le asignan la investigaci\u00f3n del crimen de un acaudalado hombre de negocios, lo que no imagina es que su compa\u00f1ero ser\u00e1 el impetuoso Juan Men-doza, sobrino del fallecido. Juntos, deber\u00e1n adentrarse en un laberinto de envidias y mentiras que amenazan con resquebrajar a toda la comunidad.<\/p>\n<p class=\"p1\">Todos parecen tener alg\u00fan motivo.<\/p>\n<p class=\"p1\">Nadie, una coartada firme.<\/p>\n<p class=\"p1\">\u00abANTES DEL ASESINATO, LO HAB\u00cdAN MATADO LOS RECUERDOS&#8230;\u00bb.<\/p>\n","protected":false},"excerpt":{"rendered":"<p class=\"p1\"><b>ISBN: <\/b>9791370291570<b><\/b><\/p>\n<p class=\"p1\"><b>SINOPSIS<\/b><\/p>\n<p class=\"p1\">\u00abDICEN QUE LO MATARON POR DINERO, PERO S\u00c9 QUE FUE POR ALGO M\u00c1S OSCURO\u00bb.<\/p>\n<p class=\"p1\">Cuando a Manolo S\u00e1nchez, de intachable trayectoria en el cuerpo de la benem\u00e9rita, le asignan la investigaci\u00f3n del crimen de un acaudalado hombre de negocios, lo que no imagina es que su compa\u00f1ero ser\u00e1 el impetuoso Juan Men-doza, sobrino del fallecido. Juntos, deber\u00e1n adentrarse en un laberinto de envidias y mentiras que amenazan con resquebrajar a toda la comunidad.<\/p>\n<p class=\"p1\">Todos parecen tener alg\u00fan motivo.<\/p>\n<p class=\"p1\">Nadie, una coartada firme.<\/p>\n<p class=\"p1\">\u00abANTES DEL ASESINATO, LO HAB\u00cdAN MATADO LOS RECUERDOS&#8230;\u00bb.<\/p>\n","protected":false},"featured_media":111118,"comment_status":"open","ping_status":"closed","template":"","meta":{"_acf_changed":false},"libro":[],"product_brand":[],"product_cat":[144],"product_tag":[],"class_list":{"0":"post-111117","1":"product","2":"type-product","3":"status-publish","4":"has-post-thumbnail","6":"product_cat-misterio","8":"first","9":"instock","10":"shipping-taxable","11":"product-type-simple"},"acf":{"autor":[73224],"enlace_de_compra":"https:\/\/amzn.to\/3MNbSa6"},"yoast_head":"<!-- This site is optimized with the Yoast SEO plugin v26.6 - https:\/\/yoast.com\/wordpress\/plugins\/seo\/ -->\n<title>Lo que qued\u00f3 por decirnos - Catalogo | Letrame Grupo Editorial<\/title>\n<meta name=\"robots\" content=\"index, follow, max-snippet:-1, max-image-preview:large, max-video-preview:-1\" \/>\n<link rel=\"canonical\" href=\"https:\/\/letrame.com\/catalogo\/producto\/lo-que-quedo-por-decirnos\/\" \/>\n<meta property=\"og:locale\" content=\"es_ES\" \/>\n<meta property=\"og:type\" content=\"article\" \/>\n<meta property=\"og:title\" content=\"Lo que qued\u00f3 por decirnos - Catalogo | Letrame Grupo Editorial\" \/>\n<meta property=\"og:description\" content=\"ISBN: 9791370291570 SINOPSIS \u00abDICEN QUE LO MATARON POR DINERO, PERO S\u00c9 QUE FUE POR ALGO M\u00c1S OSCURO\u00bb. Cuando a Manolo S\u00e1nchez, de intachable trayectoria en el cuerpo de la benem\u00e9rita, le asignan la investigaci\u00f3n del crimen de un acaudalado hombre de negocios, lo que no imagina es que su compa\u00f1ero ser\u00e1 el impetuoso Juan Men-doza, sobrino del fallecido. Juntos, deber\u00e1n adentrarse en un laberinto de envidias y mentiras que amenazan con resquebrajar a toda la comunidad. Todos parecen tener alg\u00fan motivo. Nadie, una coartada firme. \u00abANTES DEL ASESINATO, LO HAB\u00cdAN MATADO LOS RECUERDOS...\u00bb.\" \/>\n<meta property=\"og:url\" content=\"https:\/\/letrame.com\/catalogo\/producto\/lo-que-quedo-por-decirnos\/\" \/>\n<meta property=\"og:site_name\" content=\"Catalogo | Letrame Grupo Editorial\" \/>\n<meta property=\"article:modified_time\" content=\"2026-02-24T09:48:40+00:00\" \/>\n<meta property=\"og:image\" content=\"https:\/\/letrame.com\/catalogo\/wp-content\/uploads\/2026\/02\/portadacatalogo-scaled.jpg\" \/>\n\t<meta property=\"og:image:width\" content=\"1828\" \/>\n\t<meta property=\"og:image:height\" content=\"2560\" \/>\n\t<meta property=\"og:image:type\" content=\"image\/jpeg\" \/>\n<meta name=\"twitter:card\" content=\"summary_large_image\" \/>\n<meta name=\"twitter:label1\" content=\"Tiempo de lectura\" \/>\n\t<meta name=\"twitter:data1\" content=\"1 minuto\" \/>\n<script type=\"application\/ld+json\" class=\"yoast-schema-graph\">{\"@context\":\"https:\/\/schema.org\",\"@graph\":[{\"@type\":\"WebPage\",\"@id\":\"https:\/\/letrame.com\/catalogo\/producto\/lo-que-quedo-por-decirnos\/\",\"url\":\"https:\/\/letrame.com\/catalogo\/producto\/lo-que-quedo-por-decirnos\/\",\"name\":\"Lo que qued\u00f3 por decirnos - Catalogo | Letrame Grupo Editorial\",\"isPartOf\":{\"@id\":\"https:\/\/letrame.com\/catalogo\/#website\"},\"primaryImageOfPage\":{\"@id\":\"https:\/\/letrame.com\/catalogo\/producto\/lo-que-quedo-por-decirnos\/#primaryimage\"},\"image\":{\"@id\":\"https:\/\/letrame.com\/catalogo\/producto\/lo-que-quedo-por-decirnos\/#primaryimage\"},\"thumbnailUrl\":\"https:\/\/letrame.com\/catalogo\/wp-content\/uploads\/2026\/02\/portadacatalogo-scaled.jpg\",\"datePublished\":\"2026-02-24T09:48:38+00:00\",\"dateModified\":\"2026-02-24T09:48:40+00:00\",\"breadcrumb\":{\"@id\":\"https:\/\/letrame.com\/catalogo\/producto\/lo-que-quedo-por-decirnos\/#breadcrumb\"},\"inLanguage\":\"es\",\"potentialAction\":[{\"@type\":\"ReadAction\",\"target\":[\"https:\/\/letrame.com\/catalogo\/producto\/lo-que-quedo-por-decirnos\/\"]}]},{\"@type\":\"ImageObject\",\"inLanguage\":\"es\",\"@id\":\"https:\/\/letrame.com\/catalogo\/producto\/lo-que-quedo-por-decirnos\/#primaryimage\",\"url\":\"https:\/\/letrame.com\/catalogo\/wp-content\/uploads\/2026\/02\/portadacatalogo-scaled.jpg\",\"contentUrl\":\"https:\/\/letrame.com\/catalogo\/wp-content\/uploads\/2026\/02\/portadacatalogo-scaled.jpg\",\"width\":1828,\"height\":2560},{\"@type\":\"BreadcrumbList\",\"@id\":\"https:\/\/letrame.com\/catalogo\/producto\/lo-que-quedo-por-decirnos\/#breadcrumb\",\"itemListElement\":[{\"@type\":\"ListItem\",\"position\":1,\"name\":\"Portada\",\"item\":\"https:\/\/letrame.com\/catalogo\/\"},{\"@type\":\"ListItem\",\"position\":2,\"name\":\"Cat\u00e1logo\",\"item\":\"https:\/\/letrame.com\/catalogo\/\"},{\"@type\":\"ListItem\",\"position\":3,\"name\":\"Lo que qued\u00f3 por decirnos\"}]},{\"@type\":\"WebSite\",\"@id\":\"https:\/\/letrame.com\/catalogo\/#website\",\"url\":\"https:\/\/letrame.com\/catalogo\/\",\"name\":\"Catalogo | Letrame Grupo Editorial\",\"description\":\"\",\"publisher\":{\"@id\":\"https:\/\/letrame.com\/catalogo\/#organization\"},\"potentialAction\":[{\"@type\":\"SearchAction\",\"target\":{\"@type\":\"EntryPoint\",\"urlTemplate\":\"https:\/\/letrame.com\/catalogo\/?s={search_term_string}\"},\"query-input\":{\"@type\":\"PropertyValueSpecification\",\"valueRequired\":true,\"valueName\":\"search_term_string\"}}],\"inLanguage\":\"es\"},{\"@type\":\"Organization\",\"@id\":\"https:\/\/letrame.com\/catalogo\/#organization\",\"name\":\"Catalogo | Letrame Grupo Editorial\",\"url\":\"https:\/\/letrame.com\/catalogo\/\",\"logo\":{\"@type\":\"ImageObject\",\"inLanguage\":\"es\",\"@id\":\"https:\/\/letrame.com\/catalogo\/#\/schema\/logo\/image\/\",\"url\":\"https:\/\/letrame.com\/catalogo\/wp-content\/uploads\/2024\/03\/logo2.webp\",\"contentUrl\":\"https:\/\/letrame.com\/catalogo\/wp-content\/uploads\/2024\/03\/logo2.webp\",\"width\":394,\"height\":128,\"caption\":\"Catalogo | Letrame Grupo Editorial\"},\"image\":{\"@id\":\"https:\/\/letrame.com\/catalogo\/#\/schema\/logo\/image\/\"}}]}<\/script>\n<!-- \/ Yoast SEO plugin. -->","yoast_head_json":{"title":"Lo que qued\u00f3 por decirnos - Catalogo | Letrame Grupo Editorial","robots":{"index":"index","follow":"follow","max-snippet":"max-snippet:-1","max-image-preview":"max-image-preview:large","max-video-preview":"max-video-preview:-1"},"canonical":"https:\/\/letrame.com\/catalogo\/producto\/lo-que-quedo-por-decirnos\/","og_locale":"es_ES","og_type":"article","og_title":"Lo que qued\u00f3 por decirnos - Catalogo | Letrame Grupo Editorial","og_description":"ISBN: 9791370291570 SINOPSIS \u00abDICEN QUE LO MATARON POR DINERO, PERO S\u00c9 QUE FUE POR ALGO M\u00c1S OSCURO\u00bb. Cuando a Manolo S\u00e1nchez, de intachable trayectoria en el cuerpo de la benem\u00e9rita, le asignan la investigaci\u00f3n del crimen de un acaudalado hombre de negocios, lo que no imagina es que su compa\u00f1ero ser\u00e1 el impetuoso Juan Men-doza, sobrino del fallecido. Juntos, deber\u00e1n adentrarse en un laberinto de envidias y mentiras que amenazan con resquebrajar a toda la comunidad. Todos parecen tener alg\u00fan motivo. Nadie, una coartada firme. \u00abANTES DEL ASESINATO, LO HAB\u00cdAN MATADO LOS RECUERDOS...\u00bb.","og_url":"https:\/\/letrame.com\/catalogo\/producto\/lo-que-quedo-por-decirnos\/","og_site_name":"Catalogo | Letrame Grupo Editorial","article_modified_time":"2026-02-24T09:48:40+00:00","og_image":[{"width":1828,"height":2560,"url":"https:\/\/letrame.com\/catalogo\/wp-content\/uploads\/2026\/02\/portadacatalogo-scaled.jpg","type":"image\/jpeg"}],"twitter_card":"summary_large_image","twitter_misc":{"Tiempo de lectura":"1 minuto"},"schema":{"@context":"https:\/\/schema.org","@graph":[{"@type":"WebPage","@id":"https:\/\/letrame.com\/catalogo\/producto\/lo-que-quedo-por-decirnos\/","url":"https:\/\/letrame.com\/catalogo\/producto\/lo-que-quedo-por-decirnos\/","name":"Lo que qued\u00f3 por decirnos - Catalogo | Letrame Grupo Editorial","isPartOf":{"@id":"https:\/\/letrame.com\/catalogo\/#website"},"primaryImageOfPage":{"@id":"https:\/\/letrame.com\/catalogo\/producto\/lo-que-quedo-por-decirnos\/#primaryimage"},"image":{"@id":"https:\/\/letrame.com\/catalogo\/producto\/lo-que-quedo-por-decirnos\/#primaryimage"},"thumbnailUrl":"https:\/\/letrame.com\/catalogo\/wp-content\/uploads\/2026\/02\/portadacatalogo-scaled.jpg","datePublished":"2026-02-24T09:48:38+00:00","dateModified":"2026-02-24T09:48:40+00:00","breadcrumb":{"@id":"https:\/\/letrame.com\/catalogo\/producto\/lo-que-quedo-por-decirnos\/#breadcrumb"},"inLanguage":"es","potentialAction":[{"@type":"ReadAction","target":["https:\/\/letrame.com\/catalogo\/producto\/lo-que-quedo-por-decirnos\/"]}]},{"@type":"ImageObject","inLanguage":"es","@id":"https:\/\/letrame.com\/catalogo\/producto\/lo-que-quedo-por-decirnos\/#primaryimage","url":"https:\/\/letrame.com\/catalogo\/wp-content\/uploads\/2026\/02\/portadacatalogo-scaled.jpg","contentUrl":"https:\/\/letrame.com\/catalogo\/wp-content\/uploads\/2026\/02\/portadacatalogo-scaled.jpg","width":1828,"height":2560},{"@type":"BreadcrumbList","@id":"https:\/\/letrame.com\/catalogo\/producto\/lo-que-quedo-por-decirnos\/#breadcrumb","itemListElement":[{"@type":"ListItem","position":1,"name":"Portada","item":"https:\/\/letrame.com\/catalogo\/"},{"@type":"ListItem","position":2,"name":"Cat\u00e1logo","item":"https:\/\/letrame.com\/catalogo\/"},{"@type":"ListItem","position":3,"name":"Lo que qued\u00f3 por decirnos"}]},{"@type":"WebSite","@id":"https:\/\/letrame.com\/catalogo\/#website","url":"https:\/\/letrame.com\/catalogo\/","name":"Catalogo | Letrame Grupo Editorial","description":"","publisher":{"@id":"https:\/\/letrame.com\/catalogo\/#organization"},"potentialAction":[{"@type":"SearchAction","target":{"@type":"EntryPoint","urlTemplate":"https:\/\/letrame.com\/catalogo\/?s={search_term_string}"},"query-input":{"@type":"PropertyValueSpecification","valueRequired":true,"valueName":"search_term_string"}}],"inLanguage":"es"},{"@type":"Organization","@id":"https:\/\/letrame.com\/catalogo\/#organization","name":"Catalogo | Letrame Grupo Editorial","url":"https:\/\/letrame.com\/catalogo\/","logo":{"@type":"ImageObject","inLanguage":"es","@id":"https:\/\/letrame.com\/catalogo\/#\/schema\/logo\/image\/","url":"https:\/\/letrame.com\/catalogo\/wp-content\/uploads\/2024\/03\/logo2.webp","contentUrl":"https:\/\/letrame.com\/catalogo\/wp-content\/uploads\/2024\/03\/logo2.webp","width":394,"height":128,"caption":"Catalogo | Letrame Grupo Editorial"},"image":{"@id":"https:\/\/letrame.com\/catalogo\/#\/schema\/logo\/image\/"}}]}},"_links":{"self":[{"href":"https:\/\/letrame.com\/catalogo\/wp-json\/wp\/v2\/product\/111117","targetHints":{"allow":["GET"]}}],"collection":[{"href":"https:\/\/letrame.com\/catalogo\/wp-json\/wp\/v2\/product"}],"about":[{"href":"https:\/\/letrame.com\/catalogo\/wp-json\/wp\/v2\/types\/product"}],"replies":[{"embeddable":true,"href":"https:\/\/letrame.com\/catalogo\/wp-json\/wp\/v2\/comments?post=111117"}],"acf:post":[{"embeddable":true,"href":"https:\/\/letrame.com\/catalogo\/wp-json\/wp\/v2\/author_book\/73224"}],"wp:featuredmedia":[{"embeddable":true,"href":"https:\/\/letrame.com\/catalogo\/wp-json\/wp\/v2\/media\/111118"}],"wp:attachment":[{"href":"https:\/\/letrame.com\/catalogo\/wp-json\/wp\/v2\/media?parent=111117"}],"wp:term":[{"taxonomy":"libro","embeddable":true,"href":"https:\/\/letrame.com\/catalogo\/wp-json\/wp\/v2\/libro?post=111117"},{"taxonomy":"product_brand","embeddable":true,"href":"https:\/\/letrame.com\/catalogo\/wp-json\/wp\/v2\/product_brand?post=111117"},{"taxonomy":"product_cat","embeddable":true,"href":"https:\/\/letrame.com\/catalogo\/wp-json\/wp\/v2\/product_cat?post=111117"},{"taxonomy":"product_tag","embeddable":true,"href":"https:\/\/letrame.com\/catalogo\/wp-json\/wp\/v2\/product_tag?post=111117"}],"curies":[{"name":"wp","href":"https:\/\/api.w.org\/{rel}","templated":true}]}}