{"id":111110,"date":"2026-02-23T13:19:23","date_gmt":"2026-02-23T12:19:23","guid":{"rendered":"https:\/\/letrame.com\/catalogo\/?post_type=product&#038;p=111110"},"modified":"2026-02-23T13:19:25","modified_gmt":"2026-02-23T12:19:25","slug":"voces-cautivas","status":"publish","type":"product","link":"https:\/\/letrame.com\/catalogo\/producto\/voces-cautivas\/","title":{"rendered":"Voces Cautivas"},"content":{"rendered":"<p class=\"p1\"><b>ISBN: <\/b>9788411145022<b><\/b><\/p>\n<p class=\"p1\"><b>T\u00edtulo: <\/b>Voces Cautivas<br \/>\n<b>Fecha:\u00a0<\/b>2022<br \/>\n<b>P\u00e1ginas:\u00a0<\/b>132<b><\/b><\/p>\n<p class=\"p1\"><b>SINOPSIS<\/b><b><\/b><\/p>\n<p>En el trasiego incansable de las olas nacen estos diecisiete cuentos. Relatos escritos a r\u00e1fagas de viento y golpes de mar, de sal, espuma y yodo. Escritura de naufragio que surge del abismo en forma de islotes repentinos, abruptos, salvajes. Y peligrosos: no est\u00e1n se\u00f1alados en ninguna carta n\u00e1utica.Entre el cielo y el mar, acompa\u00f1ado por el murmullo de los antiguos dioses griegos, mi barco vestido de blanco navega mediterr\u00e1neamente cautivo y se puebla de voces.Cuentos que narran los avatares de los hombres en tierra firme, tan contradictorios a veces como el deseo del marino que al anochecer, bajo la oblicua mirada de la luna, aspira el perfume de rosas y limones que le llega de tierra y es entonces cuando quiere y no quiere llegar a puerto.Pen\u00e9lope tendr\u00e1 que esperar.<\/p>\n","protected":false},"excerpt":{"rendered":"<p class=\"p1\"><b>ISBN: <\/b>9788411145022<\/p>\n<p class=\"p1\"><b><\/b><b>SINOPSIS<\/b><b><\/b><\/p>\n<p>En el trasiego incansable de las olas nacen estos diecisiete cuentos. Relatos escritos a r\u00e1fagas de viento y golpes de mar, de sal, espuma y yodo. Escritura de naufragio que surge del abismo en forma de islotes repentinos, abruptos, salvajes. Y peligrosos: no est\u00e1n se\u00f1alados en ninguna carta n\u00e1utica.Entre el cielo y el mar, acompa\u00f1ado por el murmullo de los antiguos dioses griegos, mi barco vestido de blanco navega mediterr\u00e1neamente cautivo y se puebla de voces.Cuentos que narran los avatares de los hombres en tierra firme, tan contradictorios a veces como el deseo del marino que al anochecer, bajo la oblicua mirada de la luna, aspira el perfume de rosas y limones que le llega de tierra y es entonces cuando quiere y no quiere llegar a puerto.Pen\u00e9lope tendr\u00e1 que esperar.<\/p>\n","protected":false},"featured_media":111113,"comment_status":"open","ping_status":"closed","template":"","meta":{"_acf_changed":false},"libro":[],"product_brand":[],"product_cat":[21],"product_tag":[],"class_list":{"0":"post-111110","1":"product","2":"type-product","3":"status-publish","4":"has-post-thumbnail","6":"product_cat-relato","8":"first","9":"instock","10":"shipping-taxable","11":"product-type-simple"},"acf":{"autor":[111111],"enlace_de_compra":"https:\/\/amzn.to\/4kNdQDQ"},"yoast_head":"<!-- This site is optimized with the Yoast SEO plugin v26.6 - https:\/\/yoast.com\/wordpress\/plugins\/seo\/ -->\n<title>Voces Cautivas - Catalogo | Letrame Grupo Editorial<\/title>\n<meta name=\"robots\" content=\"index, follow, max-snippet:-1, max-image-preview:large, max-video-preview:-1\" \/>\n<link rel=\"canonical\" href=\"https:\/\/letrame.com\/catalogo\/producto\/voces-cautivas\/\" \/>\n<meta property=\"og:locale\" content=\"es_ES\" \/>\n<meta property=\"og:type\" content=\"article\" \/>\n<meta property=\"og:title\" content=\"Voces Cautivas - Catalogo | Letrame Grupo Editorial\" \/>\n<meta property=\"og:description\" content=\"ISBN: 9788411145022 SINOPSIS En el trasiego incansable de las olas nacen estos diecisiete cuentos. Relatos escritos a r\u00e1fagas de viento y golpes de mar, de sal, espuma y yodo. Escritura de naufragio que surge del abismo en forma de islotes repentinos, abruptos, salvajes. Y peligrosos: no est\u00e1n se\u00f1alados en ninguna carta n\u00e1utica.Entre el cielo y el mar, acompa\u00f1ado por el murmullo de los antiguos dioses griegos, mi barco vestido de blanco navega mediterr\u00e1neamente cautivo y se puebla de voces.Cuentos que narran los avatares de los hombres en tierra firme, tan contradictorios a veces como el deseo del marino que al anochecer, bajo la oblicua mirada de la luna, aspira el perfume de rosas y limones que le llega de tierra y es entonces cuando quiere y no quiere llegar a puerto.Pen\u00e9lope tendr\u00e1 que esperar.\" \/>\n<meta property=\"og:url\" content=\"https:\/\/letrame.com\/catalogo\/producto\/voces-cautivas\/\" \/>\n<meta property=\"og:site_name\" content=\"Catalogo | Letrame Grupo Editorial\" \/>\n<meta property=\"article:modified_time\" content=\"2026-02-23T12:19:25+00:00\" \/>\n<meta property=\"og:image\" content=\"https:\/\/letrame.com\/catalogo\/wp-content\/uploads\/2026\/02\/Captura-de-pantalla-2026-02-23-a-las-13.16.10-733x1024.png\" \/>\n\t<meta property=\"og:image:width\" content=\"733\" \/>\n\t<meta property=\"og:image:height\" content=\"1024\" \/>\n\t<meta property=\"og:image:type\" content=\"image\/png\" \/>\n<meta name=\"twitter:card\" content=\"summary_large_image\" \/>\n<meta name=\"twitter:label1\" content=\"Tiempo de lectura\" \/>\n\t<meta name=\"twitter:data1\" content=\"1 minuto\" \/>\n<script type=\"application\/ld+json\" class=\"yoast-schema-graph\">{\"@context\":\"https:\/\/schema.org\",\"@graph\":[{\"@type\":\"WebPage\",\"@id\":\"https:\/\/letrame.com\/catalogo\/producto\/voces-cautivas\/\",\"url\":\"https:\/\/letrame.com\/catalogo\/producto\/voces-cautivas\/\",\"name\":\"Voces Cautivas - Catalogo | Letrame Grupo Editorial\",\"isPartOf\":{\"@id\":\"https:\/\/letrame.com\/catalogo\/#website\"},\"primaryImageOfPage\":{\"@id\":\"https:\/\/letrame.com\/catalogo\/producto\/voces-cautivas\/#primaryimage\"},\"image\":{\"@id\":\"https:\/\/letrame.com\/catalogo\/producto\/voces-cautivas\/#primaryimage\"},\"thumbnailUrl\":\"https:\/\/letrame.com\/catalogo\/wp-content\/uploads\/2026\/02\/Captura-de-pantalla-2026-02-23-a-las-13.16.10.png\",\"datePublished\":\"2026-02-23T12:19:23+00:00\",\"dateModified\":\"2026-02-23T12:19:25+00:00\",\"breadcrumb\":{\"@id\":\"https:\/\/letrame.com\/catalogo\/producto\/voces-cautivas\/#breadcrumb\"},\"inLanguage\":\"es\",\"potentialAction\":[{\"@type\":\"ReadAction\",\"target\":[\"https:\/\/letrame.com\/catalogo\/producto\/voces-cautivas\/\"]}]},{\"@type\":\"ImageObject\",\"inLanguage\":\"es\",\"@id\":\"https:\/\/letrame.com\/catalogo\/producto\/voces-cautivas\/#primaryimage\",\"url\":\"https:\/\/letrame.com\/catalogo\/wp-content\/uploads\/2026\/02\/Captura-de-pantalla-2026-02-23-a-las-13.16.10.png\",\"contentUrl\":\"https:\/\/letrame.com\/catalogo\/wp-content\/uploads\/2026\/02\/Captura-de-pantalla-2026-02-23-a-las-13.16.10.png\",\"width\":1126,\"height\":1574},{\"@type\":\"BreadcrumbList\",\"@id\":\"https:\/\/letrame.com\/catalogo\/producto\/voces-cautivas\/#breadcrumb\",\"itemListElement\":[{\"@type\":\"ListItem\",\"position\":1,\"name\":\"Portada\",\"item\":\"https:\/\/letrame.com\/catalogo\/\"},{\"@type\":\"ListItem\",\"position\":2,\"name\":\"Cat\u00e1logo\",\"item\":\"https:\/\/letrame.com\/catalogo\/\"},{\"@type\":\"ListItem\",\"position\":3,\"name\":\"Voces Cautivas\"}]},{\"@type\":\"WebSite\",\"@id\":\"https:\/\/letrame.com\/catalogo\/#website\",\"url\":\"https:\/\/letrame.com\/catalogo\/\",\"name\":\"Catalogo | Letrame Grupo Editorial\",\"description\":\"\",\"publisher\":{\"@id\":\"https:\/\/letrame.com\/catalogo\/#organization\"},\"potentialAction\":[{\"@type\":\"SearchAction\",\"target\":{\"@type\":\"EntryPoint\",\"urlTemplate\":\"https:\/\/letrame.com\/catalogo\/?s={search_term_string}\"},\"query-input\":{\"@type\":\"PropertyValueSpecification\",\"valueRequired\":true,\"valueName\":\"search_term_string\"}}],\"inLanguage\":\"es\"},{\"@type\":\"Organization\",\"@id\":\"https:\/\/letrame.com\/catalogo\/#organization\",\"name\":\"Catalogo | Letrame Grupo Editorial\",\"url\":\"https:\/\/letrame.com\/catalogo\/\",\"logo\":{\"@type\":\"ImageObject\",\"inLanguage\":\"es\",\"@id\":\"https:\/\/letrame.com\/catalogo\/#\/schema\/logo\/image\/\",\"url\":\"https:\/\/letrame.com\/catalogo\/wp-content\/uploads\/2024\/03\/logo2.webp\",\"contentUrl\":\"https:\/\/letrame.com\/catalogo\/wp-content\/uploads\/2024\/03\/logo2.webp\",\"width\":394,\"height\":128,\"caption\":\"Catalogo | Letrame Grupo Editorial\"},\"image\":{\"@id\":\"https:\/\/letrame.com\/catalogo\/#\/schema\/logo\/image\/\"}}]}<\/script>\n<!-- \/ Yoast SEO plugin. -->","yoast_head_json":{"title":"Voces Cautivas - Catalogo | Letrame Grupo Editorial","robots":{"index":"index","follow":"follow","max-snippet":"max-snippet:-1","max-image-preview":"max-image-preview:large","max-video-preview":"max-video-preview:-1"},"canonical":"https:\/\/letrame.com\/catalogo\/producto\/voces-cautivas\/","og_locale":"es_ES","og_type":"article","og_title":"Voces Cautivas - Catalogo | Letrame Grupo Editorial","og_description":"ISBN: 9788411145022 SINOPSIS En el trasiego incansable de las olas nacen estos diecisiete cuentos. Relatos escritos a r\u00e1fagas de viento y golpes de mar, de sal, espuma y yodo. Escritura de naufragio que surge del abismo en forma de islotes repentinos, abruptos, salvajes. Y peligrosos: no est\u00e1n se\u00f1alados en ninguna carta n\u00e1utica.Entre el cielo y el mar, acompa\u00f1ado por el murmullo de los antiguos dioses griegos, mi barco vestido de blanco navega mediterr\u00e1neamente cautivo y se puebla de voces.Cuentos que narran los avatares de los hombres en tierra firme, tan contradictorios a veces como el deseo del marino que al anochecer, bajo la oblicua mirada de la luna, aspira el perfume de rosas y limones que le llega de tierra y es entonces cuando quiere y no quiere llegar a puerto.Pen\u00e9lope tendr\u00e1 que esperar.","og_url":"https:\/\/letrame.com\/catalogo\/producto\/voces-cautivas\/","og_site_name":"Catalogo | Letrame Grupo Editorial","article_modified_time":"2026-02-23T12:19:25+00:00","og_image":[{"width":733,"height":1024,"url":"https:\/\/letrame.com\/catalogo\/wp-content\/uploads\/2026\/02\/Captura-de-pantalla-2026-02-23-a-las-13.16.10-733x1024.png","type":"image\/png"}],"twitter_card":"summary_large_image","twitter_misc":{"Tiempo de lectura":"1 minuto"},"schema":{"@context":"https:\/\/schema.org","@graph":[{"@type":"WebPage","@id":"https:\/\/letrame.com\/catalogo\/producto\/voces-cautivas\/","url":"https:\/\/letrame.com\/catalogo\/producto\/voces-cautivas\/","name":"Voces Cautivas - Catalogo | Letrame Grupo Editorial","isPartOf":{"@id":"https:\/\/letrame.com\/catalogo\/#website"},"primaryImageOfPage":{"@id":"https:\/\/letrame.com\/catalogo\/producto\/voces-cautivas\/#primaryimage"},"image":{"@id":"https:\/\/letrame.com\/catalogo\/producto\/voces-cautivas\/#primaryimage"},"thumbnailUrl":"https:\/\/letrame.com\/catalogo\/wp-content\/uploads\/2026\/02\/Captura-de-pantalla-2026-02-23-a-las-13.16.10.png","datePublished":"2026-02-23T12:19:23+00:00","dateModified":"2026-02-23T12:19:25+00:00","breadcrumb":{"@id":"https:\/\/letrame.com\/catalogo\/producto\/voces-cautivas\/#breadcrumb"},"inLanguage":"es","potentialAction":[{"@type":"ReadAction","target":["https:\/\/letrame.com\/catalogo\/producto\/voces-cautivas\/"]}]},{"@type":"ImageObject","inLanguage":"es","@id":"https:\/\/letrame.com\/catalogo\/producto\/voces-cautivas\/#primaryimage","url":"https:\/\/letrame.com\/catalogo\/wp-content\/uploads\/2026\/02\/Captura-de-pantalla-2026-02-23-a-las-13.16.10.png","contentUrl":"https:\/\/letrame.com\/catalogo\/wp-content\/uploads\/2026\/02\/Captura-de-pantalla-2026-02-23-a-las-13.16.10.png","width":1126,"height":1574},{"@type":"BreadcrumbList","@id":"https:\/\/letrame.com\/catalogo\/producto\/voces-cautivas\/#breadcrumb","itemListElement":[{"@type":"ListItem","position":1,"name":"Portada","item":"https:\/\/letrame.com\/catalogo\/"},{"@type":"ListItem","position":2,"name":"Cat\u00e1logo","item":"https:\/\/letrame.com\/catalogo\/"},{"@type":"ListItem","position":3,"name":"Voces Cautivas"}]},{"@type":"WebSite","@id":"https:\/\/letrame.com\/catalogo\/#website","url":"https:\/\/letrame.com\/catalogo\/","name":"Catalogo | Letrame Grupo Editorial","description":"","publisher":{"@id":"https:\/\/letrame.com\/catalogo\/#organization"},"potentialAction":[{"@type":"SearchAction","target":{"@type":"EntryPoint","urlTemplate":"https:\/\/letrame.com\/catalogo\/?s={search_term_string}"},"query-input":{"@type":"PropertyValueSpecification","valueRequired":true,"valueName":"search_term_string"}}],"inLanguage":"es"},{"@type":"Organization","@id":"https:\/\/letrame.com\/catalogo\/#organization","name":"Catalogo | Letrame Grupo Editorial","url":"https:\/\/letrame.com\/catalogo\/","logo":{"@type":"ImageObject","inLanguage":"es","@id":"https:\/\/letrame.com\/catalogo\/#\/schema\/logo\/image\/","url":"https:\/\/letrame.com\/catalogo\/wp-content\/uploads\/2024\/03\/logo2.webp","contentUrl":"https:\/\/letrame.com\/catalogo\/wp-content\/uploads\/2024\/03\/logo2.webp","width":394,"height":128,"caption":"Catalogo | Letrame Grupo Editorial"},"image":{"@id":"https:\/\/letrame.com\/catalogo\/#\/schema\/logo\/image\/"}}]}},"_links":{"self":[{"href":"https:\/\/letrame.com\/catalogo\/wp-json\/wp\/v2\/product\/111110","targetHints":{"allow":["GET"]}}],"collection":[{"href":"https:\/\/letrame.com\/catalogo\/wp-json\/wp\/v2\/product"}],"about":[{"href":"https:\/\/letrame.com\/catalogo\/wp-json\/wp\/v2\/types\/product"}],"replies":[{"embeddable":true,"href":"https:\/\/letrame.com\/catalogo\/wp-json\/wp\/v2\/comments?post=111110"}],"acf:post":[{"embeddable":true,"href":"https:\/\/letrame.com\/catalogo\/wp-json\/wp\/v2\/author_book\/111111"}],"wp:featuredmedia":[{"embeddable":true,"href":"https:\/\/letrame.com\/catalogo\/wp-json\/wp\/v2\/media\/111113"}],"wp:attachment":[{"href":"https:\/\/letrame.com\/catalogo\/wp-json\/wp\/v2\/media?parent=111110"}],"wp:term":[{"taxonomy":"libro","embeddable":true,"href":"https:\/\/letrame.com\/catalogo\/wp-json\/wp\/v2\/libro?post=111110"},{"taxonomy":"product_brand","embeddable":true,"href":"https:\/\/letrame.com\/catalogo\/wp-json\/wp\/v2\/product_brand?post=111110"},{"taxonomy":"product_cat","embeddable":true,"href":"https:\/\/letrame.com\/catalogo\/wp-json\/wp\/v2\/product_cat?post=111110"},{"taxonomy":"product_tag","embeddable":true,"href":"https:\/\/letrame.com\/catalogo\/wp-json\/wp\/v2\/product_tag?post=111110"}],"curies":[{"name":"wp","href":"https:\/\/api.w.org\/{rel}","templated":true}]}}