{"id":111078,"date":"2026-02-19T13:48:35","date_gmt":"2026-02-19T12:48:35","guid":{"rendered":"https:\/\/letrame.com\/catalogo\/?post_type=product&#038;p=111078"},"modified":"2026-02-19T13:48:36","modified_gmt":"2026-02-19T12:48:36","slug":"mama-llevame-al-parque-de-bolas","status":"publish","type":"product","link":"https:\/\/letrame.com\/catalogo\/producto\/mama-llevame-al-parque-de-bolas\/","title":{"rendered":"Mam\u00e1, ll\u00e9vame al parque de bolas"},"content":{"rendered":"<p class=\"p1\"><b>ISBN:\u00a0<\/b>9791370291686<b><\/b><\/p>\n<p class=\"p1\"><b>T\u00edtulo:\u00a0<\/b>Mam\u00e1, ll\u00e9vame al parque de bolas<br \/>\n<b>Fecha:<\/b> 2025<br \/>\n<b>P\u00e1ginas:\u00a0<\/b>184<b><\/b><\/p>\n<p class=\"p1\"><b>SINOPSIS<\/b><\/p>\n<p>\u00bfSiempre so\u00f1aste con tener tu propio negocio de ocio infantil? \u00bfY si emprender en el sector infantil fuera algo m\u00e1s que una apuesta arriesgada?<br \/>\nEste libro no es una f\u00e1bula edulcorada ni una gu\u00eda t\u00e9cnica sin alma. Es el testimonio real de un emprendedor que convirti\u00f3 una idea \u2014montar un parque de bolas\u2014 en un negocio estable y con impacto. A trav\u00e9s de esta narraci\u00f3n honesta y pr\u00e1ctica, el autor comparte los aciertos y errores de cada etapa del proceso, con una gran visi\u00f3n, con ejemplos pr\u00e1cticos que hacen m\u00e1s sencillo de entender las ense\u00f1anzas.<\/p>\n<p>Mam\u00e1, ll\u00e9vame al parque de bolas es mucho m\u00e1s que una historia personal: es una hoja de ruta para quienes quieren emprender en el mundo del ocio infantil con cabeza, coraz\u00f3n y visi\u00f3n de futuro. Ideal para personas que est\u00e1n considerando montar un centro de ocio, o cualquier proyecto familiar que tenga que ver con el<br \/>\nocio infantil, este libro combina experiencia, an\u00e1lisis y sentimientos en cada p\u00e1gina. No esperes m\u00e1s, descubre c\u00f3mo este libro puede aportar a tu vida.<\/p>\n","protected":false},"excerpt":{"rendered":"<p class=\"p1\"><b>ISBN:\u00a0<\/b>9791370291686<\/p>\n<p class=\"p1\"><b><\/b><b>SINOPSIS<\/b><\/p>\n<p>\u00bfSiempre so\u00f1aste con tener tu propio negocio de ocio infantil? \u00bfY si emprender en el sector infantil fuera algo m\u00e1s que una apuesta arriesgada?<br \/>\nEste libro no es una f\u00e1bula edulcorada ni una gu\u00eda t\u00e9cnica sin alma. Es el testimonio real de un emprendedor que convirti\u00f3 una idea \u2014montar un parque de bolas\u2014 en un negocio estable y con impacto. A trav\u00e9s de esta narraci\u00f3n honesta y pr\u00e1ctica, el autor comparte los aciertos y errores de cada etapa del proceso, con una gran visi\u00f3n, con ejemplos pr\u00e1cticos que hacen m\u00e1s sencillo de entender las ense\u00f1anzas.<\/p>\n<p>Mam\u00e1, ll\u00e9vame al parque de bolas es mucho m\u00e1s que una historia personal: es una hoja de ruta para quienes quieren emprender en el mundo del ocio infantil con cabeza, coraz\u00f3n y visi\u00f3n de futuro. Ideal para personas que est\u00e1n considerando montar un centro de ocio, o cualquier proyecto familiar que tenga que ver con el<br \/>\nocio infantil, este libro combina experiencia, an\u00e1lisis y sentimientos en cada p\u00e1gina. No esperes m\u00e1s, descubre c\u00f3mo este libro puede aportar a tu vida.<\/p>\n","protected":false},"featured_media":111082,"comment_status":"open","ping_status":"closed","template":"","meta":{"_acf_changed":false},"libro":[],"product_brand":[],"product_cat":[42],"product_tag":[],"class_list":{"0":"post-111078","1":"product","2":"type-product","3":"status-publish","4":"has-post-thumbnail","6":"product_cat-administracion-y-negocios","8":"first","9":"instock","10":"shipping-taxable","11":"product-type-simple"},"acf":{"autor":[111079],"enlace_de_compra":"https:\/\/amzn.to\/3ZKI3K8"},"yoast_head":"<!-- This site is optimized with the Yoast SEO plugin v26.6 - https:\/\/yoast.com\/wordpress\/plugins\/seo\/ -->\n<title>Mam\u00e1, ll\u00e9vame al parque de bolas - Catalogo | Letrame Grupo Editorial<\/title>\n<meta name=\"robots\" content=\"index, follow, max-snippet:-1, max-image-preview:large, max-video-preview:-1\" \/>\n<link rel=\"canonical\" href=\"https:\/\/letrame.com\/catalogo\/producto\/mama-llevame-al-parque-de-bolas\/\" \/>\n<meta property=\"og:locale\" content=\"es_ES\" \/>\n<meta property=\"og:type\" content=\"article\" \/>\n<meta property=\"og:title\" content=\"Mam\u00e1, ll\u00e9vame al parque de bolas - Catalogo | Letrame Grupo Editorial\" \/>\n<meta property=\"og:description\" content=\"ISBN:\u00a09791370291686 SINOPSIS \u00bfSiempre so\u00f1aste con tener tu propio negocio de ocio infantil? \u00bfY si emprender en el sector infantil fuera algo m\u00e1s que una apuesta arriesgada? Este libro no es una f\u00e1bula edulcorada ni una gu\u00eda t\u00e9cnica sin alma. Es el testimonio real de un emprendedor que convirti\u00f3 una idea \u2014montar un parque de bolas\u2014 en un negocio estable y con impacto. A trav\u00e9s de esta narraci\u00f3n honesta y pr\u00e1ctica, el autor comparte los aciertos y errores de cada etapa del proceso, con una gran visi\u00f3n, con ejemplos pr\u00e1cticos que hacen m\u00e1s sencillo de entender las ense\u00f1anzas.  Mam\u00e1, ll\u00e9vame al parque de bolas es mucho m\u00e1s que una historia personal: es una hoja de ruta para quienes quieren emprender en el mundo del ocio infantil con cabeza, coraz\u00f3n y visi\u00f3n de futuro. Ideal para personas que est\u00e1n considerando montar un centro de ocio, o cualquier proyecto familiar que tenga que ver con el ocio infantil, este libro combina experiencia, an\u00e1lisis y sentimientos en cada p\u00e1gina. No esperes m\u00e1s, descubre c\u00f3mo este libro puede aportar a tu vida.\" \/>\n<meta property=\"og:url\" content=\"https:\/\/letrame.com\/catalogo\/producto\/mama-llevame-al-parque-de-bolas\/\" \/>\n<meta property=\"og:site_name\" content=\"Catalogo | Letrame Grupo Editorial\" \/>\n<meta property=\"article:modified_time\" content=\"2026-02-19T12:48:36+00:00\" \/>\n<meta property=\"og:image\" content=\"https:\/\/letrame.com\/catalogo\/wp-content\/uploads\/2026\/02\/opinionesletramemamallevame_961mm4-scaled.jpg\" \/>\n\t<meta property=\"og:image:width\" content=\"1772\" \/>\n\t<meta property=\"og:image:height\" content=\"2560\" \/>\n\t<meta property=\"og:image:type\" content=\"image\/jpeg\" \/>\n<meta name=\"twitter:card\" content=\"summary_large_image\" \/>\n<meta name=\"twitter:label1\" content=\"Tiempo de lectura\" \/>\n\t<meta name=\"twitter:data1\" content=\"1 minuto\" \/>\n<script type=\"application\/ld+json\" class=\"yoast-schema-graph\">{\"@context\":\"https:\/\/schema.org\",\"@graph\":[{\"@type\":\"WebPage\",\"@id\":\"https:\/\/letrame.com\/catalogo\/producto\/mama-llevame-al-parque-de-bolas\/\",\"url\":\"https:\/\/letrame.com\/catalogo\/producto\/mama-llevame-al-parque-de-bolas\/\",\"name\":\"Mam\u00e1, ll\u00e9vame al parque de bolas - Catalogo | Letrame Grupo Editorial\",\"isPartOf\":{\"@id\":\"https:\/\/letrame.com\/catalogo\/#website\"},\"primaryImageOfPage\":{\"@id\":\"https:\/\/letrame.com\/catalogo\/producto\/mama-llevame-al-parque-de-bolas\/#primaryimage\"},\"image\":{\"@id\":\"https:\/\/letrame.com\/catalogo\/producto\/mama-llevame-al-parque-de-bolas\/#primaryimage\"},\"thumbnailUrl\":\"https:\/\/letrame.com\/catalogo\/wp-content\/uploads\/2026\/02\/opinionesletramemamallevame_961mm4-scaled.jpg\",\"datePublished\":\"2026-02-19T12:48:35+00:00\",\"dateModified\":\"2026-02-19T12:48:36+00:00\",\"breadcrumb\":{\"@id\":\"https:\/\/letrame.com\/catalogo\/producto\/mama-llevame-al-parque-de-bolas\/#breadcrumb\"},\"inLanguage\":\"es\",\"potentialAction\":[{\"@type\":\"ReadAction\",\"target\":[\"https:\/\/letrame.com\/catalogo\/producto\/mama-llevame-al-parque-de-bolas\/\"]}]},{\"@type\":\"ImageObject\",\"inLanguage\":\"es\",\"@id\":\"https:\/\/letrame.com\/catalogo\/producto\/mama-llevame-al-parque-de-bolas\/#primaryimage\",\"url\":\"https:\/\/letrame.com\/catalogo\/wp-content\/uploads\/2026\/02\/opinionesletramemamallevame_961mm4-scaled.jpg\",\"contentUrl\":\"https:\/\/letrame.com\/catalogo\/wp-content\/uploads\/2026\/02\/opinionesletramemamallevame_961mm4-scaled.jpg\",\"width\":1772,\"height\":2560},{\"@type\":\"BreadcrumbList\",\"@id\":\"https:\/\/letrame.com\/catalogo\/producto\/mama-llevame-al-parque-de-bolas\/#breadcrumb\",\"itemListElement\":[{\"@type\":\"ListItem\",\"position\":1,\"name\":\"Portada\",\"item\":\"https:\/\/letrame.com\/catalogo\/\"},{\"@type\":\"ListItem\",\"position\":2,\"name\":\"Cat\u00e1logo\",\"item\":\"https:\/\/letrame.com\/catalogo\/\"},{\"@type\":\"ListItem\",\"position\":3,\"name\":\"Mam\u00e1, ll\u00e9vame al parque de bolas\"}]},{\"@type\":\"WebSite\",\"@id\":\"https:\/\/letrame.com\/catalogo\/#website\",\"url\":\"https:\/\/letrame.com\/catalogo\/\",\"name\":\"Catalogo | Letrame Grupo Editorial\",\"description\":\"\",\"publisher\":{\"@id\":\"https:\/\/letrame.com\/catalogo\/#organization\"},\"potentialAction\":[{\"@type\":\"SearchAction\",\"target\":{\"@type\":\"EntryPoint\",\"urlTemplate\":\"https:\/\/letrame.com\/catalogo\/?s={search_term_string}\"},\"query-input\":{\"@type\":\"PropertyValueSpecification\",\"valueRequired\":true,\"valueName\":\"search_term_string\"}}],\"inLanguage\":\"es\"},{\"@type\":\"Organization\",\"@id\":\"https:\/\/letrame.com\/catalogo\/#organization\",\"name\":\"Catalogo | Letrame Grupo Editorial\",\"url\":\"https:\/\/letrame.com\/catalogo\/\",\"logo\":{\"@type\":\"ImageObject\",\"inLanguage\":\"es\",\"@id\":\"https:\/\/letrame.com\/catalogo\/#\/schema\/logo\/image\/\",\"url\":\"https:\/\/letrame.com\/catalogo\/wp-content\/uploads\/2024\/03\/logo2.webp\",\"contentUrl\":\"https:\/\/letrame.com\/catalogo\/wp-content\/uploads\/2024\/03\/logo2.webp\",\"width\":394,\"height\":128,\"caption\":\"Catalogo | Letrame Grupo Editorial\"},\"image\":{\"@id\":\"https:\/\/letrame.com\/catalogo\/#\/schema\/logo\/image\/\"}}]}<\/script>\n<!-- \/ Yoast SEO plugin. -->","yoast_head_json":{"title":"Mam\u00e1, ll\u00e9vame al parque de bolas - Catalogo | Letrame Grupo Editorial","robots":{"index":"index","follow":"follow","max-snippet":"max-snippet:-1","max-image-preview":"max-image-preview:large","max-video-preview":"max-video-preview:-1"},"canonical":"https:\/\/letrame.com\/catalogo\/producto\/mama-llevame-al-parque-de-bolas\/","og_locale":"es_ES","og_type":"article","og_title":"Mam\u00e1, ll\u00e9vame al parque de bolas - Catalogo | Letrame Grupo Editorial","og_description":"ISBN:\u00a09791370291686 SINOPSIS \u00bfSiempre so\u00f1aste con tener tu propio negocio de ocio infantil? \u00bfY si emprender en el sector infantil fuera algo m\u00e1s que una apuesta arriesgada? Este libro no es una f\u00e1bula edulcorada ni una gu\u00eda t\u00e9cnica sin alma. Es el testimonio real de un emprendedor que convirti\u00f3 una idea \u2014montar un parque de bolas\u2014 en un negocio estable y con impacto. A trav\u00e9s de esta narraci\u00f3n honesta y pr\u00e1ctica, el autor comparte los aciertos y errores de cada etapa del proceso, con una gran visi\u00f3n, con ejemplos pr\u00e1cticos que hacen m\u00e1s sencillo de entender las ense\u00f1anzas.  Mam\u00e1, ll\u00e9vame al parque de bolas es mucho m\u00e1s que una historia personal: es una hoja de ruta para quienes quieren emprender en el mundo del ocio infantil con cabeza, coraz\u00f3n y visi\u00f3n de futuro. Ideal para personas que est\u00e1n considerando montar un centro de ocio, o cualquier proyecto familiar que tenga que ver con el ocio infantil, este libro combina experiencia, an\u00e1lisis y sentimientos en cada p\u00e1gina. No esperes m\u00e1s, descubre c\u00f3mo este libro puede aportar a tu vida.","og_url":"https:\/\/letrame.com\/catalogo\/producto\/mama-llevame-al-parque-de-bolas\/","og_site_name":"Catalogo | Letrame Grupo Editorial","article_modified_time":"2026-02-19T12:48:36+00:00","og_image":[{"width":1772,"height":2560,"url":"https:\/\/letrame.com\/catalogo\/wp-content\/uploads\/2026\/02\/opinionesletramemamallevame_961mm4-scaled.jpg","type":"image\/jpeg"}],"twitter_card":"summary_large_image","twitter_misc":{"Tiempo de lectura":"1 minuto"},"schema":{"@context":"https:\/\/schema.org","@graph":[{"@type":"WebPage","@id":"https:\/\/letrame.com\/catalogo\/producto\/mama-llevame-al-parque-de-bolas\/","url":"https:\/\/letrame.com\/catalogo\/producto\/mama-llevame-al-parque-de-bolas\/","name":"Mam\u00e1, ll\u00e9vame al parque de bolas - Catalogo | Letrame Grupo Editorial","isPartOf":{"@id":"https:\/\/letrame.com\/catalogo\/#website"},"primaryImageOfPage":{"@id":"https:\/\/letrame.com\/catalogo\/producto\/mama-llevame-al-parque-de-bolas\/#primaryimage"},"image":{"@id":"https:\/\/letrame.com\/catalogo\/producto\/mama-llevame-al-parque-de-bolas\/#primaryimage"},"thumbnailUrl":"https:\/\/letrame.com\/catalogo\/wp-content\/uploads\/2026\/02\/opinionesletramemamallevame_961mm4-scaled.jpg","datePublished":"2026-02-19T12:48:35+00:00","dateModified":"2026-02-19T12:48:36+00:00","breadcrumb":{"@id":"https:\/\/letrame.com\/catalogo\/producto\/mama-llevame-al-parque-de-bolas\/#breadcrumb"},"inLanguage":"es","potentialAction":[{"@type":"ReadAction","target":["https:\/\/letrame.com\/catalogo\/producto\/mama-llevame-al-parque-de-bolas\/"]}]},{"@type":"ImageObject","inLanguage":"es","@id":"https:\/\/letrame.com\/catalogo\/producto\/mama-llevame-al-parque-de-bolas\/#primaryimage","url":"https:\/\/letrame.com\/catalogo\/wp-content\/uploads\/2026\/02\/opinionesletramemamallevame_961mm4-scaled.jpg","contentUrl":"https:\/\/letrame.com\/catalogo\/wp-content\/uploads\/2026\/02\/opinionesletramemamallevame_961mm4-scaled.jpg","width":1772,"height":2560},{"@type":"BreadcrumbList","@id":"https:\/\/letrame.com\/catalogo\/producto\/mama-llevame-al-parque-de-bolas\/#breadcrumb","itemListElement":[{"@type":"ListItem","position":1,"name":"Portada","item":"https:\/\/letrame.com\/catalogo\/"},{"@type":"ListItem","position":2,"name":"Cat\u00e1logo","item":"https:\/\/letrame.com\/catalogo\/"},{"@type":"ListItem","position":3,"name":"Mam\u00e1, ll\u00e9vame al parque de bolas"}]},{"@type":"WebSite","@id":"https:\/\/letrame.com\/catalogo\/#website","url":"https:\/\/letrame.com\/catalogo\/","name":"Catalogo | Letrame Grupo Editorial","description":"","publisher":{"@id":"https:\/\/letrame.com\/catalogo\/#organization"},"potentialAction":[{"@type":"SearchAction","target":{"@type":"EntryPoint","urlTemplate":"https:\/\/letrame.com\/catalogo\/?s={search_term_string}"},"query-input":{"@type":"PropertyValueSpecification","valueRequired":true,"valueName":"search_term_string"}}],"inLanguage":"es"},{"@type":"Organization","@id":"https:\/\/letrame.com\/catalogo\/#organization","name":"Catalogo | Letrame Grupo Editorial","url":"https:\/\/letrame.com\/catalogo\/","logo":{"@type":"ImageObject","inLanguage":"es","@id":"https:\/\/letrame.com\/catalogo\/#\/schema\/logo\/image\/","url":"https:\/\/letrame.com\/catalogo\/wp-content\/uploads\/2024\/03\/logo2.webp","contentUrl":"https:\/\/letrame.com\/catalogo\/wp-content\/uploads\/2024\/03\/logo2.webp","width":394,"height":128,"caption":"Catalogo | Letrame Grupo Editorial"},"image":{"@id":"https:\/\/letrame.com\/catalogo\/#\/schema\/logo\/image\/"}}]}},"_links":{"self":[{"href":"https:\/\/letrame.com\/catalogo\/wp-json\/wp\/v2\/product\/111078","targetHints":{"allow":["GET"]}}],"collection":[{"href":"https:\/\/letrame.com\/catalogo\/wp-json\/wp\/v2\/product"}],"about":[{"href":"https:\/\/letrame.com\/catalogo\/wp-json\/wp\/v2\/types\/product"}],"replies":[{"embeddable":true,"href":"https:\/\/letrame.com\/catalogo\/wp-json\/wp\/v2\/comments?post=111078"}],"acf:post":[{"embeddable":true,"href":"https:\/\/letrame.com\/catalogo\/wp-json\/wp\/v2\/author_book\/111079"}],"wp:featuredmedia":[{"embeddable":true,"href":"https:\/\/letrame.com\/catalogo\/wp-json\/wp\/v2\/media\/111082"}],"wp:attachment":[{"href":"https:\/\/letrame.com\/catalogo\/wp-json\/wp\/v2\/media?parent=111078"}],"wp:term":[{"taxonomy":"libro","embeddable":true,"href":"https:\/\/letrame.com\/catalogo\/wp-json\/wp\/v2\/libro?post=111078"},{"taxonomy":"product_brand","embeddable":true,"href":"https:\/\/letrame.com\/catalogo\/wp-json\/wp\/v2\/product_brand?post=111078"},{"taxonomy":"product_cat","embeddable":true,"href":"https:\/\/letrame.com\/catalogo\/wp-json\/wp\/v2\/product_cat?post=111078"},{"taxonomy":"product_tag","embeddable":true,"href":"https:\/\/letrame.com\/catalogo\/wp-json\/wp\/v2\/product_tag?post=111078"}],"curies":[{"name":"wp","href":"https:\/\/api.w.org\/{rel}","templated":true}]}}