{"id":111067,"date":"2026-02-19T13:30:45","date_gmt":"2026-02-19T12:30:45","guid":{"rendered":"https:\/\/letrame.com\/catalogo\/?post_type=product&#038;p=111067"},"modified":"2026-02-19T13:30:46","modified_gmt":"2026-02-19T12:30:46","slug":"papa-soltero","status":"publish","type":"product","link":"https:\/\/letrame.com\/catalogo\/producto\/papa-soltero\/","title":{"rendered":"Pap\u00e1 soltero"},"content":{"rendered":"<p class=\"p1\"><b>ISBN:\u00a0<\/b>9791370293581<b><\/b><\/p>\n<p class=\"p1\"><b>T\u00edtulo:\u00a0<\/b>Pap\u00e1 soltero<br \/>\n<b>Fecha:<\/b>2025<br \/>\n<b>P\u00e1ginas:\u00a0<\/b>156<b><\/b><\/p>\n<p class=\"p1\"><b>SINOPSIS<\/b><\/p>\n<p>Hay libros que no pretenden ense\u00f1ar, pero acaban dejando huella. Pap\u00e1 soltero: el manual de instrucciones (que nadie te dio) es uno de ellos.<br \/>\nCon una voz honesta, po\u00e9tica y llena de iron\u00eda, Alfons Reyes Tarrech retrata la paternidad desde un territorio pocas veces explorado: el de un hombre que cr\u00eda, ama, se equivoca y vuelve a empezar cada d\u00eda. Su mirada combina ternura y lucidez, humor dom\u00e9stico y reflexi\u00f3n profunda.<br \/>\nEste no es un manual sobre c\u00f3mo educar a un hijo, sino una declaraci\u00f3n sobre c\u00f3mo estar presente. Sobre aceptar el caos, celebrar lo cotidiano y entender que el amor \u2014el real, el imperfecto- es la \u00fanica br\u00fajula posible.<br \/>\nUn libro destinado a padres, madres, docentes, abuelos o cualquier persona que haya sentido la responsabilidad (y el v\u00e9rtigo) de cuidar. Una obra que invita a reconciliarse con la vulnerabilidad, con el cansancio y, sobre todo, con la belleza de estar vivos.<\/p>\n","protected":false},"excerpt":{"rendered":"<p class=\"p1\"><b>ISBN:\u00a0<\/b>9791370293581<b><\/b><\/p>\n<p class=\"p1\"><b>SINOPSIS<\/b><\/p>\n<p>Hay libros que no pretenden ense\u00f1ar, pero acaban dejando huella. Pap\u00e1 soltero: el manual de instrucciones (que nadie te dio) es uno de ellos.<br \/>\nCon una voz honesta, po\u00e9tica y llena de iron\u00eda, Alfons Reyes Tarrech retrata la paternidad desde un territorio pocas veces explorado: el de un hombre que cr\u00eda, ama, se equivoca y vuelve a empezar cada d\u00eda. Su mirada combina ternura y lucidez, humor dom\u00e9stico y reflexi\u00f3n profunda.<br \/>\nEste no es un manual sobre c\u00f3mo educar a un hijo, sino una declaraci\u00f3n sobre c\u00f3mo estar presente. Sobre aceptar el caos, celebrar lo cotidiano y entender que el amor \u2014el real, el imperfecto- es la \u00fanica br\u00fajula posible.<br \/>\nUn libro destinado a padres, madres, docentes, abuelos o cualquier persona que haya sentido la responsabilidad (y el v\u00e9rtigo) de cuidar. Una obra que invita a reconciliarse con la vulnerabilidad, con el cansancio y, sobre todo, con la belleza de estar vivos.<\/p>\n","protected":false},"featured_media":111070,"comment_status":"open","ping_status":"closed","template":"","meta":{"_acf_changed":false},"libro":[],"product_brand":[],"product_cat":[30],"product_tag":[],"class_list":{"0":"post-111067","1":"product","2":"type-product","3":"status-publish","4":"has-post-thumbnail","6":"product_cat-desarrollo-personal-y-autoconocimiento","8":"first","9":"instock","10":"shipping-taxable","11":"product-type-simple"},"acf":{"autor":[111066],"enlace_de_compra":"https:\/\/amzn.to\/4tLjBWH"},"yoast_head":"<!-- This site is optimized with the Yoast SEO plugin v27.4 - https:\/\/yoast.com\/product\/yoast-seo-wordpress\/ -->\n<title>Pap\u00e1 soltero - Catalogo | Letrame Grupo Editorial<\/title>\n<meta name=\"robots\" content=\"index, follow, max-snippet:-1, max-image-preview:large, max-video-preview:-1\" \/>\n<link rel=\"canonical\" href=\"https:\/\/letrame.com\/catalogo\/producto\/papa-soltero\/\" \/>\n<meta property=\"og:locale\" content=\"es_ES\" \/>\n<meta property=\"og:type\" content=\"article\" \/>\n<meta property=\"og:title\" content=\"Pap\u00e1 soltero - Catalogo | Letrame Grupo Editorial\" \/>\n<meta property=\"og:description\" content=\"ISBN:\u00a09791370293581 SINOPSIS Hay libros que no pretenden ense\u00f1ar, pero acaban dejando huella. Pap\u00e1 soltero: el manual de instrucciones (que nadie te dio) es uno de ellos. Con una voz honesta, po\u00e9tica y llena de iron\u00eda, Alfons Reyes Tarrech retrata la paternidad desde un territorio pocas veces explorado: el de un hombre que cr\u00eda, ama, se equivoca y vuelve a empezar cada d\u00eda. Su mirada combina ternura y lucidez, humor dom\u00e9stico y reflexi\u00f3n profunda. Este no es un manual sobre c\u00f3mo educar a un hijo, sino una declaraci\u00f3n sobre c\u00f3mo estar presente. Sobre aceptar el caos, celebrar lo cotidiano y entender que el amor \u2014el real, el imperfecto- es la \u00fanica br\u00fajula posible. Un libro destinado a padres, madres, docentes, abuelos o cualquier persona que haya sentido la responsabilidad (y el v\u00e9rtigo) de cuidar. Una obra que invita a reconciliarse con la vulnerabilidad, con el cansancio y, sobre todo, con la belleza de estar vivos.\" \/>\n<meta property=\"og:url\" content=\"https:\/\/letrame.com\/catalogo\/producto\/papa-soltero\/\" \/>\n<meta property=\"og:site_name\" content=\"Catalogo | Letrame Grupo Editorial\" \/>\n<meta property=\"article:modified_time\" content=\"2026-02-19T12:30:46+00:00\" \/>\n<meta property=\"og:image\" content=\"https:\/\/letrame.com\/catalogo\/wp-content\/uploads\/2026\/02\/opinionesletramepapasoltero_786mm4-scaled.jpg\" \/>\n\t<meta property=\"og:image:width\" content=\"1772\" \/>\n\t<meta property=\"og:image:height\" content=\"2560\" \/>\n\t<meta property=\"og:image:type\" content=\"image\/jpeg\" \/>\n<meta name=\"twitter:card\" content=\"summary_large_image\" \/>\n<meta name=\"twitter:label1\" content=\"Tiempo de lectura\" \/>\n\t<meta name=\"twitter:data1\" content=\"1 minuto\" \/>\n<script type=\"application\/ld+json\" class=\"yoast-schema-graph\">{\"@context\":\"https:\\\/\\\/schema.org\",\"@graph\":[{\"@type\":\"WebPage\",\"@id\":\"https:\\\/\\\/letrame.com\\\/catalogo\\\/producto\\\/papa-soltero\\\/\",\"url\":\"https:\\\/\\\/letrame.com\\\/catalogo\\\/producto\\\/papa-soltero\\\/\",\"name\":\"Pap\u00e1 soltero - Catalogo | Letrame Grupo Editorial\",\"isPartOf\":{\"@id\":\"https:\\\/\\\/letrame.com\\\/catalogo\\\/#website\"},\"primaryImageOfPage\":{\"@id\":\"https:\\\/\\\/letrame.com\\\/catalogo\\\/producto\\\/papa-soltero\\\/#primaryimage\"},\"image\":{\"@id\":\"https:\\\/\\\/letrame.com\\\/catalogo\\\/producto\\\/papa-soltero\\\/#primaryimage\"},\"thumbnailUrl\":\"https:\\\/\\\/letrame.com\\\/catalogo\\\/wp-content\\\/uploads\\\/2026\\\/02\\\/opinionesletramepapasoltero_786mm4-scaled.jpg\",\"datePublished\":\"2026-02-19T12:30:45+00:00\",\"dateModified\":\"2026-02-19T12:30:46+00:00\",\"breadcrumb\":{\"@id\":\"https:\\\/\\\/letrame.com\\\/catalogo\\\/producto\\\/papa-soltero\\\/#breadcrumb\"},\"inLanguage\":\"es\",\"potentialAction\":[{\"@type\":\"ReadAction\",\"target\":[\"https:\\\/\\\/letrame.com\\\/catalogo\\\/producto\\\/papa-soltero\\\/\"]}]},{\"@type\":\"ImageObject\",\"inLanguage\":\"es\",\"@id\":\"https:\\\/\\\/letrame.com\\\/catalogo\\\/producto\\\/papa-soltero\\\/#primaryimage\",\"url\":\"https:\\\/\\\/letrame.com\\\/catalogo\\\/wp-content\\\/uploads\\\/2026\\\/02\\\/opinionesletramepapasoltero_786mm4-scaled.jpg\",\"contentUrl\":\"https:\\\/\\\/letrame.com\\\/catalogo\\\/wp-content\\\/uploads\\\/2026\\\/02\\\/opinionesletramepapasoltero_786mm4-scaled.jpg\",\"width\":1772,\"height\":2560},{\"@type\":\"BreadcrumbList\",\"@id\":\"https:\\\/\\\/letrame.com\\\/catalogo\\\/producto\\\/papa-soltero\\\/#breadcrumb\",\"itemListElement\":[{\"@type\":\"ListItem\",\"position\":1,\"name\":\"Portada\",\"item\":\"https:\\\/\\\/letrame.com\\\/catalogo\\\/\"},{\"@type\":\"ListItem\",\"position\":2,\"name\":\"Cat\u00e1logo\",\"item\":\"https:\\\/\\\/letrame.com\\\/catalogo\\\/\"},{\"@type\":\"ListItem\",\"position\":3,\"name\":\"Pap\u00e1 soltero\"}]},{\"@type\":\"WebSite\",\"@id\":\"https:\\\/\\\/letrame.com\\\/catalogo\\\/#website\",\"url\":\"https:\\\/\\\/letrame.com\\\/catalogo\\\/\",\"name\":\"Catalogo | Letrame Grupo Editorial\",\"description\":\"\",\"publisher\":{\"@id\":\"https:\\\/\\\/letrame.com\\\/catalogo\\\/#organization\"},\"potentialAction\":[{\"@type\":\"SearchAction\",\"target\":{\"@type\":\"EntryPoint\",\"urlTemplate\":\"https:\\\/\\\/letrame.com\\\/catalogo\\\/?s={search_term_string}\"},\"query-input\":{\"@type\":\"PropertyValueSpecification\",\"valueRequired\":true,\"valueName\":\"search_term_string\"}}],\"inLanguage\":\"es\"},{\"@type\":\"Organization\",\"@id\":\"https:\\\/\\\/letrame.com\\\/catalogo\\\/#organization\",\"name\":\"Catalogo | Letrame Grupo Editorial\",\"url\":\"https:\\\/\\\/letrame.com\\\/catalogo\\\/\",\"logo\":{\"@type\":\"ImageObject\",\"inLanguage\":\"es\",\"@id\":\"https:\\\/\\\/letrame.com\\\/catalogo\\\/#\\\/schema\\\/logo\\\/image\\\/\",\"url\":\"https:\\\/\\\/letrame.com\\\/catalogo\\\/wp-content\\\/uploads\\\/2024\\\/03\\\/logo2.webp\",\"contentUrl\":\"https:\\\/\\\/letrame.com\\\/catalogo\\\/wp-content\\\/uploads\\\/2024\\\/03\\\/logo2.webp\",\"width\":394,\"height\":128,\"caption\":\"Catalogo | Letrame Grupo Editorial\"},\"image\":{\"@id\":\"https:\\\/\\\/letrame.com\\\/catalogo\\\/#\\\/schema\\\/logo\\\/image\\\/\"}}]}<\/script>\n<!-- \/ Yoast SEO plugin. -->","yoast_head_json":{"title":"Pap\u00e1 soltero - Catalogo | Letrame Grupo Editorial","robots":{"index":"index","follow":"follow","max-snippet":"max-snippet:-1","max-image-preview":"max-image-preview:large","max-video-preview":"max-video-preview:-1"},"canonical":"https:\/\/letrame.com\/catalogo\/producto\/papa-soltero\/","og_locale":"es_ES","og_type":"article","og_title":"Pap\u00e1 soltero - Catalogo | Letrame Grupo Editorial","og_description":"ISBN:\u00a09791370293581 SINOPSIS Hay libros que no pretenden ense\u00f1ar, pero acaban dejando huella. Pap\u00e1 soltero: el manual de instrucciones (que nadie te dio) es uno de ellos. Con una voz honesta, po\u00e9tica y llena de iron\u00eda, Alfons Reyes Tarrech retrata la paternidad desde un territorio pocas veces explorado: el de un hombre que cr\u00eda, ama, se equivoca y vuelve a empezar cada d\u00eda. Su mirada combina ternura y lucidez, humor dom\u00e9stico y reflexi\u00f3n profunda. Este no es un manual sobre c\u00f3mo educar a un hijo, sino una declaraci\u00f3n sobre c\u00f3mo estar presente. Sobre aceptar el caos, celebrar lo cotidiano y entender que el amor \u2014el real, el imperfecto- es la \u00fanica br\u00fajula posible. Un libro destinado a padres, madres, docentes, abuelos o cualquier persona que haya sentido la responsabilidad (y el v\u00e9rtigo) de cuidar. Una obra que invita a reconciliarse con la vulnerabilidad, con el cansancio y, sobre todo, con la belleza de estar vivos.","og_url":"https:\/\/letrame.com\/catalogo\/producto\/papa-soltero\/","og_site_name":"Catalogo | Letrame Grupo Editorial","article_modified_time":"2026-02-19T12:30:46+00:00","og_image":[{"width":1772,"height":2560,"url":"https:\/\/letrame.com\/catalogo\/wp-content\/uploads\/2026\/02\/opinionesletramepapasoltero_786mm4-scaled.jpg","type":"image\/jpeg"}],"twitter_card":"summary_large_image","twitter_misc":{"Tiempo de lectura":"1 minuto"},"schema":{"@context":"https:\/\/schema.org","@graph":[{"@type":"WebPage","@id":"https:\/\/letrame.com\/catalogo\/producto\/papa-soltero\/","url":"https:\/\/letrame.com\/catalogo\/producto\/papa-soltero\/","name":"Pap\u00e1 soltero - Catalogo | Letrame Grupo Editorial","isPartOf":{"@id":"https:\/\/letrame.com\/catalogo\/#website"},"primaryImageOfPage":{"@id":"https:\/\/letrame.com\/catalogo\/producto\/papa-soltero\/#primaryimage"},"image":{"@id":"https:\/\/letrame.com\/catalogo\/producto\/papa-soltero\/#primaryimage"},"thumbnailUrl":"https:\/\/letrame.com\/catalogo\/wp-content\/uploads\/2026\/02\/opinionesletramepapasoltero_786mm4-scaled.jpg","datePublished":"2026-02-19T12:30:45+00:00","dateModified":"2026-02-19T12:30:46+00:00","breadcrumb":{"@id":"https:\/\/letrame.com\/catalogo\/producto\/papa-soltero\/#breadcrumb"},"inLanguage":"es","potentialAction":[{"@type":"ReadAction","target":["https:\/\/letrame.com\/catalogo\/producto\/papa-soltero\/"]}]},{"@type":"ImageObject","inLanguage":"es","@id":"https:\/\/letrame.com\/catalogo\/producto\/papa-soltero\/#primaryimage","url":"https:\/\/letrame.com\/catalogo\/wp-content\/uploads\/2026\/02\/opinionesletramepapasoltero_786mm4-scaled.jpg","contentUrl":"https:\/\/letrame.com\/catalogo\/wp-content\/uploads\/2026\/02\/opinionesletramepapasoltero_786mm4-scaled.jpg","width":1772,"height":2560},{"@type":"BreadcrumbList","@id":"https:\/\/letrame.com\/catalogo\/producto\/papa-soltero\/#breadcrumb","itemListElement":[{"@type":"ListItem","position":1,"name":"Portada","item":"https:\/\/letrame.com\/catalogo\/"},{"@type":"ListItem","position":2,"name":"Cat\u00e1logo","item":"https:\/\/letrame.com\/catalogo\/"},{"@type":"ListItem","position":3,"name":"Pap\u00e1 soltero"}]},{"@type":"WebSite","@id":"https:\/\/letrame.com\/catalogo\/#website","url":"https:\/\/letrame.com\/catalogo\/","name":"Catalogo | Letrame Grupo Editorial","description":"","publisher":{"@id":"https:\/\/letrame.com\/catalogo\/#organization"},"potentialAction":[{"@type":"SearchAction","target":{"@type":"EntryPoint","urlTemplate":"https:\/\/letrame.com\/catalogo\/?s={search_term_string}"},"query-input":{"@type":"PropertyValueSpecification","valueRequired":true,"valueName":"search_term_string"}}],"inLanguage":"es"},{"@type":"Organization","@id":"https:\/\/letrame.com\/catalogo\/#organization","name":"Catalogo | Letrame Grupo Editorial","url":"https:\/\/letrame.com\/catalogo\/","logo":{"@type":"ImageObject","inLanguage":"es","@id":"https:\/\/letrame.com\/catalogo\/#\/schema\/logo\/image\/","url":"https:\/\/letrame.com\/catalogo\/wp-content\/uploads\/2024\/03\/logo2.webp","contentUrl":"https:\/\/letrame.com\/catalogo\/wp-content\/uploads\/2024\/03\/logo2.webp","width":394,"height":128,"caption":"Catalogo | Letrame Grupo Editorial"},"image":{"@id":"https:\/\/letrame.com\/catalogo\/#\/schema\/logo\/image\/"}}]}},"_links":{"self":[{"href":"https:\/\/letrame.com\/catalogo\/wp-json\/wp\/v2\/product\/111067","targetHints":{"allow":["GET"]}}],"collection":[{"href":"https:\/\/letrame.com\/catalogo\/wp-json\/wp\/v2\/product"}],"about":[{"href":"https:\/\/letrame.com\/catalogo\/wp-json\/wp\/v2\/types\/product"}],"replies":[{"embeddable":true,"href":"https:\/\/letrame.com\/catalogo\/wp-json\/wp\/v2\/comments?post=111067"}],"acf:post":[{"embeddable":true,"href":"https:\/\/letrame.com\/catalogo\/wp-json\/wp\/v2\/author_book\/111066"}],"wp:featuredmedia":[{"embeddable":true,"href":"https:\/\/letrame.com\/catalogo\/wp-json\/wp\/v2\/media\/111070"}],"wp:attachment":[{"href":"https:\/\/letrame.com\/catalogo\/wp-json\/wp\/v2\/media?parent=111067"}],"wp:term":[{"taxonomy":"libro","embeddable":true,"href":"https:\/\/letrame.com\/catalogo\/wp-json\/wp\/v2\/libro?post=111067"},{"taxonomy":"product_brand","embeddable":true,"href":"https:\/\/letrame.com\/catalogo\/wp-json\/wp\/v2\/product_brand?post=111067"},{"taxonomy":"product_cat","embeddable":true,"href":"https:\/\/letrame.com\/catalogo\/wp-json\/wp\/v2\/product_cat?post=111067"},{"taxonomy":"product_tag","embeddable":true,"href":"https:\/\/letrame.com\/catalogo\/wp-json\/wp\/v2\/product_tag?post=111067"}],"curies":[{"name":"wp","href":"https:\/\/api.w.org\/{rel}","templated":true}]}}