{"id":111055,"date":"2026-02-19T13:11:45","date_gmt":"2026-02-19T12:11:45","guid":{"rendered":"https:\/\/letrame.com\/catalogo\/?post_type=product&#038;p=111055"},"modified":"2026-02-19T13:11:45","modified_gmt":"2026-02-19T12:11:45","slug":"suspiros-del-corazon","status":"publish","type":"product","link":"https:\/\/letrame.com\/catalogo\/producto\/suspiros-del-corazon\/","title":{"rendered":"Suspiros del coraz\u00f3n"},"content":{"rendered":"<p class=\"p1\"><b>ISBN:\u00a0<\/b>9791370291648<b><\/b><\/p>\n<p class=\"p1\"><b>T\u00edtulo:\u00a0<\/b>Suspiros del coraz\u00f3n<br \/>\n<b>Fecha:<\/b> 2025<br \/>\n<b>P\u00e1ginas:\u00a0<\/b>183<b><\/b><\/p>\n<p class=\"p1\"><b>SINOPSIS<\/b><\/p>\n<p>Hay corazones que no laten, escriben. Y hay suspiros que no se oyen, pero se sienten como un golpe seco en el pecho.<\/p>\n<p>En este libro, Heide Yokoono abre su alma sin filtros, sin miedo y sin consuelo. Cada texto es una bocanada de emociones contenidas: dolor, amor, rabia, ternura, memoria, soledad&#8230;<\/p>\n<p>Dividido en latidos \u2014del alma rota, del coraz\u00f3n herido, de la esperanza que a\u00fan respira\u2014 Suspiros del coraz\u00f3n es una forma de resistir. Una manera de nombrar lo innombrable.<\/p>\n<p>Aqu\u00ed se habla desde lo m\u00e1s \u00edntimo, con un lenguaje que duele y cura a la vez.<\/p>\n<p>Hay poemas que se arrastran por el infierno. Otros que acarician la mejilla con una l\u00e1grima antigua. Algunos arden con fuerza, otros se apagan en silencio. Pero todos, absolutamente todos, nacen de un mismo lugar: ese hueco que deja lo que amamos y perdemos. Porque cuando no quedan palabras, todav\u00eda nos queda un suspiro. Y Yokoono, con cada p\u00e1gina, nos regala el suyo.<\/p>\n","protected":false},"excerpt":{"rendered":"<p class=\"p1\"><b>ISBN:\u00a0<\/b>9791370291648<b><\/b><\/p>\n<p class=\"p1\"><b>SINOPSIS<\/b><\/p>\n<p>Hay corazones que no laten, escriben. Y hay suspiros que no se oyen, pero se sienten como un golpe seco en el pecho.<\/p>\n<p>En este libro, Heide Yokoono abre su alma sin filtros, sin miedo y sin consuelo. Cada texto es una bocanada de emociones contenidas: dolor, amor, rabia, ternura, memoria, soledad&#8230;<\/p>\n<p>Dividido en latidos \u2014del alma rota, del coraz\u00f3n herido, de la esperanza que a\u00fan respira\u2014 Suspiros del coraz\u00f3n es una forma de resistir. Una manera de nombrar lo innombrable.<\/p>\n<p>Aqu\u00ed se habla desde lo m\u00e1s \u00edntimo, con un lenguaje que duele y cura a la vez.<\/p>\n<p>Hay poemas que se arrastran por el infierno. Otros que acarician la mejilla con una l\u00e1grima antigua. Algunos arden con fuerza, otros se apagan en silencio. Pero todos, absolutamente todos, nacen de un mismo lugar: ese hueco que deja lo que amamos y perdemos. Porque cuando no quedan palabras, todav\u00eda nos queda un suspiro. Y Yokoono, con cada p\u00e1gina, nos regala el suyo.<\/p>\n","protected":false},"featured_media":111058,"comment_status":"open","ping_status":"closed","template":"","meta":{"_acf_changed":false},"libro":[],"product_brand":[],"product_cat":[133],"product_tag":[],"class_list":{"0":"post-111055","1":"product","2":"type-product","3":"status-publish","4":"has-post-thumbnail","6":"product_cat-no-ficcion","8":"first","9":"instock","10":"shipping-taxable","11":"product-type-simple"},"acf":{"autor":[111054],"enlace_de_compra":"https:\/\/amzn.to\/4aAG3co"},"yoast_head":"<!-- This site is optimized with the Yoast SEO plugin v26.6 - https:\/\/yoast.com\/wordpress\/plugins\/seo\/ -->\n<title>Suspiros del coraz\u00f3n - Catalogo | Letrame Grupo Editorial<\/title>\n<meta name=\"robots\" content=\"index, follow, max-snippet:-1, max-image-preview:large, max-video-preview:-1\" \/>\n<link rel=\"canonical\" href=\"https:\/\/letrame.com\/catalogo\/producto\/suspiros-del-corazon\/\" \/>\n<meta property=\"og:locale\" content=\"es_ES\" \/>\n<meta property=\"og:type\" content=\"article\" \/>\n<meta property=\"og:title\" content=\"Suspiros del coraz\u00f3n - Catalogo | Letrame Grupo Editorial\" \/>\n<meta property=\"og:description\" content=\"ISBN:\u00a09791370291648 SINOPSIS Hay corazones que no laten, escriben. Y hay suspiros que no se oyen, pero se sienten como un golpe seco en el pecho.  En este libro, Heide Yokoono abre su alma sin filtros, sin miedo y sin consuelo. Cada texto es una bocanada de emociones contenidas: dolor, amor, rabia, ternura, memoria, soledad...  Dividido en latidos \u2014del alma rota, del coraz\u00f3n herido, de la esperanza que a\u00fan respira\u2014 Suspiros del coraz\u00f3n es una forma de resistir. Una manera de nombrar lo innombrable.  Aqu\u00ed se habla desde lo m\u00e1s \u00edntimo, con un lenguaje que duele y cura a la vez.  Hay poemas que se arrastran por el infierno. Otros que acarician la mejilla con una l\u00e1grima antigua. Algunos arden con fuerza, otros se apagan en silencio. Pero todos, absolutamente todos, nacen de un mismo lugar: ese hueco que deja lo que amamos y perdemos. Porque cuando no quedan palabras, todav\u00eda nos queda un suspiro. Y Yokoono, con cada p\u00e1gina, nos regala el suyo.\" \/>\n<meta property=\"og:url\" content=\"https:\/\/letrame.com\/catalogo\/producto\/suspiros-del-corazon\/\" \/>\n<meta property=\"og:site_name\" content=\"Catalogo | Letrame Grupo Editorial\" \/>\n<meta property=\"og:image\" content=\"https:\/\/letrame.com\/catalogo\/wp-content\/uploads\/2026\/02\/suspirosdelcorazon_917mm4-scaled.jpg\" \/>\n\t<meta property=\"og:image:width\" content=\"1745\" \/>\n\t<meta property=\"og:image:height\" content=\"2560\" \/>\n\t<meta property=\"og:image:type\" content=\"image\/jpeg\" \/>\n<meta name=\"twitter:card\" content=\"summary_large_image\" \/>\n<meta name=\"twitter:label1\" content=\"Tiempo de lectura\" \/>\n\t<meta name=\"twitter:data1\" content=\"1 minuto\" \/>\n<script type=\"application\/ld+json\" class=\"yoast-schema-graph\">{\"@context\":\"https:\/\/schema.org\",\"@graph\":[{\"@type\":\"WebPage\",\"@id\":\"https:\/\/letrame.com\/catalogo\/producto\/suspiros-del-corazon\/\",\"url\":\"https:\/\/letrame.com\/catalogo\/producto\/suspiros-del-corazon\/\",\"name\":\"Suspiros del coraz\u00f3n - Catalogo | Letrame Grupo Editorial\",\"isPartOf\":{\"@id\":\"https:\/\/letrame.com\/catalogo\/#website\"},\"primaryImageOfPage\":{\"@id\":\"https:\/\/letrame.com\/catalogo\/producto\/suspiros-del-corazon\/#primaryimage\"},\"image\":{\"@id\":\"https:\/\/letrame.com\/catalogo\/producto\/suspiros-del-corazon\/#primaryimage\"},\"thumbnailUrl\":\"https:\/\/letrame.com\/catalogo\/wp-content\/uploads\/2026\/02\/suspirosdelcorazon_917mm4-scaled.jpg\",\"datePublished\":\"2026-02-19T12:11:45+00:00\",\"breadcrumb\":{\"@id\":\"https:\/\/letrame.com\/catalogo\/producto\/suspiros-del-corazon\/#breadcrumb\"},\"inLanguage\":\"es\",\"potentialAction\":[{\"@type\":\"ReadAction\",\"target\":[\"https:\/\/letrame.com\/catalogo\/producto\/suspiros-del-corazon\/\"]}]},{\"@type\":\"ImageObject\",\"inLanguage\":\"es\",\"@id\":\"https:\/\/letrame.com\/catalogo\/producto\/suspiros-del-corazon\/#primaryimage\",\"url\":\"https:\/\/letrame.com\/catalogo\/wp-content\/uploads\/2026\/02\/suspirosdelcorazon_917mm4-scaled.jpg\",\"contentUrl\":\"https:\/\/letrame.com\/catalogo\/wp-content\/uploads\/2026\/02\/suspirosdelcorazon_917mm4-scaled.jpg\",\"width\":1745,\"height\":2560},{\"@type\":\"BreadcrumbList\",\"@id\":\"https:\/\/letrame.com\/catalogo\/producto\/suspiros-del-corazon\/#breadcrumb\",\"itemListElement\":[{\"@type\":\"ListItem\",\"position\":1,\"name\":\"Portada\",\"item\":\"https:\/\/letrame.com\/catalogo\/\"},{\"@type\":\"ListItem\",\"position\":2,\"name\":\"Cat\u00e1logo\",\"item\":\"https:\/\/letrame.com\/catalogo\/\"},{\"@type\":\"ListItem\",\"position\":3,\"name\":\"Suspiros del coraz\u00f3n\"}]},{\"@type\":\"WebSite\",\"@id\":\"https:\/\/letrame.com\/catalogo\/#website\",\"url\":\"https:\/\/letrame.com\/catalogo\/\",\"name\":\"Catalogo | Letrame Grupo Editorial\",\"description\":\"\",\"publisher\":{\"@id\":\"https:\/\/letrame.com\/catalogo\/#organization\"},\"potentialAction\":[{\"@type\":\"SearchAction\",\"target\":{\"@type\":\"EntryPoint\",\"urlTemplate\":\"https:\/\/letrame.com\/catalogo\/?s={search_term_string}\"},\"query-input\":{\"@type\":\"PropertyValueSpecification\",\"valueRequired\":true,\"valueName\":\"search_term_string\"}}],\"inLanguage\":\"es\"},{\"@type\":\"Organization\",\"@id\":\"https:\/\/letrame.com\/catalogo\/#organization\",\"name\":\"Catalogo | Letrame Grupo Editorial\",\"url\":\"https:\/\/letrame.com\/catalogo\/\",\"logo\":{\"@type\":\"ImageObject\",\"inLanguage\":\"es\",\"@id\":\"https:\/\/letrame.com\/catalogo\/#\/schema\/logo\/image\/\",\"url\":\"https:\/\/letrame.com\/catalogo\/wp-content\/uploads\/2024\/03\/logo2.webp\",\"contentUrl\":\"https:\/\/letrame.com\/catalogo\/wp-content\/uploads\/2024\/03\/logo2.webp\",\"width\":394,\"height\":128,\"caption\":\"Catalogo | Letrame Grupo Editorial\"},\"image\":{\"@id\":\"https:\/\/letrame.com\/catalogo\/#\/schema\/logo\/image\/\"}}]}<\/script>\n<!-- \/ Yoast SEO plugin. -->","yoast_head_json":{"title":"Suspiros del coraz\u00f3n - Catalogo | Letrame Grupo Editorial","robots":{"index":"index","follow":"follow","max-snippet":"max-snippet:-1","max-image-preview":"max-image-preview:large","max-video-preview":"max-video-preview:-1"},"canonical":"https:\/\/letrame.com\/catalogo\/producto\/suspiros-del-corazon\/","og_locale":"es_ES","og_type":"article","og_title":"Suspiros del coraz\u00f3n - Catalogo | Letrame Grupo Editorial","og_description":"ISBN:\u00a09791370291648 SINOPSIS Hay corazones que no laten, escriben. Y hay suspiros que no se oyen, pero se sienten como un golpe seco en el pecho.  En este libro, Heide Yokoono abre su alma sin filtros, sin miedo y sin consuelo. Cada texto es una bocanada de emociones contenidas: dolor, amor, rabia, ternura, memoria, soledad...  Dividido en latidos \u2014del alma rota, del coraz\u00f3n herido, de la esperanza que a\u00fan respira\u2014 Suspiros del coraz\u00f3n es una forma de resistir. Una manera de nombrar lo innombrable.  Aqu\u00ed se habla desde lo m\u00e1s \u00edntimo, con un lenguaje que duele y cura a la vez.  Hay poemas que se arrastran por el infierno. Otros que acarician la mejilla con una l\u00e1grima antigua. Algunos arden con fuerza, otros se apagan en silencio. Pero todos, absolutamente todos, nacen de un mismo lugar: ese hueco que deja lo que amamos y perdemos. Porque cuando no quedan palabras, todav\u00eda nos queda un suspiro. Y Yokoono, con cada p\u00e1gina, nos regala el suyo.","og_url":"https:\/\/letrame.com\/catalogo\/producto\/suspiros-del-corazon\/","og_site_name":"Catalogo | Letrame Grupo Editorial","og_image":[{"width":1745,"height":2560,"url":"https:\/\/letrame.com\/catalogo\/wp-content\/uploads\/2026\/02\/suspirosdelcorazon_917mm4-scaled.jpg","type":"image\/jpeg"}],"twitter_card":"summary_large_image","twitter_misc":{"Tiempo de lectura":"1 minuto"},"schema":{"@context":"https:\/\/schema.org","@graph":[{"@type":"WebPage","@id":"https:\/\/letrame.com\/catalogo\/producto\/suspiros-del-corazon\/","url":"https:\/\/letrame.com\/catalogo\/producto\/suspiros-del-corazon\/","name":"Suspiros del coraz\u00f3n - Catalogo | Letrame Grupo Editorial","isPartOf":{"@id":"https:\/\/letrame.com\/catalogo\/#website"},"primaryImageOfPage":{"@id":"https:\/\/letrame.com\/catalogo\/producto\/suspiros-del-corazon\/#primaryimage"},"image":{"@id":"https:\/\/letrame.com\/catalogo\/producto\/suspiros-del-corazon\/#primaryimage"},"thumbnailUrl":"https:\/\/letrame.com\/catalogo\/wp-content\/uploads\/2026\/02\/suspirosdelcorazon_917mm4-scaled.jpg","datePublished":"2026-02-19T12:11:45+00:00","breadcrumb":{"@id":"https:\/\/letrame.com\/catalogo\/producto\/suspiros-del-corazon\/#breadcrumb"},"inLanguage":"es","potentialAction":[{"@type":"ReadAction","target":["https:\/\/letrame.com\/catalogo\/producto\/suspiros-del-corazon\/"]}]},{"@type":"ImageObject","inLanguage":"es","@id":"https:\/\/letrame.com\/catalogo\/producto\/suspiros-del-corazon\/#primaryimage","url":"https:\/\/letrame.com\/catalogo\/wp-content\/uploads\/2026\/02\/suspirosdelcorazon_917mm4-scaled.jpg","contentUrl":"https:\/\/letrame.com\/catalogo\/wp-content\/uploads\/2026\/02\/suspirosdelcorazon_917mm4-scaled.jpg","width":1745,"height":2560},{"@type":"BreadcrumbList","@id":"https:\/\/letrame.com\/catalogo\/producto\/suspiros-del-corazon\/#breadcrumb","itemListElement":[{"@type":"ListItem","position":1,"name":"Portada","item":"https:\/\/letrame.com\/catalogo\/"},{"@type":"ListItem","position":2,"name":"Cat\u00e1logo","item":"https:\/\/letrame.com\/catalogo\/"},{"@type":"ListItem","position":3,"name":"Suspiros del coraz\u00f3n"}]},{"@type":"WebSite","@id":"https:\/\/letrame.com\/catalogo\/#website","url":"https:\/\/letrame.com\/catalogo\/","name":"Catalogo | Letrame Grupo Editorial","description":"","publisher":{"@id":"https:\/\/letrame.com\/catalogo\/#organization"},"potentialAction":[{"@type":"SearchAction","target":{"@type":"EntryPoint","urlTemplate":"https:\/\/letrame.com\/catalogo\/?s={search_term_string}"},"query-input":{"@type":"PropertyValueSpecification","valueRequired":true,"valueName":"search_term_string"}}],"inLanguage":"es"},{"@type":"Organization","@id":"https:\/\/letrame.com\/catalogo\/#organization","name":"Catalogo | Letrame Grupo Editorial","url":"https:\/\/letrame.com\/catalogo\/","logo":{"@type":"ImageObject","inLanguage":"es","@id":"https:\/\/letrame.com\/catalogo\/#\/schema\/logo\/image\/","url":"https:\/\/letrame.com\/catalogo\/wp-content\/uploads\/2024\/03\/logo2.webp","contentUrl":"https:\/\/letrame.com\/catalogo\/wp-content\/uploads\/2024\/03\/logo2.webp","width":394,"height":128,"caption":"Catalogo | Letrame Grupo Editorial"},"image":{"@id":"https:\/\/letrame.com\/catalogo\/#\/schema\/logo\/image\/"}}]}},"_links":{"self":[{"href":"https:\/\/letrame.com\/catalogo\/wp-json\/wp\/v2\/product\/111055","targetHints":{"allow":["GET"]}}],"collection":[{"href":"https:\/\/letrame.com\/catalogo\/wp-json\/wp\/v2\/product"}],"about":[{"href":"https:\/\/letrame.com\/catalogo\/wp-json\/wp\/v2\/types\/product"}],"replies":[{"embeddable":true,"href":"https:\/\/letrame.com\/catalogo\/wp-json\/wp\/v2\/comments?post=111055"}],"acf:post":[{"embeddable":true,"href":"https:\/\/letrame.com\/catalogo\/wp-json\/wp\/v2\/author_book\/111054"}],"wp:featuredmedia":[{"embeddable":true,"href":"https:\/\/letrame.com\/catalogo\/wp-json\/wp\/v2\/media\/111058"}],"wp:attachment":[{"href":"https:\/\/letrame.com\/catalogo\/wp-json\/wp\/v2\/media?parent=111055"}],"wp:term":[{"taxonomy":"libro","embeddable":true,"href":"https:\/\/letrame.com\/catalogo\/wp-json\/wp\/v2\/libro?post=111055"},{"taxonomy":"product_brand","embeddable":true,"href":"https:\/\/letrame.com\/catalogo\/wp-json\/wp\/v2\/product_brand?post=111055"},{"taxonomy":"product_cat","embeddable":true,"href":"https:\/\/letrame.com\/catalogo\/wp-json\/wp\/v2\/product_cat?post=111055"},{"taxonomy":"product_tag","embeddable":true,"href":"https:\/\/letrame.com\/catalogo\/wp-json\/wp\/v2\/product_tag?post=111055"}],"curies":[{"name":"wp","href":"https:\/\/api.w.org\/{rel}","templated":true}]}}