{"id":111043,"date":"2026-02-19T11:49:44","date_gmt":"2026-02-19T10:49:44","guid":{"rendered":"https:\/\/letrame.com\/catalogo\/?post_type=product&#038;p=111043"},"modified":"2026-02-19T11:49:44","modified_gmt":"2026-02-19T10:49:44","slug":"la-sangre-del-universo","status":"publish","type":"product","link":"https:\/\/letrame.com\/catalogo\/producto\/la-sangre-del-universo\/","title":{"rendered":"La sangre del universo"},"content":{"rendered":"<p class=\"p1\"><b>ISBN:\u00a0<\/b>9791370292553<b><\/b><\/p>\n<p class=\"p1\"><b>T\u00edtulo: <\/b>La sangre del universo<br \/>\n<b>Fecha:\u00a0<\/b>2025<br \/>\n<b>P\u00e1ginas:\u00a0<\/b>362<b><\/b><\/p>\n<p class=\"p1\"><b>SINOPSIS<\/b><\/p>\n<p>Una noche de verano de 1983, un resplandor atraves\u00f3 el cielo y un ni\u00f1o vino al mundo. Su nombre es Leo, y aunque parece como cualquier otro, en su interior guarda un secreto que ni \u00e9l mismo alcanza a comprender.<br \/>\nSu abuelo sospecha que la marca en su piel no es un simple lunar, que los sue\u00f1os que lo atormentan son m\u00e1s que fantas\u00edas, y que en su sangre se esconde un poder destinado a cambiarlo todo.<br \/>\nEntre la vida cotidiana en Bilbao y un destino que lo supera, Leo crecer\u00e1 rodeado de amistades, p\u00e9rdidas, amenazas y revelaciones que pondr\u00e1n a prueba su fortaleza. Lo que late en su interior no es solo un don: es un llamado.<br \/>\nLa sangre del universo es una novela de misterio y aventura, donde lo c\u00f3smico y lo humano se entrelazan para revelar que, a veces, lo extraordinario se oculta en la vida m\u00e1s com\u00fan.<\/p>\n","protected":false},"excerpt":{"rendered":"<p class=\"p1\"><b>ISBN:\u00a0<\/b>9791370292553<b><\/b><\/p>\n<p class=\"p1\"><b>SINOPSIS<\/b><\/p>\n<p>Una noche de verano de 1983, un resplandor atraves\u00f3 el cielo y un ni\u00f1o vino al mundo. Su nombre es Leo, y aunque parece como cualquier otro, en su interior guarda un secreto que ni \u00e9l mismo alcanza a comprender.<br \/>\nSu abuelo sospecha que la marca en su piel no es un simple lunar, que los sue\u00f1os que lo atormentan son m\u00e1s que fantas\u00edas, y que en su sangre se esconde un poder destinado a cambiarlo todo.<br \/>\nEntre la vida cotidiana en Bilbao y un destino que lo supera, Leo crecer\u00e1 rodeado de amistades, p\u00e9rdidas, amenazas y revelaciones que pondr\u00e1n a prueba su fortaleza. Lo que late en su interior no es solo un don: es un llamado.<br \/>\nLa sangre del universo es una novela de misterio y aventura, donde lo c\u00f3smico y lo humano se entrelazan para revelar que, a veces, lo extraordinario se oculta en la vida m\u00e1s com\u00fan.<\/p>\n","protected":false},"featured_media":111046,"comment_status":"open","ping_status":"closed","template":"","meta":{"_acf_changed":false},"libro":[],"product_brand":[],"product_cat":[47],"product_tag":[],"class_list":{"0":"post-111043","1":"product","2":"type-product","3":"status-publish","4":"has-post-thumbnail","6":"product_cat-ciencia-ficcion-misterio","8":"first","9":"instock","10":"shipping-taxable","11":"product-type-simple"},"acf":{"autor":[111042],"enlace_de_compra":"https:\/\/amzn.to\/4bZ8wep"},"yoast_head":"<!-- This site is optimized with the Yoast SEO plugin v26.6 - https:\/\/yoast.com\/wordpress\/plugins\/seo\/ -->\n<title>La sangre del universo - Catalogo | Letrame Grupo Editorial<\/title>\n<meta name=\"robots\" content=\"index, follow, max-snippet:-1, max-image-preview:large, max-video-preview:-1\" \/>\n<link rel=\"canonical\" href=\"https:\/\/letrame.com\/catalogo\/producto\/la-sangre-del-universo\/\" \/>\n<meta property=\"og:locale\" content=\"es_ES\" \/>\n<meta property=\"og:type\" content=\"article\" \/>\n<meta property=\"og:title\" content=\"La sangre del universo - Catalogo | Letrame Grupo Editorial\" \/>\n<meta property=\"og:description\" content=\"ISBN:\u00a09791370292553 SINOPSIS Una noche de verano de 1983, un resplandor atraves\u00f3 el cielo y un ni\u00f1o vino al mundo. Su nombre es Leo, y aunque parece como cualquier otro, en su interior guarda un secreto que ni \u00e9l mismo alcanza a comprender. Su abuelo sospecha que la marca en su piel no es un simple lunar, que los sue\u00f1os que lo atormentan son m\u00e1s que fantas\u00edas, y que en su sangre se esconde un poder destinado a cambiarlo todo. Entre la vida cotidiana en Bilbao y un destino que lo supera, Leo crecer\u00e1 rodeado de amistades, p\u00e9rdidas, amenazas y revelaciones que pondr\u00e1n a prueba su fortaleza. Lo que late en su interior no es solo un don: es un llamado. La sangre del universo es una novela de misterio y aventura, donde lo c\u00f3smico y lo humano se entrelazan para revelar que, a veces, lo extraordinario se oculta en la vida m\u00e1s com\u00fan.\" \/>\n<meta property=\"og:url\" content=\"https:\/\/letrame.com\/catalogo\/producto\/la-sangre-del-universo\/\" \/>\n<meta property=\"og:site_name\" content=\"Catalogo | Letrame Grupo Editorial\" \/>\n<meta property=\"og:image\" content=\"https:\/\/letrame.com\/catalogo\/wp-content\/uploads\/2026\/02\/lasangredeluniverso_1786mm4-scaled.jpg\" \/>\n\t<meta property=\"og:image:width\" content=\"1814\" \/>\n\t<meta property=\"og:image:height\" content=\"2560\" \/>\n\t<meta property=\"og:image:type\" content=\"image\/jpeg\" \/>\n<meta name=\"twitter:card\" content=\"summary_large_image\" \/>\n<meta name=\"twitter:label1\" content=\"Tiempo de lectura\" \/>\n\t<meta name=\"twitter:data1\" content=\"1 minuto\" \/>\n<script type=\"application\/ld+json\" class=\"yoast-schema-graph\">{\"@context\":\"https:\/\/schema.org\",\"@graph\":[{\"@type\":\"WebPage\",\"@id\":\"https:\/\/letrame.com\/catalogo\/producto\/la-sangre-del-universo\/\",\"url\":\"https:\/\/letrame.com\/catalogo\/producto\/la-sangre-del-universo\/\",\"name\":\"La sangre del universo - Catalogo | Letrame Grupo Editorial\",\"isPartOf\":{\"@id\":\"https:\/\/letrame.com\/catalogo\/#website\"},\"primaryImageOfPage\":{\"@id\":\"https:\/\/letrame.com\/catalogo\/producto\/la-sangre-del-universo\/#primaryimage\"},\"image\":{\"@id\":\"https:\/\/letrame.com\/catalogo\/producto\/la-sangre-del-universo\/#primaryimage\"},\"thumbnailUrl\":\"https:\/\/letrame.com\/catalogo\/wp-content\/uploads\/2026\/02\/lasangredeluniverso_1786mm4-scaled.jpg\",\"datePublished\":\"2026-02-19T10:49:44+00:00\",\"breadcrumb\":{\"@id\":\"https:\/\/letrame.com\/catalogo\/producto\/la-sangre-del-universo\/#breadcrumb\"},\"inLanguage\":\"es\",\"potentialAction\":[{\"@type\":\"ReadAction\",\"target\":[\"https:\/\/letrame.com\/catalogo\/producto\/la-sangre-del-universo\/\"]}]},{\"@type\":\"ImageObject\",\"inLanguage\":\"es\",\"@id\":\"https:\/\/letrame.com\/catalogo\/producto\/la-sangre-del-universo\/#primaryimage\",\"url\":\"https:\/\/letrame.com\/catalogo\/wp-content\/uploads\/2026\/02\/lasangredeluniverso_1786mm4-scaled.jpg\",\"contentUrl\":\"https:\/\/letrame.com\/catalogo\/wp-content\/uploads\/2026\/02\/lasangredeluniverso_1786mm4-scaled.jpg\",\"width\":1814,\"height\":2560},{\"@type\":\"BreadcrumbList\",\"@id\":\"https:\/\/letrame.com\/catalogo\/producto\/la-sangre-del-universo\/#breadcrumb\",\"itemListElement\":[{\"@type\":\"ListItem\",\"position\":1,\"name\":\"Portada\",\"item\":\"https:\/\/letrame.com\/catalogo\/\"},{\"@type\":\"ListItem\",\"position\":2,\"name\":\"Cat\u00e1logo\",\"item\":\"https:\/\/letrame.com\/catalogo\/\"},{\"@type\":\"ListItem\",\"position\":3,\"name\":\"La sangre del universo\"}]},{\"@type\":\"WebSite\",\"@id\":\"https:\/\/letrame.com\/catalogo\/#website\",\"url\":\"https:\/\/letrame.com\/catalogo\/\",\"name\":\"Catalogo | Letrame Grupo Editorial\",\"description\":\"\",\"publisher\":{\"@id\":\"https:\/\/letrame.com\/catalogo\/#organization\"},\"potentialAction\":[{\"@type\":\"SearchAction\",\"target\":{\"@type\":\"EntryPoint\",\"urlTemplate\":\"https:\/\/letrame.com\/catalogo\/?s={search_term_string}\"},\"query-input\":{\"@type\":\"PropertyValueSpecification\",\"valueRequired\":true,\"valueName\":\"search_term_string\"}}],\"inLanguage\":\"es\"},{\"@type\":\"Organization\",\"@id\":\"https:\/\/letrame.com\/catalogo\/#organization\",\"name\":\"Catalogo | Letrame Grupo Editorial\",\"url\":\"https:\/\/letrame.com\/catalogo\/\",\"logo\":{\"@type\":\"ImageObject\",\"inLanguage\":\"es\",\"@id\":\"https:\/\/letrame.com\/catalogo\/#\/schema\/logo\/image\/\",\"url\":\"https:\/\/letrame.com\/catalogo\/wp-content\/uploads\/2024\/03\/logo2.webp\",\"contentUrl\":\"https:\/\/letrame.com\/catalogo\/wp-content\/uploads\/2024\/03\/logo2.webp\",\"width\":394,\"height\":128,\"caption\":\"Catalogo | Letrame Grupo Editorial\"},\"image\":{\"@id\":\"https:\/\/letrame.com\/catalogo\/#\/schema\/logo\/image\/\"}}]}<\/script>\n<!-- \/ Yoast SEO plugin. -->","yoast_head_json":{"title":"La sangre del universo - Catalogo | Letrame Grupo Editorial","robots":{"index":"index","follow":"follow","max-snippet":"max-snippet:-1","max-image-preview":"max-image-preview:large","max-video-preview":"max-video-preview:-1"},"canonical":"https:\/\/letrame.com\/catalogo\/producto\/la-sangre-del-universo\/","og_locale":"es_ES","og_type":"article","og_title":"La sangre del universo - Catalogo | Letrame Grupo Editorial","og_description":"ISBN:\u00a09791370292553 SINOPSIS Una noche de verano de 1983, un resplandor atraves\u00f3 el cielo y un ni\u00f1o vino al mundo. Su nombre es Leo, y aunque parece como cualquier otro, en su interior guarda un secreto que ni \u00e9l mismo alcanza a comprender. Su abuelo sospecha que la marca en su piel no es un simple lunar, que los sue\u00f1os que lo atormentan son m\u00e1s que fantas\u00edas, y que en su sangre se esconde un poder destinado a cambiarlo todo. Entre la vida cotidiana en Bilbao y un destino que lo supera, Leo crecer\u00e1 rodeado de amistades, p\u00e9rdidas, amenazas y revelaciones que pondr\u00e1n a prueba su fortaleza. Lo que late en su interior no es solo un don: es un llamado. La sangre del universo es una novela de misterio y aventura, donde lo c\u00f3smico y lo humano se entrelazan para revelar que, a veces, lo extraordinario se oculta en la vida m\u00e1s com\u00fan.","og_url":"https:\/\/letrame.com\/catalogo\/producto\/la-sangre-del-universo\/","og_site_name":"Catalogo | Letrame Grupo Editorial","og_image":[{"width":1814,"height":2560,"url":"https:\/\/letrame.com\/catalogo\/wp-content\/uploads\/2026\/02\/lasangredeluniverso_1786mm4-scaled.jpg","type":"image\/jpeg"}],"twitter_card":"summary_large_image","twitter_misc":{"Tiempo de lectura":"1 minuto"},"schema":{"@context":"https:\/\/schema.org","@graph":[{"@type":"WebPage","@id":"https:\/\/letrame.com\/catalogo\/producto\/la-sangre-del-universo\/","url":"https:\/\/letrame.com\/catalogo\/producto\/la-sangre-del-universo\/","name":"La sangre del universo - Catalogo | Letrame Grupo Editorial","isPartOf":{"@id":"https:\/\/letrame.com\/catalogo\/#website"},"primaryImageOfPage":{"@id":"https:\/\/letrame.com\/catalogo\/producto\/la-sangre-del-universo\/#primaryimage"},"image":{"@id":"https:\/\/letrame.com\/catalogo\/producto\/la-sangre-del-universo\/#primaryimage"},"thumbnailUrl":"https:\/\/letrame.com\/catalogo\/wp-content\/uploads\/2026\/02\/lasangredeluniverso_1786mm4-scaled.jpg","datePublished":"2026-02-19T10:49:44+00:00","breadcrumb":{"@id":"https:\/\/letrame.com\/catalogo\/producto\/la-sangre-del-universo\/#breadcrumb"},"inLanguage":"es","potentialAction":[{"@type":"ReadAction","target":["https:\/\/letrame.com\/catalogo\/producto\/la-sangre-del-universo\/"]}]},{"@type":"ImageObject","inLanguage":"es","@id":"https:\/\/letrame.com\/catalogo\/producto\/la-sangre-del-universo\/#primaryimage","url":"https:\/\/letrame.com\/catalogo\/wp-content\/uploads\/2026\/02\/lasangredeluniverso_1786mm4-scaled.jpg","contentUrl":"https:\/\/letrame.com\/catalogo\/wp-content\/uploads\/2026\/02\/lasangredeluniverso_1786mm4-scaled.jpg","width":1814,"height":2560},{"@type":"BreadcrumbList","@id":"https:\/\/letrame.com\/catalogo\/producto\/la-sangre-del-universo\/#breadcrumb","itemListElement":[{"@type":"ListItem","position":1,"name":"Portada","item":"https:\/\/letrame.com\/catalogo\/"},{"@type":"ListItem","position":2,"name":"Cat\u00e1logo","item":"https:\/\/letrame.com\/catalogo\/"},{"@type":"ListItem","position":3,"name":"La sangre del universo"}]},{"@type":"WebSite","@id":"https:\/\/letrame.com\/catalogo\/#website","url":"https:\/\/letrame.com\/catalogo\/","name":"Catalogo | Letrame Grupo Editorial","description":"","publisher":{"@id":"https:\/\/letrame.com\/catalogo\/#organization"},"potentialAction":[{"@type":"SearchAction","target":{"@type":"EntryPoint","urlTemplate":"https:\/\/letrame.com\/catalogo\/?s={search_term_string}"},"query-input":{"@type":"PropertyValueSpecification","valueRequired":true,"valueName":"search_term_string"}}],"inLanguage":"es"},{"@type":"Organization","@id":"https:\/\/letrame.com\/catalogo\/#organization","name":"Catalogo | Letrame Grupo Editorial","url":"https:\/\/letrame.com\/catalogo\/","logo":{"@type":"ImageObject","inLanguage":"es","@id":"https:\/\/letrame.com\/catalogo\/#\/schema\/logo\/image\/","url":"https:\/\/letrame.com\/catalogo\/wp-content\/uploads\/2024\/03\/logo2.webp","contentUrl":"https:\/\/letrame.com\/catalogo\/wp-content\/uploads\/2024\/03\/logo2.webp","width":394,"height":128,"caption":"Catalogo | Letrame Grupo Editorial"},"image":{"@id":"https:\/\/letrame.com\/catalogo\/#\/schema\/logo\/image\/"}}]}},"_links":{"self":[{"href":"https:\/\/letrame.com\/catalogo\/wp-json\/wp\/v2\/product\/111043","targetHints":{"allow":["GET"]}}],"collection":[{"href":"https:\/\/letrame.com\/catalogo\/wp-json\/wp\/v2\/product"}],"about":[{"href":"https:\/\/letrame.com\/catalogo\/wp-json\/wp\/v2\/types\/product"}],"replies":[{"embeddable":true,"href":"https:\/\/letrame.com\/catalogo\/wp-json\/wp\/v2\/comments?post=111043"}],"acf:post":[{"embeddable":true,"href":"https:\/\/letrame.com\/catalogo\/wp-json\/wp\/v2\/author_book\/111042"}],"wp:featuredmedia":[{"embeddable":true,"href":"https:\/\/letrame.com\/catalogo\/wp-json\/wp\/v2\/media\/111046"}],"wp:attachment":[{"href":"https:\/\/letrame.com\/catalogo\/wp-json\/wp\/v2\/media?parent=111043"}],"wp:term":[{"taxonomy":"libro","embeddable":true,"href":"https:\/\/letrame.com\/catalogo\/wp-json\/wp\/v2\/libro?post=111043"},{"taxonomy":"product_brand","embeddable":true,"href":"https:\/\/letrame.com\/catalogo\/wp-json\/wp\/v2\/product_brand?post=111043"},{"taxonomy":"product_cat","embeddable":true,"href":"https:\/\/letrame.com\/catalogo\/wp-json\/wp\/v2\/product_cat?post=111043"},{"taxonomy":"product_tag","embeddable":true,"href":"https:\/\/letrame.com\/catalogo\/wp-json\/wp\/v2\/product_tag?post=111043"}],"curies":[{"name":"wp","href":"https:\/\/api.w.org\/{rel}","templated":true}]}}