{"id":111038,"date":"2026-02-19T10:42:08","date_gmt":"2026-02-19T09:42:08","guid":{"rendered":"https:\/\/letrame.com\/catalogo\/?post_type=product&#038;p=111038"},"modified":"2026-02-19T10:42:09","modified_gmt":"2026-02-19T09:42:09","slug":"el-devoto-del-senor","status":"publish","type":"product","link":"https:\/\/letrame.com\/catalogo\/producto\/el-devoto-del-senor\/","title":{"rendered":"El devoto del Se\u00f1or"},"content":{"rendered":"<p class=\"p1\"><b>ISBN: <\/b>9791370290986<b><\/b><\/p>\n<p class=\"p1\"><b>T\u00edtulo:<\/b>El devoto del Se\u00f1or<br \/>\n<b>Fecha: <\/b>2025<br \/>\n<b>P\u00e1ginas: <\/b>94<b><\/b><\/p>\n<p class=\"p1\"><b>SINOPSIS<\/b><\/p>\n<p>El devoto del Se\u00f1or eres t\u00fa, alma preciosa.<br \/>\nEste libro no te ense\u00f1a, te recuerda.<br \/>\nTe recuerda que en lo m\u00e1s profundo de tu ser hay una llama viva, una presencia silenciosa que ha estado contigo desde siempre: Dios.<br \/>\nNo est\u00e1s perdido.<br \/>\nSolo necesitas hacer una pausa, respirar y entregarte.<br \/>\nNo hay b\u00fasqueda m\u00e1s sagrada que el regreso a casa, y ese regreso comienza en el silencio&#8230;<br \/>\nCuando ya no tienes nada que demostrar, cuando ya no deseas impresionar, cuando solo deseas fundirte en \u00c9l.<br \/>\nAqu\u00ed no hay f\u00f3rmulas ni maestros, solo una voz rendida que ha descubierto que la verdad del Se\u00f1or est\u00e1 en ti.<br \/>\nEste no es un libro com\u00fan. Es un llamado. Es una rendici\u00f3n.<br \/>\nEs una conversaci\u00f3n entre tu alma y Dios.<br \/>\nY si est\u00e1s leyendo estas l\u00edneas&#8230; ya has sido llamado.<br \/>\n\u2022 El devoto del Se\u00f1or<br \/>\n\u2022 Reflexiones de un alma rendida<br \/>\n\u2022 Ense\u00f1anzas de Sai Bolenath<\/p>\n","protected":false},"excerpt":{"rendered":"<p class=\"p1\"><b>ISBN: <\/b>9791370290986<b><\/b><\/p>\n<p class=\"p1\"><b>SINOPSIS<\/b><\/p>\n<p>El devoto del Se\u00f1or eres t\u00fa, alma preciosa.<br \/>\nEste libro no te ense\u00f1a, te recuerda.<br \/>\nTe recuerda que en lo m\u00e1s profundo de tu ser hay una llama viva, una presencia silenciosa que ha estado contigo desde siempre: Dios.<br \/>\nNo est\u00e1s perdido.<br \/>\nSolo necesitas hacer una pausa, respirar y entregarte.<br \/>\nNo hay b\u00fasqueda m\u00e1s sagrada que el regreso a casa, y ese regreso comienza en el silencio&#8230;<br \/>\nCuando ya no tienes nada que demostrar, cuando ya no deseas impresionar, cuando solo deseas fundirte en \u00c9l.<br \/>\nAqu\u00ed no hay f\u00f3rmulas ni maestros, solo una voz rendida que ha descubierto que la verdad del Se\u00f1or est\u00e1 en ti.<br \/>\nEste no es un libro com\u00fan. Es un llamado. Es una rendici\u00f3n.<br \/>\nEs una conversaci\u00f3n entre tu alma y Dios.<br \/>\nY si est\u00e1s leyendo estas l\u00edneas&#8230; ya has sido llamado.<br \/>\n\u2022 El devoto del Se\u00f1or<br \/>\n\u2022 Reflexiones de un alma rendida<br \/>\n\u2022 Ense\u00f1anzas de Sai Bolenath<\/p>\n","protected":false},"featured_media":111040,"comment_status":"open","ping_status":"closed","template":"","meta":{"_acf_changed":false},"libro":[],"product_brand":[],"product_cat":[25],"product_tag":[],"class_list":{"0":"post-111038","1":"product","2":"type-product","3":"status-publish","4":"has-post-thumbnail","6":"product_cat-religion-y-espiritualidad","8":"first","9":"instock","10":"shipping-taxable","11":"product-type-simple"},"acf":{"autor":[111037],"enlace_de_compra":"https:\/\/amzn.to\/4rR01qq"},"yoast_head":"<!-- This site is optimized with the Yoast SEO plugin v26.6 - https:\/\/yoast.com\/wordpress\/plugins\/seo\/ -->\n<title>El devoto del Se\u00f1or - Catalogo | Letrame Grupo Editorial<\/title>\n<meta name=\"robots\" content=\"index, follow, max-snippet:-1, max-image-preview:large, max-video-preview:-1\" \/>\n<link rel=\"canonical\" href=\"https:\/\/letrame.com\/catalogo\/producto\/el-devoto-del-senor\/\" \/>\n<meta property=\"og:locale\" content=\"es_ES\" \/>\n<meta property=\"og:type\" content=\"article\" \/>\n<meta property=\"og:title\" content=\"El devoto del Se\u00f1or - Catalogo | Letrame Grupo Editorial\" \/>\n<meta property=\"og:description\" content=\"ISBN: 9791370290986 SINOPSIS El devoto del Se\u00f1or eres t\u00fa, alma preciosa. Este libro no te ense\u00f1a, te recuerda. Te recuerda que en lo m\u00e1s profundo de tu ser hay una llama viva, una presencia silenciosa que ha estado contigo desde siempre: Dios. No est\u00e1s perdido. Solo necesitas hacer una pausa, respirar y entregarte. No hay b\u00fasqueda m\u00e1s sagrada que el regreso a casa, y ese regreso comienza en el silencio... Cuando ya no tienes nada que demostrar, cuando ya no deseas impresionar, cuando solo deseas fundirte en \u00c9l. Aqu\u00ed no hay f\u00f3rmulas ni maestros, solo una voz rendida que ha descubierto que la verdad del Se\u00f1or est\u00e1 en ti. Este no es un libro com\u00fan. Es un llamado. Es una rendici\u00f3n. Es una conversaci\u00f3n entre tu alma y Dios. Y si est\u00e1s leyendo estas l\u00edneas... ya has sido llamado. \u2022 El devoto del Se\u00f1or \u2022 Reflexiones de un alma rendida \u2022 Ense\u00f1anzas de Sai Bolenath\" \/>\n<meta property=\"og:url\" content=\"https:\/\/letrame.com\/catalogo\/producto\/el-devoto-del-senor\/\" \/>\n<meta property=\"og:site_name\" content=\"Catalogo | Letrame Grupo Editorial\" \/>\n<meta property=\"article:modified_time\" content=\"2026-02-19T09:42:09+00:00\" \/>\n<meta property=\"og:image\" content=\"https:\/\/letrame.com\/catalogo\/wp-content\/uploads\/2026\/02\/eldevotodelsenor_55mm4-scaled.jpg\" \/>\n\t<meta property=\"og:image:width\" content=\"1828\" \/>\n\t<meta property=\"og:image:height\" content=\"2560\" \/>\n\t<meta property=\"og:image:type\" content=\"image\/jpeg\" \/>\n<meta name=\"twitter:card\" content=\"summary_large_image\" \/>\n<meta name=\"twitter:label1\" content=\"Tiempo de lectura\" \/>\n\t<meta name=\"twitter:data1\" content=\"1 minuto\" \/>\n<script type=\"application\/ld+json\" class=\"yoast-schema-graph\">{\"@context\":\"https:\/\/schema.org\",\"@graph\":[{\"@type\":\"WebPage\",\"@id\":\"https:\/\/letrame.com\/catalogo\/producto\/el-devoto-del-senor\/\",\"url\":\"https:\/\/letrame.com\/catalogo\/producto\/el-devoto-del-senor\/\",\"name\":\"El devoto del Se\u00f1or - Catalogo | Letrame Grupo Editorial\",\"isPartOf\":{\"@id\":\"https:\/\/letrame.com\/catalogo\/#website\"},\"primaryImageOfPage\":{\"@id\":\"https:\/\/letrame.com\/catalogo\/producto\/el-devoto-del-senor\/#primaryimage\"},\"image\":{\"@id\":\"https:\/\/letrame.com\/catalogo\/producto\/el-devoto-del-senor\/#primaryimage\"},\"thumbnailUrl\":\"https:\/\/letrame.com\/catalogo\/wp-content\/uploads\/2026\/02\/eldevotodelsenor_55mm4-scaled.jpg\",\"datePublished\":\"2026-02-19T09:42:08+00:00\",\"dateModified\":\"2026-02-19T09:42:09+00:00\",\"breadcrumb\":{\"@id\":\"https:\/\/letrame.com\/catalogo\/producto\/el-devoto-del-senor\/#breadcrumb\"},\"inLanguage\":\"es\",\"potentialAction\":[{\"@type\":\"ReadAction\",\"target\":[\"https:\/\/letrame.com\/catalogo\/producto\/el-devoto-del-senor\/\"]}]},{\"@type\":\"ImageObject\",\"inLanguage\":\"es\",\"@id\":\"https:\/\/letrame.com\/catalogo\/producto\/el-devoto-del-senor\/#primaryimage\",\"url\":\"https:\/\/letrame.com\/catalogo\/wp-content\/uploads\/2026\/02\/eldevotodelsenor_55mm4-scaled.jpg\",\"contentUrl\":\"https:\/\/letrame.com\/catalogo\/wp-content\/uploads\/2026\/02\/eldevotodelsenor_55mm4-scaled.jpg\",\"width\":1828,\"height\":2560},{\"@type\":\"BreadcrumbList\",\"@id\":\"https:\/\/letrame.com\/catalogo\/producto\/el-devoto-del-senor\/#breadcrumb\",\"itemListElement\":[{\"@type\":\"ListItem\",\"position\":1,\"name\":\"Portada\",\"item\":\"https:\/\/letrame.com\/catalogo\/\"},{\"@type\":\"ListItem\",\"position\":2,\"name\":\"Cat\u00e1logo\",\"item\":\"https:\/\/letrame.com\/catalogo\/\"},{\"@type\":\"ListItem\",\"position\":3,\"name\":\"El devoto del Se\u00f1or\"}]},{\"@type\":\"WebSite\",\"@id\":\"https:\/\/letrame.com\/catalogo\/#website\",\"url\":\"https:\/\/letrame.com\/catalogo\/\",\"name\":\"Catalogo | Letrame Grupo Editorial\",\"description\":\"\",\"publisher\":{\"@id\":\"https:\/\/letrame.com\/catalogo\/#organization\"},\"potentialAction\":[{\"@type\":\"SearchAction\",\"target\":{\"@type\":\"EntryPoint\",\"urlTemplate\":\"https:\/\/letrame.com\/catalogo\/?s={search_term_string}\"},\"query-input\":{\"@type\":\"PropertyValueSpecification\",\"valueRequired\":true,\"valueName\":\"search_term_string\"}}],\"inLanguage\":\"es\"},{\"@type\":\"Organization\",\"@id\":\"https:\/\/letrame.com\/catalogo\/#organization\",\"name\":\"Catalogo | Letrame Grupo Editorial\",\"url\":\"https:\/\/letrame.com\/catalogo\/\",\"logo\":{\"@type\":\"ImageObject\",\"inLanguage\":\"es\",\"@id\":\"https:\/\/letrame.com\/catalogo\/#\/schema\/logo\/image\/\",\"url\":\"https:\/\/letrame.com\/catalogo\/wp-content\/uploads\/2024\/03\/logo2.webp\",\"contentUrl\":\"https:\/\/letrame.com\/catalogo\/wp-content\/uploads\/2024\/03\/logo2.webp\",\"width\":394,\"height\":128,\"caption\":\"Catalogo | Letrame Grupo Editorial\"},\"image\":{\"@id\":\"https:\/\/letrame.com\/catalogo\/#\/schema\/logo\/image\/\"}}]}<\/script>\n<!-- \/ Yoast SEO plugin. -->","yoast_head_json":{"title":"El devoto del Se\u00f1or - Catalogo | Letrame Grupo Editorial","robots":{"index":"index","follow":"follow","max-snippet":"max-snippet:-1","max-image-preview":"max-image-preview:large","max-video-preview":"max-video-preview:-1"},"canonical":"https:\/\/letrame.com\/catalogo\/producto\/el-devoto-del-senor\/","og_locale":"es_ES","og_type":"article","og_title":"El devoto del Se\u00f1or - Catalogo | Letrame Grupo Editorial","og_description":"ISBN: 9791370290986 SINOPSIS El devoto del Se\u00f1or eres t\u00fa, alma preciosa. Este libro no te ense\u00f1a, te recuerda. Te recuerda que en lo m\u00e1s profundo de tu ser hay una llama viva, una presencia silenciosa que ha estado contigo desde siempre: Dios. No est\u00e1s perdido. Solo necesitas hacer una pausa, respirar y entregarte. No hay b\u00fasqueda m\u00e1s sagrada que el regreso a casa, y ese regreso comienza en el silencio... Cuando ya no tienes nada que demostrar, cuando ya no deseas impresionar, cuando solo deseas fundirte en \u00c9l. Aqu\u00ed no hay f\u00f3rmulas ni maestros, solo una voz rendida que ha descubierto que la verdad del Se\u00f1or est\u00e1 en ti. Este no es un libro com\u00fan. Es un llamado. Es una rendici\u00f3n. Es una conversaci\u00f3n entre tu alma y Dios. Y si est\u00e1s leyendo estas l\u00edneas... ya has sido llamado. \u2022 El devoto del Se\u00f1or \u2022 Reflexiones de un alma rendida \u2022 Ense\u00f1anzas de Sai Bolenath","og_url":"https:\/\/letrame.com\/catalogo\/producto\/el-devoto-del-senor\/","og_site_name":"Catalogo | Letrame Grupo Editorial","article_modified_time":"2026-02-19T09:42:09+00:00","og_image":[{"width":1828,"height":2560,"url":"https:\/\/letrame.com\/catalogo\/wp-content\/uploads\/2026\/02\/eldevotodelsenor_55mm4-scaled.jpg","type":"image\/jpeg"}],"twitter_card":"summary_large_image","twitter_misc":{"Tiempo de lectura":"1 minuto"},"schema":{"@context":"https:\/\/schema.org","@graph":[{"@type":"WebPage","@id":"https:\/\/letrame.com\/catalogo\/producto\/el-devoto-del-senor\/","url":"https:\/\/letrame.com\/catalogo\/producto\/el-devoto-del-senor\/","name":"El devoto del Se\u00f1or - Catalogo | Letrame Grupo Editorial","isPartOf":{"@id":"https:\/\/letrame.com\/catalogo\/#website"},"primaryImageOfPage":{"@id":"https:\/\/letrame.com\/catalogo\/producto\/el-devoto-del-senor\/#primaryimage"},"image":{"@id":"https:\/\/letrame.com\/catalogo\/producto\/el-devoto-del-senor\/#primaryimage"},"thumbnailUrl":"https:\/\/letrame.com\/catalogo\/wp-content\/uploads\/2026\/02\/eldevotodelsenor_55mm4-scaled.jpg","datePublished":"2026-02-19T09:42:08+00:00","dateModified":"2026-02-19T09:42:09+00:00","breadcrumb":{"@id":"https:\/\/letrame.com\/catalogo\/producto\/el-devoto-del-senor\/#breadcrumb"},"inLanguage":"es","potentialAction":[{"@type":"ReadAction","target":["https:\/\/letrame.com\/catalogo\/producto\/el-devoto-del-senor\/"]}]},{"@type":"ImageObject","inLanguage":"es","@id":"https:\/\/letrame.com\/catalogo\/producto\/el-devoto-del-senor\/#primaryimage","url":"https:\/\/letrame.com\/catalogo\/wp-content\/uploads\/2026\/02\/eldevotodelsenor_55mm4-scaled.jpg","contentUrl":"https:\/\/letrame.com\/catalogo\/wp-content\/uploads\/2026\/02\/eldevotodelsenor_55mm4-scaled.jpg","width":1828,"height":2560},{"@type":"BreadcrumbList","@id":"https:\/\/letrame.com\/catalogo\/producto\/el-devoto-del-senor\/#breadcrumb","itemListElement":[{"@type":"ListItem","position":1,"name":"Portada","item":"https:\/\/letrame.com\/catalogo\/"},{"@type":"ListItem","position":2,"name":"Cat\u00e1logo","item":"https:\/\/letrame.com\/catalogo\/"},{"@type":"ListItem","position":3,"name":"El devoto del Se\u00f1or"}]},{"@type":"WebSite","@id":"https:\/\/letrame.com\/catalogo\/#website","url":"https:\/\/letrame.com\/catalogo\/","name":"Catalogo | Letrame Grupo Editorial","description":"","publisher":{"@id":"https:\/\/letrame.com\/catalogo\/#organization"},"potentialAction":[{"@type":"SearchAction","target":{"@type":"EntryPoint","urlTemplate":"https:\/\/letrame.com\/catalogo\/?s={search_term_string}"},"query-input":{"@type":"PropertyValueSpecification","valueRequired":true,"valueName":"search_term_string"}}],"inLanguage":"es"},{"@type":"Organization","@id":"https:\/\/letrame.com\/catalogo\/#organization","name":"Catalogo | Letrame Grupo Editorial","url":"https:\/\/letrame.com\/catalogo\/","logo":{"@type":"ImageObject","inLanguage":"es","@id":"https:\/\/letrame.com\/catalogo\/#\/schema\/logo\/image\/","url":"https:\/\/letrame.com\/catalogo\/wp-content\/uploads\/2024\/03\/logo2.webp","contentUrl":"https:\/\/letrame.com\/catalogo\/wp-content\/uploads\/2024\/03\/logo2.webp","width":394,"height":128,"caption":"Catalogo | Letrame Grupo Editorial"},"image":{"@id":"https:\/\/letrame.com\/catalogo\/#\/schema\/logo\/image\/"}}]}},"_links":{"self":[{"href":"https:\/\/letrame.com\/catalogo\/wp-json\/wp\/v2\/product\/111038","targetHints":{"allow":["GET"]}}],"collection":[{"href":"https:\/\/letrame.com\/catalogo\/wp-json\/wp\/v2\/product"}],"about":[{"href":"https:\/\/letrame.com\/catalogo\/wp-json\/wp\/v2\/types\/product"}],"replies":[{"embeddable":true,"href":"https:\/\/letrame.com\/catalogo\/wp-json\/wp\/v2\/comments?post=111038"}],"acf:post":[{"embeddable":true,"href":"https:\/\/letrame.com\/catalogo\/wp-json\/wp\/v2\/author_book\/111037"}],"wp:featuredmedia":[{"embeddable":true,"href":"https:\/\/letrame.com\/catalogo\/wp-json\/wp\/v2\/media\/111040"}],"wp:attachment":[{"href":"https:\/\/letrame.com\/catalogo\/wp-json\/wp\/v2\/media?parent=111038"}],"wp:term":[{"taxonomy":"libro","embeddable":true,"href":"https:\/\/letrame.com\/catalogo\/wp-json\/wp\/v2\/libro?post=111038"},{"taxonomy":"product_brand","embeddable":true,"href":"https:\/\/letrame.com\/catalogo\/wp-json\/wp\/v2\/product_brand?post=111038"},{"taxonomy":"product_cat","embeddable":true,"href":"https:\/\/letrame.com\/catalogo\/wp-json\/wp\/v2\/product_cat?post=111038"},{"taxonomy":"product_tag","embeddable":true,"href":"https:\/\/letrame.com\/catalogo\/wp-json\/wp\/v2\/product_tag?post=111038"}],"curies":[{"name":"wp","href":"https:\/\/api.w.org\/{rel}","templated":true}]}}