{"id":111026,"date":"2026-02-19T09:01:09","date_gmt":"2026-02-19T08:01:09","guid":{"rendered":"https:\/\/letrame.com\/catalogo\/?post_type=product&#038;p=111026"},"modified":"2026-02-19T09:01:10","modified_gmt":"2026-02-19T08:01:10","slug":"en-busca-de-reyes","status":"publish","type":"product","link":"https:\/\/letrame.com\/catalogo\/producto\/en-busca-de-reyes\/","title":{"rendered":"En busca de Reyes"},"content":{"rendered":"<p class=\"p1\"><b>ISBN:\u00a0<\/b>9791370292706<b><\/b><\/p>\n<p class=\"p1\"><b>T\u00edtulo:\u00a0<\/b>En busca de Reyes<br \/>\n<b>Fecha:<\/b> 2025<br \/>\n<b>P\u00e1ginas:\u00a0<\/b> 216<b><\/b><\/p>\n<p class=\"p1\"><b>SINOPSIS<\/b><\/p>\n<p>En las entra\u00f1as de la Sierra Nayarita, M\u00e9xico, entre arroyos cristalinos, riscos inmensos y veredas que a veces llevan a ninguna parte, un hombre cabalga en busca de un amigo, pero tambi\u00e9n de algo m\u00e1s profundo: respuestas. El viaje se convierte en una traves\u00eda de soledad y encuentro, de miedo y revelaci\u00f3n.<br \/>\nA trav\u00e9s de la mirada de Aar\u00f3n Quintanilla Escobedo, la naturaleza deja de ser simple escenario y se vuelve protagonista: nutrias, coyotes, serpientes y aves hablan en su propio lenguaje y obligan a reflexionar sobre el lugar del hombre en el mundo. En esas noches de fuego y silencio, entre sue\u00f1os donde se es coyote y se dialoga con tecolotes, surgen preguntas eternas: \u00bfqu\u00e9 somos frente al cosmos?<br \/>\n\u00bfqu\u00e9 papel jugamos en la creaci\u00f3n? \u00bfqu\u00e9 significa convivir<br \/>\n\u2014o destruir\u2014 lo que nos rodea?<br \/>\nEn busca de Reyes es un testimonio \u00edntimo de la aventura de pensar y sentir, de enfrentarse a la naturaleza externa y a la interna. Una obra que invita a detenerse, escuchar el murmullo del monte y aceptar que, en \u00faltima instancia, el verdadero encuentro es con uno mismo.<\/p>\n","protected":false},"excerpt":{"rendered":"<p class=\"p1\"><b>ISBN:\u00a0<\/b>9791370292706<b><\/b><\/p>\n<p class=\"p1\"><b>SINOPSIS<\/b><\/p>\n<p>En las entra\u00f1as de la Sierra Nayarita, M\u00e9xico, entre arroyos cristalinos, riscos inmensos y veredas que a veces llevan a ninguna parte, un hombre cabalga en busca de un amigo, pero tambi\u00e9n de algo m\u00e1s profundo: respuestas. El viaje se convierte en una traves\u00eda de soledad y encuentro, de miedo y revelaci\u00f3n.<br \/>\nA trav\u00e9s de la mirada de Aar\u00f3n Quintanilla Escobedo, la naturaleza deja de ser simple escenario y se vuelve protagonista: nutrias, coyotes, serpientes y aves hablan en su propio lenguaje y obligan a reflexionar sobre el lugar del hombre en el mundo. En esas noches de fuego y silencio, entre sue\u00f1os donde se es coyote y se dialoga con tecolotes, surgen preguntas eternas: \u00bfqu\u00e9 somos frente al cosmos?<br \/>\n\u00bfqu\u00e9 papel jugamos en la creaci\u00f3n? \u00bfqu\u00e9 significa convivir<br \/>\n\u2014o destruir\u2014 lo que nos rodea?<br \/>\nEn busca de Reyes es un testimonio \u00edntimo de la aventura de pensar y sentir, de enfrentarse a la naturaleza externa y a la interna. Una obra que invita a detenerse, escuchar el murmullo del monte y aceptar que, en \u00faltima instancia, el verdadero encuentro es con uno mismo.<\/p>\n","protected":false},"featured_media":111029,"comment_status":"open","ping_status":"closed","template":"","meta":{"_acf_changed":false},"libro":[],"product_brand":[],"product_cat":[136],"product_tag":[],"class_list":{"0":"post-111026","1":"product","2":"type-product","3":"status-publish","4":"has-post-thumbnail","6":"product_cat-realismo-magico","8":"first","9":"instock","10":"shipping-taxable","11":"product-type-simple"},"acf":{"autor":[111025],"enlace_de_compra":"https:\/\/www.amazon.es\/busca-Reyes-Aar%C3%B3n-Quintanilla-Escobedo\/dp\/B0GGXMPSZJ\/ref=sr_1_1?__mk_es_ES=%C3%85M%C3%85%C5%BD%C3%95%C3%91&crid=22OS174APFZWI&dib=eyJ2IjoiMSJ9.b8j2V3ohxBpt4jbmxEtVcotooNLkG7BIukG4oZS9h1eFBQFuahqdrFmp8UZpHSRohE68m72WThVStMKUvGmcmOZCa2b7VaLG0A5MuBNJGGcGeAJ5xJhMsxCUTMm6qX79IwCa7wUDArQbiYbz-UNGNbIDiZ007eKJE_wtr8eY1HVEnn4tc011dbIPxkGWDPc-q5kNzMrzGR5fa2Mf8QSKumfhjluqgaOcZmlWRq8bG2jI4mDpNrT6VZGIMGn0DuNQ5CxXR2KeQ9LhLpkL8Aamh3ERgERZ-vVuOz0ctUS_hDU.YD6R5G2CjkFaJAK3a_gglAwOxfGZ1CrCLXe01-kEK10&dib_tag=se&keywords=en+busca+de+reyes&qid=1771487468&sprefix=en+busca+de+reyes%2Caps%2C368&sr=8-1"},"yoast_head":"<!-- This site is optimized with the Yoast SEO plugin v27.4 - https:\/\/yoast.com\/product\/yoast-seo-wordpress\/ -->\n<title>En busca de Reyes - Catalogo | Letrame Grupo Editorial<\/title>\n<meta name=\"robots\" content=\"index, follow, max-snippet:-1, max-image-preview:large, max-video-preview:-1\" \/>\n<link rel=\"canonical\" href=\"https:\/\/letrame.com\/catalogo\/producto\/en-busca-de-reyes\/\" \/>\n<meta property=\"og:locale\" content=\"es_ES\" \/>\n<meta property=\"og:type\" content=\"article\" \/>\n<meta property=\"og:title\" content=\"En busca de Reyes - Catalogo | Letrame Grupo Editorial\" \/>\n<meta property=\"og:description\" content=\"ISBN:\u00a09791370292706 SINOPSIS En las entra\u00f1as de la Sierra Nayarita, M\u00e9xico, entre arroyos cristalinos, riscos inmensos y veredas que a veces llevan a ninguna parte, un hombre cabalga en busca de un amigo, pero tambi\u00e9n de algo m\u00e1s profundo: respuestas. El viaje se convierte en una traves\u00eda de soledad y encuentro, de miedo y revelaci\u00f3n. A trav\u00e9s de la mirada de Aar\u00f3n Quintanilla Escobedo, la naturaleza deja de ser simple escenario y se vuelve protagonista: nutrias, coyotes, serpientes y aves hablan en su propio lenguaje y obligan a reflexionar sobre el lugar del hombre en el mundo. En esas noches de fuego y silencio, entre sue\u00f1os donde se es coyote y se dialoga con tecolotes, surgen preguntas eternas: \u00bfqu\u00e9 somos frente al cosmos? \u00bfqu\u00e9 papel jugamos en la creaci\u00f3n? \u00bfqu\u00e9 significa convivir \u2014o destruir\u2014 lo que nos rodea? En busca de Reyes es un testimonio \u00edntimo de la aventura de pensar y sentir, de enfrentarse a la naturaleza externa y a la interna. Una obra que invita a detenerse, escuchar el murmullo del monte y aceptar que, en \u00faltima instancia, el verdadero encuentro es con uno mismo.\" \/>\n<meta property=\"og:url\" content=\"https:\/\/letrame.com\/catalogo\/producto\/en-busca-de-reyes\/\" \/>\n<meta property=\"og:site_name\" content=\"Catalogo | Letrame Grupo Editorial\" \/>\n<meta property=\"article:modified_time\" content=\"2026-02-19T08:01:10+00:00\" \/>\n<meta property=\"og:image\" content=\"https:\/\/letrame.com\/catalogo\/wp-content\/uploads\/2026\/02\/enbuscadereyes_1077mm4-scaled.jpg\" \/>\n\t<meta property=\"og:image:width\" content=\"1828\" \/>\n\t<meta property=\"og:image:height\" content=\"2560\" \/>\n\t<meta property=\"og:image:type\" content=\"image\/jpeg\" \/>\n<meta name=\"twitter:card\" content=\"summary_large_image\" \/>\n<meta name=\"twitter:label1\" content=\"Tiempo de lectura\" \/>\n\t<meta name=\"twitter:data1\" content=\"2 minutos\" \/>\n<script type=\"application\/ld+json\" class=\"yoast-schema-graph\">{\"@context\":\"https:\\\/\\\/schema.org\",\"@graph\":[{\"@type\":\"WebPage\",\"@id\":\"https:\\\/\\\/letrame.com\\\/catalogo\\\/producto\\\/en-busca-de-reyes\\\/\",\"url\":\"https:\\\/\\\/letrame.com\\\/catalogo\\\/producto\\\/en-busca-de-reyes\\\/\",\"name\":\"En busca de Reyes - Catalogo | Letrame Grupo Editorial\",\"isPartOf\":{\"@id\":\"https:\\\/\\\/letrame.com\\\/catalogo\\\/#website\"},\"primaryImageOfPage\":{\"@id\":\"https:\\\/\\\/letrame.com\\\/catalogo\\\/producto\\\/en-busca-de-reyes\\\/#primaryimage\"},\"image\":{\"@id\":\"https:\\\/\\\/letrame.com\\\/catalogo\\\/producto\\\/en-busca-de-reyes\\\/#primaryimage\"},\"thumbnailUrl\":\"https:\\\/\\\/letrame.com\\\/catalogo\\\/wp-content\\\/uploads\\\/2026\\\/02\\\/enbuscadereyes_1077mm4-scaled.jpg\",\"datePublished\":\"2026-02-19T08:01:09+00:00\",\"dateModified\":\"2026-02-19T08:01:10+00:00\",\"breadcrumb\":{\"@id\":\"https:\\\/\\\/letrame.com\\\/catalogo\\\/producto\\\/en-busca-de-reyes\\\/#breadcrumb\"},\"inLanguage\":\"es\",\"potentialAction\":[{\"@type\":\"ReadAction\",\"target\":[\"https:\\\/\\\/letrame.com\\\/catalogo\\\/producto\\\/en-busca-de-reyes\\\/\"]}]},{\"@type\":\"ImageObject\",\"inLanguage\":\"es\",\"@id\":\"https:\\\/\\\/letrame.com\\\/catalogo\\\/producto\\\/en-busca-de-reyes\\\/#primaryimage\",\"url\":\"https:\\\/\\\/letrame.com\\\/catalogo\\\/wp-content\\\/uploads\\\/2026\\\/02\\\/enbuscadereyes_1077mm4-scaled.jpg\",\"contentUrl\":\"https:\\\/\\\/letrame.com\\\/catalogo\\\/wp-content\\\/uploads\\\/2026\\\/02\\\/enbuscadereyes_1077mm4-scaled.jpg\",\"width\":1828,\"height\":2560},{\"@type\":\"BreadcrumbList\",\"@id\":\"https:\\\/\\\/letrame.com\\\/catalogo\\\/producto\\\/en-busca-de-reyes\\\/#breadcrumb\",\"itemListElement\":[{\"@type\":\"ListItem\",\"position\":1,\"name\":\"Portada\",\"item\":\"https:\\\/\\\/letrame.com\\\/catalogo\\\/\"},{\"@type\":\"ListItem\",\"position\":2,\"name\":\"Cat\u00e1logo\",\"item\":\"https:\\\/\\\/letrame.com\\\/catalogo\\\/\"},{\"@type\":\"ListItem\",\"position\":3,\"name\":\"En busca de Reyes\"}]},{\"@type\":\"WebSite\",\"@id\":\"https:\\\/\\\/letrame.com\\\/catalogo\\\/#website\",\"url\":\"https:\\\/\\\/letrame.com\\\/catalogo\\\/\",\"name\":\"Catalogo | Letrame Grupo Editorial\",\"description\":\"\",\"publisher\":{\"@id\":\"https:\\\/\\\/letrame.com\\\/catalogo\\\/#organization\"},\"potentialAction\":[{\"@type\":\"SearchAction\",\"target\":{\"@type\":\"EntryPoint\",\"urlTemplate\":\"https:\\\/\\\/letrame.com\\\/catalogo\\\/?s={search_term_string}\"},\"query-input\":{\"@type\":\"PropertyValueSpecification\",\"valueRequired\":true,\"valueName\":\"search_term_string\"}}],\"inLanguage\":\"es\"},{\"@type\":\"Organization\",\"@id\":\"https:\\\/\\\/letrame.com\\\/catalogo\\\/#organization\",\"name\":\"Catalogo | Letrame Grupo Editorial\",\"url\":\"https:\\\/\\\/letrame.com\\\/catalogo\\\/\",\"logo\":{\"@type\":\"ImageObject\",\"inLanguage\":\"es\",\"@id\":\"https:\\\/\\\/letrame.com\\\/catalogo\\\/#\\\/schema\\\/logo\\\/image\\\/\",\"url\":\"https:\\\/\\\/letrame.com\\\/catalogo\\\/wp-content\\\/uploads\\\/2024\\\/03\\\/logo2.webp\",\"contentUrl\":\"https:\\\/\\\/letrame.com\\\/catalogo\\\/wp-content\\\/uploads\\\/2024\\\/03\\\/logo2.webp\",\"width\":394,\"height\":128,\"caption\":\"Catalogo | Letrame Grupo Editorial\"},\"image\":{\"@id\":\"https:\\\/\\\/letrame.com\\\/catalogo\\\/#\\\/schema\\\/logo\\\/image\\\/\"}}]}<\/script>\n<!-- \/ Yoast SEO plugin. -->","yoast_head_json":{"title":"En busca de Reyes - Catalogo | Letrame Grupo Editorial","robots":{"index":"index","follow":"follow","max-snippet":"max-snippet:-1","max-image-preview":"max-image-preview:large","max-video-preview":"max-video-preview:-1"},"canonical":"https:\/\/letrame.com\/catalogo\/producto\/en-busca-de-reyes\/","og_locale":"es_ES","og_type":"article","og_title":"En busca de Reyes - Catalogo | Letrame Grupo Editorial","og_description":"ISBN:\u00a09791370292706 SINOPSIS En las entra\u00f1as de la Sierra Nayarita, M\u00e9xico, entre arroyos cristalinos, riscos inmensos y veredas que a veces llevan a ninguna parte, un hombre cabalga en busca de un amigo, pero tambi\u00e9n de algo m\u00e1s profundo: respuestas. El viaje se convierte en una traves\u00eda de soledad y encuentro, de miedo y revelaci\u00f3n. A trav\u00e9s de la mirada de Aar\u00f3n Quintanilla Escobedo, la naturaleza deja de ser simple escenario y se vuelve protagonista: nutrias, coyotes, serpientes y aves hablan en su propio lenguaje y obligan a reflexionar sobre el lugar del hombre en el mundo. En esas noches de fuego y silencio, entre sue\u00f1os donde se es coyote y se dialoga con tecolotes, surgen preguntas eternas: \u00bfqu\u00e9 somos frente al cosmos? \u00bfqu\u00e9 papel jugamos en la creaci\u00f3n? \u00bfqu\u00e9 significa convivir \u2014o destruir\u2014 lo que nos rodea? En busca de Reyes es un testimonio \u00edntimo de la aventura de pensar y sentir, de enfrentarse a la naturaleza externa y a la interna. Una obra que invita a detenerse, escuchar el murmullo del monte y aceptar que, en \u00faltima instancia, el verdadero encuentro es con uno mismo.","og_url":"https:\/\/letrame.com\/catalogo\/producto\/en-busca-de-reyes\/","og_site_name":"Catalogo | Letrame Grupo Editorial","article_modified_time":"2026-02-19T08:01:10+00:00","og_image":[{"width":1828,"height":2560,"url":"https:\/\/letrame.com\/catalogo\/wp-content\/uploads\/2026\/02\/enbuscadereyes_1077mm4-scaled.jpg","type":"image\/jpeg"}],"twitter_card":"summary_large_image","twitter_misc":{"Tiempo de lectura":"2 minutos"},"schema":{"@context":"https:\/\/schema.org","@graph":[{"@type":"WebPage","@id":"https:\/\/letrame.com\/catalogo\/producto\/en-busca-de-reyes\/","url":"https:\/\/letrame.com\/catalogo\/producto\/en-busca-de-reyes\/","name":"En busca de Reyes - Catalogo | Letrame Grupo Editorial","isPartOf":{"@id":"https:\/\/letrame.com\/catalogo\/#website"},"primaryImageOfPage":{"@id":"https:\/\/letrame.com\/catalogo\/producto\/en-busca-de-reyes\/#primaryimage"},"image":{"@id":"https:\/\/letrame.com\/catalogo\/producto\/en-busca-de-reyes\/#primaryimage"},"thumbnailUrl":"https:\/\/letrame.com\/catalogo\/wp-content\/uploads\/2026\/02\/enbuscadereyes_1077mm4-scaled.jpg","datePublished":"2026-02-19T08:01:09+00:00","dateModified":"2026-02-19T08:01:10+00:00","breadcrumb":{"@id":"https:\/\/letrame.com\/catalogo\/producto\/en-busca-de-reyes\/#breadcrumb"},"inLanguage":"es","potentialAction":[{"@type":"ReadAction","target":["https:\/\/letrame.com\/catalogo\/producto\/en-busca-de-reyes\/"]}]},{"@type":"ImageObject","inLanguage":"es","@id":"https:\/\/letrame.com\/catalogo\/producto\/en-busca-de-reyes\/#primaryimage","url":"https:\/\/letrame.com\/catalogo\/wp-content\/uploads\/2026\/02\/enbuscadereyes_1077mm4-scaled.jpg","contentUrl":"https:\/\/letrame.com\/catalogo\/wp-content\/uploads\/2026\/02\/enbuscadereyes_1077mm4-scaled.jpg","width":1828,"height":2560},{"@type":"BreadcrumbList","@id":"https:\/\/letrame.com\/catalogo\/producto\/en-busca-de-reyes\/#breadcrumb","itemListElement":[{"@type":"ListItem","position":1,"name":"Portada","item":"https:\/\/letrame.com\/catalogo\/"},{"@type":"ListItem","position":2,"name":"Cat\u00e1logo","item":"https:\/\/letrame.com\/catalogo\/"},{"@type":"ListItem","position":3,"name":"En busca de Reyes"}]},{"@type":"WebSite","@id":"https:\/\/letrame.com\/catalogo\/#website","url":"https:\/\/letrame.com\/catalogo\/","name":"Catalogo | Letrame Grupo Editorial","description":"","publisher":{"@id":"https:\/\/letrame.com\/catalogo\/#organization"},"potentialAction":[{"@type":"SearchAction","target":{"@type":"EntryPoint","urlTemplate":"https:\/\/letrame.com\/catalogo\/?s={search_term_string}"},"query-input":{"@type":"PropertyValueSpecification","valueRequired":true,"valueName":"search_term_string"}}],"inLanguage":"es"},{"@type":"Organization","@id":"https:\/\/letrame.com\/catalogo\/#organization","name":"Catalogo | Letrame Grupo Editorial","url":"https:\/\/letrame.com\/catalogo\/","logo":{"@type":"ImageObject","inLanguage":"es","@id":"https:\/\/letrame.com\/catalogo\/#\/schema\/logo\/image\/","url":"https:\/\/letrame.com\/catalogo\/wp-content\/uploads\/2024\/03\/logo2.webp","contentUrl":"https:\/\/letrame.com\/catalogo\/wp-content\/uploads\/2024\/03\/logo2.webp","width":394,"height":128,"caption":"Catalogo | Letrame Grupo Editorial"},"image":{"@id":"https:\/\/letrame.com\/catalogo\/#\/schema\/logo\/image\/"}}]}},"_links":{"self":[{"href":"https:\/\/letrame.com\/catalogo\/wp-json\/wp\/v2\/product\/111026","targetHints":{"allow":["GET"]}}],"collection":[{"href":"https:\/\/letrame.com\/catalogo\/wp-json\/wp\/v2\/product"}],"about":[{"href":"https:\/\/letrame.com\/catalogo\/wp-json\/wp\/v2\/types\/product"}],"replies":[{"embeddable":true,"href":"https:\/\/letrame.com\/catalogo\/wp-json\/wp\/v2\/comments?post=111026"}],"acf:post":[{"embeddable":true,"href":"https:\/\/letrame.com\/catalogo\/wp-json\/wp\/v2\/author_book\/111025"}],"wp:featuredmedia":[{"embeddable":true,"href":"https:\/\/letrame.com\/catalogo\/wp-json\/wp\/v2\/media\/111029"}],"wp:attachment":[{"href":"https:\/\/letrame.com\/catalogo\/wp-json\/wp\/v2\/media?parent=111026"}],"wp:term":[{"taxonomy":"libro","embeddable":true,"href":"https:\/\/letrame.com\/catalogo\/wp-json\/wp\/v2\/libro?post=111026"},{"taxonomy":"product_brand","embeddable":true,"href":"https:\/\/letrame.com\/catalogo\/wp-json\/wp\/v2\/product_brand?post=111026"},{"taxonomy":"product_cat","embeddable":true,"href":"https:\/\/letrame.com\/catalogo\/wp-json\/wp\/v2\/product_cat?post=111026"},{"taxonomy":"product_tag","embeddable":true,"href":"https:\/\/letrame.com\/catalogo\/wp-json\/wp\/v2\/product_tag?post=111026"}],"curies":[{"name":"wp","href":"https:\/\/api.w.org\/{rel}","templated":true}]}}