{"id":110964,"date":"2026-02-18T15:41:45","date_gmt":"2026-02-18T14:41:45","guid":{"rendered":"https:\/\/letrame.com\/catalogo\/?post_type=product&#038;p=110964"},"modified":"2026-02-18T15:41:45","modified_gmt":"2026-02-18T14:41:45","slug":"momentos-para-no-olvidarte","status":"publish","type":"product","link":"https:\/\/letrame.com\/catalogo\/producto\/momentos-para-no-olvidarte\/","title":{"rendered":"Momentos para no olvidarte"},"content":{"rendered":"<p class=\"p1\"><b>ISBN:\u00a0<\/b>9791370292645\u00a0<b><\/b><\/p>\n<p class=\"p1\"><b>T\u00edtulo:\u00a0<\/b>Momentos para no olvidarte<br \/>\n<b>Fecha:<\/b> 2025<br \/>\n<b>P\u00e1ginas:\u00a0<\/b> 72<b><\/b><\/p>\n<p class=\"p1\"><b>SINOPSIS<\/b><\/p>\n<p>Hay amores que no caben en el tiempo. Nacen de un roce inesperado, crecen en un abrazo que parece eterno y se quiebran en un adi\u00f3s que lo cambia todo. Sin embargo, incluso cuando se apagan, dejan encendida la memoria: un instante basta para marcar una vida entera.<br \/>\nElena Andr\u00e9s Mart\u00edn nos lleva deviaje por esas huellas. En estas p\u00e1ginas, recoge la dulzura del primer encuentro, la plenitud de compartir, la fragilidad de los silencios, el dolor de la ausencia y la luz de los recuerdos que sobreviven al olvido. No es s\u00f3lo poes\u00eda: son momentos salvados del naufragio y latidos que se negaron a desaparecer.<br \/>\nQuien se acerque a estas palabras no leer\u00e1 s\u00f3lo una historia de amor, leer\u00e1 la suya propia. Porque todos hemos amado, perdido, recordado. Y todos, en el fondo, guardamos un instante que nos acompa\u00f1a para siempre.<\/p>\n","protected":false},"excerpt":{"rendered":"<p class=\"p1\"><b>ISBN:\u00a0<\/b>9791370292645\u00a0<b><\/b><\/p>\n<p class=\"p1\"><b>SINOPSIS<\/b><\/p>\n<p>Hay amores que no caben en el tiempo. Nacen de un roce inesperado, crecen en un abrazo que parece eterno y se quiebran en un adi\u00f3s que lo cambia todo. Sin embargo, incluso cuando se apagan, dejan encendida la memoria: un instante basta para marcar una vida entera.<br \/>\nElena Andr\u00e9s Mart\u00edn nos lleva deviaje por esas huellas. En estas p\u00e1ginas, recoge la dulzura del primer encuentro, la plenitud de compartir, la fragilidad de los silencios, el dolor de la ausencia y la luz de los recuerdos que sobreviven al olvido. No es s\u00f3lo poes\u00eda: son momentos salvados del naufragio y latidos que se negaron a desaparecer.<br \/>\nQuien se acerque a estas palabras no leer\u00e1 s\u00f3lo una historia de amor, leer\u00e1 la suya propia. Porque todos hemos amado, perdido, recordado. Y todos, en el fondo, guardamos un instante que nos acompa\u00f1a para siempre.<\/p>\n","protected":false},"featured_media":110967,"comment_status":"open","ping_status":"closed","template":"","meta":{"_acf_changed":false},"libro":[],"product_brand":[],"product_cat":[50],"product_tag":[],"class_list":{"0":"post-110964","1":"product","2":"type-product","3":"status-publish","4":"has-post-thumbnail","6":"product_cat-novela-romantica","8":"first","9":"instock","10":"shipping-taxable","11":"product-type-simple"},"acf":{"autor":[110963],"enlace_de_compra":"https:\/\/amzn.to\/3OeTck5"},"yoast_head":"<!-- This site is optimized with the Yoast SEO plugin v27.4 - https:\/\/yoast.com\/product\/yoast-seo-wordpress\/ -->\n<title>Momentos para no olvidarte - Catalogo | Letrame Grupo Editorial<\/title>\n<meta name=\"robots\" content=\"index, follow, max-snippet:-1, max-image-preview:large, max-video-preview:-1\" \/>\n<link rel=\"canonical\" href=\"https:\/\/letrame.com\/catalogo\/producto\/momentos-para-no-olvidarte\/\" \/>\n<meta property=\"og:locale\" content=\"es_ES\" \/>\n<meta property=\"og:type\" content=\"article\" \/>\n<meta property=\"og:title\" content=\"Momentos para no olvidarte - Catalogo | Letrame Grupo Editorial\" \/>\n<meta property=\"og:description\" content=\"ISBN:\u00a09791370292645\u00a0 SINOPSIS Hay amores que no caben en el tiempo. Nacen de un roce inesperado, crecen en un abrazo que parece eterno y se quiebran en un adi\u00f3s que lo cambia todo. Sin embargo, incluso cuando se apagan, dejan encendida la memoria: un instante basta para marcar una vida entera. Elena Andr\u00e9s Mart\u00edn nos lleva deviaje por esas huellas. En estas p\u00e1ginas, recoge la dulzura del primer encuentro, la plenitud de compartir, la fragilidad de los silencios, el dolor de la ausencia y la luz de los recuerdos que sobreviven al olvido. No es s\u00f3lo poes\u00eda: son momentos salvados del naufragio y latidos que se negaron a desaparecer. Quien se acerque a estas palabras no leer\u00e1 s\u00f3lo una historia de amor, leer\u00e1 la suya propia. Porque todos hemos amado, perdido, recordado. Y todos, en el fondo, guardamos un instante que nos acompa\u00f1a para siempre.\" \/>\n<meta property=\"og:url\" content=\"https:\/\/letrame.com\/catalogo\/producto\/momentos-para-no-olvidarte\/\" \/>\n<meta property=\"og:site_name\" content=\"Catalogo | Letrame Grupo Editorial\" \/>\n<meta property=\"og:image\" content=\"https:\/\/letrame.com\/catalogo\/wp-content\/uploads\/2026\/02\/momentosparano_428mm4-scaled.jpg\" \/>\n\t<meta property=\"og:image:width\" content=\"1849\" \/>\n\t<meta property=\"og:image:height\" content=\"2560\" \/>\n\t<meta property=\"og:image:type\" content=\"image\/jpeg\" \/>\n<meta name=\"twitter:card\" content=\"summary_large_image\" \/>\n<meta name=\"twitter:label1\" content=\"Tiempo de lectura\" \/>\n\t<meta name=\"twitter:data1\" content=\"1 minuto\" \/>\n<script type=\"application\/ld+json\" class=\"yoast-schema-graph\">{\"@context\":\"https:\\\/\\\/schema.org\",\"@graph\":[{\"@type\":\"WebPage\",\"@id\":\"https:\\\/\\\/letrame.com\\\/catalogo\\\/producto\\\/momentos-para-no-olvidarte\\\/\",\"url\":\"https:\\\/\\\/letrame.com\\\/catalogo\\\/producto\\\/momentos-para-no-olvidarte\\\/\",\"name\":\"Momentos para no olvidarte - Catalogo | Letrame Grupo Editorial\",\"isPartOf\":{\"@id\":\"https:\\\/\\\/letrame.com\\\/catalogo\\\/#website\"},\"primaryImageOfPage\":{\"@id\":\"https:\\\/\\\/letrame.com\\\/catalogo\\\/producto\\\/momentos-para-no-olvidarte\\\/#primaryimage\"},\"image\":{\"@id\":\"https:\\\/\\\/letrame.com\\\/catalogo\\\/producto\\\/momentos-para-no-olvidarte\\\/#primaryimage\"},\"thumbnailUrl\":\"https:\\\/\\\/letrame.com\\\/catalogo\\\/wp-content\\\/uploads\\\/2026\\\/02\\\/momentosparano_428mm4-scaled.jpg\",\"datePublished\":\"2026-02-18T14:41:45+00:00\",\"breadcrumb\":{\"@id\":\"https:\\\/\\\/letrame.com\\\/catalogo\\\/producto\\\/momentos-para-no-olvidarte\\\/#breadcrumb\"},\"inLanguage\":\"es\",\"potentialAction\":[{\"@type\":\"ReadAction\",\"target\":[\"https:\\\/\\\/letrame.com\\\/catalogo\\\/producto\\\/momentos-para-no-olvidarte\\\/\"]}]},{\"@type\":\"ImageObject\",\"inLanguage\":\"es\",\"@id\":\"https:\\\/\\\/letrame.com\\\/catalogo\\\/producto\\\/momentos-para-no-olvidarte\\\/#primaryimage\",\"url\":\"https:\\\/\\\/letrame.com\\\/catalogo\\\/wp-content\\\/uploads\\\/2026\\\/02\\\/momentosparano_428mm4-scaled.jpg\",\"contentUrl\":\"https:\\\/\\\/letrame.com\\\/catalogo\\\/wp-content\\\/uploads\\\/2026\\\/02\\\/momentosparano_428mm4-scaled.jpg\",\"width\":1849,\"height\":2560},{\"@type\":\"BreadcrumbList\",\"@id\":\"https:\\\/\\\/letrame.com\\\/catalogo\\\/producto\\\/momentos-para-no-olvidarte\\\/#breadcrumb\",\"itemListElement\":[{\"@type\":\"ListItem\",\"position\":1,\"name\":\"Portada\",\"item\":\"https:\\\/\\\/letrame.com\\\/catalogo\\\/\"},{\"@type\":\"ListItem\",\"position\":2,\"name\":\"Cat\u00e1logo\",\"item\":\"https:\\\/\\\/letrame.com\\\/catalogo\\\/\"},{\"@type\":\"ListItem\",\"position\":3,\"name\":\"Momentos para no olvidarte\"}]},{\"@type\":\"WebSite\",\"@id\":\"https:\\\/\\\/letrame.com\\\/catalogo\\\/#website\",\"url\":\"https:\\\/\\\/letrame.com\\\/catalogo\\\/\",\"name\":\"Catalogo | Letrame Grupo Editorial\",\"description\":\"\",\"publisher\":{\"@id\":\"https:\\\/\\\/letrame.com\\\/catalogo\\\/#organization\"},\"potentialAction\":[{\"@type\":\"SearchAction\",\"target\":{\"@type\":\"EntryPoint\",\"urlTemplate\":\"https:\\\/\\\/letrame.com\\\/catalogo\\\/?s={search_term_string}\"},\"query-input\":{\"@type\":\"PropertyValueSpecification\",\"valueRequired\":true,\"valueName\":\"search_term_string\"}}],\"inLanguage\":\"es\"},{\"@type\":\"Organization\",\"@id\":\"https:\\\/\\\/letrame.com\\\/catalogo\\\/#organization\",\"name\":\"Catalogo | Letrame Grupo Editorial\",\"url\":\"https:\\\/\\\/letrame.com\\\/catalogo\\\/\",\"logo\":{\"@type\":\"ImageObject\",\"inLanguage\":\"es\",\"@id\":\"https:\\\/\\\/letrame.com\\\/catalogo\\\/#\\\/schema\\\/logo\\\/image\\\/\",\"url\":\"https:\\\/\\\/letrame.com\\\/catalogo\\\/wp-content\\\/uploads\\\/2024\\\/03\\\/logo2.webp\",\"contentUrl\":\"https:\\\/\\\/letrame.com\\\/catalogo\\\/wp-content\\\/uploads\\\/2024\\\/03\\\/logo2.webp\",\"width\":394,\"height\":128,\"caption\":\"Catalogo | Letrame Grupo Editorial\"},\"image\":{\"@id\":\"https:\\\/\\\/letrame.com\\\/catalogo\\\/#\\\/schema\\\/logo\\\/image\\\/\"}}]}<\/script>\n<!-- \/ Yoast SEO plugin. -->","yoast_head_json":{"title":"Momentos para no olvidarte - Catalogo | Letrame Grupo Editorial","robots":{"index":"index","follow":"follow","max-snippet":"max-snippet:-1","max-image-preview":"max-image-preview:large","max-video-preview":"max-video-preview:-1"},"canonical":"https:\/\/letrame.com\/catalogo\/producto\/momentos-para-no-olvidarte\/","og_locale":"es_ES","og_type":"article","og_title":"Momentos para no olvidarte - Catalogo | Letrame Grupo Editorial","og_description":"ISBN:\u00a09791370292645\u00a0 SINOPSIS Hay amores que no caben en el tiempo. Nacen de un roce inesperado, crecen en un abrazo que parece eterno y se quiebran en un adi\u00f3s que lo cambia todo. Sin embargo, incluso cuando se apagan, dejan encendida la memoria: un instante basta para marcar una vida entera. Elena Andr\u00e9s Mart\u00edn nos lleva deviaje por esas huellas. En estas p\u00e1ginas, recoge la dulzura del primer encuentro, la plenitud de compartir, la fragilidad de los silencios, el dolor de la ausencia y la luz de los recuerdos que sobreviven al olvido. No es s\u00f3lo poes\u00eda: son momentos salvados del naufragio y latidos que se negaron a desaparecer. Quien se acerque a estas palabras no leer\u00e1 s\u00f3lo una historia de amor, leer\u00e1 la suya propia. Porque todos hemos amado, perdido, recordado. Y todos, en el fondo, guardamos un instante que nos acompa\u00f1a para siempre.","og_url":"https:\/\/letrame.com\/catalogo\/producto\/momentos-para-no-olvidarte\/","og_site_name":"Catalogo | Letrame Grupo Editorial","og_image":[{"width":1849,"height":2560,"url":"https:\/\/letrame.com\/catalogo\/wp-content\/uploads\/2026\/02\/momentosparano_428mm4-scaled.jpg","type":"image\/jpeg"}],"twitter_card":"summary_large_image","twitter_misc":{"Tiempo de lectura":"1 minuto"},"schema":{"@context":"https:\/\/schema.org","@graph":[{"@type":"WebPage","@id":"https:\/\/letrame.com\/catalogo\/producto\/momentos-para-no-olvidarte\/","url":"https:\/\/letrame.com\/catalogo\/producto\/momentos-para-no-olvidarte\/","name":"Momentos para no olvidarte - Catalogo | Letrame Grupo Editorial","isPartOf":{"@id":"https:\/\/letrame.com\/catalogo\/#website"},"primaryImageOfPage":{"@id":"https:\/\/letrame.com\/catalogo\/producto\/momentos-para-no-olvidarte\/#primaryimage"},"image":{"@id":"https:\/\/letrame.com\/catalogo\/producto\/momentos-para-no-olvidarte\/#primaryimage"},"thumbnailUrl":"https:\/\/letrame.com\/catalogo\/wp-content\/uploads\/2026\/02\/momentosparano_428mm4-scaled.jpg","datePublished":"2026-02-18T14:41:45+00:00","breadcrumb":{"@id":"https:\/\/letrame.com\/catalogo\/producto\/momentos-para-no-olvidarte\/#breadcrumb"},"inLanguage":"es","potentialAction":[{"@type":"ReadAction","target":["https:\/\/letrame.com\/catalogo\/producto\/momentos-para-no-olvidarte\/"]}]},{"@type":"ImageObject","inLanguage":"es","@id":"https:\/\/letrame.com\/catalogo\/producto\/momentos-para-no-olvidarte\/#primaryimage","url":"https:\/\/letrame.com\/catalogo\/wp-content\/uploads\/2026\/02\/momentosparano_428mm4-scaled.jpg","contentUrl":"https:\/\/letrame.com\/catalogo\/wp-content\/uploads\/2026\/02\/momentosparano_428mm4-scaled.jpg","width":1849,"height":2560},{"@type":"BreadcrumbList","@id":"https:\/\/letrame.com\/catalogo\/producto\/momentos-para-no-olvidarte\/#breadcrumb","itemListElement":[{"@type":"ListItem","position":1,"name":"Portada","item":"https:\/\/letrame.com\/catalogo\/"},{"@type":"ListItem","position":2,"name":"Cat\u00e1logo","item":"https:\/\/letrame.com\/catalogo\/"},{"@type":"ListItem","position":3,"name":"Momentos para no olvidarte"}]},{"@type":"WebSite","@id":"https:\/\/letrame.com\/catalogo\/#website","url":"https:\/\/letrame.com\/catalogo\/","name":"Catalogo | Letrame Grupo Editorial","description":"","publisher":{"@id":"https:\/\/letrame.com\/catalogo\/#organization"},"potentialAction":[{"@type":"SearchAction","target":{"@type":"EntryPoint","urlTemplate":"https:\/\/letrame.com\/catalogo\/?s={search_term_string}"},"query-input":{"@type":"PropertyValueSpecification","valueRequired":true,"valueName":"search_term_string"}}],"inLanguage":"es"},{"@type":"Organization","@id":"https:\/\/letrame.com\/catalogo\/#organization","name":"Catalogo | Letrame Grupo Editorial","url":"https:\/\/letrame.com\/catalogo\/","logo":{"@type":"ImageObject","inLanguage":"es","@id":"https:\/\/letrame.com\/catalogo\/#\/schema\/logo\/image\/","url":"https:\/\/letrame.com\/catalogo\/wp-content\/uploads\/2024\/03\/logo2.webp","contentUrl":"https:\/\/letrame.com\/catalogo\/wp-content\/uploads\/2024\/03\/logo2.webp","width":394,"height":128,"caption":"Catalogo | Letrame Grupo Editorial"},"image":{"@id":"https:\/\/letrame.com\/catalogo\/#\/schema\/logo\/image\/"}}]}},"_links":{"self":[{"href":"https:\/\/letrame.com\/catalogo\/wp-json\/wp\/v2\/product\/110964","targetHints":{"allow":["GET"]}}],"collection":[{"href":"https:\/\/letrame.com\/catalogo\/wp-json\/wp\/v2\/product"}],"about":[{"href":"https:\/\/letrame.com\/catalogo\/wp-json\/wp\/v2\/types\/product"}],"replies":[{"embeddable":true,"href":"https:\/\/letrame.com\/catalogo\/wp-json\/wp\/v2\/comments?post=110964"}],"acf:post":[{"embeddable":true,"href":"https:\/\/letrame.com\/catalogo\/wp-json\/wp\/v2\/author_book\/110963"}],"wp:featuredmedia":[{"embeddable":true,"href":"https:\/\/letrame.com\/catalogo\/wp-json\/wp\/v2\/media\/110967"}],"wp:attachment":[{"href":"https:\/\/letrame.com\/catalogo\/wp-json\/wp\/v2\/media?parent=110964"}],"wp:term":[{"taxonomy":"libro","embeddable":true,"href":"https:\/\/letrame.com\/catalogo\/wp-json\/wp\/v2\/libro?post=110964"},{"taxonomy":"product_brand","embeddable":true,"href":"https:\/\/letrame.com\/catalogo\/wp-json\/wp\/v2\/product_brand?post=110964"},{"taxonomy":"product_cat","embeddable":true,"href":"https:\/\/letrame.com\/catalogo\/wp-json\/wp\/v2\/product_cat?post=110964"},{"taxonomy":"product_tag","embeddable":true,"href":"https:\/\/letrame.com\/catalogo\/wp-json\/wp\/v2\/product_tag?post=110964"}],"curies":[{"name":"wp","href":"https:\/\/api.w.org\/{rel}","templated":true}]}}