{"id":110953,"date":"2026-02-18T15:19:55","date_gmt":"2026-02-18T14:19:55","guid":{"rendered":"https:\/\/letrame.com\/catalogo\/?post_type=product&#038;p=110953"},"modified":"2026-02-18T15:19:55","modified_gmt":"2026-02-18T14:19:55","slug":"el-eco-de-la-creacion","status":"publish","type":"product","link":"https:\/\/letrame.com\/catalogo\/producto\/el-eco-de-la-creacion\/","title":{"rendered":"El eco de la creaci\u00f3n"},"content":{"rendered":"<p class=\"p1\"><b>ISBN:\u00a0<\/b>9791370291396<b><\/b><\/p>\n<p class=\"p1\"><b>T\u00edtulo: <\/b>El eco de la creaci\u00f3n<br \/>\n<b>Fecha:<\/b> 2025<br \/>\n<b>P\u00e1ginas:\u00a0<\/b>240<b><\/b><\/p>\n<p class=\"p1\"><b>SINOPSIS<\/b><\/p>\n<p>Ram Sri, un joven de Nueva Delhi, y FangFang, una joven china adinerada, se embarcan en una misi\u00f3n que cambiar\u00e1 sus vidas para siempre. Unidos por un misterioso destino, viajan a trav\u00e9s de todos los rincones del mundo en busca de pistas ocultas que les revelen la verdad sobre su pasado y su futuro.<\/p>\n<p>Desde la Patagonia hasta Chengdu, pasando por los Pirineos, cada paso los acerca a un secreto ancestral que podr\u00eda alterar el curso de sus vidas. Pero el camino no es f\u00e1cil: tendr\u00e1n que enfrentarse a trampas mortales, enemigos y evidencias que pondr\u00e1n a prueba su ingenio, su coraje y su lealtad.<\/p>\n<p>Con cada pista descifrada de este puzzle gigante, Ram y Fang Fang descubren que su destino est\u00e1 entrelazado y que los unir\u00e1 para siempre.<\/p>\n<p>Pero mientras m\u00e1s se acercan a la verdad, m\u00e1s se dan cuenta de que no solo est\u00e1n luchando por su pasado&#8230; sino por un futuro que podr\u00eda cambiar el mundo.<\/p>\n<p>\u00bfLograr\u00e1n superar los desafios que les depara el destino, o sucumbir\u00e1n en el intento?<\/p>\n<p>Una aventura trepidante llena de acci\u00f3n, misterio y amistad, donde cada decisi\u00f3n cuenta.<\/p>\n","protected":false},"excerpt":{"rendered":"<p class=\"p1\"><b>ISBN:\u00a0<\/b>9791370291396<\/p>\n<p class=\"p1\"><b><\/b><b>SINOPSIS<\/b><\/p>\n<p>Ram Sri, un joven de Nueva Delhi, y FangFang, una joven china adinerada, se embarcan en una misi\u00f3n que cambiar\u00e1 sus vidas para siempre. Unidos por un misterioso destino, viajan a trav\u00e9s de todos los rincones del mundo en busca de pistas ocultas que les revelen la verdad sobre su pasado y su futuro.<\/p>\n<p>Desde la Patagonia hasta Chengdu, pasando por los Pirineos, cada paso los acerca a un secreto ancestral que podr\u00eda alterar el curso de sus vidas. Pero el camino no es f\u00e1cil: tendr\u00e1n que enfrentarse a trampas mortales, enemigos y evidencias que pondr\u00e1n a prueba su ingenio, su coraje y su lealtad.<\/p>\n<p>Con cada pista descifrada de este puzzle gigante, Ram y Fang Fang descubren que su destino est\u00e1 entrelazado y que los unir\u00e1 para siempre.<\/p>\n<p>Pero mientras m\u00e1s se acercan a la verdad, m\u00e1s se dan cuenta de que no solo est\u00e1n luchando por su pasado&#8230; sino por un futuro que podr\u00eda cambiar el mundo.<\/p>\n<p>\u00bfLograr\u00e1n superar los desafios que les depara el destino, o sucumbir\u00e1n en el intento?<\/p>\n<p>Una aventura trepidante llena de acci\u00f3n, misterio y amistad, donde cada decisi\u00f3n cuenta.<\/p>\n","protected":false},"featured_media":110955,"comment_status":"open","ping_status":"closed","template":"","meta":{"_acf_changed":false},"libro":[],"product_brand":[],"product_cat":[43],"product_tag":[],"class_list":{"0":"post-110953","1":"product","2":"type-product","3":"status-publish","4":"has-post-thumbnail","6":"product_cat-aventura","8":"first","9":"instock","10":"shipping-taxable","11":"product-type-simple"},"acf":{"autor":[100767],"enlace_de_compra":"https:\/\/amzn.to\/3MQs9uT"},"yoast_head":"<!-- This site is optimized with the Yoast SEO plugin v26.6 - https:\/\/yoast.com\/wordpress\/plugins\/seo\/ -->\n<title>El eco de la creaci\u00f3n - Catalogo | Letrame Grupo Editorial<\/title>\n<meta name=\"robots\" content=\"index, follow, max-snippet:-1, max-image-preview:large, max-video-preview:-1\" \/>\n<link rel=\"canonical\" href=\"https:\/\/letrame.com\/catalogo\/producto\/el-eco-de-la-creacion\/\" \/>\n<meta property=\"og:locale\" content=\"es_ES\" \/>\n<meta property=\"og:type\" content=\"article\" \/>\n<meta property=\"og:title\" content=\"El eco de la creaci\u00f3n - Catalogo | Letrame Grupo Editorial\" \/>\n<meta property=\"og:description\" content=\"ISBN:\u00a09791370291396 SINOPSIS Ram Sri, un joven de Nueva Delhi, y FangFang, una joven china adinerada, se embarcan en una misi\u00f3n que cambiar\u00e1 sus vidas para siempre. Unidos por un misterioso destino, viajan a trav\u00e9s de todos los rincones del mundo en busca de pistas ocultas que les revelen la verdad sobre su pasado y su futuro.  Desde la Patagonia hasta Chengdu, pasando por los Pirineos, cada paso los acerca a un secreto ancestral que podr\u00eda alterar el curso de sus vidas. Pero el camino no es f\u00e1cil: tendr\u00e1n que enfrentarse a trampas mortales, enemigos y evidencias que pondr\u00e1n a prueba su ingenio, su coraje y su lealtad.  Con cada pista descifrada de este puzzle gigante, Ram y Fang Fang descubren que su destino est\u00e1 entrelazado y que los unir\u00e1 para siempre.  Pero mientras m\u00e1s se acercan a la verdad, m\u00e1s se dan cuenta de que no solo est\u00e1n luchando por su pasado... sino por un futuro que podr\u00eda cambiar el mundo.  \u00bfLograr\u00e1n superar los desafios que les depara el destino, o sucumbir\u00e1n en el intento?  Una aventura trepidante llena de acci\u00f3n, misterio y amistad, donde cada decisi\u00f3n cuenta.\" \/>\n<meta property=\"og:url\" content=\"https:\/\/letrame.com\/catalogo\/producto\/el-eco-de-la-creacion\/\" \/>\n<meta property=\"og:site_name\" content=\"Catalogo | Letrame Grupo Editorial\" \/>\n<meta property=\"og:image\" content=\"https:\/\/letrame.com\/catalogo\/wp-content\/uploads\/2026\/02\/elecodelacreacion_1194mm4-scaled.jpg\" \/>\n\t<meta property=\"og:image:width\" content=\"1745\" \/>\n\t<meta property=\"og:image:height\" content=\"2560\" \/>\n\t<meta property=\"og:image:type\" content=\"image\/jpeg\" \/>\n<meta name=\"twitter:card\" content=\"summary_large_image\" \/>\n<meta name=\"twitter:label1\" content=\"Tiempo de lectura\" \/>\n\t<meta name=\"twitter:data1\" content=\"2 minutos\" \/>\n<script type=\"application\/ld+json\" class=\"yoast-schema-graph\">{\"@context\":\"https:\/\/schema.org\",\"@graph\":[{\"@type\":\"WebPage\",\"@id\":\"https:\/\/letrame.com\/catalogo\/producto\/el-eco-de-la-creacion\/\",\"url\":\"https:\/\/letrame.com\/catalogo\/producto\/el-eco-de-la-creacion\/\",\"name\":\"El eco de la creaci\u00f3n - Catalogo | Letrame Grupo Editorial\",\"isPartOf\":{\"@id\":\"https:\/\/letrame.com\/catalogo\/#website\"},\"primaryImageOfPage\":{\"@id\":\"https:\/\/letrame.com\/catalogo\/producto\/el-eco-de-la-creacion\/#primaryimage\"},\"image\":{\"@id\":\"https:\/\/letrame.com\/catalogo\/producto\/el-eco-de-la-creacion\/#primaryimage\"},\"thumbnailUrl\":\"https:\/\/letrame.com\/catalogo\/wp-content\/uploads\/2026\/02\/elecodelacreacion_1194mm4-scaled.jpg\",\"datePublished\":\"2026-02-18T14:19:55+00:00\",\"breadcrumb\":{\"@id\":\"https:\/\/letrame.com\/catalogo\/producto\/el-eco-de-la-creacion\/#breadcrumb\"},\"inLanguage\":\"es\",\"potentialAction\":[{\"@type\":\"ReadAction\",\"target\":[\"https:\/\/letrame.com\/catalogo\/producto\/el-eco-de-la-creacion\/\"]}]},{\"@type\":\"ImageObject\",\"inLanguage\":\"es\",\"@id\":\"https:\/\/letrame.com\/catalogo\/producto\/el-eco-de-la-creacion\/#primaryimage\",\"url\":\"https:\/\/letrame.com\/catalogo\/wp-content\/uploads\/2026\/02\/elecodelacreacion_1194mm4-scaled.jpg\",\"contentUrl\":\"https:\/\/letrame.com\/catalogo\/wp-content\/uploads\/2026\/02\/elecodelacreacion_1194mm4-scaled.jpg\",\"width\":1745,\"height\":2560},{\"@type\":\"BreadcrumbList\",\"@id\":\"https:\/\/letrame.com\/catalogo\/producto\/el-eco-de-la-creacion\/#breadcrumb\",\"itemListElement\":[{\"@type\":\"ListItem\",\"position\":1,\"name\":\"Portada\",\"item\":\"https:\/\/letrame.com\/catalogo\/\"},{\"@type\":\"ListItem\",\"position\":2,\"name\":\"Cat\u00e1logo\",\"item\":\"https:\/\/letrame.com\/catalogo\/\"},{\"@type\":\"ListItem\",\"position\":3,\"name\":\"El eco de la creaci\u00f3n\"}]},{\"@type\":\"WebSite\",\"@id\":\"https:\/\/letrame.com\/catalogo\/#website\",\"url\":\"https:\/\/letrame.com\/catalogo\/\",\"name\":\"Catalogo | Letrame Grupo Editorial\",\"description\":\"\",\"publisher\":{\"@id\":\"https:\/\/letrame.com\/catalogo\/#organization\"},\"potentialAction\":[{\"@type\":\"SearchAction\",\"target\":{\"@type\":\"EntryPoint\",\"urlTemplate\":\"https:\/\/letrame.com\/catalogo\/?s={search_term_string}\"},\"query-input\":{\"@type\":\"PropertyValueSpecification\",\"valueRequired\":true,\"valueName\":\"search_term_string\"}}],\"inLanguage\":\"es\"},{\"@type\":\"Organization\",\"@id\":\"https:\/\/letrame.com\/catalogo\/#organization\",\"name\":\"Catalogo | Letrame Grupo Editorial\",\"url\":\"https:\/\/letrame.com\/catalogo\/\",\"logo\":{\"@type\":\"ImageObject\",\"inLanguage\":\"es\",\"@id\":\"https:\/\/letrame.com\/catalogo\/#\/schema\/logo\/image\/\",\"url\":\"https:\/\/letrame.com\/catalogo\/wp-content\/uploads\/2024\/03\/logo2.webp\",\"contentUrl\":\"https:\/\/letrame.com\/catalogo\/wp-content\/uploads\/2024\/03\/logo2.webp\",\"width\":394,\"height\":128,\"caption\":\"Catalogo | Letrame Grupo Editorial\"},\"image\":{\"@id\":\"https:\/\/letrame.com\/catalogo\/#\/schema\/logo\/image\/\"}}]}<\/script>\n<!-- \/ Yoast SEO plugin. -->","yoast_head_json":{"title":"El eco de la creaci\u00f3n - Catalogo | Letrame Grupo Editorial","robots":{"index":"index","follow":"follow","max-snippet":"max-snippet:-1","max-image-preview":"max-image-preview:large","max-video-preview":"max-video-preview:-1"},"canonical":"https:\/\/letrame.com\/catalogo\/producto\/el-eco-de-la-creacion\/","og_locale":"es_ES","og_type":"article","og_title":"El eco de la creaci\u00f3n - Catalogo | Letrame Grupo Editorial","og_description":"ISBN:\u00a09791370291396 SINOPSIS Ram Sri, un joven de Nueva Delhi, y FangFang, una joven china adinerada, se embarcan en una misi\u00f3n que cambiar\u00e1 sus vidas para siempre. Unidos por un misterioso destino, viajan a trav\u00e9s de todos los rincones del mundo en busca de pistas ocultas que les revelen la verdad sobre su pasado y su futuro.  Desde la Patagonia hasta Chengdu, pasando por los Pirineos, cada paso los acerca a un secreto ancestral que podr\u00eda alterar el curso de sus vidas. Pero el camino no es f\u00e1cil: tendr\u00e1n que enfrentarse a trampas mortales, enemigos y evidencias que pondr\u00e1n a prueba su ingenio, su coraje y su lealtad.  Con cada pista descifrada de este puzzle gigante, Ram y Fang Fang descubren que su destino est\u00e1 entrelazado y que los unir\u00e1 para siempre.  Pero mientras m\u00e1s se acercan a la verdad, m\u00e1s se dan cuenta de que no solo est\u00e1n luchando por su pasado... sino por un futuro que podr\u00eda cambiar el mundo.  \u00bfLograr\u00e1n superar los desafios que les depara el destino, o sucumbir\u00e1n en el intento?  Una aventura trepidante llena de acci\u00f3n, misterio y amistad, donde cada decisi\u00f3n cuenta.","og_url":"https:\/\/letrame.com\/catalogo\/producto\/el-eco-de-la-creacion\/","og_site_name":"Catalogo | Letrame Grupo Editorial","og_image":[{"width":1745,"height":2560,"url":"https:\/\/letrame.com\/catalogo\/wp-content\/uploads\/2026\/02\/elecodelacreacion_1194mm4-scaled.jpg","type":"image\/jpeg"}],"twitter_card":"summary_large_image","twitter_misc":{"Tiempo de lectura":"2 minutos"},"schema":{"@context":"https:\/\/schema.org","@graph":[{"@type":"WebPage","@id":"https:\/\/letrame.com\/catalogo\/producto\/el-eco-de-la-creacion\/","url":"https:\/\/letrame.com\/catalogo\/producto\/el-eco-de-la-creacion\/","name":"El eco de la creaci\u00f3n - Catalogo | Letrame Grupo Editorial","isPartOf":{"@id":"https:\/\/letrame.com\/catalogo\/#website"},"primaryImageOfPage":{"@id":"https:\/\/letrame.com\/catalogo\/producto\/el-eco-de-la-creacion\/#primaryimage"},"image":{"@id":"https:\/\/letrame.com\/catalogo\/producto\/el-eco-de-la-creacion\/#primaryimage"},"thumbnailUrl":"https:\/\/letrame.com\/catalogo\/wp-content\/uploads\/2026\/02\/elecodelacreacion_1194mm4-scaled.jpg","datePublished":"2026-02-18T14:19:55+00:00","breadcrumb":{"@id":"https:\/\/letrame.com\/catalogo\/producto\/el-eco-de-la-creacion\/#breadcrumb"},"inLanguage":"es","potentialAction":[{"@type":"ReadAction","target":["https:\/\/letrame.com\/catalogo\/producto\/el-eco-de-la-creacion\/"]}]},{"@type":"ImageObject","inLanguage":"es","@id":"https:\/\/letrame.com\/catalogo\/producto\/el-eco-de-la-creacion\/#primaryimage","url":"https:\/\/letrame.com\/catalogo\/wp-content\/uploads\/2026\/02\/elecodelacreacion_1194mm4-scaled.jpg","contentUrl":"https:\/\/letrame.com\/catalogo\/wp-content\/uploads\/2026\/02\/elecodelacreacion_1194mm4-scaled.jpg","width":1745,"height":2560},{"@type":"BreadcrumbList","@id":"https:\/\/letrame.com\/catalogo\/producto\/el-eco-de-la-creacion\/#breadcrumb","itemListElement":[{"@type":"ListItem","position":1,"name":"Portada","item":"https:\/\/letrame.com\/catalogo\/"},{"@type":"ListItem","position":2,"name":"Cat\u00e1logo","item":"https:\/\/letrame.com\/catalogo\/"},{"@type":"ListItem","position":3,"name":"El eco de la creaci\u00f3n"}]},{"@type":"WebSite","@id":"https:\/\/letrame.com\/catalogo\/#website","url":"https:\/\/letrame.com\/catalogo\/","name":"Catalogo | Letrame Grupo Editorial","description":"","publisher":{"@id":"https:\/\/letrame.com\/catalogo\/#organization"},"potentialAction":[{"@type":"SearchAction","target":{"@type":"EntryPoint","urlTemplate":"https:\/\/letrame.com\/catalogo\/?s={search_term_string}"},"query-input":{"@type":"PropertyValueSpecification","valueRequired":true,"valueName":"search_term_string"}}],"inLanguage":"es"},{"@type":"Organization","@id":"https:\/\/letrame.com\/catalogo\/#organization","name":"Catalogo | Letrame Grupo Editorial","url":"https:\/\/letrame.com\/catalogo\/","logo":{"@type":"ImageObject","inLanguage":"es","@id":"https:\/\/letrame.com\/catalogo\/#\/schema\/logo\/image\/","url":"https:\/\/letrame.com\/catalogo\/wp-content\/uploads\/2024\/03\/logo2.webp","contentUrl":"https:\/\/letrame.com\/catalogo\/wp-content\/uploads\/2024\/03\/logo2.webp","width":394,"height":128,"caption":"Catalogo | Letrame Grupo Editorial"},"image":{"@id":"https:\/\/letrame.com\/catalogo\/#\/schema\/logo\/image\/"}}]}},"_links":{"self":[{"href":"https:\/\/letrame.com\/catalogo\/wp-json\/wp\/v2\/product\/110953","targetHints":{"allow":["GET"]}}],"collection":[{"href":"https:\/\/letrame.com\/catalogo\/wp-json\/wp\/v2\/product"}],"about":[{"href":"https:\/\/letrame.com\/catalogo\/wp-json\/wp\/v2\/types\/product"}],"replies":[{"embeddable":true,"href":"https:\/\/letrame.com\/catalogo\/wp-json\/wp\/v2\/comments?post=110953"}],"acf:post":[{"embeddable":true,"href":"https:\/\/letrame.com\/catalogo\/wp-json\/wp\/v2\/author_book\/100767"}],"wp:featuredmedia":[{"embeddable":true,"href":"https:\/\/letrame.com\/catalogo\/wp-json\/wp\/v2\/media\/110955"}],"wp:attachment":[{"href":"https:\/\/letrame.com\/catalogo\/wp-json\/wp\/v2\/media?parent=110953"}],"wp:term":[{"taxonomy":"libro","embeddable":true,"href":"https:\/\/letrame.com\/catalogo\/wp-json\/wp\/v2\/libro?post=110953"},{"taxonomy":"product_brand","embeddable":true,"href":"https:\/\/letrame.com\/catalogo\/wp-json\/wp\/v2\/product_brand?post=110953"},{"taxonomy":"product_cat","embeddable":true,"href":"https:\/\/letrame.com\/catalogo\/wp-json\/wp\/v2\/product_cat?post=110953"},{"taxonomy":"product_tag","embeddable":true,"href":"https:\/\/letrame.com\/catalogo\/wp-json\/wp\/v2\/product_tag?post=110953"}],"curies":[{"name":"wp","href":"https:\/\/api.w.org\/{rel}","templated":true}]}}