{"id":110948,"date":"2026-02-18T15:15:17","date_gmt":"2026-02-18T14:15:17","guid":{"rendered":"https:\/\/letrame.com\/catalogo\/?post_type=product&#038;p=110948"},"modified":"2026-02-18T15:15:18","modified_gmt":"2026-02-18T14:15:18","slug":"mi-historia-mi-fuerza","status":"publish","type":"product","link":"https:\/\/letrame.com\/catalogo\/producto\/mi-historia-mi-fuerza\/","title":{"rendered":"Mi historia, mi fuerza"},"content":{"rendered":"<p class=\"p1\"><b>ISBN:\u00a0<\/b>9791370293062<b><\/b><\/p>\n<p class=\"p1\"><b>T\u00edtulo:\u00a0<\/b>Mi historia, mi fuerza<br \/>\n<b>Fecha:\u00a0<\/b>2025<br \/>\n<b>P\u00e1ginas:\u00a0<\/b>148<b><\/b><\/p>\n<p class=\"p1\"><b>SINOPSIS<\/b><\/p>\n<p>Este no es un libro sobre una vida perfecta. Es un libro sobre una vida real, con heridas y con alas, con ausencias y reencuentros, con ca\u00eddas y vuelos.<\/p>\n<p>A trav\u00e9s de estas p\u00e1ginas conocer\u00e1s la historia de una ni\u00f1a que aprendi\u00f3 demasiado pronto el peso de la distancia, de una adolescente que se abri\u00f3 paso entre carencias para seguir so\u00f1ando, de una mujer que descubri\u00f3 el amor y su propia fuerza, y de una madre que encontr\u00f3 en sus hijas su motor y su raz\u00f3n de vivir.<\/p>\n<p>Pero m\u00e1s all\u00e1 de una biograf\u00eda, este libro es un manual de esperanza. En cada cap\u00edtulo hay reflexiones, aprendizajes y preguntas para que t\u00fa tambi\u00e9n te mires por dentro, para que sanes, te empoderes y te des permiso para volar.<\/p>\n<p>Es un relato de fortaleza femenina, de resiliencia y de amor propio. Una invitaci\u00f3n a transformar las carencias en ra\u00edces y las ca\u00eddas en impulso. Porque aunque esta es mi his-toria, tambi\u00e9n puede ser la tuya.<\/p>\n<p>Si alguna vez pensaste que no podr\u00edas m\u00e1s, si has sentido ausencias, rupturas o dudas, aqu\u00ed encontrar\u00e1s un espejo, un abrazo y una luz.<\/p>\n<p>&nbsp;<\/p>\n","protected":false},"excerpt":{"rendered":"<p class=\"p1\"><b>ISBN:\u00a0<\/b>9791370293062<\/p>\n<p class=\"p1\"><b><\/b><b>SINOPSIS<\/b><\/p>\n<p>Este no es un libro sobre una vida perfecta. Es un libro sobre una vida real, con heridas y con alas, con ausencias y reencuentros, con ca\u00eddas y vuelos.<\/p>\n<p>A trav\u00e9s de estas p\u00e1ginas conocer\u00e1s la historia de una ni\u00f1a que aprendi\u00f3 demasiado pronto el peso de la distancia, de una adolescente que se abri\u00f3 paso entre carencias para seguir so\u00f1ando, de una mujer que descubri\u00f3 el amor y su propia fuerza, y de una madre que encontr\u00f3 en sus hijas su motor y su raz\u00f3n de vivir.<\/p>\n<p>Pero m\u00e1s all\u00e1 de una biograf\u00eda, este libro es un manual de esperanza. En cada cap\u00edtulo hay reflexiones, aprendizajes y preguntas para que t\u00fa tambi\u00e9n te mires por dentro, para que sanes, te empoderes y te des permiso para volar.<\/p>\n<p>Es un relato de fortaleza femenina, de resiliencia y de amor propio. Una invitaci\u00f3n a transformar las carencias en ra\u00edces y las ca\u00eddas en impulso. Porque aunque esta es mi his-toria, tambi\u00e9n puede ser la tuya.<\/p>\n<p>Si alguna vez pensaste que no podr\u00edas m\u00e1s, si has sentido ausencias, rupturas o dudas, aqu\u00ed encontrar\u00e1s un espejo, un abrazo y una luz.<\/p>\n<p>&nbsp;<\/p>\n","protected":false},"featured_media":110951,"comment_status":"open","ping_status":"closed","template":"","meta":{"_acf_changed":false},"libro":[],"product_brand":[],"product_cat":[102],"product_tag":[],"class_list":{"0":"post-110948","1":"product","2":"type-product","3":"status-publish","4":"has-post-thumbnail","6":"product_cat-biografia","8":"first","9":"instock","10":"shipping-taxable","11":"product-type-simple"},"acf":{"autor":[110947],"enlace_de_compra":"https:\/\/amzn.to\/4s2JUWV"},"yoast_head":"<!-- This site is optimized with the Yoast SEO plugin v27.4 - https:\/\/yoast.com\/product\/yoast-seo-wordpress\/ -->\n<title>Mi historia, mi fuerza - Catalogo | Letrame Grupo Editorial<\/title>\n<meta name=\"robots\" content=\"index, follow, max-snippet:-1, max-image-preview:large, max-video-preview:-1\" \/>\n<link rel=\"canonical\" href=\"https:\/\/letrame.com\/catalogo\/producto\/mi-historia-mi-fuerza\/\" \/>\n<meta property=\"og:locale\" content=\"es_ES\" \/>\n<meta property=\"og:type\" content=\"article\" \/>\n<meta property=\"og:title\" content=\"Mi historia, mi fuerza - Catalogo | Letrame Grupo Editorial\" \/>\n<meta property=\"og:description\" content=\"ISBN:\u00a09791370293062 SINOPSIS Este no es un libro sobre una vida perfecta. Es un libro sobre una vida real, con heridas y con alas, con ausencias y reencuentros, con ca\u00eddas y vuelos.  A trav\u00e9s de estas p\u00e1ginas conocer\u00e1s la historia de una ni\u00f1a que aprendi\u00f3 demasiado pronto el peso de la distancia, de una adolescente que se abri\u00f3 paso entre carencias para seguir so\u00f1ando, de una mujer que descubri\u00f3 el amor y su propia fuerza, y de una madre que encontr\u00f3 en sus hijas su motor y su raz\u00f3n de vivir.  Pero m\u00e1s all\u00e1 de una biograf\u00eda, este libro es un manual de esperanza. En cada cap\u00edtulo hay reflexiones, aprendizajes y preguntas para que t\u00fa tambi\u00e9n te mires por dentro, para que sanes, te empoderes y te des permiso para volar.  Es un relato de fortaleza femenina, de resiliencia y de amor propio. Una invitaci\u00f3n a transformar las carencias en ra\u00edces y las ca\u00eddas en impulso. Porque aunque esta es mi his-toria, tambi\u00e9n puede ser la tuya.  Si alguna vez pensaste que no podr\u00edas m\u00e1s, si has sentido ausencias, rupturas o dudas, aqu\u00ed encontrar\u00e1s un espejo, un abrazo y una luz.  &nbsp;\" \/>\n<meta property=\"og:url\" content=\"https:\/\/letrame.com\/catalogo\/producto\/mi-historia-mi-fuerza\/\" \/>\n<meta property=\"og:site_name\" content=\"Catalogo | Letrame Grupo Editorial\" \/>\n<meta property=\"article:modified_time\" content=\"2026-02-18T14:15:18+00:00\" \/>\n<meta property=\"og:image\" content=\"https:\/\/letrame.com\/catalogo\/wp-content\/uploads\/2026\/02\/mihistoriamifuerza_855mm4-scaled.jpg\" \/>\n\t<meta property=\"og:image:width\" content=\"1828\" \/>\n\t<meta property=\"og:image:height\" content=\"2560\" \/>\n\t<meta property=\"og:image:type\" content=\"image\/jpeg\" \/>\n<meta name=\"twitter:card\" content=\"summary_large_image\" \/>\n<meta name=\"twitter:label1\" content=\"Tiempo de lectura\" \/>\n\t<meta name=\"twitter:data1\" content=\"1 minuto\" \/>\n<script type=\"application\/ld+json\" class=\"yoast-schema-graph\">{\"@context\":\"https:\\\/\\\/schema.org\",\"@graph\":[{\"@type\":\"WebPage\",\"@id\":\"https:\\\/\\\/letrame.com\\\/catalogo\\\/producto\\\/mi-historia-mi-fuerza\\\/\",\"url\":\"https:\\\/\\\/letrame.com\\\/catalogo\\\/producto\\\/mi-historia-mi-fuerza\\\/\",\"name\":\"Mi historia, mi fuerza - Catalogo | Letrame Grupo Editorial\",\"isPartOf\":{\"@id\":\"https:\\\/\\\/letrame.com\\\/catalogo\\\/#website\"},\"primaryImageOfPage\":{\"@id\":\"https:\\\/\\\/letrame.com\\\/catalogo\\\/producto\\\/mi-historia-mi-fuerza\\\/#primaryimage\"},\"image\":{\"@id\":\"https:\\\/\\\/letrame.com\\\/catalogo\\\/producto\\\/mi-historia-mi-fuerza\\\/#primaryimage\"},\"thumbnailUrl\":\"https:\\\/\\\/letrame.com\\\/catalogo\\\/wp-content\\\/uploads\\\/2026\\\/02\\\/mihistoriamifuerza_855mm4-scaled.jpg\",\"datePublished\":\"2026-02-18T14:15:17+00:00\",\"dateModified\":\"2026-02-18T14:15:18+00:00\",\"breadcrumb\":{\"@id\":\"https:\\\/\\\/letrame.com\\\/catalogo\\\/producto\\\/mi-historia-mi-fuerza\\\/#breadcrumb\"},\"inLanguage\":\"es\",\"potentialAction\":[{\"@type\":\"ReadAction\",\"target\":[\"https:\\\/\\\/letrame.com\\\/catalogo\\\/producto\\\/mi-historia-mi-fuerza\\\/\"]}]},{\"@type\":\"ImageObject\",\"inLanguage\":\"es\",\"@id\":\"https:\\\/\\\/letrame.com\\\/catalogo\\\/producto\\\/mi-historia-mi-fuerza\\\/#primaryimage\",\"url\":\"https:\\\/\\\/letrame.com\\\/catalogo\\\/wp-content\\\/uploads\\\/2026\\\/02\\\/mihistoriamifuerza_855mm4-scaled.jpg\",\"contentUrl\":\"https:\\\/\\\/letrame.com\\\/catalogo\\\/wp-content\\\/uploads\\\/2026\\\/02\\\/mihistoriamifuerza_855mm4-scaled.jpg\",\"width\":1828,\"height\":2560},{\"@type\":\"BreadcrumbList\",\"@id\":\"https:\\\/\\\/letrame.com\\\/catalogo\\\/producto\\\/mi-historia-mi-fuerza\\\/#breadcrumb\",\"itemListElement\":[{\"@type\":\"ListItem\",\"position\":1,\"name\":\"Portada\",\"item\":\"https:\\\/\\\/letrame.com\\\/catalogo\\\/\"},{\"@type\":\"ListItem\",\"position\":2,\"name\":\"Cat\u00e1logo\",\"item\":\"https:\\\/\\\/letrame.com\\\/catalogo\\\/\"},{\"@type\":\"ListItem\",\"position\":3,\"name\":\"Mi historia, mi fuerza\"}]},{\"@type\":\"WebSite\",\"@id\":\"https:\\\/\\\/letrame.com\\\/catalogo\\\/#website\",\"url\":\"https:\\\/\\\/letrame.com\\\/catalogo\\\/\",\"name\":\"Catalogo | Letrame Grupo Editorial\",\"description\":\"\",\"publisher\":{\"@id\":\"https:\\\/\\\/letrame.com\\\/catalogo\\\/#organization\"},\"potentialAction\":[{\"@type\":\"SearchAction\",\"target\":{\"@type\":\"EntryPoint\",\"urlTemplate\":\"https:\\\/\\\/letrame.com\\\/catalogo\\\/?s={search_term_string}\"},\"query-input\":{\"@type\":\"PropertyValueSpecification\",\"valueRequired\":true,\"valueName\":\"search_term_string\"}}],\"inLanguage\":\"es\"},{\"@type\":\"Organization\",\"@id\":\"https:\\\/\\\/letrame.com\\\/catalogo\\\/#organization\",\"name\":\"Catalogo | Letrame Grupo Editorial\",\"url\":\"https:\\\/\\\/letrame.com\\\/catalogo\\\/\",\"logo\":{\"@type\":\"ImageObject\",\"inLanguage\":\"es\",\"@id\":\"https:\\\/\\\/letrame.com\\\/catalogo\\\/#\\\/schema\\\/logo\\\/image\\\/\",\"url\":\"https:\\\/\\\/letrame.com\\\/catalogo\\\/wp-content\\\/uploads\\\/2024\\\/03\\\/logo2.webp\",\"contentUrl\":\"https:\\\/\\\/letrame.com\\\/catalogo\\\/wp-content\\\/uploads\\\/2024\\\/03\\\/logo2.webp\",\"width\":394,\"height\":128,\"caption\":\"Catalogo | Letrame Grupo Editorial\"},\"image\":{\"@id\":\"https:\\\/\\\/letrame.com\\\/catalogo\\\/#\\\/schema\\\/logo\\\/image\\\/\"}}]}<\/script>\n<!-- \/ Yoast SEO plugin. -->","yoast_head_json":{"title":"Mi historia, mi fuerza - Catalogo | Letrame Grupo Editorial","robots":{"index":"index","follow":"follow","max-snippet":"max-snippet:-1","max-image-preview":"max-image-preview:large","max-video-preview":"max-video-preview:-1"},"canonical":"https:\/\/letrame.com\/catalogo\/producto\/mi-historia-mi-fuerza\/","og_locale":"es_ES","og_type":"article","og_title":"Mi historia, mi fuerza - Catalogo | Letrame Grupo Editorial","og_description":"ISBN:\u00a09791370293062 SINOPSIS Este no es un libro sobre una vida perfecta. Es un libro sobre una vida real, con heridas y con alas, con ausencias y reencuentros, con ca\u00eddas y vuelos.  A trav\u00e9s de estas p\u00e1ginas conocer\u00e1s la historia de una ni\u00f1a que aprendi\u00f3 demasiado pronto el peso de la distancia, de una adolescente que se abri\u00f3 paso entre carencias para seguir so\u00f1ando, de una mujer que descubri\u00f3 el amor y su propia fuerza, y de una madre que encontr\u00f3 en sus hijas su motor y su raz\u00f3n de vivir.  Pero m\u00e1s all\u00e1 de una biograf\u00eda, este libro es un manual de esperanza. En cada cap\u00edtulo hay reflexiones, aprendizajes y preguntas para que t\u00fa tambi\u00e9n te mires por dentro, para que sanes, te empoderes y te des permiso para volar.  Es un relato de fortaleza femenina, de resiliencia y de amor propio. Una invitaci\u00f3n a transformar las carencias en ra\u00edces y las ca\u00eddas en impulso. Porque aunque esta es mi his-toria, tambi\u00e9n puede ser la tuya.  Si alguna vez pensaste que no podr\u00edas m\u00e1s, si has sentido ausencias, rupturas o dudas, aqu\u00ed encontrar\u00e1s un espejo, un abrazo y una luz.  &nbsp;","og_url":"https:\/\/letrame.com\/catalogo\/producto\/mi-historia-mi-fuerza\/","og_site_name":"Catalogo | Letrame Grupo Editorial","article_modified_time":"2026-02-18T14:15:18+00:00","og_image":[{"width":1828,"height":2560,"url":"https:\/\/letrame.com\/catalogo\/wp-content\/uploads\/2026\/02\/mihistoriamifuerza_855mm4-scaled.jpg","type":"image\/jpeg"}],"twitter_card":"summary_large_image","twitter_misc":{"Tiempo de lectura":"1 minuto"},"schema":{"@context":"https:\/\/schema.org","@graph":[{"@type":"WebPage","@id":"https:\/\/letrame.com\/catalogo\/producto\/mi-historia-mi-fuerza\/","url":"https:\/\/letrame.com\/catalogo\/producto\/mi-historia-mi-fuerza\/","name":"Mi historia, mi fuerza - Catalogo | Letrame Grupo Editorial","isPartOf":{"@id":"https:\/\/letrame.com\/catalogo\/#website"},"primaryImageOfPage":{"@id":"https:\/\/letrame.com\/catalogo\/producto\/mi-historia-mi-fuerza\/#primaryimage"},"image":{"@id":"https:\/\/letrame.com\/catalogo\/producto\/mi-historia-mi-fuerza\/#primaryimage"},"thumbnailUrl":"https:\/\/letrame.com\/catalogo\/wp-content\/uploads\/2026\/02\/mihistoriamifuerza_855mm4-scaled.jpg","datePublished":"2026-02-18T14:15:17+00:00","dateModified":"2026-02-18T14:15:18+00:00","breadcrumb":{"@id":"https:\/\/letrame.com\/catalogo\/producto\/mi-historia-mi-fuerza\/#breadcrumb"},"inLanguage":"es","potentialAction":[{"@type":"ReadAction","target":["https:\/\/letrame.com\/catalogo\/producto\/mi-historia-mi-fuerza\/"]}]},{"@type":"ImageObject","inLanguage":"es","@id":"https:\/\/letrame.com\/catalogo\/producto\/mi-historia-mi-fuerza\/#primaryimage","url":"https:\/\/letrame.com\/catalogo\/wp-content\/uploads\/2026\/02\/mihistoriamifuerza_855mm4-scaled.jpg","contentUrl":"https:\/\/letrame.com\/catalogo\/wp-content\/uploads\/2026\/02\/mihistoriamifuerza_855mm4-scaled.jpg","width":1828,"height":2560},{"@type":"BreadcrumbList","@id":"https:\/\/letrame.com\/catalogo\/producto\/mi-historia-mi-fuerza\/#breadcrumb","itemListElement":[{"@type":"ListItem","position":1,"name":"Portada","item":"https:\/\/letrame.com\/catalogo\/"},{"@type":"ListItem","position":2,"name":"Cat\u00e1logo","item":"https:\/\/letrame.com\/catalogo\/"},{"@type":"ListItem","position":3,"name":"Mi historia, mi fuerza"}]},{"@type":"WebSite","@id":"https:\/\/letrame.com\/catalogo\/#website","url":"https:\/\/letrame.com\/catalogo\/","name":"Catalogo | Letrame Grupo Editorial","description":"","publisher":{"@id":"https:\/\/letrame.com\/catalogo\/#organization"},"potentialAction":[{"@type":"SearchAction","target":{"@type":"EntryPoint","urlTemplate":"https:\/\/letrame.com\/catalogo\/?s={search_term_string}"},"query-input":{"@type":"PropertyValueSpecification","valueRequired":true,"valueName":"search_term_string"}}],"inLanguage":"es"},{"@type":"Organization","@id":"https:\/\/letrame.com\/catalogo\/#organization","name":"Catalogo | Letrame Grupo Editorial","url":"https:\/\/letrame.com\/catalogo\/","logo":{"@type":"ImageObject","inLanguage":"es","@id":"https:\/\/letrame.com\/catalogo\/#\/schema\/logo\/image\/","url":"https:\/\/letrame.com\/catalogo\/wp-content\/uploads\/2024\/03\/logo2.webp","contentUrl":"https:\/\/letrame.com\/catalogo\/wp-content\/uploads\/2024\/03\/logo2.webp","width":394,"height":128,"caption":"Catalogo | Letrame Grupo Editorial"},"image":{"@id":"https:\/\/letrame.com\/catalogo\/#\/schema\/logo\/image\/"}}]}},"_links":{"self":[{"href":"https:\/\/letrame.com\/catalogo\/wp-json\/wp\/v2\/product\/110948","targetHints":{"allow":["GET"]}}],"collection":[{"href":"https:\/\/letrame.com\/catalogo\/wp-json\/wp\/v2\/product"}],"about":[{"href":"https:\/\/letrame.com\/catalogo\/wp-json\/wp\/v2\/types\/product"}],"replies":[{"embeddable":true,"href":"https:\/\/letrame.com\/catalogo\/wp-json\/wp\/v2\/comments?post=110948"}],"acf:post":[{"embeddable":true,"href":"https:\/\/letrame.com\/catalogo\/wp-json\/wp\/v2\/author_book\/110947"}],"wp:featuredmedia":[{"embeddable":true,"href":"https:\/\/letrame.com\/catalogo\/wp-json\/wp\/v2\/media\/110951"}],"wp:attachment":[{"href":"https:\/\/letrame.com\/catalogo\/wp-json\/wp\/v2\/media?parent=110948"}],"wp:term":[{"taxonomy":"libro","embeddable":true,"href":"https:\/\/letrame.com\/catalogo\/wp-json\/wp\/v2\/libro?post=110948"},{"taxonomy":"product_brand","embeddable":true,"href":"https:\/\/letrame.com\/catalogo\/wp-json\/wp\/v2\/product_brand?post=110948"},{"taxonomy":"product_cat","embeddable":true,"href":"https:\/\/letrame.com\/catalogo\/wp-json\/wp\/v2\/product_cat?post=110948"},{"taxonomy":"product_tag","embeddable":true,"href":"https:\/\/letrame.com\/catalogo\/wp-json\/wp\/v2\/product_tag?post=110948"}],"curies":[{"name":"wp","href":"https:\/\/api.w.org\/{rel}","templated":true}]}}