{"id":110941,"date":"2026-02-18T15:04:42","date_gmt":"2026-02-18T14:04:42","guid":{"rendered":"https:\/\/letrame.com\/catalogo\/?post_type=product&#038;p=110941"},"modified":"2026-02-18T15:04:43","modified_gmt":"2026-02-18T14:04:43","slug":"los-secretos-de-la-floresta-y-el-pandebono","status":"publish","type":"product","link":"https:\/\/letrame.com\/catalogo\/producto\/los-secretos-de-la-floresta-y-el-pandebono\/","title":{"rendered":"Los secretos de la floresta y el pandebono"},"content":{"rendered":"<p class=\"p1\"><b>ISBN:\u00a0<\/b>9791370128395<b><\/b><\/p>\n<p class=\"p1\"><b>T\u00edtulo:\u00a0<\/b>Los secretos de la floresta y el pandebono<br \/>\n<b>Fecha:\u00a0<\/b>2025<br \/>\n<b>P\u00e1ginas:\u00a0<\/b>166<b><\/b><\/p>\n<p class=\"p1\"><b>SINOPSIS<\/b><\/p>\n<p>Desde la llegada del conde Buono a la Cali de finales del siglo XIX, Los secretos de La Floresta y el pandebono revela el origen del legendario \u00abpan de buono\u00bb y la historia de una familia atravesada por secretos, pasiones y disputas de herencia. La bonanza azucarera, el estallido pol\u00edtico y social del siglo XX, la violencia tras el asesinato de Gait\u00e1n, la dictadura y la explosi\u00f3n que sacudi\u00f3 a Cali conforman el marco hist\u00f3rico de la narraci\u00f3n.<br \/>\nLa hacienda La Floresta \u2014s\u00edmbolo de poder y decadencia\u2014 es el escenario donde tres generaciones enfrentan los cambios de un pa\u00eds en transformaci\u00f3n. Gioacchino rompi\u00f3 el secreto. Giorgio naci\u00f3 del cruce y del silencio. Alberto lo cont\u00f3 todo con su voz de radio, mientras Colombia ard\u00eda y volv\u00eda a armarse.<br \/>\nEscrita en una prosa \u00edntima, la novela entrelaza historia, memoria y sabores, revelando que el pandebono guarda m\u00e1s que una receta: contiene la esencia de un pueblo, el eco de sus mujeres olvidadas y la persistencia de un linaje que aprendi\u00f3 a sobrevivir. Como la yuca inspir\u00f3 al conde, la explosi\u00f3n transform\u00f3 para siempre la ciudad y el amor conmovi\u00f3 el coraz\u00f3n de Alberto. Esta es la historia de un pan, de una hacienda \u2014hoy convertida en barrio\u2014 y de un aroma que todav\u00eda huele a lo que fuimos. Y a lo que somos.<\/p>\n","protected":false},"excerpt":{"rendered":"<p class=\"p1\"><b>ISBN:\u00a0<\/b>9791370128395<b><\/b><\/p>\n<p class=\"p1\"><b>SINOPSIS<\/b><\/p>\n<p>Desde la llegada del conde Buono a la Cali de finales del siglo XIX, Los secretos de La Floresta y el pandebono revela el origen del legendario \u00abpan de buono\u00bb y la historia de una familia atravesada por secretos, pasiones y disputas de herencia. La bonanza azucarera, el estallido pol\u00edtico y social del siglo XX, la violencia tras el asesinato de Gait\u00e1n, la dictadura y la explosi\u00f3n que sacudi\u00f3 a Cali conforman el marco hist\u00f3rico de la narraci\u00f3n.<br \/>\nLa hacienda La Floresta \u2014s\u00edmbolo de poder y decadencia\u2014 es el escenario donde tres generaciones enfrentan los cambios de un pa\u00eds en transformaci\u00f3n. Gioacchino rompi\u00f3 el secreto. Giorgio naci\u00f3 del cruce y del silencio. Alberto lo cont\u00f3 todo con su voz de radio, mientras Colombia ard\u00eda y volv\u00eda a armarse.<br \/>\nEscrita en una prosa \u00edntima, la novela entrelaza historia, memoria y sabores, revelando que el pandebono guarda m\u00e1s que una receta: contiene la esencia de un pueblo, el eco de sus mujeres olvidadas y la persistencia de un linaje que aprendi\u00f3 a sobrevivir. Como la yuca inspir\u00f3 al conde, la explosi\u00f3n transform\u00f3 para siempre la ciudad y el amor conmovi\u00f3 el coraz\u00f3n de Alberto. Esta es la historia de un pan, de una hacienda \u2014hoy convertida en barrio\u2014 y de un aroma que todav\u00eda huele a lo que fuimos. Y a lo que somos.<\/p>\n","protected":false},"featured_media":110945,"comment_status":"open","ping_status":"closed","template":"","meta":{"_acf_changed":false},"libro":[],"product_brand":[],"product_cat":[62],"product_tag":[],"class_list":{"0":"post-110941","1":"product","2":"type-product","3":"status-publish","4":"has-post-thumbnail","6":"product_cat-historico","8":"first","9":"instock","10":"shipping-taxable","11":"product-type-simple"},"acf":{"autor":[110942],"enlace_de_compra":"https:\/\/amzn.to\/3Mw5DaE"},"yoast_head":"<!-- This site is optimized with the Yoast SEO plugin v27.4 - https:\/\/yoast.com\/product\/yoast-seo-wordpress\/ -->\n<title>Los secretos de la floresta y el pandebono - Catalogo | Letrame Grupo Editorial<\/title>\n<meta name=\"robots\" content=\"index, follow, max-snippet:-1, max-image-preview:large, max-video-preview:-1\" \/>\n<link rel=\"canonical\" href=\"https:\/\/letrame.com\/catalogo\/producto\/los-secretos-de-la-floresta-y-el-pandebono\/\" \/>\n<meta property=\"og:locale\" content=\"es_ES\" \/>\n<meta property=\"og:type\" content=\"article\" \/>\n<meta property=\"og:title\" content=\"Los secretos de la floresta y el pandebono - Catalogo | Letrame Grupo Editorial\" \/>\n<meta property=\"og:description\" content=\"ISBN:\u00a09791370128395 SINOPSIS Desde la llegada del conde Buono a la Cali de finales del siglo XIX, Los secretos de La Floresta y el pandebono revela el origen del legendario \u00abpan de buono\u00bb y la historia de una familia atravesada por secretos, pasiones y disputas de herencia. La bonanza azucarera, el estallido pol\u00edtico y social del siglo XX, la violencia tras el asesinato de Gait\u00e1n, la dictadura y la explosi\u00f3n que sacudi\u00f3 a Cali conforman el marco hist\u00f3rico de la narraci\u00f3n. La hacienda La Floresta \u2014s\u00edmbolo de poder y decadencia\u2014 es el escenario donde tres generaciones enfrentan los cambios de un pa\u00eds en transformaci\u00f3n. Gioacchino rompi\u00f3 el secreto. Giorgio naci\u00f3 del cruce y del silencio. Alberto lo cont\u00f3 todo con su voz de radio, mientras Colombia ard\u00eda y volv\u00eda a armarse. Escrita en una prosa \u00edntima, la novela entrelaza historia, memoria y sabores, revelando que el pandebono guarda m\u00e1s que una receta: contiene la esencia de un pueblo, el eco de sus mujeres olvidadas y la persistencia de un linaje que aprendi\u00f3 a sobrevivir. Como la yuca inspir\u00f3 al conde, la explosi\u00f3n transform\u00f3 para siempre la ciudad y el amor conmovi\u00f3 el coraz\u00f3n de Alberto. Esta es la historia de un pan, de una hacienda \u2014hoy convertida en barrio\u2014 y de un aroma que todav\u00eda huele a lo que fuimos. Y a lo que somos.\" \/>\n<meta property=\"og:url\" content=\"https:\/\/letrame.com\/catalogo\/producto\/los-secretos-de-la-floresta-y-el-pandebono\/\" \/>\n<meta property=\"og:site_name\" content=\"Catalogo | Letrame Grupo Editorial\" \/>\n<meta property=\"article:modified_time\" content=\"2026-02-18T14:04:43+00:00\" \/>\n<meta property=\"og:image\" content=\"https:\/\/letrame.com\/catalogo\/wp-content\/uploads\/2026\/02\/nueva_losssecretosdelafloresta_876mm4-scaled.jpg\" \/>\n\t<meta property=\"og:image:width\" content=\"1828\" \/>\n\t<meta property=\"og:image:height\" content=\"2560\" \/>\n\t<meta property=\"og:image:type\" content=\"image\/jpeg\" \/>\n<meta name=\"twitter:card\" content=\"summary_large_image\" \/>\n<meta name=\"twitter:label1\" content=\"Tiempo de lectura\" \/>\n\t<meta name=\"twitter:data1\" content=\"2 minutos\" \/>\n<script type=\"application\/ld+json\" class=\"yoast-schema-graph\">{\"@context\":\"https:\\\/\\\/schema.org\",\"@graph\":[{\"@type\":\"WebPage\",\"@id\":\"https:\\\/\\\/letrame.com\\\/catalogo\\\/producto\\\/los-secretos-de-la-floresta-y-el-pandebono\\\/\",\"url\":\"https:\\\/\\\/letrame.com\\\/catalogo\\\/producto\\\/los-secretos-de-la-floresta-y-el-pandebono\\\/\",\"name\":\"Los secretos de la floresta y el pandebono - Catalogo | Letrame Grupo Editorial\",\"isPartOf\":{\"@id\":\"https:\\\/\\\/letrame.com\\\/catalogo\\\/#website\"},\"primaryImageOfPage\":{\"@id\":\"https:\\\/\\\/letrame.com\\\/catalogo\\\/producto\\\/los-secretos-de-la-floresta-y-el-pandebono\\\/#primaryimage\"},\"image\":{\"@id\":\"https:\\\/\\\/letrame.com\\\/catalogo\\\/producto\\\/los-secretos-de-la-floresta-y-el-pandebono\\\/#primaryimage\"},\"thumbnailUrl\":\"https:\\\/\\\/letrame.com\\\/catalogo\\\/wp-content\\\/uploads\\\/2026\\\/02\\\/nueva_losssecretosdelafloresta_876mm4-scaled.jpg\",\"datePublished\":\"2026-02-18T14:04:42+00:00\",\"dateModified\":\"2026-02-18T14:04:43+00:00\",\"breadcrumb\":{\"@id\":\"https:\\\/\\\/letrame.com\\\/catalogo\\\/producto\\\/los-secretos-de-la-floresta-y-el-pandebono\\\/#breadcrumb\"},\"inLanguage\":\"es\",\"potentialAction\":[{\"@type\":\"ReadAction\",\"target\":[\"https:\\\/\\\/letrame.com\\\/catalogo\\\/producto\\\/los-secretos-de-la-floresta-y-el-pandebono\\\/\"]}]},{\"@type\":\"ImageObject\",\"inLanguage\":\"es\",\"@id\":\"https:\\\/\\\/letrame.com\\\/catalogo\\\/producto\\\/los-secretos-de-la-floresta-y-el-pandebono\\\/#primaryimage\",\"url\":\"https:\\\/\\\/letrame.com\\\/catalogo\\\/wp-content\\\/uploads\\\/2026\\\/02\\\/nueva_losssecretosdelafloresta_876mm4-scaled.jpg\",\"contentUrl\":\"https:\\\/\\\/letrame.com\\\/catalogo\\\/wp-content\\\/uploads\\\/2026\\\/02\\\/nueva_losssecretosdelafloresta_876mm4-scaled.jpg\",\"width\":1828,\"height\":2560},{\"@type\":\"BreadcrumbList\",\"@id\":\"https:\\\/\\\/letrame.com\\\/catalogo\\\/producto\\\/los-secretos-de-la-floresta-y-el-pandebono\\\/#breadcrumb\",\"itemListElement\":[{\"@type\":\"ListItem\",\"position\":1,\"name\":\"Portada\",\"item\":\"https:\\\/\\\/letrame.com\\\/catalogo\\\/\"},{\"@type\":\"ListItem\",\"position\":2,\"name\":\"Cat\u00e1logo\",\"item\":\"https:\\\/\\\/letrame.com\\\/catalogo\\\/\"},{\"@type\":\"ListItem\",\"position\":3,\"name\":\"Los secretos de la floresta y el pandebono\"}]},{\"@type\":\"WebSite\",\"@id\":\"https:\\\/\\\/letrame.com\\\/catalogo\\\/#website\",\"url\":\"https:\\\/\\\/letrame.com\\\/catalogo\\\/\",\"name\":\"Catalogo | Letrame Grupo Editorial\",\"description\":\"\",\"publisher\":{\"@id\":\"https:\\\/\\\/letrame.com\\\/catalogo\\\/#organization\"},\"potentialAction\":[{\"@type\":\"SearchAction\",\"target\":{\"@type\":\"EntryPoint\",\"urlTemplate\":\"https:\\\/\\\/letrame.com\\\/catalogo\\\/?s={search_term_string}\"},\"query-input\":{\"@type\":\"PropertyValueSpecification\",\"valueRequired\":true,\"valueName\":\"search_term_string\"}}],\"inLanguage\":\"es\"},{\"@type\":\"Organization\",\"@id\":\"https:\\\/\\\/letrame.com\\\/catalogo\\\/#organization\",\"name\":\"Catalogo | Letrame Grupo Editorial\",\"url\":\"https:\\\/\\\/letrame.com\\\/catalogo\\\/\",\"logo\":{\"@type\":\"ImageObject\",\"inLanguage\":\"es\",\"@id\":\"https:\\\/\\\/letrame.com\\\/catalogo\\\/#\\\/schema\\\/logo\\\/image\\\/\",\"url\":\"https:\\\/\\\/letrame.com\\\/catalogo\\\/wp-content\\\/uploads\\\/2024\\\/03\\\/logo2.webp\",\"contentUrl\":\"https:\\\/\\\/letrame.com\\\/catalogo\\\/wp-content\\\/uploads\\\/2024\\\/03\\\/logo2.webp\",\"width\":394,\"height\":128,\"caption\":\"Catalogo | Letrame Grupo Editorial\"},\"image\":{\"@id\":\"https:\\\/\\\/letrame.com\\\/catalogo\\\/#\\\/schema\\\/logo\\\/image\\\/\"}}]}<\/script>\n<!-- \/ Yoast SEO plugin. -->","yoast_head_json":{"title":"Los secretos de la floresta y el pandebono - Catalogo | Letrame Grupo Editorial","robots":{"index":"index","follow":"follow","max-snippet":"max-snippet:-1","max-image-preview":"max-image-preview:large","max-video-preview":"max-video-preview:-1"},"canonical":"https:\/\/letrame.com\/catalogo\/producto\/los-secretos-de-la-floresta-y-el-pandebono\/","og_locale":"es_ES","og_type":"article","og_title":"Los secretos de la floresta y el pandebono - Catalogo | Letrame Grupo Editorial","og_description":"ISBN:\u00a09791370128395 SINOPSIS Desde la llegada del conde Buono a la Cali de finales del siglo XIX, Los secretos de La Floresta y el pandebono revela el origen del legendario \u00abpan de buono\u00bb y la historia de una familia atravesada por secretos, pasiones y disputas de herencia. La bonanza azucarera, el estallido pol\u00edtico y social del siglo XX, la violencia tras el asesinato de Gait\u00e1n, la dictadura y la explosi\u00f3n que sacudi\u00f3 a Cali conforman el marco hist\u00f3rico de la narraci\u00f3n. La hacienda La Floresta \u2014s\u00edmbolo de poder y decadencia\u2014 es el escenario donde tres generaciones enfrentan los cambios de un pa\u00eds en transformaci\u00f3n. Gioacchino rompi\u00f3 el secreto. Giorgio naci\u00f3 del cruce y del silencio. Alberto lo cont\u00f3 todo con su voz de radio, mientras Colombia ard\u00eda y volv\u00eda a armarse. Escrita en una prosa \u00edntima, la novela entrelaza historia, memoria y sabores, revelando que el pandebono guarda m\u00e1s que una receta: contiene la esencia de un pueblo, el eco de sus mujeres olvidadas y la persistencia de un linaje que aprendi\u00f3 a sobrevivir. Como la yuca inspir\u00f3 al conde, la explosi\u00f3n transform\u00f3 para siempre la ciudad y el amor conmovi\u00f3 el coraz\u00f3n de Alberto. Esta es la historia de un pan, de una hacienda \u2014hoy convertida en barrio\u2014 y de un aroma que todav\u00eda huele a lo que fuimos. Y a lo que somos.","og_url":"https:\/\/letrame.com\/catalogo\/producto\/los-secretos-de-la-floresta-y-el-pandebono\/","og_site_name":"Catalogo | Letrame Grupo Editorial","article_modified_time":"2026-02-18T14:04:43+00:00","og_image":[{"width":1828,"height":2560,"url":"https:\/\/letrame.com\/catalogo\/wp-content\/uploads\/2026\/02\/nueva_losssecretosdelafloresta_876mm4-scaled.jpg","type":"image\/jpeg"}],"twitter_card":"summary_large_image","twitter_misc":{"Tiempo de lectura":"2 minutos"},"schema":{"@context":"https:\/\/schema.org","@graph":[{"@type":"WebPage","@id":"https:\/\/letrame.com\/catalogo\/producto\/los-secretos-de-la-floresta-y-el-pandebono\/","url":"https:\/\/letrame.com\/catalogo\/producto\/los-secretos-de-la-floresta-y-el-pandebono\/","name":"Los secretos de la floresta y el pandebono - Catalogo | Letrame Grupo Editorial","isPartOf":{"@id":"https:\/\/letrame.com\/catalogo\/#website"},"primaryImageOfPage":{"@id":"https:\/\/letrame.com\/catalogo\/producto\/los-secretos-de-la-floresta-y-el-pandebono\/#primaryimage"},"image":{"@id":"https:\/\/letrame.com\/catalogo\/producto\/los-secretos-de-la-floresta-y-el-pandebono\/#primaryimage"},"thumbnailUrl":"https:\/\/letrame.com\/catalogo\/wp-content\/uploads\/2026\/02\/nueva_losssecretosdelafloresta_876mm4-scaled.jpg","datePublished":"2026-02-18T14:04:42+00:00","dateModified":"2026-02-18T14:04:43+00:00","breadcrumb":{"@id":"https:\/\/letrame.com\/catalogo\/producto\/los-secretos-de-la-floresta-y-el-pandebono\/#breadcrumb"},"inLanguage":"es","potentialAction":[{"@type":"ReadAction","target":["https:\/\/letrame.com\/catalogo\/producto\/los-secretos-de-la-floresta-y-el-pandebono\/"]}]},{"@type":"ImageObject","inLanguage":"es","@id":"https:\/\/letrame.com\/catalogo\/producto\/los-secretos-de-la-floresta-y-el-pandebono\/#primaryimage","url":"https:\/\/letrame.com\/catalogo\/wp-content\/uploads\/2026\/02\/nueva_losssecretosdelafloresta_876mm4-scaled.jpg","contentUrl":"https:\/\/letrame.com\/catalogo\/wp-content\/uploads\/2026\/02\/nueva_losssecretosdelafloresta_876mm4-scaled.jpg","width":1828,"height":2560},{"@type":"BreadcrumbList","@id":"https:\/\/letrame.com\/catalogo\/producto\/los-secretos-de-la-floresta-y-el-pandebono\/#breadcrumb","itemListElement":[{"@type":"ListItem","position":1,"name":"Portada","item":"https:\/\/letrame.com\/catalogo\/"},{"@type":"ListItem","position":2,"name":"Cat\u00e1logo","item":"https:\/\/letrame.com\/catalogo\/"},{"@type":"ListItem","position":3,"name":"Los secretos de la floresta y el pandebono"}]},{"@type":"WebSite","@id":"https:\/\/letrame.com\/catalogo\/#website","url":"https:\/\/letrame.com\/catalogo\/","name":"Catalogo | Letrame Grupo Editorial","description":"","publisher":{"@id":"https:\/\/letrame.com\/catalogo\/#organization"},"potentialAction":[{"@type":"SearchAction","target":{"@type":"EntryPoint","urlTemplate":"https:\/\/letrame.com\/catalogo\/?s={search_term_string}"},"query-input":{"@type":"PropertyValueSpecification","valueRequired":true,"valueName":"search_term_string"}}],"inLanguage":"es"},{"@type":"Organization","@id":"https:\/\/letrame.com\/catalogo\/#organization","name":"Catalogo | Letrame Grupo Editorial","url":"https:\/\/letrame.com\/catalogo\/","logo":{"@type":"ImageObject","inLanguage":"es","@id":"https:\/\/letrame.com\/catalogo\/#\/schema\/logo\/image\/","url":"https:\/\/letrame.com\/catalogo\/wp-content\/uploads\/2024\/03\/logo2.webp","contentUrl":"https:\/\/letrame.com\/catalogo\/wp-content\/uploads\/2024\/03\/logo2.webp","width":394,"height":128,"caption":"Catalogo | Letrame Grupo Editorial"},"image":{"@id":"https:\/\/letrame.com\/catalogo\/#\/schema\/logo\/image\/"}}]}},"_links":{"self":[{"href":"https:\/\/letrame.com\/catalogo\/wp-json\/wp\/v2\/product\/110941","targetHints":{"allow":["GET"]}}],"collection":[{"href":"https:\/\/letrame.com\/catalogo\/wp-json\/wp\/v2\/product"}],"about":[{"href":"https:\/\/letrame.com\/catalogo\/wp-json\/wp\/v2\/types\/product"}],"replies":[{"embeddable":true,"href":"https:\/\/letrame.com\/catalogo\/wp-json\/wp\/v2\/comments?post=110941"}],"acf:post":[{"embeddable":true,"href":"https:\/\/letrame.com\/catalogo\/wp-json\/wp\/v2\/author_book\/110942"}],"wp:featuredmedia":[{"embeddable":true,"href":"https:\/\/letrame.com\/catalogo\/wp-json\/wp\/v2\/media\/110945"}],"wp:attachment":[{"href":"https:\/\/letrame.com\/catalogo\/wp-json\/wp\/v2\/media?parent=110941"}],"wp:term":[{"taxonomy":"libro","embeddable":true,"href":"https:\/\/letrame.com\/catalogo\/wp-json\/wp\/v2\/libro?post=110941"},{"taxonomy":"product_brand","embeddable":true,"href":"https:\/\/letrame.com\/catalogo\/wp-json\/wp\/v2\/product_brand?post=110941"},{"taxonomy":"product_cat","embeddable":true,"href":"https:\/\/letrame.com\/catalogo\/wp-json\/wp\/v2\/product_cat?post=110941"},{"taxonomy":"product_tag","embeddable":true,"href":"https:\/\/letrame.com\/catalogo\/wp-json\/wp\/v2\/product_tag?post=110941"}],"curies":[{"name":"wp","href":"https:\/\/api.w.org\/{rel}","templated":true}]}}