{"id":110925,"date":"2026-02-18T13:37:25","date_gmt":"2026-02-18T12:37:25","guid":{"rendered":"https:\/\/letrame.com\/catalogo\/?post_type=product&#038;p=110925"},"modified":"2026-02-18T13:37:26","modified_gmt":"2026-02-18T12:37:26","slug":"silencio-2","status":"publish","type":"product","link":"https:\/\/letrame.com\/catalogo\/producto\/silencio-2\/","title":{"rendered":"Silencio"},"content":{"rendered":"<p class=\"p1\"><b>ISBN:\u00a0<\/b>9791370291655<b><\/b><\/p>\n<p class=\"p1\"><b>T\u00edtulo: <\/b>Silencio<br \/>\n<b>Fecha:\u00a0<\/b>2025<br \/>\n<b>P\u00e1ginas:\u00a0<\/b>140<b><\/b><\/p>\n<p class=\"p1\"><b>SINOPSIS<\/b><\/p>\n<p>SILENCIO es una colecci\u00f3n de trece cuentos breves que te invitan a una exploraci\u00f3n audaz de la psique y los l\u00edmites de la realidad. Con un abanico que va desde el terror m\u00e1s \u00edntimo hasta el drama existencial y la belleza incomprensible del realismo m\u00e1gico, cada relato es una pieza \u00fanica que desaf\u00eda las convenciones.<br \/>\nEn este libro no hay un solo camino, sino m\u00faltiples senderos que se bifurcan desde lo cotidiano hacia lo extraordinario. El lector se adentrar\u00e1 en mundos enigm\u00e1ticos, desde encuentros con lo inexplicable hasta la revelaci\u00f3n de secretos enterrados bajo la superficie de la normalidad.<br \/>\nUna experiencia literaria intensa, concisa y enigm\u00e1tica, donde lo real se vuelve incierto y cada historia deja una huella memorable.<\/p>\n","protected":false},"excerpt":{"rendered":"<p class=\"p1\"><b>ISBN:\u00a0<\/b>9791370291655<b><\/b><\/p>\n<p class=\"p1\"><b>SINOPSIS<\/b><\/p>\n<p>SILENCIO es una colecci\u00f3n de trece cuentos breves que te invitan a una exploraci\u00f3n audaz de la psique y los l\u00edmites de la realidad. Con un abanico que va desde el terror m\u00e1s \u00edntimo hasta el drama existencial y la belleza incomprensible del realismo m\u00e1gico, cada relato es una pieza \u00fanica que desaf\u00eda las convenciones.<br \/>\nEn este libro no hay un solo camino, sino m\u00faltiples senderos que se bifurcan desde lo cotidiano hacia lo extraordinario. El lector se adentrar\u00e1 en mundos enigm\u00e1ticos, desde encuentros con lo inexplicable hasta la revelaci\u00f3n de secretos enterrados bajo la superficie de la normalidad.<br \/>\nUna experiencia literaria intensa, concisa y enigm\u00e1tica, donde lo real se vuelve incierto y cada historia deja una huella memorable.<\/p>\n","protected":false},"featured_media":110928,"comment_status":"open","ping_status":"closed","template":"","meta":{"_acf_changed":false},"libro":[],"product_brand":[],"product_cat":[47],"product_tag":[],"class_list":{"0":"post-110925","1":"product","2":"type-product","3":"status-publish","4":"has-post-thumbnail","6":"product_cat-ciencia-ficcion-misterio","8":"first","9":"instock","10":"shipping-taxable","11":"product-type-simple"},"acf":{"autor":[110924],"enlace_de_compra":"https:\/\/amzn.to\/4c06U47"},"yoast_head":"<!-- This site is optimized with the Yoast SEO plugin v26.6 - https:\/\/yoast.com\/wordpress\/plugins\/seo\/ -->\n<title>Silencio - Catalogo | Letrame Grupo Editorial<\/title>\n<meta name=\"robots\" content=\"index, follow, max-snippet:-1, max-image-preview:large, max-video-preview:-1\" \/>\n<link rel=\"canonical\" href=\"https:\/\/letrame.com\/catalogo\/producto\/silencio-2\/\" \/>\n<meta property=\"og:locale\" content=\"es_ES\" \/>\n<meta property=\"og:type\" content=\"article\" \/>\n<meta property=\"og:title\" content=\"Silencio - Catalogo | Letrame Grupo Editorial\" \/>\n<meta property=\"og:description\" content=\"ISBN:\u00a09791370291655 SINOPSIS SILENCIO es una colecci\u00f3n de trece cuentos breves que te invitan a una exploraci\u00f3n audaz de la psique y los l\u00edmites de la realidad. Con un abanico que va desde el terror m\u00e1s \u00edntimo hasta el drama existencial y la belleza incomprensible del realismo m\u00e1gico, cada relato es una pieza \u00fanica que desaf\u00eda las convenciones. En este libro no hay un solo camino, sino m\u00faltiples senderos que se bifurcan desde lo cotidiano hacia lo extraordinario. El lector se adentrar\u00e1 en mundos enigm\u00e1ticos, desde encuentros con lo inexplicable hasta la revelaci\u00f3n de secretos enterrados bajo la superficie de la normalidad. Una experiencia literaria intensa, concisa y enigm\u00e1tica, donde lo real se vuelve incierto y cada historia deja una huella memorable.\" \/>\n<meta property=\"og:url\" content=\"https:\/\/letrame.com\/catalogo\/producto\/silencio-2\/\" \/>\n<meta property=\"og:site_name\" content=\"Catalogo | Letrame Grupo Editorial\" \/>\n<meta property=\"article:modified_time\" content=\"2026-02-18T12:37:26+00:00\" \/>\n<meta property=\"og:image\" content=\"https:\/\/letrame.com\/catalogo\/wp-content\/uploads\/2026\/02\/silencio_71mm4-scaled.jpg\" \/>\n\t<meta property=\"og:image:width\" content=\"1804\" \/>\n\t<meta property=\"og:image:height\" content=\"2560\" \/>\n\t<meta property=\"og:image:type\" content=\"image\/jpeg\" \/>\n<meta name=\"twitter:card\" content=\"summary_large_image\" \/>\n<meta name=\"twitter:label1\" content=\"Tiempo de lectura\" \/>\n\t<meta name=\"twitter:data1\" content=\"1 minuto\" \/>\n<script type=\"application\/ld+json\" class=\"yoast-schema-graph\">{\"@context\":\"https:\/\/schema.org\",\"@graph\":[{\"@type\":\"WebPage\",\"@id\":\"https:\/\/letrame.com\/catalogo\/producto\/silencio-2\/\",\"url\":\"https:\/\/letrame.com\/catalogo\/producto\/silencio-2\/\",\"name\":\"Silencio - Catalogo | Letrame Grupo Editorial\",\"isPartOf\":{\"@id\":\"https:\/\/letrame.com\/catalogo\/#website\"},\"primaryImageOfPage\":{\"@id\":\"https:\/\/letrame.com\/catalogo\/producto\/silencio-2\/#primaryimage\"},\"image\":{\"@id\":\"https:\/\/letrame.com\/catalogo\/producto\/silencio-2\/#primaryimage\"},\"thumbnailUrl\":\"https:\/\/letrame.com\/catalogo\/wp-content\/uploads\/2026\/02\/silencio_71mm4-scaled.jpg\",\"datePublished\":\"2026-02-18T12:37:25+00:00\",\"dateModified\":\"2026-02-18T12:37:26+00:00\",\"breadcrumb\":{\"@id\":\"https:\/\/letrame.com\/catalogo\/producto\/silencio-2\/#breadcrumb\"},\"inLanguage\":\"es\",\"potentialAction\":[{\"@type\":\"ReadAction\",\"target\":[\"https:\/\/letrame.com\/catalogo\/producto\/silencio-2\/\"]}]},{\"@type\":\"ImageObject\",\"inLanguage\":\"es\",\"@id\":\"https:\/\/letrame.com\/catalogo\/producto\/silencio-2\/#primaryimage\",\"url\":\"https:\/\/letrame.com\/catalogo\/wp-content\/uploads\/2026\/02\/silencio_71mm4-scaled.jpg\",\"contentUrl\":\"https:\/\/letrame.com\/catalogo\/wp-content\/uploads\/2026\/02\/silencio_71mm4-scaled.jpg\",\"width\":1804,\"height\":2560},{\"@type\":\"BreadcrumbList\",\"@id\":\"https:\/\/letrame.com\/catalogo\/producto\/silencio-2\/#breadcrumb\",\"itemListElement\":[{\"@type\":\"ListItem\",\"position\":1,\"name\":\"Portada\",\"item\":\"https:\/\/letrame.com\/catalogo\/\"},{\"@type\":\"ListItem\",\"position\":2,\"name\":\"Cat\u00e1logo\",\"item\":\"https:\/\/letrame.com\/catalogo\/\"},{\"@type\":\"ListItem\",\"position\":3,\"name\":\"Silencio\"}]},{\"@type\":\"WebSite\",\"@id\":\"https:\/\/letrame.com\/catalogo\/#website\",\"url\":\"https:\/\/letrame.com\/catalogo\/\",\"name\":\"Catalogo | Letrame Grupo Editorial\",\"description\":\"\",\"publisher\":{\"@id\":\"https:\/\/letrame.com\/catalogo\/#organization\"},\"potentialAction\":[{\"@type\":\"SearchAction\",\"target\":{\"@type\":\"EntryPoint\",\"urlTemplate\":\"https:\/\/letrame.com\/catalogo\/?s={search_term_string}\"},\"query-input\":{\"@type\":\"PropertyValueSpecification\",\"valueRequired\":true,\"valueName\":\"search_term_string\"}}],\"inLanguage\":\"es\"},{\"@type\":\"Organization\",\"@id\":\"https:\/\/letrame.com\/catalogo\/#organization\",\"name\":\"Catalogo | Letrame Grupo Editorial\",\"url\":\"https:\/\/letrame.com\/catalogo\/\",\"logo\":{\"@type\":\"ImageObject\",\"inLanguage\":\"es\",\"@id\":\"https:\/\/letrame.com\/catalogo\/#\/schema\/logo\/image\/\",\"url\":\"https:\/\/letrame.com\/catalogo\/wp-content\/uploads\/2024\/03\/logo2.webp\",\"contentUrl\":\"https:\/\/letrame.com\/catalogo\/wp-content\/uploads\/2024\/03\/logo2.webp\",\"width\":394,\"height\":128,\"caption\":\"Catalogo | Letrame Grupo Editorial\"},\"image\":{\"@id\":\"https:\/\/letrame.com\/catalogo\/#\/schema\/logo\/image\/\"}}]}<\/script>\n<!-- \/ Yoast SEO plugin. -->","yoast_head_json":{"title":"Silencio - Catalogo | Letrame Grupo Editorial","robots":{"index":"index","follow":"follow","max-snippet":"max-snippet:-1","max-image-preview":"max-image-preview:large","max-video-preview":"max-video-preview:-1"},"canonical":"https:\/\/letrame.com\/catalogo\/producto\/silencio-2\/","og_locale":"es_ES","og_type":"article","og_title":"Silencio - Catalogo | Letrame Grupo Editorial","og_description":"ISBN:\u00a09791370291655 SINOPSIS SILENCIO es una colecci\u00f3n de trece cuentos breves que te invitan a una exploraci\u00f3n audaz de la psique y los l\u00edmites de la realidad. Con un abanico que va desde el terror m\u00e1s \u00edntimo hasta el drama existencial y la belleza incomprensible del realismo m\u00e1gico, cada relato es una pieza \u00fanica que desaf\u00eda las convenciones. En este libro no hay un solo camino, sino m\u00faltiples senderos que se bifurcan desde lo cotidiano hacia lo extraordinario. El lector se adentrar\u00e1 en mundos enigm\u00e1ticos, desde encuentros con lo inexplicable hasta la revelaci\u00f3n de secretos enterrados bajo la superficie de la normalidad. Una experiencia literaria intensa, concisa y enigm\u00e1tica, donde lo real se vuelve incierto y cada historia deja una huella memorable.","og_url":"https:\/\/letrame.com\/catalogo\/producto\/silencio-2\/","og_site_name":"Catalogo | Letrame Grupo Editorial","article_modified_time":"2026-02-18T12:37:26+00:00","og_image":[{"width":1804,"height":2560,"url":"https:\/\/letrame.com\/catalogo\/wp-content\/uploads\/2026\/02\/silencio_71mm4-scaled.jpg","type":"image\/jpeg"}],"twitter_card":"summary_large_image","twitter_misc":{"Tiempo de lectura":"1 minuto"},"schema":{"@context":"https:\/\/schema.org","@graph":[{"@type":"WebPage","@id":"https:\/\/letrame.com\/catalogo\/producto\/silencio-2\/","url":"https:\/\/letrame.com\/catalogo\/producto\/silencio-2\/","name":"Silencio - Catalogo | Letrame Grupo Editorial","isPartOf":{"@id":"https:\/\/letrame.com\/catalogo\/#website"},"primaryImageOfPage":{"@id":"https:\/\/letrame.com\/catalogo\/producto\/silencio-2\/#primaryimage"},"image":{"@id":"https:\/\/letrame.com\/catalogo\/producto\/silencio-2\/#primaryimage"},"thumbnailUrl":"https:\/\/letrame.com\/catalogo\/wp-content\/uploads\/2026\/02\/silencio_71mm4-scaled.jpg","datePublished":"2026-02-18T12:37:25+00:00","dateModified":"2026-02-18T12:37:26+00:00","breadcrumb":{"@id":"https:\/\/letrame.com\/catalogo\/producto\/silencio-2\/#breadcrumb"},"inLanguage":"es","potentialAction":[{"@type":"ReadAction","target":["https:\/\/letrame.com\/catalogo\/producto\/silencio-2\/"]}]},{"@type":"ImageObject","inLanguage":"es","@id":"https:\/\/letrame.com\/catalogo\/producto\/silencio-2\/#primaryimage","url":"https:\/\/letrame.com\/catalogo\/wp-content\/uploads\/2026\/02\/silencio_71mm4-scaled.jpg","contentUrl":"https:\/\/letrame.com\/catalogo\/wp-content\/uploads\/2026\/02\/silencio_71mm4-scaled.jpg","width":1804,"height":2560},{"@type":"BreadcrumbList","@id":"https:\/\/letrame.com\/catalogo\/producto\/silencio-2\/#breadcrumb","itemListElement":[{"@type":"ListItem","position":1,"name":"Portada","item":"https:\/\/letrame.com\/catalogo\/"},{"@type":"ListItem","position":2,"name":"Cat\u00e1logo","item":"https:\/\/letrame.com\/catalogo\/"},{"@type":"ListItem","position":3,"name":"Silencio"}]},{"@type":"WebSite","@id":"https:\/\/letrame.com\/catalogo\/#website","url":"https:\/\/letrame.com\/catalogo\/","name":"Catalogo | Letrame Grupo Editorial","description":"","publisher":{"@id":"https:\/\/letrame.com\/catalogo\/#organization"},"potentialAction":[{"@type":"SearchAction","target":{"@type":"EntryPoint","urlTemplate":"https:\/\/letrame.com\/catalogo\/?s={search_term_string}"},"query-input":{"@type":"PropertyValueSpecification","valueRequired":true,"valueName":"search_term_string"}}],"inLanguage":"es"},{"@type":"Organization","@id":"https:\/\/letrame.com\/catalogo\/#organization","name":"Catalogo | Letrame Grupo Editorial","url":"https:\/\/letrame.com\/catalogo\/","logo":{"@type":"ImageObject","inLanguage":"es","@id":"https:\/\/letrame.com\/catalogo\/#\/schema\/logo\/image\/","url":"https:\/\/letrame.com\/catalogo\/wp-content\/uploads\/2024\/03\/logo2.webp","contentUrl":"https:\/\/letrame.com\/catalogo\/wp-content\/uploads\/2024\/03\/logo2.webp","width":394,"height":128,"caption":"Catalogo | Letrame Grupo Editorial"},"image":{"@id":"https:\/\/letrame.com\/catalogo\/#\/schema\/logo\/image\/"}}]}},"_links":{"self":[{"href":"https:\/\/letrame.com\/catalogo\/wp-json\/wp\/v2\/product\/110925","targetHints":{"allow":["GET"]}}],"collection":[{"href":"https:\/\/letrame.com\/catalogo\/wp-json\/wp\/v2\/product"}],"about":[{"href":"https:\/\/letrame.com\/catalogo\/wp-json\/wp\/v2\/types\/product"}],"replies":[{"embeddable":true,"href":"https:\/\/letrame.com\/catalogo\/wp-json\/wp\/v2\/comments?post=110925"}],"acf:post":[{"embeddable":true,"href":"https:\/\/letrame.com\/catalogo\/wp-json\/wp\/v2\/author_book\/110924"}],"wp:featuredmedia":[{"embeddable":true,"href":"https:\/\/letrame.com\/catalogo\/wp-json\/wp\/v2\/media\/110928"}],"wp:attachment":[{"href":"https:\/\/letrame.com\/catalogo\/wp-json\/wp\/v2\/media?parent=110925"}],"wp:term":[{"taxonomy":"libro","embeddable":true,"href":"https:\/\/letrame.com\/catalogo\/wp-json\/wp\/v2\/libro?post=110925"},{"taxonomy":"product_brand","embeddable":true,"href":"https:\/\/letrame.com\/catalogo\/wp-json\/wp\/v2\/product_brand?post=110925"},{"taxonomy":"product_cat","embeddable":true,"href":"https:\/\/letrame.com\/catalogo\/wp-json\/wp\/v2\/product_cat?post=110925"},{"taxonomy":"product_tag","embeddable":true,"href":"https:\/\/letrame.com\/catalogo\/wp-json\/wp\/v2\/product_tag?post=110925"}],"curies":[{"name":"wp","href":"https:\/\/api.w.org\/{rel}","templated":true}]}}