{"id":110918,"date":"2026-02-18T13:21:44","date_gmt":"2026-02-18T12:21:44","guid":{"rendered":"https:\/\/letrame.com\/catalogo\/?post_type=product&#038;p=110918"},"modified":"2026-02-18T13:21:45","modified_gmt":"2026-02-18T12:21:45","slug":"los-anos-que-tarde-a-marte","status":"publish","type":"product","link":"https:\/\/letrame.com\/catalogo\/producto\/los-anos-que-tarde-a-marte\/","title":{"rendered":"Los a\u00f1os que tard\u00e9 a marte"},"content":{"rendered":"<p class=\"p1\"><b>ISBN:\u00a0<\/b>9791370126292<b><\/b><\/p>\n<p class=\"p1\"><b>T\u00edtulo:\u00a0<\/b>Los a\u00f1os que tard\u00e9 a marte<br \/>\n<b>Fecha:\u00a0<\/b>2025<br \/>\n<b>P\u00e1ginas:\u00a0<\/b>406<b><\/b><\/p>\n<p class=\"p1\"><b>SINOPSIS<\/b><\/p>\n<p>Alexandra es fot\u00f3grafa y cineasta. Su sensibilidad \u00fanica le permite percibir detalles que para la mayor\u00eda pasan desapercibidos, verdades que otros prefieren ignorar.<br \/>\nAs\u00ed es como siempre ha visto a Amalia: sin filtros, sin m\u00e1scaras, tal como realmente es. Amalia, actriz y modelo, aprendi\u00f3 a usar su belleza como un escudo perfecto para ocultar sus emociones y manipular el mundo a su favor. Ante todos logra enga\u00f1ar y salirse con la suya&#8230; excepto ante Alexandra.<br \/>\nPero&#8230; \u00bfpor qu\u00e9 no puede ocultarse frente a ella?<br \/>\nLa respuesta se encuentra en el pasado que las une: una historia de miradas que hablan m\u00e1s que las palabras, de amistades que se convierten en amores imposibles de olvidar, y de unos ojos color miel \u2014capaces de volverse rojizos como Marte\u2014 que guardan la clave de un reencuentro inevitable.<br \/>\nLos a\u00f1os que tard\u00e9 a Marte es un viaje al lugar m\u00e1s \u00edntimo de la memoria y del deseo. Porque, a veces, volver a amar requiere viajar hasta el lugar m\u00e1s lejano de uno mismo. A veces, se tarda a\u00f1os en volver&#8230; incluso a Marte.<br \/>\nJess Dos Reis naci\u00f3 el 22 de marzo de 1997 en Leticia, Colombia. Aunque no es escritora de profesi\u00f3n, es la redactora particular \u2014y sin paga\u2014 de su familia, que se beneficia de su amor por la literatura para pedirle poemas, cartas, cuentos, canciones y toda clase de escritos.<br \/>\nDesde peque\u00f1a escuchaba atentamente las historias que su abuela le contaba antes de dormir. Al aprender a leer, con un l\u00e1piz en la boca, comenz\u00f3 a escribir sus propias ideas en la soledad de su habitaci\u00f3n. Hoy, esos escritos secretos y olvidados, de tintas negras y borrosas, est\u00e1n listos para salir a la luz y mostrar su voz al mundo.<\/p>\n","protected":false},"excerpt":{"rendered":"<p class=\"p1\"><b>ISBN:\u00a0<\/b>9791370126292<b><\/b><\/p>\n<p class=\"p1\"><b>SINOPSIS<\/b><\/p>\n<p>Alexandra es fot\u00f3grafa y cineasta. Su sensibilidad \u00fanica le permite percibir detalles que para la mayor\u00eda pasan desapercibidos, verdades que otros prefieren ignorar.<br \/>\nAs\u00ed es como siempre ha visto a Amalia: sin filtros, sin m\u00e1scaras, tal como realmente es. Amalia, actriz y modelo, aprendi\u00f3 a usar su belleza como un escudo perfecto para ocultar sus emociones y manipular el mundo a su favor. Ante todos logra enga\u00f1ar y salirse con la suya&#8230; excepto ante Alexandra.<br \/>\nPero&#8230; \u00bfpor qu\u00e9 no puede ocultarse frente a ella?<br \/>\nLa respuesta se encuentra en el pasado que las une: una historia de miradas que hablan m\u00e1s que las palabras, de amistades que se convierten en amores imposibles de olvidar, y de unos ojos color miel \u2014capaces de volverse rojizos como Marte\u2014 que guardan la clave de un reencuentro inevitable.<br \/>\nLos a\u00f1os que tard\u00e9 a Marte es un viaje al lugar m\u00e1s \u00edntimo de la memoria y del deseo. Porque, a veces, volver a amar requiere viajar hasta el lugar m\u00e1s lejano de uno mismo. A veces, se tarda a\u00f1os en volver&#8230; incluso a Marte.<br \/>\nJess Dos Reis naci\u00f3 el 22 de marzo de 1997 en Leticia, Colombia. Aunque no es escritora de profesi\u00f3n, es la redactora particular \u2014y sin paga\u2014 de su familia, que se beneficia de su amor por la literatura para pedirle poemas, cartas, cuentos, canciones y toda clase de escritos.<br \/>\nDesde peque\u00f1a escuchaba atentamente las historias que su abuela le contaba antes de dormir. Al aprender a leer, con un l\u00e1piz en la boca, comenz\u00f3 a escribir sus propias ideas en la soledad de su habitaci\u00f3n. Hoy, esos escritos secretos y olvidados, de tintas negras y borrosas, est\u00e1n listos para salir a la luz y mostrar su voz al mundo.<\/p>\n","protected":false},"featured_media":110922,"comment_status":"open","ping_status":"closed","template":"","meta":{"_acf_changed":false},"libro":[],"product_brand":[],"product_cat":[47],"product_tag":[],"class_list":{"0":"post-110918","1":"product","2":"type-product","3":"status-publish","4":"has-post-thumbnail","6":"product_cat-ciencia-ficcion-misterio","8":"first","9":"instock","10":"shipping-taxable","11":"product-type-simple"},"acf":{"autor":[110919],"enlace_de_compra":"https:\/\/amzn.to\/3MBWPzZ"},"yoast_head":"<!-- This site is optimized with the Yoast SEO plugin v26.6 - https:\/\/yoast.com\/wordpress\/plugins\/seo\/ -->\n<title>Los a\u00f1os que tard\u00e9 a marte - Catalogo | Letrame Grupo Editorial<\/title>\n<meta name=\"robots\" content=\"index, follow, max-snippet:-1, max-image-preview:large, max-video-preview:-1\" \/>\n<link rel=\"canonical\" href=\"https:\/\/letrame.com\/catalogo\/producto\/los-anos-que-tarde-a-marte\/\" \/>\n<meta property=\"og:locale\" content=\"es_ES\" \/>\n<meta property=\"og:type\" content=\"article\" \/>\n<meta property=\"og:title\" content=\"Los a\u00f1os que tard\u00e9 a marte - Catalogo | Letrame Grupo Editorial\" \/>\n<meta property=\"og:description\" content=\"ISBN:\u00a09791370126292 SINOPSIS Alexandra es fot\u00f3grafa y cineasta. Su sensibilidad \u00fanica le permite percibir detalles que para la mayor\u00eda pasan desapercibidos, verdades que otros prefieren ignorar. As\u00ed es como siempre ha visto a Amalia: sin filtros, sin m\u00e1scaras, tal como realmente es. Amalia, actriz y modelo, aprendi\u00f3 a usar su belleza como un escudo perfecto para ocultar sus emociones y manipular el mundo a su favor. Ante todos logra enga\u00f1ar y salirse con la suya... excepto ante Alexandra. Pero... \u00bfpor qu\u00e9 no puede ocultarse frente a ella? La respuesta se encuentra en el pasado que las une: una historia de miradas que hablan m\u00e1s que las palabras, de amistades que se convierten en amores imposibles de olvidar, y de unos ojos color miel \u2014capaces de volverse rojizos como Marte\u2014 que guardan la clave de un reencuentro inevitable. Los a\u00f1os que tard\u00e9 a Marte es un viaje al lugar m\u00e1s \u00edntimo de la memoria y del deseo. Porque, a veces, volver a amar requiere viajar hasta el lugar m\u00e1s lejano de uno mismo. A veces, se tarda a\u00f1os en volver... incluso a Marte. Jess Dos Reis naci\u00f3 el 22 de marzo de 1997 en Leticia, Colombia. Aunque no es escritora de profesi\u00f3n, es la redactora particular \u2014y sin paga\u2014 de su familia, que se beneficia de su amor por la literatura para pedirle poemas, cartas, cuentos, canciones y toda clase de escritos. Desde peque\u00f1a escuchaba atentamente las historias que su abuela le contaba antes de dormir. Al aprender a leer, con un l\u00e1piz en la boca, comenz\u00f3 a escribir sus propias ideas en la soledad de su habitaci\u00f3n. Hoy, esos escritos secretos y olvidados, de tintas negras y borrosas, est\u00e1n listos para salir a la luz y mostrar su voz al mundo.\" \/>\n<meta property=\"og:url\" content=\"https:\/\/letrame.com\/catalogo\/producto\/los-anos-que-tarde-a-marte\/\" \/>\n<meta property=\"og:site_name\" content=\"Catalogo | Letrame Grupo Editorial\" \/>\n<meta property=\"article:modified_time\" content=\"2026-02-18T12:21:45+00:00\" \/>\n<meta property=\"og:image\" content=\"https:\/\/letrame.com\/catalogo\/wp-content\/uploads\/2026\/02\/losanosquetarde_1979mm3-scaled.jpg\" \/>\n\t<meta property=\"og:image:width\" content=\"1669\" \/>\n\t<meta property=\"og:image:height\" content=\"2560\" \/>\n\t<meta property=\"og:image:type\" content=\"image\/jpeg\" \/>\n<meta name=\"twitter:card\" content=\"summary_large_image\" \/>\n<meta name=\"twitter:label1\" content=\"Tiempo de lectura\" \/>\n\t<meta name=\"twitter:data1\" content=\"2 minutos\" \/>\n<script type=\"application\/ld+json\" class=\"yoast-schema-graph\">{\"@context\":\"https:\/\/schema.org\",\"@graph\":[{\"@type\":\"WebPage\",\"@id\":\"https:\/\/letrame.com\/catalogo\/producto\/los-anos-que-tarde-a-marte\/\",\"url\":\"https:\/\/letrame.com\/catalogo\/producto\/los-anos-que-tarde-a-marte\/\",\"name\":\"Los a\u00f1os que tard\u00e9 a marte - Catalogo | Letrame Grupo Editorial\",\"isPartOf\":{\"@id\":\"https:\/\/letrame.com\/catalogo\/#website\"},\"primaryImageOfPage\":{\"@id\":\"https:\/\/letrame.com\/catalogo\/producto\/los-anos-que-tarde-a-marte\/#primaryimage\"},\"image\":{\"@id\":\"https:\/\/letrame.com\/catalogo\/producto\/los-anos-que-tarde-a-marte\/#primaryimage\"},\"thumbnailUrl\":\"https:\/\/letrame.com\/catalogo\/wp-content\/uploads\/2026\/02\/losanosquetarde_1979mm3-scaled.jpg\",\"datePublished\":\"2026-02-18T12:21:44+00:00\",\"dateModified\":\"2026-02-18T12:21:45+00:00\",\"breadcrumb\":{\"@id\":\"https:\/\/letrame.com\/catalogo\/producto\/los-anos-que-tarde-a-marte\/#breadcrumb\"},\"inLanguage\":\"es\",\"potentialAction\":[{\"@type\":\"ReadAction\",\"target\":[\"https:\/\/letrame.com\/catalogo\/producto\/los-anos-que-tarde-a-marte\/\"]}]},{\"@type\":\"ImageObject\",\"inLanguage\":\"es\",\"@id\":\"https:\/\/letrame.com\/catalogo\/producto\/los-anos-que-tarde-a-marte\/#primaryimage\",\"url\":\"https:\/\/letrame.com\/catalogo\/wp-content\/uploads\/2026\/02\/losanosquetarde_1979mm3-scaled.jpg\",\"contentUrl\":\"https:\/\/letrame.com\/catalogo\/wp-content\/uploads\/2026\/02\/losanosquetarde_1979mm3-scaled.jpg\",\"width\":1669,\"height\":2560},{\"@type\":\"BreadcrumbList\",\"@id\":\"https:\/\/letrame.com\/catalogo\/producto\/los-anos-que-tarde-a-marte\/#breadcrumb\",\"itemListElement\":[{\"@type\":\"ListItem\",\"position\":1,\"name\":\"Portada\",\"item\":\"https:\/\/letrame.com\/catalogo\/\"},{\"@type\":\"ListItem\",\"position\":2,\"name\":\"Cat\u00e1logo\",\"item\":\"https:\/\/letrame.com\/catalogo\/\"},{\"@type\":\"ListItem\",\"position\":3,\"name\":\"Los a\u00f1os que tard\u00e9 a marte\"}]},{\"@type\":\"WebSite\",\"@id\":\"https:\/\/letrame.com\/catalogo\/#website\",\"url\":\"https:\/\/letrame.com\/catalogo\/\",\"name\":\"Catalogo | Letrame Grupo Editorial\",\"description\":\"\",\"publisher\":{\"@id\":\"https:\/\/letrame.com\/catalogo\/#organization\"},\"potentialAction\":[{\"@type\":\"SearchAction\",\"target\":{\"@type\":\"EntryPoint\",\"urlTemplate\":\"https:\/\/letrame.com\/catalogo\/?s={search_term_string}\"},\"query-input\":{\"@type\":\"PropertyValueSpecification\",\"valueRequired\":true,\"valueName\":\"search_term_string\"}}],\"inLanguage\":\"es\"},{\"@type\":\"Organization\",\"@id\":\"https:\/\/letrame.com\/catalogo\/#organization\",\"name\":\"Catalogo | Letrame Grupo Editorial\",\"url\":\"https:\/\/letrame.com\/catalogo\/\",\"logo\":{\"@type\":\"ImageObject\",\"inLanguage\":\"es\",\"@id\":\"https:\/\/letrame.com\/catalogo\/#\/schema\/logo\/image\/\",\"url\":\"https:\/\/letrame.com\/catalogo\/wp-content\/uploads\/2024\/03\/logo2.webp\",\"contentUrl\":\"https:\/\/letrame.com\/catalogo\/wp-content\/uploads\/2024\/03\/logo2.webp\",\"width\":394,\"height\":128,\"caption\":\"Catalogo | Letrame Grupo Editorial\"},\"image\":{\"@id\":\"https:\/\/letrame.com\/catalogo\/#\/schema\/logo\/image\/\"}}]}<\/script>\n<!-- \/ Yoast SEO plugin. -->","yoast_head_json":{"title":"Los a\u00f1os que tard\u00e9 a marte - Catalogo | Letrame Grupo Editorial","robots":{"index":"index","follow":"follow","max-snippet":"max-snippet:-1","max-image-preview":"max-image-preview:large","max-video-preview":"max-video-preview:-1"},"canonical":"https:\/\/letrame.com\/catalogo\/producto\/los-anos-que-tarde-a-marte\/","og_locale":"es_ES","og_type":"article","og_title":"Los a\u00f1os que tard\u00e9 a marte - Catalogo | Letrame Grupo Editorial","og_description":"ISBN:\u00a09791370126292 SINOPSIS Alexandra es fot\u00f3grafa y cineasta. Su sensibilidad \u00fanica le permite percibir detalles que para la mayor\u00eda pasan desapercibidos, verdades que otros prefieren ignorar. As\u00ed es como siempre ha visto a Amalia: sin filtros, sin m\u00e1scaras, tal como realmente es. Amalia, actriz y modelo, aprendi\u00f3 a usar su belleza como un escudo perfecto para ocultar sus emociones y manipular el mundo a su favor. Ante todos logra enga\u00f1ar y salirse con la suya... excepto ante Alexandra. Pero... \u00bfpor qu\u00e9 no puede ocultarse frente a ella? La respuesta se encuentra en el pasado que las une: una historia de miradas que hablan m\u00e1s que las palabras, de amistades que se convierten en amores imposibles de olvidar, y de unos ojos color miel \u2014capaces de volverse rojizos como Marte\u2014 que guardan la clave de un reencuentro inevitable. Los a\u00f1os que tard\u00e9 a Marte es un viaje al lugar m\u00e1s \u00edntimo de la memoria y del deseo. Porque, a veces, volver a amar requiere viajar hasta el lugar m\u00e1s lejano de uno mismo. A veces, se tarda a\u00f1os en volver... incluso a Marte. Jess Dos Reis naci\u00f3 el 22 de marzo de 1997 en Leticia, Colombia. Aunque no es escritora de profesi\u00f3n, es la redactora particular \u2014y sin paga\u2014 de su familia, que se beneficia de su amor por la literatura para pedirle poemas, cartas, cuentos, canciones y toda clase de escritos. Desde peque\u00f1a escuchaba atentamente las historias que su abuela le contaba antes de dormir. Al aprender a leer, con un l\u00e1piz en la boca, comenz\u00f3 a escribir sus propias ideas en la soledad de su habitaci\u00f3n. Hoy, esos escritos secretos y olvidados, de tintas negras y borrosas, est\u00e1n listos para salir a la luz y mostrar su voz al mundo.","og_url":"https:\/\/letrame.com\/catalogo\/producto\/los-anos-que-tarde-a-marte\/","og_site_name":"Catalogo | Letrame Grupo Editorial","article_modified_time":"2026-02-18T12:21:45+00:00","og_image":[{"width":1669,"height":2560,"url":"https:\/\/letrame.com\/catalogo\/wp-content\/uploads\/2026\/02\/losanosquetarde_1979mm3-scaled.jpg","type":"image\/jpeg"}],"twitter_card":"summary_large_image","twitter_misc":{"Tiempo de lectura":"2 minutos"},"schema":{"@context":"https:\/\/schema.org","@graph":[{"@type":"WebPage","@id":"https:\/\/letrame.com\/catalogo\/producto\/los-anos-que-tarde-a-marte\/","url":"https:\/\/letrame.com\/catalogo\/producto\/los-anos-que-tarde-a-marte\/","name":"Los a\u00f1os que tard\u00e9 a marte - Catalogo | Letrame Grupo Editorial","isPartOf":{"@id":"https:\/\/letrame.com\/catalogo\/#website"},"primaryImageOfPage":{"@id":"https:\/\/letrame.com\/catalogo\/producto\/los-anos-que-tarde-a-marte\/#primaryimage"},"image":{"@id":"https:\/\/letrame.com\/catalogo\/producto\/los-anos-que-tarde-a-marte\/#primaryimage"},"thumbnailUrl":"https:\/\/letrame.com\/catalogo\/wp-content\/uploads\/2026\/02\/losanosquetarde_1979mm3-scaled.jpg","datePublished":"2026-02-18T12:21:44+00:00","dateModified":"2026-02-18T12:21:45+00:00","breadcrumb":{"@id":"https:\/\/letrame.com\/catalogo\/producto\/los-anos-que-tarde-a-marte\/#breadcrumb"},"inLanguage":"es","potentialAction":[{"@type":"ReadAction","target":["https:\/\/letrame.com\/catalogo\/producto\/los-anos-que-tarde-a-marte\/"]}]},{"@type":"ImageObject","inLanguage":"es","@id":"https:\/\/letrame.com\/catalogo\/producto\/los-anos-que-tarde-a-marte\/#primaryimage","url":"https:\/\/letrame.com\/catalogo\/wp-content\/uploads\/2026\/02\/losanosquetarde_1979mm3-scaled.jpg","contentUrl":"https:\/\/letrame.com\/catalogo\/wp-content\/uploads\/2026\/02\/losanosquetarde_1979mm3-scaled.jpg","width":1669,"height":2560},{"@type":"BreadcrumbList","@id":"https:\/\/letrame.com\/catalogo\/producto\/los-anos-que-tarde-a-marte\/#breadcrumb","itemListElement":[{"@type":"ListItem","position":1,"name":"Portada","item":"https:\/\/letrame.com\/catalogo\/"},{"@type":"ListItem","position":2,"name":"Cat\u00e1logo","item":"https:\/\/letrame.com\/catalogo\/"},{"@type":"ListItem","position":3,"name":"Los a\u00f1os que tard\u00e9 a marte"}]},{"@type":"WebSite","@id":"https:\/\/letrame.com\/catalogo\/#website","url":"https:\/\/letrame.com\/catalogo\/","name":"Catalogo | Letrame Grupo Editorial","description":"","publisher":{"@id":"https:\/\/letrame.com\/catalogo\/#organization"},"potentialAction":[{"@type":"SearchAction","target":{"@type":"EntryPoint","urlTemplate":"https:\/\/letrame.com\/catalogo\/?s={search_term_string}"},"query-input":{"@type":"PropertyValueSpecification","valueRequired":true,"valueName":"search_term_string"}}],"inLanguage":"es"},{"@type":"Organization","@id":"https:\/\/letrame.com\/catalogo\/#organization","name":"Catalogo | Letrame Grupo Editorial","url":"https:\/\/letrame.com\/catalogo\/","logo":{"@type":"ImageObject","inLanguage":"es","@id":"https:\/\/letrame.com\/catalogo\/#\/schema\/logo\/image\/","url":"https:\/\/letrame.com\/catalogo\/wp-content\/uploads\/2024\/03\/logo2.webp","contentUrl":"https:\/\/letrame.com\/catalogo\/wp-content\/uploads\/2024\/03\/logo2.webp","width":394,"height":128,"caption":"Catalogo | Letrame Grupo Editorial"},"image":{"@id":"https:\/\/letrame.com\/catalogo\/#\/schema\/logo\/image\/"}}]}},"_links":{"self":[{"href":"https:\/\/letrame.com\/catalogo\/wp-json\/wp\/v2\/product\/110918","targetHints":{"allow":["GET"]}}],"collection":[{"href":"https:\/\/letrame.com\/catalogo\/wp-json\/wp\/v2\/product"}],"about":[{"href":"https:\/\/letrame.com\/catalogo\/wp-json\/wp\/v2\/types\/product"}],"replies":[{"embeddable":true,"href":"https:\/\/letrame.com\/catalogo\/wp-json\/wp\/v2\/comments?post=110918"}],"acf:post":[{"embeddable":true,"href":"https:\/\/letrame.com\/catalogo\/wp-json\/wp\/v2\/author_book\/110919"}],"wp:featuredmedia":[{"embeddable":true,"href":"https:\/\/letrame.com\/catalogo\/wp-json\/wp\/v2\/media\/110922"}],"wp:attachment":[{"href":"https:\/\/letrame.com\/catalogo\/wp-json\/wp\/v2\/media?parent=110918"}],"wp:term":[{"taxonomy":"libro","embeddable":true,"href":"https:\/\/letrame.com\/catalogo\/wp-json\/wp\/v2\/libro?post=110918"},{"taxonomy":"product_brand","embeddable":true,"href":"https:\/\/letrame.com\/catalogo\/wp-json\/wp\/v2\/product_brand?post=110918"},{"taxonomy":"product_cat","embeddable":true,"href":"https:\/\/letrame.com\/catalogo\/wp-json\/wp\/v2\/product_cat?post=110918"},{"taxonomy":"product_tag","embeddable":true,"href":"https:\/\/letrame.com\/catalogo\/wp-json\/wp\/v2\/product_tag?post=110918"}],"curies":[{"name":"wp","href":"https:\/\/api.w.org\/{rel}","templated":true}]}}