{"id":110913,"date":"2026-02-18T13:12:24","date_gmt":"2026-02-18T12:12:24","guid":{"rendered":"https:\/\/letrame.com\/catalogo\/?post_type=product&#038;p=110913"},"modified":"2026-02-18T13:12:26","modified_gmt":"2026-02-18T12:12:26","slug":"koa-y-la-mariposa-azul","status":"publish","type":"product","link":"https:\/\/letrame.com\/catalogo\/producto\/koa-y-la-mariposa-azul\/","title":{"rendered":"Koa y la mariposa azul"},"content":{"rendered":"<p class=\"p1\"><b>ISBN: <\/b>9791370291457<b><\/b><\/p>\n<p class=\"p1\"><b>T\u00edtulo: <\/b>Koa y la mariposa azul<br \/>\n<b>Fecha:<\/b>2025<br \/>\n<b>P\u00e1ginas:\u00a0<\/b>62<b><\/b><\/p>\n<p class=\"p1\"><b>SINOPSIS<\/b><\/p>\n<p>KOA es un perro especial: inquieto, so\u00f1ador y con un coraz\u00f3n enorme. Un d\u00eda decide seguir a una misteriosa mariposa azul y, sin darse cuenta, comienza un viaje lleno de magia y sorpresas.<br \/>\nEn su viaje, KOA conocera a un pulpo con aparato dental que cuenta chistes bajo el agua, a una gallina dorada parlanchina que no teme al fr\u00edo, y a un oso barbudo con orejeras que prepara la sopa m\u00e1s calentita de la Ant\u00e1rtida. Cada amigo nuevo le mostrar\u00e1 que la aventura no est\u00e1 solo en perseguir mariposas, sino en compartir risas, compa\u00f1\u00eda y esperanza.<br \/>\nR\u00ede, sue\u00f1a y acompa\u00f1a a KOA por paisajes imposibles. Porque cuando buscas una mariposa azul, nunca sabes si encontrar\u00e1s magia, amistad&#8230;<br \/>\no una monta\u00f1a de algod\u00f3n de az\u00facar<br \/>\nUn cuento tierno y lleno de imaginaci\u00f3n, pensado para lectores a partir de 8 a\u00f1os que quieran viajar con KOA hacia un mundo donde todo es posible.<\/p>\n","protected":false},"excerpt":{"rendered":"<p class=\"p1\"><b>ISBN: <\/b>9791370291457<b><\/b><\/p>\n<p class=\"p1\"><b>SINOPSIS<\/b><\/p>\n<p>KOA es un perro especial: inquieto, so\u00f1ador y con un coraz\u00f3n enorme. Un d\u00eda decide seguir a una misteriosa mariposa azul y, sin darse cuenta, comienza un viaje lleno de magia y sorpresas.<br \/>\nEn su viaje, KOA conocera a un pulpo con aparato dental que cuenta chistes bajo el agua, a una gallina dorada parlanchina que no teme al fr\u00edo, y a un oso barbudo con orejeras que prepara la sopa m\u00e1s calentita de la Ant\u00e1rtida. Cada amigo nuevo le mostrar\u00e1 que la aventura no est\u00e1 solo en perseguir mariposas, sino en compartir risas, compa\u00f1\u00eda y esperanza.<br \/>\nR\u00ede, sue\u00f1a y acompa\u00f1a a KOA por paisajes imposibles. Porque cuando buscas una mariposa azul, nunca sabes si encontrar\u00e1s magia, amistad&#8230;<br \/>\no una monta\u00f1a de algod\u00f3n de az\u00facar<br \/>\nUn cuento tierno y lleno de imaginaci\u00f3n, pensado para lectores a partir de 8 a\u00f1os que quieran viajar con KOA hacia un mundo donde todo es posible.<\/p>\n","protected":false},"featured_media":110916,"comment_status":"open","ping_status":"closed","template":"","meta":{"_acf_changed":false},"libro":[],"product_brand":[],"product_cat":[47],"product_tag":[],"class_list":{"0":"post-110913","1":"product","2":"type-product","3":"status-publish","4":"has-post-thumbnail","6":"product_cat-ciencia-ficcion-misterio","8":"first","9":"instock","10":"shipping-taxable","11":"product-type-simple"},"acf":{"autor":[110909],"enlace_de_compra":"https:\/\/amzn.to\/3OmMxnV"},"yoast_head":"<!-- This site is optimized with the Yoast SEO plugin v26.6 - https:\/\/yoast.com\/wordpress\/plugins\/seo\/ -->\n<title>Koa y la mariposa azul - Catalogo | Letrame Grupo Editorial<\/title>\n<meta name=\"robots\" content=\"index, follow, max-snippet:-1, max-image-preview:large, max-video-preview:-1\" \/>\n<link rel=\"canonical\" href=\"https:\/\/letrame.com\/catalogo\/producto\/koa-y-la-mariposa-azul\/\" \/>\n<meta property=\"og:locale\" content=\"es_ES\" \/>\n<meta property=\"og:type\" content=\"article\" \/>\n<meta property=\"og:title\" content=\"Koa y la mariposa azul - Catalogo | Letrame Grupo Editorial\" \/>\n<meta property=\"og:description\" content=\"ISBN: 9791370291457 SINOPSIS KOA es un perro especial: inquieto, so\u00f1ador y con un coraz\u00f3n enorme. Un d\u00eda decide seguir a una misteriosa mariposa azul y, sin darse cuenta, comienza un viaje lleno de magia y sorpresas. En su viaje, KOA conocera a un pulpo con aparato dental que cuenta chistes bajo el agua, a una gallina dorada parlanchina que no teme al fr\u00edo, y a un oso barbudo con orejeras que prepara la sopa m\u00e1s calentita de la Ant\u00e1rtida. Cada amigo nuevo le mostrar\u00e1 que la aventura no est\u00e1 solo en perseguir mariposas, sino en compartir risas, compa\u00f1\u00eda y esperanza. R\u00ede, sue\u00f1a y acompa\u00f1a a KOA por paisajes imposibles. Porque cuando buscas una mariposa azul, nunca sabes si encontrar\u00e1s magia, amistad... o una monta\u00f1a de algod\u00f3n de az\u00facar Un cuento tierno y lleno de imaginaci\u00f3n, pensado para lectores a partir de 8 a\u00f1os que quieran viajar con KOA hacia un mundo donde todo es posible.\" \/>\n<meta property=\"og:url\" content=\"https:\/\/letrame.com\/catalogo\/producto\/koa-y-la-mariposa-azul\/\" \/>\n<meta property=\"og:site_name\" content=\"Catalogo | Letrame Grupo Editorial\" \/>\n<meta property=\"article:modified_time\" content=\"2026-02-18T12:12:26+00:00\" \/>\n<meta property=\"og:image\" content=\"https:\/\/letrame.com\/catalogo\/wp-content\/uploads\/2026\/02\/koaylamariposa_339mm4-scaled.jpg\" \/>\n\t<meta property=\"og:image:width\" content=\"1814\" \/>\n\t<meta property=\"og:image:height\" content=\"2560\" \/>\n\t<meta property=\"og:image:type\" content=\"image\/jpeg\" \/>\n<meta name=\"twitter:card\" content=\"summary_large_image\" \/>\n<meta name=\"twitter:label1\" content=\"Tiempo de lectura\" \/>\n\t<meta name=\"twitter:data1\" content=\"1 minuto\" \/>\n<script type=\"application\/ld+json\" class=\"yoast-schema-graph\">{\"@context\":\"https:\/\/schema.org\",\"@graph\":[{\"@type\":\"WebPage\",\"@id\":\"https:\/\/letrame.com\/catalogo\/producto\/koa-y-la-mariposa-azul\/\",\"url\":\"https:\/\/letrame.com\/catalogo\/producto\/koa-y-la-mariposa-azul\/\",\"name\":\"Koa y la mariposa azul - Catalogo | Letrame Grupo Editorial\",\"isPartOf\":{\"@id\":\"https:\/\/letrame.com\/catalogo\/#website\"},\"primaryImageOfPage\":{\"@id\":\"https:\/\/letrame.com\/catalogo\/producto\/koa-y-la-mariposa-azul\/#primaryimage\"},\"image\":{\"@id\":\"https:\/\/letrame.com\/catalogo\/producto\/koa-y-la-mariposa-azul\/#primaryimage\"},\"thumbnailUrl\":\"https:\/\/letrame.com\/catalogo\/wp-content\/uploads\/2026\/02\/koaylamariposa_339mm4-scaled.jpg\",\"datePublished\":\"2026-02-18T12:12:24+00:00\",\"dateModified\":\"2026-02-18T12:12:26+00:00\",\"breadcrumb\":{\"@id\":\"https:\/\/letrame.com\/catalogo\/producto\/koa-y-la-mariposa-azul\/#breadcrumb\"},\"inLanguage\":\"es\",\"potentialAction\":[{\"@type\":\"ReadAction\",\"target\":[\"https:\/\/letrame.com\/catalogo\/producto\/koa-y-la-mariposa-azul\/\"]}]},{\"@type\":\"ImageObject\",\"inLanguage\":\"es\",\"@id\":\"https:\/\/letrame.com\/catalogo\/producto\/koa-y-la-mariposa-azul\/#primaryimage\",\"url\":\"https:\/\/letrame.com\/catalogo\/wp-content\/uploads\/2026\/02\/koaylamariposa_339mm4-scaled.jpg\",\"contentUrl\":\"https:\/\/letrame.com\/catalogo\/wp-content\/uploads\/2026\/02\/koaylamariposa_339mm4-scaled.jpg\",\"width\":1814,\"height\":2560},{\"@type\":\"BreadcrumbList\",\"@id\":\"https:\/\/letrame.com\/catalogo\/producto\/koa-y-la-mariposa-azul\/#breadcrumb\",\"itemListElement\":[{\"@type\":\"ListItem\",\"position\":1,\"name\":\"Portada\",\"item\":\"https:\/\/letrame.com\/catalogo\/\"},{\"@type\":\"ListItem\",\"position\":2,\"name\":\"Cat\u00e1logo\",\"item\":\"https:\/\/letrame.com\/catalogo\/\"},{\"@type\":\"ListItem\",\"position\":3,\"name\":\"Koa y la mariposa azul\"}]},{\"@type\":\"WebSite\",\"@id\":\"https:\/\/letrame.com\/catalogo\/#website\",\"url\":\"https:\/\/letrame.com\/catalogo\/\",\"name\":\"Catalogo | Letrame Grupo Editorial\",\"description\":\"\",\"publisher\":{\"@id\":\"https:\/\/letrame.com\/catalogo\/#organization\"},\"potentialAction\":[{\"@type\":\"SearchAction\",\"target\":{\"@type\":\"EntryPoint\",\"urlTemplate\":\"https:\/\/letrame.com\/catalogo\/?s={search_term_string}\"},\"query-input\":{\"@type\":\"PropertyValueSpecification\",\"valueRequired\":true,\"valueName\":\"search_term_string\"}}],\"inLanguage\":\"es\"},{\"@type\":\"Organization\",\"@id\":\"https:\/\/letrame.com\/catalogo\/#organization\",\"name\":\"Catalogo | Letrame Grupo Editorial\",\"url\":\"https:\/\/letrame.com\/catalogo\/\",\"logo\":{\"@type\":\"ImageObject\",\"inLanguage\":\"es\",\"@id\":\"https:\/\/letrame.com\/catalogo\/#\/schema\/logo\/image\/\",\"url\":\"https:\/\/letrame.com\/catalogo\/wp-content\/uploads\/2024\/03\/logo2.webp\",\"contentUrl\":\"https:\/\/letrame.com\/catalogo\/wp-content\/uploads\/2024\/03\/logo2.webp\",\"width\":394,\"height\":128,\"caption\":\"Catalogo | Letrame Grupo Editorial\"},\"image\":{\"@id\":\"https:\/\/letrame.com\/catalogo\/#\/schema\/logo\/image\/\"}}]}<\/script>\n<!-- \/ Yoast SEO plugin. -->","yoast_head_json":{"title":"Koa y la mariposa azul - Catalogo | Letrame Grupo Editorial","robots":{"index":"index","follow":"follow","max-snippet":"max-snippet:-1","max-image-preview":"max-image-preview:large","max-video-preview":"max-video-preview:-1"},"canonical":"https:\/\/letrame.com\/catalogo\/producto\/koa-y-la-mariposa-azul\/","og_locale":"es_ES","og_type":"article","og_title":"Koa y la mariposa azul - Catalogo | Letrame Grupo Editorial","og_description":"ISBN: 9791370291457 SINOPSIS KOA es un perro especial: inquieto, so\u00f1ador y con un coraz\u00f3n enorme. Un d\u00eda decide seguir a una misteriosa mariposa azul y, sin darse cuenta, comienza un viaje lleno de magia y sorpresas. En su viaje, KOA conocera a un pulpo con aparato dental que cuenta chistes bajo el agua, a una gallina dorada parlanchina que no teme al fr\u00edo, y a un oso barbudo con orejeras que prepara la sopa m\u00e1s calentita de la Ant\u00e1rtida. Cada amigo nuevo le mostrar\u00e1 que la aventura no est\u00e1 solo en perseguir mariposas, sino en compartir risas, compa\u00f1\u00eda y esperanza. R\u00ede, sue\u00f1a y acompa\u00f1a a KOA por paisajes imposibles. Porque cuando buscas una mariposa azul, nunca sabes si encontrar\u00e1s magia, amistad... o una monta\u00f1a de algod\u00f3n de az\u00facar Un cuento tierno y lleno de imaginaci\u00f3n, pensado para lectores a partir de 8 a\u00f1os que quieran viajar con KOA hacia un mundo donde todo es posible.","og_url":"https:\/\/letrame.com\/catalogo\/producto\/koa-y-la-mariposa-azul\/","og_site_name":"Catalogo | Letrame Grupo Editorial","article_modified_time":"2026-02-18T12:12:26+00:00","og_image":[{"width":1814,"height":2560,"url":"https:\/\/letrame.com\/catalogo\/wp-content\/uploads\/2026\/02\/koaylamariposa_339mm4-scaled.jpg","type":"image\/jpeg"}],"twitter_card":"summary_large_image","twitter_misc":{"Tiempo de lectura":"1 minuto"},"schema":{"@context":"https:\/\/schema.org","@graph":[{"@type":"WebPage","@id":"https:\/\/letrame.com\/catalogo\/producto\/koa-y-la-mariposa-azul\/","url":"https:\/\/letrame.com\/catalogo\/producto\/koa-y-la-mariposa-azul\/","name":"Koa y la mariposa azul - Catalogo | Letrame Grupo Editorial","isPartOf":{"@id":"https:\/\/letrame.com\/catalogo\/#website"},"primaryImageOfPage":{"@id":"https:\/\/letrame.com\/catalogo\/producto\/koa-y-la-mariposa-azul\/#primaryimage"},"image":{"@id":"https:\/\/letrame.com\/catalogo\/producto\/koa-y-la-mariposa-azul\/#primaryimage"},"thumbnailUrl":"https:\/\/letrame.com\/catalogo\/wp-content\/uploads\/2026\/02\/koaylamariposa_339mm4-scaled.jpg","datePublished":"2026-02-18T12:12:24+00:00","dateModified":"2026-02-18T12:12:26+00:00","breadcrumb":{"@id":"https:\/\/letrame.com\/catalogo\/producto\/koa-y-la-mariposa-azul\/#breadcrumb"},"inLanguage":"es","potentialAction":[{"@type":"ReadAction","target":["https:\/\/letrame.com\/catalogo\/producto\/koa-y-la-mariposa-azul\/"]}]},{"@type":"ImageObject","inLanguage":"es","@id":"https:\/\/letrame.com\/catalogo\/producto\/koa-y-la-mariposa-azul\/#primaryimage","url":"https:\/\/letrame.com\/catalogo\/wp-content\/uploads\/2026\/02\/koaylamariposa_339mm4-scaled.jpg","contentUrl":"https:\/\/letrame.com\/catalogo\/wp-content\/uploads\/2026\/02\/koaylamariposa_339mm4-scaled.jpg","width":1814,"height":2560},{"@type":"BreadcrumbList","@id":"https:\/\/letrame.com\/catalogo\/producto\/koa-y-la-mariposa-azul\/#breadcrumb","itemListElement":[{"@type":"ListItem","position":1,"name":"Portada","item":"https:\/\/letrame.com\/catalogo\/"},{"@type":"ListItem","position":2,"name":"Cat\u00e1logo","item":"https:\/\/letrame.com\/catalogo\/"},{"@type":"ListItem","position":3,"name":"Koa y la mariposa azul"}]},{"@type":"WebSite","@id":"https:\/\/letrame.com\/catalogo\/#website","url":"https:\/\/letrame.com\/catalogo\/","name":"Catalogo | Letrame Grupo Editorial","description":"","publisher":{"@id":"https:\/\/letrame.com\/catalogo\/#organization"},"potentialAction":[{"@type":"SearchAction","target":{"@type":"EntryPoint","urlTemplate":"https:\/\/letrame.com\/catalogo\/?s={search_term_string}"},"query-input":{"@type":"PropertyValueSpecification","valueRequired":true,"valueName":"search_term_string"}}],"inLanguage":"es"},{"@type":"Organization","@id":"https:\/\/letrame.com\/catalogo\/#organization","name":"Catalogo | Letrame Grupo Editorial","url":"https:\/\/letrame.com\/catalogo\/","logo":{"@type":"ImageObject","inLanguage":"es","@id":"https:\/\/letrame.com\/catalogo\/#\/schema\/logo\/image\/","url":"https:\/\/letrame.com\/catalogo\/wp-content\/uploads\/2024\/03\/logo2.webp","contentUrl":"https:\/\/letrame.com\/catalogo\/wp-content\/uploads\/2024\/03\/logo2.webp","width":394,"height":128,"caption":"Catalogo | Letrame Grupo Editorial"},"image":{"@id":"https:\/\/letrame.com\/catalogo\/#\/schema\/logo\/image\/"}}]}},"_links":{"self":[{"href":"https:\/\/letrame.com\/catalogo\/wp-json\/wp\/v2\/product\/110913","targetHints":{"allow":["GET"]}}],"collection":[{"href":"https:\/\/letrame.com\/catalogo\/wp-json\/wp\/v2\/product"}],"about":[{"href":"https:\/\/letrame.com\/catalogo\/wp-json\/wp\/v2\/types\/product"}],"replies":[{"embeddable":true,"href":"https:\/\/letrame.com\/catalogo\/wp-json\/wp\/v2\/comments?post=110913"}],"acf:post":[{"embeddable":true,"href":"https:\/\/letrame.com\/catalogo\/wp-json\/wp\/v2\/author_book\/110909"}],"wp:featuredmedia":[{"embeddable":true,"href":"https:\/\/letrame.com\/catalogo\/wp-json\/wp\/v2\/media\/110916"}],"wp:attachment":[{"href":"https:\/\/letrame.com\/catalogo\/wp-json\/wp\/v2\/media?parent=110913"}],"wp:term":[{"taxonomy":"libro","embeddable":true,"href":"https:\/\/letrame.com\/catalogo\/wp-json\/wp\/v2\/libro?post=110913"},{"taxonomy":"product_brand","embeddable":true,"href":"https:\/\/letrame.com\/catalogo\/wp-json\/wp\/v2\/product_brand?post=110913"},{"taxonomy":"product_cat","embeddable":true,"href":"https:\/\/letrame.com\/catalogo\/wp-json\/wp\/v2\/product_cat?post=110913"},{"taxonomy":"product_tag","embeddable":true,"href":"https:\/\/letrame.com\/catalogo\/wp-json\/wp\/v2\/product_tag?post=110913"}],"curies":[{"name":"wp","href":"https:\/\/api.w.org\/{rel}","templated":true}]}}