{"id":110856,"date":"2026-01-15T09:42:45","date_gmt":"2026-01-15T08:42:45","guid":{"rendered":"https:\/\/letrame.com\/catalogo\/?post_type=product&#038;p=110856"},"modified":"2026-01-15T09:42:45","modified_gmt":"2026-01-15T08:42:45","slug":"picotazos-con-sonidos-propios","status":"publish","type":"product","link":"https:\/\/letrame.com\/catalogo\/producto\/picotazos-con-sonidos-propios\/","title":{"rendered":"Picotazos con sonidos propios"},"content":{"rendered":"<p class=\"p1\"><b>ISBN: <\/b>979-13-7029-132-7<\/p>\n<p class=\"p1\"><b>T\u00edtulo:\u00a0<\/b>Picotazos con sonidos propios<br \/>\n<b>Fecha:\u00a0<\/b>2025<br \/>\n<b>P\u00e1ginas:\u00a0<\/b>338<b><\/b><\/p>\n<p class=\"p1\"><b>SINOPSIS<\/b><\/p>\n<p>Este libro recopila los veinticinco episodios de la serie de podcast El picotazo. A trav\u00e9s de los mismos se divulga cient\u00edficamente aspectos de la protecci\u00f3n de cultivos, particularmente el control de plagas. Tambi\u00e9n sobre alimentos y producci\u00f3n animal, biotecnolog\u00eda y adaptaci\u00f3n al cambio clim\u00e1tico en agricultura. Todo ello con m\u00fasicas y pinceladas culturales intercaladas en las muchas entrevistas a investigadores.<\/p>\n","protected":false},"excerpt":{"rendered":"<p class=\"p1\"><b>ISBN: <\/b>979-13-7029-132-7<\/p>\n<p class=\"p1\"><b>SINOPSIS<\/b><\/p>\n<p>Este libro recopila los veinticinco episodios de la serie de podcast El picotazo. A trav\u00e9s de los mismos se divulga cient\u00edficamente aspectos de la protecci\u00f3n de cultivos, particularmente el control de plagas. Tambi\u00e9n sobre alimentos y producci\u00f3n animal, biotecnolog\u00eda y adaptaci\u00f3n al cambio clim\u00e1tico en agricultura. Todo ello con m\u00fasicas y pinceladas culturales intercaladas en las muchas entrevistas a investigadores.<\/p>\n","protected":false},"featured_media":110864,"comment_status":"open","ping_status":"closed","template":"","meta":{"_acf_changed":false},"libro":[],"product_brand":[],"product_cat":[122],"product_tag":[],"class_list":{"0":"post-110856","1":"product","2":"type-product","3":"status-publish","4":"has-post-thumbnail","6":"product_cat-ciencias-naturales","8":"first","9":"instock","10":"shipping-taxable","11":"product-type-simple"},"acf":{"autor":[110857,110860],"enlace_de_compra":"https:\/\/www.amazon.es\/PICOTAZOS-SONIDOS-PROPIOS-sobrevuela-laboratorios-ebook\/dp\/B0FRTBGRDR\/ref=sr_1_1?__mk_es_ES=%C3%85M%C3%85%C5%BD%C3%95%C3%91&crid=2ZL9ATIKD1SDY&dib=eyJ2IjoiMSJ9.pFcPZp7md4I7BA2A-CAK0A.my8IhCcVAjYzVMrVfGJ9gS9HZggpi4OdHOVz2T2K-HQ&dib_tag=se&keywords=Picotazos+con+sonidos+propios&qid=1768395021&sprefix=picotazos+con+sonidos+propios%2Caps%2C248&sr=8-1"},"yoast_head":"<!-- This site is optimized with the Yoast SEO plugin v26.6 - https:\/\/yoast.com\/wordpress\/plugins\/seo\/ -->\n<title>Picotazos con sonidos propios - Catalogo | Letrame Grupo Editorial<\/title>\n<meta name=\"robots\" content=\"index, follow, max-snippet:-1, max-image-preview:large, max-video-preview:-1\" \/>\n<link rel=\"canonical\" href=\"https:\/\/letrame.com\/catalogo\/producto\/picotazos-con-sonidos-propios\/\" \/>\n<meta property=\"og:locale\" content=\"es_ES\" \/>\n<meta property=\"og:type\" content=\"article\" \/>\n<meta property=\"og:title\" content=\"Picotazos con sonidos propios - Catalogo | Letrame Grupo Editorial\" \/>\n<meta property=\"og:description\" content=\"ISBN: 979-13-7029-132-7 SINOPSIS Este libro recopila los veinticinco episodios de la serie de podcast El picotazo. A trav\u00e9s de los mismos se divulga cient\u00edficamente aspectos de la protecci\u00f3n de cultivos, particularmente el control de plagas. Tambi\u00e9n sobre alimentos y producci\u00f3n animal, biotecnolog\u00eda y adaptaci\u00f3n al cambio clim\u00e1tico en agricultura. Todo ello con m\u00fasicas y pinceladas culturales intercaladas en las muchas entrevistas a investigadores.\" \/>\n<meta property=\"og:url\" content=\"https:\/\/letrame.com\/catalogo\/producto\/picotazos-con-sonidos-propios\/\" \/>\n<meta property=\"og:site_name\" content=\"Catalogo | Letrame Grupo Editorial\" \/>\n<meta property=\"og:image\" content=\"https:\/\/letrame.com\/catalogo\/wp-content\/uploads\/2026\/01\/picotazos_1573mm4-scaled.jpg\" \/>\n\t<meta property=\"og:image:width\" content=\"1814\" \/>\n\t<meta property=\"og:image:height\" content=\"2560\" \/>\n\t<meta property=\"og:image:type\" content=\"image\/jpeg\" \/>\n<meta name=\"twitter:card\" content=\"summary_large_image\" \/>\n<meta name=\"twitter:label1\" content=\"Tiempo de lectura\" \/>\n\t<meta name=\"twitter:data1\" content=\"1 minuto\" \/>\n<script type=\"application\/ld+json\" class=\"yoast-schema-graph\">{\"@context\":\"https:\/\/schema.org\",\"@graph\":[{\"@type\":\"WebPage\",\"@id\":\"https:\/\/letrame.com\/catalogo\/producto\/picotazos-con-sonidos-propios\/\",\"url\":\"https:\/\/letrame.com\/catalogo\/producto\/picotazos-con-sonidos-propios\/\",\"name\":\"Picotazos con sonidos propios - Catalogo | Letrame Grupo Editorial\",\"isPartOf\":{\"@id\":\"https:\/\/letrame.com\/catalogo\/#website\"},\"primaryImageOfPage\":{\"@id\":\"https:\/\/letrame.com\/catalogo\/producto\/picotazos-con-sonidos-propios\/#primaryimage\"},\"image\":{\"@id\":\"https:\/\/letrame.com\/catalogo\/producto\/picotazos-con-sonidos-propios\/#primaryimage\"},\"thumbnailUrl\":\"https:\/\/letrame.com\/catalogo\/wp-content\/uploads\/2026\/01\/picotazos_1573mm4-scaled.jpg\",\"datePublished\":\"2026-01-15T08:42:45+00:00\",\"breadcrumb\":{\"@id\":\"https:\/\/letrame.com\/catalogo\/producto\/picotazos-con-sonidos-propios\/#breadcrumb\"},\"inLanguage\":\"es\",\"potentialAction\":[{\"@type\":\"ReadAction\",\"target\":[\"https:\/\/letrame.com\/catalogo\/producto\/picotazos-con-sonidos-propios\/\"]}]},{\"@type\":\"ImageObject\",\"inLanguage\":\"es\",\"@id\":\"https:\/\/letrame.com\/catalogo\/producto\/picotazos-con-sonidos-propios\/#primaryimage\",\"url\":\"https:\/\/letrame.com\/catalogo\/wp-content\/uploads\/2026\/01\/picotazos_1573mm4-scaled.jpg\",\"contentUrl\":\"https:\/\/letrame.com\/catalogo\/wp-content\/uploads\/2026\/01\/picotazos_1573mm4-scaled.jpg\",\"width\":1814,\"height\":2560},{\"@type\":\"BreadcrumbList\",\"@id\":\"https:\/\/letrame.com\/catalogo\/producto\/picotazos-con-sonidos-propios\/#breadcrumb\",\"itemListElement\":[{\"@type\":\"ListItem\",\"position\":1,\"name\":\"Portada\",\"item\":\"https:\/\/letrame.com\/catalogo\/\"},{\"@type\":\"ListItem\",\"position\":2,\"name\":\"Cat\u00e1logo\",\"item\":\"https:\/\/letrame.com\/catalogo\/\"},{\"@type\":\"ListItem\",\"position\":3,\"name\":\"Picotazos con sonidos propios\"}]},{\"@type\":\"WebSite\",\"@id\":\"https:\/\/letrame.com\/catalogo\/#website\",\"url\":\"https:\/\/letrame.com\/catalogo\/\",\"name\":\"Catalogo | Letrame Grupo Editorial\",\"description\":\"\",\"publisher\":{\"@id\":\"https:\/\/letrame.com\/catalogo\/#organization\"},\"potentialAction\":[{\"@type\":\"SearchAction\",\"target\":{\"@type\":\"EntryPoint\",\"urlTemplate\":\"https:\/\/letrame.com\/catalogo\/?s={search_term_string}\"},\"query-input\":{\"@type\":\"PropertyValueSpecification\",\"valueRequired\":true,\"valueName\":\"search_term_string\"}}],\"inLanguage\":\"es\"},{\"@type\":\"Organization\",\"@id\":\"https:\/\/letrame.com\/catalogo\/#organization\",\"name\":\"Catalogo | Letrame Grupo Editorial\",\"url\":\"https:\/\/letrame.com\/catalogo\/\",\"logo\":{\"@type\":\"ImageObject\",\"inLanguage\":\"es\",\"@id\":\"https:\/\/letrame.com\/catalogo\/#\/schema\/logo\/image\/\",\"url\":\"https:\/\/letrame.com\/catalogo\/wp-content\/uploads\/2024\/03\/logo2.webp\",\"contentUrl\":\"https:\/\/letrame.com\/catalogo\/wp-content\/uploads\/2024\/03\/logo2.webp\",\"width\":394,\"height\":128,\"caption\":\"Catalogo | Letrame Grupo Editorial\"},\"image\":{\"@id\":\"https:\/\/letrame.com\/catalogo\/#\/schema\/logo\/image\/\"}}]}<\/script>\n<!-- \/ Yoast SEO plugin. -->","yoast_head_json":{"title":"Picotazos con sonidos propios - Catalogo | Letrame Grupo Editorial","robots":{"index":"index","follow":"follow","max-snippet":"max-snippet:-1","max-image-preview":"max-image-preview:large","max-video-preview":"max-video-preview:-1"},"canonical":"https:\/\/letrame.com\/catalogo\/producto\/picotazos-con-sonidos-propios\/","og_locale":"es_ES","og_type":"article","og_title":"Picotazos con sonidos propios - Catalogo | Letrame Grupo Editorial","og_description":"ISBN: 979-13-7029-132-7 SINOPSIS Este libro recopila los veinticinco episodios de la serie de podcast El picotazo. A trav\u00e9s de los mismos se divulga cient\u00edficamente aspectos de la protecci\u00f3n de cultivos, particularmente el control de plagas. Tambi\u00e9n sobre alimentos y producci\u00f3n animal, biotecnolog\u00eda y adaptaci\u00f3n al cambio clim\u00e1tico en agricultura. Todo ello con m\u00fasicas y pinceladas culturales intercaladas en las muchas entrevistas a investigadores.","og_url":"https:\/\/letrame.com\/catalogo\/producto\/picotazos-con-sonidos-propios\/","og_site_name":"Catalogo | Letrame Grupo Editorial","og_image":[{"width":1814,"height":2560,"url":"https:\/\/letrame.com\/catalogo\/wp-content\/uploads\/2026\/01\/picotazos_1573mm4-scaled.jpg","type":"image\/jpeg"}],"twitter_card":"summary_large_image","twitter_misc":{"Tiempo de lectura":"1 minuto"},"schema":{"@context":"https:\/\/schema.org","@graph":[{"@type":"WebPage","@id":"https:\/\/letrame.com\/catalogo\/producto\/picotazos-con-sonidos-propios\/","url":"https:\/\/letrame.com\/catalogo\/producto\/picotazos-con-sonidos-propios\/","name":"Picotazos con sonidos propios - Catalogo | Letrame Grupo Editorial","isPartOf":{"@id":"https:\/\/letrame.com\/catalogo\/#website"},"primaryImageOfPage":{"@id":"https:\/\/letrame.com\/catalogo\/producto\/picotazos-con-sonidos-propios\/#primaryimage"},"image":{"@id":"https:\/\/letrame.com\/catalogo\/producto\/picotazos-con-sonidos-propios\/#primaryimage"},"thumbnailUrl":"https:\/\/letrame.com\/catalogo\/wp-content\/uploads\/2026\/01\/picotazos_1573mm4-scaled.jpg","datePublished":"2026-01-15T08:42:45+00:00","breadcrumb":{"@id":"https:\/\/letrame.com\/catalogo\/producto\/picotazos-con-sonidos-propios\/#breadcrumb"},"inLanguage":"es","potentialAction":[{"@type":"ReadAction","target":["https:\/\/letrame.com\/catalogo\/producto\/picotazos-con-sonidos-propios\/"]}]},{"@type":"ImageObject","inLanguage":"es","@id":"https:\/\/letrame.com\/catalogo\/producto\/picotazos-con-sonidos-propios\/#primaryimage","url":"https:\/\/letrame.com\/catalogo\/wp-content\/uploads\/2026\/01\/picotazos_1573mm4-scaled.jpg","contentUrl":"https:\/\/letrame.com\/catalogo\/wp-content\/uploads\/2026\/01\/picotazos_1573mm4-scaled.jpg","width":1814,"height":2560},{"@type":"BreadcrumbList","@id":"https:\/\/letrame.com\/catalogo\/producto\/picotazos-con-sonidos-propios\/#breadcrumb","itemListElement":[{"@type":"ListItem","position":1,"name":"Portada","item":"https:\/\/letrame.com\/catalogo\/"},{"@type":"ListItem","position":2,"name":"Cat\u00e1logo","item":"https:\/\/letrame.com\/catalogo\/"},{"@type":"ListItem","position":3,"name":"Picotazos con sonidos propios"}]},{"@type":"WebSite","@id":"https:\/\/letrame.com\/catalogo\/#website","url":"https:\/\/letrame.com\/catalogo\/","name":"Catalogo | Letrame Grupo Editorial","description":"","publisher":{"@id":"https:\/\/letrame.com\/catalogo\/#organization"},"potentialAction":[{"@type":"SearchAction","target":{"@type":"EntryPoint","urlTemplate":"https:\/\/letrame.com\/catalogo\/?s={search_term_string}"},"query-input":{"@type":"PropertyValueSpecification","valueRequired":true,"valueName":"search_term_string"}}],"inLanguage":"es"},{"@type":"Organization","@id":"https:\/\/letrame.com\/catalogo\/#organization","name":"Catalogo | Letrame Grupo Editorial","url":"https:\/\/letrame.com\/catalogo\/","logo":{"@type":"ImageObject","inLanguage":"es","@id":"https:\/\/letrame.com\/catalogo\/#\/schema\/logo\/image\/","url":"https:\/\/letrame.com\/catalogo\/wp-content\/uploads\/2024\/03\/logo2.webp","contentUrl":"https:\/\/letrame.com\/catalogo\/wp-content\/uploads\/2024\/03\/logo2.webp","width":394,"height":128,"caption":"Catalogo | Letrame Grupo Editorial"},"image":{"@id":"https:\/\/letrame.com\/catalogo\/#\/schema\/logo\/image\/"}}]}},"_links":{"self":[{"href":"https:\/\/letrame.com\/catalogo\/wp-json\/wp\/v2\/product\/110856","targetHints":{"allow":["GET"]}}],"collection":[{"href":"https:\/\/letrame.com\/catalogo\/wp-json\/wp\/v2\/product"}],"about":[{"href":"https:\/\/letrame.com\/catalogo\/wp-json\/wp\/v2\/types\/product"}],"replies":[{"embeddable":true,"href":"https:\/\/letrame.com\/catalogo\/wp-json\/wp\/v2\/comments?post=110856"}],"acf:post":[{"embeddable":true,"href":"https:\/\/letrame.com\/catalogo\/wp-json\/wp\/v2\/author_book\/110860"},{"embeddable":true,"href":"https:\/\/letrame.com\/catalogo\/wp-json\/wp\/v2\/author_book\/110857"}],"wp:featuredmedia":[{"embeddable":true,"href":"https:\/\/letrame.com\/catalogo\/wp-json\/wp\/v2\/media\/110864"}],"wp:attachment":[{"href":"https:\/\/letrame.com\/catalogo\/wp-json\/wp\/v2\/media?parent=110856"}],"wp:term":[{"taxonomy":"libro","embeddable":true,"href":"https:\/\/letrame.com\/catalogo\/wp-json\/wp\/v2\/libro?post=110856"},{"taxonomy":"product_brand","embeddable":true,"href":"https:\/\/letrame.com\/catalogo\/wp-json\/wp\/v2\/product_brand?post=110856"},{"taxonomy":"product_cat","embeddable":true,"href":"https:\/\/letrame.com\/catalogo\/wp-json\/wp\/v2\/product_cat?post=110856"},{"taxonomy":"product_tag","embeddable":true,"href":"https:\/\/letrame.com\/catalogo\/wp-json\/wp\/v2\/product_tag?post=110856"}],"curies":[{"name":"wp","href":"https:\/\/api.w.org\/{rel}","templated":true}]}}