{"id":110845,"date":"2026-01-13T12:49:56","date_gmt":"2026-01-13T11:49:56","guid":{"rendered":"https:\/\/letrame.com\/catalogo\/?post_type=product&#038;p=110845"},"modified":"2026-01-13T12:49:56","modified_gmt":"2026-01-13T11:49:56","slug":"la-forma-de-lo-invisible","status":"publish","type":"product","link":"https:\/\/letrame.com\/catalogo\/producto\/la-forma-de-lo-invisible\/","title":{"rendered":"La forma de lo invisible"},"content":{"rendered":"<p class=\"p1\"><b>ISBN: <\/b>978-84-1089-455-6<\/p>\n<p class=\"p1\"><b>T\u00edtulo:\u00a0<\/b>La forma de lo invisible<br \/>\n<b>Fecha:\u00a0<\/b>2024<br \/>\n<b>P\u00e1ginas:\u00a0<\/b>106<b><\/b><\/p>\n<p class=\"p1\"><b>SINOPSIS<\/b><b><\/b><\/p>\n<p>Todo en este universo vibra, incluso t\u00fa. En cada respiraci\u00f3n, en<\/p>\n<p>cada emoci\u00f3n, en cada pensamiento, hay una energ\u00eda que te co-<\/p>\n<p>necta con lo que te rodea. Este libro es una puerta hacia tu interior,<\/p>\n<p>hacia esa chispa que a veces olvidamos pero que siempre est\u00e1 ah\u00ed,<\/p>\n<p>esperando que la despiertes.<\/p>\n<p>Aqu\u00ed encontrar\u00e1s algo m\u00e1s que palabras: herramientas para sentirte<\/p>\n<p>en paz contigo mismo, ideas para reconectar con tu esencia y re-<\/p>\n<p>flexiones que pueden ayudarte a entender mejor qui\u00e9n eres. Desde<\/p>\n<p>la magia de los mantras hasta la memoria del agua, pasando por el<\/p>\n<p>poder de tus emociones y la luz de tus chakras, cada p\u00e1gina busca<\/p>\n<p>recordarte que en tu interior est\u00e1 la respuesta que necesitas.<\/p>\n<p>No se trata de aprender algo nuevo, sino de recordar lo que siem-<\/p>\n<p>pre ha estado en ti. Este es un abrazo, un susurro que te dice: est\u00e1s<\/p>\n<p>aqu\u00ed, eres luz, eres amor. Porque al final, todo comienza contigo.<\/p>\n","protected":false},"excerpt":{"rendered":"<p class=\"p1\"><b>ISBN: <\/b>978-84-1089-455-6<\/p>\n<p class=\"p1\"><b>SINOPSIS<\/b><b><\/b><\/p>\n<p>Todo en este universo vibra, incluso t\u00fa. En cada respiraci\u00f3n, en<\/p>\n<p>cada emoci\u00f3n, en cada pensamiento, hay una energ\u00eda que te co-<\/p>\n<p>necta con lo que te rodea. Este libro es una puerta hacia tu interior,<\/p>\n<p>hacia esa chispa que a veces olvidamos pero que siempre est\u00e1 ah\u00ed,<\/p>\n<p>esperando que la despiertes.<\/p>\n<p>Aqu\u00ed encontrar\u00e1s algo m\u00e1s que palabras: herramientas para sentirte<\/p>\n<p>en paz contigo mismo, ideas para reconectar con tu esencia y re-<\/p>\n<p>flexiones que pueden ayudarte a entender mejor qui\u00e9n eres. Desde<\/p>\n<p>la magia de los mantras hasta la memoria del agua, pasando por el<\/p>\n<p>poder de tus emociones y la luz de tus chakras, cada p\u00e1gina busca<\/p>\n<p>recordarte que en tu interior est\u00e1 la respuesta que necesitas.<\/p>\n<p>No se trata de aprender algo nuevo, sino de recordar lo que siem-<\/p>\n<p>pre ha estado en ti. Este es un abrazo, un susurro que te dice: est\u00e1s<\/p>\n<p>aqu\u00ed, eres luz, eres amor. Porque al final, todo comienza contigo.<\/p>\n","protected":false},"featured_media":110849,"comment_status":"open","ping_status":"closed","template":"","meta":{"_acf_changed":false},"libro":[],"product_brand":[],"product_cat":[18],"product_tag":[],"class_list":{"0":"post-110845","1":"product","2":"type-product","3":"status-publish","4":"has-post-thumbnail","6":"product_cat-autoayuda","8":"first","9":"instock","10":"shipping-taxable","11":"product-type-simple"},"acf":{"autor":[110844],"enlace_de_compra":"https:\/\/www.amazon.es\/forma-invisible-01-Autoayuda\/dp\/8410894556\/ref=sr_1_2?__mk_es_ES=%C3%85M%C3%85%C5%BD%C3%95%C3%91&crid=1ZPIORESRZREQ&dib=eyJ2IjoiMSJ9.TpsSV5niJp5ouqJwCT2J1cZ0sZ12aKiOnfP-1q8khrrj5xpG2UozEGmCmIXd_6BhEEeUrO108KUHiQqFPVp4uP4m-pR8AuPDJj-yz5RDOTWRmAr7WYkD_a_G_xg7KdTu7gTensmFXblltao14HjJROeX5CbHAtlqYV0M-1kndmMrRdtg9u4NG-rRIKe3tN2F.B4fD3K4hjpn6xnFQqFkS_ehMXAkQPS5v7VjJYNHjc00&dib_tag=se&keywords=La+forma+de+lo+invisible&qid=1768304854&sprefix=la+forma+de+lo+invisible%2Caps%2C259&sr=8-2"},"yoast_head":"<!-- This site is optimized with the Yoast SEO plugin v26.6 - https:\/\/yoast.com\/wordpress\/plugins\/seo\/ -->\n<title>La forma de lo invisible - Catalogo | Letrame Grupo Editorial<\/title>\n<meta name=\"robots\" content=\"index, follow, max-snippet:-1, max-image-preview:large, max-video-preview:-1\" \/>\n<link rel=\"canonical\" href=\"https:\/\/letrame.com\/catalogo\/producto\/la-forma-de-lo-invisible\/\" \/>\n<meta property=\"og:locale\" content=\"es_ES\" \/>\n<meta property=\"og:type\" content=\"article\" \/>\n<meta property=\"og:title\" content=\"La forma de lo invisible - Catalogo | Letrame Grupo Editorial\" \/>\n<meta property=\"og:description\" content=\"ISBN: 978-84-1089-455-6 SINOPSIS Todo en este universo vibra, incluso t\u00fa. En cada respiraci\u00f3n, en  cada emoci\u00f3n, en cada pensamiento, hay una energ\u00eda que te co-  necta con lo que te rodea. Este libro es una puerta hacia tu interior,  hacia esa chispa que a veces olvidamos pero que siempre est\u00e1 ah\u00ed,  esperando que la despiertes.  Aqu\u00ed encontrar\u00e1s algo m\u00e1s que palabras: herramientas para sentirte  en paz contigo mismo, ideas para reconectar con tu esencia y re-  flexiones que pueden ayudarte a entender mejor qui\u00e9n eres. Desde  la magia de los mantras hasta la memoria del agua, pasando por el  poder de tus emociones y la luz de tus chakras, cada p\u00e1gina busca  recordarte que en tu interior est\u00e1 la respuesta que necesitas.  No se trata de aprender algo nuevo, sino de recordar lo que siem-  pre ha estado en ti. Este es un abrazo, un susurro que te dice: est\u00e1s  aqu\u00ed, eres luz, eres amor. Porque al final, todo comienza contigo.\" \/>\n<meta property=\"og:url\" content=\"https:\/\/letrame.com\/catalogo\/producto\/la-forma-de-lo-invisible\/\" \/>\n<meta property=\"og:site_name\" content=\"Catalogo | Letrame Grupo Editorial\" \/>\n<meta property=\"og:image\" content=\"https:\/\/letrame.com\/catalogo\/wp-content\/uploads\/2026\/01\/laformadelo_658mm4.jpg\" \/>\n\t<meta property=\"og:image:width\" content=\"1772\" \/>\n\t<meta property=\"og:image:height\" content=\"2480\" \/>\n\t<meta property=\"og:image:type\" content=\"image\/jpeg\" \/>\n<meta name=\"twitter:card\" content=\"summary_large_image\" \/>\n<meta name=\"twitter:label1\" content=\"Tiempo de lectura\" \/>\n\t<meta name=\"twitter:data1\" content=\"1 minuto\" \/>\n<script type=\"application\/ld+json\" class=\"yoast-schema-graph\">{\"@context\":\"https:\/\/schema.org\",\"@graph\":[{\"@type\":\"WebPage\",\"@id\":\"https:\/\/letrame.com\/catalogo\/producto\/la-forma-de-lo-invisible\/\",\"url\":\"https:\/\/letrame.com\/catalogo\/producto\/la-forma-de-lo-invisible\/\",\"name\":\"La forma de lo invisible - Catalogo | Letrame Grupo Editorial\",\"isPartOf\":{\"@id\":\"https:\/\/letrame.com\/catalogo\/#website\"},\"primaryImageOfPage\":{\"@id\":\"https:\/\/letrame.com\/catalogo\/producto\/la-forma-de-lo-invisible\/#primaryimage\"},\"image\":{\"@id\":\"https:\/\/letrame.com\/catalogo\/producto\/la-forma-de-lo-invisible\/#primaryimage\"},\"thumbnailUrl\":\"https:\/\/letrame.com\/catalogo\/wp-content\/uploads\/2026\/01\/laformadelo_658mm4.jpg\",\"datePublished\":\"2026-01-13T11:49:56+00:00\",\"breadcrumb\":{\"@id\":\"https:\/\/letrame.com\/catalogo\/producto\/la-forma-de-lo-invisible\/#breadcrumb\"},\"inLanguage\":\"es\",\"potentialAction\":[{\"@type\":\"ReadAction\",\"target\":[\"https:\/\/letrame.com\/catalogo\/producto\/la-forma-de-lo-invisible\/\"]}]},{\"@type\":\"ImageObject\",\"inLanguage\":\"es\",\"@id\":\"https:\/\/letrame.com\/catalogo\/producto\/la-forma-de-lo-invisible\/#primaryimage\",\"url\":\"https:\/\/letrame.com\/catalogo\/wp-content\/uploads\/2026\/01\/laformadelo_658mm4.jpg\",\"contentUrl\":\"https:\/\/letrame.com\/catalogo\/wp-content\/uploads\/2026\/01\/laformadelo_658mm4.jpg\",\"width\":1772,\"height\":2480},{\"@type\":\"BreadcrumbList\",\"@id\":\"https:\/\/letrame.com\/catalogo\/producto\/la-forma-de-lo-invisible\/#breadcrumb\",\"itemListElement\":[{\"@type\":\"ListItem\",\"position\":1,\"name\":\"Portada\",\"item\":\"https:\/\/letrame.com\/catalogo\/\"},{\"@type\":\"ListItem\",\"position\":2,\"name\":\"Cat\u00e1logo\",\"item\":\"https:\/\/letrame.com\/catalogo\/\"},{\"@type\":\"ListItem\",\"position\":3,\"name\":\"La forma de lo invisible\"}]},{\"@type\":\"WebSite\",\"@id\":\"https:\/\/letrame.com\/catalogo\/#website\",\"url\":\"https:\/\/letrame.com\/catalogo\/\",\"name\":\"Catalogo | Letrame Grupo Editorial\",\"description\":\"\",\"publisher\":{\"@id\":\"https:\/\/letrame.com\/catalogo\/#organization\"},\"potentialAction\":[{\"@type\":\"SearchAction\",\"target\":{\"@type\":\"EntryPoint\",\"urlTemplate\":\"https:\/\/letrame.com\/catalogo\/?s={search_term_string}\"},\"query-input\":{\"@type\":\"PropertyValueSpecification\",\"valueRequired\":true,\"valueName\":\"search_term_string\"}}],\"inLanguage\":\"es\"},{\"@type\":\"Organization\",\"@id\":\"https:\/\/letrame.com\/catalogo\/#organization\",\"name\":\"Catalogo | Letrame Grupo Editorial\",\"url\":\"https:\/\/letrame.com\/catalogo\/\",\"logo\":{\"@type\":\"ImageObject\",\"inLanguage\":\"es\",\"@id\":\"https:\/\/letrame.com\/catalogo\/#\/schema\/logo\/image\/\",\"url\":\"https:\/\/letrame.com\/catalogo\/wp-content\/uploads\/2024\/03\/logo2.webp\",\"contentUrl\":\"https:\/\/letrame.com\/catalogo\/wp-content\/uploads\/2024\/03\/logo2.webp\",\"width\":394,\"height\":128,\"caption\":\"Catalogo | Letrame Grupo Editorial\"},\"image\":{\"@id\":\"https:\/\/letrame.com\/catalogo\/#\/schema\/logo\/image\/\"}}]}<\/script>\n<!-- \/ Yoast SEO plugin. -->","yoast_head_json":{"title":"La forma de lo invisible - Catalogo | Letrame Grupo Editorial","robots":{"index":"index","follow":"follow","max-snippet":"max-snippet:-1","max-image-preview":"max-image-preview:large","max-video-preview":"max-video-preview:-1"},"canonical":"https:\/\/letrame.com\/catalogo\/producto\/la-forma-de-lo-invisible\/","og_locale":"es_ES","og_type":"article","og_title":"La forma de lo invisible - Catalogo | Letrame Grupo Editorial","og_description":"ISBN: 978-84-1089-455-6 SINOPSIS Todo en este universo vibra, incluso t\u00fa. En cada respiraci\u00f3n, en  cada emoci\u00f3n, en cada pensamiento, hay una energ\u00eda que te co-  necta con lo que te rodea. Este libro es una puerta hacia tu interior,  hacia esa chispa que a veces olvidamos pero que siempre est\u00e1 ah\u00ed,  esperando que la despiertes.  Aqu\u00ed encontrar\u00e1s algo m\u00e1s que palabras: herramientas para sentirte  en paz contigo mismo, ideas para reconectar con tu esencia y re-  flexiones que pueden ayudarte a entender mejor qui\u00e9n eres. Desde  la magia de los mantras hasta la memoria del agua, pasando por el  poder de tus emociones y la luz de tus chakras, cada p\u00e1gina busca  recordarte que en tu interior est\u00e1 la respuesta que necesitas.  No se trata de aprender algo nuevo, sino de recordar lo que siem-  pre ha estado en ti. Este es un abrazo, un susurro que te dice: est\u00e1s  aqu\u00ed, eres luz, eres amor. Porque al final, todo comienza contigo.","og_url":"https:\/\/letrame.com\/catalogo\/producto\/la-forma-de-lo-invisible\/","og_site_name":"Catalogo | Letrame Grupo Editorial","og_image":[{"width":1772,"height":2480,"url":"https:\/\/letrame.com\/catalogo\/wp-content\/uploads\/2026\/01\/laformadelo_658mm4.jpg","type":"image\/jpeg"}],"twitter_card":"summary_large_image","twitter_misc":{"Tiempo de lectura":"1 minuto"},"schema":{"@context":"https:\/\/schema.org","@graph":[{"@type":"WebPage","@id":"https:\/\/letrame.com\/catalogo\/producto\/la-forma-de-lo-invisible\/","url":"https:\/\/letrame.com\/catalogo\/producto\/la-forma-de-lo-invisible\/","name":"La forma de lo invisible - Catalogo | Letrame Grupo Editorial","isPartOf":{"@id":"https:\/\/letrame.com\/catalogo\/#website"},"primaryImageOfPage":{"@id":"https:\/\/letrame.com\/catalogo\/producto\/la-forma-de-lo-invisible\/#primaryimage"},"image":{"@id":"https:\/\/letrame.com\/catalogo\/producto\/la-forma-de-lo-invisible\/#primaryimage"},"thumbnailUrl":"https:\/\/letrame.com\/catalogo\/wp-content\/uploads\/2026\/01\/laformadelo_658mm4.jpg","datePublished":"2026-01-13T11:49:56+00:00","breadcrumb":{"@id":"https:\/\/letrame.com\/catalogo\/producto\/la-forma-de-lo-invisible\/#breadcrumb"},"inLanguage":"es","potentialAction":[{"@type":"ReadAction","target":["https:\/\/letrame.com\/catalogo\/producto\/la-forma-de-lo-invisible\/"]}]},{"@type":"ImageObject","inLanguage":"es","@id":"https:\/\/letrame.com\/catalogo\/producto\/la-forma-de-lo-invisible\/#primaryimage","url":"https:\/\/letrame.com\/catalogo\/wp-content\/uploads\/2026\/01\/laformadelo_658mm4.jpg","contentUrl":"https:\/\/letrame.com\/catalogo\/wp-content\/uploads\/2026\/01\/laformadelo_658mm4.jpg","width":1772,"height":2480},{"@type":"BreadcrumbList","@id":"https:\/\/letrame.com\/catalogo\/producto\/la-forma-de-lo-invisible\/#breadcrumb","itemListElement":[{"@type":"ListItem","position":1,"name":"Portada","item":"https:\/\/letrame.com\/catalogo\/"},{"@type":"ListItem","position":2,"name":"Cat\u00e1logo","item":"https:\/\/letrame.com\/catalogo\/"},{"@type":"ListItem","position":3,"name":"La forma de lo invisible"}]},{"@type":"WebSite","@id":"https:\/\/letrame.com\/catalogo\/#website","url":"https:\/\/letrame.com\/catalogo\/","name":"Catalogo | Letrame Grupo Editorial","description":"","publisher":{"@id":"https:\/\/letrame.com\/catalogo\/#organization"},"potentialAction":[{"@type":"SearchAction","target":{"@type":"EntryPoint","urlTemplate":"https:\/\/letrame.com\/catalogo\/?s={search_term_string}"},"query-input":{"@type":"PropertyValueSpecification","valueRequired":true,"valueName":"search_term_string"}}],"inLanguage":"es"},{"@type":"Organization","@id":"https:\/\/letrame.com\/catalogo\/#organization","name":"Catalogo | Letrame Grupo Editorial","url":"https:\/\/letrame.com\/catalogo\/","logo":{"@type":"ImageObject","inLanguage":"es","@id":"https:\/\/letrame.com\/catalogo\/#\/schema\/logo\/image\/","url":"https:\/\/letrame.com\/catalogo\/wp-content\/uploads\/2024\/03\/logo2.webp","contentUrl":"https:\/\/letrame.com\/catalogo\/wp-content\/uploads\/2024\/03\/logo2.webp","width":394,"height":128,"caption":"Catalogo | Letrame Grupo Editorial"},"image":{"@id":"https:\/\/letrame.com\/catalogo\/#\/schema\/logo\/image\/"}}]}},"_links":{"self":[{"href":"https:\/\/letrame.com\/catalogo\/wp-json\/wp\/v2\/product\/110845","targetHints":{"allow":["GET"]}}],"collection":[{"href":"https:\/\/letrame.com\/catalogo\/wp-json\/wp\/v2\/product"}],"about":[{"href":"https:\/\/letrame.com\/catalogo\/wp-json\/wp\/v2\/types\/product"}],"replies":[{"embeddable":true,"href":"https:\/\/letrame.com\/catalogo\/wp-json\/wp\/v2\/comments?post=110845"}],"acf:post":[{"embeddable":true,"href":"https:\/\/letrame.com\/catalogo\/wp-json\/wp\/v2\/author_book\/110844"}],"wp:featuredmedia":[{"embeddable":true,"href":"https:\/\/letrame.com\/catalogo\/wp-json\/wp\/v2\/media\/110849"}],"wp:attachment":[{"href":"https:\/\/letrame.com\/catalogo\/wp-json\/wp\/v2\/media?parent=110845"}],"wp:term":[{"taxonomy":"libro","embeddable":true,"href":"https:\/\/letrame.com\/catalogo\/wp-json\/wp\/v2\/libro?post=110845"},{"taxonomy":"product_brand","embeddable":true,"href":"https:\/\/letrame.com\/catalogo\/wp-json\/wp\/v2\/product_brand?post=110845"},{"taxonomy":"product_cat","embeddable":true,"href":"https:\/\/letrame.com\/catalogo\/wp-json\/wp\/v2\/product_cat?post=110845"},{"taxonomy":"product_tag","embeddable":true,"href":"https:\/\/letrame.com\/catalogo\/wp-json\/wp\/v2\/product_tag?post=110845"}],"curies":[{"name":"wp","href":"https:\/\/api.w.org\/{rel}","templated":true}]}}