{"id":110837,"date":"2026-01-13T12:19:21","date_gmt":"2026-01-13T11:19:21","guid":{"rendered":"https:\/\/letrame.com\/catalogo\/?post_type=product&#038;p=110837"},"modified":"2026-01-13T12:19:21","modified_gmt":"2026-01-13T11:19:21","slug":"los-hijos-del-sol","status":"publish","type":"product","link":"https:\/\/letrame.com\/catalogo\/producto\/los-hijos-del-sol\/","title":{"rendered":"Los hijos del sol"},"content":{"rendered":"<p class=\"p1\"><b>ISBN:\u00a0 <\/b>978-84-1089-511-9<\/p>\n<p class=\"p1\"><b>T\u00edtulo:\u00a0<\/b>Los hijos del sol<br \/>\n<b>Fecha:\u00a0<\/b>2024<br \/>\n<b>P\u00e1ginas:\u00a0<\/b>356<b><\/b><\/p>\n<p class=\"p1\"><b>SINOPSIS<\/b><\/p>\n<p>Bajo la luz incansable del sol, el destino de los hombres se traza entre sombras y revelaciones. \u00bfQu\u00e9 significa ser verdaderamente libre cuando las fuerzas invisibles que gu\u00edan a la humanidad han estado operando desde tiempos inmemoriales?<\/p>\n<p>En un mundo antiguo, donde las leyendas caminan entre los hombres, una dinast\u00eda marcada por la divinidad del Sol lucha por proteger su legado. Los hijos del Sol cuenta la historia de un linaje de guerreros que, m\u00e1s all\u00e1 de su fuerza en la batalla, cargan con un destino que pesa sobre ellos como la luz m\u00e1s brillante: salvar a su pueblo o desaparecer para siempre.<\/p>\n<p>Es una exploraci\u00f3n \u00e9pica de civilizaciones perdidas, legados ocultos y secretos que trascienden la historia conocida. Luis Vega Domingo ha creado un relato que desaf\u00eda nuestra comprensi\u00f3n del poder, del conocimiento y del sacrificio necesario para conquistar lo imposible.<\/p>\n<p>Los protagonistas descubrir\u00e1n que el verdadero peligro no siempre es el enemigo visible, sino que lo llevamos en nuestro interior. Lo que nos hace reflexionar sobre el precio de la verdad, y c\u00f3mo, al final, todos los caminos llevan al enfrentamiento con uno mismo.<\/p>\n<p>\u00bfHasta d\u00f3nde estar\u00edas dispuesto a llegar para descubrir qui\u00e9n eres realmente?<\/p>\n","protected":false},"excerpt":{"rendered":"<p class=\"p1\"><b>ISBN:\u00a0 <\/b>978-84-1089-511-9<\/p>\n<p class=\"p1\"><b>SINOPSIS<\/b><\/p>\n<p>Bajo la luz incansable del sol, el destino de los hombres se traza entre sombras y revelaciones. \u00bfQu\u00e9 significa ser verdaderamente libre cuando las fuerzas invisibles que gu\u00edan a la humanidad han estado operando desde tiempos inmemoriales?<\/p>\n<p>En un mundo antiguo, donde las leyendas caminan entre los hombres, una dinast\u00eda marcada por la divinidad del Sol lucha por proteger su legado. Los hijos del Sol cuenta la historia de un linaje de guerreros que, m\u00e1s all\u00e1 de su fuerza en la batalla, cargan con un destino que pesa sobre ellos como la luz m\u00e1s brillante: salvar a su pueblo o desaparecer para siempre.<\/p>\n<p>Es una exploraci\u00f3n \u00e9pica de civilizaciones perdidas, legados ocultos y secretos que trascienden la historia conocida. Luis Vega Domingo ha creado un relato que desaf\u00eda nuestra comprensi\u00f3n del poder, del conocimiento y del sacrificio necesario para conquistar lo imposible.<\/p>\n<p>Los protagonistas descubrir\u00e1n que el verdadero peligro no siempre es el enemigo visible, sino que lo llevamos en nuestro interior. Lo que nos hace reflexionar sobre el precio de la verdad, y c\u00f3mo, al final, todos los caminos llevan al enfrentamiento con uno mismo.<\/p>\n<p>\u00bfHasta d\u00f3nde estar\u00edas dispuesto a llegar para descubrir qui\u00e9n eres realmente?<\/p>\n","protected":false},"featured_media":110838,"comment_status":"open","ping_status":"closed","template":"","meta":{"_acf_changed":false},"libro":[],"product_brand":[],"product_cat":[141],"product_tag":[],"class_list":{"0":"post-110837","1":"product","2":"type-product","3":"status-publish","4":"has-post-thumbnail","6":"product_cat-ficcion","8":"first","9":"instock","10":"shipping-taxable","11":"product-type-simple"},"acf":{"autor":[73245],"enlace_de_compra":""},"yoast_head":"<!-- This site is optimized with the Yoast SEO plugin v27.4 - https:\/\/yoast.com\/product\/yoast-seo-wordpress\/ -->\n<title>Los hijos del sol - Catalogo | Letrame Grupo Editorial<\/title>\n<meta name=\"robots\" content=\"index, follow, max-snippet:-1, max-image-preview:large, max-video-preview:-1\" \/>\n<link rel=\"canonical\" href=\"https:\/\/letrame.com\/catalogo\/producto\/los-hijos-del-sol\/\" \/>\n<meta property=\"og:locale\" content=\"es_ES\" \/>\n<meta property=\"og:type\" content=\"article\" \/>\n<meta property=\"og:title\" content=\"Los hijos del sol - Catalogo | Letrame Grupo Editorial\" \/>\n<meta property=\"og:description\" content=\"ISBN:\u00a0 978-84-1089-511-9 SINOPSIS Bajo la luz incansable del sol, el destino de los hombres se traza entre sombras y revelaciones. \u00bfQu\u00e9 significa ser verdaderamente libre cuando las fuerzas invisibles que gu\u00edan a la humanidad han estado operando desde tiempos inmemoriales?  En un mundo antiguo, donde las leyendas caminan entre los hombres, una dinast\u00eda marcada por la divinidad del Sol lucha por proteger su legado. Los hijos del Sol cuenta la historia de un linaje de guerreros que, m\u00e1s all\u00e1 de su fuerza en la batalla, cargan con un destino que pesa sobre ellos como la luz m\u00e1s brillante: salvar a su pueblo o desaparecer para siempre.  Es una exploraci\u00f3n \u00e9pica de civilizaciones perdidas, legados ocultos y secretos que trascienden la historia conocida. Luis Vega Domingo ha creado un relato que desaf\u00eda nuestra comprensi\u00f3n del poder, del conocimiento y del sacrificio necesario para conquistar lo imposible.  Los protagonistas descubrir\u00e1n que el verdadero peligro no siempre es el enemigo visible, sino que lo llevamos en nuestro interior. Lo que nos hace reflexionar sobre el precio de la verdad, y c\u00f3mo, al final, todos los caminos llevan al enfrentamiento con uno mismo.  \u00bfHasta d\u00f3nde estar\u00edas dispuesto a llegar para descubrir qui\u00e9n eres realmente?\" \/>\n<meta property=\"og:url\" content=\"https:\/\/letrame.com\/catalogo\/producto\/los-hijos-del-sol\/\" \/>\n<meta property=\"og:site_name\" content=\"Catalogo | Letrame Grupo Editorial\" \/>\n<meta property=\"og:image\" content=\"https:\/\/letrame.com\/catalogo\/wp-content\/uploads\/2026\/01\/loshijosdelsol_1957mm4-scaled.jpg\" \/>\n\t<meta property=\"og:image:width\" content=\"1813\" \/>\n\t<meta property=\"og:image:height\" content=\"2560\" \/>\n\t<meta property=\"og:image:type\" content=\"image\/jpeg\" \/>\n<meta name=\"twitter:card\" content=\"summary_large_image\" \/>\n<meta name=\"twitter:label1\" content=\"Tiempo de lectura\" \/>\n\t<meta name=\"twitter:data1\" content=\"2 minutos\" \/>\n<script type=\"application\/ld+json\" class=\"yoast-schema-graph\">{\"@context\":\"https:\\\/\\\/schema.org\",\"@graph\":[{\"@type\":\"WebPage\",\"@id\":\"https:\\\/\\\/letrame.com\\\/catalogo\\\/producto\\\/los-hijos-del-sol\\\/\",\"url\":\"https:\\\/\\\/letrame.com\\\/catalogo\\\/producto\\\/los-hijos-del-sol\\\/\",\"name\":\"Los hijos del sol - Catalogo | Letrame Grupo Editorial\",\"isPartOf\":{\"@id\":\"https:\\\/\\\/letrame.com\\\/catalogo\\\/#website\"},\"primaryImageOfPage\":{\"@id\":\"https:\\\/\\\/letrame.com\\\/catalogo\\\/producto\\\/los-hijos-del-sol\\\/#primaryimage\"},\"image\":{\"@id\":\"https:\\\/\\\/letrame.com\\\/catalogo\\\/producto\\\/los-hijos-del-sol\\\/#primaryimage\"},\"thumbnailUrl\":\"https:\\\/\\\/letrame.com\\\/catalogo\\\/wp-content\\\/uploads\\\/2026\\\/01\\\/loshijosdelsol_1957mm4-scaled.jpg\",\"datePublished\":\"2026-01-13T11:19:21+00:00\",\"breadcrumb\":{\"@id\":\"https:\\\/\\\/letrame.com\\\/catalogo\\\/producto\\\/los-hijos-del-sol\\\/#breadcrumb\"},\"inLanguage\":\"es\",\"potentialAction\":[{\"@type\":\"ReadAction\",\"target\":[\"https:\\\/\\\/letrame.com\\\/catalogo\\\/producto\\\/los-hijos-del-sol\\\/\"]}]},{\"@type\":\"ImageObject\",\"inLanguage\":\"es\",\"@id\":\"https:\\\/\\\/letrame.com\\\/catalogo\\\/producto\\\/los-hijos-del-sol\\\/#primaryimage\",\"url\":\"https:\\\/\\\/letrame.com\\\/catalogo\\\/wp-content\\\/uploads\\\/2026\\\/01\\\/loshijosdelsol_1957mm4-scaled.jpg\",\"contentUrl\":\"https:\\\/\\\/letrame.com\\\/catalogo\\\/wp-content\\\/uploads\\\/2026\\\/01\\\/loshijosdelsol_1957mm4-scaled.jpg\",\"width\":1813,\"height\":2560},{\"@type\":\"BreadcrumbList\",\"@id\":\"https:\\\/\\\/letrame.com\\\/catalogo\\\/producto\\\/los-hijos-del-sol\\\/#breadcrumb\",\"itemListElement\":[{\"@type\":\"ListItem\",\"position\":1,\"name\":\"Portada\",\"item\":\"https:\\\/\\\/letrame.com\\\/catalogo\\\/\"},{\"@type\":\"ListItem\",\"position\":2,\"name\":\"Cat\u00e1logo\",\"item\":\"https:\\\/\\\/letrame.com\\\/catalogo\\\/\"},{\"@type\":\"ListItem\",\"position\":3,\"name\":\"Los hijos del sol\"}]},{\"@type\":\"WebSite\",\"@id\":\"https:\\\/\\\/letrame.com\\\/catalogo\\\/#website\",\"url\":\"https:\\\/\\\/letrame.com\\\/catalogo\\\/\",\"name\":\"Catalogo | Letrame Grupo Editorial\",\"description\":\"\",\"publisher\":{\"@id\":\"https:\\\/\\\/letrame.com\\\/catalogo\\\/#organization\"},\"potentialAction\":[{\"@type\":\"SearchAction\",\"target\":{\"@type\":\"EntryPoint\",\"urlTemplate\":\"https:\\\/\\\/letrame.com\\\/catalogo\\\/?s={search_term_string}\"},\"query-input\":{\"@type\":\"PropertyValueSpecification\",\"valueRequired\":true,\"valueName\":\"search_term_string\"}}],\"inLanguage\":\"es\"},{\"@type\":\"Organization\",\"@id\":\"https:\\\/\\\/letrame.com\\\/catalogo\\\/#organization\",\"name\":\"Catalogo | Letrame Grupo Editorial\",\"url\":\"https:\\\/\\\/letrame.com\\\/catalogo\\\/\",\"logo\":{\"@type\":\"ImageObject\",\"inLanguage\":\"es\",\"@id\":\"https:\\\/\\\/letrame.com\\\/catalogo\\\/#\\\/schema\\\/logo\\\/image\\\/\",\"url\":\"https:\\\/\\\/letrame.com\\\/catalogo\\\/wp-content\\\/uploads\\\/2024\\\/03\\\/logo2.webp\",\"contentUrl\":\"https:\\\/\\\/letrame.com\\\/catalogo\\\/wp-content\\\/uploads\\\/2024\\\/03\\\/logo2.webp\",\"width\":394,\"height\":128,\"caption\":\"Catalogo | Letrame Grupo Editorial\"},\"image\":{\"@id\":\"https:\\\/\\\/letrame.com\\\/catalogo\\\/#\\\/schema\\\/logo\\\/image\\\/\"}}]}<\/script>\n<!-- \/ Yoast SEO plugin. -->","yoast_head_json":{"title":"Los hijos del sol - Catalogo | Letrame Grupo Editorial","robots":{"index":"index","follow":"follow","max-snippet":"max-snippet:-1","max-image-preview":"max-image-preview:large","max-video-preview":"max-video-preview:-1"},"canonical":"https:\/\/letrame.com\/catalogo\/producto\/los-hijos-del-sol\/","og_locale":"es_ES","og_type":"article","og_title":"Los hijos del sol - Catalogo | Letrame Grupo Editorial","og_description":"ISBN:\u00a0 978-84-1089-511-9 SINOPSIS Bajo la luz incansable del sol, el destino de los hombres se traza entre sombras y revelaciones. \u00bfQu\u00e9 significa ser verdaderamente libre cuando las fuerzas invisibles que gu\u00edan a la humanidad han estado operando desde tiempos inmemoriales?  En un mundo antiguo, donde las leyendas caminan entre los hombres, una dinast\u00eda marcada por la divinidad del Sol lucha por proteger su legado. Los hijos del Sol cuenta la historia de un linaje de guerreros que, m\u00e1s all\u00e1 de su fuerza en la batalla, cargan con un destino que pesa sobre ellos como la luz m\u00e1s brillante: salvar a su pueblo o desaparecer para siempre.  Es una exploraci\u00f3n \u00e9pica de civilizaciones perdidas, legados ocultos y secretos que trascienden la historia conocida. Luis Vega Domingo ha creado un relato que desaf\u00eda nuestra comprensi\u00f3n del poder, del conocimiento y del sacrificio necesario para conquistar lo imposible.  Los protagonistas descubrir\u00e1n que el verdadero peligro no siempre es el enemigo visible, sino que lo llevamos en nuestro interior. Lo que nos hace reflexionar sobre el precio de la verdad, y c\u00f3mo, al final, todos los caminos llevan al enfrentamiento con uno mismo.  \u00bfHasta d\u00f3nde estar\u00edas dispuesto a llegar para descubrir qui\u00e9n eres realmente?","og_url":"https:\/\/letrame.com\/catalogo\/producto\/los-hijos-del-sol\/","og_site_name":"Catalogo | Letrame Grupo Editorial","og_image":[{"width":1813,"height":2560,"url":"https:\/\/letrame.com\/catalogo\/wp-content\/uploads\/2026\/01\/loshijosdelsol_1957mm4-scaled.jpg","type":"image\/jpeg"}],"twitter_card":"summary_large_image","twitter_misc":{"Tiempo de lectura":"2 minutos"},"schema":{"@context":"https:\/\/schema.org","@graph":[{"@type":"WebPage","@id":"https:\/\/letrame.com\/catalogo\/producto\/los-hijos-del-sol\/","url":"https:\/\/letrame.com\/catalogo\/producto\/los-hijos-del-sol\/","name":"Los hijos del sol - Catalogo | Letrame Grupo Editorial","isPartOf":{"@id":"https:\/\/letrame.com\/catalogo\/#website"},"primaryImageOfPage":{"@id":"https:\/\/letrame.com\/catalogo\/producto\/los-hijos-del-sol\/#primaryimage"},"image":{"@id":"https:\/\/letrame.com\/catalogo\/producto\/los-hijos-del-sol\/#primaryimage"},"thumbnailUrl":"https:\/\/letrame.com\/catalogo\/wp-content\/uploads\/2026\/01\/loshijosdelsol_1957mm4-scaled.jpg","datePublished":"2026-01-13T11:19:21+00:00","breadcrumb":{"@id":"https:\/\/letrame.com\/catalogo\/producto\/los-hijos-del-sol\/#breadcrumb"},"inLanguage":"es","potentialAction":[{"@type":"ReadAction","target":["https:\/\/letrame.com\/catalogo\/producto\/los-hijos-del-sol\/"]}]},{"@type":"ImageObject","inLanguage":"es","@id":"https:\/\/letrame.com\/catalogo\/producto\/los-hijos-del-sol\/#primaryimage","url":"https:\/\/letrame.com\/catalogo\/wp-content\/uploads\/2026\/01\/loshijosdelsol_1957mm4-scaled.jpg","contentUrl":"https:\/\/letrame.com\/catalogo\/wp-content\/uploads\/2026\/01\/loshijosdelsol_1957mm4-scaled.jpg","width":1813,"height":2560},{"@type":"BreadcrumbList","@id":"https:\/\/letrame.com\/catalogo\/producto\/los-hijos-del-sol\/#breadcrumb","itemListElement":[{"@type":"ListItem","position":1,"name":"Portada","item":"https:\/\/letrame.com\/catalogo\/"},{"@type":"ListItem","position":2,"name":"Cat\u00e1logo","item":"https:\/\/letrame.com\/catalogo\/"},{"@type":"ListItem","position":3,"name":"Los hijos del sol"}]},{"@type":"WebSite","@id":"https:\/\/letrame.com\/catalogo\/#website","url":"https:\/\/letrame.com\/catalogo\/","name":"Catalogo | Letrame Grupo Editorial","description":"","publisher":{"@id":"https:\/\/letrame.com\/catalogo\/#organization"},"potentialAction":[{"@type":"SearchAction","target":{"@type":"EntryPoint","urlTemplate":"https:\/\/letrame.com\/catalogo\/?s={search_term_string}"},"query-input":{"@type":"PropertyValueSpecification","valueRequired":true,"valueName":"search_term_string"}}],"inLanguage":"es"},{"@type":"Organization","@id":"https:\/\/letrame.com\/catalogo\/#organization","name":"Catalogo | Letrame Grupo Editorial","url":"https:\/\/letrame.com\/catalogo\/","logo":{"@type":"ImageObject","inLanguage":"es","@id":"https:\/\/letrame.com\/catalogo\/#\/schema\/logo\/image\/","url":"https:\/\/letrame.com\/catalogo\/wp-content\/uploads\/2024\/03\/logo2.webp","contentUrl":"https:\/\/letrame.com\/catalogo\/wp-content\/uploads\/2024\/03\/logo2.webp","width":394,"height":128,"caption":"Catalogo | Letrame Grupo Editorial"},"image":{"@id":"https:\/\/letrame.com\/catalogo\/#\/schema\/logo\/image\/"}}]}},"_links":{"self":[{"href":"https:\/\/letrame.com\/catalogo\/wp-json\/wp\/v2\/product\/110837","targetHints":{"allow":["GET"]}}],"collection":[{"href":"https:\/\/letrame.com\/catalogo\/wp-json\/wp\/v2\/product"}],"about":[{"href":"https:\/\/letrame.com\/catalogo\/wp-json\/wp\/v2\/types\/product"}],"replies":[{"embeddable":true,"href":"https:\/\/letrame.com\/catalogo\/wp-json\/wp\/v2\/comments?post=110837"}],"acf:post":[{"embeddable":true,"href":"https:\/\/letrame.com\/catalogo\/wp-json\/wp\/v2\/author_book\/73245"}],"wp:featuredmedia":[{"embeddable":true,"href":"https:\/\/letrame.com\/catalogo\/wp-json\/wp\/v2\/media\/110838"}],"wp:attachment":[{"href":"https:\/\/letrame.com\/catalogo\/wp-json\/wp\/v2\/media?parent=110837"}],"wp:term":[{"taxonomy":"libro","embeddable":true,"href":"https:\/\/letrame.com\/catalogo\/wp-json\/wp\/v2\/libro?post=110837"},{"taxonomy":"product_brand","embeddable":true,"href":"https:\/\/letrame.com\/catalogo\/wp-json\/wp\/v2\/product_brand?post=110837"},{"taxonomy":"product_cat","embeddable":true,"href":"https:\/\/letrame.com\/catalogo\/wp-json\/wp\/v2\/product_cat?post=110837"},{"taxonomy":"product_tag","embeddable":true,"href":"https:\/\/letrame.com\/catalogo\/wp-json\/wp\/v2\/product_tag?post=110837"}],"curies":[{"name":"wp","href":"https:\/\/api.w.org\/{rel}","templated":true}]}}