{"id":110815,"date":"2026-01-13T10:18:54","date_gmt":"2026-01-13T09:18:54","guid":{"rendered":"https:\/\/letrame.com\/catalogo\/?post_type=product&#038;p=110815"},"modified":"2026-01-13T10:18:55","modified_gmt":"2026-01-13T09:18:55","slug":"caminar","status":"publish","type":"product","link":"https:\/\/letrame.com\/catalogo\/producto\/caminar\/","title":{"rendered":"Caminar"},"content":{"rendered":"<p class=\"p1\"><b>ISBN:\u00a0 <\/b>978-84-1089-408-2<\/p>\n<p class=\"p1\"><b>T\u00edtulo:\u00a0<\/b>Caminar<br \/>\n<b>Fecha:\u00a0<\/b>2024<br \/>\n<b>P\u00e1ginas:\u00a0<\/b>216<b><\/b><\/p>\n<p class=\"p1\"><b>SINOPSIS<\/b><\/p>\n<p><span class=\"a-text-italic\">La sexta gran extinci\u00f3n ya hab\u00eda llegado a la ciudad. Dos amigas<\/span><\/p>\n<p><span class=\"a-text-italic\">entran en la exposici\u00f3n temporal del museo de ciencias naturales.<\/span><\/p>\n<p><span class=\"a-text-italic\">Elena est\u00e1 deseando grabarlo todo para compartirlo en sus redes<\/span><\/p>\n<p><span class=\"a-text-italic\">sociales. Gara se pregunta c\u00f3mo es posible sentir nostalgia por algo<\/span><\/p>\n<p><span class=\"a-text-italic\">que jam\u00e1s ha conocido, por la desaparici\u00f3n de unos seres que ya no<\/span><\/p>\n<p><span class=\"a-text-italic\">tienen cabida en el mundo que han abandonado.<\/span><\/p>\n<p><span class=\"a-text-italic\">\u2026<\/span><\/p>\n<p><span class=\"a-text-italic\">Entre los entramados de un futuro dist\u00f3pico y hostil, dos j\u00f3venes<\/span><\/p>\n<p><span class=\"a-text-italic\">emprenden un viaje en busca de su destino. Sus historias se entrelazar\u00e1n<\/span><\/p>\n<p><span class=\"a-text-italic\">entre los vestigios de un planeta que exhala sus \u00faltimos<\/span><\/p>\n<p><span class=\"a-text-italic\">suspiros de vida tal y como la conocemos, a la vez que se enfrentan<\/span><\/p>\n<p><span class=\"a-text-italic\">con la eterna paradoja del ser humano: \u00bflibertad o seguridad?<\/span><\/p>\n<p><span class=\"a-text-italic\">Gara, acomodada en una realidad inorg\u00e1nica y controlada, recorrer\u00e1<\/span><\/p>\n<p><span class=\"a-text-italic\">los \u00faltimos remanentes salvajes de la selva amaz\u00f3nica, los<\/span><\/p>\n<p><span class=\"a-text-italic\">arrecifes caribe\u00f1os y los pueblos n\u00f3madas, siguiendo los deseos de<\/span><\/p>\n<p><span class=\"a-text-italic\">una madre enferma.<\/span><\/p>\n<p><span class=\"a-text-italic\">Kiara, v\u00edctima de la guerra y de la hambruna, iniciar\u00e1 su viaje<\/span><\/p>\n<p><span class=\"a-text-italic\">movida por la necesidad y la responsabilidad de cuidar de lo que<\/span><\/p>\n<p><span class=\"a-text-italic\">queda de su familia, atravesando todo un continente devastado.<\/span><\/p>\n<p><span class=\"a-text-italic\">Y el camino las transformar\u00e1, como nunca hubieran imaginado.<\/span><\/p>\n","protected":false},"excerpt":{"rendered":"<p class=\"p1\"><b>ISBN:\u00a0 <\/b>978-84-1089-408-2<\/p>\n<p class=\"p1\"><b>SINOPSIS<\/b><\/p>\n<p><span class=\"a-text-italic\">La sexta gran extinci\u00f3n ya hab\u00eda llegado a la ciudad. Dos amigas<\/span><\/p>\n<p><span class=\"a-text-italic\">entran en la exposici\u00f3n temporal del museo de ciencias naturales.<\/span><\/p>\n<p><span class=\"a-text-italic\">Elena est\u00e1 deseando grabarlo todo para compartirlo en sus redes<\/span><\/p>\n<p><span class=\"a-text-italic\">sociales. Gara se pregunta c\u00f3mo es posible sentir nostalgia por algo<\/span><\/p>\n<p><span class=\"a-text-italic\">que jam\u00e1s ha conocido, por la desaparici\u00f3n de unos seres que ya no<\/span><\/p>\n<p><span class=\"a-text-italic\">tienen cabida en el mundo que han abandonado.<\/span><\/p>\n<p><span class=\"a-text-italic\">\u2026<\/span><\/p>\n<p><span class=\"a-text-italic\">Entre los entramados de un futuro dist\u00f3pico y hostil, dos j\u00f3venes<\/span><\/p>\n<p><span class=\"a-text-italic\">emprenden un viaje en busca de su destino. Sus historias se entrelazar\u00e1n<\/span><\/p>\n<p><span class=\"a-text-italic\">entre los vestigios de un planeta que exhala sus \u00faltimos<\/span><\/p>\n<p><span class=\"a-text-italic\">suspiros de vida tal y como la conocemos, a la vez que se enfrentan<\/span><\/p>\n<p><span class=\"a-text-italic\">con la eterna paradoja del ser humano: \u00bflibertad o seguridad?<\/span><\/p>\n<p><span class=\"a-text-italic\">Gara, acomodada en una realidad inorg\u00e1nica y controlada, recorrer\u00e1<\/span><\/p>\n<p><span class=\"a-text-italic\">los \u00faltimos remanentes salvajes de la selva amaz\u00f3nica, los<\/span><\/p>\n<p><span class=\"a-text-italic\">arrecifes caribe\u00f1os y los pueblos n\u00f3madas, siguiendo los deseos de<\/span><\/p>\n<p><span class=\"a-text-italic\">una madre enferma.<\/span><\/p>\n<p><span class=\"a-text-italic\">Kiara, v\u00edctima de la guerra y de la hambruna, iniciar\u00e1 su viaje<\/span><\/p>\n<p><span class=\"a-text-italic\">movida por la necesidad y la responsabilidad de cuidar de lo que<\/span><\/p>\n<p><span class=\"a-text-italic\">queda de su familia, atravesando todo un continente devastado.<\/span><\/p>\n<p><span class=\"a-text-italic\">Y el camino las transformar\u00e1, como nunca hubieran imaginado.<\/span><\/p>\n","protected":false},"featured_media":110819,"comment_status":"open","ping_status":"closed","template":"","meta":{"_acf_changed":false},"libro":[],"product_brand":[],"product_cat":[142],"product_tag":[],"class_list":{"0":"post-110815","1":"product","2":"type-product","3":"status-publish","4":"has-post-thumbnail","6":"product_cat-distopia","8":"first","9":"instock","10":"shipping-taxable","11":"product-type-simple"},"acf":{"autor":[110816],"enlace_de_compra":"https:\/\/www.amazon.es\/Caminar-Distop%C3%ADa-Raquel-Quir%C3%B3s-Pozo\/dp\/8410894084\/ref=sr_1_1?__mk_es_ES=%C3%85M%C3%85%C5%BD%C3%95%C3%91&crid=HEO1TWQLN70L&dib=eyJ2IjoiMSJ9.0BTVtxi1ueCP0lxvRUyaHQ.TuL08U4QFYTUzm4OUNwP0oIu1d68daiRt_5_52pld-8&dib_tag=se&keywords=caminar+Raquel+quir%C3%B3s&qid=1768295717&sprefix=caminar+raquel+quir%C3%B3s%2Caps%2C297&sr=8-1"},"yoast_head":"<!-- This site is optimized with the Yoast SEO plugin v27.4 - https:\/\/yoast.com\/product\/yoast-seo-wordpress\/ -->\n<title>Caminar - Catalogo | Letrame Grupo Editorial<\/title>\n<meta name=\"robots\" content=\"index, follow, max-snippet:-1, max-image-preview:large, max-video-preview:-1\" \/>\n<link rel=\"canonical\" href=\"https:\/\/letrame.com\/catalogo\/producto\/caminar\/\" \/>\n<meta property=\"og:locale\" content=\"es_ES\" \/>\n<meta property=\"og:type\" content=\"article\" \/>\n<meta property=\"og:title\" content=\"Caminar - Catalogo | Letrame Grupo Editorial\" \/>\n<meta property=\"og:description\" content=\"ISBN:\u00a0 978-84-1089-408-2 SINOPSIS La sexta gran extinci\u00f3n ya hab\u00eda llegado a la ciudad. Dos amigas  entran en la exposici\u00f3n temporal del museo de ciencias naturales.  Elena est\u00e1 deseando grabarlo todo para compartirlo en sus redes  sociales. Gara se pregunta c\u00f3mo es posible sentir nostalgia por algo  que jam\u00e1s ha conocido, por la desaparici\u00f3n de unos seres que ya no  tienen cabida en el mundo que han abandonado.  \u2026  Entre los entramados de un futuro dist\u00f3pico y hostil, dos j\u00f3venes  emprenden un viaje en busca de su destino. Sus historias se entrelazar\u00e1n  entre los vestigios de un planeta que exhala sus \u00faltimos  suspiros de vida tal y como la conocemos, a la vez que se enfrentan  con la eterna paradoja del ser humano: \u00bflibertad o seguridad?  Gara, acomodada en una realidad inorg\u00e1nica y controlada, recorrer\u00e1  los \u00faltimos remanentes salvajes de la selva amaz\u00f3nica, los  arrecifes caribe\u00f1os y los pueblos n\u00f3madas, siguiendo los deseos de  una madre enferma.  Kiara, v\u00edctima de la guerra y de la hambruna, iniciar\u00e1 su viaje  movida por la necesidad y la responsabilidad de cuidar de lo que  queda de su familia, atravesando todo un continente devastado.  Y el camino las transformar\u00e1, como nunca hubieran imaginado.\" \/>\n<meta property=\"og:url\" content=\"https:\/\/letrame.com\/catalogo\/producto\/caminar\/\" \/>\n<meta property=\"og:site_name\" content=\"Catalogo | Letrame Grupo Editorial\" \/>\n<meta property=\"article:modified_time\" content=\"2026-01-13T09:18:55+00:00\" \/>\n<meta property=\"og:image\" content=\"https:\/\/letrame.com\/catalogo\/wp-content\/uploads\/2026\/01\/caminar_1229mmv34.jpg\" \/>\n\t<meta property=\"og:image:width\" content=\"1594\" \/>\n\t<meta property=\"og:image:height\" content=\"2303\" \/>\n\t<meta property=\"og:image:type\" content=\"image\/jpeg\" \/>\n<meta name=\"twitter:card\" content=\"summary_large_image\" \/>\n<meta name=\"twitter:label1\" content=\"Tiempo de lectura\" \/>\n\t<meta name=\"twitter:data1\" content=\"2 minutos\" \/>\n<script type=\"application\/ld+json\" class=\"yoast-schema-graph\">{\"@context\":\"https:\\\/\\\/schema.org\",\"@graph\":[{\"@type\":\"WebPage\",\"@id\":\"https:\\\/\\\/letrame.com\\\/catalogo\\\/producto\\\/caminar\\\/\",\"url\":\"https:\\\/\\\/letrame.com\\\/catalogo\\\/producto\\\/caminar\\\/\",\"name\":\"Caminar - Catalogo | Letrame Grupo Editorial\",\"isPartOf\":{\"@id\":\"https:\\\/\\\/letrame.com\\\/catalogo\\\/#website\"},\"primaryImageOfPage\":{\"@id\":\"https:\\\/\\\/letrame.com\\\/catalogo\\\/producto\\\/caminar\\\/#primaryimage\"},\"image\":{\"@id\":\"https:\\\/\\\/letrame.com\\\/catalogo\\\/producto\\\/caminar\\\/#primaryimage\"},\"thumbnailUrl\":\"https:\\\/\\\/letrame.com\\\/catalogo\\\/wp-content\\\/uploads\\\/2026\\\/01\\\/caminar_1229mmv34.jpg\",\"datePublished\":\"2026-01-13T09:18:54+00:00\",\"dateModified\":\"2026-01-13T09:18:55+00:00\",\"breadcrumb\":{\"@id\":\"https:\\\/\\\/letrame.com\\\/catalogo\\\/producto\\\/caminar\\\/#breadcrumb\"},\"inLanguage\":\"es\",\"potentialAction\":[{\"@type\":\"ReadAction\",\"target\":[\"https:\\\/\\\/letrame.com\\\/catalogo\\\/producto\\\/caminar\\\/\"]}]},{\"@type\":\"ImageObject\",\"inLanguage\":\"es\",\"@id\":\"https:\\\/\\\/letrame.com\\\/catalogo\\\/producto\\\/caminar\\\/#primaryimage\",\"url\":\"https:\\\/\\\/letrame.com\\\/catalogo\\\/wp-content\\\/uploads\\\/2026\\\/01\\\/caminar_1229mmv34.jpg\",\"contentUrl\":\"https:\\\/\\\/letrame.com\\\/catalogo\\\/wp-content\\\/uploads\\\/2026\\\/01\\\/caminar_1229mmv34.jpg\",\"width\":1594,\"height\":2303},{\"@type\":\"BreadcrumbList\",\"@id\":\"https:\\\/\\\/letrame.com\\\/catalogo\\\/producto\\\/caminar\\\/#breadcrumb\",\"itemListElement\":[{\"@type\":\"ListItem\",\"position\":1,\"name\":\"Portada\",\"item\":\"https:\\\/\\\/letrame.com\\\/catalogo\\\/\"},{\"@type\":\"ListItem\",\"position\":2,\"name\":\"Cat\u00e1logo\",\"item\":\"https:\\\/\\\/letrame.com\\\/catalogo\\\/\"},{\"@type\":\"ListItem\",\"position\":3,\"name\":\"Caminar\"}]},{\"@type\":\"WebSite\",\"@id\":\"https:\\\/\\\/letrame.com\\\/catalogo\\\/#website\",\"url\":\"https:\\\/\\\/letrame.com\\\/catalogo\\\/\",\"name\":\"Catalogo | Letrame Grupo Editorial\",\"description\":\"\",\"publisher\":{\"@id\":\"https:\\\/\\\/letrame.com\\\/catalogo\\\/#organization\"},\"potentialAction\":[{\"@type\":\"SearchAction\",\"target\":{\"@type\":\"EntryPoint\",\"urlTemplate\":\"https:\\\/\\\/letrame.com\\\/catalogo\\\/?s={search_term_string}\"},\"query-input\":{\"@type\":\"PropertyValueSpecification\",\"valueRequired\":true,\"valueName\":\"search_term_string\"}}],\"inLanguage\":\"es\"},{\"@type\":\"Organization\",\"@id\":\"https:\\\/\\\/letrame.com\\\/catalogo\\\/#organization\",\"name\":\"Catalogo | Letrame Grupo Editorial\",\"url\":\"https:\\\/\\\/letrame.com\\\/catalogo\\\/\",\"logo\":{\"@type\":\"ImageObject\",\"inLanguage\":\"es\",\"@id\":\"https:\\\/\\\/letrame.com\\\/catalogo\\\/#\\\/schema\\\/logo\\\/image\\\/\",\"url\":\"https:\\\/\\\/letrame.com\\\/catalogo\\\/wp-content\\\/uploads\\\/2024\\\/03\\\/logo2.webp\",\"contentUrl\":\"https:\\\/\\\/letrame.com\\\/catalogo\\\/wp-content\\\/uploads\\\/2024\\\/03\\\/logo2.webp\",\"width\":394,\"height\":128,\"caption\":\"Catalogo | Letrame Grupo Editorial\"},\"image\":{\"@id\":\"https:\\\/\\\/letrame.com\\\/catalogo\\\/#\\\/schema\\\/logo\\\/image\\\/\"}}]}<\/script>\n<!-- \/ Yoast SEO plugin. -->","yoast_head_json":{"title":"Caminar - Catalogo | Letrame Grupo Editorial","robots":{"index":"index","follow":"follow","max-snippet":"max-snippet:-1","max-image-preview":"max-image-preview:large","max-video-preview":"max-video-preview:-1"},"canonical":"https:\/\/letrame.com\/catalogo\/producto\/caminar\/","og_locale":"es_ES","og_type":"article","og_title":"Caminar - Catalogo | Letrame Grupo Editorial","og_description":"ISBN:\u00a0 978-84-1089-408-2 SINOPSIS La sexta gran extinci\u00f3n ya hab\u00eda llegado a la ciudad. Dos amigas  entran en la exposici\u00f3n temporal del museo de ciencias naturales.  Elena est\u00e1 deseando grabarlo todo para compartirlo en sus redes  sociales. Gara se pregunta c\u00f3mo es posible sentir nostalgia por algo  que jam\u00e1s ha conocido, por la desaparici\u00f3n de unos seres que ya no  tienen cabida en el mundo que han abandonado.  \u2026  Entre los entramados de un futuro dist\u00f3pico y hostil, dos j\u00f3venes  emprenden un viaje en busca de su destino. Sus historias se entrelazar\u00e1n  entre los vestigios de un planeta que exhala sus \u00faltimos  suspiros de vida tal y como la conocemos, a la vez que se enfrentan  con la eterna paradoja del ser humano: \u00bflibertad o seguridad?  Gara, acomodada en una realidad inorg\u00e1nica y controlada, recorrer\u00e1  los \u00faltimos remanentes salvajes de la selva amaz\u00f3nica, los  arrecifes caribe\u00f1os y los pueblos n\u00f3madas, siguiendo los deseos de  una madre enferma.  Kiara, v\u00edctima de la guerra y de la hambruna, iniciar\u00e1 su viaje  movida por la necesidad y la responsabilidad de cuidar de lo que  queda de su familia, atravesando todo un continente devastado.  Y el camino las transformar\u00e1, como nunca hubieran imaginado.","og_url":"https:\/\/letrame.com\/catalogo\/producto\/caminar\/","og_site_name":"Catalogo | Letrame Grupo Editorial","article_modified_time":"2026-01-13T09:18:55+00:00","og_image":[{"width":1594,"height":2303,"url":"https:\/\/letrame.com\/catalogo\/wp-content\/uploads\/2026\/01\/caminar_1229mmv34.jpg","type":"image\/jpeg"}],"twitter_card":"summary_large_image","twitter_misc":{"Tiempo de lectura":"2 minutos"},"schema":{"@context":"https:\/\/schema.org","@graph":[{"@type":"WebPage","@id":"https:\/\/letrame.com\/catalogo\/producto\/caminar\/","url":"https:\/\/letrame.com\/catalogo\/producto\/caminar\/","name":"Caminar - Catalogo | Letrame Grupo Editorial","isPartOf":{"@id":"https:\/\/letrame.com\/catalogo\/#website"},"primaryImageOfPage":{"@id":"https:\/\/letrame.com\/catalogo\/producto\/caminar\/#primaryimage"},"image":{"@id":"https:\/\/letrame.com\/catalogo\/producto\/caminar\/#primaryimage"},"thumbnailUrl":"https:\/\/letrame.com\/catalogo\/wp-content\/uploads\/2026\/01\/caminar_1229mmv34.jpg","datePublished":"2026-01-13T09:18:54+00:00","dateModified":"2026-01-13T09:18:55+00:00","breadcrumb":{"@id":"https:\/\/letrame.com\/catalogo\/producto\/caminar\/#breadcrumb"},"inLanguage":"es","potentialAction":[{"@type":"ReadAction","target":["https:\/\/letrame.com\/catalogo\/producto\/caminar\/"]}]},{"@type":"ImageObject","inLanguage":"es","@id":"https:\/\/letrame.com\/catalogo\/producto\/caminar\/#primaryimage","url":"https:\/\/letrame.com\/catalogo\/wp-content\/uploads\/2026\/01\/caminar_1229mmv34.jpg","contentUrl":"https:\/\/letrame.com\/catalogo\/wp-content\/uploads\/2026\/01\/caminar_1229mmv34.jpg","width":1594,"height":2303},{"@type":"BreadcrumbList","@id":"https:\/\/letrame.com\/catalogo\/producto\/caminar\/#breadcrumb","itemListElement":[{"@type":"ListItem","position":1,"name":"Portada","item":"https:\/\/letrame.com\/catalogo\/"},{"@type":"ListItem","position":2,"name":"Cat\u00e1logo","item":"https:\/\/letrame.com\/catalogo\/"},{"@type":"ListItem","position":3,"name":"Caminar"}]},{"@type":"WebSite","@id":"https:\/\/letrame.com\/catalogo\/#website","url":"https:\/\/letrame.com\/catalogo\/","name":"Catalogo | Letrame Grupo Editorial","description":"","publisher":{"@id":"https:\/\/letrame.com\/catalogo\/#organization"},"potentialAction":[{"@type":"SearchAction","target":{"@type":"EntryPoint","urlTemplate":"https:\/\/letrame.com\/catalogo\/?s={search_term_string}"},"query-input":{"@type":"PropertyValueSpecification","valueRequired":true,"valueName":"search_term_string"}}],"inLanguage":"es"},{"@type":"Organization","@id":"https:\/\/letrame.com\/catalogo\/#organization","name":"Catalogo | Letrame Grupo Editorial","url":"https:\/\/letrame.com\/catalogo\/","logo":{"@type":"ImageObject","inLanguage":"es","@id":"https:\/\/letrame.com\/catalogo\/#\/schema\/logo\/image\/","url":"https:\/\/letrame.com\/catalogo\/wp-content\/uploads\/2024\/03\/logo2.webp","contentUrl":"https:\/\/letrame.com\/catalogo\/wp-content\/uploads\/2024\/03\/logo2.webp","width":394,"height":128,"caption":"Catalogo | Letrame Grupo Editorial"},"image":{"@id":"https:\/\/letrame.com\/catalogo\/#\/schema\/logo\/image\/"}}]}},"_links":{"self":[{"href":"https:\/\/letrame.com\/catalogo\/wp-json\/wp\/v2\/product\/110815","targetHints":{"allow":["GET"]}}],"collection":[{"href":"https:\/\/letrame.com\/catalogo\/wp-json\/wp\/v2\/product"}],"about":[{"href":"https:\/\/letrame.com\/catalogo\/wp-json\/wp\/v2\/types\/product"}],"replies":[{"embeddable":true,"href":"https:\/\/letrame.com\/catalogo\/wp-json\/wp\/v2\/comments?post=110815"}],"acf:post":[{"embeddable":true,"href":"https:\/\/letrame.com\/catalogo\/wp-json\/wp\/v2\/author_book\/110816"}],"wp:featuredmedia":[{"embeddable":true,"href":"https:\/\/letrame.com\/catalogo\/wp-json\/wp\/v2\/media\/110819"}],"wp:attachment":[{"href":"https:\/\/letrame.com\/catalogo\/wp-json\/wp\/v2\/media?parent=110815"}],"wp:term":[{"taxonomy":"libro","embeddable":true,"href":"https:\/\/letrame.com\/catalogo\/wp-json\/wp\/v2\/libro?post=110815"},{"taxonomy":"product_brand","embeddable":true,"href":"https:\/\/letrame.com\/catalogo\/wp-json\/wp\/v2\/product_brand?post=110815"},{"taxonomy":"product_cat","embeddable":true,"href":"https:\/\/letrame.com\/catalogo\/wp-json\/wp\/v2\/product_cat?post=110815"},{"taxonomy":"product_tag","embeddable":true,"href":"https:\/\/letrame.com\/catalogo\/wp-json\/wp\/v2\/product_tag?post=110815"}],"curies":[{"name":"wp","href":"https:\/\/api.w.org\/{rel}","templated":true}]}}