{"id":110809,"date":"2026-01-13T10:07:28","date_gmt":"2026-01-13T09:07:28","guid":{"rendered":"https:\/\/letrame.com\/catalogo\/?post_type=product&#038;p=110809"},"modified":"2026-01-13T10:07:29","modified_gmt":"2026-01-13T09:07:29","slug":"horizontes-infinitos","status":"publish","type":"product","link":"https:\/\/letrame.com\/catalogo\/producto\/horizontes-infinitos\/","title":{"rendered":"Horizontes infinitos"},"content":{"rendered":"<p class=\"p1\"><b>ISBN:\u00a0 <\/b>978-84-1089-409-9<\/p>\n<p class=\"p1\"><b>T\u00edtulo:\u00a0<\/b>Horizontes infinitos<br \/>\n<b>Fecha:\u00a0<\/b>2024<\/p>\n<p class=\"p1\"><b><\/b><b>P\u00e1ginas:\u00a0<\/b>192<b><\/b><\/p>\n<p class=\"p1\"><b>SINOPSIS<\/b><\/p>\n<p>Horizontes infinitos: Viajes, filosof\u00eda y libertad nos invita a un viaje \u00fanico, donde los caminos de la filosof\u00eda y los viajes se entrelazan para explorar la vida en toda su complejidad. Desde la libertad y el amor hasta la muerte y la felicidad, cada parada ofrece una reflexi\u00f3n profunda sobre temas universales que han inquietado a la humanidad desde siempre. Con un estilo \u00edntimo y cuestionador, esta obra no busca respuestas definitivas, sino provocar en el lector nuevas preguntas. \u00bfQu\u00e9 significa realmente vivir? \u00bfD\u00f3nde radica el valor de nuestras decisiones? \u00bfQu\u00e9 se esconde detr\u00e1s de todo viaje? Una traves\u00eda filos\u00f3fica que, como el mejor de los viajes, transforma tanto como revela.<\/p>\n","protected":false},"excerpt":{"rendered":"<p class=\"p1\"><b>ISBN:\u00a0 <\/b>978-84-1089-409-9<\/p>\n<p class=\"p1\"><b>SINOPSIS<\/b><\/p>\n<p>Horizontes infinitos: Viajes, filosof\u00eda y libertad nos invita a un viaje \u00fanico, donde los caminos de la filosof\u00eda y los viajes se entrelazan para explorar la vida en toda su complejidad. Desde la libertad y el amor hasta la muerte y la felicidad, cada parada ofrece una reflexi\u00f3n profunda sobre temas universales que han inquietado a la humanidad desde siempre. Con un estilo \u00edntimo y cuestionador, esta obra no busca respuestas definitivas, sino provocar en el lector nuevas preguntas. \u00bfQu\u00e9 significa realmente vivir? \u00bfD\u00f3nde radica el valor de nuestras decisiones? \u00bfQu\u00e9 se esconde detr\u00e1s de todo viaje? Una traves\u00eda filos\u00f3fica que, como el mejor de los viajes, transforma tanto como revela.<\/p>\n","protected":false},"featured_media":110813,"comment_status":"open","ping_status":"closed","template":"","meta":{"_acf_changed":false},"libro":[],"product_brand":[],"product_cat":[103],"product_tag":[],"class_list":{"0":"post-110809","1":"product","2":"type-product","3":"status-publish","4":"has-post-thumbnail","6":"product_cat-filosofia","8":"first","9":"instock","10":"shipping-taxable","11":"product-type-simple"},"acf":{"autor":[110810],"enlace_de_compra":"https:\/\/www.amazon.es\/Horizontes-infinitos-Viajes-filosof%C3%ADa-libertad-ebook\/dp\/B0DNZY548J\/ref=sr_1_15?__mk_es_ES=%C3%85M%C3%85%C5%BD%C3%95%C3%91&crid=1AOBIMSBGWWG8&dib=eyJ2IjoiMSJ9.U90k0sdwLGfK2-R__RxI18ourZrOR-gvInku0IhAyxboZrnliDQ5b8FVJCsjLcffkyhYLb8CSB4uB_m5N3MHuuCDzZCAP3FcbJTdvtM5LJ1a2Ve87d3-vgs0Eyc5IGvq3KdXgxttL9sM3x8mu4PqtJ03I2P1CbU2Z1aqQzk_yQCooy9AXcv7QzzbOrHSuHeAd9mQ32Dy9uJxRl9ia5RPH3kdtRkC-w5hfij9rTOSGaQrbo2tCbBj4pWTVcT3EcX8PmUmqS796OinUInDU9qnxXsnkUewi9RqGcBJWYNwVdg.KeMR5fJoL57PE2VQ3BcHiYikcIY39bowQFZ3fM6xbuE&dib_tag=se&keywords=horizontes+infinitos&qid=1768294937&sprefix=horizontes+infinito%2Caps%2C267&sr=8-15"},"yoast_head":"<!-- This site is optimized with the Yoast SEO plugin v27.4 - https:\/\/yoast.com\/product\/yoast-seo-wordpress\/ -->\n<title>Horizontes infinitos - Catalogo | Letrame Grupo Editorial<\/title>\n<meta name=\"robots\" content=\"index, follow, max-snippet:-1, max-image-preview:large, max-video-preview:-1\" \/>\n<link rel=\"canonical\" href=\"https:\/\/letrame.com\/catalogo\/producto\/horizontes-infinitos\/\" \/>\n<meta property=\"og:locale\" content=\"es_ES\" \/>\n<meta property=\"og:type\" content=\"article\" \/>\n<meta property=\"og:title\" content=\"Horizontes infinitos - Catalogo | Letrame Grupo Editorial\" \/>\n<meta property=\"og:description\" content=\"ISBN:\u00a0 978-84-1089-409-9 SINOPSIS Horizontes infinitos: Viajes, filosof\u00eda y libertad nos invita a un viaje \u00fanico, donde los caminos de la filosof\u00eda y los viajes se entrelazan para explorar la vida en toda su complejidad. Desde la libertad y el amor hasta la muerte y la felicidad, cada parada ofrece una reflexi\u00f3n profunda sobre temas universales que han inquietado a la humanidad desde siempre. Con un estilo \u00edntimo y cuestionador, esta obra no busca respuestas definitivas, sino provocar en el lector nuevas preguntas. \u00bfQu\u00e9 significa realmente vivir? \u00bfD\u00f3nde radica el valor de nuestras decisiones? \u00bfQu\u00e9 se esconde detr\u00e1s de todo viaje? Una traves\u00eda filos\u00f3fica que, como el mejor de los viajes, transforma tanto como revela.\" \/>\n<meta property=\"og:url\" content=\"https:\/\/letrame.com\/catalogo\/producto\/horizontes-infinitos\/\" \/>\n<meta property=\"og:site_name\" content=\"Catalogo | Letrame Grupo Editorial\" \/>\n<meta property=\"article:modified_time\" content=\"2026-01-13T09:07:29+00:00\" \/>\n<meta property=\"og:image\" content=\"https:\/\/letrame.com\/catalogo\/wp-content\/uploads\/2026\/01\/horizontes_111mm4.jpg\" \/>\n\t<meta property=\"og:image:width\" content=\"1772\" \/>\n\t<meta property=\"og:image:height\" content=\"2480\" \/>\n\t<meta property=\"og:image:type\" content=\"image\/jpeg\" \/>\n<meta name=\"twitter:card\" content=\"summary_large_image\" \/>\n<meta name=\"twitter:label1\" content=\"Tiempo de lectura\" \/>\n\t<meta name=\"twitter:data1\" content=\"1 minuto\" \/>\n<script type=\"application\/ld+json\" class=\"yoast-schema-graph\">{\"@context\":\"https:\\\/\\\/schema.org\",\"@graph\":[{\"@type\":\"WebPage\",\"@id\":\"https:\\\/\\\/letrame.com\\\/catalogo\\\/producto\\\/horizontes-infinitos\\\/\",\"url\":\"https:\\\/\\\/letrame.com\\\/catalogo\\\/producto\\\/horizontes-infinitos\\\/\",\"name\":\"Horizontes infinitos - Catalogo | Letrame Grupo Editorial\",\"isPartOf\":{\"@id\":\"https:\\\/\\\/letrame.com\\\/catalogo\\\/#website\"},\"primaryImageOfPage\":{\"@id\":\"https:\\\/\\\/letrame.com\\\/catalogo\\\/producto\\\/horizontes-infinitos\\\/#primaryimage\"},\"image\":{\"@id\":\"https:\\\/\\\/letrame.com\\\/catalogo\\\/producto\\\/horizontes-infinitos\\\/#primaryimage\"},\"thumbnailUrl\":\"https:\\\/\\\/letrame.com\\\/catalogo\\\/wp-content\\\/uploads\\\/2026\\\/01\\\/horizontes_111mm4.jpg\",\"datePublished\":\"2026-01-13T09:07:28+00:00\",\"dateModified\":\"2026-01-13T09:07:29+00:00\",\"breadcrumb\":{\"@id\":\"https:\\\/\\\/letrame.com\\\/catalogo\\\/producto\\\/horizontes-infinitos\\\/#breadcrumb\"},\"inLanguage\":\"es\",\"potentialAction\":[{\"@type\":\"ReadAction\",\"target\":[\"https:\\\/\\\/letrame.com\\\/catalogo\\\/producto\\\/horizontes-infinitos\\\/\"]}]},{\"@type\":\"ImageObject\",\"inLanguage\":\"es\",\"@id\":\"https:\\\/\\\/letrame.com\\\/catalogo\\\/producto\\\/horizontes-infinitos\\\/#primaryimage\",\"url\":\"https:\\\/\\\/letrame.com\\\/catalogo\\\/wp-content\\\/uploads\\\/2026\\\/01\\\/horizontes_111mm4.jpg\",\"contentUrl\":\"https:\\\/\\\/letrame.com\\\/catalogo\\\/wp-content\\\/uploads\\\/2026\\\/01\\\/horizontes_111mm4.jpg\",\"width\":1772,\"height\":2480},{\"@type\":\"BreadcrumbList\",\"@id\":\"https:\\\/\\\/letrame.com\\\/catalogo\\\/producto\\\/horizontes-infinitos\\\/#breadcrumb\",\"itemListElement\":[{\"@type\":\"ListItem\",\"position\":1,\"name\":\"Portada\",\"item\":\"https:\\\/\\\/letrame.com\\\/catalogo\\\/\"},{\"@type\":\"ListItem\",\"position\":2,\"name\":\"Cat\u00e1logo\",\"item\":\"https:\\\/\\\/letrame.com\\\/catalogo\\\/\"},{\"@type\":\"ListItem\",\"position\":3,\"name\":\"Horizontes infinitos\"}]},{\"@type\":\"WebSite\",\"@id\":\"https:\\\/\\\/letrame.com\\\/catalogo\\\/#website\",\"url\":\"https:\\\/\\\/letrame.com\\\/catalogo\\\/\",\"name\":\"Catalogo | Letrame Grupo Editorial\",\"description\":\"\",\"publisher\":{\"@id\":\"https:\\\/\\\/letrame.com\\\/catalogo\\\/#organization\"},\"potentialAction\":[{\"@type\":\"SearchAction\",\"target\":{\"@type\":\"EntryPoint\",\"urlTemplate\":\"https:\\\/\\\/letrame.com\\\/catalogo\\\/?s={search_term_string}\"},\"query-input\":{\"@type\":\"PropertyValueSpecification\",\"valueRequired\":true,\"valueName\":\"search_term_string\"}}],\"inLanguage\":\"es\"},{\"@type\":\"Organization\",\"@id\":\"https:\\\/\\\/letrame.com\\\/catalogo\\\/#organization\",\"name\":\"Catalogo | Letrame Grupo Editorial\",\"url\":\"https:\\\/\\\/letrame.com\\\/catalogo\\\/\",\"logo\":{\"@type\":\"ImageObject\",\"inLanguage\":\"es\",\"@id\":\"https:\\\/\\\/letrame.com\\\/catalogo\\\/#\\\/schema\\\/logo\\\/image\\\/\",\"url\":\"https:\\\/\\\/letrame.com\\\/catalogo\\\/wp-content\\\/uploads\\\/2024\\\/03\\\/logo2.webp\",\"contentUrl\":\"https:\\\/\\\/letrame.com\\\/catalogo\\\/wp-content\\\/uploads\\\/2024\\\/03\\\/logo2.webp\",\"width\":394,\"height\":128,\"caption\":\"Catalogo | Letrame Grupo Editorial\"},\"image\":{\"@id\":\"https:\\\/\\\/letrame.com\\\/catalogo\\\/#\\\/schema\\\/logo\\\/image\\\/\"}}]}<\/script>\n<!-- \/ Yoast SEO plugin. -->","yoast_head_json":{"title":"Horizontes infinitos - Catalogo | Letrame Grupo Editorial","robots":{"index":"index","follow":"follow","max-snippet":"max-snippet:-1","max-image-preview":"max-image-preview:large","max-video-preview":"max-video-preview:-1"},"canonical":"https:\/\/letrame.com\/catalogo\/producto\/horizontes-infinitos\/","og_locale":"es_ES","og_type":"article","og_title":"Horizontes infinitos - Catalogo | Letrame Grupo Editorial","og_description":"ISBN:\u00a0 978-84-1089-409-9 SINOPSIS Horizontes infinitos: Viajes, filosof\u00eda y libertad nos invita a un viaje \u00fanico, donde los caminos de la filosof\u00eda y los viajes se entrelazan para explorar la vida en toda su complejidad. Desde la libertad y el amor hasta la muerte y la felicidad, cada parada ofrece una reflexi\u00f3n profunda sobre temas universales que han inquietado a la humanidad desde siempre. Con un estilo \u00edntimo y cuestionador, esta obra no busca respuestas definitivas, sino provocar en el lector nuevas preguntas. \u00bfQu\u00e9 significa realmente vivir? \u00bfD\u00f3nde radica el valor de nuestras decisiones? \u00bfQu\u00e9 se esconde detr\u00e1s de todo viaje? Una traves\u00eda filos\u00f3fica que, como el mejor de los viajes, transforma tanto como revela.","og_url":"https:\/\/letrame.com\/catalogo\/producto\/horizontes-infinitos\/","og_site_name":"Catalogo | Letrame Grupo Editorial","article_modified_time":"2026-01-13T09:07:29+00:00","og_image":[{"width":1772,"height":2480,"url":"https:\/\/letrame.com\/catalogo\/wp-content\/uploads\/2026\/01\/horizontes_111mm4.jpg","type":"image\/jpeg"}],"twitter_card":"summary_large_image","twitter_misc":{"Tiempo de lectura":"1 minuto"},"schema":{"@context":"https:\/\/schema.org","@graph":[{"@type":"WebPage","@id":"https:\/\/letrame.com\/catalogo\/producto\/horizontes-infinitos\/","url":"https:\/\/letrame.com\/catalogo\/producto\/horizontes-infinitos\/","name":"Horizontes infinitos - Catalogo | Letrame Grupo Editorial","isPartOf":{"@id":"https:\/\/letrame.com\/catalogo\/#website"},"primaryImageOfPage":{"@id":"https:\/\/letrame.com\/catalogo\/producto\/horizontes-infinitos\/#primaryimage"},"image":{"@id":"https:\/\/letrame.com\/catalogo\/producto\/horizontes-infinitos\/#primaryimage"},"thumbnailUrl":"https:\/\/letrame.com\/catalogo\/wp-content\/uploads\/2026\/01\/horizontes_111mm4.jpg","datePublished":"2026-01-13T09:07:28+00:00","dateModified":"2026-01-13T09:07:29+00:00","breadcrumb":{"@id":"https:\/\/letrame.com\/catalogo\/producto\/horizontes-infinitos\/#breadcrumb"},"inLanguage":"es","potentialAction":[{"@type":"ReadAction","target":["https:\/\/letrame.com\/catalogo\/producto\/horizontes-infinitos\/"]}]},{"@type":"ImageObject","inLanguage":"es","@id":"https:\/\/letrame.com\/catalogo\/producto\/horizontes-infinitos\/#primaryimage","url":"https:\/\/letrame.com\/catalogo\/wp-content\/uploads\/2026\/01\/horizontes_111mm4.jpg","contentUrl":"https:\/\/letrame.com\/catalogo\/wp-content\/uploads\/2026\/01\/horizontes_111mm4.jpg","width":1772,"height":2480},{"@type":"BreadcrumbList","@id":"https:\/\/letrame.com\/catalogo\/producto\/horizontes-infinitos\/#breadcrumb","itemListElement":[{"@type":"ListItem","position":1,"name":"Portada","item":"https:\/\/letrame.com\/catalogo\/"},{"@type":"ListItem","position":2,"name":"Cat\u00e1logo","item":"https:\/\/letrame.com\/catalogo\/"},{"@type":"ListItem","position":3,"name":"Horizontes infinitos"}]},{"@type":"WebSite","@id":"https:\/\/letrame.com\/catalogo\/#website","url":"https:\/\/letrame.com\/catalogo\/","name":"Catalogo | Letrame Grupo Editorial","description":"","publisher":{"@id":"https:\/\/letrame.com\/catalogo\/#organization"},"potentialAction":[{"@type":"SearchAction","target":{"@type":"EntryPoint","urlTemplate":"https:\/\/letrame.com\/catalogo\/?s={search_term_string}"},"query-input":{"@type":"PropertyValueSpecification","valueRequired":true,"valueName":"search_term_string"}}],"inLanguage":"es"},{"@type":"Organization","@id":"https:\/\/letrame.com\/catalogo\/#organization","name":"Catalogo | Letrame Grupo Editorial","url":"https:\/\/letrame.com\/catalogo\/","logo":{"@type":"ImageObject","inLanguage":"es","@id":"https:\/\/letrame.com\/catalogo\/#\/schema\/logo\/image\/","url":"https:\/\/letrame.com\/catalogo\/wp-content\/uploads\/2024\/03\/logo2.webp","contentUrl":"https:\/\/letrame.com\/catalogo\/wp-content\/uploads\/2024\/03\/logo2.webp","width":394,"height":128,"caption":"Catalogo | Letrame Grupo Editorial"},"image":{"@id":"https:\/\/letrame.com\/catalogo\/#\/schema\/logo\/image\/"}}]}},"_links":{"self":[{"href":"https:\/\/letrame.com\/catalogo\/wp-json\/wp\/v2\/product\/110809","targetHints":{"allow":["GET"]}}],"collection":[{"href":"https:\/\/letrame.com\/catalogo\/wp-json\/wp\/v2\/product"}],"about":[{"href":"https:\/\/letrame.com\/catalogo\/wp-json\/wp\/v2\/types\/product"}],"replies":[{"embeddable":true,"href":"https:\/\/letrame.com\/catalogo\/wp-json\/wp\/v2\/comments?post=110809"}],"acf:post":[{"embeddable":true,"href":"https:\/\/letrame.com\/catalogo\/wp-json\/wp\/v2\/author_book\/110810"}],"wp:featuredmedia":[{"embeddable":true,"href":"https:\/\/letrame.com\/catalogo\/wp-json\/wp\/v2\/media\/110813"}],"wp:attachment":[{"href":"https:\/\/letrame.com\/catalogo\/wp-json\/wp\/v2\/media?parent=110809"}],"wp:term":[{"taxonomy":"libro","embeddable":true,"href":"https:\/\/letrame.com\/catalogo\/wp-json\/wp\/v2\/libro?post=110809"},{"taxonomy":"product_brand","embeddable":true,"href":"https:\/\/letrame.com\/catalogo\/wp-json\/wp\/v2\/product_brand?post=110809"},{"taxonomy":"product_cat","embeddable":true,"href":"https:\/\/letrame.com\/catalogo\/wp-json\/wp\/v2\/product_cat?post=110809"},{"taxonomy":"product_tag","embeddable":true,"href":"https:\/\/letrame.com\/catalogo\/wp-json\/wp\/v2\/product_tag?post=110809"}],"curies":[{"name":"wp","href":"https:\/\/api.w.org\/{rel}","templated":true}]}}