{"id":110806,"date":"2026-01-13T09:58:00","date_gmt":"2026-01-13T08:58:00","guid":{"rendered":"https:\/\/letrame.com\/catalogo\/?post_type=product&#038;p=110806"},"modified":"2026-01-13T09:58:00","modified_gmt":"2026-01-13T08:58:00","slug":"brisas-palos-velas-y-tempestades","status":"publish","type":"product","link":"https:\/\/letrame.com\/catalogo\/producto\/brisas-palos-velas-y-tempestades\/","title":{"rendered":"Brisas, palos, velas y tempestades"},"content":{"rendered":"<p class=\"p1\"><b>ISBN:<\/b>978-84-1089-393-1<\/p>\n<p class=\"p1\"><b>T\u00edtulo:<\/b>Brisas, palos, velas y tempestades<br \/>\n<b>Fecha:<\/b><strong>\u00a0<\/strong>2024<br \/>\n<b>P\u00e1ginas:\u00a0<\/b>312<b><\/b><\/p>\n<p class=\"p1\"><b>SINOPSIS<\/b><\/p>\n<p>Brisas, Palos, Velas y Tempestades es una selecci\u00f3n de relatos y cuentos en la misma l\u00ednea de flotaci\u00f3n y perspectiva que los del anterior libro El ojo de la aguja. El t\u00edtulo indica la variedad de ellos, duros como m\u00e1stiles que aguantan tempestades o suaves como velas infladas con brisas moderadas. Y cada palo debe aguantar su vela, tanto los recios y rectos como los m\u00e1s delicados, que tambi\u00e9n cumplen su funci\u00f3n. No es lo mismo el palo que tiene que soportar la vela mayor que el baupr\u00e9s que asegura los estayes del trinquete y, por este motivo, cada tema de los relatos tiene su forma particular de afrontarlo. Las velas se despliegan con brisas y vientos moderados hasta un l\u00edmite. Hay vientos que soplan con tanta fuerza que ya es imposible navegar. Sucede lo mismo si hay eso que llaman \u00abcalma chicha\u00bb. En uno y otro caso no se ver\u00e1n velas en los palos. Por eso, la escala, la proporcionalidad y la moderaci\u00f3n son importantes para que las cosas sean adecuadas en el debido t\u00e9rmino, ya sea en la salida al mar, en un asunto amoroso o en una reprimenda. Deseo que la lectura de este libro sirva para un navegar placentero o con tempestades moderadas y en ning\u00fan caso haya \u00abcalma chicha\u00bb.<\/p>\n","protected":false},"excerpt":{"rendered":"<p class=\"p1\"><b>ISBN:<\/b>978-84-1089-393-1<\/p>\n<p class=\"p1\"><b>SINOPSIS<\/b><\/p>\n<p>Brisas, Palos, Velas y Tempestades es una selecci\u00f3n de relatos y cuentos en la misma l\u00ednea de flotaci\u00f3n y perspectiva que los del anterior libro El ojo de la aguja. El t\u00edtulo indica la variedad de ellos, duros como m\u00e1stiles que aguantan tempestades o suaves como velas infladas con brisas moderadas. Y cada palo debe aguantar su vela, tanto los recios y rectos como los m\u00e1s delicados, que tambi\u00e9n cumplen su funci\u00f3n. No es lo mismo el palo que tiene que soportar la vela mayor que el baupr\u00e9s que asegura los estayes del trinquete y, por este motivo, cada tema de los relatos tiene su forma particular de afrontarlo. Las velas se despliegan con brisas y vientos moderados hasta un l\u00edmite. Hay vientos que soplan con tanta fuerza que ya es imposible navegar. Sucede lo mismo si hay eso que llaman \u00abcalma chicha\u00bb. En uno y otro caso no se ver\u00e1n velas en los palos. Por eso, la escala, la proporcionalidad y la moderaci\u00f3n son importantes para que las cosas sean adecuadas en el debido t\u00e9rmino, ya sea en la salida al mar, en un asunto amoroso o en una reprimenda. Deseo que la lectura de este libro sirva para un navegar placentero o con tempestades moderadas y en ning\u00fan caso haya \u00abcalma chicha\u00bb.<\/p>\n","protected":false},"featured_media":110807,"comment_status":"open","ping_status":"closed","template":"","meta":{"_acf_changed":false},"libro":[],"product_brand":[],"product_cat":[133],"product_tag":[],"class_list":{"0":"post-110806","1":"product","2":"type-product","3":"status-publish","4":"has-post-thumbnail","6":"product_cat-no-ficcion","8":"first","9":"instock","10":"shipping-taxable","11":"product-type-simple"},"acf":{"autor":[76858],"enlace_de_compra":"https:\/\/www.amazon.es\/Brisas-palos-velas-tempestades-ficci%C3%B3n\/dp\/8410893932\/ref=sr_1_1?__mk_es_ES=%C3%85M%C3%85%C5%BD%C3%95%C3%91&crid=1XJ9XIWPNF82Z&dib=eyJ2IjoiMSJ9.Dx6_DQbtj0uJthixxdNReA.MU1u80rx2_MraK1pycJk2qEcu2eZqXe9MH-wmjzQcuc&dib_tag=se&keywords=brisas%2C+palos&qid=1768294481&sprefix=brisas+palo%2Caps%2C273&sr=8-1"},"yoast_head":"<!-- This site is optimized with the Yoast SEO plugin v27.4 - https:\/\/yoast.com\/product\/yoast-seo-wordpress\/ -->\n<title>Brisas, palos, velas y tempestades - Catalogo | Letrame Grupo Editorial<\/title>\n<meta name=\"robots\" content=\"index, follow, max-snippet:-1, max-image-preview:large, max-video-preview:-1\" \/>\n<link rel=\"canonical\" href=\"https:\/\/letrame.com\/catalogo\/producto\/brisas-palos-velas-y-tempestades\/\" \/>\n<meta property=\"og:locale\" content=\"es_ES\" \/>\n<meta property=\"og:type\" content=\"article\" \/>\n<meta property=\"og:title\" content=\"Brisas, palos, velas y tempestades - Catalogo | Letrame Grupo Editorial\" \/>\n<meta property=\"og:description\" content=\"ISBN:978-84-1089-393-1 SINOPSIS Brisas, Palos, Velas y Tempestades es una selecci\u00f3n de relatos y cuentos en la misma l\u00ednea de flotaci\u00f3n y perspectiva que los del anterior libro El ojo de la aguja. El t\u00edtulo indica la variedad de ellos, duros como m\u00e1stiles que aguantan tempestades o suaves como velas infladas con brisas moderadas. Y cada palo debe aguantar su vela, tanto los recios y rectos como los m\u00e1s delicados, que tambi\u00e9n cumplen su funci\u00f3n. No es lo mismo el palo que tiene que soportar la vela mayor que el baupr\u00e9s que asegura los estayes del trinquete y, por este motivo, cada tema de los relatos tiene su forma particular de afrontarlo. Las velas se despliegan con brisas y vientos moderados hasta un l\u00edmite. Hay vientos que soplan con tanta fuerza que ya es imposible navegar. Sucede lo mismo si hay eso que llaman \u00abcalma chicha\u00bb. En uno y otro caso no se ver\u00e1n velas en los palos. Por eso, la escala, la proporcionalidad y la moderaci\u00f3n son importantes para que las cosas sean adecuadas en el debido t\u00e9rmino, ya sea en la salida al mar, en un asunto amoroso o en una reprimenda. Deseo que la lectura de este libro sirva para un navegar placentero o con tempestades moderadas y en ning\u00fan caso haya \u00abcalma chicha\u00bb.\" \/>\n<meta property=\"og:url\" content=\"https:\/\/letrame.com\/catalogo\/producto\/brisas-palos-velas-y-tempestades\/\" \/>\n<meta property=\"og:site_name\" content=\"Catalogo | Letrame Grupo Editorial\" \/>\n<meta property=\"og:image\" content=\"https:\/\/letrame.com\/catalogo\/wp-content\/uploads\/2026\/01\/p_briaspalos_1728mm.jpg\" \/>\n\t<meta property=\"og:image:width\" content=\"1240\" \/>\n\t<meta property=\"og:image:height\" content=\"1748\" \/>\n\t<meta property=\"og:image:type\" content=\"image\/jpeg\" \/>\n<meta name=\"twitter:card\" content=\"summary_large_image\" \/>\n<meta name=\"twitter:label1\" content=\"Tiempo de lectura\" \/>\n\t<meta name=\"twitter:data1\" content=\"2 minutos\" \/>\n<script type=\"application\/ld+json\" class=\"yoast-schema-graph\">{\"@context\":\"https:\\\/\\\/schema.org\",\"@graph\":[{\"@type\":\"WebPage\",\"@id\":\"https:\\\/\\\/letrame.com\\\/catalogo\\\/producto\\\/brisas-palos-velas-y-tempestades\\\/\",\"url\":\"https:\\\/\\\/letrame.com\\\/catalogo\\\/producto\\\/brisas-palos-velas-y-tempestades\\\/\",\"name\":\"Brisas, palos, velas y tempestades - Catalogo | Letrame Grupo Editorial\",\"isPartOf\":{\"@id\":\"https:\\\/\\\/letrame.com\\\/catalogo\\\/#website\"},\"primaryImageOfPage\":{\"@id\":\"https:\\\/\\\/letrame.com\\\/catalogo\\\/producto\\\/brisas-palos-velas-y-tempestades\\\/#primaryimage\"},\"image\":{\"@id\":\"https:\\\/\\\/letrame.com\\\/catalogo\\\/producto\\\/brisas-palos-velas-y-tempestades\\\/#primaryimage\"},\"thumbnailUrl\":\"https:\\\/\\\/letrame.com\\\/catalogo\\\/wp-content\\\/uploads\\\/2026\\\/01\\\/p_briaspalos_1728mm.jpg\",\"datePublished\":\"2026-01-13T08:58:00+00:00\",\"breadcrumb\":{\"@id\":\"https:\\\/\\\/letrame.com\\\/catalogo\\\/producto\\\/brisas-palos-velas-y-tempestades\\\/#breadcrumb\"},\"inLanguage\":\"es\",\"potentialAction\":[{\"@type\":\"ReadAction\",\"target\":[\"https:\\\/\\\/letrame.com\\\/catalogo\\\/producto\\\/brisas-palos-velas-y-tempestades\\\/\"]}]},{\"@type\":\"ImageObject\",\"inLanguage\":\"es\",\"@id\":\"https:\\\/\\\/letrame.com\\\/catalogo\\\/producto\\\/brisas-palos-velas-y-tempestades\\\/#primaryimage\",\"url\":\"https:\\\/\\\/letrame.com\\\/catalogo\\\/wp-content\\\/uploads\\\/2026\\\/01\\\/p_briaspalos_1728mm.jpg\",\"contentUrl\":\"https:\\\/\\\/letrame.com\\\/catalogo\\\/wp-content\\\/uploads\\\/2026\\\/01\\\/p_briaspalos_1728mm.jpg\",\"width\":1240,\"height\":1748},{\"@type\":\"BreadcrumbList\",\"@id\":\"https:\\\/\\\/letrame.com\\\/catalogo\\\/producto\\\/brisas-palos-velas-y-tempestades\\\/#breadcrumb\",\"itemListElement\":[{\"@type\":\"ListItem\",\"position\":1,\"name\":\"Portada\",\"item\":\"https:\\\/\\\/letrame.com\\\/catalogo\\\/\"},{\"@type\":\"ListItem\",\"position\":2,\"name\":\"Cat\u00e1logo\",\"item\":\"https:\\\/\\\/letrame.com\\\/catalogo\\\/\"},{\"@type\":\"ListItem\",\"position\":3,\"name\":\"Brisas, palos, velas y tempestades\"}]},{\"@type\":\"WebSite\",\"@id\":\"https:\\\/\\\/letrame.com\\\/catalogo\\\/#website\",\"url\":\"https:\\\/\\\/letrame.com\\\/catalogo\\\/\",\"name\":\"Catalogo | Letrame Grupo Editorial\",\"description\":\"\",\"publisher\":{\"@id\":\"https:\\\/\\\/letrame.com\\\/catalogo\\\/#organization\"},\"potentialAction\":[{\"@type\":\"SearchAction\",\"target\":{\"@type\":\"EntryPoint\",\"urlTemplate\":\"https:\\\/\\\/letrame.com\\\/catalogo\\\/?s={search_term_string}\"},\"query-input\":{\"@type\":\"PropertyValueSpecification\",\"valueRequired\":true,\"valueName\":\"search_term_string\"}}],\"inLanguage\":\"es\"},{\"@type\":\"Organization\",\"@id\":\"https:\\\/\\\/letrame.com\\\/catalogo\\\/#organization\",\"name\":\"Catalogo | Letrame Grupo Editorial\",\"url\":\"https:\\\/\\\/letrame.com\\\/catalogo\\\/\",\"logo\":{\"@type\":\"ImageObject\",\"inLanguage\":\"es\",\"@id\":\"https:\\\/\\\/letrame.com\\\/catalogo\\\/#\\\/schema\\\/logo\\\/image\\\/\",\"url\":\"https:\\\/\\\/letrame.com\\\/catalogo\\\/wp-content\\\/uploads\\\/2024\\\/03\\\/logo2.webp\",\"contentUrl\":\"https:\\\/\\\/letrame.com\\\/catalogo\\\/wp-content\\\/uploads\\\/2024\\\/03\\\/logo2.webp\",\"width\":394,\"height\":128,\"caption\":\"Catalogo | Letrame Grupo Editorial\"},\"image\":{\"@id\":\"https:\\\/\\\/letrame.com\\\/catalogo\\\/#\\\/schema\\\/logo\\\/image\\\/\"}}]}<\/script>\n<!-- \/ Yoast SEO plugin. -->","yoast_head_json":{"title":"Brisas, palos, velas y tempestades - Catalogo | Letrame Grupo Editorial","robots":{"index":"index","follow":"follow","max-snippet":"max-snippet:-1","max-image-preview":"max-image-preview:large","max-video-preview":"max-video-preview:-1"},"canonical":"https:\/\/letrame.com\/catalogo\/producto\/brisas-palos-velas-y-tempestades\/","og_locale":"es_ES","og_type":"article","og_title":"Brisas, palos, velas y tempestades - Catalogo | Letrame Grupo Editorial","og_description":"ISBN:978-84-1089-393-1 SINOPSIS Brisas, Palos, Velas y Tempestades es una selecci\u00f3n de relatos y cuentos en la misma l\u00ednea de flotaci\u00f3n y perspectiva que los del anterior libro El ojo de la aguja. El t\u00edtulo indica la variedad de ellos, duros como m\u00e1stiles que aguantan tempestades o suaves como velas infladas con brisas moderadas. Y cada palo debe aguantar su vela, tanto los recios y rectos como los m\u00e1s delicados, que tambi\u00e9n cumplen su funci\u00f3n. No es lo mismo el palo que tiene que soportar la vela mayor que el baupr\u00e9s que asegura los estayes del trinquete y, por este motivo, cada tema de los relatos tiene su forma particular de afrontarlo. Las velas se despliegan con brisas y vientos moderados hasta un l\u00edmite. Hay vientos que soplan con tanta fuerza que ya es imposible navegar. Sucede lo mismo si hay eso que llaman \u00abcalma chicha\u00bb. En uno y otro caso no se ver\u00e1n velas en los palos. Por eso, la escala, la proporcionalidad y la moderaci\u00f3n son importantes para que las cosas sean adecuadas en el debido t\u00e9rmino, ya sea en la salida al mar, en un asunto amoroso o en una reprimenda. Deseo que la lectura de este libro sirva para un navegar placentero o con tempestades moderadas y en ning\u00fan caso haya \u00abcalma chicha\u00bb.","og_url":"https:\/\/letrame.com\/catalogo\/producto\/brisas-palos-velas-y-tempestades\/","og_site_name":"Catalogo | Letrame Grupo Editorial","og_image":[{"width":1240,"height":1748,"url":"https:\/\/letrame.com\/catalogo\/wp-content\/uploads\/2026\/01\/p_briaspalos_1728mm.jpg","type":"image\/jpeg"}],"twitter_card":"summary_large_image","twitter_misc":{"Tiempo de lectura":"2 minutos"},"schema":{"@context":"https:\/\/schema.org","@graph":[{"@type":"WebPage","@id":"https:\/\/letrame.com\/catalogo\/producto\/brisas-palos-velas-y-tempestades\/","url":"https:\/\/letrame.com\/catalogo\/producto\/brisas-palos-velas-y-tempestades\/","name":"Brisas, palos, velas y tempestades - Catalogo | Letrame Grupo Editorial","isPartOf":{"@id":"https:\/\/letrame.com\/catalogo\/#website"},"primaryImageOfPage":{"@id":"https:\/\/letrame.com\/catalogo\/producto\/brisas-palos-velas-y-tempestades\/#primaryimage"},"image":{"@id":"https:\/\/letrame.com\/catalogo\/producto\/brisas-palos-velas-y-tempestades\/#primaryimage"},"thumbnailUrl":"https:\/\/letrame.com\/catalogo\/wp-content\/uploads\/2026\/01\/p_briaspalos_1728mm.jpg","datePublished":"2026-01-13T08:58:00+00:00","breadcrumb":{"@id":"https:\/\/letrame.com\/catalogo\/producto\/brisas-palos-velas-y-tempestades\/#breadcrumb"},"inLanguage":"es","potentialAction":[{"@type":"ReadAction","target":["https:\/\/letrame.com\/catalogo\/producto\/brisas-palos-velas-y-tempestades\/"]}]},{"@type":"ImageObject","inLanguage":"es","@id":"https:\/\/letrame.com\/catalogo\/producto\/brisas-palos-velas-y-tempestades\/#primaryimage","url":"https:\/\/letrame.com\/catalogo\/wp-content\/uploads\/2026\/01\/p_briaspalos_1728mm.jpg","contentUrl":"https:\/\/letrame.com\/catalogo\/wp-content\/uploads\/2026\/01\/p_briaspalos_1728mm.jpg","width":1240,"height":1748},{"@type":"BreadcrumbList","@id":"https:\/\/letrame.com\/catalogo\/producto\/brisas-palos-velas-y-tempestades\/#breadcrumb","itemListElement":[{"@type":"ListItem","position":1,"name":"Portada","item":"https:\/\/letrame.com\/catalogo\/"},{"@type":"ListItem","position":2,"name":"Cat\u00e1logo","item":"https:\/\/letrame.com\/catalogo\/"},{"@type":"ListItem","position":3,"name":"Brisas, palos, velas y tempestades"}]},{"@type":"WebSite","@id":"https:\/\/letrame.com\/catalogo\/#website","url":"https:\/\/letrame.com\/catalogo\/","name":"Catalogo | Letrame Grupo Editorial","description":"","publisher":{"@id":"https:\/\/letrame.com\/catalogo\/#organization"},"potentialAction":[{"@type":"SearchAction","target":{"@type":"EntryPoint","urlTemplate":"https:\/\/letrame.com\/catalogo\/?s={search_term_string}"},"query-input":{"@type":"PropertyValueSpecification","valueRequired":true,"valueName":"search_term_string"}}],"inLanguage":"es"},{"@type":"Organization","@id":"https:\/\/letrame.com\/catalogo\/#organization","name":"Catalogo | Letrame Grupo Editorial","url":"https:\/\/letrame.com\/catalogo\/","logo":{"@type":"ImageObject","inLanguage":"es","@id":"https:\/\/letrame.com\/catalogo\/#\/schema\/logo\/image\/","url":"https:\/\/letrame.com\/catalogo\/wp-content\/uploads\/2024\/03\/logo2.webp","contentUrl":"https:\/\/letrame.com\/catalogo\/wp-content\/uploads\/2024\/03\/logo2.webp","width":394,"height":128,"caption":"Catalogo | Letrame Grupo Editorial"},"image":{"@id":"https:\/\/letrame.com\/catalogo\/#\/schema\/logo\/image\/"}}]}},"_links":{"self":[{"href":"https:\/\/letrame.com\/catalogo\/wp-json\/wp\/v2\/product\/110806","targetHints":{"allow":["GET"]}}],"collection":[{"href":"https:\/\/letrame.com\/catalogo\/wp-json\/wp\/v2\/product"}],"about":[{"href":"https:\/\/letrame.com\/catalogo\/wp-json\/wp\/v2\/types\/product"}],"replies":[{"embeddable":true,"href":"https:\/\/letrame.com\/catalogo\/wp-json\/wp\/v2\/comments?post=110806"}],"acf:post":[{"embeddable":true,"href":"https:\/\/letrame.com\/catalogo\/wp-json\/wp\/v2\/author_book\/76858"}],"wp:featuredmedia":[{"embeddable":true,"href":"https:\/\/letrame.com\/catalogo\/wp-json\/wp\/v2\/media\/110807"}],"wp:attachment":[{"href":"https:\/\/letrame.com\/catalogo\/wp-json\/wp\/v2\/media?parent=110806"}],"wp:term":[{"taxonomy":"libro","embeddable":true,"href":"https:\/\/letrame.com\/catalogo\/wp-json\/wp\/v2\/libro?post=110806"},{"taxonomy":"product_brand","embeddable":true,"href":"https:\/\/letrame.com\/catalogo\/wp-json\/wp\/v2\/product_brand?post=110806"},{"taxonomy":"product_cat","embeddable":true,"href":"https:\/\/letrame.com\/catalogo\/wp-json\/wp\/v2\/product_cat?post=110806"},{"taxonomy":"product_tag","embeddable":true,"href":"https:\/\/letrame.com\/catalogo\/wp-json\/wp\/v2\/product_tag?post=110806"}],"curies":[{"name":"wp","href":"https:\/\/api.w.org\/{rel}","templated":true}]}}