{"id":110783,"date":"2026-01-12T13:53:53","date_gmt":"2026-01-12T12:53:53","guid":{"rendered":"https:\/\/letrame.com\/catalogo\/?post_type=product&#038;p=110783"},"modified":"2026-01-12T13:53:53","modified_gmt":"2026-01-12T12:53:53","slug":"she-is-luna","status":"publish","type":"product","link":"https:\/\/letrame.com\/catalogo\/producto\/she-is-luna\/","title":{"rendered":"She is Luna"},"content":{"rendered":"<p class=\"p1\"><b>ISBN:\u00a0<\/b>979-13-7029-141-9<\/p>\n<p class=\"p1\"><b>T\u00edtulo:\u00a0<\/b>She is Luna<br \/>\n<b>Fecha:\u00a0<\/b>2025<br \/>\n<b>P\u00e1ginas:\u00a0<\/b>530<b><\/b><\/p>\n<p class=\"p1\"><b>SINOPSIS<\/b><\/p>\n<p>Mercadela, un reino ubicado entre las monta\u00f1as m\u00e1s altas del continente de Sta-la -sector militar del gran y antiguo imperio que le dio su nombre-, cumple ya 47 a\u00f1os desde su independencia. El rey Philip est\u00e1 prepar\u00e1ndose para otorgarle el mando del reino a su primog\u00e9nito, mientras que el continente, y Erde, guardan sus secretos a simple vista.<\/p>\n<p>Aster Luna Gerbera Ortus es la princesa de Mercadela, hija segunda del rey Philip y hermana menor del pr\u00edncipe heredero al trono, Alastair. Esta princesa, aparentemente normal, sofisticada y elegante como cualquier otra, es una aprendiz de todo y maestra de nada. Busca dejar de vivir a la sombra del reinado de su padre y comenzar a vivir por s\u00ed misma, una haza\u00f1a que, en el a\u00f1o 289 desde la fundaci\u00f3n del antiguo Imperio, a\u00fan es demasiado compleja. Depende de la vida que le otorga su padre, el rey, con todas sus comodidades y reglas, adem\u00e1s de su pueblo, con el cual siente una profunda admiraci\u00f3n y conexi\u00f3n.<\/p>\n<p>Aster, due\u00f1a de su coraz\u00f3n apenas, tiene que embarcarse en desaf\u00edos que van m\u00e1s all\u00e1 de sus conocimientos. Pruebas que la superan y que, muchas veces, logran que pierda el juicio. Si Aster logra lo que se ha propuesto, es un misterio, \u00bfQu\u00e9 desaf\u00edos y problemas encontrar\u00e1 en su camino y cu\u00e1l ser\u00e1 su propuesta de vida?<\/p>\n","protected":false},"excerpt":{"rendered":"<p class=\"p1\"><b>ISBN:\u00a0<\/b>979-13-7029-141-9<\/p>\n<p class=\"p1\"><b>SINOPSIS<\/b><\/p>\n<p>Mercadela, un reino ubicado entre las monta\u00f1as m\u00e1s altas del continente de Sta-la -sector militar del gran y antiguo imperio que le dio su nombre-, cumple ya 47 a\u00f1os desde su independencia. El rey Philip est\u00e1 prepar\u00e1ndose para otorgarle el mando del reino a su primog\u00e9nito, mientras que el continente, y Erde, guardan sus secretos a simple vista.<\/p>\n<p>Aster Luna Gerbera Ortus es la princesa de Mercadela, hija segunda del rey Philip y hermana menor del pr\u00edncipe heredero al trono, Alastair. Esta princesa, aparentemente normal, sofisticada y elegante como cualquier otra, es una aprendiz de todo y maestra de nada. Busca dejar de vivir a la sombra del reinado de su padre y comenzar a vivir por s\u00ed misma, una haza\u00f1a que, en el a\u00f1o 289 desde la fundaci\u00f3n del antiguo Imperio, a\u00fan es demasiado compleja. Depende de la vida que le otorga su padre, el rey, con todas sus comodidades y reglas, adem\u00e1s de su pueblo, con el cual siente una profunda admiraci\u00f3n y conexi\u00f3n.<\/p>\n<p>Aster, due\u00f1a de su coraz\u00f3n apenas, tiene que embarcarse en desaf\u00edos que van m\u00e1s all\u00e1 de sus conocimientos. Pruebas que la superan y que, muchas veces, logran que pierda el juicio. Si Aster logra lo que se ha propuesto, es un misterio, \u00bfQu\u00e9 desaf\u00edos y problemas encontrar\u00e1 en su camino y cu\u00e1l ser\u00e1 su propuesta de vida?<\/p>\n","protected":false},"featured_media":110787,"comment_status":"open","ping_status":"closed","template":"","meta":{"_acf_changed":false},"libro":[],"product_brand":[],"product_cat":[118],"product_tag":[],"class_list":{"0":"post-110783","1":"product","2":"type-product","3":"status-publish","4":"has-post-thumbnail","6":"product_cat-fantasia","8":"first","9":"instock","10":"shipping-taxable","11":"product-type-simple"},"acf":{"autor":[110784],"enlace_de_compra":"https:\/\/www.amazon.es\/She-Luna-Charlie-Cort%C3%A9s-Antilao\/dp\/B0GD2749P1\/ref=sr_1_1?__mk_es_ES=%C3%85M%C3%85%C5%BD%C3%95%C3%91&crid=2OLR0X5NLJ0QI&dib=eyJ2IjoiMSJ9.PLA7EDN4mpylCVhJWF8E24Qc1oEwd-s0ViLNTHkkDdlvPX7GxZXZKCd9PrBSt2sWjZxs-aT7jJGRgC7ovA-3UJBoJ6HpvkVvdRQ3Z4TTi6xeT_LniYIsqrCv8lMxUNAj.6IEmIkTApc9-OI4MgP6DUG_6ibG4yHotHTcVQZ7CSRI&dib_tag=se&keywords=she+is+luna&qid=1768222209&sprefix=she+is+luna%2Caps%2C258&sr=8-1"},"yoast_head":"<!-- This site is optimized with the Yoast SEO plugin v26.6 - https:\/\/yoast.com\/wordpress\/plugins\/seo\/ -->\n<title>She is Luna - Catalogo | Letrame Grupo Editorial<\/title>\n<meta name=\"robots\" content=\"index, follow, max-snippet:-1, max-image-preview:large, max-video-preview:-1\" \/>\n<link rel=\"canonical\" href=\"https:\/\/letrame.com\/catalogo\/producto\/she-is-luna\/\" \/>\n<meta property=\"og:locale\" content=\"es_ES\" \/>\n<meta property=\"og:type\" content=\"article\" \/>\n<meta property=\"og:title\" content=\"She is Luna - Catalogo | Letrame Grupo Editorial\" \/>\n<meta property=\"og:description\" content=\"ISBN:\u00a0979-13-7029-141-9 SINOPSIS Mercadela, un reino ubicado entre las monta\u00f1as m\u00e1s altas del continente de Sta-la -sector militar del gran y antiguo imperio que le dio su nombre-, cumple ya 47 a\u00f1os desde su independencia. El rey Philip est\u00e1 prepar\u00e1ndose para otorgarle el mando del reino a su primog\u00e9nito, mientras que el continente, y Erde, guardan sus secretos a simple vista.  Aster Luna Gerbera Ortus es la princesa de Mercadela, hija segunda del rey Philip y hermana menor del pr\u00edncipe heredero al trono, Alastair. Esta princesa, aparentemente normal, sofisticada y elegante como cualquier otra, es una aprendiz de todo y maestra de nada. Busca dejar de vivir a la sombra del reinado de su padre y comenzar a vivir por s\u00ed misma, una haza\u00f1a que, en el a\u00f1o 289 desde la fundaci\u00f3n del antiguo Imperio, a\u00fan es demasiado compleja. Depende de la vida que le otorga su padre, el rey, con todas sus comodidades y reglas, adem\u00e1s de su pueblo, con el cual siente una profunda admiraci\u00f3n y conexi\u00f3n.  Aster, due\u00f1a de su coraz\u00f3n apenas, tiene que embarcarse en desaf\u00edos que van m\u00e1s all\u00e1 de sus conocimientos. Pruebas que la superan y que, muchas veces, logran que pierda el juicio. Si Aster logra lo que se ha propuesto, es un misterio, \u00bfQu\u00e9 desaf\u00edos y problemas encontrar\u00e1 en su camino y cu\u00e1l ser\u00e1 su propuesta de vida?\" \/>\n<meta property=\"og:url\" content=\"https:\/\/letrame.com\/catalogo\/producto\/she-is-luna\/\" \/>\n<meta property=\"og:site_name\" content=\"Catalogo | Letrame Grupo Editorial\" \/>\n<meta property=\"og:image\" content=\"https:\/\/letrame.com\/catalogo\/wp-content\/uploads\/2026\/01\/sheisluna_26mm3-scaled.jpg\" \/>\n\t<meta property=\"og:image:width\" content=\"1781\" \/>\n\t<meta property=\"og:image:height\" content=\"2560\" \/>\n\t<meta property=\"og:image:type\" content=\"image\/jpeg\" \/>\n<meta name=\"twitter:card\" content=\"summary_large_image\" \/>\n<meta name=\"twitter:label1\" content=\"Tiempo de lectura\" \/>\n\t<meta name=\"twitter:data1\" content=\"2 minutos\" \/>\n<script type=\"application\/ld+json\" class=\"yoast-schema-graph\">{\"@context\":\"https:\/\/schema.org\",\"@graph\":[{\"@type\":\"WebPage\",\"@id\":\"https:\/\/letrame.com\/catalogo\/producto\/she-is-luna\/\",\"url\":\"https:\/\/letrame.com\/catalogo\/producto\/she-is-luna\/\",\"name\":\"She is Luna - Catalogo | Letrame Grupo Editorial\",\"isPartOf\":{\"@id\":\"https:\/\/letrame.com\/catalogo\/#website\"},\"primaryImageOfPage\":{\"@id\":\"https:\/\/letrame.com\/catalogo\/producto\/she-is-luna\/#primaryimage\"},\"image\":{\"@id\":\"https:\/\/letrame.com\/catalogo\/producto\/she-is-luna\/#primaryimage\"},\"thumbnailUrl\":\"https:\/\/letrame.com\/catalogo\/wp-content\/uploads\/2026\/01\/sheisluna_26mm3-scaled.jpg\",\"datePublished\":\"2026-01-12T12:53:53+00:00\",\"breadcrumb\":{\"@id\":\"https:\/\/letrame.com\/catalogo\/producto\/she-is-luna\/#breadcrumb\"},\"inLanguage\":\"es\",\"potentialAction\":[{\"@type\":\"ReadAction\",\"target\":[\"https:\/\/letrame.com\/catalogo\/producto\/she-is-luna\/\"]}]},{\"@type\":\"ImageObject\",\"inLanguage\":\"es\",\"@id\":\"https:\/\/letrame.com\/catalogo\/producto\/she-is-luna\/#primaryimage\",\"url\":\"https:\/\/letrame.com\/catalogo\/wp-content\/uploads\/2026\/01\/sheisluna_26mm3-scaled.jpg\",\"contentUrl\":\"https:\/\/letrame.com\/catalogo\/wp-content\/uploads\/2026\/01\/sheisluna_26mm3-scaled.jpg\",\"width\":1781,\"height\":2560},{\"@type\":\"BreadcrumbList\",\"@id\":\"https:\/\/letrame.com\/catalogo\/producto\/she-is-luna\/#breadcrumb\",\"itemListElement\":[{\"@type\":\"ListItem\",\"position\":1,\"name\":\"Portada\",\"item\":\"https:\/\/letrame.com\/catalogo\/\"},{\"@type\":\"ListItem\",\"position\":2,\"name\":\"Cat\u00e1logo\",\"item\":\"https:\/\/letrame.com\/catalogo\/\"},{\"@type\":\"ListItem\",\"position\":3,\"name\":\"She is Luna\"}]},{\"@type\":\"WebSite\",\"@id\":\"https:\/\/letrame.com\/catalogo\/#website\",\"url\":\"https:\/\/letrame.com\/catalogo\/\",\"name\":\"Catalogo | Letrame Grupo Editorial\",\"description\":\"\",\"publisher\":{\"@id\":\"https:\/\/letrame.com\/catalogo\/#organization\"},\"potentialAction\":[{\"@type\":\"SearchAction\",\"target\":{\"@type\":\"EntryPoint\",\"urlTemplate\":\"https:\/\/letrame.com\/catalogo\/?s={search_term_string}\"},\"query-input\":{\"@type\":\"PropertyValueSpecification\",\"valueRequired\":true,\"valueName\":\"search_term_string\"}}],\"inLanguage\":\"es\"},{\"@type\":\"Organization\",\"@id\":\"https:\/\/letrame.com\/catalogo\/#organization\",\"name\":\"Catalogo | Letrame Grupo Editorial\",\"url\":\"https:\/\/letrame.com\/catalogo\/\",\"logo\":{\"@type\":\"ImageObject\",\"inLanguage\":\"es\",\"@id\":\"https:\/\/letrame.com\/catalogo\/#\/schema\/logo\/image\/\",\"url\":\"https:\/\/letrame.com\/catalogo\/wp-content\/uploads\/2024\/03\/logo2.webp\",\"contentUrl\":\"https:\/\/letrame.com\/catalogo\/wp-content\/uploads\/2024\/03\/logo2.webp\",\"width\":394,\"height\":128,\"caption\":\"Catalogo | Letrame Grupo Editorial\"},\"image\":{\"@id\":\"https:\/\/letrame.com\/catalogo\/#\/schema\/logo\/image\/\"}}]}<\/script>\n<!-- \/ Yoast SEO plugin. -->","yoast_head_json":{"title":"She is Luna - Catalogo | Letrame Grupo Editorial","robots":{"index":"index","follow":"follow","max-snippet":"max-snippet:-1","max-image-preview":"max-image-preview:large","max-video-preview":"max-video-preview:-1"},"canonical":"https:\/\/letrame.com\/catalogo\/producto\/she-is-luna\/","og_locale":"es_ES","og_type":"article","og_title":"She is Luna - Catalogo | Letrame Grupo Editorial","og_description":"ISBN:\u00a0979-13-7029-141-9 SINOPSIS Mercadela, un reino ubicado entre las monta\u00f1as m\u00e1s altas del continente de Sta-la -sector militar del gran y antiguo imperio que le dio su nombre-, cumple ya 47 a\u00f1os desde su independencia. El rey Philip est\u00e1 prepar\u00e1ndose para otorgarle el mando del reino a su primog\u00e9nito, mientras que el continente, y Erde, guardan sus secretos a simple vista.  Aster Luna Gerbera Ortus es la princesa de Mercadela, hija segunda del rey Philip y hermana menor del pr\u00edncipe heredero al trono, Alastair. Esta princesa, aparentemente normal, sofisticada y elegante como cualquier otra, es una aprendiz de todo y maestra de nada. Busca dejar de vivir a la sombra del reinado de su padre y comenzar a vivir por s\u00ed misma, una haza\u00f1a que, en el a\u00f1o 289 desde la fundaci\u00f3n del antiguo Imperio, a\u00fan es demasiado compleja. Depende de la vida que le otorga su padre, el rey, con todas sus comodidades y reglas, adem\u00e1s de su pueblo, con el cual siente una profunda admiraci\u00f3n y conexi\u00f3n.  Aster, due\u00f1a de su coraz\u00f3n apenas, tiene que embarcarse en desaf\u00edos que van m\u00e1s all\u00e1 de sus conocimientos. Pruebas que la superan y que, muchas veces, logran que pierda el juicio. Si Aster logra lo que se ha propuesto, es un misterio, \u00bfQu\u00e9 desaf\u00edos y problemas encontrar\u00e1 en su camino y cu\u00e1l ser\u00e1 su propuesta de vida?","og_url":"https:\/\/letrame.com\/catalogo\/producto\/she-is-luna\/","og_site_name":"Catalogo | Letrame Grupo Editorial","og_image":[{"width":1781,"height":2560,"url":"https:\/\/letrame.com\/catalogo\/wp-content\/uploads\/2026\/01\/sheisluna_26mm3-scaled.jpg","type":"image\/jpeg"}],"twitter_card":"summary_large_image","twitter_misc":{"Tiempo de lectura":"2 minutos"},"schema":{"@context":"https:\/\/schema.org","@graph":[{"@type":"WebPage","@id":"https:\/\/letrame.com\/catalogo\/producto\/she-is-luna\/","url":"https:\/\/letrame.com\/catalogo\/producto\/she-is-luna\/","name":"She is Luna - Catalogo | Letrame Grupo Editorial","isPartOf":{"@id":"https:\/\/letrame.com\/catalogo\/#website"},"primaryImageOfPage":{"@id":"https:\/\/letrame.com\/catalogo\/producto\/she-is-luna\/#primaryimage"},"image":{"@id":"https:\/\/letrame.com\/catalogo\/producto\/she-is-luna\/#primaryimage"},"thumbnailUrl":"https:\/\/letrame.com\/catalogo\/wp-content\/uploads\/2026\/01\/sheisluna_26mm3-scaled.jpg","datePublished":"2026-01-12T12:53:53+00:00","breadcrumb":{"@id":"https:\/\/letrame.com\/catalogo\/producto\/she-is-luna\/#breadcrumb"},"inLanguage":"es","potentialAction":[{"@type":"ReadAction","target":["https:\/\/letrame.com\/catalogo\/producto\/she-is-luna\/"]}]},{"@type":"ImageObject","inLanguage":"es","@id":"https:\/\/letrame.com\/catalogo\/producto\/she-is-luna\/#primaryimage","url":"https:\/\/letrame.com\/catalogo\/wp-content\/uploads\/2026\/01\/sheisluna_26mm3-scaled.jpg","contentUrl":"https:\/\/letrame.com\/catalogo\/wp-content\/uploads\/2026\/01\/sheisluna_26mm3-scaled.jpg","width":1781,"height":2560},{"@type":"BreadcrumbList","@id":"https:\/\/letrame.com\/catalogo\/producto\/she-is-luna\/#breadcrumb","itemListElement":[{"@type":"ListItem","position":1,"name":"Portada","item":"https:\/\/letrame.com\/catalogo\/"},{"@type":"ListItem","position":2,"name":"Cat\u00e1logo","item":"https:\/\/letrame.com\/catalogo\/"},{"@type":"ListItem","position":3,"name":"She is Luna"}]},{"@type":"WebSite","@id":"https:\/\/letrame.com\/catalogo\/#website","url":"https:\/\/letrame.com\/catalogo\/","name":"Catalogo | Letrame Grupo Editorial","description":"","publisher":{"@id":"https:\/\/letrame.com\/catalogo\/#organization"},"potentialAction":[{"@type":"SearchAction","target":{"@type":"EntryPoint","urlTemplate":"https:\/\/letrame.com\/catalogo\/?s={search_term_string}"},"query-input":{"@type":"PropertyValueSpecification","valueRequired":true,"valueName":"search_term_string"}}],"inLanguage":"es"},{"@type":"Organization","@id":"https:\/\/letrame.com\/catalogo\/#organization","name":"Catalogo | Letrame Grupo Editorial","url":"https:\/\/letrame.com\/catalogo\/","logo":{"@type":"ImageObject","inLanguage":"es","@id":"https:\/\/letrame.com\/catalogo\/#\/schema\/logo\/image\/","url":"https:\/\/letrame.com\/catalogo\/wp-content\/uploads\/2024\/03\/logo2.webp","contentUrl":"https:\/\/letrame.com\/catalogo\/wp-content\/uploads\/2024\/03\/logo2.webp","width":394,"height":128,"caption":"Catalogo | Letrame Grupo Editorial"},"image":{"@id":"https:\/\/letrame.com\/catalogo\/#\/schema\/logo\/image\/"}}]}},"_links":{"self":[{"href":"https:\/\/letrame.com\/catalogo\/wp-json\/wp\/v2\/product\/110783","targetHints":{"allow":["GET"]}}],"collection":[{"href":"https:\/\/letrame.com\/catalogo\/wp-json\/wp\/v2\/product"}],"about":[{"href":"https:\/\/letrame.com\/catalogo\/wp-json\/wp\/v2\/types\/product"}],"replies":[{"embeddable":true,"href":"https:\/\/letrame.com\/catalogo\/wp-json\/wp\/v2\/comments?post=110783"}],"acf:post":[{"embeddable":true,"href":"https:\/\/letrame.com\/catalogo\/wp-json\/wp\/v2\/author_book\/110784"}],"wp:featuredmedia":[{"embeddable":true,"href":"https:\/\/letrame.com\/catalogo\/wp-json\/wp\/v2\/media\/110787"}],"wp:attachment":[{"href":"https:\/\/letrame.com\/catalogo\/wp-json\/wp\/v2\/media?parent=110783"}],"wp:term":[{"taxonomy":"libro","embeddable":true,"href":"https:\/\/letrame.com\/catalogo\/wp-json\/wp\/v2\/libro?post=110783"},{"taxonomy":"product_brand","embeddable":true,"href":"https:\/\/letrame.com\/catalogo\/wp-json\/wp\/v2\/product_brand?post=110783"},{"taxonomy":"product_cat","embeddable":true,"href":"https:\/\/letrame.com\/catalogo\/wp-json\/wp\/v2\/product_cat?post=110783"},{"taxonomy":"product_tag","embeddable":true,"href":"https:\/\/letrame.com\/catalogo\/wp-json\/wp\/v2\/product_tag?post=110783"}],"curies":[{"name":"wp","href":"https:\/\/api.w.org\/{rel}","templated":true}]}}