{"id":110772,"date":"2026-01-12T13:19:42","date_gmt":"2026-01-12T12:19:42","guid":{"rendered":"https:\/\/letrame.com\/catalogo\/?post_type=product&#038;p=110772"},"modified":"2026-01-12T13:19:42","modified_gmt":"2026-01-12T12:19:42","slug":"justicia-en-juicio","status":"publish","type":"product","link":"https:\/\/letrame.com\/catalogo\/producto\/justicia-en-juicio\/","title":{"rendered":"Justicia en juicio"},"content":{"rendered":"<p class=\"p1\"><b>ISBN: <\/b>979-13-7029-193-8<\/p>\n<p class=\"p1\"><b>T\u00edtulo:\u00a0<\/b>Justicia en juicio<br \/>\n<b>Fecha:<\/b> 2025<br \/>\n<b>P\u00e1ginas:\u00a0<\/b>256<b><\/b><\/p>\n<p class=\"p1\"><b>SINOPSIS<\/b><\/p>\n<p>Cuando un abuelo inmigrante es acusado del peor crimen imaginable \u2014abusar de su nieta\u2014, su destino parece decidido desde el primer momento: Una confesi\u00f3n firmada, una comunidad indignada y un sistema judicial que no duda. Pero las p\u00e1ginas de ese expediente esconden otra historia.<\/p>\n<p>Inspirada en un caso real, Justicia en juicio desnuda las grietas del sistema penal estadounidense y cuestiona los l\u00edmites entre la verdad, la ley y la compasi\u00f3n. Juan Antonio Lozada, abogado y narrador, reconstruye con precisi\u00f3n y humanidad un proceso judicial que se transforma en un viaje moral: el de quien descubre que la justicia no siempre se encuentra en los c\u00f3digos, sino en la conciencia.<\/p>\n<p>Una historia potente, valiente y necesaria sobre la presunci\u00f3n de inocencia, los prejuicios que moldean los juicios y la lucha de los m\u00e1s vulnerables por ser escuchados.<\/p>\n","protected":false},"excerpt":{"rendered":"<p class=\"p1\"><b>ISBN: <\/b>979-13-7029-193-8<\/p>\n<p class=\"p1\"><b>SINOPSIS<\/b><\/p>\n<p>Cuando un abuelo inmigrante es acusado del peor crimen imaginable \u2014abusar de su nieta\u2014, su destino parece decidido desde el primer momento: Una confesi\u00f3n firmada, una comunidad indignada y un sistema judicial que no duda. Pero las p\u00e1ginas de ese expediente esconden otra historia.<\/p>\n<p>Inspirada en un caso real, Justicia en juicio desnuda las grietas del sistema penal estadounidense y cuestiona los l\u00edmites entre la verdad, la ley y la compasi\u00f3n. Juan Antonio Lozada, abogado y narrador, reconstruye con precisi\u00f3n y humanidad un proceso judicial que se transforma en un viaje moral: el de quien descubre que la justicia no siempre se encuentra en los c\u00f3digos, sino en la conciencia.<\/p>\n<p>Una historia potente, valiente y necesaria sobre la presunci\u00f3n de inocencia, los prejuicios que moldean los juicios y la lucha de los m\u00e1s vulnerables por ser escuchados.<\/p>\n","protected":false},"featured_media":110776,"comment_status":"open","ping_status":"closed","template":"","meta":{"_acf_changed":false},"libro":[],"product_brand":[],"product_cat":[133],"product_tag":[],"class_list":{"0":"post-110772","1":"product","2":"type-product","3":"status-publish","4":"has-post-thumbnail","6":"product_cat-no-ficcion","8":"first","9":"instock","10":"shipping-taxable","11":"product-type-simple"},"acf":{"autor":[110773],"enlace_de_compra":"https:\/\/www.amazon.es\/Justicia-juicio-Juan-Antonio-Lozada\/dp\/B0GD228RQ5\/ref=sr_1_1?__mk_es_ES=%C3%85M%C3%85%C5%BD%C3%95%C3%91&crid=3MWNYU9F846IV&dib=eyJ2IjoiMSJ9.KQfOtsB7ciwTJBo7JJ8pJ4Htlke-AsIWKmlF2gH45R_LVP9-VkY3ePWG_EsFbhbsKWfOXvf5klKml8izUIo90PNqwqfZO1jtcg1jq4LtALevDe1jogMd_ZK6xhLuqF4NqcVad-Quu4JuvVV51qID_oR7U-1tTDrorRtpzoEeYxajZ2GkhGEjy9Ommd9WUlb5xL0YuL2dZ1GXDqQNytAOp_b6dEKUm2JyiNKjMXA_4tH8BBJK7MALbR8pdR5CVtwGfl-mfIjZVcvnMLv6sBKXh_ZWmC4FeUjvQ9NCQjx_m_M.ofFDEZMAIDxcrQkYJ3i7SWmguhIQ41nxaY5CiOpoWg0&dib_tag=se&keywords=justicia+en+juicio&qid=1768220122&sprefix=justicia+en+juici%2Caps%2C331&sr=8-1"},"yoast_head":"<!-- This site is optimized with the Yoast SEO plugin v26.6 - https:\/\/yoast.com\/wordpress\/plugins\/seo\/ -->\n<title>Justicia en juicio - Catalogo | Letrame Grupo Editorial<\/title>\n<meta name=\"robots\" content=\"index, follow, max-snippet:-1, max-image-preview:large, max-video-preview:-1\" \/>\n<link rel=\"canonical\" href=\"https:\/\/letrame.com\/catalogo\/producto\/justicia-en-juicio\/\" \/>\n<meta property=\"og:locale\" content=\"es_ES\" \/>\n<meta property=\"og:type\" content=\"article\" \/>\n<meta property=\"og:title\" content=\"Justicia en juicio - Catalogo | Letrame Grupo Editorial\" \/>\n<meta property=\"og:description\" content=\"ISBN: 979-13-7029-193-8 SINOPSIS Cuando un abuelo inmigrante es acusado del peor crimen imaginable \u2014abusar de su nieta\u2014, su destino parece decidido desde el primer momento: Una confesi\u00f3n firmada, una comunidad indignada y un sistema judicial que no duda. Pero las p\u00e1ginas de ese expediente esconden otra historia.  Inspirada en un caso real, Justicia en juicio desnuda las grietas del sistema penal estadounidense y cuestiona los l\u00edmites entre la verdad, la ley y la compasi\u00f3n. Juan Antonio Lozada, abogado y narrador, reconstruye con precisi\u00f3n y humanidad un proceso judicial que se transforma en un viaje moral: el de quien descubre que la justicia no siempre se encuentra en los c\u00f3digos, sino en la conciencia.  Una historia potente, valiente y necesaria sobre la presunci\u00f3n de inocencia, los prejuicios que moldean los juicios y la lucha de los m\u00e1s vulnerables por ser escuchados.\" \/>\n<meta property=\"og:url\" content=\"https:\/\/letrame.com\/catalogo\/producto\/justicia-en-juicio\/\" \/>\n<meta property=\"og:site_name\" content=\"Catalogo | Letrame Grupo Editorial\" \/>\n<meta property=\"og:image\" content=\"https:\/\/letrame.com\/catalogo\/wp-content\/uploads\/2026\/01\/justiciaenjuicio_1276mm4-scaled.jpg\" \/>\n\t<meta property=\"og:image:width\" content=\"1745\" \/>\n\t<meta property=\"og:image:height\" content=\"2560\" \/>\n\t<meta property=\"og:image:type\" content=\"image\/jpeg\" \/>\n<meta name=\"twitter:card\" content=\"summary_large_image\" \/>\n<meta name=\"twitter:label1\" content=\"Tiempo de lectura\" \/>\n\t<meta name=\"twitter:data1\" content=\"1 minuto\" \/>\n<script type=\"application\/ld+json\" class=\"yoast-schema-graph\">{\"@context\":\"https:\/\/schema.org\",\"@graph\":[{\"@type\":\"WebPage\",\"@id\":\"https:\/\/letrame.com\/catalogo\/producto\/justicia-en-juicio\/\",\"url\":\"https:\/\/letrame.com\/catalogo\/producto\/justicia-en-juicio\/\",\"name\":\"Justicia en juicio - Catalogo | Letrame Grupo Editorial\",\"isPartOf\":{\"@id\":\"https:\/\/letrame.com\/catalogo\/#website\"},\"primaryImageOfPage\":{\"@id\":\"https:\/\/letrame.com\/catalogo\/producto\/justicia-en-juicio\/#primaryimage\"},\"image\":{\"@id\":\"https:\/\/letrame.com\/catalogo\/producto\/justicia-en-juicio\/#primaryimage\"},\"thumbnailUrl\":\"https:\/\/letrame.com\/catalogo\/wp-content\/uploads\/2026\/01\/justiciaenjuicio_1276mm4-scaled.jpg\",\"datePublished\":\"2026-01-12T12:19:42+00:00\",\"breadcrumb\":{\"@id\":\"https:\/\/letrame.com\/catalogo\/producto\/justicia-en-juicio\/#breadcrumb\"},\"inLanguage\":\"es\",\"potentialAction\":[{\"@type\":\"ReadAction\",\"target\":[\"https:\/\/letrame.com\/catalogo\/producto\/justicia-en-juicio\/\"]}]},{\"@type\":\"ImageObject\",\"inLanguage\":\"es\",\"@id\":\"https:\/\/letrame.com\/catalogo\/producto\/justicia-en-juicio\/#primaryimage\",\"url\":\"https:\/\/letrame.com\/catalogo\/wp-content\/uploads\/2026\/01\/justiciaenjuicio_1276mm4-scaled.jpg\",\"contentUrl\":\"https:\/\/letrame.com\/catalogo\/wp-content\/uploads\/2026\/01\/justiciaenjuicio_1276mm4-scaled.jpg\",\"width\":1745,\"height\":2560},{\"@type\":\"BreadcrumbList\",\"@id\":\"https:\/\/letrame.com\/catalogo\/producto\/justicia-en-juicio\/#breadcrumb\",\"itemListElement\":[{\"@type\":\"ListItem\",\"position\":1,\"name\":\"Portada\",\"item\":\"https:\/\/letrame.com\/catalogo\/\"},{\"@type\":\"ListItem\",\"position\":2,\"name\":\"Cat\u00e1logo\",\"item\":\"https:\/\/letrame.com\/catalogo\/\"},{\"@type\":\"ListItem\",\"position\":3,\"name\":\"Justicia en juicio\"}]},{\"@type\":\"WebSite\",\"@id\":\"https:\/\/letrame.com\/catalogo\/#website\",\"url\":\"https:\/\/letrame.com\/catalogo\/\",\"name\":\"Catalogo | Letrame Grupo Editorial\",\"description\":\"\",\"publisher\":{\"@id\":\"https:\/\/letrame.com\/catalogo\/#organization\"},\"potentialAction\":[{\"@type\":\"SearchAction\",\"target\":{\"@type\":\"EntryPoint\",\"urlTemplate\":\"https:\/\/letrame.com\/catalogo\/?s={search_term_string}\"},\"query-input\":{\"@type\":\"PropertyValueSpecification\",\"valueRequired\":true,\"valueName\":\"search_term_string\"}}],\"inLanguage\":\"es\"},{\"@type\":\"Organization\",\"@id\":\"https:\/\/letrame.com\/catalogo\/#organization\",\"name\":\"Catalogo | Letrame Grupo Editorial\",\"url\":\"https:\/\/letrame.com\/catalogo\/\",\"logo\":{\"@type\":\"ImageObject\",\"inLanguage\":\"es\",\"@id\":\"https:\/\/letrame.com\/catalogo\/#\/schema\/logo\/image\/\",\"url\":\"https:\/\/letrame.com\/catalogo\/wp-content\/uploads\/2024\/03\/logo2.webp\",\"contentUrl\":\"https:\/\/letrame.com\/catalogo\/wp-content\/uploads\/2024\/03\/logo2.webp\",\"width\":394,\"height\":128,\"caption\":\"Catalogo | Letrame Grupo Editorial\"},\"image\":{\"@id\":\"https:\/\/letrame.com\/catalogo\/#\/schema\/logo\/image\/\"}}]}<\/script>\n<!-- \/ Yoast SEO plugin. -->","yoast_head_json":{"title":"Justicia en juicio - Catalogo | Letrame Grupo Editorial","robots":{"index":"index","follow":"follow","max-snippet":"max-snippet:-1","max-image-preview":"max-image-preview:large","max-video-preview":"max-video-preview:-1"},"canonical":"https:\/\/letrame.com\/catalogo\/producto\/justicia-en-juicio\/","og_locale":"es_ES","og_type":"article","og_title":"Justicia en juicio - Catalogo | Letrame Grupo Editorial","og_description":"ISBN: 979-13-7029-193-8 SINOPSIS Cuando un abuelo inmigrante es acusado del peor crimen imaginable \u2014abusar de su nieta\u2014, su destino parece decidido desde el primer momento: Una confesi\u00f3n firmada, una comunidad indignada y un sistema judicial que no duda. Pero las p\u00e1ginas de ese expediente esconden otra historia.  Inspirada en un caso real, Justicia en juicio desnuda las grietas del sistema penal estadounidense y cuestiona los l\u00edmites entre la verdad, la ley y la compasi\u00f3n. Juan Antonio Lozada, abogado y narrador, reconstruye con precisi\u00f3n y humanidad un proceso judicial que se transforma en un viaje moral: el de quien descubre que la justicia no siempre se encuentra en los c\u00f3digos, sino en la conciencia.  Una historia potente, valiente y necesaria sobre la presunci\u00f3n de inocencia, los prejuicios que moldean los juicios y la lucha de los m\u00e1s vulnerables por ser escuchados.","og_url":"https:\/\/letrame.com\/catalogo\/producto\/justicia-en-juicio\/","og_site_name":"Catalogo | Letrame Grupo Editorial","og_image":[{"width":1745,"height":2560,"url":"https:\/\/letrame.com\/catalogo\/wp-content\/uploads\/2026\/01\/justiciaenjuicio_1276mm4-scaled.jpg","type":"image\/jpeg"}],"twitter_card":"summary_large_image","twitter_misc":{"Tiempo de lectura":"1 minuto"},"schema":{"@context":"https:\/\/schema.org","@graph":[{"@type":"WebPage","@id":"https:\/\/letrame.com\/catalogo\/producto\/justicia-en-juicio\/","url":"https:\/\/letrame.com\/catalogo\/producto\/justicia-en-juicio\/","name":"Justicia en juicio - Catalogo | Letrame Grupo Editorial","isPartOf":{"@id":"https:\/\/letrame.com\/catalogo\/#website"},"primaryImageOfPage":{"@id":"https:\/\/letrame.com\/catalogo\/producto\/justicia-en-juicio\/#primaryimage"},"image":{"@id":"https:\/\/letrame.com\/catalogo\/producto\/justicia-en-juicio\/#primaryimage"},"thumbnailUrl":"https:\/\/letrame.com\/catalogo\/wp-content\/uploads\/2026\/01\/justiciaenjuicio_1276mm4-scaled.jpg","datePublished":"2026-01-12T12:19:42+00:00","breadcrumb":{"@id":"https:\/\/letrame.com\/catalogo\/producto\/justicia-en-juicio\/#breadcrumb"},"inLanguage":"es","potentialAction":[{"@type":"ReadAction","target":["https:\/\/letrame.com\/catalogo\/producto\/justicia-en-juicio\/"]}]},{"@type":"ImageObject","inLanguage":"es","@id":"https:\/\/letrame.com\/catalogo\/producto\/justicia-en-juicio\/#primaryimage","url":"https:\/\/letrame.com\/catalogo\/wp-content\/uploads\/2026\/01\/justiciaenjuicio_1276mm4-scaled.jpg","contentUrl":"https:\/\/letrame.com\/catalogo\/wp-content\/uploads\/2026\/01\/justiciaenjuicio_1276mm4-scaled.jpg","width":1745,"height":2560},{"@type":"BreadcrumbList","@id":"https:\/\/letrame.com\/catalogo\/producto\/justicia-en-juicio\/#breadcrumb","itemListElement":[{"@type":"ListItem","position":1,"name":"Portada","item":"https:\/\/letrame.com\/catalogo\/"},{"@type":"ListItem","position":2,"name":"Cat\u00e1logo","item":"https:\/\/letrame.com\/catalogo\/"},{"@type":"ListItem","position":3,"name":"Justicia en juicio"}]},{"@type":"WebSite","@id":"https:\/\/letrame.com\/catalogo\/#website","url":"https:\/\/letrame.com\/catalogo\/","name":"Catalogo | Letrame Grupo Editorial","description":"","publisher":{"@id":"https:\/\/letrame.com\/catalogo\/#organization"},"potentialAction":[{"@type":"SearchAction","target":{"@type":"EntryPoint","urlTemplate":"https:\/\/letrame.com\/catalogo\/?s={search_term_string}"},"query-input":{"@type":"PropertyValueSpecification","valueRequired":true,"valueName":"search_term_string"}}],"inLanguage":"es"},{"@type":"Organization","@id":"https:\/\/letrame.com\/catalogo\/#organization","name":"Catalogo | Letrame Grupo Editorial","url":"https:\/\/letrame.com\/catalogo\/","logo":{"@type":"ImageObject","inLanguage":"es","@id":"https:\/\/letrame.com\/catalogo\/#\/schema\/logo\/image\/","url":"https:\/\/letrame.com\/catalogo\/wp-content\/uploads\/2024\/03\/logo2.webp","contentUrl":"https:\/\/letrame.com\/catalogo\/wp-content\/uploads\/2024\/03\/logo2.webp","width":394,"height":128,"caption":"Catalogo | Letrame Grupo Editorial"},"image":{"@id":"https:\/\/letrame.com\/catalogo\/#\/schema\/logo\/image\/"}}]}},"_links":{"self":[{"href":"https:\/\/letrame.com\/catalogo\/wp-json\/wp\/v2\/product\/110772","targetHints":{"allow":["GET"]}}],"collection":[{"href":"https:\/\/letrame.com\/catalogo\/wp-json\/wp\/v2\/product"}],"about":[{"href":"https:\/\/letrame.com\/catalogo\/wp-json\/wp\/v2\/types\/product"}],"replies":[{"embeddable":true,"href":"https:\/\/letrame.com\/catalogo\/wp-json\/wp\/v2\/comments?post=110772"}],"acf:post":[{"embeddable":true,"href":"https:\/\/letrame.com\/catalogo\/wp-json\/wp\/v2\/author_book\/110773"}],"wp:featuredmedia":[{"embeddable":true,"href":"https:\/\/letrame.com\/catalogo\/wp-json\/wp\/v2\/media\/110776"}],"wp:attachment":[{"href":"https:\/\/letrame.com\/catalogo\/wp-json\/wp\/v2\/media?parent=110772"}],"wp:term":[{"taxonomy":"libro","embeddable":true,"href":"https:\/\/letrame.com\/catalogo\/wp-json\/wp\/v2\/libro?post=110772"},{"taxonomy":"product_brand","embeddable":true,"href":"https:\/\/letrame.com\/catalogo\/wp-json\/wp\/v2\/product_brand?post=110772"},{"taxonomy":"product_cat","embeddable":true,"href":"https:\/\/letrame.com\/catalogo\/wp-json\/wp\/v2\/product_cat?post=110772"},{"taxonomy":"product_tag","embeddable":true,"href":"https:\/\/letrame.com\/catalogo\/wp-json\/wp\/v2\/product_tag?post=110772"}],"curies":[{"name":"wp","href":"https:\/\/api.w.org\/{rel}","templated":true}]}}