{"id":110756,"date":"2026-01-09T13:55:14","date_gmt":"2026-01-09T12:55:14","guid":{"rendered":"https:\/\/letrame.com\/catalogo\/?post_type=product&#038;p=110756"},"modified":"2026-01-09T13:55:15","modified_gmt":"2026-01-09T12:55:15","slug":"recetas-para-el-alma","status":"publish","type":"product","link":"https:\/\/letrame.com\/catalogo\/producto\/recetas-para-el-alma\/","title":{"rendered":"Recetas para el alma"},"content":{"rendered":"<p class=\"p1\"><b>ISBN: <\/b>979-13-7012-396-3<\/p>\n<p class=\"p1\"><b>T\u00edtulo:\u00a0<\/b>Recetas para el alma<br \/>\n<b>Fecha:\u00a0<\/b>2025<br \/>\n<b>P\u00e1ginas:\u00a0<\/b>236<b><\/b><\/p>\n<p class=\"p1\"><b>SINOPSIS<\/b><\/p>\n<p>Este libro es como una receta casera: sencilla, c\u00e1lida y hecha con amor. Entre sus p\u00e1ginas encontrar\u00e1s los ingredientes esenciales para reconectar contigo mismo\/a: un pu\u00f1ado de amor propio, una pizca de gratitud y grandes dosis de calma. Pilar Mera mezcla todo esto con reflexiones llenas de ternura y nos recuerda que, como en la cocina, la vida tambi\u00e9n necesita su tiempo para que las cosas tomen sabor.<br \/>\nAqu\u00ed no hay mezclas complicadas ni listas interminables de pasos. Es m\u00e1s bien como preparar ese plato favorito que te reconforta, que te hace cerrar los ojos y sonre\u00edr. Cada texto te invita a saborear lo simple, a dejar ir lo que pesa y a abrazar con el coraz\u00f3n todo lo bueno que ya tienes.<br \/>\nRecetas para el alma no promete milagros, pero s\u00ed que te llenar\u00e1 el esp\u00edritu como un buen caldo en un d\u00eda fr\u00edo: con calorcito, consuelo y mucho amor.<\/p>\n","protected":false},"excerpt":{"rendered":"<p class=\"p1\"><b>ISBN: <\/b>979-13-7012-396-3<\/p>\n<p class=\"p1\"><b>SINOPSIS<\/b><\/p>\n<p>Este libro es como una receta casera: sencilla, c\u00e1lida y hecha con amor. Entre sus p\u00e1ginas encontrar\u00e1s los ingredientes esenciales para reconectar contigo mismo\/a: un pu\u00f1ado de amor propio, una pizca de gratitud y grandes dosis de calma. Pilar Mera mezcla todo esto con reflexiones llenas de ternura y nos recuerda que, como en la cocina, la vida tambi\u00e9n necesita su tiempo para que las cosas tomen sabor.<br \/>\nAqu\u00ed no hay mezclas complicadas ni listas interminables de pasos. Es m\u00e1s bien como preparar ese plato favorito que te reconforta, que te hace cerrar los ojos y sonre\u00edr. Cada texto te invita a saborear lo simple, a dejar ir lo que pesa y a abrazar con el coraz\u00f3n todo lo bueno que ya tienes.<br \/>\nRecetas para el alma no promete milagros, pero s\u00ed que te llenar\u00e1 el esp\u00edritu como un buen caldo en un d\u00eda fr\u00edo: con calorcito, consuelo y mucho amor.<\/p>\n","protected":false},"featured_media":110758,"comment_status":"open","ping_status":"closed","template":"","meta":{"_acf_changed":false},"libro":[],"product_brand":[],"product_cat":[18],"product_tag":[],"class_list":{"0":"post-110756","1":"product","2":"type-product","3":"status-publish","4":"has-post-thumbnail","6":"product_cat-autoayuda","8":"first","9":"instock","10":"shipping-taxable","11":"product-type-simple"},"acf":{"autor":[110748],"enlace_de_compra":"https:\/\/www.amazon.es\/Recetas-para-alma-Pilar-Romero\/dp\/B0GD1PJQZN\/ref=sr_1_1?__mk_es_ES=%C3%85M%C3%85%C5%BD%C3%95%C3%91&crid=28ACFFVE2YBBK&dib=eyJ2IjoiMSJ9.-xku9su2lVc29KJzPUBmMZM8-OHY-a65BkjjuAs4rdPuD4XfNis9CnMwjoSV17DCM0ML3Sf5cYD90pLp-ObrjNOgfC3ZEvp6-mjDqsHoMcLPmyv0tiJFAJWW7Yi6kDQ_YHQLpgxrXTcjJmFHQmk4bSMFXSmTtsRqW4FNaXE0_lzbK8yD603r9Gnke2Hx4E2CGBh3j2gh5yoOULGmcHCHe37DuUqgsaSqv2RuCSZ5AslYA9nG7fIoO9sN0FUGIxJDdGmgSxLKlqeWvA022u_ouWpmHNXo9iyY70QUTuqw_kE.b96Xa8wTKHs6ae5EhO8Iw6OZBd6Yu1C3IzPjewJeeso&dib_tag=se&keywords=recetas+para+el+alma&qid=1767963104&sprefix=recetas+para+el+alm%2Caps%2C260&sr=8-1"},"yoast_head":"<!-- This site is optimized with the Yoast SEO plugin v26.6 - https:\/\/yoast.com\/wordpress\/plugins\/seo\/ -->\n<title>Recetas para el alma - Catalogo | Letrame Grupo Editorial<\/title>\n<meta name=\"robots\" content=\"index, follow, max-snippet:-1, max-image-preview:large, max-video-preview:-1\" \/>\n<link rel=\"canonical\" href=\"https:\/\/letrame.com\/catalogo\/producto\/recetas-para-el-alma\/\" \/>\n<meta property=\"og:locale\" content=\"es_ES\" \/>\n<meta property=\"og:type\" content=\"article\" \/>\n<meta property=\"og:title\" content=\"Recetas para el alma - Catalogo | Letrame Grupo Editorial\" \/>\n<meta property=\"og:description\" content=\"ISBN: 979-13-7012-396-3 SINOPSIS Este libro es como una receta casera: sencilla, c\u00e1lida y hecha con amor. Entre sus p\u00e1ginas encontrar\u00e1s los ingredientes esenciales para reconectar contigo mismo\/a: un pu\u00f1ado de amor propio, una pizca de gratitud y grandes dosis de calma. Pilar Mera mezcla todo esto con reflexiones llenas de ternura y nos recuerda que, como en la cocina, la vida tambi\u00e9n necesita su tiempo para que las cosas tomen sabor. Aqu\u00ed no hay mezclas complicadas ni listas interminables de pasos. Es m\u00e1s bien como preparar ese plato favorito que te reconforta, que te hace cerrar los ojos y sonre\u00edr. Cada texto te invita a saborear lo simple, a dejar ir lo que pesa y a abrazar con el coraz\u00f3n todo lo bueno que ya tienes. Recetas para el alma no promete milagros, pero s\u00ed que te llenar\u00e1 el esp\u00edritu como un buen caldo en un d\u00eda fr\u00edo: con calorcito, consuelo y mucho amor.\" \/>\n<meta property=\"og:url\" content=\"https:\/\/letrame.com\/catalogo\/producto\/recetas-para-el-alma\/\" \/>\n<meta property=\"og:site_name\" content=\"Catalogo | Letrame Grupo Editorial\" \/>\n<meta property=\"article:modified_time\" content=\"2026-01-09T12:55:15+00:00\" \/>\n<meta property=\"og:image\" content=\"https:\/\/letrame.com\/catalogo\/wp-content\/uploads\/2026\/01\/Recetasparaelalma_1196mm3-scaled.jpg\" \/>\n\t<meta property=\"og:image:width\" content=\"1745\" \/>\n\t<meta property=\"og:image:height\" content=\"2560\" \/>\n\t<meta property=\"og:image:type\" content=\"image\/jpeg\" \/>\n<meta name=\"twitter:card\" content=\"summary_large_image\" \/>\n<meta name=\"twitter:label1\" content=\"Tiempo de lectura\" \/>\n\t<meta name=\"twitter:data1\" content=\"1 minuto\" \/>\n<script type=\"application\/ld+json\" class=\"yoast-schema-graph\">{\"@context\":\"https:\/\/schema.org\",\"@graph\":[{\"@type\":\"WebPage\",\"@id\":\"https:\/\/letrame.com\/catalogo\/producto\/recetas-para-el-alma\/\",\"url\":\"https:\/\/letrame.com\/catalogo\/producto\/recetas-para-el-alma\/\",\"name\":\"Recetas para el alma - Catalogo | Letrame Grupo Editorial\",\"isPartOf\":{\"@id\":\"https:\/\/letrame.com\/catalogo\/#website\"},\"primaryImageOfPage\":{\"@id\":\"https:\/\/letrame.com\/catalogo\/producto\/recetas-para-el-alma\/#primaryimage\"},\"image\":{\"@id\":\"https:\/\/letrame.com\/catalogo\/producto\/recetas-para-el-alma\/#primaryimage\"},\"thumbnailUrl\":\"https:\/\/letrame.com\/catalogo\/wp-content\/uploads\/2026\/01\/Recetasparaelalma_1196mm3-scaled.jpg\",\"datePublished\":\"2026-01-09T12:55:14+00:00\",\"dateModified\":\"2026-01-09T12:55:15+00:00\",\"breadcrumb\":{\"@id\":\"https:\/\/letrame.com\/catalogo\/producto\/recetas-para-el-alma\/#breadcrumb\"},\"inLanguage\":\"es\",\"potentialAction\":[{\"@type\":\"ReadAction\",\"target\":[\"https:\/\/letrame.com\/catalogo\/producto\/recetas-para-el-alma\/\"]}]},{\"@type\":\"ImageObject\",\"inLanguage\":\"es\",\"@id\":\"https:\/\/letrame.com\/catalogo\/producto\/recetas-para-el-alma\/#primaryimage\",\"url\":\"https:\/\/letrame.com\/catalogo\/wp-content\/uploads\/2026\/01\/Recetasparaelalma_1196mm3-scaled.jpg\",\"contentUrl\":\"https:\/\/letrame.com\/catalogo\/wp-content\/uploads\/2026\/01\/Recetasparaelalma_1196mm3-scaled.jpg\",\"width\":1745,\"height\":2560},{\"@type\":\"BreadcrumbList\",\"@id\":\"https:\/\/letrame.com\/catalogo\/producto\/recetas-para-el-alma\/#breadcrumb\",\"itemListElement\":[{\"@type\":\"ListItem\",\"position\":1,\"name\":\"Portada\",\"item\":\"https:\/\/letrame.com\/catalogo\/\"},{\"@type\":\"ListItem\",\"position\":2,\"name\":\"Cat\u00e1logo\",\"item\":\"https:\/\/letrame.com\/catalogo\/\"},{\"@type\":\"ListItem\",\"position\":3,\"name\":\"Recetas para el alma\"}]},{\"@type\":\"WebSite\",\"@id\":\"https:\/\/letrame.com\/catalogo\/#website\",\"url\":\"https:\/\/letrame.com\/catalogo\/\",\"name\":\"Catalogo | Letrame Grupo Editorial\",\"description\":\"\",\"publisher\":{\"@id\":\"https:\/\/letrame.com\/catalogo\/#organization\"},\"potentialAction\":[{\"@type\":\"SearchAction\",\"target\":{\"@type\":\"EntryPoint\",\"urlTemplate\":\"https:\/\/letrame.com\/catalogo\/?s={search_term_string}\"},\"query-input\":{\"@type\":\"PropertyValueSpecification\",\"valueRequired\":true,\"valueName\":\"search_term_string\"}}],\"inLanguage\":\"es\"},{\"@type\":\"Organization\",\"@id\":\"https:\/\/letrame.com\/catalogo\/#organization\",\"name\":\"Catalogo | Letrame Grupo Editorial\",\"url\":\"https:\/\/letrame.com\/catalogo\/\",\"logo\":{\"@type\":\"ImageObject\",\"inLanguage\":\"es\",\"@id\":\"https:\/\/letrame.com\/catalogo\/#\/schema\/logo\/image\/\",\"url\":\"https:\/\/letrame.com\/catalogo\/wp-content\/uploads\/2024\/03\/logo2.webp\",\"contentUrl\":\"https:\/\/letrame.com\/catalogo\/wp-content\/uploads\/2024\/03\/logo2.webp\",\"width\":394,\"height\":128,\"caption\":\"Catalogo | Letrame Grupo Editorial\"},\"image\":{\"@id\":\"https:\/\/letrame.com\/catalogo\/#\/schema\/logo\/image\/\"}}]}<\/script>\n<!-- \/ Yoast SEO plugin. -->","yoast_head_json":{"title":"Recetas para el alma - Catalogo | Letrame Grupo Editorial","robots":{"index":"index","follow":"follow","max-snippet":"max-snippet:-1","max-image-preview":"max-image-preview:large","max-video-preview":"max-video-preview:-1"},"canonical":"https:\/\/letrame.com\/catalogo\/producto\/recetas-para-el-alma\/","og_locale":"es_ES","og_type":"article","og_title":"Recetas para el alma - Catalogo | Letrame Grupo Editorial","og_description":"ISBN: 979-13-7012-396-3 SINOPSIS Este libro es como una receta casera: sencilla, c\u00e1lida y hecha con amor. Entre sus p\u00e1ginas encontrar\u00e1s los ingredientes esenciales para reconectar contigo mismo\/a: un pu\u00f1ado de amor propio, una pizca de gratitud y grandes dosis de calma. Pilar Mera mezcla todo esto con reflexiones llenas de ternura y nos recuerda que, como en la cocina, la vida tambi\u00e9n necesita su tiempo para que las cosas tomen sabor. Aqu\u00ed no hay mezclas complicadas ni listas interminables de pasos. Es m\u00e1s bien como preparar ese plato favorito que te reconforta, que te hace cerrar los ojos y sonre\u00edr. Cada texto te invita a saborear lo simple, a dejar ir lo que pesa y a abrazar con el coraz\u00f3n todo lo bueno que ya tienes. Recetas para el alma no promete milagros, pero s\u00ed que te llenar\u00e1 el esp\u00edritu como un buen caldo en un d\u00eda fr\u00edo: con calorcito, consuelo y mucho amor.","og_url":"https:\/\/letrame.com\/catalogo\/producto\/recetas-para-el-alma\/","og_site_name":"Catalogo | Letrame Grupo Editorial","article_modified_time":"2026-01-09T12:55:15+00:00","og_image":[{"width":1745,"height":2560,"url":"https:\/\/letrame.com\/catalogo\/wp-content\/uploads\/2026\/01\/Recetasparaelalma_1196mm3-scaled.jpg","type":"image\/jpeg"}],"twitter_card":"summary_large_image","twitter_misc":{"Tiempo de lectura":"1 minuto"},"schema":{"@context":"https:\/\/schema.org","@graph":[{"@type":"WebPage","@id":"https:\/\/letrame.com\/catalogo\/producto\/recetas-para-el-alma\/","url":"https:\/\/letrame.com\/catalogo\/producto\/recetas-para-el-alma\/","name":"Recetas para el alma - Catalogo | Letrame Grupo Editorial","isPartOf":{"@id":"https:\/\/letrame.com\/catalogo\/#website"},"primaryImageOfPage":{"@id":"https:\/\/letrame.com\/catalogo\/producto\/recetas-para-el-alma\/#primaryimage"},"image":{"@id":"https:\/\/letrame.com\/catalogo\/producto\/recetas-para-el-alma\/#primaryimage"},"thumbnailUrl":"https:\/\/letrame.com\/catalogo\/wp-content\/uploads\/2026\/01\/Recetasparaelalma_1196mm3-scaled.jpg","datePublished":"2026-01-09T12:55:14+00:00","dateModified":"2026-01-09T12:55:15+00:00","breadcrumb":{"@id":"https:\/\/letrame.com\/catalogo\/producto\/recetas-para-el-alma\/#breadcrumb"},"inLanguage":"es","potentialAction":[{"@type":"ReadAction","target":["https:\/\/letrame.com\/catalogo\/producto\/recetas-para-el-alma\/"]}]},{"@type":"ImageObject","inLanguage":"es","@id":"https:\/\/letrame.com\/catalogo\/producto\/recetas-para-el-alma\/#primaryimage","url":"https:\/\/letrame.com\/catalogo\/wp-content\/uploads\/2026\/01\/Recetasparaelalma_1196mm3-scaled.jpg","contentUrl":"https:\/\/letrame.com\/catalogo\/wp-content\/uploads\/2026\/01\/Recetasparaelalma_1196mm3-scaled.jpg","width":1745,"height":2560},{"@type":"BreadcrumbList","@id":"https:\/\/letrame.com\/catalogo\/producto\/recetas-para-el-alma\/#breadcrumb","itemListElement":[{"@type":"ListItem","position":1,"name":"Portada","item":"https:\/\/letrame.com\/catalogo\/"},{"@type":"ListItem","position":2,"name":"Cat\u00e1logo","item":"https:\/\/letrame.com\/catalogo\/"},{"@type":"ListItem","position":3,"name":"Recetas para el alma"}]},{"@type":"WebSite","@id":"https:\/\/letrame.com\/catalogo\/#website","url":"https:\/\/letrame.com\/catalogo\/","name":"Catalogo | Letrame Grupo Editorial","description":"","publisher":{"@id":"https:\/\/letrame.com\/catalogo\/#organization"},"potentialAction":[{"@type":"SearchAction","target":{"@type":"EntryPoint","urlTemplate":"https:\/\/letrame.com\/catalogo\/?s={search_term_string}"},"query-input":{"@type":"PropertyValueSpecification","valueRequired":true,"valueName":"search_term_string"}}],"inLanguage":"es"},{"@type":"Organization","@id":"https:\/\/letrame.com\/catalogo\/#organization","name":"Catalogo | Letrame Grupo Editorial","url":"https:\/\/letrame.com\/catalogo\/","logo":{"@type":"ImageObject","inLanguage":"es","@id":"https:\/\/letrame.com\/catalogo\/#\/schema\/logo\/image\/","url":"https:\/\/letrame.com\/catalogo\/wp-content\/uploads\/2024\/03\/logo2.webp","contentUrl":"https:\/\/letrame.com\/catalogo\/wp-content\/uploads\/2024\/03\/logo2.webp","width":394,"height":128,"caption":"Catalogo | Letrame Grupo Editorial"},"image":{"@id":"https:\/\/letrame.com\/catalogo\/#\/schema\/logo\/image\/"}}]}},"_links":{"self":[{"href":"https:\/\/letrame.com\/catalogo\/wp-json\/wp\/v2\/product\/110756","targetHints":{"allow":["GET"]}}],"collection":[{"href":"https:\/\/letrame.com\/catalogo\/wp-json\/wp\/v2\/product"}],"about":[{"href":"https:\/\/letrame.com\/catalogo\/wp-json\/wp\/v2\/types\/product"}],"replies":[{"embeddable":true,"href":"https:\/\/letrame.com\/catalogo\/wp-json\/wp\/v2\/comments?post=110756"}],"acf:post":[{"embeddable":true,"href":"https:\/\/letrame.com\/catalogo\/wp-json\/wp\/v2\/author_book\/110748"}],"wp:featuredmedia":[{"embeddable":true,"href":"https:\/\/letrame.com\/catalogo\/wp-json\/wp\/v2\/media\/110758"}],"wp:attachment":[{"href":"https:\/\/letrame.com\/catalogo\/wp-json\/wp\/v2\/media?parent=110756"}],"wp:term":[{"taxonomy":"libro","embeddable":true,"href":"https:\/\/letrame.com\/catalogo\/wp-json\/wp\/v2\/libro?post=110756"},{"taxonomy":"product_brand","embeddable":true,"href":"https:\/\/letrame.com\/catalogo\/wp-json\/wp\/v2\/product_brand?post=110756"},{"taxonomy":"product_cat","embeddable":true,"href":"https:\/\/letrame.com\/catalogo\/wp-json\/wp\/v2\/product_cat?post=110756"},{"taxonomy":"product_tag","embeddable":true,"href":"https:\/\/letrame.com\/catalogo\/wp-json\/wp\/v2\/product_tag?post=110756"}],"curies":[{"name":"wp","href":"https:\/\/api.w.org\/{rel}","templated":true}]}}