{"id":110742,"date":"2026-01-09T13:31:39","date_gmt":"2026-01-09T12:31:39","guid":{"rendered":"https:\/\/letrame.com\/catalogo\/?post_type=product&#038;p=110742"},"modified":"2026-01-09T13:31:40","modified_gmt":"2026-01-09T12:31:40","slug":"de-50-mujeres","status":"publish","type":"product","link":"https:\/\/letrame.com\/catalogo\/producto\/de-50-mujeres\/","title":{"rendered":"De 50 mujeres"},"content":{"rendered":"<p class=\"p1\"><b>ISBN: <\/b>979-13-7029-156-3<\/p>\n<p class=\"p1\"><b>T\u00edtulo:\u00a0<\/b>De 50 mujeres<br \/>\n<b>Fecha:\u00a0<\/b>2025<br \/>\n<b>P\u00e1ginas:\u00a0<\/b>118<b><\/b><\/p>\n<p class=\"p1\"><b>SINOPSIS<\/b><\/p>\n<p>De 50 mujeres (relatos verdaderos) tiene la fuerza de la verdad y de la realidad en toda su magnitud.<br \/>\nNos entrega momentos dif\u00edciles, tristes, logros, recuerdos que engrandecen, as\u00ed como tambi\u00e9n importantes decisiones de vida. Historias que, unidas a fortalezas, y debilidades, como tambi\u00e9n a poderosas esperanzas, nos indican lo importante de ser valiente y de creer.<br \/>\nEstas 50 mujeres nos invitan a conversar de lo cotidiano, a reunirnos para compartir y aprender, para solidarizar y crecer, para encontrarnos y crear espacios de colaboraci\u00f3n y de creatividad.<br \/>\nLas mujeres podemos ser como r\u00edos, que al unirse llegan a conformar mares.<br \/>\nEste libro es una invitaci\u00f3n a trabajar juntas, con esperanza por la construcci\u00f3n de un futuro con calidad de vida, donde el esfuerzo de cada una pueda llenarse de colores y formas, de puntadas y pinceles, de m\u00fasica, de danza, de todo lo que es posible mostrar cuando el alma se completa y permite compartir con lo mejor de cada una.<br \/>\nEse legado de historias de mujeres que perfila c\u00f3mo somos y c\u00f3mo compartimos capacidades y necesidades debe ser le\u00eddo y conversado en todas las instancias que tengamos<br \/>\npara reconocer y analizar nuestras vidas y nuestras intenciones.<br \/>\nCampolindo, El Tabo, 2025.<\/p>\n","protected":false},"excerpt":{"rendered":"<p class=\"p1\"><b>ISBN: <\/b>979-13-7029-156-3<\/p>\n<p class=\"p1\"><b>SINOPSIS<\/b><\/p>\n<p>De 50 mujeres (relatos verdaderos) tiene la fuerza de la verdad y de la realidad en toda su magnitud.<br \/>\nNos entrega momentos dif\u00edciles, tristes, logros, recuerdos que engrandecen, as\u00ed como tambi\u00e9n importantes decisiones de vida. Historias que, unidas a fortalezas, y debilidades, como tambi\u00e9n a poderosas esperanzas, nos indican lo importante de ser valiente y de creer.<br \/>\nEstas 50 mujeres nos invitan a conversar de lo cotidiano, a reunirnos para compartir y aprender, para solidarizar y crecer, para encontrarnos y crear espacios de colaboraci\u00f3n y de creatividad.<br \/>\nLas mujeres podemos ser como r\u00edos, que al unirse llegan a conformar mares.<br \/>\nEste libro es una invitaci\u00f3n a trabajar juntas, con esperanza por la construcci\u00f3n de un futuro con calidad de vida, donde el esfuerzo de cada una pueda llenarse de colores y formas, de puntadas y pinceles, de m\u00fasica, de danza, de todo lo que es posible mostrar cuando el alma se completa y permite compartir con lo mejor de cada una.<br \/>\nEse legado de historias de mujeres que perfila c\u00f3mo somos y c\u00f3mo compartimos capacidades y necesidades debe ser le\u00eddo y conversado en todas las instancias que tengamos<br \/>\npara reconocer y analizar nuestras vidas y nuestras intenciones.<br \/>\nCampolindo, El Tabo, 2025.<\/p>\n","protected":false},"featured_media":110745,"comment_status":"open","ping_status":"closed","template":"","meta":{"_acf_changed":false},"libro":[],"product_brand":[],"product_cat":[59],"product_tag":[],"class_list":{"0":"post-110742","1":"product","2":"type-product","3":"status-publish","4":"has-post-thumbnail","6":"product_cat-memorias","8":"first","9":"instock","10":"shipping-taxable","11":"product-type-simple"},"acf":{"autor":[110741],"enlace_de_compra":"https:\/\/www.amazon.es\/mujeres-Mar%C3%ADa-Cecilia-Reyes-Maza\/dp\/B0GFN8P4X4\/ref=sr_1_1?__mk_es_ES=%C3%85M%C3%85%C5%BD%C3%95%C3%91&crid=1HX7CF3454SGN&dib=eyJ2IjoiMSJ9.lTJSAL89ProXIHL2AFSPz2PkkQ7KyYhRHDyH0e0LPpSfi9oAmSsQyA1LKxQzFmvnL9ZaJanZwyhxcQ5P08S-139fKZpiK6tsU9DB4dy1Csyl4smk8Wn6uQ7HQU0j5dK_Jp2VBQZqQ5xfxIBHmIYsL-5kM0oMWMZTJ7at7JZZPbKRB1vi5wlmz00vN66NJj1HSnpiMlv8hLdT5wkFvIISNlD5Fvh5X8iGXWBzHYjCAGLYhKPMj0gG0O9jMgLSokyA31XaOMj69UmOMQFUnjYWkIj11XBNTfIlGyzsXslXnnE.9O_SSMQJgXv6980W_ABnnJrtsJ8lk6Fu_6KWfqJFfa4&dib_tag=se&keywords=de+50+mujeres&qid=1767961555&sprefix=de+50+mujeres%2Caps%2C306&sr=8-1"},"yoast_head":"<!-- This site is optimized with the Yoast SEO plugin v26.6 - https:\/\/yoast.com\/wordpress\/plugins\/seo\/ -->\n<title>De 50 mujeres - Catalogo | Letrame Grupo Editorial<\/title>\n<meta name=\"robots\" content=\"index, follow, max-snippet:-1, max-image-preview:large, max-video-preview:-1\" \/>\n<link rel=\"canonical\" href=\"https:\/\/letrame.com\/catalogo\/producto\/de-50-mujeres\/\" \/>\n<meta property=\"og:locale\" content=\"es_ES\" \/>\n<meta property=\"og:type\" content=\"article\" \/>\n<meta property=\"og:title\" content=\"De 50 mujeres - Catalogo | Letrame Grupo Editorial\" \/>\n<meta property=\"og:description\" content=\"ISBN: 979-13-7029-156-3 SINOPSIS De 50 mujeres (relatos verdaderos) tiene la fuerza de la verdad y de la realidad en toda su magnitud. Nos entrega momentos dif\u00edciles, tristes, logros, recuerdos que engrandecen, as\u00ed como tambi\u00e9n importantes decisiones de vida. Historias que, unidas a fortalezas, y debilidades, como tambi\u00e9n a poderosas esperanzas, nos indican lo importante de ser valiente y de creer. Estas 50 mujeres nos invitan a conversar de lo cotidiano, a reunirnos para compartir y aprender, para solidarizar y crecer, para encontrarnos y crear espacios de colaboraci\u00f3n y de creatividad. Las mujeres podemos ser como r\u00edos, que al unirse llegan a conformar mares. Este libro es una invitaci\u00f3n a trabajar juntas, con esperanza por la construcci\u00f3n de un futuro con calidad de vida, donde el esfuerzo de cada una pueda llenarse de colores y formas, de puntadas y pinceles, de m\u00fasica, de danza, de todo lo que es posible mostrar cuando el alma se completa y permite compartir con lo mejor de cada una. Ese legado de historias de mujeres que perfila c\u00f3mo somos y c\u00f3mo compartimos capacidades y necesidades debe ser le\u00eddo y conversado en todas las instancias que tengamos para reconocer y analizar nuestras vidas y nuestras intenciones. Campolindo, El Tabo, 2025.\" \/>\n<meta property=\"og:url\" content=\"https:\/\/letrame.com\/catalogo\/producto\/de-50-mujeres\/\" \/>\n<meta property=\"og:site_name\" content=\"Catalogo | Letrame Grupo Editorial\" \/>\n<meta property=\"article:modified_time\" content=\"2026-01-09T12:31:40+00:00\" \/>\n<meta property=\"og:image\" content=\"https:\/\/letrame.com\/catalogo\/wp-content\/uploads\/2026\/01\/de50mujeres_726mm4-scaled.jpg\" \/>\n\t<meta property=\"og:image:width\" content=\"1942\" \/>\n\t<meta property=\"og:image:height\" content=\"2560\" \/>\n\t<meta property=\"og:image:type\" content=\"image\/jpeg\" \/>\n<meta name=\"twitter:card\" content=\"summary_large_image\" \/>\n<meta name=\"twitter:label1\" content=\"Tiempo de lectura\" \/>\n\t<meta name=\"twitter:data1\" content=\"2 minutos\" \/>\n<script type=\"application\/ld+json\" class=\"yoast-schema-graph\">{\"@context\":\"https:\/\/schema.org\",\"@graph\":[{\"@type\":\"WebPage\",\"@id\":\"https:\/\/letrame.com\/catalogo\/producto\/de-50-mujeres\/\",\"url\":\"https:\/\/letrame.com\/catalogo\/producto\/de-50-mujeres\/\",\"name\":\"De 50 mujeres - Catalogo | Letrame Grupo Editorial\",\"isPartOf\":{\"@id\":\"https:\/\/letrame.com\/catalogo\/#website\"},\"primaryImageOfPage\":{\"@id\":\"https:\/\/letrame.com\/catalogo\/producto\/de-50-mujeres\/#primaryimage\"},\"image\":{\"@id\":\"https:\/\/letrame.com\/catalogo\/producto\/de-50-mujeres\/#primaryimage\"},\"thumbnailUrl\":\"https:\/\/letrame.com\/catalogo\/wp-content\/uploads\/2026\/01\/de50mujeres_726mm4-scaled.jpg\",\"datePublished\":\"2026-01-09T12:31:39+00:00\",\"dateModified\":\"2026-01-09T12:31:40+00:00\",\"breadcrumb\":{\"@id\":\"https:\/\/letrame.com\/catalogo\/producto\/de-50-mujeres\/#breadcrumb\"},\"inLanguage\":\"es\",\"potentialAction\":[{\"@type\":\"ReadAction\",\"target\":[\"https:\/\/letrame.com\/catalogo\/producto\/de-50-mujeres\/\"]}]},{\"@type\":\"ImageObject\",\"inLanguage\":\"es\",\"@id\":\"https:\/\/letrame.com\/catalogo\/producto\/de-50-mujeres\/#primaryimage\",\"url\":\"https:\/\/letrame.com\/catalogo\/wp-content\/uploads\/2026\/01\/de50mujeres_726mm4-scaled.jpg\",\"contentUrl\":\"https:\/\/letrame.com\/catalogo\/wp-content\/uploads\/2026\/01\/de50mujeres_726mm4-scaled.jpg\",\"width\":1942,\"height\":2560},{\"@type\":\"BreadcrumbList\",\"@id\":\"https:\/\/letrame.com\/catalogo\/producto\/de-50-mujeres\/#breadcrumb\",\"itemListElement\":[{\"@type\":\"ListItem\",\"position\":1,\"name\":\"Portada\",\"item\":\"https:\/\/letrame.com\/catalogo\/\"},{\"@type\":\"ListItem\",\"position\":2,\"name\":\"Cat\u00e1logo\",\"item\":\"https:\/\/letrame.com\/catalogo\/\"},{\"@type\":\"ListItem\",\"position\":3,\"name\":\"De 50 mujeres\"}]},{\"@type\":\"WebSite\",\"@id\":\"https:\/\/letrame.com\/catalogo\/#website\",\"url\":\"https:\/\/letrame.com\/catalogo\/\",\"name\":\"Catalogo | Letrame Grupo Editorial\",\"description\":\"\",\"publisher\":{\"@id\":\"https:\/\/letrame.com\/catalogo\/#organization\"},\"potentialAction\":[{\"@type\":\"SearchAction\",\"target\":{\"@type\":\"EntryPoint\",\"urlTemplate\":\"https:\/\/letrame.com\/catalogo\/?s={search_term_string}\"},\"query-input\":{\"@type\":\"PropertyValueSpecification\",\"valueRequired\":true,\"valueName\":\"search_term_string\"}}],\"inLanguage\":\"es\"},{\"@type\":\"Organization\",\"@id\":\"https:\/\/letrame.com\/catalogo\/#organization\",\"name\":\"Catalogo | Letrame Grupo Editorial\",\"url\":\"https:\/\/letrame.com\/catalogo\/\",\"logo\":{\"@type\":\"ImageObject\",\"inLanguage\":\"es\",\"@id\":\"https:\/\/letrame.com\/catalogo\/#\/schema\/logo\/image\/\",\"url\":\"https:\/\/letrame.com\/catalogo\/wp-content\/uploads\/2024\/03\/logo2.webp\",\"contentUrl\":\"https:\/\/letrame.com\/catalogo\/wp-content\/uploads\/2024\/03\/logo2.webp\",\"width\":394,\"height\":128,\"caption\":\"Catalogo | Letrame Grupo Editorial\"},\"image\":{\"@id\":\"https:\/\/letrame.com\/catalogo\/#\/schema\/logo\/image\/\"}}]}<\/script>\n<!-- \/ Yoast SEO plugin. -->","yoast_head_json":{"title":"De 50 mujeres - Catalogo | Letrame Grupo Editorial","robots":{"index":"index","follow":"follow","max-snippet":"max-snippet:-1","max-image-preview":"max-image-preview:large","max-video-preview":"max-video-preview:-1"},"canonical":"https:\/\/letrame.com\/catalogo\/producto\/de-50-mujeres\/","og_locale":"es_ES","og_type":"article","og_title":"De 50 mujeres - Catalogo | Letrame Grupo Editorial","og_description":"ISBN: 979-13-7029-156-3 SINOPSIS De 50 mujeres (relatos verdaderos) tiene la fuerza de la verdad y de la realidad en toda su magnitud. Nos entrega momentos dif\u00edciles, tristes, logros, recuerdos que engrandecen, as\u00ed como tambi\u00e9n importantes decisiones de vida. Historias que, unidas a fortalezas, y debilidades, como tambi\u00e9n a poderosas esperanzas, nos indican lo importante de ser valiente y de creer. Estas 50 mujeres nos invitan a conversar de lo cotidiano, a reunirnos para compartir y aprender, para solidarizar y crecer, para encontrarnos y crear espacios de colaboraci\u00f3n y de creatividad. Las mujeres podemos ser como r\u00edos, que al unirse llegan a conformar mares. Este libro es una invitaci\u00f3n a trabajar juntas, con esperanza por la construcci\u00f3n de un futuro con calidad de vida, donde el esfuerzo de cada una pueda llenarse de colores y formas, de puntadas y pinceles, de m\u00fasica, de danza, de todo lo que es posible mostrar cuando el alma se completa y permite compartir con lo mejor de cada una. Ese legado de historias de mujeres que perfila c\u00f3mo somos y c\u00f3mo compartimos capacidades y necesidades debe ser le\u00eddo y conversado en todas las instancias que tengamos para reconocer y analizar nuestras vidas y nuestras intenciones. Campolindo, El Tabo, 2025.","og_url":"https:\/\/letrame.com\/catalogo\/producto\/de-50-mujeres\/","og_site_name":"Catalogo | Letrame Grupo Editorial","article_modified_time":"2026-01-09T12:31:40+00:00","og_image":[{"width":1942,"height":2560,"url":"https:\/\/letrame.com\/catalogo\/wp-content\/uploads\/2026\/01\/de50mujeres_726mm4-scaled.jpg","type":"image\/jpeg"}],"twitter_card":"summary_large_image","twitter_misc":{"Tiempo de lectura":"2 minutos"},"schema":{"@context":"https:\/\/schema.org","@graph":[{"@type":"WebPage","@id":"https:\/\/letrame.com\/catalogo\/producto\/de-50-mujeres\/","url":"https:\/\/letrame.com\/catalogo\/producto\/de-50-mujeres\/","name":"De 50 mujeres - Catalogo | Letrame Grupo Editorial","isPartOf":{"@id":"https:\/\/letrame.com\/catalogo\/#website"},"primaryImageOfPage":{"@id":"https:\/\/letrame.com\/catalogo\/producto\/de-50-mujeres\/#primaryimage"},"image":{"@id":"https:\/\/letrame.com\/catalogo\/producto\/de-50-mujeres\/#primaryimage"},"thumbnailUrl":"https:\/\/letrame.com\/catalogo\/wp-content\/uploads\/2026\/01\/de50mujeres_726mm4-scaled.jpg","datePublished":"2026-01-09T12:31:39+00:00","dateModified":"2026-01-09T12:31:40+00:00","breadcrumb":{"@id":"https:\/\/letrame.com\/catalogo\/producto\/de-50-mujeres\/#breadcrumb"},"inLanguage":"es","potentialAction":[{"@type":"ReadAction","target":["https:\/\/letrame.com\/catalogo\/producto\/de-50-mujeres\/"]}]},{"@type":"ImageObject","inLanguage":"es","@id":"https:\/\/letrame.com\/catalogo\/producto\/de-50-mujeres\/#primaryimage","url":"https:\/\/letrame.com\/catalogo\/wp-content\/uploads\/2026\/01\/de50mujeres_726mm4-scaled.jpg","contentUrl":"https:\/\/letrame.com\/catalogo\/wp-content\/uploads\/2026\/01\/de50mujeres_726mm4-scaled.jpg","width":1942,"height":2560},{"@type":"BreadcrumbList","@id":"https:\/\/letrame.com\/catalogo\/producto\/de-50-mujeres\/#breadcrumb","itemListElement":[{"@type":"ListItem","position":1,"name":"Portada","item":"https:\/\/letrame.com\/catalogo\/"},{"@type":"ListItem","position":2,"name":"Cat\u00e1logo","item":"https:\/\/letrame.com\/catalogo\/"},{"@type":"ListItem","position":3,"name":"De 50 mujeres"}]},{"@type":"WebSite","@id":"https:\/\/letrame.com\/catalogo\/#website","url":"https:\/\/letrame.com\/catalogo\/","name":"Catalogo | Letrame Grupo Editorial","description":"","publisher":{"@id":"https:\/\/letrame.com\/catalogo\/#organization"},"potentialAction":[{"@type":"SearchAction","target":{"@type":"EntryPoint","urlTemplate":"https:\/\/letrame.com\/catalogo\/?s={search_term_string}"},"query-input":{"@type":"PropertyValueSpecification","valueRequired":true,"valueName":"search_term_string"}}],"inLanguage":"es"},{"@type":"Organization","@id":"https:\/\/letrame.com\/catalogo\/#organization","name":"Catalogo | Letrame Grupo Editorial","url":"https:\/\/letrame.com\/catalogo\/","logo":{"@type":"ImageObject","inLanguage":"es","@id":"https:\/\/letrame.com\/catalogo\/#\/schema\/logo\/image\/","url":"https:\/\/letrame.com\/catalogo\/wp-content\/uploads\/2024\/03\/logo2.webp","contentUrl":"https:\/\/letrame.com\/catalogo\/wp-content\/uploads\/2024\/03\/logo2.webp","width":394,"height":128,"caption":"Catalogo | Letrame Grupo Editorial"},"image":{"@id":"https:\/\/letrame.com\/catalogo\/#\/schema\/logo\/image\/"}}]}},"_links":{"self":[{"href":"https:\/\/letrame.com\/catalogo\/wp-json\/wp\/v2\/product\/110742","targetHints":{"allow":["GET"]}}],"collection":[{"href":"https:\/\/letrame.com\/catalogo\/wp-json\/wp\/v2\/product"}],"about":[{"href":"https:\/\/letrame.com\/catalogo\/wp-json\/wp\/v2\/types\/product"}],"replies":[{"embeddable":true,"href":"https:\/\/letrame.com\/catalogo\/wp-json\/wp\/v2\/comments?post=110742"}],"acf:post":[{"embeddable":true,"href":"https:\/\/letrame.com\/catalogo\/wp-json\/wp\/v2\/author_book\/110741"}],"wp:featuredmedia":[{"embeddable":true,"href":"https:\/\/letrame.com\/catalogo\/wp-json\/wp\/v2\/media\/110745"}],"wp:attachment":[{"href":"https:\/\/letrame.com\/catalogo\/wp-json\/wp\/v2\/media?parent=110742"}],"wp:term":[{"taxonomy":"libro","embeddable":true,"href":"https:\/\/letrame.com\/catalogo\/wp-json\/wp\/v2\/libro?post=110742"},{"taxonomy":"product_brand","embeddable":true,"href":"https:\/\/letrame.com\/catalogo\/wp-json\/wp\/v2\/product_brand?post=110742"},{"taxonomy":"product_cat","embeddable":true,"href":"https:\/\/letrame.com\/catalogo\/wp-json\/wp\/v2\/product_cat?post=110742"},{"taxonomy":"product_tag","embeddable":true,"href":"https:\/\/letrame.com\/catalogo\/wp-json\/wp\/v2\/product_tag?post=110742"}],"curies":[{"name":"wp","href":"https:\/\/api.w.org\/{rel}","templated":true}]}}