{"id":110722,"date":"2026-01-09T13:05:01","date_gmt":"2026-01-09T12:05:01","guid":{"rendered":"https:\/\/letrame.com\/catalogo\/?post_type=product&#038;p=110722"},"modified":"2026-01-09T13:05:01","modified_gmt":"2026-01-09T12:05:01","slug":"el-artista-sin-titulo","status":"publish","type":"product","link":"https:\/\/letrame.com\/catalogo\/producto\/el-artista-sin-titulo\/","title":{"rendered":"El artista sin t\u00edtulo"},"content":{"rendered":"<p class=\"p1\"><b>ISBN: <\/b>979-13-7029-111-2<\/p>\n<p class=\"p1\"><b>T\u00edtulo:\u00a0<\/b>El artista sin t\u00edtulo<br \/>\n<b>Fecha:\u00a0<\/b>2025<br \/>\n<b>P\u00e1ginas:\u00a0<\/b>304<b><\/b><\/p>\n<p class=\"p1\"><b>SINOPSIS<\/b><\/p>\n<p>\u00bfQu\u00e9 pasa cuando el arte nace como necesidad del alma?<\/p>\n<p>El artista sin t\u00edtulo es un viaje sin br\u00fajula por la mente de un creador que se niega a aceptar un destino impuesto. Entre memorias encapsuladas, bloqueos creativos, renacimientos emocionales y silencios que pesan m\u00e1s que las palabras, Isac Loni se desnuda con una honestidad feroz y luminosa, desafiando al lector a mirarse por dentro\u2026 y a no mirar igual jam\u00e1s.<\/p>\n<p>Este no es un libro que ense\u00f1a, corrige o impone. Es un susurro que acompa\u00f1a, que abraza desde el arte y la fe, y que recuerda que la verdadera creaci\u00f3n nace del caos, del dolor, del amor\u2026 y de la decisi\u00f3n radical de no conformarse.<\/p>\n<p>Con una escritura tan \u00edntima como cinematogr\u00e1fica, Loni entrelaza filosof\u00eda, psicolog\u00eda, actuaci\u00f3n, espiritualidad y experiencia propia para rendir homenaje al fuego creativo que arde incluso cuando el mundo se apaga.<\/p>\n<p>Porque el arte no empieza con el talento, sino con el temblor de quien se atreve a sentir. Este libro es un espejo en el que se ve plasmado el reflejo del artista. Y tal vez en el encuentres tu propio reflejo.<\/p>\n<p>Bienvenido.<\/p>\n","protected":false},"excerpt":{"rendered":"<p class=\"p1\"><b>ISBN: <\/b>979-13-7029-111-2<\/p>\n<p class=\"p1\"><b>SINOPSIS<\/b><\/p>\n<p>\u00bfQu\u00e9 pasa cuando el arte nace como necesidad del alma?<\/p>\n<p>El artista sin t\u00edtulo es un viaje sin br\u00fajula por la mente de un creador que se niega a aceptar un destino impuesto. Entre memorias encapsuladas, bloqueos creativos, renacimientos emocionales y silencios que pesan m\u00e1s que las palabras, Isac Loni se desnuda con una honestidad feroz y luminosa, desafiando al lector a mirarse por dentro\u2026 y a no mirar igual jam\u00e1s.<\/p>\n<p>Este no es un libro que ense\u00f1a, corrige o impone. Es un susurro que acompa\u00f1a, que abraza desde el arte y la fe, y que recuerda que la verdadera creaci\u00f3n nace del caos, del dolor, del amor\u2026 y de la decisi\u00f3n radical de no conformarse.<\/p>\n<p>Con una escritura tan \u00edntima como cinematogr\u00e1fica, Loni entrelaza filosof\u00eda, psicolog\u00eda, actuaci\u00f3n, espiritualidad y experiencia propia para rendir homenaje al fuego creativo que arde incluso cuando el mundo se apaga.<\/p>\n<p>Porque el arte no empieza con el talento, sino con el temblor de quien se atreve a sentir. Este libro es un espejo en el que se ve plasmado el reflejo del artista. Y tal vez en el encuentres tu propio reflejo.<\/p>\n<p>Bienvenido.<\/p>\n","protected":false},"featured_media":110723,"comment_status":"open","ping_status":"closed","template":"","meta":{"_acf_changed":false},"libro":[],"product_brand":[],"product_cat":[18],"product_tag":[],"class_list":{"0":"post-110722","1":"product","2":"type-product","3":"status-publish","4":"has-post-thumbnail","6":"product_cat-autoayuda","8":"first","9":"instock","10":"shipping-taxable","11":"product-type-simple"},"acf":{"autor":[110720],"enlace_de_compra":"https:\/\/www.amazon.es\/artista-sin-t%C3%ADtulo-Isac-Loni\/dp\/B0GFHTT66J\/ref=sr_1_1?__mk_es_ES=%C3%85M%C3%85%C5%BD%C3%95%C3%91&crid=11GJWMXTYXFQL&dib=eyJ2IjoiMSJ9.bbJIoasQMPqk32cRdVnp7w.YnxfcrFg5qgkWOsgVsUz6w3nZtg1KvQCoBdrbmZmSuQ&dib_tag=se&keywords=el+artista+sin+titulo&qid=1767960073&sprefix=el+artista+sin+titulo%2Caps%2C326&sr=8-1"},"yoast_head":"<!-- This site is optimized with the Yoast SEO plugin v26.6 - https:\/\/yoast.com\/wordpress\/plugins\/seo\/ -->\n<title>El artista sin t\u00edtulo - Catalogo | Letrame Grupo Editorial<\/title>\n<meta name=\"robots\" content=\"index, follow, max-snippet:-1, max-image-preview:large, max-video-preview:-1\" \/>\n<link rel=\"canonical\" href=\"https:\/\/letrame.com\/catalogo\/producto\/el-artista-sin-titulo\/\" \/>\n<meta property=\"og:locale\" content=\"es_ES\" \/>\n<meta property=\"og:type\" content=\"article\" \/>\n<meta property=\"og:title\" content=\"El artista sin t\u00edtulo - Catalogo | Letrame Grupo Editorial\" \/>\n<meta property=\"og:description\" content=\"ISBN: 979-13-7029-111-2 SINOPSIS \u00bfQu\u00e9 pasa cuando el arte nace como necesidad del alma?  El artista sin t\u00edtulo es un viaje sin br\u00fajula por la mente de un creador que se niega a aceptar un destino impuesto. Entre memorias encapsuladas, bloqueos creativos, renacimientos emocionales y silencios que pesan m\u00e1s que las palabras, Isac Loni se desnuda con una honestidad feroz y luminosa, desafiando al lector a mirarse por dentro\u2026 y a no mirar igual jam\u00e1s.  Este no es un libro que ense\u00f1a, corrige o impone. Es un susurro que acompa\u00f1a, que abraza desde el arte y la fe, y que recuerda que la verdadera creaci\u00f3n nace del caos, del dolor, del amor\u2026 y de la decisi\u00f3n radical de no conformarse.  Con una escritura tan \u00edntima como cinematogr\u00e1fica, Loni entrelaza filosof\u00eda, psicolog\u00eda, actuaci\u00f3n, espiritualidad y experiencia propia para rendir homenaje al fuego creativo que arde incluso cuando el mundo se apaga.  Porque el arte no empieza con el talento, sino con el temblor de quien se atreve a sentir. Este libro es un espejo en el que se ve plasmado el reflejo del artista. Y tal vez en el encuentres tu propio reflejo.  Bienvenido.\" \/>\n<meta property=\"og:url\" content=\"https:\/\/letrame.com\/catalogo\/producto\/el-artista-sin-titulo\/\" \/>\n<meta property=\"og:site_name\" content=\"Catalogo | Letrame Grupo Editorial\" \/>\n<meta property=\"og:image\" content=\"https:\/\/letrame.com\/catalogo\/wp-content\/uploads\/2026\/01\/elartistassintitulo_131mm4-scaled.jpg\" \/>\n\t<meta property=\"og:image:width\" content=\"1752\" \/>\n\t<meta property=\"og:image:height\" content=\"2560\" \/>\n\t<meta property=\"og:image:type\" content=\"image\/jpeg\" \/>\n<meta name=\"twitter:card\" content=\"summary_large_image\" \/>\n<meta name=\"twitter:label1\" content=\"Tiempo de lectura\" \/>\n\t<meta name=\"twitter:data1\" content=\"2 minutos\" \/>\n<script type=\"application\/ld+json\" class=\"yoast-schema-graph\">{\"@context\":\"https:\/\/schema.org\",\"@graph\":[{\"@type\":\"WebPage\",\"@id\":\"https:\/\/letrame.com\/catalogo\/producto\/el-artista-sin-titulo\/\",\"url\":\"https:\/\/letrame.com\/catalogo\/producto\/el-artista-sin-titulo\/\",\"name\":\"El artista sin t\u00edtulo - Catalogo | Letrame Grupo Editorial\",\"isPartOf\":{\"@id\":\"https:\/\/letrame.com\/catalogo\/#website\"},\"primaryImageOfPage\":{\"@id\":\"https:\/\/letrame.com\/catalogo\/producto\/el-artista-sin-titulo\/#primaryimage\"},\"image\":{\"@id\":\"https:\/\/letrame.com\/catalogo\/producto\/el-artista-sin-titulo\/#primaryimage\"},\"thumbnailUrl\":\"https:\/\/letrame.com\/catalogo\/wp-content\/uploads\/2026\/01\/elartistassintitulo_131mm4-scaled.jpg\",\"datePublished\":\"2026-01-09T12:05:01+00:00\",\"breadcrumb\":{\"@id\":\"https:\/\/letrame.com\/catalogo\/producto\/el-artista-sin-titulo\/#breadcrumb\"},\"inLanguage\":\"es\",\"potentialAction\":[{\"@type\":\"ReadAction\",\"target\":[\"https:\/\/letrame.com\/catalogo\/producto\/el-artista-sin-titulo\/\"]}]},{\"@type\":\"ImageObject\",\"inLanguage\":\"es\",\"@id\":\"https:\/\/letrame.com\/catalogo\/producto\/el-artista-sin-titulo\/#primaryimage\",\"url\":\"https:\/\/letrame.com\/catalogo\/wp-content\/uploads\/2026\/01\/elartistassintitulo_131mm4-scaled.jpg\",\"contentUrl\":\"https:\/\/letrame.com\/catalogo\/wp-content\/uploads\/2026\/01\/elartistassintitulo_131mm4-scaled.jpg\",\"width\":1752,\"height\":2560},{\"@type\":\"BreadcrumbList\",\"@id\":\"https:\/\/letrame.com\/catalogo\/producto\/el-artista-sin-titulo\/#breadcrumb\",\"itemListElement\":[{\"@type\":\"ListItem\",\"position\":1,\"name\":\"Portada\",\"item\":\"https:\/\/letrame.com\/catalogo\/\"},{\"@type\":\"ListItem\",\"position\":2,\"name\":\"Cat\u00e1logo\",\"item\":\"https:\/\/letrame.com\/catalogo\/\"},{\"@type\":\"ListItem\",\"position\":3,\"name\":\"El artista sin t\u00edtulo\"}]},{\"@type\":\"WebSite\",\"@id\":\"https:\/\/letrame.com\/catalogo\/#website\",\"url\":\"https:\/\/letrame.com\/catalogo\/\",\"name\":\"Catalogo | Letrame Grupo Editorial\",\"description\":\"\",\"publisher\":{\"@id\":\"https:\/\/letrame.com\/catalogo\/#organization\"},\"potentialAction\":[{\"@type\":\"SearchAction\",\"target\":{\"@type\":\"EntryPoint\",\"urlTemplate\":\"https:\/\/letrame.com\/catalogo\/?s={search_term_string}\"},\"query-input\":{\"@type\":\"PropertyValueSpecification\",\"valueRequired\":true,\"valueName\":\"search_term_string\"}}],\"inLanguage\":\"es\"},{\"@type\":\"Organization\",\"@id\":\"https:\/\/letrame.com\/catalogo\/#organization\",\"name\":\"Catalogo | Letrame Grupo Editorial\",\"url\":\"https:\/\/letrame.com\/catalogo\/\",\"logo\":{\"@type\":\"ImageObject\",\"inLanguage\":\"es\",\"@id\":\"https:\/\/letrame.com\/catalogo\/#\/schema\/logo\/image\/\",\"url\":\"https:\/\/letrame.com\/catalogo\/wp-content\/uploads\/2024\/03\/logo2.webp\",\"contentUrl\":\"https:\/\/letrame.com\/catalogo\/wp-content\/uploads\/2024\/03\/logo2.webp\",\"width\":394,\"height\":128,\"caption\":\"Catalogo | Letrame Grupo Editorial\"},\"image\":{\"@id\":\"https:\/\/letrame.com\/catalogo\/#\/schema\/logo\/image\/\"}}]}<\/script>\n<!-- \/ Yoast SEO plugin. -->","yoast_head_json":{"title":"El artista sin t\u00edtulo - Catalogo | Letrame Grupo Editorial","robots":{"index":"index","follow":"follow","max-snippet":"max-snippet:-1","max-image-preview":"max-image-preview:large","max-video-preview":"max-video-preview:-1"},"canonical":"https:\/\/letrame.com\/catalogo\/producto\/el-artista-sin-titulo\/","og_locale":"es_ES","og_type":"article","og_title":"El artista sin t\u00edtulo - Catalogo | Letrame Grupo Editorial","og_description":"ISBN: 979-13-7029-111-2 SINOPSIS \u00bfQu\u00e9 pasa cuando el arte nace como necesidad del alma?  El artista sin t\u00edtulo es un viaje sin br\u00fajula por la mente de un creador que se niega a aceptar un destino impuesto. Entre memorias encapsuladas, bloqueos creativos, renacimientos emocionales y silencios que pesan m\u00e1s que las palabras, Isac Loni se desnuda con una honestidad feroz y luminosa, desafiando al lector a mirarse por dentro\u2026 y a no mirar igual jam\u00e1s.  Este no es un libro que ense\u00f1a, corrige o impone. Es un susurro que acompa\u00f1a, que abraza desde el arte y la fe, y que recuerda que la verdadera creaci\u00f3n nace del caos, del dolor, del amor\u2026 y de la decisi\u00f3n radical de no conformarse.  Con una escritura tan \u00edntima como cinematogr\u00e1fica, Loni entrelaza filosof\u00eda, psicolog\u00eda, actuaci\u00f3n, espiritualidad y experiencia propia para rendir homenaje al fuego creativo que arde incluso cuando el mundo se apaga.  Porque el arte no empieza con el talento, sino con el temblor de quien se atreve a sentir. Este libro es un espejo en el que se ve plasmado el reflejo del artista. Y tal vez en el encuentres tu propio reflejo.  Bienvenido.","og_url":"https:\/\/letrame.com\/catalogo\/producto\/el-artista-sin-titulo\/","og_site_name":"Catalogo | Letrame Grupo Editorial","og_image":[{"width":1752,"height":2560,"url":"https:\/\/letrame.com\/catalogo\/wp-content\/uploads\/2026\/01\/elartistassintitulo_131mm4-scaled.jpg","type":"image\/jpeg"}],"twitter_card":"summary_large_image","twitter_misc":{"Tiempo de lectura":"2 minutos"},"schema":{"@context":"https:\/\/schema.org","@graph":[{"@type":"WebPage","@id":"https:\/\/letrame.com\/catalogo\/producto\/el-artista-sin-titulo\/","url":"https:\/\/letrame.com\/catalogo\/producto\/el-artista-sin-titulo\/","name":"El artista sin t\u00edtulo - Catalogo | Letrame Grupo Editorial","isPartOf":{"@id":"https:\/\/letrame.com\/catalogo\/#website"},"primaryImageOfPage":{"@id":"https:\/\/letrame.com\/catalogo\/producto\/el-artista-sin-titulo\/#primaryimage"},"image":{"@id":"https:\/\/letrame.com\/catalogo\/producto\/el-artista-sin-titulo\/#primaryimage"},"thumbnailUrl":"https:\/\/letrame.com\/catalogo\/wp-content\/uploads\/2026\/01\/elartistassintitulo_131mm4-scaled.jpg","datePublished":"2026-01-09T12:05:01+00:00","breadcrumb":{"@id":"https:\/\/letrame.com\/catalogo\/producto\/el-artista-sin-titulo\/#breadcrumb"},"inLanguage":"es","potentialAction":[{"@type":"ReadAction","target":["https:\/\/letrame.com\/catalogo\/producto\/el-artista-sin-titulo\/"]}]},{"@type":"ImageObject","inLanguage":"es","@id":"https:\/\/letrame.com\/catalogo\/producto\/el-artista-sin-titulo\/#primaryimage","url":"https:\/\/letrame.com\/catalogo\/wp-content\/uploads\/2026\/01\/elartistassintitulo_131mm4-scaled.jpg","contentUrl":"https:\/\/letrame.com\/catalogo\/wp-content\/uploads\/2026\/01\/elartistassintitulo_131mm4-scaled.jpg","width":1752,"height":2560},{"@type":"BreadcrumbList","@id":"https:\/\/letrame.com\/catalogo\/producto\/el-artista-sin-titulo\/#breadcrumb","itemListElement":[{"@type":"ListItem","position":1,"name":"Portada","item":"https:\/\/letrame.com\/catalogo\/"},{"@type":"ListItem","position":2,"name":"Cat\u00e1logo","item":"https:\/\/letrame.com\/catalogo\/"},{"@type":"ListItem","position":3,"name":"El artista sin t\u00edtulo"}]},{"@type":"WebSite","@id":"https:\/\/letrame.com\/catalogo\/#website","url":"https:\/\/letrame.com\/catalogo\/","name":"Catalogo | Letrame Grupo Editorial","description":"","publisher":{"@id":"https:\/\/letrame.com\/catalogo\/#organization"},"potentialAction":[{"@type":"SearchAction","target":{"@type":"EntryPoint","urlTemplate":"https:\/\/letrame.com\/catalogo\/?s={search_term_string}"},"query-input":{"@type":"PropertyValueSpecification","valueRequired":true,"valueName":"search_term_string"}}],"inLanguage":"es"},{"@type":"Organization","@id":"https:\/\/letrame.com\/catalogo\/#organization","name":"Catalogo | Letrame Grupo Editorial","url":"https:\/\/letrame.com\/catalogo\/","logo":{"@type":"ImageObject","inLanguage":"es","@id":"https:\/\/letrame.com\/catalogo\/#\/schema\/logo\/image\/","url":"https:\/\/letrame.com\/catalogo\/wp-content\/uploads\/2024\/03\/logo2.webp","contentUrl":"https:\/\/letrame.com\/catalogo\/wp-content\/uploads\/2024\/03\/logo2.webp","width":394,"height":128,"caption":"Catalogo | Letrame Grupo Editorial"},"image":{"@id":"https:\/\/letrame.com\/catalogo\/#\/schema\/logo\/image\/"}}]}},"_links":{"self":[{"href":"https:\/\/letrame.com\/catalogo\/wp-json\/wp\/v2\/product\/110722","targetHints":{"allow":["GET"]}}],"collection":[{"href":"https:\/\/letrame.com\/catalogo\/wp-json\/wp\/v2\/product"}],"about":[{"href":"https:\/\/letrame.com\/catalogo\/wp-json\/wp\/v2\/types\/product"}],"replies":[{"embeddable":true,"href":"https:\/\/letrame.com\/catalogo\/wp-json\/wp\/v2\/comments?post=110722"}],"acf:post":[{"embeddable":true,"href":"https:\/\/letrame.com\/catalogo\/wp-json\/wp\/v2\/author_book\/110720"}],"wp:featuredmedia":[{"embeddable":true,"href":"https:\/\/letrame.com\/catalogo\/wp-json\/wp\/v2\/media\/110723"}],"wp:attachment":[{"href":"https:\/\/letrame.com\/catalogo\/wp-json\/wp\/v2\/media?parent=110722"}],"wp:term":[{"taxonomy":"libro","embeddable":true,"href":"https:\/\/letrame.com\/catalogo\/wp-json\/wp\/v2\/libro?post=110722"},{"taxonomy":"product_brand","embeddable":true,"href":"https:\/\/letrame.com\/catalogo\/wp-json\/wp\/v2\/product_brand?post=110722"},{"taxonomy":"product_cat","embeddable":true,"href":"https:\/\/letrame.com\/catalogo\/wp-json\/wp\/v2\/product_cat?post=110722"},{"taxonomy":"product_tag","embeddable":true,"href":"https:\/\/letrame.com\/catalogo\/wp-json\/wp\/v2\/product_tag?post=110722"}],"curies":[{"name":"wp","href":"https:\/\/api.w.org\/{rel}","templated":true}]}}