{"id":110702,"date":"2026-01-02T13:56:32","date_gmt":"2026-01-02T12:56:32","guid":{"rendered":"https:\/\/letrame.com\/catalogo\/?post_type=product&#038;p=110702"},"modified":"2026-01-02T13:56:32","modified_gmt":"2026-01-02T12:56:32","slug":"arca","status":"publish","type":"product","link":"https:\/\/letrame.com\/catalogo\/producto\/arca\/","title":{"rendered":"Arca"},"content":{"rendered":"<p class=\"p1\"><b>ISBN: <\/b>979-13-7012-395-6<\/p>\n<p class=\"p1\"><b>T\u00edtulo:\u00a0<\/b>Arca<br \/>\n<b>Fecha:\u00a0<\/b>2025<br \/>\n<b>P\u00e1ginas:\u00a0<\/b>152<b><\/b><\/p>\n<p class=\"p1\"><b>SINOPSIS<\/b><\/p>\n<p>\u00bfY si el fin del mundo no fuera una tragedia&#8230; sino una oportunidad para despertar?<br \/>\nEn medio de una cat\u00e1strofe inminente, Noak, abuelo, sabio y alma del Proyecto Arca, tiene una misi\u00f3n muy importante: formar seres humanos capaces de vivir desde el amor, al asumir la voluntad y la conciencia.<br \/>\nA trav\u00e9s de su relaci\u00f3n entra\u00f1able con su nieta Madal, y de conversaciones que mezclan ternura, filosof\u00eda y revelaciones, Arca nos invita a reescribir lo que entendemos por educaci\u00f3n, evoluci\u00f3n y prop\u00f3sito. Noak no quiere salvar a la humanidad, contribuye para que la humanidad celebre la vida.<br \/>\nAntonio Navarro ha creado, en esencia, un manual espiritual disfrazado de ficci\u00f3n, una historia intergeneracional que siembra preguntas, transforma conceptos y conmueve hasta los huesos. Aqu\u00ed no hay h\u00e9roes, hay seres humanos aprendiendo a recordar lo que ya saben.<br \/>\nUna lectura que no se termina cuando cierras el libro, porque el verdadero viaje empieza en quien se atreve a leerse por dentro.<\/p>\n","protected":false},"excerpt":{"rendered":"<p class=\"p1\"><b>ISBN: <\/b>979-13-7012-395-6<\/p>\n<p class=\"p1\"><b>SINOPSIS<\/b><\/p>\n<p>\u00bfY si el fin del mundo no fuera una tragedia&#8230; sino una oportunidad para despertar?<br \/>\nEn medio de una cat\u00e1strofe inminente, Noak, abuelo, sabio y alma del Proyecto Arca, tiene una misi\u00f3n muy importante: formar seres humanos capaces de vivir desde el amor, al asumir la voluntad y la conciencia.<br \/>\nA trav\u00e9s de su relaci\u00f3n entra\u00f1able con su nieta Madal, y de conversaciones que mezclan ternura, filosof\u00eda y revelaciones, Arca nos invita a reescribir lo que entendemos por educaci\u00f3n, evoluci\u00f3n y prop\u00f3sito. Noak no quiere salvar a la humanidad, contribuye para que la humanidad celebre la vida.<br \/>\nAntonio Navarro ha creado, en esencia, un manual espiritual disfrazado de ficci\u00f3n, una historia intergeneracional que siembra preguntas, transforma conceptos y conmueve hasta los huesos. Aqu\u00ed no hay h\u00e9roes, hay seres humanos aprendiendo a recordar lo que ya saben.<br \/>\nUna lectura que no se termina cuando cierras el libro, porque el verdadero viaje empieza en quien se atreve a leerse por dentro.<\/p>\n","protected":false},"featured_media":110707,"comment_status":"open","ping_status":"closed","template":"","meta":{"_acf_changed":false},"libro":[],"product_brand":[],"product_cat":[30],"product_tag":[],"class_list":{"0":"post-110702","1":"product","2":"type-product","3":"status-publish","4":"has-post-thumbnail","6":"product_cat-desarrollo-personal-y-autoconocimiento","8":"first","9":"instock","10":"shipping-taxable","11":"product-type-simple"},"acf":{"autor":[110701],"enlace_de_compra":"https:\/\/www.amazon.es\/Arca-Desarrollo-personal-Antonio-Navarro\/dp\/B0G59756MV\/ref=sr_1_1?__mk_es_ES=%C3%85M%C3%85%C5%BD%C3%95%C3%91&crid=6YNYJ02D01OM&dib=eyJ2IjoiMSJ9.ANvMEAGXTmtkeYQgIUZ-Iw.z0DFb6Wl39y4oY0yKJPQZbOiq-13FAxPOTUWgamiwnM&dib_tag=se&keywords=arca+9791370123956&qid=1767358285&sprefix=arca+9791370123956%2Caps%2C272&sr=8-1"},"yoast_head":"<!-- This site is optimized with the Yoast SEO plugin v27.4 - https:\/\/yoast.com\/product\/yoast-seo-wordpress\/ -->\n<title>Arca - Catalogo | Letrame Grupo Editorial<\/title>\n<meta name=\"robots\" content=\"index, follow, max-snippet:-1, max-image-preview:large, max-video-preview:-1\" \/>\n<link rel=\"canonical\" href=\"https:\/\/letrame.com\/catalogo\/producto\/arca\/\" \/>\n<meta property=\"og:locale\" content=\"es_ES\" \/>\n<meta property=\"og:type\" content=\"article\" \/>\n<meta property=\"og:title\" content=\"Arca - Catalogo | Letrame Grupo Editorial\" \/>\n<meta property=\"og:description\" content=\"ISBN: 979-13-7012-395-6 SINOPSIS \u00bfY si el fin del mundo no fuera una tragedia... sino una oportunidad para despertar? En medio de una cat\u00e1strofe inminente, Noak, abuelo, sabio y alma del Proyecto Arca, tiene una misi\u00f3n muy importante: formar seres humanos capaces de vivir desde el amor, al asumir la voluntad y la conciencia. A trav\u00e9s de su relaci\u00f3n entra\u00f1able con su nieta Madal, y de conversaciones que mezclan ternura, filosof\u00eda y revelaciones, Arca nos invita a reescribir lo que entendemos por educaci\u00f3n, evoluci\u00f3n y prop\u00f3sito. Noak no quiere salvar a la humanidad, contribuye para que la humanidad celebre la vida. Antonio Navarro ha creado, en esencia, un manual espiritual disfrazado de ficci\u00f3n, una historia intergeneracional que siembra preguntas, transforma conceptos y conmueve hasta los huesos. Aqu\u00ed no hay h\u00e9roes, hay seres humanos aprendiendo a recordar lo que ya saben. Una lectura que no se termina cuando cierras el libro, porque el verdadero viaje empieza en quien se atreve a leerse por dentro.\" \/>\n<meta property=\"og:url\" content=\"https:\/\/letrame.com\/catalogo\/producto\/arca\/\" \/>\n<meta property=\"og:site_name\" content=\"Catalogo | Letrame Grupo Editorial\" \/>\n<meta property=\"og:image\" content=\"https:\/\/letrame.com\/catalogo\/wp-content\/uploads\/2026\/01\/arca_767mm4-scaled.jpg\" \/>\n\t<meta property=\"og:image:width\" content=\"1745\" \/>\n\t<meta property=\"og:image:height\" content=\"2560\" \/>\n\t<meta property=\"og:image:type\" content=\"image\/jpeg\" \/>\n<meta name=\"twitter:card\" content=\"summary_large_image\" \/>\n<meta name=\"twitter:label1\" content=\"Tiempo de lectura\" \/>\n\t<meta name=\"twitter:data1\" content=\"1 minuto\" \/>\n<script type=\"application\/ld+json\" class=\"yoast-schema-graph\">{\"@context\":\"https:\\\/\\\/schema.org\",\"@graph\":[{\"@type\":\"WebPage\",\"@id\":\"https:\\\/\\\/letrame.com\\\/catalogo\\\/producto\\\/arca\\\/\",\"url\":\"https:\\\/\\\/letrame.com\\\/catalogo\\\/producto\\\/arca\\\/\",\"name\":\"Arca - Catalogo | Letrame Grupo Editorial\",\"isPartOf\":{\"@id\":\"https:\\\/\\\/letrame.com\\\/catalogo\\\/#website\"},\"primaryImageOfPage\":{\"@id\":\"https:\\\/\\\/letrame.com\\\/catalogo\\\/producto\\\/arca\\\/#primaryimage\"},\"image\":{\"@id\":\"https:\\\/\\\/letrame.com\\\/catalogo\\\/producto\\\/arca\\\/#primaryimage\"},\"thumbnailUrl\":\"https:\\\/\\\/letrame.com\\\/catalogo\\\/wp-content\\\/uploads\\\/2026\\\/01\\\/arca_767mm4-scaled.jpg\",\"datePublished\":\"2026-01-02T12:56:32+00:00\",\"breadcrumb\":{\"@id\":\"https:\\\/\\\/letrame.com\\\/catalogo\\\/producto\\\/arca\\\/#breadcrumb\"},\"inLanguage\":\"es\",\"potentialAction\":[{\"@type\":\"ReadAction\",\"target\":[\"https:\\\/\\\/letrame.com\\\/catalogo\\\/producto\\\/arca\\\/\"]}]},{\"@type\":\"ImageObject\",\"inLanguage\":\"es\",\"@id\":\"https:\\\/\\\/letrame.com\\\/catalogo\\\/producto\\\/arca\\\/#primaryimage\",\"url\":\"https:\\\/\\\/letrame.com\\\/catalogo\\\/wp-content\\\/uploads\\\/2026\\\/01\\\/arca_767mm4-scaled.jpg\",\"contentUrl\":\"https:\\\/\\\/letrame.com\\\/catalogo\\\/wp-content\\\/uploads\\\/2026\\\/01\\\/arca_767mm4-scaled.jpg\",\"width\":1745,\"height\":2560},{\"@type\":\"BreadcrumbList\",\"@id\":\"https:\\\/\\\/letrame.com\\\/catalogo\\\/producto\\\/arca\\\/#breadcrumb\",\"itemListElement\":[{\"@type\":\"ListItem\",\"position\":1,\"name\":\"Portada\",\"item\":\"https:\\\/\\\/letrame.com\\\/catalogo\\\/\"},{\"@type\":\"ListItem\",\"position\":2,\"name\":\"Cat\u00e1logo\",\"item\":\"https:\\\/\\\/letrame.com\\\/catalogo\\\/\"},{\"@type\":\"ListItem\",\"position\":3,\"name\":\"Arca\"}]},{\"@type\":\"WebSite\",\"@id\":\"https:\\\/\\\/letrame.com\\\/catalogo\\\/#website\",\"url\":\"https:\\\/\\\/letrame.com\\\/catalogo\\\/\",\"name\":\"Catalogo | Letrame Grupo Editorial\",\"description\":\"\",\"publisher\":{\"@id\":\"https:\\\/\\\/letrame.com\\\/catalogo\\\/#organization\"},\"potentialAction\":[{\"@type\":\"SearchAction\",\"target\":{\"@type\":\"EntryPoint\",\"urlTemplate\":\"https:\\\/\\\/letrame.com\\\/catalogo\\\/?s={search_term_string}\"},\"query-input\":{\"@type\":\"PropertyValueSpecification\",\"valueRequired\":true,\"valueName\":\"search_term_string\"}}],\"inLanguage\":\"es\"},{\"@type\":\"Organization\",\"@id\":\"https:\\\/\\\/letrame.com\\\/catalogo\\\/#organization\",\"name\":\"Catalogo | Letrame Grupo Editorial\",\"url\":\"https:\\\/\\\/letrame.com\\\/catalogo\\\/\",\"logo\":{\"@type\":\"ImageObject\",\"inLanguage\":\"es\",\"@id\":\"https:\\\/\\\/letrame.com\\\/catalogo\\\/#\\\/schema\\\/logo\\\/image\\\/\",\"url\":\"https:\\\/\\\/letrame.com\\\/catalogo\\\/wp-content\\\/uploads\\\/2024\\\/03\\\/logo2.webp\",\"contentUrl\":\"https:\\\/\\\/letrame.com\\\/catalogo\\\/wp-content\\\/uploads\\\/2024\\\/03\\\/logo2.webp\",\"width\":394,\"height\":128,\"caption\":\"Catalogo | Letrame Grupo Editorial\"},\"image\":{\"@id\":\"https:\\\/\\\/letrame.com\\\/catalogo\\\/#\\\/schema\\\/logo\\\/image\\\/\"}}]}<\/script>\n<!-- \/ Yoast SEO plugin. -->","yoast_head_json":{"title":"Arca - Catalogo | Letrame Grupo Editorial","robots":{"index":"index","follow":"follow","max-snippet":"max-snippet:-1","max-image-preview":"max-image-preview:large","max-video-preview":"max-video-preview:-1"},"canonical":"https:\/\/letrame.com\/catalogo\/producto\/arca\/","og_locale":"es_ES","og_type":"article","og_title":"Arca - Catalogo | Letrame Grupo Editorial","og_description":"ISBN: 979-13-7012-395-6 SINOPSIS \u00bfY si el fin del mundo no fuera una tragedia... sino una oportunidad para despertar? En medio de una cat\u00e1strofe inminente, Noak, abuelo, sabio y alma del Proyecto Arca, tiene una misi\u00f3n muy importante: formar seres humanos capaces de vivir desde el amor, al asumir la voluntad y la conciencia. A trav\u00e9s de su relaci\u00f3n entra\u00f1able con su nieta Madal, y de conversaciones que mezclan ternura, filosof\u00eda y revelaciones, Arca nos invita a reescribir lo que entendemos por educaci\u00f3n, evoluci\u00f3n y prop\u00f3sito. Noak no quiere salvar a la humanidad, contribuye para que la humanidad celebre la vida. Antonio Navarro ha creado, en esencia, un manual espiritual disfrazado de ficci\u00f3n, una historia intergeneracional que siembra preguntas, transforma conceptos y conmueve hasta los huesos. Aqu\u00ed no hay h\u00e9roes, hay seres humanos aprendiendo a recordar lo que ya saben. Una lectura que no se termina cuando cierras el libro, porque el verdadero viaje empieza en quien se atreve a leerse por dentro.","og_url":"https:\/\/letrame.com\/catalogo\/producto\/arca\/","og_site_name":"Catalogo | Letrame Grupo Editorial","og_image":[{"width":1745,"height":2560,"url":"https:\/\/letrame.com\/catalogo\/wp-content\/uploads\/2026\/01\/arca_767mm4-scaled.jpg","type":"image\/jpeg"}],"twitter_card":"summary_large_image","twitter_misc":{"Tiempo de lectura":"1 minuto"},"schema":{"@context":"https:\/\/schema.org","@graph":[{"@type":"WebPage","@id":"https:\/\/letrame.com\/catalogo\/producto\/arca\/","url":"https:\/\/letrame.com\/catalogo\/producto\/arca\/","name":"Arca - Catalogo | Letrame Grupo Editorial","isPartOf":{"@id":"https:\/\/letrame.com\/catalogo\/#website"},"primaryImageOfPage":{"@id":"https:\/\/letrame.com\/catalogo\/producto\/arca\/#primaryimage"},"image":{"@id":"https:\/\/letrame.com\/catalogo\/producto\/arca\/#primaryimage"},"thumbnailUrl":"https:\/\/letrame.com\/catalogo\/wp-content\/uploads\/2026\/01\/arca_767mm4-scaled.jpg","datePublished":"2026-01-02T12:56:32+00:00","breadcrumb":{"@id":"https:\/\/letrame.com\/catalogo\/producto\/arca\/#breadcrumb"},"inLanguage":"es","potentialAction":[{"@type":"ReadAction","target":["https:\/\/letrame.com\/catalogo\/producto\/arca\/"]}]},{"@type":"ImageObject","inLanguage":"es","@id":"https:\/\/letrame.com\/catalogo\/producto\/arca\/#primaryimage","url":"https:\/\/letrame.com\/catalogo\/wp-content\/uploads\/2026\/01\/arca_767mm4-scaled.jpg","contentUrl":"https:\/\/letrame.com\/catalogo\/wp-content\/uploads\/2026\/01\/arca_767mm4-scaled.jpg","width":1745,"height":2560},{"@type":"BreadcrumbList","@id":"https:\/\/letrame.com\/catalogo\/producto\/arca\/#breadcrumb","itemListElement":[{"@type":"ListItem","position":1,"name":"Portada","item":"https:\/\/letrame.com\/catalogo\/"},{"@type":"ListItem","position":2,"name":"Cat\u00e1logo","item":"https:\/\/letrame.com\/catalogo\/"},{"@type":"ListItem","position":3,"name":"Arca"}]},{"@type":"WebSite","@id":"https:\/\/letrame.com\/catalogo\/#website","url":"https:\/\/letrame.com\/catalogo\/","name":"Catalogo | Letrame Grupo Editorial","description":"","publisher":{"@id":"https:\/\/letrame.com\/catalogo\/#organization"},"potentialAction":[{"@type":"SearchAction","target":{"@type":"EntryPoint","urlTemplate":"https:\/\/letrame.com\/catalogo\/?s={search_term_string}"},"query-input":{"@type":"PropertyValueSpecification","valueRequired":true,"valueName":"search_term_string"}}],"inLanguage":"es"},{"@type":"Organization","@id":"https:\/\/letrame.com\/catalogo\/#organization","name":"Catalogo | Letrame Grupo Editorial","url":"https:\/\/letrame.com\/catalogo\/","logo":{"@type":"ImageObject","inLanguage":"es","@id":"https:\/\/letrame.com\/catalogo\/#\/schema\/logo\/image\/","url":"https:\/\/letrame.com\/catalogo\/wp-content\/uploads\/2024\/03\/logo2.webp","contentUrl":"https:\/\/letrame.com\/catalogo\/wp-content\/uploads\/2024\/03\/logo2.webp","width":394,"height":128,"caption":"Catalogo | Letrame Grupo Editorial"},"image":{"@id":"https:\/\/letrame.com\/catalogo\/#\/schema\/logo\/image\/"}}]}},"_links":{"self":[{"href":"https:\/\/letrame.com\/catalogo\/wp-json\/wp\/v2\/product\/110702","targetHints":{"allow":["GET"]}}],"collection":[{"href":"https:\/\/letrame.com\/catalogo\/wp-json\/wp\/v2\/product"}],"about":[{"href":"https:\/\/letrame.com\/catalogo\/wp-json\/wp\/v2\/types\/product"}],"replies":[{"embeddable":true,"href":"https:\/\/letrame.com\/catalogo\/wp-json\/wp\/v2\/comments?post=110702"}],"acf:post":[{"embeddable":true,"href":"https:\/\/letrame.com\/catalogo\/wp-json\/wp\/v2\/author_book\/110701"}],"wp:featuredmedia":[{"embeddable":true,"href":"https:\/\/letrame.com\/catalogo\/wp-json\/wp\/v2\/media\/110707"}],"wp:attachment":[{"href":"https:\/\/letrame.com\/catalogo\/wp-json\/wp\/v2\/media?parent=110702"}],"wp:term":[{"taxonomy":"libro","embeddable":true,"href":"https:\/\/letrame.com\/catalogo\/wp-json\/wp\/v2\/libro?post=110702"},{"taxonomy":"product_brand","embeddable":true,"href":"https:\/\/letrame.com\/catalogo\/wp-json\/wp\/v2\/product_brand?post=110702"},{"taxonomy":"product_cat","embeddable":true,"href":"https:\/\/letrame.com\/catalogo\/wp-json\/wp\/v2\/product_cat?post=110702"},{"taxonomy":"product_tag","embeddable":true,"href":"https:\/\/letrame.com\/catalogo\/wp-json\/wp\/v2\/product_tag?post=110702"}],"curies":[{"name":"wp","href":"https:\/\/api.w.org\/{rel}","templated":true}]}}